{"id":9674,"date":"2025-12-07T14:03:16","date_gmt":"2025-12-07T13:03:16","guid":{"rendered":"https:\/\/bringflix.shop\/?post_type=product&#038;p=9674"},"modified":"2026-04-17T00:25:33","modified_gmt":"2026-04-16T22:25:33","slug":"meine-kuchenwelt-muffins-stracciatella-und-schoko-360g-2","status":"publish","type":"product","link":"https:\/\/bringflix.shop\/en\/Produkte\/meine-kuchenwelt-muffins-stracciatella-und-schoko-360g-2\/","title":{"rendered":"Meine Kuchenwelt Muffins Stracciatella und Schoko 360g"},"content":{"rendered":"<h3><b>Bezeichnung:<\/b><\/h3>\n<p>Schokoladen-R\u00fchrkuchen und R\u00fchrkuchen mit Vanillegeschmack, mit Schokoladenst\u00fccken Kakao: 45 % mindestens im Schokoladenanteil<\/p>\n<h3><b>Herkunft:<\/b><\/h3>\n<p>Deutschland<\/p>\n<h3><b>Konservierung und Lagerung:<\/b><\/h3>\n<p>Bitte trocken und dunkel bei Zimmertemperatur aufbewahren.<\/p>","protected":false},"excerpt":{"rendered":"<h3><b>Zutaten:<\/b><\/h3>\n<p>Mehl (Weizen-, Weizenmalz-), Zucker, Raps\u00f6l, H\u00fchnervollei, 11% Schokoladenst\u00fccke (Zucker, Kakaomasse, Kakaobutter, Emulgator: Sojalecithine; Vanilleextrakt), Stabilisatoren: Glycerin, Xanthan; 1,5% fettarmes Kakaopulver, S\u00fc\u00dfmolkenpulver, modifizierte Maisst\u00e4rke, Backtriebmittel: Dipnosphate, Natriumcarbonate, Calciumphosphate; Weizenst\u00e4ke, Speisesalz, Schokolade (enth\u00e4lt Milch, Soja), Emulgator: Mono- und Diglyceride von Speisefetts\u00e4uren; Weizeneiwei\u00df, Aroma, Magermilchpulver, Milcheiwei\u00df aus Bodenhaltung, Rainforest Alliance-zertifiziert<\/p>\n<h3><b>Allergene:<\/b><\/h3>\n<p>Kann Spuren von N\u00fcssen, anderen Schalenfr\u00fcchten und Sesam enthalten<\/p>\n<h3><b>N\u00e4hrwerte (je 100 g):<\/b><\/h3>\n<table>\n<tbody>\n<tr>\n<td>Energie<\/td>\n<td><span style=\"font-size: 16px;font-style: normal;font-weight: 400\">1853 kJ \/ 444 kcal<\/span><\/td>\n<\/tr>\n<tr>\n<td>Fett<\/td>\n<td>24 g<\/td>\n<\/tr>\n<tr>\n<td>&#8211; davon ges\u00e4ttigte Fetts\u00e4uren<\/td>\n<td>4,0 g<\/td>\n<\/tr>\n<tr>\n<td>Kohlenhydrate<\/td>\n<td>51 g<\/td>\n<\/tr>\n<tr>\n<td>&#8211; davon Zucker<\/td>\n<td>27 g<\/td>\n<\/tr>\n<tr>\n<td>Eiwei\u00df<\/td>\n<td>6,0 g<\/td>\n<\/tr>\n<tr>\n<td>Salz<\/td>\n<td>1,0 g<\/td>\n<\/tr>\n<\/tbody>\n<\/table>\n<p>&nbsp;<\/p>\n<p>&nbsp;<\/p>","protected":false},"featured_media":2157,"comment_status":"open","ping_status":"closed","template":"","meta":{"_acf_changed":false,"inline_featured_image":false,"site-sidebar-layout":"default","site-content-layout":"","ast-site-content-layout":"","site-content-style":"default","site-sidebar-style":"default","ast-global-header-display":"","ast-banner-title-visibility":"","ast-main-header-display":"","ast-hfb-above-header-display":"","ast-hfb-below-header-display":"","ast-hfb-mobile-header-display":"","site-post-title":"","ast-breadcrumbs-content":"","ast-featured-img":"","footer-sml-layout":"","theme-transparent-header-meta":"","adv-header-id-meta":"","stick-header-meta":"","header-above-stick-meta":"","header-main-stick-meta":"","header-below-stick-meta":"","astra-migrate-meta-layouts":"default","ast-page-background-enabled":"default","ast-page-background-meta":{"desktop":{"background-color":"var(--ast-global-color-4)","background-image":"","background-repeat":"repeat","background-position":"center center","background-size":"auto","background-attachment":"scroll","background-type":"","background-media":"","overlay-type":"","overlay-color":"","overlay-opacity":"","overlay-gradient":""},"tablet":{"background-color":"","background-image":"","background-repeat":"repeat","background-position":"center center","background-size":"auto","background-attachment":"scroll","background-type":"","background-media":"","overlay-type":"","overlay-color":"","overlay-opacity":"","overlay-gradient":""},"mobile":{"background-color":"","background-image":"","background-repeat":"repeat","background-position":"center center","background-size":"auto","background-attachment":"scroll","background-type":"","background-media":"","overlay-type":"","overlay-color":"","overlay-opacity":"","overlay-gradient":""}},"ast-content-background-meta":{"desktop":{"background-color":"var(--ast-global-color-5)","background-image":"","background-repeat":"repeat","background-position":"center center","background-size":"auto","background-attachment":"scroll","background-type":"","background-media":"","overlay-type":"","overlay-color":"","overlay-opacity":"","overlay-gradient":""},"tablet":{"background-color":"var(--ast-global-color-5)","background-image":"","background-repeat":"repeat","background-position":"center center","background-size":"auto","background-attachment":"scroll","background-type":"","background-media":"","overlay-type":"","overlay-color":"","overlay-opacity":"","overlay-gradient":""},"mobile":{"background-color":"var(--ast-global-color-5)","background-image":"","background-repeat":"repeat","background-position":"center center","background-size":"auto","background-attachment":"scroll","background-type":"","background-media":"","overlay-type":"","overlay-color":"","overlay-opacity":"","overlay-gradient":""}}},"product_brand":[],"product_cat":[220],"product_tag":[],"class_list":{"0":"post-9674","1":"product","2":"type-product","3":"status-publish","4":"has-post-thumbnail","6":"product_cat-zweite-wahl-mhd-produkte","7":"out-of-stock","8":"desktop-align-left","9":"tablet-align-left","10":"mobile-align-left","12":"first","13":"outofstock","14":"taxable","15":"shipping-taxable","16":"purchasable","17":"product-type-simple"},"acf":[],"yoast_head":"<!-- This site is optimized with the Yoast SEO plugin v24.5 - https:\/\/yoast.com\/wordpress\/plugins\/seo\/ -->\n<title>Meine Kuchenwelt Muffins Stracciatella und Schoko 360g - BringFlix<\/title>\n<meta name=\"robots\" content=\"index, follow, max-snippet:-1, max-image-preview:large, max-video-preview:-1\" \/>\n<link rel=\"canonical\" href=\"https:\/\/bringflix.shop\/en\/Produkte\/meine-kuchenwelt-muffins-stracciatella-und-schoko-360g-2\/\" \/>\n<meta property=\"og:locale\" content=\"en_US\" \/>\n<meta property=\"og:type\" content=\"article\" \/>\n<meta property=\"og:title\" content=\"Meine Kuchenwelt Muffins Stracciatella und Schoko 360g - BringFlix\" \/>\n<meta property=\"og:description\" content=\"Zutaten: Mehl (Weizen-, Weizenmalz-), Zucker, Raps\u00f6l, H\u00fchnervollei, 11% Schokoladenst\u00fccke (Zucker, Kakaomasse, Kakaobutter, Emulgator: Sojalecithine; Vanilleextrakt), Stabilisatoren: Glycerin, Xanthan; 1,5% fettarmes Kakaopulver, S\u00fc\u00dfmolkenpulver, modifizierte Maisst\u00e4rke, Backtriebmittel: Dipnosphate, Natriumcarbonate, Calciumphosphate; Weizenst\u00e4ke, Speisesalz, Schokolade (enth\u00e4lt Milch, Soja), Emulgator: Mono- und Diglyceride von Speisefetts\u00e4uren; Weizeneiwei\u00df, Aroma, Magermilchpulver, Milcheiwei\u00df aus Bodenhaltung, Rainforest Alliance-zertifiziert Allergene: Kann Spuren von N\u00fcssen, anderen Schalenfr\u00fcchten und Sesam enthalten N\u00e4hrwerte (je 100 g):  Energie 1853 kJ \/ 444 kcal  Fett 24 g  &#8211; davon ges\u00e4ttigte Fetts\u00e4uren 4,0 g  Kohlenhydrate 51 g  &#8211; davon Zucker 27 g  Eiwei\u00df 6,0 g  Salz 1,0 g  &nbsp; &nbsp;\" \/>\n<meta property=\"og:url\" content=\"https:\/\/bringflix.shop\/en\/Produkte\/meine-kuchenwelt-muffins-stracciatella-und-schoko-360g-2\/\" \/>\n<meta property=\"og:site_name\" content=\"BringFlix\" \/>\n<meta property=\"article:modified_time\" content=\"2026-04-16T22:25:33+00:00\" \/>\n<meta property=\"og:image\" content=\"https:\/\/bringflix.shop\/wp-content\/uploads\/2024\/12\/44_copy_600x600-1.png\" \/>\n\t<meta property=\"og:image:width\" content=\"600\" \/>\n\t<meta property=\"og:image:height\" content=\"600\" \/>\n\t<meta property=\"og:image:type\" content=\"image\/png\" \/>\n<meta name=\"twitter:card\" content=\"summary_large_image\" \/>\n<script type=\"application\/ld+json\" class=\"yoast-schema-graph\">{\"@context\":\"https:\/\/schema.org\",\"@graph\":[{\"@type\":\"WebPage\",\"@id\":\"https:\/\/bringflix.shop\/Produkte\/meine-kuchenwelt-muffins-stracciatella-und-schoko-360g-2\/\",\"url\":\"https:\/\/bringflix.shop\/Produkte\/meine-kuchenwelt-muffins-stracciatella-und-schoko-360g-2\/\",\"name\":\"Meine Kuchenwelt Muffins Stracciatella und Schoko 360g - BringFlix\",\"isPartOf\":{\"@id\":\"https:\/\/bringflix.shop\/#website\"},\"primaryImageOfPage\":{\"@id\":\"https:\/\/bringflix.shop\/Produkte\/meine-kuchenwelt-muffins-stracciatella-und-schoko-360g-2\/#primaryimage\"},\"image\":{\"@id\":\"https:\/\/bringflix.shop\/Produkte\/meine-kuchenwelt-muffins-stracciatella-und-schoko-360g-2\/#primaryimage\"},\"thumbnailUrl\":\"https:\/\/bringflix.shop\/wp-content\/uploads\/2024\/12\/44_copy_600x600-1.png\",\"datePublished\":\"2025-12-07T13:03:16+00:00\",\"dateModified\":\"2026-04-16T22:25:33+00:00\",\"breadcrumb\":{\"@id\":\"https:\/\/bringflix.shop\/Produkte\/meine-kuchenwelt-muffins-stracciatella-und-schoko-360g-2\/#breadcrumb\"},\"inLanguage\":\"en-US\",\"potentialAction\":[{\"@type\":\"ReadAction\",\"target\":[\"https:\/\/bringflix.shop\/Produkte\/meine-kuchenwelt-muffins-stracciatella-und-schoko-360g-2\/\"]}]},{\"@type\":\"ImageObject\",\"inLanguage\":\"en-US\",\"@id\":\"https:\/\/bringflix.shop\/Produkte\/meine-kuchenwelt-muffins-stracciatella-und-schoko-360g-2\/#primaryimage\",\"url\":\"https:\/\/bringflix.shop\/wp-content\/uploads\/2024\/12\/44_copy_600x600-1.png\",\"contentUrl\":\"https:\/\/bringflix.shop\/wp-content\/uploads\/2024\/12\/44_copy_600x600-1.png\",\"width\":600,\"height\":600},{\"@type\":\"BreadcrumbList\",\"@id\":\"https:\/\/bringflix.shop\/Produkte\/meine-kuchenwelt-muffins-stracciatella-und-schoko-360g-2\/#breadcrumb\",\"itemListElement\":[{\"@type\":\"ListItem\",\"position\":1,\"name\":\"Home\",\"item\":\"https:\/\/bringflix.shop\/\"},{\"@type\":\"ListItem\",\"position\":2,\"name\":\"Shop\",\"item\":\"https:\/\/bringflix.shop\/shop\/\"},{\"@type\":\"ListItem\",\"position\":3,\"name\":\"Meine Kuchenwelt Muffins Stracciatella und Schoko 360g\"}]},{\"@type\":\"WebSite\",\"@id\":\"https:\/\/bringflix.shop\/#website\",\"url\":\"https:\/\/bringflix.shop\/\",\"name\":\"BringFlix\",\"description\":\"\",\"publisher\":{\"@id\":\"https:\/\/bringflix.shop\/#organization\"},\"potentialAction\":[{\"@type\":\"SearchAction\",\"target\":{\"@type\":\"EntryPoint\",\"urlTemplate\":\"https:\/\/bringflix.shop\/?s={search_term_string}\"},\"query-input\":{\"@type\":\"PropertyValueSpecification\",\"valueRequired\":true,\"valueName\":\"search_term_string\"}}],\"inLanguage\":\"en-US\"},{\"@type\":\"Organization\",\"@id\":\"https:\/\/bringflix.shop\/#organization\",\"name\":\"BringFlix\",\"url\":\"https:\/\/bringflix.shop\/\",\"logo\":{\"@type\":\"ImageObject\",\"inLanguage\":\"en-US\",\"@id\":\"https:\/\/bringflix.shop\/#\/schema\/logo\/image\/\",\"url\":\"https:\/\/bringflix.shop\/wp-content\/uploads\/2024\/11\/logo-bring-flix.png\",\"contentUrl\":\"https:\/\/bringflix.shop\/wp-content\/uploads\/2024\/11\/logo-bring-flix.png\",\"width\":858,\"height\":316,\"caption\":\"BringFlix\"},\"image\":{\"@id\":\"https:\/\/bringflix.shop\/#\/schema\/logo\/image\/\"}}]}<\/script>\n<!-- \/ Yoast SEO plugin. -->","yoast_head_json":{"title":"Meine Kuchenwelt Muffins Stracciatella und Schoko 360g - BringFlix","robots":{"index":"index","follow":"follow","max-snippet":"max-snippet:-1","max-image-preview":"max-image-preview:large","max-video-preview":"max-video-preview:-1"},"canonical":"https:\/\/bringflix.shop\/en\/Produkte\/meine-kuchenwelt-muffins-stracciatella-und-schoko-360g-2\/","og_locale":"en_US","og_type":"article","og_title":"Meine Kuchenwelt Muffins Stracciatella und Schoko 360g - BringFlix","og_description":"Zutaten: Mehl (Weizen-, Weizenmalz-), Zucker, Raps\u00f6l, H\u00fchnervollei, 11% Schokoladenst\u00fccke (Zucker, Kakaomasse, Kakaobutter, Emulgator: Sojalecithine; Vanilleextrakt), Stabilisatoren: Glycerin, Xanthan; 1,5% fettarmes Kakaopulver, S\u00fc\u00dfmolkenpulver, modifizierte Maisst\u00e4rke, Backtriebmittel: Dipnosphate, Natriumcarbonate, Calciumphosphate; Weizenst\u00e4ke, Speisesalz, Schokolade (enth\u00e4lt Milch, Soja), Emulgator: Mono- und Diglyceride von Speisefetts\u00e4uren; Weizeneiwei\u00df, Aroma, Magermilchpulver, Milcheiwei\u00df aus Bodenhaltung, Rainforest Alliance-zertifiziert Allergene: Kann Spuren von N\u00fcssen, anderen Schalenfr\u00fcchten und Sesam enthalten N\u00e4hrwerte (je 100 g):  Energie 1853 kJ \/ 444 kcal  Fett 24 g  &#8211; davon ges\u00e4ttigte Fetts\u00e4uren 4,0 g  Kohlenhydrate 51 g  &#8211; davon Zucker 27 g  Eiwei\u00df 6,0 g  Salz 1,0 g  &nbsp; &nbsp;","og_url":"https:\/\/bringflix.shop\/en\/Produkte\/meine-kuchenwelt-muffins-stracciatella-und-schoko-360g-2\/","og_site_name":"BringFlix","article_modified_time":"2026-04-16T22:25:33+00:00","og_image":[{"width":600,"height":600,"url":"https:\/\/bringflix.shop\/wp-content\/uploads\/2024\/12\/44_copy_600x600-1.png","type":"image\/png"}],"twitter_card":"summary_large_image","schema":{"@context":"https:\/\/schema.org","@graph":[{"@type":"WebPage","@id":"https:\/\/bringflix.shop\/Produkte\/meine-kuchenwelt-muffins-stracciatella-und-schoko-360g-2\/","url":"https:\/\/bringflix.shop\/Produkte\/meine-kuchenwelt-muffins-stracciatella-und-schoko-360g-2\/","name":"Meine Kuchenwelt Muffins Stracciatella und Schoko 360g - BringFlix","isPartOf":{"@id":"https:\/\/bringflix.shop\/#website"},"primaryImageOfPage":{"@id":"https:\/\/bringflix.shop\/Produkte\/meine-kuchenwelt-muffins-stracciatella-und-schoko-360g-2\/#primaryimage"},"image":{"@id":"https:\/\/bringflix.shop\/Produkte\/meine-kuchenwelt-muffins-stracciatella-und-schoko-360g-2\/#primaryimage"},"thumbnailUrl":"https:\/\/bringflix.shop\/wp-content\/uploads\/2024\/12\/44_copy_600x600-1.png","datePublished":"2025-12-07T13:03:16+00:00","dateModified":"2026-04-16T22:25:33+00:00","breadcrumb":{"@id":"https:\/\/bringflix.shop\/Produkte\/meine-kuchenwelt-muffins-stracciatella-und-schoko-360g-2\/#breadcrumb"},"inLanguage":"en-US","potentialAction":[{"@type":"ReadAction","target":["https:\/\/bringflix.shop\/Produkte\/meine-kuchenwelt-muffins-stracciatella-und-schoko-360g-2\/"]}]},{"@type":"ImageObject","inLanguage":"en-US","@id":"https:\/\/bringflix.shop\/Produkte\/meine-kuchenwelt-muffins-stracciatella-und-schoko-360g-2\/#primaryimage","url":"https:\/\/bringflix.shop\/wp-content\/uploads\/2024\/12\/44_copy_600x600-1.png","contentUrl":"https:\/\/bringflix.shop\/wp-content\/uploads\/2024\/12\/44_copy_600x600-1.png","width":600,"height":600},{"@type":"BreadcrumbList","@id":"https:\/\/bringflix.shop\/Produkte\/meine-kuchenwelt-muffins-stracciatella-und-schoko-360g-2\/#breadcrumb","itemListElement":[{"@type":"ListItem","position":1,"name":"Home","item":"https:\/\/bringflix.shop\/"},{"@type":"ListItem","position":2,"name":"Shop","item":"https:\/\/bringflix.shop\/shop\/"},{"@type":"ListItem","position":3,"name":"Meine Kuchenwelt Muffins Stracciatella und Schoko 360g"}]},{"@type":"WebSite","@id":"https:\/\/bringflix.shop\/#website","url":"https:\/\/bringflix.shop\/","name":"BringFlix","description":"","publisher":{"@id":"https:\/\/bringflix.shop\/#organization"},"potentialAction":[{"@type":"SearchAction","target":{"@type":"EntryPoint","urlTemplate":"https:\/\/bringflix.shop\/?s={search_term_string}"},"query-input":{"@type":"PropertyValueSpecification","valueRequired":true,"valueName":"search_term_string"}}],"inLanguage":"en-US"},{"@type":"Organization","@id":"https:\/\/bringflix.shop\/#organization","name":"BringFlix","url":"https:\/\/bringflix.shop\/","logo":{"@type":"ImageObject","inLanguage":"en-US","@id":"https:\/\/bringflix.shop\/#\/schema\/logo\/image\/","url":"https:\/\/bringflix.shop\/wp-content\/uploads\/2024\/11\/logo-bring-flix.png","contentUrl":"https:\/\/bringflix.shop\/wp-content\/uploads\/2024\/11\/logo-bring-flix.png","width":858,"height":316,"caption":"BringFlix"},"image":{"@id":"https:\/\/bringflix.shop\/#\/schema\/logo\/image\/"}}]}},"jetpack_sharing_enabled":true,"_links":{"self":[{"href":"https:\/\/bringflix.shop\/en\/wp-json\/wp\/v2\/product\/9674","targetHints":{"allow":["GET"]}}],"collection":[{"href":"https:\/\/bringflix.shop\/en\/wp-json\/wp\/v2\/product"}],"about":[{"href":"https:\/\/bringflix.shop\/en\/wp-json\/wp\/v2\/types\/product"}],"replies":[{"embeddable":true,"href":"https:\/\/bringflix.shop\/en\/wp-json\/wp\/v2\/comments?post=9674"}],"wp:featuredmedia":[{"embeddable":true,"href":"https:\/\/bringflix.shop\/en\/wp-json\/wp\/v2\/media\/2157"}],"wp:attachment":[{"href":"https:\/\/bringflix.shop\/en\/wp-json\/wp\/v2\/media?parent=9674"}],"wp:term":[{"taxonomy":"product_brand","embeddable":true,"href":"https:\/\/bringflix.shop\/en\/wp-json\/wp\/v2\/product_brand?post=9674"},{"taxonomy":"product_cat","embeddable":true,"href":"https:\/\/bringflix.shop\/en\/wp-json\/wp\/v2\/product_cat?post=9674"},{"taxonomy":"product_tag","embeddable":true,"href":"https:\/\/bringflix.shop\/en\/wp-json\/wp\/v2\/product_tag?post=9674"}],"curies":[{"name":"wp","href":"https:\/\/api.w.org\/{rel}","templated":true}]}}