{"id":9324,"date":"2025-10-30T06:16:49","date_gmt":"2025-10-30T05:16:49","guid":{"rendered":"https:\/\/bringflix.shop\/?post_type=product&#038;p=9324"},"modified":"2026-04-29T23:35:18","modified_gmt":"2026-04-29T21:35:18","slug":"original-wagner-piccolinis-drei-kaese-270g","status":"publish","type":"product","link":"https:\/\/bringflix.shop\/en\/Produkte\/original-wagner-piccolinis-drei-kaese-270g\/","title":{"rendered":"Original Wagner Piccolinis Drei-K\u00e4se 270g"},"content":{"rendered":"<h3>Bezeichnung:<\/h3>\n<div class=\"pdpr-RegulatedProductName\">Mini Pizza belegt mit 3 K\u00e4sesorten und Sauerrahm Sauce, tiefgefroren.<\/div>\n<h3>Herkunft:<\/h3>\n<p>Deutschland<\/p>\n<h3>Konservierung und Lagerung:<\/h3>\n<p>Bei -18\u00b0C (***Fach oder Tiefk\u00fchltruhe) mindestens haltbar bis Ende: Siehe Seitenlasche. Information: Nach dem Auftauen nicht wieder einfrieren.<\/p>\n<h3>Hersteller-\/Inverkehrbringer:<\/h3>\n<p>Original Wagner Pizza GmbH, In den Schemeln 4, D-66620 Nonnweiler<\/p>\n<h3>Anwendungsempfehlung:<\/h3>\n<ol>\n<li>Backofen vorheizen. Bis zum Aufbacken gefroren aufbewahren. Ober-\/Unterhitze: 220\u00b0C, Hei\u00dfluft: 200\u00b0C, Gas: 4 [FR\/UK:6]. 2. Folie entfernen. 3. Tiefgek\u00fchlte Pizza auf dem Rost im unteren Drittel des Backofens backen. Backzeit: 11-14 Min. Stellen Sie sicher, dass das Produkt vor dem Verzehr vollst\u00e4ndig durcherhitzt ist.<\/li>\n<\/ol>","protected":false},"excerpt":{"rendered":"<h3 class=\"pdpr-Attribute__label\">Zutaten:<\/h3>\n<p>WEIZENMEHL, K\u00c4SE (26%) (schnittfester MOZZARELLA, EDAMER, EMMENTALER), SAUERRAHM (18%), Wasser, Raps\u00f6l, Hefe, Salz, WEIZENSAUERTEIG getrocknet, Zucker, St\u00e4rke, Knoblauch, Gew\u00fcrze, Petersilie. Kann enthalten: EI, FISCH, LUPINE, SELLERIE, SENF und SOJA.<\/p>\n<h3>Allergene:<\/h3>\n<p>Weizenmehl, Mozzarella, Weizensauerteig<\/p>\n<h3>N\u00e4hrwerte (je 100 g):<\/h3>\n<table class=\"pdsr-Table pdpr-NutritionTable\">\n<tbody>\n<tr class=\"pdsr-Table--Row\">\n<td class=\"pdsr-Table--Cell--Highlight\">Energie<\/td>\n<td>1.217 kJ<\/td>\n<\/tr>\n<tr class=\"pdsr-Table--Row\">\n<td class=\"pdsr-Table--Cell--Highlight\">Energie<\/td>\n<td>291 kcal<\/td>\n<\/tr>\n<tr class=\"pdsr-Table--Row\">\n<td class=\"pdsr-Table--Cell--Highlight\">Fett<\/td>\n<td>13,7 g<\/td>\n<\/tr>\n<tr class=\"pdsr-Table--Row\">\n<td class=\"pdsr-Table--Cell--Highlight\">Fett, davon ges\u00e4ttigte Fetts\u00e4uren<\/td>\n<td>7 g<\/td>\n<\/tr>\n<tr class=\"pdsr-Table--Row\">\n<td class=\"pdsr-Table--Cell--Highlight\">Kohlenhydrate<\/td>\n<td>28,9 g<\/td>\n<\/tr>\n<tr class=\"pdsr-Table--Row\">\n<td class=\"pdsr-Table--Cell--Highlight\">Kohlenhydrate, davon Zucker<\/td>\n<td>3,3 g<\/td>\n<\/tr>\n<tr class=\"pdsr-Table--Row\">\n<td class=\"pdsr-Table--Cell--Highlight\">Ballaststoffe<\/td>\n<td>1,5 g<\/td>\n<\/tr>\n<tr class=\"pdsr-Table--Row\">\n<td class=\"pdsr-Table--Cell--Highlight\">Eiwei\u00df<\/td>\n<td>12,1 g<\/td>\n<\/tr>\n<tr class=\"pdsr-Table--Row\">\n<td class=\"pdsr-Table--Cell--Highlight\">Salz<\/td>\n<td>1,1 g<\/td>\n<\/tr>\n<\/tbody>\n<\/table>\n<p>&nbsp;<\/p>\n<p>&nbsp;<\/p>\n<p>&nbsp;<\/p>","protected":false},"featured_media":11124,"comment_status":"open","ping_status":"closed","template":"","meta":{"_acf_changed":false,"inline_featured_image":false,"site-sidebar-layout":"default","site-content-layout":"","ast-site-content-layout":"default","site-content-style":"default","site-sidebar-style":"default","ast-global-header-display":"","ast-banner-title-visibility":"","ast-main-header-display":"","ast-hfb-above-header-display":"","ast-hfb-below-header-display":"","ast-hfb-mobile-header-display":"","site-post-title":"","ast-breadcrumbs-content":"","ast-featured-img":"","footer-sml-layout":"","theme-transparent-header-meta":"default","adv-header-id-meta":"","stick-header-meta":"","header-above-stick-meta":"","header-main-stick-meta":"","header-below-stick-meta":"","astra-migrate-meta-layouts":"set","ast-page-background-enabled":"default","ast-page-background-meta":{"desktop":{"background-color":"var(--ast-global-color-4)","background-image":"","background-repeat":"repeat","background-position":"center center","background-size":"auto","background-attachment":"scroll","background-type":"","background-media":"","overlay-type":"","overlay-color":"","overlay-opacity":"","overlay-gradient":""},"tablet":{"background-color":"","background-image":"","background-repeat":"repeat","background-position":"center center","background-size":"auto","background-attachment":"scroll","background-type":"","background-media":"","overlay-type":"","overlay-color":"","overlay-opacity":"","overlay-gradient":""},"mobile":{"background-color":"","background-image":"","background-repeat":"repeat","background-position":"center center","background-size":"auto","background-attachment":"scroll","background-type":"","background-media":"","overlay-type":"","overlay-color":"","overlay-opacity":"","overlay-gradient":""}},"ast-content-background-meta":{"desktop":{"background-color":"var(--ast-global-color-5)","background-image":"","background-repeat":"repeat","background-position":"center center","background-size":"auto","background-attachment":"scroll","background-type":"","background-media":"","overlay-type":"","overlay-color":"","overlay-opacity":"","overlay-gradient":""},"tablet":{"background-color":"var(--ast-global-color-5)","background-image":"","background-repeat":"repeat","background-position":"center center","background-size":"auto","background-attachment":"scroll","background-type":"","background-media":"","overlay-type":"","overlay-color":"","overlay-opacity":"","overlay-gradient":""},"mobile":{"background-color":"var(--ast-global-color-5)","background-image":"","background-repeat":"repeat","background-position":"center center","background-size":"auto","background-attachment":"scroll","background-type":"","background-media":"","overlay-type":"","overlay-color":"","overlay-opacity":"","overlay-gradient":""}}},"product_brand":[],"product_cat":[50,49],"product_tag":[],"class_list":{"0":"post-9324","1":"product","2":"type-product","3":"status-publish","4":"has-post-thumbnail","6":"product_cat-pizza","7":"product_cat-tiefkuehlung","8":"desktop-align-left","9":"tablet-align-left","10":"mobile-align-left","12":"first","13":"instock","14":"taxable","15":"shipping-taxable","16":"purchasable","17":"product-type-simple"},"acf":[],"yoast_head":"<!-- This site is optimized with the Yoast SEO plugin v24.5 - https:\/\/yoast.com\/wordpress\/plugins\/seo\/ -->\n<title>Original Wagner Piccolinis Drei-K\u00e4se 270g - BringFlix<\/title>\n<meta name=\"robots\" content=\"index, follow, max-snippet:-1, max-image-preview:large, max-video-preview:-1\" \/>\n<link rel=\"canonical\" href=\"https:\/\/bringflix.shop\/en\/Produkte\/original-wagner-piccolinis-drei-kaese-270g\/\" \/>\n<meta property=\"og:locale\" content=\"en_US\" \/>\n<meta property=\"og:type\" content=\"article\" \/>\n<meta property=\"og:title\" content=\"Original Wagner Piccolinis Drei-K\u00e4se 270g - BringFlix\" \/>\n<meta property=\"og:description\" content=\"Zutaten: WEIZENMEHL, K\u00c4SE (26%) (schnittfester MOZZARELLA, EDAMER, EMMENTALER), SAUERRAHM (18%), Wasser, Raps\u00f6l, Hefe, Salz, WEIZENSAUERTEIG getrocknet, Zucker, St\u00e4rke, Knoblauch, Gew\u00fcrze, Petersilie. Kann enthalten: EI, FISCH, LUPINE, SELLERIE, SENF und SOJA. Allergene: Weizenmehl, Mozzarella, Weizensauerteig N\u00e4hrwerte (je 100 g):    Energie 1.217 kJ   Energie 291 kcal   Fett 13,7 g   Fett, davon ges\u00e4ttigte Fetts\u00e4uren 7 g   Kohlenhydrate 28,9 g   Kohlenhydrate, davon Zucker 3,3 g   Ballaststoffe 1,5 g   Eiwei\u00df 12,1 g   Salz 1,1 g    &nbsp;  &nbsp;  &nbsp;\" \/>\n<meta property=\"og:url\" content=\"https:\/\/bringflix.shop\/en\/Produkte\/original-wagner-piccolinis-drei-kaese-270g\/\" \/>\n<meta property=\"og:site_name\" content=\"BringFlix\" \/>\n<meta property=\"article:modified_time\" content=\"2026-04-29T21:35:18+00:00\" \/>\n<meta property=\"og:image\" content=\"https:\/\/bringflix.shop\/wp-content\/uploads\/2025\/10\/1000123584.png\" \/>\n\t<meta property=\"og:image:width\" content=\"1000\" \/>\n\t<meta property=\"og:image:height\" content=\"1000\" \/>\n\t<meta property=\"og:image:type\" content=\"image\/png\" \/>\n<meta name=\"twitter:card\" content=\"summary_large_image\" \/>\n<meta name=\"twitter:label1\" content=\"Est. reading time\" \/>\n\t<meta name=\"twitter:data1\" content=\"1 minute\" \/>\n<script type=\"application\/ld+json\" class=\"yoast-schema-graph\">{\"@context\":\"https:\/\/schema.org\",\"@graph\":[{\"@type\":\"WebPage\",\"@id\":\"https:\/\/bringflix.shop\/Produkte\/original-wagner-piccolinis-drei-kaese-270g\/\",\"url\":\"https:\/\/bringflix.shop\/Produkte\/original-wagner-piccolinis-drei-kaese-270g\/\",\"name\":\"Original Wagner Piccolinis Drei-K\u00e4se 270g - BringFlix\",\"isPartOf\":{\"@id\":\"https:\/\/bringflix.shop\/#website\"},\"primaryImageOfPage\":{\"@id\":\"https:\/\/bringflix.shop\/Produkte\/original-wagner-piccolinis-drei-kaese-270g\/#primaryimage\"},\"image\":{\"@id\":\"https:\/\/bringflix.shop\/Produkte\/original-wagner-piccolinis-drei-kaese-270g\/#primaryimage\"},\"thumbnailUrl\":\"https:\/\/bringflix.shop\/wp-content\/uploads\/2025\/10\/1000123584.png\",\"datePublished\":\"2025-10-30T05:16:49+00:00\",\"dateModified\":\"2026-04-29T21:35:18+00:00\",\"breadcrumb\":{\"@id\":\"https:\/\/bringflix.shop\/Produkte\/original-wagner-piccolinis-drei-kaese-270g\/#breadcrumb\"},\"inLanguage\":\"en-US\",\"potentialAction\":[{\"@type\":\"ReadAction\",\"target\":[\"https:\/\/bringflix.shop\/Produkte\/original-wagner-piccolinis-drei-kaese-270g\/\"]}]},{\"@type\":\"ImageObject\",\"inLanguage\":\"en-US\",\"@id\":\"https:\/\/bringflix.shop\/Produkte\/original-wagner-piccolinis-drei-kaese-270g\/#primaryimage\",\"url\":\"https:\/\/bringflix.shop\/wp-content\/uploads\/2025\/10\/1000123584.png\",\"contentUrl\":\"https:\/\/bringflix.shop\/wp-content\/uploads\/2025\/10\/1000123584.png\",\"width\":1000,\"height\":1000},{\"@type\":\"BreadcrumbList\",\"@id\":\"https:\/\/bringflix.shop\/Produkte\/original-wagner-piccolinis-drei-kaese-270g\/#breadcrumb\",\"itemListElement\":[{\"@type\":\"ListItem\",\"position\":1,\"name\":\"Home\",\"item\":\"https:\/\/bringflix.shop\/\"},{\"@type\":\"ListItem\",\"position\":2,\"name\":\"Shop\",\"item\":\"https:\/\/bringflix.shop\/shop\/\"},{\"@type\":\"ListItem\",\"position\":3,\"name\":\"Original Wagner Piccolinis Drei-K\u00e4se 270g\"}]},{\"@type\":\"WebSite\",\"@id\":\"https:\/\/bringflix.shop\/#website\",\"url\":\"https:\/\/bringflix.shop\/\",\"name\":\"BringFlix\",\"description\":\"\",\"publisher\":{\"@id\":\"https:\/\/bringflix.shop\/#organization\"},\"potentialAction\":[{\"@type\":\"SearchAction\",\"target\":{\"@type\":\"EntryPoint\",\"urlTemplate\":\"https:\/\/bringflix.shop\/?s={search_term_string}\"},\"query-input\":{\"@type\":\"PropertyValueSpecification\",\"valueRequired\":true,\"valueName\":\"search_term_string\"}}],\"inLanguage\":\"en-US\"},{\"@type\":\"Organization\",\"@id\":\"https:\/\/bringflix.shop\/#organization\",\"name\":\"BringFlix\",\"url\":\"https:\/\/bringflix.shop\/\",\"logo\":{\"@type\":\"ImageObject\",\"inLanguage\":\"en-US\",\"@id\":\"https:\/\/bringflix.shop\/#\/schema\/logo\/image\/\",\"url\":\"https:\/\/bringflix.shop\/wp-content\/uploads\/2024\/11\/logo-bring-flix.png\",\"contentUrl\":\"https:\/\/bringflix.shop\/wp-content\/uploads\/2024\/11\/logo-bring-flix.png\",\"width\":858,\"height\":316,\"caption\":\"BringFlix\"},\"image\":{\"@id\":\"https:\/\/bringflix.shop\/#\/schema\/logo\/image\/\"}}]}<\/script>\n<!-- \/ Yoast SEO plugin. -->","yoast_head_json":{"title":"Original Wagner Piccolinis Drei-K\u00e4se 270g - BringFlix","robots":{"index":"index","follow":"follow","max-snippet":"max-snippet:-1","max-image-preview":"max-image-preview:large","max-video-preview":"max-video-preview:-1"},"canonical":"https:\/\/bringflix.shop\/en\/Produkte\/original-wagner-piccolinis-drei-kaese-270g\/","og_locale":"en_US","og_type":"article","og_title":"Original Wagner Piccolinis Drei-K\u00e4se 270g - BringFlix","og_description":"Zutaten: WEIZENMEHL, K\u00c4SE (26%) (schnittfester MOZZARELLA, EDAMER, EMMENTALER), SAUERRAHM (18%), Wasser, Raps\u00f6l, Hefe, Salz, WEIZENSAUERTEIG getrocknet, Zucker, St\u00e4rke, Knoblauch, Gew\u00fcrze, Petersilie. Kann enthalten: EI, FISCH, LUPINE, SELLERIE, SENF und SOJA. Allergene: Weizenmehl, Mozzarella, Weizensauerteig N\u00e4hrwerte (je 100 g):    Energie 1.217 kJ   Energie 291 kcal   Fett 13,7 g   Fett, davon ges\u00e4ttigte Fetts\u00e4uren 7 g   Kohlenhydrate 28,9 g   Kohlenhydrate, davon Zucker 3,3 g   Ballaststoffe 1,5 g   Eiwei\u00df 12,1 g   Salz 1,1 g    &nbsp;  &nbsp;  &nbsp;","og_url":"https:\/\/bringflix.shop\/en\/Produkte\/original-wagner-piccolinis-drei-kaese-270g\/","og_site_name":"BringFlix","article_modified_time":"2026-04-29T21:35:18+00:00","og_image":[{"width":1000,"height":1000,"url":"https:\/\/bringflix.shop\/wp-content\/uploads\/2025\/10\/1000123584.png","type":"image\/png"}],"twitter_card":"summary_large_image","twitter_misc":{"Est. reading time":"1 minute"},"schema":{"@context":"https:\/\/schema.org","@graph":[{"@type":"WebPage","@id":"https:\/\/bringflix.shop\/Produkte\/original-wagner-piccolinis-drei-kaese-270g\/","url":"https:\/\/bringflix.shop\/Produkte\/original-wagner-piccolinis-drei-kaese-270g\/","name":"Original Wagner Piccolinis Drei-K\u00e4se 270g - BringFlix","isPartOf":{"@id":"https:\/\/bringflix.shop\/#website"},"primaryImageOfPage":{"@id":"https:\/\/bringflix.shop\/Produkte\/original-wagner-piccolinis-drei-kaese-270g\/#primaryimage"},"image":{"@id":"https:\/\/bringflix.shop\/Produkte\/original-wagner-piccolinis-drei-kaese-270g\/#primaryimage"},"thumbnailUrl":"https:\/\/bringflix.shop\/wp-content\/uploads\/2025\/10\/1000123584.png","datePublished":"2025-10-30T05:16:49+00:00","dateModified":"2026-04-29T21:35:18+00:00","breadcrumb":{"@id":"https:\/\/bringflix.shop\/Produkte\/original-wagner-piccolinis-drei-kaese-270g\/#breadcrumb"},"inLanguage":"en-US","potentialAction":[{"@type":"ReadAction","target":["https:\/\/bringflix.shop\/Produkte\/original-wagner-piccolinis-drei-kaese-270g\/"]}]},{"@type":"ImageObject","inLanguage":"en-US","@id":"https:\/\/bringflix.shop\/Produkte\/original-wagner-piccolinis-drei-kaese-270g\/#primaryimage","url":"https:\/\/bringflix.shop\/wp-content\/uploads\/2025\/10\/1000123584.png","contentUrl":"https:\/\/bringflix.shop\/wp-content\/uploads\/2025\/10\/1000123584.png","width":1000,"height":1000},{"@type":"BreadcrumbList","@id":"https:\/\/bringflix.shop\/Produkte\/original-wagner-piccolinis-drei-kaese-270g\/#breadcrumb","itemListElement":[{"@type":"ListItem","position":1,"name":"Home","item":"https:\/\/bringflix.shop\/"},{"@type":"ListItem","position":2,"name":"Shop","item":"https:\/\/bringflix.shop\/shop\/"},{"@type":"ListItem","position":3,"name":"Original Wagner Piccolinis Drei-K\u00e4se 270g"}]},{"@type":"WebSite","@id":"https:\/\/bringflix.shop\/#website","url":"https:\/\/bringflix.shop\/","name":"BringFlix","description":"","publisher":{"@id":"https:\/\/bringflix.shop\/#organization"},"potentialAction":[{"@type":"SearchAction","target":{"@type":"EntryPoint","urlTemplate":"https:\/\/bringflix.shop\/?s={search_term_string}"},"query-input":{"@type":"PropertyValueSpecification","valueRequired":true,"valueName":"search_term_string"}}],"inLanguage":"en-US"},{"@type":"Organization","@id":"https:\/\/bringflix.shop\/#organization","name":"BringFlix","url":"https:\/\/bringflix.shop\/","logo":{"@type":"ImageObject","inLanguage":"en-US","@id":"https:\/\/bringflix.shop\/#\/schema\/logo\/image\/","url":"https:\/\/bringflix.shop\/wp-content\/uploads\/2024\/11\/logo-bring-flix.png","contentUrl":"https:\/\/bringflix.shop\/wp-content\/uploads\/2024\/11\/logo-bring-flix.png","width":858,"height":316,"caption":"BringFlix"},"image":{"@id":"https:\/\/bringflix.shop\/#\/schema\/logo\/image\/"}}]}},"jetpack_sharing_enabled":true,"_links":{"self":[{"href":"https:\/\/bringflix.shop\/en\/wp-json\/wp\/v2\/product\/9324","targetHints":{"allow":["GET"]}}],"collection":[{"href":"https:\/\/bringflix.shop\/en\/wp-json\/wp\/v2\/product"}],"about":[{"href":"https:\/\/bringflix.shop\/en\/wp-json\/wp\/v2\/types\/product"}],"replies":[{"embeddable":true,"href":"https:\/\/bringflix.shop\/en\/wp-json\/wp\/v2\/comments?post=9324"}],"wp:featuredmedia":[{"embeddable":true,"href":"https:\/\/bringflix.shop\/en\/wp-json\/wp\/v2\/media\/11124"}],"wp:attachment":[{"href":"https:\/\/bringflix.shop\/en\/wp-json\/wp\/v2\/media?parent=9324"}],"wp:term":[{"taxonomy":"product_brand","embeddable":true,"href":"https:\/\/bringflix.shop\/en\/wp-json\/wp\/v2\/product_brand?post=9324"},{"taxonomy":"product_cat","embeddable":true,"href":"https:\/\/bringflix.shop\/en\/wp-json\/wp\/v2\/product_cat?post=9324"},{"taxonomy":"product_tag","embeddable":true,"href":"https:\/\/bringflix.shop\/en\/wp-json\/wp\/v2\/product_tag?post=9324"}],"curies":[{"name":"wp","href":"https:\/\/api.w.org\/{rel}","templated":true}]}}