{"id":9314,"date":"2025-10-30T05:53:38","date_gmt":"2025-10-30T04:53:38","guid":{"rendered":"https:\/\/bringflix.shop\/?post_type=product&#038;p=9314"},"modified":"2026-04-24T22:11:39","modified_gmt":"2026-04-24T20:11:39","slug":"kelloggs-choco-krispies-chocos-420g","status":"publish","type":"product","link":"https:\/\/bringflix.shop\/en\/Produkte\/kelloggs-choco-krispies-chocos-420g\/","title":{"rendered":"Kellogg&#8217;s Choco Krispies Chocos 420g"},"content":{"rendered":"<h3><b>Bezeichnung:<\/b><\/h3>\n<p>Knusprige Getreidekost mit Schokoladengeschmack.<\/p>\n<h3><b>Herkunft:<\/b><\/h3>\n<p>Europ\u00e4ische Union<\/p>\n<h3><b>Konservierung und Lagerung:<\/b><\/h3>\n<p>K\u00fchl und trocken lagern.<\/p>\n<h3><b>Hersteller-\/Inverkehrbringer:<\/b><\/h3>\n<p>Kellogg Europe Trading Limited, Three, Dublin Airport Central, Dublin Airport, Dublin, Ireland, K67 Y7E5<\/p>\n<p>&nbsp;<\/p>","protected":false},"excerpt":{"rendered":"<div class=\"pdpr-Attribute\">\n<div class=\"pdpr-Attribute\">\n<div class=\"pdpr-Attribute\">\n<h3 class=\"pdpr-Attribute__label\">Zutaten:<\/h3>\n<p>WEIZENMEHL (72%), Zucker, Schokoladenpulver (10%)(Zucker, Kakaopulver), fettarmes Kakaopulver, Glukosesirup, Salz, nat\u00fcrliches Aroma, Zimt.Kann enthalten:Gluten anderer Getreidesorten, Soja<\/p>\n<\/div>\n<div class=\"pdpr-Attribute\">\n<h3 class=\"pdpr-Attribute__label\">Allergenhinweise:<\/h3>\n<p>Enth\u00e4lt: Glutenhaltiges Getreide und glutenhaltige Getreideerzeugnisse. Weizen und Weizenerzeugnisse (glutenhaltiges Getreide). Kann enthalten: Soja und Sojaerzeugnisse.<\/p>\n<\/div>\n<\/div>\n<\/div>\n<div><\/div>\n<h3><b>N\u00e4hrwerte (je 100 g):<\/b><\/h3>\n<table class=\"pdsr-Table pdpr-NutritionTable\">\n<tbody>\n<tr class=\"pdsr-Table--Row\">\n<td class=\"pdsr-Table--Cell--Highlight\">Energie<\/td>\n<td>1.608 kJ<\/td>\n<\/tr>\n<tr class=\"pdsr-Table--Row\">\n<td class=\"pdsr-Table--Cell--Highlight\">Energie<\/td>\n<td>380 kcal<\/td>\n<\/tr>\n<tr class=\"pdsr-Table--Row\">\n<td class=\"pdsr-Table--Cell--Highlight\">Fett<\/td>\n<td>2,2 g<\/td>\n<\/tr>\n<tr class=\"pdsr-Table--Row\">\n<td class=\"pdsr-Table--Cell--Highlight\">Fett, davon ges\u00e4ttigte Fetts\u00e4uren<\/td>\n<td>1 g<\/td>\n<\/tr>\n<tr class=\"pdsr-Table--Row\">\n<td class=\"pdsr-Table--Cell--Highlight\">Kohlenhydrate<\/td>\n<td>77 g<\/td>\n<\/tr>\n<tr class=\"pdsr-Table--Row\">\n<td class=\"pdsr-Table--Cell--Highlight\">Kohlenhydrate, davon Zucker<\/td>\n<td>22 g<\/td>\n<\/tr>\n<tr class=\"pdsr-Table--Row\">\n<td class=\"pdsr-Table--Cell--Highlight\">Ballaststoffe<\/td>\n<td>6 g<\/td>\n<\/tr>\n<tr class=\"pdsr-Table--Row\">\n<td class=\"pdsr-Table--Cell--Highlight\">Eiwei\u00df<\/td>\n<td>10 g<\/td>\n<\/tr>\n<tr class=\"pdsr-Table--Row\">\n<td class=\"pdsr-Table--Cell--Highlight\">Salz<\/td>\n<td>0,67 g<\/td>\n<\/tr>\n<\/tbody>\n<\/table>\n<p>&nbsp;<\/p>\n<p>&nbsp;<\/p>","protected":false},"featured_media":9336,"comment_status":"open","ping_status":"closed","template":"","meta":{"_acf_changed":false,"inline_featured_image":false,"site-sidebar-layout":"default","site-content-layout":"","ast-site-content-layout":"default","site-content-style":"default","site-sidebar-style":"default","ast-global-header-display":"","ast-banner-title-visibility":"","ast-main-header-display":"","ast-hfb-above-header-display":"","ast-hfb-below-header-display":"","ast-hfb-mobile-header-display":"","site-post-title":"","ast-breadcrumbs-content":"","ast-featured-img":"","footer-sml-layout":"","theme-transparent-header-meta":"default","adv-header-id-meta":"","stick-header-meta":"","header-above-stick-meta":"","header-main-stick-meta":"","header-below-stick-meta":"","astra-migrate-meta-layouts":"set","ast-page-background-enabled":"default","ast-page-background-meta":{"desktop":{"background-color":"var(--ast-global-color-4)","background-image":"","background-repeat":"repeat","background-position":"center center","background-size":"auto","background-attachment":"scroll","background-type":"","background-media":"","overlay-type":"","overlay-color":"","overlay-opacity":"","overlay-gradient":""},"tablet":{"background-color":"","background-image":"","background-repeat":"repeat","background-position":"center center","background-size":"auto","background-attachment":"scroll","background-type":"","background-media":"","overlay-type":"","overlay-color":"","overlay-opacity":"","overlay-gradient":""},"mobile":{"background-color":"","background-image":"","background-repeat":"repeat","background-position":"center center","background-size":"auto","background-attachment":"scroll","background-type":"","background-media":"","overlay-type":"","overlay-color":"","overlay-opacity":"","overlay-gradient":""}},"ast-content-background-meta":{"desktop":{"background-color":"var(--ast-global-color-5)","background-image":"","background-repeat":"repeat","background-position":"center center","background-size":"auto","background-attachment":"scroll","background-type":"","background-media":"","overlay-type":"","overlay-color":"","overlay-opacity":"","overlay-gradient":""},"tablet":{"background-color":"var(--ast-global-color-5)","background-image":"","background-repeat":"repeat","background-position":"center center","background-size":"auto","background-attachment":"scroll","background-type":"","background-media":"","overlay-type":"","overlay-color":"","overlay-opacity":"","overlay-gradient":""},"mobile":{"background-color":"var(--ast-global-color-5)","background-image":"","background-repeat":"repeat","background-position":"center center","background-size":"auto","background-attachment":"scroll","background-type":"","background-media":"","overlay-type":"","overlay-color":"","overlay-opacity":"","overlay-gradient":""}}},"product_brand":[],"product_cat":[33,30],"product_tag":[],"class_list":{"0":"post-9314","1":"product","2":"type-product","3":"status-publish","4":"has-post-thumbnail","6":"product_cat-brot-aufstriche-cerealien-co","7":"product_cat-trockensortiment","8":"desktop-align-left","9":"tablet-align-left","10":"mobile-align-left","12":"first","13":"instock","14":"taxable","15":"shipping-taxable","16":"purchasable","17":"product-type-simple"},"acf":[],"yoast_head":"<!-- This site is optimized with the Yoast SEO plugin v24.5 - https:\/\/yoast.com\/wordpress\/plugins\/seo\/ -->\n<title>Kellogg&#039;s Choco Krispies Chocos 420g - BringFlix<\/title>\n<meta name=\"robots\" content=\"index, follow, max-snippet:-1, max-image-preview:large, max-video-preview:-1\" \/>\n<link rel=\"canonical\" href=\"https:\/\/bringflix.shop\/en\/Produkte\/kelloggs-choco-krispies-chocos-420g\/\" \/>\n<meta property=\"og:locale\" content=\"en_US\" \/>\n<meta property=\"og:type\" content=\"article\" \/>\n<meta property=\"og:title\" content=\"Kellogg&#039;s Choco Krispies Chocos 420g - BringFlix\" \/>\n<meta property=\"og:description\" content=\"Zutaten: WEIZENMEHL (72%), Zucker, Schokoladenpulver (10%)(Zucker, Kakaopulver), fettarmes Kakaopulver, Glukosesirup, Salz, nat\u00fcrliches Aroma, Zimt.Kann enthalten:Gluten anderer Getreidesorten, Soja    Allergenhinweise: Enth\u00e4lt: Glutenhaltiges Getreide und glutenhaltige Getreideerzeugnisse. Weizen und Weizenerzeugnisse (glutenhaltiges Getreide). Kann enthalten: Soja und Sojaerzeugnisse.      N\u00e4hrwerte (je 100 g):    Energie 1.608 kJ   Energie 380 kcal   Fett 2,2 g   Fett, davon ges\u00e4ttigte Fetts\u00e4uren 1 g   Kohlenhydrate 77 g   Kohlenhydrate, davon Zucker 22 g   Ballaststoffe 6 g   Eiwei\u00df 10 g   Salz 0,67 g    &nbsp;  &nbsp;\" \/>\n<meta property=\"og:url\" content=\"https:\/\/bringflix.shop\/en\/Produkte\/kelloggs-choco-krispies-chocos-420g\/\" \/>\n<meta property=\"og:site_name\" content=\"BringFlix\" \/>\n<meta property=\"article:modified_time\" content=\"2026-04-24T20:11:39+00:00\" \/>\n<meta name=\"twitter:card\" content=\"summary_large_image\" \/>\n<meta name=\"twitter:label1\" content=\"Est. reading time\" \/>\n\t<meta name=\"twitter:data1\" content=\"1 minute\" \/>\n<script type=\"application\/ld+json\" class=\"yoast-schema-graph\">{\"@context\":\"https:\/\/schema.org\",\"@graph\":[{\"@type\":\"WebPage\",\"@id\":\"https:\/\/bringflix.shop\/Produkte\/kelloggs-choco-krispies-chocos-420g\/\",\"url\":\"https:\/\/bringflix.shop\/Produkte\/kelloggs-choco-krispies-chocos-420g\/\",\"name\":\"Kellogg's Choco Krispies Chocos 420g - BringFlix\",\"isPartOf\":{\"@id\":\"https:\/\/bringflix.shop\/#website\"},\"primaryImageOfPage\":{\"@id\":\"https:\/\/bringflix.shop\/Produkte\/kelloggs-choco-krispies-chocos-420g\/#primaryimage\"},\"image\":{\"@id\":\"https:\/\/bringflix.shop\/Produkte\/kelloggs-choco-krispies-chocos-420g\/#primaryimage\"},\"thumbnailUrl\":\"https:\/\/bringflix.shop\/wp-content\/uploads\/2025\/10\/1000118553.png\",\"datePublished\":\"2025-10-30T04:53:38+00:00\",\"dateModified\":\"2026-04-24T20:11:39+00:00\",\"breadcrumb\":{\"@id\":\"https:\/\/bringflix.shop\/Produkte\/kelloggs-choco-krispies-chocos-420g\/#breadcrumb\"},\"inLanguage\":\"en-US\",\"potentialAction\":[{\"@type\":\"ReadAction\",\"target\":[\"https:\/\/bringflix.shop\/Produkte\/kelloggs-choco-krispies-chocos-420g\/\"]}]},{\"@type\":\"ImageObject\",\"inLanguage\":\"en-US\",\"@id\":\"https:\/\/bringflix.shop\/Produkte\/kelloggs-choco-krispies-chocos-420g\/#primaryimage\",\"url\":\"https:\/\/bringflix.shop\/wp-content\/uploads\/2025\/10\/1000118553.png\",\"contentUrl\":\"https:\/\/bringflix.shop\/wp-content\/uploads\/2025\/10\/1000118553.png\",\"width\":600,\"height\":600},{\"@type\":\"BreadcrumbList\",\"@id\":\"https:\/\/bringflix.shop\/Produkte\/kelloggs-choco-krispies-chocos-420g\/#breadcrumb\",\"itemListElement\":[{\"@type\":\"ListItem\",\"position\":1,\"name\":\"Home\",\"item\":\"https:\/\/bringflix.shop\/\"},{\"@type\":\"ListItem\",\"position\":2,\"name\":\"Shop\",\"item\":\"https:\/\/bringflix.shop\/shop\/\"},{\"@type\":\"ListItem\",\"position\":3,\"name\":\"Kellogg&#8217;s Choco Krispies Chocos 420g\"}]},{\"@type\":\"WebSite\",\"@id\":\"https:\/\/bringflix.shop\/#website\",\"url\":\"https:\/\/bringflix.shop\/\",\"name\":\"BringFlix\",\"description\":\"\",\"publisher\":{\"@id\":\"https:\/\/bringflix.shop\/#organization\"},\"potentialAction\":[{\"@type\":\"SearchAction\",\"target\":{\"@type\":\"EntryPoint\",\"urlTemplate\":\"https:\/\/bringflix.shop\/?s={search_term_string}\"},\"query-input\":{\"@type\":\"PropertyValueSpecification\",\"valueRequired\":true,\"valueName\":\"search_term_string\"}}],\"inLanguage\":\"en-US\"},{\"@type\":\"Organization\",\"@id\":\"https:\/\/bringflix.shop\/#organization\",\"name\":\"BringFlix\",\"url\":\"https:\/\/bringflix.shop\/\",\"logo\":{\"@type\":\"ImageObject\",\"inLanguage\":\"en-US\",\"@id\":\"https:\/\/bringflix.shop\/#\/schema\/logo\/image\/\",\"url\":\"https:\/\/bringflix.shop\/wp-content\/uploads\/2024\/11\/logo-bring-flix.png\",\"contentUrl\":\"https:\/\/bringflix.shop\/wp-content\/uploads\/2024\/11\/logo-bring-flix.png\",\"width\":858,\"height\":316,\"caption\":\"BringFlix\"},\"image\":{\"@id\":\"https:\/\/bringflix.shop\/#\/schema\/logo\/image\/\"}}]}<\/script>\n<!-- \/ Yoast SEO plugin. -->","yoast_head_json":{"title":"Kellogg's Choco Krispies Chocos 420g - BringFlix","robots":{"index":"index","follow":"follow","max-snippet":"max-snippet:-1","max-image-preview":"max-image-preview:large","max-video-preview":"max-video-preview:-1"},"canonical":"https:\/\/bringflix.shop\/en\/Produkte\/kelloggs-choco-krispies-chocos-420g\/","og_locale":"en_US","og_type":"article","og_title":"Kellogg's Choco Krispies Chocos 420g - BringFlix","og_description":"Zutaten: WEIZENMEHL (72%), Zucker, Schokoladenpulver (10%)(Zucker, Kakaopulver), fettarmes Kakaopulver, Glukosesirup, Salz, nat\u00fcrliches Aroma, Zimt.Kann enthalten:Gluten anderer Getreidesorten, Soja    Allergenhinweise: Enth\u00e4lt: Glutenhaltiges Getreide und glutenhaltige Getreideerzeugnisse. Weizen und Weizenerzeugnisse (glutenhaltiges Getreide). Kann enthalten: Soja und Sojaerzeugnisse.      N\u00e4hrwerte (je 100 g):    Energie 1.608 kJ   Energie 380 kcal   Fett 2,2 g   Fett, davon ges\u00e4ttigte Fetts\u00e4uren 1 g   Kohlenhydrate 77 g   Kohlenhydrate, davon Zucker 22 g   Ballaststoffe 6 g   Eiwei\u00df 10 g   Salz 0,67 g    &nbsp;  &nbsp;","og_url":"https:\/\/bringflix.shop\/en\/Produkte\/kelloggs-choco-krispies-chocos-420g\/","og_site_name":"BringFlix","article_modified_time":"2026-04-24T20:11:39+00:00","twitter_card":"summary_large_image","twitter_misc":{"Est. reading time":"1 minute"},"schema":{"@context":"https:\/\/schema.org","@graph":[{"@type":"WebPage","@id":"https:\/\/bringflix.shop\/Produkte\/kelloggs-choco-krispies-chocos-420g\/","url":"https:\/\/bringflix.shop\/Produkte\/kelloggs-choco-krispies-chocos-420g\/","name":"Kellogg's Choco Krispies Chocos 420g - BringFlix","isPartOf":{"@id":"https:\/\/bringflix.shop\/#website"},"primaryImageOfPage":{"@id":"https:\/\/bringflix.shop\/Produkte\/kelloggs-choco-krispies-chocos-420g\/#primaryimage"},"image":{"@id":"https:\/\/bringflix.shop\/Produkte\/kelloggs-choco-krispies-chocos-420g\/#primaryimage"},"thumbnailUrl":"https:\/\/bringflix.shop\/wp-content\/uploads\/2025\/10\/1000118553.png","datePublished":"2025-10-30T04:53:38+00:00","dateModified":"2026-04-24T20:11:39+00:00","breadcrumb":{"@id":"https:\/\/bringflix.shop\/Produkte\/kelloggs-choco-krispies-chocos-420g\/#breadcrumb"},"inLanguage":"en-US","potentialAction":[{"@type":"ReadAction","target":["https:\/\/bringflix.shop\/Produkte\/kelloggs-choco-krispies-chocos-420g\/"]}]},{"@type":"ImageObject","inLanguage":"en-US","@id":"https:\/\/bringflix.shop\/Produkte\/kelloggs-choco-krispies-chocos-420g\/#primaryimage","url":"https:\/\/bringflix.shop\/wp-content\/uploads\/2025\/10\/1000118553.png","contentUrl":"https:\/\/bringflix.shop\/wp-content\/uploads\/2025\/10\/1000118553.png","width":600,"height":600},{"@type":"BreadcrumbList","@id":"https:\/\/bringflix.shop\/Produkte\/kelloggs-choco-krispies-chocos-420g\/#breadcrumb","itemListElement":[{"@type":"ListItem","position":1,"name":"Home","item":"https:\/\/bringflix.shop\/"},{"@type":"ListItem","position":2,"name":"Shop","item":"https:\/\/bringflix.shop\/shop\/"},{"@type":"ListItem","position":3,"name":"Kellogg&#8217;s Choco Krispies Chocos 420g"}]},{"@type":"WebSite","@id":"https:\/\/bringflix.shop\/#website","url":"https:\/\/bringflix.shop\/","name":"BringFlix","description":"","publisher":{"@id":"https:\/\/bringflix.shop\/#organization"},"potentialAction":[{"@type":"SearchAction","target":{"@type":"EntryPoint","urlTemplate":"https:\/\/bringflix.shop\/?s={search_term_string}"},"query-input":{"@type":"PropertyValueSpecification","valueRequired":true,"valueName":"search_term_string"}}],"inLanguage":"en-US"},{"@type":"Organization","@id":"https:\/\/bringflix.shop\/#organization","name":"BringFlix","url":"https:\/\/bringflix.shop\/","logo":{"@type":"ImageObject","inLanguage":"en-US","@id":"https:\/\/bringflix.shop\/#\/schema\/logo\/image\/","url":"https:\/\/bringflix.shop\/wp-content\/uploads\/2024\/11\/logo-bring-flix.png","contentUrl":"https:\/\/bringflix.shop\/wp-content\/uploads\/2024\/11\/logo-bring-flix.png","width":858,"height":316,"caption":"BringFlix"},"image":{"@id":"https:\/\/bringflix.shop\/#\/schema\/logo\/image\/"}}]}},"jetpack_sharing_enabled":true,"_links":{"self":[{"href":"https:\/\/bringflix.shop\/en\/wp-json\/wp\/v2\/product\/9314","targetHints":{"allow":["GET"]}}],"collection":[{"href":"https:\/\/bringflix.shop\/en\/wp-json\/wp\/v2\/product"}],"about":[{"href":"https:\/\/bringflix.shop\/en\/wp-json\/wp\/v2\/types\/product"}],"replies":[{"embeddable":true,"href":"https:\/\/bringflix.shop\/en\/wp-json\/wp\/v2\/comments?post=9314"}],"wp:featuredmedia":[{"embeddable":true,"href":"https:\/\/bringflix.shop\/en\/wp-json\/wp\/v2\/media\/9336"}],"wp:attachment":[{"href":"https:\/\/bringflix.shop\/en\/wp-json\/wp\/v2\/media?parent=9314"}],"wp:term":[{"taxonomy":"product_brand","embeddable":true,"href":"https:\/\/bringflix.shop\/en\/wp-json\/wp\/v2\/product_brand?post=9314"},{"taxonomy":"product_cat","embeddable":true,"href":"https:\/\/bringflix.shop\/en\/wp-json\/wp\/v2\/product_cat?post=9314"},{"taxonomy":"product_tag","embeddable":true,"href":"https:\/\/bringflix.shop\/en\/wp-json\/wp\/v2\/product_tag?post=9314"}],"curies":[{"name":"wp","href":"https:\/\/api.w.org\/{rel}","templated":true}]}}