{"id":8850,"date":"2025-09-24T01:59:35","date_gmt":"2025-09-23T23:59:35","guid":{"rendered":"https:\/\/bringflix.shop\/?post_type=product&#038;p=8850"},"modified":"2026-04-16T19:25:28","modified_gmt":"2026-04-16T17:25:28","slug":"gustavo-gusto-pizza-salami-schinken-455g","status":"publish","type":"product","link":"https:\/\/bringflix.shop\/en\/Produkte\/gustavo-gusto-pizza-salami-schinken-455g\/","title":{"rendered":"Gustavo Gusto Pizza Salami &#038; Schinken 455g"},"content":{"rendered":"<h3>Bezeichnung:<\/h3>\n<p>Steinofenpizza nach italienischer Art mit Tomatenso\u00dfe (19%), laktosefreiem, schnittfestem Mozzarella (19%), Rindersalami (5%), pikanter Rindersalami (1%), gekochtem Hinterschinken (5%) und roten Zwiebeln (5%), teilweise vorgebacken und tiefgefroren.<\/p>\n<p>Information: *Laktosegehalt &lt;0,1 g\/100g<\/p>\n<h3>Herkunft:<\/h3>\n<p>Deutschland<\/p>\n<h3>Konservierung und Lagerung:<\/h3>\n<p>Bei -18\u00b0C (***Fach oder Tiefk\u00fchltruhe) mindestens haltbar bis Ende: siehe Seitenlasche.<br \/>\nInformation: Nach dem Auftauen nicht wieder einfrieren.<\/p>\n<h3>Hersteller-\/Inverkehrbringer:<\/h3>\n<p>Gustavo Gusto GmbH &amp; Co. KG, B\u00f6hmerwaldstra\u00dfe 55 D-82538 Geretsried<\/p>\n<h3 class=\"pdpr-Attribute__label\">Aufbewahrungshinweise:<\/h3>\n<p><strong>Information<\/strong>: Hinweise: Nur durchgebacken verzehren. Nur so erhalten Sie ein sicheres Lebensmittel. Nach dem Auftauen nicht wieder einfrieren.<\/p>\n<p>AUFBEWAHRUNG:<br \/>\nIm K\u00fchlschrank +7\u00b0C 1 Tag<br \/>\n***-Fach oder Tiefk\u00fchltruhe -18\u00b0C siehe Kartonseite<br \/>\nUnge\u00f6ffnet mindestens haltbar bis: Siehe Kartonseite<\/p>\n<h3 class=\"pdpr-Attribute__label\">Verwendungshinweise:<\/h3>\n<p>Nur durchgebacken verzehren. Nur so erhalten Sie ein sicheres Lebensmittel. Nach dem Auftauen nicht wieder einfrieren.<\/p>","protected":false},"excerpt":{"rendered":"<h3>Zutaten:<\/h3>\n<p>46% Teig (WEIZENMEHL, Wasser, natives Oliven\u00f6l extra, Salz, Frischbackhefe), 19% Tomatenso\u00dfe (gehackte Tomaten, Tomatenp\u00fcree, Wasser, Salz, natives Oliven\u00f6l extra, Gew\u00fcrze), 19% laktosefreier, schnittfester Mozzarella*** (pasteurisierte KUHMILCH, Salz, mikrobieller Labaustauschstoff, Milchs\u00e4urebakterienkulturen), 6% Rindfleisch, 5% Schweinefleisch, 5% rote Zwiebeln, 0,4% Rinderfett, Gew\u00fcrze, Gew\u00fcrzextrakte, Speisew\u00fcrze, Chili, Salz, Dextrose, nat\u00fcrliche Aromen, Rauch, Reifekulturen.<br \/>\n***Laktosegehalt &lt;0,1 g\/100 g<br \/>\nKann Spuren von Eiern, Fisch, Soja, Sellerie, Lupine und Senf enthalten.<\/p>\n<h3>Allergene:<\/h3>\n<p>Enth\u00e4lt: Weizen und Weizenerzeugnisse (glutenhaltiges Getreide). Milch und Milcherzeugnisse (einschlie\u00dflich Lactose). Kann enthalten: Eier und Eierzeugnisse. Fisch und Fischerzeugnisse. Soja und Sojaerzeugnisse. Sellerie und Sellerieerzeugnisse. Senf- und Senferzeugnisse. Lupine und Lupinenerzeugnisse.<\/p>\n<h3>N\u00e4hrwerte (je 100 g):<\/h3>\n<table class=\"pdsr-Table pdpr-NutritionTable\">\n<tbody>\n<tr class=\"pdsr-Table--Row\">\n<td class=\"pdsr-Table--Cell--Highlight\">Energie<\/td>\n<td>866 kJ<\/td>\n<\/tr>\n<tr class=\"pdsr-Table--Row\">\n<td class=\"pdsr-Table--Cell--Highlight\">Energie<\/td>\n<td>206 kcal<\/td>\n<\/tr>\n<tr class=\"pdsr-Table--Row\">\n<td class=\"pdsr-Table--Cell--Highlight\">Fett<\/td>\n<td>6,6 g<\/td>\n<\/tr>\n<tr class=\"pdsr-Table--Row\">\n<td class=\"pdsr-Table--Cell--Highlight\">Fett, davon ges\u00e4ttigte Fetts\u00e4uren<\/td>\n<td>3,4 g<\/td>\n<\/tr>\n<tr class=\"pdsr-Table--Row\">\n<td class=\"pdsr-Table--Cell--Highlight\">Kohlenhydrate<\/td>\n<td>25 g<\/td>\n<\/tr>\n<tr class=\"pdsr-Table--Row\">\n<td class=\"pdsr-Table--Cell--Highlight\">Kohlenhydrate, davon Zucker<\/td>\n<td>3,1 g<\/td>\n<\/tr>\n<tr class=\"pdsr-Table--Row\">\n<td class=\"pdsr-Table--Cell--Highlight\">Ballaststoffe<\/td>\n<td>2,9 g<\/td>\n<\/tr>\n<tr class=\"pdsr-Table--Row\">\n<td class=\"pdsr-Table--Cell--Highlight\">Eiwei\u00df<\/td>\n<td>9,9 g<\/td>\n<\/tr>\n<tr class=\"pdsr-Table--Row\">\n<td class=\"pdsr-Table--Cell--Highlight\">Salz<\/td>\n<td>1,5 g<\/td>\n<\/tr>\n<\/tbody>\n<\/table>\n<p>&nbsp;<\/p>","protected":false},"featured_media":9105,"comment_status":"open","ping_status":"closed","template":"","meta":{"_acf_changed":false,"inline_featured_image":false,"site-sidebar-layout":"default","site-content-layout":"","ast-site-content-layout":"default","site-content-style":"default","site-sidebar-style":"default","ast-global-header-display":"","ast-banner-title-visibility":"","ast-main-header-display":"","ast-hfb-above-header-display":"","ast-hfb-below-header-display":"","ast-hfb-mobile-header-display":"","site-post-title":"","ast-breadcrumbs-content":"","ast-featured-img":"","footer-sml-layout":"","theme-transparent-header-meta":"default","adv-header-id-meta":"","stick-header-meta":"","header-above-stick-meta":"","header-main-stick-meta":"","header-below-stick-meta":"","astra-migrate-meta-layouts":"set","ast-page-background-enabled":"default","ast-page-background-meta":{"desktop":{"background-color":"var(--ast-global-color-4)","background-image":"","background-repeat":"repeat","background-position":"center center","background-size":"auto","background-attachment":"scroll","background-type":"","background-media":"","overlay-type":"","overlay-color":"","overlay-opacity":"","overlay-gradient":""},"tablet":{"background-color":"","background-image":"","background-repeat":"repeat","background-position":"center center","background-size":"auto","background-attachment":"scroll","background-type":"","background-media":"","overlay-type":"","overlay-color":"","overlay-opacity":"","overlay-gradient":""},"mobile":{"background-color":"","background-image":"","background-repeat":"repeat","background-position":"center center","background-size":"auto","background-attachment":"scroll","background-type":"","background-media":"","overlay-type":"","overlay-color":"","overlay-opacity":"","overlay-gradient":""}},"ast-content-background-meta":{"desktop":{"background-color":"var(--ast-global-color-5)","background-image":"","background-repeat":"repeat","background-position":"center center","background-size":"auto","background-attachment":"scroll","background-type":"","background-media":"","overlay-type":"","overlay-color":"","overlay-opacity":"","overlay-gradient":""},"tablet":{"background-color":"var(--ast-global-color-5)","background-image":"","background-repeat":"repeat","background-position":"center center","background-size":"auto","background-attachment":"scroll","background-type":"","background-media":"","overlay-type":"","overlay-color":"","overlay-opacity":"","overlay-gradient":""},"mobile":{"background-color":"var(--ast-global-color-5)","background-image":"","background-repeat":"repeat","background-position":"center center","background-size":"auto","background-attachment":"scroll","background-type":"","background-media":"","overlay-type":"","overlay-color":"","overlay-opacity":"","overlay-gradient":""}}},"product_brand":[],"product_cat":[50,49],"product_tag":[],"class_list":{"0":"post-8850","1":"product","2":"type-product","3":"status-publish","4":"has-post-thumbnail","6":"product_cat-pizza","7":"product_cat-tiefkuehlung","8":"desktop-align-left","9":"tablet-align-left","10":"mobile-align-left","12":"first","13":"instock","14":"featured","15":"taxable","16":"shipping-taxable","17":"purchasable","18":"product-type-simple"},"acf":[],"yoast_head":"<!-- This site is optimized with the Yoast SEO plugin v24.5 - https:\/\/yoast.com\/wordpress\/plugins\/seo\/ -->\n<title>Gustavo Gusto Pizza Salami &amp; Schinken 455g - BringFlix<\/title>\n<meta name=\"robots\" content=\"index, follow, max-snippet:-1, max-image-preview:large, max-video-preview:-1\" \/>\n<link rel=\"canonical\" href=\"https:\/\/bringflix.shop\/en\/Produkte\/gustavo-gusto-pizza-salami-schinken-455g\/\" \/>\n<meta property=\"og:locale\" content=\"en_US\" \/>\n<meta property=\"og:type\" content=\"article\" \/>\n<meta property=\"og:title\" content=\"Gustavo Gusto Pizza Salami &amp; Schinken 455g - BringFlix\" \/>\n<meta property=\"og:description\" content=\"Zutaten: 46% Teig (WEIZENMEHL, Wasser, natives Oliven\u00f6l extra, Salz, Frischbackhefe), 19% Tomatenso\u00dfe (gehackte Tomaten, Tomatenp\u00fcree, Wasser, Salz, natives Oliven\u00f6l extra, Gew\u00fcrze), 19% laktosefreier, schnittfester Mozzarella*** (pasteurisierte KUHMILCH, Salz, mikrobieller Labaustauschstoff, Milchs\u00e4urebakterienkulturen), 6% Rindfleisch, 5% Schweinefleisch, 5% rote Zwiebeln, 0,4% Rinderfett, Gew\u00fcrze, Gew\u00fcrzextrakte, Speisew\u00fcrze, Chili, Salz, Dextrose, nat\u00fcrliche Aromen, Rauch, Reifekulturen. ***Laktosegehalt &lt;0,1 g\/100 g Kann Spuren von Eiern, Fisch, Soja, Sellerie, Lupine und Senf enthalten. Allergene: Enth\u00e4lt: Weizen und Weizenerzeugnisse (glutenhaltiges Getreide). Milch und Milcherzeugnisse (einschlie\u00dflich Lactose). Kann enthalten: Eier und Eierzeugnisse. Fisch und Fischerzeugnisse. Soja und Sojaerzeugnisse. Sellerie und Sellerieerzeugnisse. Senf- und Senferzeugnisse. Lupine und Lupinenerzeugnisse. N\u00e4hrwerte (je 100 g):    Energie 866 kJ   Energie 206 kcal   Fett 6,6 g   Fett, davon ges\u00e4ttigte Fetts\u00e4uren 3,4 g   Kohlenhydrate 25 g   Kohlenhydrate, davon Zucker 3,1 g   Ballaststoffe 2,9 g   Eiwei\u00df 9,9 g   Salz 1,5 g    &nbsp;\" \/>\n<meta property=\"og:url\" content=\"https:\/\/bringflix.shop\/en\/Produkte\/gustavo-gusto-pizza-salami-schinken-455g\/\" \/>\n<meta property=\"og:site_name\" content=\"BringFlix\" \/>\n<meta property=\"article:modified_time\" content=\"2026-04-16T17:25:28+00:00\" \/>\n<meta property=\"og:image\" content=\"https:\/\/bringflix.shop\/wp-content\/uploads\/2025\/10\/Photoroom-20251011_073211_16_copy_600x600.png\" \/>\n\t<meta property=\"og:image:width\" content=\"600\" \/>\n\t<meta property=\"og:image:height\" content=\"600\" \/>\n\t<meta property=\"og:image:type\" content=\"image\/png\" \/>\n<meta name=\"twitter:card\" content=\"summary_large_image\" \/>\n<meta name=\"twitter:label1\" content=\"Est. reading time\" \/>\n\t<meta name=\"twitter:data1\" content=\"1 minute\" \/>\n<script type=\"application\/ld+json\" class=\"yoast-schema-graph\">{\"@context\":\"https:\/\/schema.org\",\"@graph\":[{\"@type\":\"WebPage\",\"@id\":\"https:\/\/bringflix.shop\/Produkte\/gustavo-gusto-pizza-salami-schinken-455g\/\",\"url\":\"https:\/\/bringflix.shop\/Produkte\/gustavo-gusto-pizza-salami-schinken-455g\/\",\"name\":\"Gustavo Gusto Pizza Salami & Schinken 455g - BringFlix\",\"isPartOf\":{\"@id\":\"https:\/\/bringflix.shop\/#website\"},\"primaryImageOfPage\":{\"@id\":\"https:\/\/bringflix.shop\/Produkte\/gustavo-gusto-pizza-salami-schinken-455g\/#primaryimage\"},\"image\":{\"@id\":\"https:\/\/bringflix.shop\/Produkte\/gustavo-gusto-pizza-salami-schinken-455g\/#primaryimage\"},\"thumbnailUrl\":\"https:\/\/bringflix.shop\/wp-content\/uploads\/2025\/10\/Photoroom-20251011_073211_16_copy_600x600.png\",\"datePublished\":\"2025-09-23T23:59:35+00:00\",\"dateModified\":\"2026-04-16T17:25:28+00:00\",\"breadcrumb\":{\"@id\":\"https:\/\/bringflix.shop\/Produkte\/gustavo-gusto-pizza-salami-schinken-455g\/#breadcrumb\"},\"inLanguage\":\"en-US\",\"potentialAction\":[{\"@type\":\"ReadAction\",\"target\":[\"https:\/\/bringflix.shop\/Produkte\/gustavo-gusto-pizza-salami-schinken-455g\/\"]}]},{\"@type\":\"ImageObject\",\"inLanguage\":\"en-US\",\"@id\":\"https:\/\/bringflix.shop\/Produkte\/gustavo-gusto-pizza-salami-schinken-455g\/#primaryimage\",\"url\":\"https:\/\/bringflix.shop\/wp-content\/uploads\/2025\/10\/Photoroom-20251011_073211_16_copy_600x600.png\",\"contentUrl\":\"https:\/\/bringflix.shop\/wp-content\/uploads\/2025\/10\/Photoroom-20251011_073211_16_copy_600x600.png\",\"width\":600,\"height\":600},{\"@type\":\"BreadcrumbList\",\"@id\":\"https:\/\/bringflix.shop\/Produkte\/gustavo-gusto-pizza-salami-schinken-455g\/#breadcrumb\",\"itemListElement\":[{\"@type\":\"ListItem\",\"position\":1,\"name\":\"Home\",\"item\":\"https:\/\/bringflix.shop\/\"},{\"@type\":\"ListItem\",\"position\":2,\"name\":\"Shop\",\"item\":\"https:\/\/bringflix.shop\/shop\/\"},{\"@type\":\"ListItem\",\"position\":3,\"name\":\"Gustavo Gusto Pizza Salami &#038; Schinken 455g\"}]},{\"@type\":\"WebSite\",\"@id\":\"https:\/\/bringflix.shop\/#website\",\"url\":\"https:\/\/bringflix.shop\/\",\"name\":\"BringFlix\",\"description\":\"\",\"publisher\":{\"@id\":\"https:\/\/bringflix.shop\/#organization\"},\"potentialAction\":[{\"@type\":\"SearchAction\",\"target\":{\"@type\":\"EntryPoint\",\"urlTemplate\":\"https:\/\/bringflix.shop\/?s={search_term_string}\"},\"query-input\":{\"@type\":\"PropertyValueSpecification\",\"valueRequired\":true,\"valueName\":\"search_term_string\"}}],\"inLanguage\":\"en-US\"},{\"@type\":\"Organization\",\"@id\":\"https:\/\/bringflix.shop\/#organization\",\"name\":\"BringFlix\",\"url\":\"https:\/\/bringflix.shop\/\",\"logo\":{\"@type\":\"ImageObject\",\"inLanguage\":\"en-US\",\"@id\":\"https:\/\/bringflix.shop\/#\/schema\/logo\/image\/\",\"url\":\"https:\/\/bringflix.shop\/wp-content\/uploads\/2024\/11\/logo-bring-flix.png\",\"contentUrl\":\"https:\/\/bringflix.shop\/wp-content\/uploads\/2024\/11\/logo-bring-flix.png\",\"width\":858,\"height\":316,\"caption\":\"BringFlix\"},\"image\":{\"@id\":\"https:\/\/bringflix.shop\/#\/schema\/logo\/image\/\"}}]}<\/script>\n<!-- \/ Yoast SEO plugin. -->","yoast_head_json":{"title":"Gustavo Gusto Pizza Salami & Schinken 455g - BringFlix","robots":{"index":"index","follow":"follow","max-snippet":"max-snippet:-1","max-image-preview":"max-image-preview:large","max-video-preview":"max-video-preview:-1"},"canonical":"https:\/\/bringflix.shop\/en\/Produkte\/gustavo-gusto-pizza-salami-schinken-455g\/","og_locale":"en_US","og_type":"article","og_title":"Gustavo Gusto Pizza Salami & Schinken 455g - BringFlix","og_description":"Zutaten: 46% Teig (WEIZENMEHL, Wasser, natives Oliven\u00f6l extra, Salz, Frischbackhefe), 19% Tomatenso\u00dfe (gehackte Tomaten, Tomatenp\u00fcree, Wasser, Salz, natives Oliven\u00f6l extra, Gew\u00fcrze), 19% laktosefreier, schnittfester Mozzarella*** (pasteurisierte KUHMILCH, Salz, mikrobieller Labaustauschstoff, Milchs\u00e4urebakterienkulturen), 6% Rindfleisch, 5% Schweinefleisch, 5% rote Zwiebeln, 0,4% Rinderfett, Gew\u00fcrze, Gew\u00fcrzextrakte, Speisew\u00fcrze, Chili, Salz, Dextrose, nat\u00fcrliche Aromen, Rauch, Reifekulturen. ***Laktosegehalt &lt;0,1 g\/100 g Kann Spuren von Eiern, Fisch, Soja, Sellerie, Lupine und Senf enthalten. Allergene: Enth\u00e4lt: Weizen und Weizenerzeugnisse (glutenhaltiges Getreide). Milch und Milcherzeugnisse (einschlie\u00dflich Lactose). Kann enthalten: Eier und Eierzeugnisse. Fisch und Fischerzeugnisse. Soja und Sojaerzeugnisse. Sellerie und Sellerieerzeugnisse. Senf- und Senferzeugnisse. Lupine und Lupinenerzeugnisse. N\u00e4hrwerte (je 100 g):    Energie 866 kJ   Energie 206 kcal   Fett 6,6 g   Fett, davon ges\u00e4ttigte Fetts\u00e4uren 3,4 g   Kohlenhydrate 25 g   Kohlenhydrate, davon Zucker 3,1 g   Ballaststoffe 2,9 g   Eiwei\u00df 9,9 g   Salz 1,5 g    &nbsp;","og_url":"https:\/\/bringflix.shop\/en\/Produkte\/gustavo-gusto-pizza-salami-schinken-455g\/","og_site_name":"BringFlix","article_modified_time":"2026-04-16T17:25:28+00:00","og_image":[{"width":600,"height":600,"url":"https:\/\/bringflix.shop\/wp-content\/uploads\/2025\/10\/Photoroom-20251011_073211_16_copy_600x600.png","type":"image\/png"}],"twitter_card":"summary_large_image","twitter_misc":{"Est. reading time":"1 minute"},"schema":{"@context":"https:\/\/schema.org","@graph":[{"@type":"WebPage","@id":"https:\/\/bringflix.shop\/Produkte\/gustavo-gusto-pizza-salami-schinken-455g\/","url":"https:\/\/bringflix.shop\/Produkte\/gustavo-gusto-pizza-salami-schinken-455g\/","name":"Gustavo Gusto Pizza Salami & Schinken 455g - BringFlix","isPartOf":{"@id":"https:\/\/bringflix.shop\/#website"},"primaryImageOfPage":{"@id":"https:\/\/bringflix.shop\/Produkte\/gustavo-gusto-pizza-salami-schinken-455g\/#primaryimage"},"image":{"@id":"https:\/\/bringflix.shop\/Produkte\/gustavo-gusto-pizza-salami-schinken-455g\/#primaryimage"},"thumbnailUrl":"https:\/\/bringflix.shop\/wp-content\/uploads\/2025\/10\/Photoroom-20251011_073211_16_copy_600x600.png","datePublished":"2025-09-23T23:59:35+00:00","dateModified":"2026-04-16T17:25:28+00:00","breadcrumb":{"@id":"https:\/\/bringflix.shop\/Produkte\/gustavo-gusto-pizza-salami-schinken-455g\/#breadcrumb"},"inLanguage":"en-US","potentialAction":[{"@type":"ReadAction","target":["https:\/\/bringflix.shop\/Produkte\/gustavo-gusto-pizza-salami-schinken-455g\/"]}]},{"@type":"ImageObject","inLanguage":"en-US","@id":"https:\/\/bringflix.shop\/Produkte\/gustavo-gusto-pizza-salami-schinken-455g\/#primaryimage","url":"https:\/\/bringflix.shop\/wp-content\/uploads\/2025\/10\/Photoroom-20251011_073211_16_copy_600x600.png","contentUrl":"https:\/\/bringflix.shop\/wp-content\/uploads\/2025\/10\/Photoroom-20251011_073211_16_copy_600x600.png","width":600,"height":600},{"@type":"BreadcrumbList","@id":"https:\/\/bringflix.shop\/Produkte\/gustavo-gusto-pizza-salami-schinken-455g\/#breadcrumb","itemListElement":[{"@type":"ListItem","position":1,"name":"Home","item":"https:\/\/bringflix.shop\/"},{"@type":"ListItem","position":2,"name":"Shop","item":"https:\/\/bringflix.shop\/shop\/"},{"@type":"ListItem","position":3,"name":"Gustavo Gusto Pizza Salami &#038; Schinken 455g"}]},{"@type":"WebSite","@id":"https:\/\/bringflix.shop\/#website","url":"https:\/\/bringflix.shop\/","name":"BringFlix","description":"","publisher":{"@id":"https:\/\/bringflix.shop\/#organization"},"potentialAction":[{"@type":"SearchAction","target":{"@type":"EntryPoint","urlTemplate":"https:\/\/bringflix.shop\/?s={search_term_string}"},"query-input":{"@type":"PropertyValueSpecification","valueRequired":true,"valueName":"search_term_string"}}],"inLanguage":"en-US"},{"@type":"Organization","@id":"https:\/\/bringflix.shop\/#organization","name":"BringFlix","url":"https:\/\/bringflix.shop\/","logo":{"@type":"ImageObject","inLanguage":"en-US","@id":"https:\/\/bringflix.shop\/#\/schema\/logo\/image\/","url":"https:\/\/bringflix.shop\/wp-content\/uploads\/2024\/11\/logo-bring-flix.png","contentUrl":"https:\/\/bringflix.shop\/wp-content\/uploads\/2024\/11\/logo-bring-flix.png","width":858,"height":316,"caption":"BringFlix"},"image":{"@id":"https:\/\/bringflix.shop\/#\/schema\/logo\/image\/"}}]}},"jetpack_sharing_enabled":true,"_links":{"self":[{"href":"https:\/\/bringflix.shop\/en\/wp-json\/wp\/v2\/product\/8850","targetHints":{"allow":["GET"]}}],"collection":[{"href":"https:\/\/bringflix.shop\/en\/wp-json\/wp\/v2\/product"}],"about":[{"href":"https:\/\/bringflix.shop\/en\/wp-json\/wp\/v2\/types\/product"}],"replies":[{"embeddable":true,"href":"https:\/\/bringflix.shop\/en\/wp-json\/wp\/v2\/comments?post=8850"}],"wp:featuredmedia":[{"embeddable":true,"href":"https:\/\/bringflix.shop\/en\/wp-json\/wp\/v2\/media\/9105"}],"wp:attachment":[{"href":"https:\/\/bringflix.shop\/en\/wp-json\/wp\/v2\/media?parent=8850"}],"wp:term":[{"taxonomy":"product_brand","embeddable":true,"href":"https:\/\/bringflix.shop\/en\/wp-json\/wp\/v2\/product_brand?post=8850"},{"taxonomy":"product_cat","embeddable":true,"href":"https:\/\/bringflix.shop\/en\/wp-json\/wp\/v2\/product_cat?post=8850"},{"taxonomy":"product_tag","embeddable":true,"href":"https:\/\/bringflix.shop\/en\/wp-json\/wp\/v2\/product_tag?post=8850"}],"curies":[{"name":"wp","href":"https:\/\/api.w.org\/{rel}","templated":true}]}}