{"id":8846,"date":"2025-09-24T01:28:31","date_gmt":"2025-09-23T23:28:31","guid":{"rendered":"https:\/\/bringflix.shop\/?post_type=product&#038;p=8846"},"modified":"2026-05-08T21:15:38","modified_gmt":"2026-05-08T19:15:38","slug":"coppenrath-wiese-blechkuchen-schwarzwaelder-kirsch-500g-guenstiger-als-im-supermarkt","status":"publish","type":"product","link":"https:\/\/bringflix.shop\/en\/Produkte\/coppenrath-wiese-blechkuchen-schwarzwaelder-kirsch-500g-guenstiger-als-im-supermarkt\/","title":{"rendered":"Coppenrath &#038; Wiese Blechkuchen Schwarzw\u00e4lder-Kirsch 500g [g\u00fcnstiger als im Supermarkt!]"},"content":{"rendered":"<h3 id=\"docs-internal-guid-586863e8-7fff-139e-8d77-279cd45e0b10\" dir=\"ltr\" style=\"line-height: 1.3800000000000001; margin-top: 10pt; margin-bottom: 0pt;\">Bezeichnung:<\/h3>\n<p dir=\"ltr\" style=\"line-height: 1.3800000000000001; margin-top: 0pt; margin-bottom: 10pt;\">Schwarzw\u00e4lder Kirsch Blechkuchen tiefgefroren<\/p>\n<h3 dir=\"ltr\" style=\"line-height: 1.3800000000000001; margin-top: 10pt; margin-bottom: 0pt;\">Herkunft:<\/h3>\n<p dir=\"ltr\" style=\"line-height: 1.3800000000000001; margin-top: 0pt; margin-bottom: 10pt;\">Deutschland<\/p>\n<h3 id=\"docs-internal-guid-4134d2ff-7fff-37ce-b9c8-f7c7d17cb1cd\" dir=\"ltr\" style=\"line-height: 1.3800000000000001; margin-top: 10pt; margin-bottom: 0pt;\">Konservierung und Lagerung:<\/h3>\n<div class=\"pdpr-Attribute\">***-Fach bei -18 \u00b0C: siehe Vorderseite, **-Fach: 3 Wochen, *-Fach: 4 Tage, 1 Tag im K\u00fchlschrank. Nach dem Auftauen nicht wieder einfrieren.<\/div>\n<div class=\"pdpr-Attribute\">\n<h3 class=\"pdpr-Attribute__label\">Zubereitungsanweisungen:<\/h3>\n<p>Zubereitung: Zimmertemperatur: 1. Verpackung und Folie entfernen. 2. Gew\u00fcnschte Anzahl St\u00fccke entnehmen und auf eine geeignete Servierplatte stellen. 3. Bei Zimmertemperatur ca. 3 Stunden auftauen lassen.<\/p>\n<\/div>\n<h3 dir=\"ltr\" style=\"line-height: 1.3800000000000001; margin-top: 10pt; margin-bottom: 0pt;\">Hersteller-\/Inverkehrbringer:<\/h3>\n<div class=\"pdpr-Attribute\">\n<div class=\"pdpr-Attribute\">Conditorei Coppenrath &amp; Wiese KG, <span style=\"font-size: 12px;\">Hansastra\u00dfe 10, D-49497 Mettingen<\/span><\/div>\n<\/div>","protected":false},"excerpt":{"rendered":"<h3 id=\"docs-internal-guid-7c5cb4c9-7fff-59c9-dfc3-bbcdc590e81a\" dir=\"ltr\" style=\"line-height: 1.3800000000000001; margin-top: 10pt; margin-bottom: 0pt;\">Zutaten:<\/h3>\n<p dir=\"ltr\" style=\"line-height: 1.3800000000000001; margin-top: 0pt; margin-bottom: 10pt;\">SAHNE (34%), Sauerkirschen (14%), Zucker, Invertzuckersirup, WEIZENMEHL, VOLLEI, Wasser, pflanzliches \u00d6l (Raps), Schokolade (3%) (Zucker, Kakaomasse*, Kakaobutter*, Emulgator SOJALECITHINE), WEIZENST\u00c4RKE, Kirschwasser (2%), modifizierte St\u00e4rke, stark ent\u00f6lter Kakao*, Dextrose, Speisegelatine (Rind), Backtriebmittel (Natriumcarbonate, Natriumcitrate), Emulgator (Mono- und Diglyceride von Speisefetts\u00e4uren), S\u00e4uerungsmittel (Citronens\u00e4ure), LAKTOSE (MILCH), nat\u00fcrliches Aroma, VOLLMILCHPULVER, Speisesalz, S\u00dcSSMOLKENPULVER (MILCH), Verdickungsmittel (Xanthan)<\/p>\n<h3 dir=\"ltr\" style=\"line-height: 1.3800000000000001; margin-top: 10pt; margin-bottom: 0pt;\">Allergene:<\/h3>\n<div class=\"pdpr-Attribute\">Enth\u00e4lt: Glutenhaltiges Getreide und glutenhaltige Getreideerzeugnisse. Eier und Eierzeugnisse. Soja und Sojaerzeugnisse. Milch und Milcherzeugnisse (einschlie\u00dflich Lactose).<\/div>\n<h3 dir=\"ltr\" style=\"line-height: 1.3800000000000001; margin-top: 10pt; margin-bottom: 0pt;\">N\u00e4hrwerte (je 100 g):<\/h3>\n<table class=\"pdsr-Table pdpr-NutritionTable\">\n<tbody>\n<tr class=\"pdsr-Table--Row\">\n<td class=\"pdsr-Table--Cell--Highlight\">Energie<\/td>\n<td>1.206 kJ<\/td>\n<\/tr>\n<tr class=\"pdsr-Table--Row\">\n<td class=\"pdsr-Table--Cell--Highlight\">Energie<\/td>\n<td>289 kcal<\/td>\n<\/tr>\n<tr class=\"pdsr-Table--Row\">\n<td class=\"pdsr-Table--Cell--Highlight\">Fett<\/td>\n<td>15 g<\/td>\n<\/tr>\n<tr class=\"pdsr-Table--Row\">\n<td class=\"pdsr-Table--Cell--Highlight\">Fett, davon ges\u00e4ttigte Fetts\u00e4uren<\/td>\n<td>6,7 g<\/td>\n<\/tr>\n<tr class=\"pdsr-Table--Row\">\n<td class=\"pdsr-Table--Cell--Highlight\">Kohlenhydrate<\/td>\n<td>33 g<\/td>\n<\/tr>\n<tr class=\"pdsr-Table--Row\">\n<td class=\"pdsr-Table--Cell--Highlight\">Kohlenhydrate, davon Zucker<\/td>\n<td>22 g<\/td>\n<\/tr>\n<tr class=\"pdsr-Table--Row\">\n<td class=\"pdsr-Table--Cell--Highlight\">Eiwei\u00df<\/td>\n<td>3,3 g<\/td>\n<\/tr>\n<tr class=\"pdsr-Table--Row\">\n<td class=\"pdsr-Table--Cell--Highlight\">Salz<\/td>\n<td>0,25 g<\/td>\n<\/tr>\n<\/tbody>\n<\/table>","protected":false},"featured_media":9008,"comment_status":"open","ping_status":"closed","template":"","meta":{"_acf_changed":false,"inline_featured_image":false,"site-sidebar-layout":"default","site-content-layout":"","ast-site-content-layout":"default","site-content-style":"default","site-sidebar-style":"default","ast-global-header-display":"","ast-banner-title-visibility":"","ast-main-header-display":"","ast-hfb-above-header-display":"","ast-hfb-below-header-display":"","ast-hfb-mobile-header-display":"","site-post-title":"","ast-breadcrumbs-content":"","ast-featured-img":"","footer-sml-layout":"","theme-transparent-header-meta":"default","adv-header-id-meta":"","stick-header-meta":"","header-above-stick-meta":"","header-main-stick-meta":"","header-below-stick-meta":"","astra-migrate-meta-layouts":"set","ast-page-background-enabled":"default","ast-page-background-meta":{"desktop":{"background-color":"var(--ast-global-color-4)","background-image":"","background-repeat":"repeat","background-position":"center center","background-size":"auto","background-attachment":"scroll","background-type":"","background-media":"","overlay-type":"","overlay-color":"","overlay-opacity":"","overlay-gradient":""},"tablet":{"background-color":"","background-image":"","background-repeat":"repeat","background-position":"center center","background-size":"auto","background-attachment":"scroll","background-type":"","background-media":"","overlay-type":"","overlay-color":"","overlay-opacity":"","overlay-gradient":""},"mobile":{"background-color":"","background-image":"","background-repeat":"repeat","background-position":"center center","background-size":"auto","background-attachment":"scroll","background-type":"","background-media":"","overlay-type":"","overlay-color":"","overlay-opacity":"","overlay-gradient":""}},"ast-content-background-meta":{"desktop":{"background-color":"var(--ast-global-color-5)","background-image":"","background-repeat":"repeat","background-position":"center center","background-size":"auto","background-attachment":"scroll","background-type":"","background-media":"","overlay-type":"","overlay-color":"","overlay-opacity":"","overlay-gradient":""},"tablet":{"background-color":"var(--ast-global-color-5)","background-image":"","background-repeat":"repeat","background-position":"center center","background-size":"auto","background-attachment":"scroll","background-type":"","background-media":"","overlay-type":"","overlay-color":"","overlay-opacity":"","overlay-gradient":""},"mobile":{"background-color":"var(--ast-global-color-5)","background-image":"","background-repeat":"repeat","background-position":"center center","background-size":"auto","background-attachment":"scroll","background-type":"","background-media":"","overlay-type":"","overlay-color":"","overlay-opacity":"","overlay-gradient":""}}},"product_brand":[],"product_cat":[52,41,102,39],"product_tag":[],"class_list":{"0":"post-8846","1":"product","2":"type-product","3":"status-publish","4":"has-post-thumbnail","6":"product_cat-eiscreme-tk-fruechte","7":"product_cat-kekse-kuchen","8":"product_cat-kuchen","9":"product_cat-suesse-salzige-snacks","10":"desktop-align-left","11":"tablet-align-left","12":"mobile-align-left","14":"first","15":"instock","16":"taxable","17":"shipping-taxable","18":"purchasable","19":"product-type-simple"},"acf":[],"yoast_head":"<!-- This site is optimized with the Yoast SEO plugin v24.5 - https:\/\/yoast.com\/wordpress\/plugins\/seo\/ -->\n<title>Coppenrath &amp; Wiese Blechkuchen Schwarzw\u00e4lder-Kirsch 500g [g\u00fcnstiger als im Supermarkt!] - BringFlix<\/title>\n<meta name=\"robots\" content=\"index, follow, max-snippet:-1, max-image-preview:large, max-video-preview:-1\" \/>\n<link rel=\"canonical\" href=\"https:\/\/bringflix.shop\/en\/Produkte\/coppenrath-wiese-blechkuchen-schwarzwaelder-kirsch-500g-guenstiger-als-im-supermarkt\/\" \/>\n<meta property=\"og:locale\" content=\"en_US\" \/>\n<meta property=\"og:type\" content=\"article\" \/>\n<meta property=\"og:title\" content=\"Coppenrath &amp; Wiese Blechkuchen Schwarzw\u00e4lder-Kirsch 500g [g\u00fcnstiger als im Supermarkt!] - BringFlix\" \/>\n<meta property=\"og:description\" content=\"Zutaten: SAHNE (34%), Sauerkirschen (14%), Zucker, Invertzuckersirup, WEIZENMEHL, VOLLEI, Wasser, pflanzliches \u00d6l (Raps), Schokolade (3%) (Zucker, Kakaomasse*, Kakaobutter*, Emulgator SOJALECITHINE), WEIZENST\u00c4RKE, Kirschwasser (2%), modifizierte St\u00e4rke, stark ent\u00f6lter Kakao*, Dextrose, Speisegelatine (Rind), Backtriebmittel (Natriumcarbonate, Natriumcitrate), Emulgator (Mono- und Diglyceride von Speisefetts\u00e4uren), S\u00e4uerungsmittel (Citronens\u00e4ure), LAKTOSE (MILCH), nat\u00fcrliches Aroma, VOLLMILCHPULVER, Speisesalz, S\u00dcSSMOLKENPULVER (MILCH), Verdickungsmittel (Xanthan)  Allergene: Enth\u00e4lt: Glutenhaltiges Getreide und glutenhaltige Getreideerzeugnisse. Eier und Eierzeugnisse. Soja und Sojaerzeugnisse. Milch und Milcherzeugnisse (einschlie\u00dflich Lactose). N\u00e4hrwerte (je 100 g):    Energie 1.206 kJ   Energie 289 kcal   Fett 15 g   Fett, davon ges\u00e4ttigte Fetts\u00e4uren 6,7 g   Kohlenhydrate 33 g   Kohlenhydrate, davon Zucker 22 g   Eiwei\u00df 3,3 g   Salz 0,25 g\" \/>\n<meta property=\"og:url\" content=\"https:\/\/bringflix.shop\/en\/Produkte\/coppenrath-wiese-blechkuchen-schwarzwaelder-kirsch-500g-guenstiger-als-im-supermarkt\/\" \/>\n<meta property=\"og:site_name\" content=\"BringFlix\" \/>\n<meta property=\"article:modified_time\" content=\"2026-05-08T19:15:38+00:00\" \/>\n<meta name=\"twitter:card\" content=\"summary_large_image\" \/>\n<meta name=\"twitter:label1\" content=\"Est. reading time\" \/>\n\t<meta name=\"twitter:data1\" content=\"1 minute\" \/>\n<script type=\"application\/ld+json\" class=\"yoast-schema-graph\">{\"@context\":\"https:\/\/schema.org\",\"@graph\":[{\"@type\":\"WebPage\",\"@id\":\"https:\/\/bringflix.shop\/Produkte\/coppenrath-wiese-blechkuchen-schwarzwaelder-kirsch-500g-guenstiger-als-im-supermarkt\/\",\"url\":\"https:\/\/bringflix.shop\/Produkte\/coppenrath-wiese-blechkuchen-schwarzwaelder-kirsch-500g-guenstiger-als-im-supermarkt\/\",\"name\":\"Coppenrath & Wiese Blechkuchen Schwarzw\u00e4lder-Kirsch 500g [g\u00fcnstiger als im Supermarkt!] - BringFlix\",\"isPartOf\":{\"@id\":\"https:\/\/bringflix.shop\/#website\"},\"primaryImageOfPage\":{\"@id\":\"https:\/\/bringflix.shop\/Produkte\/coppenrath-wiese-blechkuchen-schwarzwaelder-kirsch-500g-guenstiger-als-im-supermarkt\/#primaryimage\"},\"image\":{\"@id\":\"https:\/\/bringflix.shop\/Produkte\/coppenrath-wiese-blechkuchen-schwarzwaelder-kirsch-500g-guenstiger-als-im-supermarkt\/#primaryimage\"},\"thumbnailUrl\":\"https:\/\/bringflix.shop\/wp-content\/uploads\/2025\/09\/1000117766.png\",\"datePublished\":\"2025-09-23T23:28:31+00:00\",\"dateModified\":\"2026-05-08T19:15:38+00:00\",\"breadcrumb\":{\"@id\":\"https:\/\/bringflix.shop\/Produkte\/coppenrath-wiese-blechkuchen-schwarzwaelder-kirsch-500g-guenstiger-als-im-supermarkt\/#breadcrumb\"},\"inLanguage\":\"en-US\",\"potentialAction\":[{\"@type\":\"ReadAction\",\"target\":[\"https:\/\/bringflix.shop\/Produkte\/coppenrath-wiese-blechkuchen-schwarzwaelder-kirsch-500g-guenstiger-als-im-supermarkt\/\"]}]},{\"@type\":\"ImageObject\",\"inLanguage\":\"en-US\",\"@id\":\"https:\/\/bringflix.shop\/Produkte\/coppenrath-wiese-blechkuchen-schwarzwaelder-kirsch-500g-guenstiger-als-im-supermarkt\/#primaryimage\",\"url\":\"https:\/\/bringflix.shop\/wp-content\/uploads\/2025\/09\/1000117766.png\",\"contentUrl\":\"https:\/\/bringflix.shop\/wp-content\/uploads\/2025\/09\/1000117766.png\",\"width\":600,\"height\":600},{\"@type\":\"BreadcrumbList\",\"@id\":\"https:\/\/bringflix.shop\/Produkte\/coppenrath-wiese-blechkuchen-schwarzwaelder-kirsch-500g-guenstiger-als-im-supermarkt\/#breadcrumb\",\"itemListElement\":[{\"@type\":\"ListItem\",\"position\":1,\"name\":\"Home\",\"item\":\"https:\/\/bringflix.shop\/\"},{\"@type\":\"ListItem\",\"position\":2,\"name\":\"Shop\",\"item\":\"https:\/\/bringflix.shop\/shop\/\"},{\"@type\":\"ListItem\",\"position\":3,\"name\":\"Coppenrath &#038; Wiese Blechkuchen Schwarzw\u00e4lder-Kirsch 500g [g\u00fcnstiger als im Supermarkt!]\"}]},{\"@type\":\"WebSite\",\"@id\":\"https:\/\/bringflix.shop\/#website\",\"url\":\"https:\/\/bringflix.shop\/\",\"name\":\"BringFlix\",\"description\":\"\",\"publisher\":{\"@id\":\"https:\/\/bringflix.shop\/#organization\"},\"potentialAction\":[{\"@type\":\"SearchAction\",\"target\":{\"@type\":\"EntryPoint\",\"urlTemplate\":\"https:\/\/bringflix.shop\/?s={search_term_string}\"},\"query-input\":{\"@type\":\"PropertyValueSpecification\",\"valueRequired\":true,\"valueName\":\"search_term_string\"}}],\"inLanguage\":\"en-US\"},{\"@type\":\"Organization\",\"@id\":\"https:\/\/bringflix.shop\/#organization\",\"name\":\"BringFlix\",\"url\":\"https:\/\/bringflix.shop\/\",\"logo\":{\"@type\":\"ImageObject\",\"inLanguage\":\"en-US\",\"@id\":\"https:\/\/bringflix.shop\/#\/schema\/logo\/image\/\",\"url\":\"https:\/\/bringflix.shop\/wp-content\/uploads\/2024\/11\/logo-bring-flix.png\",\"contentUrl\":\"https:\/\/bringflix.shop\/wp-content\/uploads\/2024\/11\/logo-bring-flix.png\",\"width\":858,\"height\":316,\"caption\":\"BringFlix\"},\"image\":{\"@id\":\"https:\/\/bringflix.shop\/#\/schema\/logo\/image\/\"}}]}<\/script>\n<!-- \/ Yoast SEO plugin. -->","yoast_head_json":{"title":"Coppenrath & Wiese Blechkuchen Schwarzw\u00e4lder-Kirsch 500g [g\u00fcnstiger als im Supermarkt!] - BringFlix","robots":{"index":"index","follow":"follow","max-snippet":"max-snippet:-1","max-image-preview":"max-image-preview:large","max-video-preview":"max-video-preview:-1"},"canonical":"https:\/\/bringflix.shop\/en\/Produkte\/coppenrath-wiese-blechkuchen-schwarzwaelder-kirsch-500g-guenstiger-als-im-supermarkt\/","og_locale":"en_US","og_type":"article","og_title":"Coppenrath & Wiese Blechkuchen Schwarzw\u00e4lder-Kirsch 500g [g\u00fcnstiger als im Supermarkt!] - BringFlix","og_description":"Zutaten: SAHNE (34%), Sauerkirschen (14%), Zucker, Invertzuckersirup, WEIZENMEHL, VOLLEI, Wasser, pflanzliches \u00d6l (Raps), Schokolade (3%) (Zucker, Kakaomasse*, Kakaobutter*, Emulgator SOJALECITHINE), WEIZENST\u00c4RKE, Kirschwasser (2%), modifizierte St\u00e4rke, stark ent\u00f6lter Kakao*, Dextrose, Speisegelatine (Rind), Backtriebmittel (Natriumcarbonate, Natriumcitrate), Emulgator (Mono- und Diglyceride von Speisefetts\u00e4uren), S\u00e4uerungsmittel (Citronens\u00e4ure), LAKTOSE (MILCH), nat\u00fcrliches Aroma, VOLLMILCHPULVER, Speisesalz, S\u00dcSSMOLKENPULVER (MILCH), Verdickungsmittel (Xanthan)  Allergene: Enth\u00e4lt: Glutenhaltiges Getreide und glutenhaltige Getreideerzeugnisse. Eier und Eierzeugnisse. Soja und Sojaerzeugnisse. Milch und Milcherzeugnisse (einschlie\u00dflich Lactose). N\u00e4hrwerte (je 100 g):    Energie 1.206 kJ   Energie 289 kcal   Fett 15 g   Fett, davon ges\u00e4ttigte Fetts\u00e4uren 6,7 g   Kohlenhydrate 33 g   Kohlenhydrate, davon Zucker 22 g   Eiwei\u00df 3,3 g   Salz 0,25 g","og_url":"https:\/\/bringflix.shop\/en\/Produkte\/coppenrath-wiese-blechkuchen-schwarzwaelder-kirsch-500g-guenstiger-als-im-supermarkt\/","og_site_name":"BringFlix","article_modified_time":"2026-05-08T19:15:38+00:00","twitter_card":"summary_large_image","twitter_misc":{"Est. reading time":"1 minute"},"schema":{"@context":"https:\/\/schema.org","@graph":[{"@type":"WebPage","@id":"https:\/\/bringflix.shop\/Produkte\/coppenrath-wiese-blechkuchen-schwarzwaelder-kirsch-500g-guenstiger-als-im-supermarkt\/","url":"https:\/\/bringflix.shop\/Produkte\/coppenrath-wiese-blechkuchen-schwarzwaelder-kirsch-500g-guenstiger-als-im-supermarkt\/","name":"Coppenrath & Wiese Blechkuchen Schwarzw\u00e4lder-Kirsch 500g [g\u00fcnstiger als im Supermarkt!] - BringFlix","isPartOf":{"@id":"https:\/\/bringflix.shop\/#website"},"primaryImageOfPage":{"@id":"https:\/\/bringflix.shop\/Produkte\/coppenrath-wiese-blechkuchen-schwarzwaelder-kirsch-500g-guenstiger-als-im-supermarkt\/#primaryimage"},"image":{"@id":"https:\/\/bringflix.shop\/Produkte\/coppenrath-wiese-blechkuchen-schwarzwaelder-kirsch-500g-guenstiger-als-im-supermarkt\/#primaryimage"},"thumbnailUrl":"https:\/\/bringflix.shop\/wp-content\/uploads\/2025\/09\/1000117766.png","datePublished":"2025-09-23T23:28:31+00:00","dateModified":"2026-05-08T19:15:38+00:00","breadcrumb":{"@id":"https:\/\/bringflix.shop\/Produkte\/coppenrath-wiese-blechkuchen-schwarzwaelder-kirsch-500g-guenstiger-als-im-supermarkt\/#breadcrumb"},"inLanguage":"en-US","potentialAction":[{"@type":"ReadAction","target":["https:\/\/bringflix.shop\/Produkte\/coppenrath-wiese-blechkuchen-schwarzwaelder-kirsch-500g-guenstiger-als-im-supermarkt\/"]}]},{"@type":"ImageObject","inLanguage":"en-US","@id":"https:\/\/bringflix.shop\/Produkte\/coppenrath-wiese-blechkuchen-schwarzwaelder-kirsch-500g-guenstiger-als-im-supermarkt\/#primaryimage","url":"https:\/\/bringflix.shop\/wp-content\/uploads\/2025\/09\/1000117766.png","contentUrl":"https:\/\/bringflix.shop\/wp-content\/uploads\/2025\/09\/1000117766.png","width":600,"height":600},{"@type":"BreadcrumbList","@id":"https:\/\/bringflix.shop\/Produkte\/coppenrath-wiese-blechkuchen-schwarzwaelder-kirsch-500g-guenstiger-als-im-supermarkt\/#breadcrumb","itemListElement":[{"@type":"ListItem","position":1,"name":"Home","item":"https:\/\/bringflix.shop\/"},{"@type":"ListItem","position":2,"name":"Shop","item":"https:\/\/bringflix.shop\/shop\/"},{"@type":"ListItem","position":3,"name":"Coppenrath &#038; Wiese Blechkuchen Schwarzw\u00e4lder-Kirsch 500g [g\u00fcnstiger als im Supermarkt!]"}]},{"@type":"WebSite","@id":"https:\/\/bringflix.shop\/#website","url":"https:\/\/bringflix.shop\/","name":"BringFlix","description":"","publisher":{"@id":"https:\/\/bringflix.shop\/#organization"},"potentialAction":[{"@type":"SearchAction","target":{"@type":"EntryPoint","urlTemplate":"https:\/\/bringflix.shop\/?s={search_term_string}"},"query-input":{"@type":"PropertyValueSpecification","valueRequired":true,"valueName":"search_term_string"}}],"inLanguage":"en-US"},{"@type":"Organization","@id":"https:\/\/bringflix.shop\/#organization","name":"BringFlix","url":"https:\/\/bringflix.shop\/","logo":{"@type":"ImageObject","inLanguage":"en-US","@id":"https:\/\/bringflix.shop\/#\/schema\/logo\/image\/","url":"https:\/\/bringflix.shop\/wp-content\/uploads\/2024\/11\/logo-bring-flix.png","contentUrl":"https:\/\/bringflix.shop\/wp-content\/uploads\/2024\/11\/logo-bring-flix.png","width":858,"height":316,"caption":"BringFlix"},"image":{"@id":"https:\/\/bringflix.shop\/#\/schema\/logo\/image\/"}}]}},"jetpack_sharing_enabled":true,"_links":{"self":[{"href":"https:\/\/bringflix.shop\/en\/wp-json\/wp\/v2\/product\/8846","targetHints":{"allow":["GET"]}}],"collection":[{"href":"https:\/\/bringflix.shop\/en\/wp-json\/wp\/v2\/product"}],"about":[{"href":"https:\/\/bringflix.shop\/en\/wp-json\/wp\/v2\/types\/product"}],"replies":[{"embeddable":true,"href":"https:\/\/bringflix.shop\/en\/wp-json\/wp\/v2\/comments?post=8846"}],"wp:featuredmedia":[{"embeddable":true,"href":"https:\/\/bringflix.shop\/en\/wp-json\/wp\/v2\/media\/9008"}],"wp:attachment":[{"href":"https:\/\/bringflix.shop\/en\/wp-json\/wp\/v2\/media?parent=8846"}],"wp:term":[{"taxonomy":"product_brand","embeddable":true,"href":"https:\/\/bringflix.shop\/en\/wp-json\/wp\/v2\/product_brand?post=8846"},{"taxonomy":"product_cat","embeddable":true,"href":"https:\/\/bringflix.shop\/en\/wp-json\/wp\/v2\/product_cat?post=8846"},{"taxonomy":"product_tag","embeddable":true,"href":"https:\/\/bringflix.shop\/en\/wp-json\/wp\/v2\/product_tag?post=8846"}],"curies":[{"name":"wp","href":"https:\/\/api.w.org\/{rel}","templated":true}]}}