{"id":8643,"date":"2025-08-28T04:27:38","date_gmt":"2025-08-28T02:27:38","guid":{"rendered":"https:\/\/bringflix.shop\/?post_type=product&#038;p=8643"},"modified":"2026-04-23T06:14:34","modified_gmt":"2026-04-23T04:14:34","slug":"rewe-beste-wahl-huehnerfrikassee-450g","status":"publish","type":"product","link":"https:\/\/bringflix.shop\/en\/Produkte\/rewe-beste-wahl-huehnerfrikassee-450g\/","title":{"rendered":"REWE Beste Wahl H\u00fchnerfrikassee 450g"},"content":{"rendered":"<h3>Bezeichnung:<\/h3>\n<p>2 Portionen H\u00fchnerfrikassee im Kochbeutel, tiefgefroren.<\/p>\n<h3>Herkunft:<\/h3>\n<p>Deutschland<\/p>\n<h3>Konservierung und Lagerung:<\/h3>\n<p>Verwendungshinweise: Bei -18\u00b0C<\/p>\n<h3 class=\"pdpr-Attribute__label\">Zubereitungsanweisungen:<\/h3>\n<p>Zubereitung im Kochtopf:<br \/>\nDen geschlossenen, tiefgefrorenen Kochbeutel in ca. 1 Liter kochendes Wasser<br \/>\nlegen. Ca. 25 Minuten im geschlossenen Kochbeutel bei leicht siedendem Wasser<br \/>\nziehen lassen um das Produkt vollst\u00e4ndig durchzugaren. Dann den Kochbeutel<br \/>\nherausnehmen, mit einer Schere aufschneiden und den Inhalt in eine Schale<br \/>\ngeben.<br \/>\nZubereitung in der Mikrowelle:<br \/>\nDen Inhalt des Beutels mit 2 EL Wasser in ein mikrowellengeeignetes<br \/>\nGeschirr geben, abdecken und ca. 10 Minuten bei 800 Watt erhitzen<br \/>\nbzw. garen. Zwischendurch umr\u00fchren.<br \/>\nDa die Zeiten und Temperaturen der Haushaltsger\u00e4te<\/p>\n<h3>Hersteller-\/Inverkehrbringer:<\/h3>\n<p>Men\u00fc-Variant GmbH, M\u00fcnsterstra\u00dfe 9 \u2013 15, 49176 Hilter, Deutschland<\/p>","protected":false},"excerpt":{"rendered":"<h3>Zutaten:<\/h3>\n<p>Wasser, H\u00fchnerfleisch gegart 30%, Gem\u00fcsemischung 11,5% (Karotten, Erbsen, Spargel), Huhnfond (Wasser, Huhnextrakt, Speisesalz), SAHNE, MAGERMILCH, Champignons 2%, modifizierte St\u00e4rke, WEIZENMEHL, Wei\u00dfwein 1%, Zucker, jodiertes Speisesalz (Speisesalz, Kaliumjodat), H\u00fchnerfett, Raps\u00f6l, Gem\u00fcsepulverzubereitung (SELLERIE, Karotten, Speisesalz, Zwiebeln, Lauch, Gew\u00fcrze, Kr\u00e4uter, Maltodextrin, Dextrose), Zitronensaftkonzentrat, Gew\u00fcrze.<\/p>\n<p>Enth\u00e4lt Alkohol<\/p>\n<p>Kann Spuren von H\u00fchnereiern enthalten.<\/p>\n<div><\/div>\n<div class=\"pdpr-Attribute\">\n<h3 class=\"pdpr-Attribute__label\">Allergenhinweise:<\/h3>\n<p>Glutenhaltiges Getreide (Weizen, Gerste, Roggen, Hafer, Dinkel, Kamut oder Hybridst\u00e4mme) , Milch und Milcherzeugnisse (einschlie\u00dflich Lactose) , Sellerie und Sellerieerzeugnisse<\/p>\n<\/div>\n<div><\/div>\n<h3>N\u00e4hrwerte (je 100 g):<\/h3>\n<table class=\"pdsr-Table pdpr-NutritionTable\">\n<tbody>\n<tr class=\"pdsr-Table--Row\">\n<td class=\"pdsr-Table--Cell--Highlight\">Energie<\/td>\n<td>381 kJ<\/td>\n<\/tr>\n<tr class=\"pdsr-Table--Row\">\n<td class=\"pdsr-Table--Cell--Highlight\">Energie<\/td>\n<td>91 kcal<\/td>\n<\/tr>\n<tr class=\"pdsr-Table--Row\">\n<td class=\"pdsr-Table--Cell--Highlight\">Fett<\/td>\n<td>3,1 g<\/td>\n<\/tr>\n<tr class=\"pdsr-Table--Row\">\n<td class=\"pdsr-Table--Cell--Highlight\">Fett, davon ges\u00e4ttigte Fetts\u00e4uren<\/td>\n<td>1,3 g<\/td>\n<\/tr>\n<tr class=\"pdsr-Table--Row\">\n<td class=\"pdsr-Table--Cell--Highlight\">Kohlenhydrate<\/td>\n<td>4,5 g<\/td>\n<\/tr>\n<tr class=\"pdsr-Table--Row\">\n<td class=\"pdsr-Table--Cell--Highlight\">Kohlenhydrate, davon Zucker<\/td>\n<td>1,7 g<\/td>\n<\/tr>\n<tr class=\"pdsr-Table--Row\">\n<td class=\"pdsr-Table--Cell--Highlight\">Ballaststoffe<\/td>\n<td>0,8 g<\/td>\n<\/tr>\n<tr class=\"pdsr-Table--Row\">\n<td class=\"pdsr-Table--Cell--Highlight\">Eiwei\u00df<\/td>\n<td>10,8 g<\/td>\n<\/tr>\n<tr class=\"pdsr-Table--Row\">\n<td class=\"pdsr-Table--Cell--Highlight\">Salz<\/td>\n<td>1 g<\/td>\n<\/tr>\n<\/tbody>\n<\/table>\n<p>&nbsp;<\/p>","protected":false},"featured_media":8648,"comment_status":"open","ping_status":"closed","template":"","meta":{"_acf_changed":false,"inline_featured_image":false,"site-sidebar-layout":"default","site-content-layout":"","ast-site-content-layout":"default","site-content-style":"default","site-sidebar-style":"default","ast-global-header-display":"","ast-banner-title-visibility":"","ast-main-header-display":"","ast-hfb-above-header-display":"","ast-hfb-below-header-display":"","ast-hfb-mobile-header-display":"","site-post-title":"","ast-breadcrumbs-content":"","ast-featured-img":"","footer-sml-layout":"","theme-transparent-header-meta":"default","adv-header-id-meta":"","stick-header-meta":"","header-above-stick-meta":"","header-main-stick-meta":"","header-below-stick-meta":"","astra-migrate-meta-layouts":"set","ast-page-background-enabled":"default","ast-page-background-meta":{"desktop":{"background-color":"var(--ast-global-color-4)","background-image":"","background-repeat":"repeat","background-position":"center center","background-size":"auto","background-attachment":"scroll","background-type":"","background-media":"","overlay-type":"","overlay-color":"","overlay-opacity":"","overlay-gradient":""},"tablet":{"background-color":"","background-image":"","background-repeat":"repeat","background-position":"center center","background-size":"auto","background-attachment":"scroll","background-type":"","background-media":"","overlay-type":"","overlay-color":"","overlay-opacity":"","overlay-gradient":""},"mobile":{"background-color":"","background-image":"","background-repeat":"repeat","background-position":"center center","background-size":"auto","background-attachment":"scroll","background-type":"","background-media":"","overlay-type":"","overlay-color":"","overlay-opacity":"","overlay-gradient":""}},"ast-content-background-meta":{"desktop":{"background-color":"var(--ast-global-color-5)","background-image":"","background-repeat":"repeat","background-position":"center center","background-size":"auto","background-attachment":"scroll","background-type":"","background-media":"","overlay-type":"","overlay-color":"","overlay-opacity":"","overlay-gradient":""},"tablet":{"background-color":"var(--ast-global-color-5)","background-image":"","background-repeat":"repeat","background-position":"center center","background-size":"auto","background-attachment":"scroll","background-type":"","background-media":"","overlay-type":"","overlay-color":"","overlay-opacity":"","overlay-gradient":""},"mobile":{"background-color":"var(--ast-global-color-5)","background-image":"","background-repeat":"repeat","background-position":"center center","background-size":"auto","background-attachment":"scroll","background-type":"","background-media":"","overlay-type":"","overlay-color":"","overlay-opacity":"","overlay-gradient":""}}},"product_brand":[],"product_cat":[49,51],"product_tag":[],"class_list":{"0":"post-8643","1":"product","2":"type-product","3":"status-publish","4":"has-post-thumbnail","6":"product_cat-tiefkuehlung","7":"product_cat-weitere-tk-gerichte-kompenenten","8":"desktop-align-left","9":"tablet-align-left","10":"mobile-align-left","12":"first","13":"instock","14":"featured","15":"taxable","16":"shipping-taxable","17":"purchasable","18":"product-type-simple"},"acf":[],"yoast_head":"<!-- This site is optimized with the Yoast SEO plugin v24.5 - https:\/\/yoast.com\/wordpress\/plugins\/seo\/ -->\n<title>REWE Beste Wahl H\u00fchnerfrikassee 450g - BringFlix<\/title>\n<meta name=\"robots\" content=\"index, follow, max-snippet:-1, max-image-preview:large, max-video-preview:-1\" \/>\n<link rel=\"canonical\" href=\"https:\/\/bringflix.shop\/en\/Produkte\/rewe-beste-wahl-huehnerfrikassee-450g\/\" \/>\n<meta property=\"og:locale\" content=\"en_US\" \/>\n<meta property=\"og:type\" content=\"article\" \/>\n<meta property=\"og:title\" content=\"REWE Beste Wahl H\u00fchnerfrikassee 450g - BringFlix\" \/>\n<meta property=\"og:description\" content=\"Zutaten: Wasser, H\u00fchnerfleisch gegart 30%, Gem\u00fcsemischung 11,5% (Karotten, Erbsen, Spargel), Huhnfond (Wasser, Huhnextrakt, Speisesalz), SAHNE, MAGERMILCH, Champignons 2%, modifizierte St\u00e4rke, WEIZENMEHL, Wei\u00dfwein 1%, Zucker, jodiertes Speisesalz (Speisesalz, Kaliumjodat), H\u00fchnerfett, Raps\u00f6l, Gem\u00fcsepulverzubereitung (SELLERIE, Karotten, Speisesalz, Zwiebeln, Lauch, Gew\u00fcrze, Kr\u00e4uter, Maltodextrin, Dextrose), Zitronensaftkonzentrat, Gew\u00fcrze.  Enth\u00e4lt Alkohol  Kann Spuren von H\u00fchnereiern enthalten.   Allergenhinweise: Glutenhaltiges Getreide (Weizen, Gerste, Roggen, Hafer, Dinkel, Kamut oder Hybridst\u00e4mme) , Milch und Milcherzeugnisse (einschlie\u00dflich Lactose) , Sellerie und Sellerieerzeugnisse    N\u00e4hrwerte (je 100 g):    Energie 381 kJ   Energie 91 kcal   Fett 3,1 g   Fett, davon ges\u00e4ttigte Fetts\u00e4uren 1,3 g   Kohlenhydrate 4,5 g   Kohlenhydrate, davon Zucker 1,7 g   Ballaststoffe 0,8 g   Eiwei\u00df 10,8 g   Salz 1 g    &nbsp;\" \/>\n<meta property=\"og:url\" content=\"https:\/\/bringflix.shop\/en\/Produkte\/rewe-beste-wahl-huehnerfrikassee-450g\/\" \/>\n<meta property=\"og:site_name\" content=\"BringFlix\" \/>\n<meta property=\"article:modified_time\" content=\"2026-04-23T04:14:34+00:00\" \/>\n<meta property=\"og:image\" content=\"https:\/\/bringflix.shop\/wp-content\/uploads\/2025\/08\/1000116773.png\" \/>\n\t<meta property=\"og:image:width\" content=\"600\" \/>\n\t<meta property=\"og:image:height\" content=\"600\" \/>\n\t<meta property=\"og:image:type\" content=\"image\/png\" \/>\n<meta name=\"twitter:card\" content=\"summary_large_image\" \/>\n<meta name=\"twitter:label1\" content=\"Est. reading time\" \/>\n\t<meta name=\"twitter:data1\" content=\"1 minute\" \/>\n<script type=\"application\/ld+json\" class=\"yoast-schema-graph\">{\"@context\":\"https:\/\/schema.org\",\"@graph\":[{\"@type\":\"WebPage\",\"@id\":\"https:\/\/bringflix.shop\/Produkte\/rewe-beste-wahl-huehnerfrikassee-450g\/\",\"url\":\"https:\/\/bringflix.shop\/Produkte\/rewe-beste-wahl-huehnerfrikassee-450g\/\",\"name\":\"REWE Beste Wahl H\u00fchnerfrikassee 450g - BringFlix\",\"isPartOf\":{\"@id\":\"https:\/\/bringflix.shop\/#website\"},\"primaryImageOfPage\":{\"@id\":\"https:\/\/bringflix.shop\/Produkte\/rewe-beste-wahl-huehnerfrikassee-450g\/#primaryimage\"},\"image\":{\"@id\":\"https:\/\/bringflix.shop\/Produkte\/rewe-beste-wahl-huehnerfrikassee-450g\/#primaryimage\"},\"thumbnailUrl\":\"https:\/\/bringflix.shop\/wp-content\/uploads\/2025\/08\/1000116773.png\",\"datePublished\":\"2025-08-28T02:27:38+00:00\",\"dateModified\":\"2026-04-23T04:14:34+00:00\",\"breadcrumb\":{\"@id\":\"https:\/\/bringflix.shop\/Produkte\/rewe-beste-wahl-huehnerfrikassee-450g\/#breadcrumb\"},\"inLanguage\":\"en-US\",\"potentialAction\":[{\"@type\":\"ReadAction\",\"target\":[\"https:\/\/bringflix.shop\/Produkte\/rewe-beste-wahl-huehnerfrikassee-450g\/\"]}]},{\"@type\":\"ImageObject\",\"inLanguage\":\"en-US\",\"@id\":\"https:\/\/bringflix.shop\/Produkte\/rewe-beste-wahl-huehnerfrikassee-450g\/#primaryimage\",\"url\":\"https:\/\/bringflix.shop\/wp-content\/uploads\/2025\/08\/1000116773.png\",\"contentUrl\":\"https:\/\/bringflix.shop\/wp-content\/uploads\/2025\/08\/1000116773.png\",\"width\":600,\"height\":600},{\"@type\":\"BreadcrumbList\",\"@id\":\"https:\/\/bringflix.shop\/Produkte\/rewe-beste-wahl-huehnerfrikassee-450g\/#breadcrumb\",\"itemListElement\":[{\"@type\":\"ListItem\",\"position\":1,\"name\":\"Home\",\"item\":\"https:\/\/bringflix.shop\/\"},{\"@type\":\"ListItem\",\"position\":2,\"name\":\"Shop\",\"item\":\"https:\/\/bringflix.shop\/shop\/\"},{\"@type\":\"ListItem\",\"position\":3,\"name\":\"REWE Beste Wahl H\u00fchnerfrikassee 450g\"}]},{\"@type\":\"WebSite\",\"@id\":\"https:\/\/bringflix.shop\/#website\",\"url\":\"https:\/\/bringflix.shop\/\",\"name\":\"BringFlix\",\"description\":\"\",\"publisher\":{\"@id\":\"https:\/\/bringflix.shop\/#organization\"},\"potentialAction\":[{\"@type\":\"SearchAction\",\"target\":{\"@type\":\"EntryPoint\",\"urlTemplate\":\"https:\/\/bringflix.shop\/?s={search_term_string}\"},\"query-input\":{\"@type\":\"PropertyValueSpecification\",\"valueRequired\":true,\"valueName\":\"search_term_string\"}}],\"inLanguage\":\"en-US\"},{\"@type\":\"Organization\",\"@id\":\"https:\/\/bringflix.shop\/#organization\",\"name\":\"BringFlix\",\"url\":\"https:\/\/bringflix.shop\/\",\"logo\":{\"@type\":\"ImageObject\",\"inLanguage\":\"en-US\",\"@id\":\"https:\/\/bringflix.shop\/#\/schema\/logo\/image\/\",\"url\":\"https:\/\/bringflix.shop\/wp-content\/uploads\/2024\/11\/logo-bring-flix.png\",\"contentUrl\":\"https:\/\/bringflix.shop\/wp-content\/uploads\/2024\/11\/logo-bring-flix.png\",\"width\":858,\"height\":316,\"caption\":\"BringFlix\"},\"image\":{\"@id\":\"https:\/\/bringflix.shop\/#\/schema\/logo\/image\/\"}}]}<\/script>\n<!-- \/ Yoast SEO plugin. -->","yoast_head_json":{"title":"REWE Beste Wahl H\u00fchnerfrikassee 450g - BringFlix","robots":{"index":"index","follow":"follow","max-snippet":"max-snippet:-1","max-image-preview":"max-image-preview:large","max-video-preview":"max-video-preview:-1"},"canonical":"https:\/\/bringflix.shop\/en\/Produkte\/rewe-beste-wahl-huehnerfrikassee-450g\/","og_locale":"en_US","og_type":"article","og_title":"REWE Beste Wahl H\u00fchnerfrikassee 450g - BringFlix","og_description":"Zutaten: Wasser, H\u00fchnerfleisch gegart 30%, Gem\u00fcsemischung 11,5% (Karotten, Erbsen, Spargel), Huhnfond (Wasser, Huhnextrakt, Speisesalz), SAHNE, MAGERMILCH, Champignons 2%, modifizierte St\u00e4rke, WEIZENMEHL, Wei\u00dfwein 1%, Zucker, jodiertes Speisesalz (Speisesalz, Kaliumjodat), H\u00fchnerfett, Raps\u00f6l, Gem\u00fcsepulverzubereitung (SELLERIE, Karotten, Speisesalz, Zwiebeln, Lauch, Gew\u00fcrze, Kr\u00e4uter, Maltodextrin, Dextrose), Zitronensaftkonzentrat, Gew\u00fcrze.  Enth\u00e4lt Alkohol  Kann Spuren von H\u00fchnereiern enthalten.   Allergenhinweise: Glutenhaltiges Getreide (Weizen, Gerste, Roggen, Hafer, Dinkel, Kamut oder Hybridst\u00e4mme) , Milch und Milcherzeugnisse (einschlie\u00dflich Lactose) , Sellerie und Sellerieerzeugnisse    N\u00e4hrwerte (je 100 g):    Energie 381 kJ   Energie 91 kcal   Fett 3,1 g   Fett, davon ges\u00e4ttigte Fetts\u00e4uren 1,3 g   Kohlenhydrate 4,5 g   Kohlenhydrate, davon Zucker 1,7 g   Ballaststoffe 0,8 g   Eiwei\u00df 10,8 g   Salz 1 g    &nbsp;","og_url":"https:\/\/bringflix.shop\/en\/Produkte\/rewe-beste-wahl-huehnerfrikassee-450g\/","og_site_name":"BringFlix","article_modified_time":"2026-04-23T04:14:34+00:00","og_image":[{"width":600,"height":600,"url":"https:\/\/bringflix.shop\/wp-content\/uploads\/2025\/08\/1000116773.png","type":"image\/png"}],"twitter_card":"summary_large_image","twitter_misc":{"Est. reading time":"1 minute"},"schema":{"@context":"https:\/\/schema.org","@graph":[{"@type":"WebPage","@id":"https:\/\/bringflix.shop\/Produkte\/rewe-beste-wahl-huehnerfrikassee-450g\/","url":"https:\/\/bringflix.shop\/Produkte\/rewe-beste-wahl-huehnerfrikassee-450g\/","name":"REWE Beste Wahl H\u00fchnerfrikassee 450g - BringFlix","isPartOf":{"@id":"https:\/\/bringflix.shop\/#website"},"primaryImageOfPage":{"@id":"https:\/\/bringflix.shop\/Produkte\/rewe-beste-wahl-huehnerfrikassee-450g\/#primaryimage"},"image":{"@id":"https:\/\/bringflix.shop\/Produkte\/rewe-beste-wahl-huehnerfrikassee-450g\/#primaryimage"},"thumbnailUrl":"https:\/\/bringflix.shop\/wp-content\/uploads\/2025\/08\/1000116773.png","datePublished":"2025-08-28T02:27:38+00:00","dateModified":"2026-04-23T04:14:34+00:00","breadcrumb":{"@id":"https:\/\/bringflix.shop\/Produkte\/rewe-beste-wahl-huehnerfrikassee-450g\/#breadcrumb"},"inLanguage":"en-US","potentialAction":[{"@type":"ReadAction","target":["https:\/\/bringflix.shop\/Produkte\/rewe-beste-wahl-huehnerfrikassee-450g\/"]}]},{"@type":"ImageObject","inLanguage":"en-US","@id":"https:\/\/bringflix.shop\/Produkte\/rewe-beste-wahl-huehnerfrikassee-450g\/#primaryimage","url":"https:\/\/bringflix.shop\/wp-content\/uploads\/2025\/08\/1000116773.png","contentUrl":"https:\/\/bringflix.shop\/wp-content\/uploads\/2025\/08\/1000116773.png","width":600,"height":600},{"@type":"BreadcrumbList","@id":"https:\/\/bringflix.shop\/Produkte\/rewe-beste-wahl-huehnerfrikassee-450g\/#breadcrumb","itemListElement":[{"@type":"ListItem","position":1,"name":"Home","item":"https:\/\/bringflix.shop\/"},{"@type":"ListItem","position":2,"name":"Shop","item":"https:\/\/bringflix.shop\/shop\/"},{"@type":"ListItem","position":3,"name":"REWE Beste Wahl H\u00fchnerfrikassee 450g"}]},{"@type":"WebSite","@id":"https:\/\/bringflix.shop\/#website","url":"https:\/\/bringflix.shop\/","name":"BringFlix","description":"","publisher":{"@id":"https:\/\/bringflix.shop\/#organization"},"potentialAction":[{"@type":"SearchAction","target":{"@type":"EntryPoint","urlTemplate":"https:\/\/bringflix.shop\/?s={search_term_string}"},"query-input":{"@type":"PropertyValueSpecification","valueRequired":true,"valueName":"search_term_string"}}],"inLanguage":"en-US"},{"@type":"Organization","@id":"https:\/\/bringflix.shop\/#organization","name":"BringFlix","url":"https:\/\/bringflix.shop\/","logo":{"@type":"ImageObject","inLanguage":"en-US","@id":"https:\/\/bringflix.shop\/#\/schema\/logo\/image\/","url":"https:\/\/bringflix.shop\/wp-content\/uploads\/2024\/11\/logo-bring-flix.png","contentUrl":"https:\/\/bringflix.shop\/wp-content\/uploads\/2024\/11\/logo-bring-flix.png","width":858,"height":316,"caption":"BringFlix"},"image":{"@id":"https:\/\/bringflix.shop\/#\/schema\/logo\/image\/"}}]}},"jetpack_sharing_enabled":true,"_links":{"self":[{"href":"https:\/\/bringflix.shop\/en\/wp-json\/wp\/v2\/product\/8643","targetHints":{"allow":["GET"]}}],"collection":[{"href":"https:\/\/bringflix.shop\/en\/wp-json\/wp\/v2\/product"}],"about":[{"href":"https:\/\/bringflix.shop\/en\/wp-json\/wp\/v2\/types\/product"}],"replies":[{"embeddable":true,"href":"https:\/\/bringflix.shop\/en\/wp-json\/wp\/v2\/comments?post=8643"}],"wp:featuredmedia":[{"embeddable":true,"href":"https:\/\/bringflix.shop\/en\/wp-json\/wp\/v2\/media\/8648"}],"wp:attachment":[{"href":"https:\/\/bringflix.shop\/en\/wp-json\/wp\/v2\/media?parent=8643"}],"wp:term":[{"taxonomy":"product_brand","embeddable":true,"href":"https:\/\/bringflix.shop\/en\/wp-json\/wp\/v2\/product_brand?post=8643"},{"taxonomy":"product_cat","embeddable":true,"href":"https:\/\/bringflix.shop\/en\/wp-json\/wp\/v2\/product_cat?post=8643"},{"taxonomy":"product_tag","embeddable":true,"href":"https:\/\/bringflix.shop\/en\/wp-json\/wp\/v2\/product_tag?post=8643"}],"curies":[{"name":"wp","href":"https:\/\/api.w.org\/{rel}","templated":true}]}}