{"id":8244,"date":"2025-07-25T17:47:11","date_gmt":"2025-07-25T15:47:11","guid":{"rendered":"https:\/\/bringflix.shop\/?post_type=product&#038;p=8244"},"modified":"2026-04-29T15:39:48","modified_gmt":"2026-04-29T13:39:48","slug":"cremissimo-eis-stracciatella-825ml","status":"publish","type":"product","link":"https:\/\/bringflix.shop\/en\/Produkte\/cremissimo-eis-stracciatella-825ml\/","title":{"rendered":"Cremissimo Eis Stracciatella 825ml"},"content":{"rendered":"<h3>Bezeichnung:<\/h3>\n<p>Vanilleeis mit Schokoladensauce (16%) und Schokoladenst\u00fcckchen (7%).<\/p>\n<h3>Herkunft:<\/h3>\n<p>Deutschland<\/p>\n<h3>Konservierung und Lagerung:<\/h3>\n<p>Bei -18\u00b0C mindestens haltbar bis Ende: siehe Packungsaufdruck<\/p>\n<h3>Hersteller-\/Inverkehrbringer:<\/h3>\n<p>Unilever Deutschland, Postfach 570 385, 22772 Hamburg<\/p>","protected":false},"excerpt":{"rendered":"<h3>Zutaten:<\/h3>\n<p>entrahmte MILCH, Wasser, Zucker, Glukosesirup, Kokosfett, Fruktose, Kakaomasse\u00b9 (3%), Glukose-Fruktose-Sirup, MOLKENERZEUGNIS, fettarmes Kakaopulver\u00b9 (1%), Kakaobutter\u00b9 (0,5%), Stabilisatoren (Guarkernmehl, Tarakernmehl, Johannisbrotkernmehl), Emulgatoren (Mono- und Diglyceride von Speisefetts\u00e4uren, Ammoniumphosphatide), BUTTERFETT, nat\u00fcrliches Vanillearoma\u00b9. Kann WEIZEN, GERSTE, EI, SOJA, MANDEL, HASELNUSS, WALNUSS, PECANNUSS und PISTAZIE enthalten. \u00b9Rainforest Alliance-zertifiziert.<\/p>\n<h3>Allergene:<\/h3>\n<p>Enth\u00e4lt: Milch und Milcherzeugnisse (einschlie\u00dflich Lactose). Kann enthalten: Eier und Eierzeugnisse. N\u00fcsse und Nusserzeugnisse. Glutenhaltiges Getreide und glutenhaltige Getreideerzeugnisse. Soja und Sojaerzeugnisse.<\/p>\n<h3>N\u00e4hrwerte (je 100 g):<\/h3>\n<table class=\"pdsr-Table  pdpr-NutritionTable\">\n<tbody>\n<tr class=\"pdsr-Table--Row\">\n<td class=\"pdsr-Table--Cell--Highlight\">Energie<\/td>\n<td>481 kJ<\/td>\n<\/tr>\n<tr class=\"pdsr-Table--Row\">\n<td class=\"pdsr-Table--Cell--Highlight\">Energie<\/td>\n<td>116 kcal<\/td>\n<\/tr>\n<tr class=\"pdsr-Table--Row\">\n<td class=\"pdsr-Table--Cell--Highlight\">Fett<\/td>\n<td>4,6 g<\/td>\n<\/tr>\n<tr class=\"pdsr-Table--Row\">\n<td class=\"pdsr-Table--Cell--Highlight\">Fett, davon ges\u00e4ttigte Fetts\u00e4uren<\/td>\n<td>3,7 g<\/td>\n<\/tr>\n<tr class=\"pdsr-Table--Row\">\n<td class=\"pdsr-Table--Cell--Highlight\">Kohlenhydrate<\/td>\n<td>17 g<\/td>\n<\/tr>\n<tr class=\"pdsr-Table--Row\">\n<td class=\"pdsr-Table--Cell--Highlight\">Kohlenhydrate, davon Zucker<\/td>\n<td>12 g<\/td>\n<\/tr>\n<tr class=\"pdsr-Table--Row\">\n<td class=\"pdsr-Table--Cell--Highlight\">Ballaststoffe<\/td>\n<td>0,8 g<\/td>\n<\/tr>\n<tr class=\"pdsr-Table--Row\">\n<td class=\"pdsr-Table--Cell--Highlight\">Eiwei\u00df<\/td>\n<td>1,2 g<\/td>\n<\/tr>\n<tr class=\"pdsr-Table--Row\">\n<td class=\"pdsr-Table--Cell--Highlight\">Salz<\/td>\n<td>0,04 g<\/td>\n<\/tr>\n<\/tbody>\n<\/table>\n<p>&nbsp;<\/p>\n<p>&nbsp;<\/p>","protected":false},"featured_media":8252,"comment_status":"open","ping_status":"closed","template":"","meta":{"_acf_changed":false,"inline_featured_image":false,"site-sidebar-layout":"default","site-content-layout":"","ast-site-content-layout":"default","site-content-style":"default","site-sidebar-style":"default","ast-global-header-display":"","ast-banner-title-visibility":"","ast-main-header-display":"","ast-hfb-above-header-display":"","ast-hfb-below-header-display":"","ast-hfb-mobile-header-display":"","site-post-title":"","ast-breadcrumbs-content":"","ast-featured-img":"","footer-sml-layout":"","theme-transparent-header-meta":"default","adv-header-id-meta":"","stick-header-meta":"","header-above-stick-meta":"","header-main-stick-meta":"","header-below-stick-meta":"","astra-migrate-meta-layouts":"set","ast-page-background-enabled":"default","ast-page-background-meta":{"desktop":{"background-color":"var(--ast-global-color-4)","background-image":"","background-repeat":"repeat","background-position":"center center","background-size":"auto","background-attachment":"scroll","background-type":"","background-media":"","overlay-type":"","overlay-color":"","overlay-opacity":"","overlay-gradient":""},"tablet":{"background-color":"","background-image":"","background-repeat":"repeat","background-position":"center center","background-size":"auto","background-attachment":"scroll","background-type":"","background-media":"","overlay-type":"","overlay-color":"","overlay-opacity":"","overlay-gradient":""},"mobile":{"background-color":"","background-image":"","background-repeat":"repeat","background-position":"center center","background-size":"auto","background-attachment":"scroll","background-type":"","background-media":"","overlay-type":"","overlay-color":"","overlay-opacity":"","overlay-gradient":""}},"ast-content-background-meta":{"desktop":{"background-color":"var(--ast-global-color-5)","background-image":"","background-repeat":"repeat","background-position":"center center","background-size":"auto","background-attachment":"scroll","background-type":"","background-media":"","overlay-type":"","overlay-color":"","overlay-opacity":"","overlay-gradient":""},"tablet":{"background-color":"var(--ast-global-color-5)","background-image":"","background-repeat":"repeat","background-position":"center center","background-size":"auto","background-attachment":"scroll","background-type":"","background-media":"","overlay-type":"","overlay-color":"","overlay-opacity":"","overlay-gradient":""},"mobile":{"background-color":"var(--ast-global-color-5)","background-image":"","background-repeat":"repeat","background-position":"center center","background-size":"auto","background-attachment":"scroll","background-type":"","background-media":"","overlay-type":"","overlay-color":"","overlay-opacity":"","overlay-gradient":""}}},"product_brand":[],"product_cat":[52,49],"product_tag":[200,197,199,198],"class_list":{"0":"post-8244","1":"product","2":"type-product","3":"status-publish","4":"has-post-thumbnail","6":"product_cat-eiscreme-tk-fruechte","7":"product_cat-tiefkuehlung","8":"product_tag-creme","9":"product_tag-eis","10":"product_tag-eiscreme","11":"product_tag-ice","12":"desktop-align-left","13":"tablet-align-left","14":"mobile-align-left","16":"first","17":"instock","18":"taxable","19":"shipping-taxable","20":"purchasable","21":"product-type-simple"},"acf":[],"yoast_head":"<!-- This site is optimized with the Yoast SEO plugin v24.5 - https:\/\/yoast.com\/wordpress\/plugins\/seo\/ -->\n<title>Cremissimo Eis Stracciatella 825ml - BringFlix<\/title>\n<meta name=\"robots\" content=\"index, follow, max-snippet:-1, max-image-preview:large, max-video-preview:-1\" \/>\n<link rel=\"canonical\" href=\"https:\/\/bringflix.shop\/en\/Produkte\/cremissimo-eis-stracciatella-825ml\/\" \/>\n<meta property=\"og:locale\" content=\"en_US\" \/>\n<meta property=\"og:type\" content=\"article\" \/>\n<meta property=\"og:title\" content=\"Cremissimo Eis Stracciatella 825ml - BringFlix\" \/>\n<meta property=\"og:description\" content=\"Zutaten: entrahmte MILCH, Wasser, Zucker, Glukosesirup, Kokosfett, Fruktose, Kakaomasse\u00b9 (3%), Glukose-Fruktose-Sirup, MOLKENERZEUGNIS, fettarmes Kakaopulver\u00b9 (1%), Kakaobutter\u00b9 (0,5%), Stabilisatoren (Guarkernmehl, Tarakernmehl, Johannisbrotkernmehl), Emulgatoren (Mono- und Diglyceride von Speisefetts\u00e4uren, Ammoniumphosphatide), BUTTERFETT, nat\u00fcrliches Vanillearoma\u00b9. Kann WEIZEN, GERSTE, EI, SOJA, MANDEL, HASELNUSS, WALNUSS, PECANNUSS und PISTAZIE enthalten. \u00b9Rainforest Alliance-zertifiziert. Allergene: Enth\u00e4lt: Milch und Milcherzeugnisse (einschlie\u00dflich Lactose). Kann enthalten: Eier und Eierzeugnisse. N\u00fcsse und Nusserzeugnisse. Glutenhaltiges Getreide und glutenhaltige Getreideerzeugnisse. Soja und Sojaerzeugnisse. N\u00e4hrwerte (je 100 g):    Energie 481 kJ   Energie 116 kcal   Fett 4,6 g   Fett, davon ges\u00e4ttigte Fetts\u00e4uren 3,7 g   Kohlenhydrate 17 g   Kohlenhydrate, davon Zucker 12 g   Ballaststoffe 0,8 g   Eiwei\u00df 1,2 g   Salz 0,04 g    &nbsp;  &nbsp;\" \/>\n<meta property=\"og:url\" content=\"https:\/\/bringflix.shop\/en\/Produkte\/cremissimo-eis-stracciatella-825ml\/\" \/>\n<meta property=\"og:site_name\" content=\"BringFlix\" \/>\n<meta property=\"article:modified_time\" content=\"2026-04-29T13:39:48+00:00\" \/>\n<meta property=\"og:image\" content=\"https:\/\/bringflix.shop\/wp-content\/uploads\/2025\/07\/1000115506.png\" \/>\n\t<meta property=\"og:image:width\" content=\"480\" \/>\n\t<meta property=\"og:image:height\" content=\"480\" \/>\n\t<meta property=\"og:image:type\" content=\"image\/png\" \/>\n<meta name=\"twitter:card\" content=\"summary_large_image\" \/>\n<meta name=\"twitter:label1\" content=\"Est. reading time\" \/>\n\t<meta name=\"twitter:data1\" content=\"1 minute\" \/>\n<script type=\"application\/ld+json\" class=\"yoast-schema-graph\">{\"@context\":\"https:\/\/schema.org\",\"@graph\":[{\"@type\":\"WebPage\",\"@id\":\"https:\/\/bringflix.shop\/Produkte\/cremissimo-eis-stracciatella-825ml\/\",\"url\":\"https:\/\/bringflix.shop\/Produkte\/cremissimo-eis-stracciatella-825ml\/\",\"name\":\"Cremissimo Eis Stracciatella 825ml - BringFlix\",\"isPartOf\":{\"@id\":\"https:\/\/bringflix.shop\/#website\"},\"primaryImageOfPage\":{\"@id\":\"https:\/\/bringflix.shop\/Produkte\/cremissimo-eis-stracciatella-825ml\/#primaryimage\"},\"image\":{\"@id\":\"https:\/\/bringflix.shop\/Produkte\/cremissimo-eis-stracciatella-825ml\/#primaryimage\"},\"thumbnailUrl\":\"https:\/\/bringflix.shop\/wp-content\/uploads\/2025\/07\/1000115506.png\",\"datePublished\":\"2025-07-25T15:47:11+00:00\",\"dateModified\":\"2026-04-29T13:39:48+00:00\",\"breadcrumb\":{\"@id\":\"https:\/\/bringflix.shop\/Produkte\/cremissimo-eis-stracciatella-825ml\/#breadcrumb\"},\"inLanguage\":\"en-US\",\"potentialAction\":[{\"@type\":\"ReadAction\",\"target\":[\"https:\/\/bringflix.shop\/Produkte\/cremissimo-eis-stracciatella-825ml\/\"]}]},{\"@type\":\"ImageObject\",\"inLanguage\":\"en-US\",\"@id\":\"https:\/\/bringflix.shop\/Produkte\/cremissimo-eis-stracciatella-825ml\/#primaryimage\",\"url\":\"https:\/\/bringflix.shop\/wp-content\/uploads\/2025\/07\/1000115506.png\",\"contentUrl\":\"https:\/\/bringflix.shop\/wp-content\/uploads\/2025\/07\/1000115506.png\",\"width\":480,\"height\":480},{\"@type\":\"BreadcrumbList\",\"@id\":\"https:\/\/bringflix.shop\/Produkte\/cremissimo-eis-stracciatella-825ml\/#breadcrumb\",\"itemListElement\":[{\"@type\":\"ListItem\",\"position\":1,\"name\":\"Home\",\"item\":\"https:\/\/bringflix.shop\/\"},{\"@type\":\"ListItem\",\"position\":2,\"name\":\"Shop\",\"item\":\"https:\/\/bringflix.shop\/shop\/\"},{\"@type\":\"ListItem\",\"position\":3,\"name\":\"Cremissimo Eis Stracciatella 825ml\"}]},{\"@type\":\"WebSite\",\"@id\":\"https:\/\/bringflix.shop\/#website\",\"url\":\"https:\/\/bringflix.shop\/\",\"name\":\"BringFlix\",\"description\":\"\",\"publisher\":{\"@id\":\"https:\/\/bringflix.shop\/#organization\"},\"potentialAction\":[{\"@type\":\"SearchAction\",\"target\":{\"@type\":\"EntryPoint\",\"urlTemplate\":\"https:\/\/bringflix.shop\/?s={search_term_string}\"},\"query-input\":{\"@type\":\"PropertyValueSpecification\",\"valueRequired\":true,\"valueName\":\"search_term_string\"}}],\"inLanguage\":\"en-US\"},{\"@type\":\"Organization\",\"@id\":\"https:\/\/bringflix.shop\/#organization\",\"name\":\"BringFlix\",\"url\":\"https:\/\/bringflix.shop\/\",\"logo\":{\"@type\":\"ImageObject\",\"inLanguage\":\"en-US\",\"@id\":\"https:\/\/bringflix.shop\/#\/schema\/logo\/image\/\",\"url\":\"https:\/\/bringflix.shop\/wp-content\/uploads\/2024\/11\/logo-bring-flix.png\",\"contentUrl\":\"https:\/\/bringflix.shop\/wp-content\/uploads\/2024\/11\/logo-bring-flix.png\",\"width\":858,\"height\":316,\"caption\":\"BringFlix\"},\"image\":{\"@id\":\"https:\/\/bringflix.shop\/#\/schema\/logo\/image\/\"}}]}<\/script>\n<!-- \/ Yoast SEO plugin. -->","yoast_head_json":{"title":"Cremissimo Eis Stracciatella 825ml - BringFlix","robots":{"index":"index","follow":"follow","max-snippet":"max-snippet:-1","max-image-preview":"max-image-preview:large","max-video-preview":"max-video-preview:-1"},"canonical":"https:\/\/bringflix.shop\/en\/Produkte\/cremissimo-eis-stracciatella-825ml\/","og_locale":"en_US","og_type":"article","og_title":"Cremissimo Eis Stracciatella 825ml - BringFlix","og_description":"Zutaten: entrahmte MILCH, Wasser, Zucker, Glukosesirup, Kokosfett, Fruktose, Kakaomasse\u00b9 (3%), Glukose-Fruktose-Sirup, MOLKENERZEUGNIS, fettarmes Kakaopulver\u00b9 (1%), Kakaobutter\u00b9 (0,5%), Stabilisatoren (Guarkernmehl, Tarakernmehl, Johannisbrotkernmehl), Emulgatoren (Mono- und Diglyceride von Speisefetts\u00e4uren, Ammoniumphosphatide), BUTTERFETT, nat\u00fcrliches Vanillearoma\u00b9. Kann WEIZEN, GERSTE, EI, SOJA, MANDEL, HASELNUSS, WALNUSS, PECANNUSS und PISTAZIE enthalten. \u00b9Rainforest Alliance-zertifiziert. Allergene: Enth\u00e4lt: Milch und Milcherzeugnisse (einschlie\u00dflich Lactose). Kann enthalten: Eier und Eierzeugnisse. N\u00fcsse und Nusserzeugnisse. Glutenhaltiges Getreide und glutenhaltige Getreideerzeugnisse. Soja und Sojaerzeugnisse. N\u00e4hrwerte (je 100 g):    Energie 481 kJ   Energie 116 kcal   Fett 4,6 g   Fett, davon ges\u00e4ttigte Fetts\u00e4uren 3,7 g   Kohlenhydrate 17 g   Kohlenhydrate, davon Zucker 12 g   Ballaststoffe 0,8 g   Eiwei\u00df 1,2 g   Salz 0,04 g    &nbsp;  &nbsp;","og_url":"https:\/\/bringflix.shop\/en\/Produkte\/cremissimo-eis-stracciatella-825ml\/","og_site_name":"BringFlix","article_modified_time":"2026-04-29T13:39:48+00:00","og_image":[{"width":480,"height":480,"url":"https:\/\/bringflix.shop\/wp-content\/uploads\/2025\/07\/1000115506.png","type":"image\/png"}],"twitter_card":"summary_large_image","twitter_misc":{"Est. reading time":"1 minute"},"schema":{"@context":"https:\/\/schema.org","@graph":[{"@type":"WebPage","@id":"https:\/\/bringflix.shop\/Produkte\/cremissimo-eis-stracciatella-825ml\/","url":"https:\/\/bringflix.shop\/Produkte\/cremissimo-eis-stracciatella-825ml\/","name":"Cremissimo Eis Stracciatella 825ml - BringFlix","isPartOf":{"@id":"https:\/\/bringflix.shop\/#website"},"primaryImageOfPage":{"@id":"https:\/\/bringflix.shop\/Produkte\/cremissimo-eis-stracciatella-825ml\/#primaryimage"},"image":{"@id":"https:\/\/bringflix.shop\/Produkte\/cremissimo-eis-stracciatella-825ml\/#primaryimage"},"thumbnailUrl":"https:\/\/bringflix.shop\/wp-content\/uploads\/2025\/07\/1000115506.png","datePublished":"2025-07-25T15:47:11+00:00","dateModified":"2026-04-29T13:39:48+00:00","breadcrumb":{"@id":"https:\/\/bringflix.shop\/Produkte\/cremissimo-eis-stracciatella-825ml\/#breadcrumb"},"inLanguage":"en-US","potentialAction":[{"@type":"ReadAction","target":["https:\/\/bringflix.shop\/Produkte\/cremissimo-eis-stracciatella-825ml\/"]}]},{"@type":"ImageObject","inLanguage":"en-US","@id":"https:\/\/bringflix.shop\/Produkte\/cremissimo-eis-stracciatella-825ml\/#primaryimage","url":"https:\/\/bringflix.shop\/wp-content\/uploads\/2025\/07\/1000115506.png","contentUrl":"https:\/\/bringflix.shop\/wp-content\/uploads\/2025\/07\/1000115506.png","width":480,"height":480},{"@type":"BreadcrumbList","@id":"https:\/\/bringflix.shop\/Produkte\/cremissimo-eis-stracciatella-825ml\/#breadcrumb","itemListElement":[{"@type":"ListItem","position":1,"name":"Home","item":"https:\/\/bringflix.shop\/"},{"@type":"ListItem","position":2,"name":"Shop","item":"https:\/\/bringflix.shop\/shop\/"},{"@type":"ListItem","position":3,"name":"Cremissimo Eis Stracciatella 825ml"}]},{"@type":"WebSite","@id":"https:\/\/bringflix.shop\/#website","url":"https:\/\/bringflix.shop\/","name":"BringFlix","description":"","publisher":{"@id":"https:\/\/bringflix.shop\/#organization"},"potentialAction":[{"@type":"SearchAction","target":{"@type":"EntryPoint","urlTemplate":"https:\/\/bringflix.shop\/?s={search_term_string}"},"query-input":{"@type":"PropertyValueSpecification","valueRequired":true,"valueName":"search_term_string"}}],"inLanguage":"en-US"},{"@type":"Organization","@id":"https:\/\/bringflix.shop\/#organization","name":"BringFlix","url":"https:\/\/bringflix.shop\/","logo":{"@type":"ImageObject","inLanguage":"en-US","@id":"https:\/\/bringflix.shop\/#\/schema\/logo\/image\/","url":"https:\/\/bringflix.shop\/wp-content\/uploads\/2024\/11\/logo-bring-flix.png","contentUrl":"https:\/\/bringflix.shop\/wp-content\/uploads\/2024\/11\/logo-bring-flix.png","width":858,"height":316,"caption":"BringFlix"},"image":{"@id":"https:\/\/bringflix.shop\/#\/schema\/logo\/image\/"}}]}},"jetpack_sharing_enabled":true,"_links":{"self":[{"href":"https:\/\/bringflix.shop\/en\/wp-json\/wp\/v2\/product\/8244","targetHints":{"allow":["GET"]}}],"collection":[{"href":"https:\/\/bringflix.shop\/en\/wp-json\/wp\/v2\/product"}],"about":[{"href":"https:\/\/bringflix.shop\/en\/wp-json\/wp\/v2\/types\/product"}],"replies":[{"embeddable":true,"href":"https:\/\/bringflix.shop\/en\/wp-json\/wp\/v2\/comments?post=8244"}],"wp:featuredmedia":[{"embeddable":true,"href":"https:\/\/bringflix.shop\/en\/wp-json\/wp\/v2\/media\/8252"}],"wp:attachment":[{"href":"https:\/\/bringflix.shop\/en\/wp-json\/wp\/v2\/media?parent=8244"}],"wp:term":[{"taxonomy":"product_brand","embeddable":true,"href":"https:\/\/bringflix.shop\/en\/wp-json\/wp\/v2\/product_brand?post=8244"},{"taxonomy":"product_cat","embeddable":true,"href":"https:\/\/bringflix.shop\/en\/wp-json\/wp\/v2\/product_cat?post=8244"},{"taxonomy":"product_tag","embeddable":true,"href":"https:\/\/bringflix.shop\/en\/wp-json\/wp\/v2\/product_tag?post=8244"}],"curies":[{"name":"wp","href":"https:\/\/api.w.org\/{rel}","templated":true}]}}