{"id":8207,"date":"2025-07-21T12:34:39","date_gmt":"2025-07-21T10:34:39","guid":{"rendered":"https:\/\/bringflix.shop\/?post_type=product&#038;p=8207"},"modified":"2026-05-03T21:55:37","modified_gmt":"2026-05-03T19:55:37","slug":"funny-frisch-kessel-chips-crosscut-spicy-bbq-sauce-120g","status":"publish","type":"product","link":"https:\/\/bringflix.shop\/en\/Produkte\/funny-frisch-kessel-chips-crosscut-spicy-bbq-sauce-120g\/","title":{"rendered":"Funny-frisch Kessel Chips CrossCut Spicy BBQ Sauce 120g"},"content":{"rendered":"<h3><b>Bezeichnung:<\/b><\/h3>\n<p>Geriffelte Kartoffelchips mit Schale frittiert mit BBQ-Geschmack<\/p>\n<h3><b>Herkunft:<\/b><\/h3>\n<p>Deutschland<\/p>\n<h3><b>Hersteller-\/Inverkehrbringer:<\/b><\/h3>\n<p>Intersnack Deutschland SE, Erna-Scheffler-Str. 3, DE-51103 K\u00f6ln<\/p>","protected":false},"excerpt":{"rendered":"<h3><b>Zutaten:<\/b><\/h3>\n<p>Kartoffeln, pflanzliche \u00d6le (Sonnenblume, Raps in ver\u00e4nderlichen Gewichtsanteilen), Zucker, Speisesalz, Hefeextrakt, Paprikapulver, Zwiebelpulver, Tomatenpulver, Honigpulver, S\u00e4uerungsmittel (Citronens\u00e4ure), Chilipulver, Knoblauchpulver, ger\u00e4uchertes Maltodextrin, Gew\u00fcrz, ger\u00e4ucherte Dextrose, Farbstoff (Paprikaextrakt), Kr\u00e4uter, ger\u00e4uchertes Speisesalz, nat\u00fcrliches Aroma.<\/p>\n<h3><b>N\u00e4hrwerte (je 100 g):<\/b><b>\u00a0<\/b><\/h3>\n<table class=\"pdsr-Table pdpr-NutritionTable\">\n<tbody>\n<tr class=\"pdsr-Table--Row\">\n<td class=\"pdsr-Table--Cell--Highlight\">Energie<\/td>\n<td>2.132 kJ<\/td>\n<\/tr>\n<tr class=\"pdsr-Table--Row\">\n<td class=\"pdsr-Table--Cell--Highlight\">Energie<\/td>\n<td>511 kcal<\/td>\n<\/tr>\n<tr class=\"pdsr-Table--Row\">\n<td class=\"pdsr-Table--Cell--Highlight\">Fett<\/td>\n<td>29 g<\/td>\n<\/tr>\n<tr class=\"pdsr-Table--Row\">\n<td class=\"pdsr-Table--Cell--Highlight\">Fett, davon ges\u00e4ttigte Fetts\u00e4uren<\/td>\n<td>2,4 g<\/td>\n<\/tr>\n<tr class=\"pdsr-Table--Row\">\n<td class=\"pdsr-Table--Cell--Highlight\">Fett, davon einfach unges\u00e4ttigte Fetts\u00e4uren<\/td>\n<td>0 g<\/td>\n<\/tr>\n<tr class=\"pdsr-Table--Row\">\n<td class=\"pdsr-Table--Cell--Highlight\">Fett, davon mehrfach unges\u00e4ttigte Fetts\u00e4uren<\/td>\n<td>0 g<\/td>\n<\/tr>\n<tr class=\"pdsr-Table--Row\">\n<td class=\"pdsr-Table--Cell--Highlight\">Kohlenhydrate<\/td>\n<td>53 g<\/td>\n<\/tr>\n<tr class=\"pdsr-Table--Row\">\n<td class=\"pdsr-Table--Cell--Highlight\">Kohlenhydrate, davon Zucker<\/td>\n<td>3 g<\/td>\n<\/tr>\n<tr class=\"pdsr-Table--Row\">\n<td class=\"pdsr-Table--Cell--Highlight\">Ballaststoffe<\/td>\n<td>4,5 g<\/td>\n<\/tr>\n<tr class=\"pdsr-Table--Row\">\n<td class=\"pdsr-Table--Cell--Highlight\">Eiwei\u00df<\/td>\n<td>6,1 g<\/td>\n<\/tr>\n<tr class=\"pdsr-Table--Row\">\n<td class=\"pdsr-Table--Cell--Highlight\">Salz<\/td>\n<td>1,2 g<\/td>\n<\/tr>\n<\/tbody>\n<\/table>\n<p>&nbsp;<\/p>\n<p>&nbsp;<\/p>","protected":false},"featured_media":8216,"comment_status":"open","ping_status":"closed","template":"","meta":{"_acf_changed":false,"inline_featured_image":false,"site-sidebar-layout":"default","site-content-layout":"","ast-site-content-layout":"default","site-content-style":"default","site-sidebar-style":"default","ast-global-header-display":"","ast-banner-title-visibility":"","ast-main-header-display":"","ast-hfb-above-header-display":"","ast-hfb-below-header-display":"","ast-hfb-mobile-header-display":"","site-post-title":"","ast-breadcrumbs-content":"","ast-featured-img":"","footer-sml-layout":"","theme-transparent-header-meta":"default","adv-header-id-meta":"","stick-header-meta":"","header-above-stick-meta":"","header-main-stick-meta":"","header-below-stick-meta":"","astra-migrate-meta-layouts":"set","ast-page-background-enabled":"default","ast-page-background-meta":{"desktop":{"background-color":"var(--ast-global-color-4)","background-image":"","background-repeat":"repeat","background-position":"center center","background-size":"auto","background-attachment":"scroll","background-type":"","background-media":"","overlay-type":"","overlay-color":"","overlay-opacity":"","overlay-gradient":""},"tablet":{"background-color":"","background-image":"","background-repeat":"repeat","background-position":"center center","background-size":"auto","background-attachment":"scroll","background-type":"","background-media":"","overlay-type":"","overlay-color":"","overlay-opacity":"","overlay-gradient":""},"mobile":{"background-color":"","background-image":"","background-repeat":"repeat","background-position":"center center","background-size":"auto","background-attachment":"scroll","background-type":"","background-media":"","overlay-type":"","overlay-color":"","overlay-opacity":"","overlay-gradient":""}},"ast-content-background-meta":{"desktop":{"background-color":"var(--ast-global-color-5)","background-image":"","background-repeat":"repeat","background-position":"center center","background-size":"auto","background-attachment":"scroll","background-type":"","background-media":"","overlay-type":"","overlay-color":"","overlay-opacity":"","overlay-gradient":""},"tablet":{"background-color":"var(--ast-global-color-5)","background-image":"","background-repeat":"repeat","background-position":"center center","background-size":"auto","background-attachment":"scroll","background-type":"","background-media":"","overlay-type":"","overlay-color":"","overlay-opacity":"","overlay-gradient":""},"mobile":{"background-color":"var(--ast-global-color-5)","background-image":"","background-repeat":"repeat","background-position":"center center","background-size":"auto","background-attachment":"scroll","background-type":"","background-media":"","overlay-type":"","overlay-color":"","overlay-opacity":"","overlay-gradient":""}}},"product_brand":[],"product_cat":[44,39],"product_tag":[],"class_list":{"0":"post-8207","1":"product","2":"type-product","3":"status-publish","4":"has-post-thumbnail","6":"product_cat-salzige-snacks","7":"product_cat-suesse-salzige-snacks","8":"desktop-align-left","9":"tablet-align-left","10":"mobile-align-left","12":"first","13":"instock","14":"taxable","15":"shipping-taxable","16":"purchasable","17":"product-type-simple"},"acf":[],"yoast_head":"<!-- This site is optimized with the Yoast SEO plugin v24.5 - https:\/\/yoast.com\/wordpress\/plugins\/seo\/ -->\n<title>Funny-frisch Kessel Chips CrossCut Spicy BBQ Sauce 120g - BringFlix<\/title>\n<meta name=\"robots\" content=\"index, follow, max-snippet:-1, max-image-preview:large, max-video-preview:-1\" \/>\n<link rel=\"canonical\" href=\"https:\/\/bringflix.shop\/en\/Produkte\/funny-frisch-kessel-chips-crosscut-spicy-bbq-sauce-120g\/\" \/>\n<meta property=\"og:locale\" content=\"en_US\" \/>\n<meta property=\"og:type\" content=\"article\" \/>\n<meta property=\"og:title\" content=\"Funny-frisch Kessel Chips CrossCut Spicy BBQ Sauce 120g - BringFlix\" \/>\n<meta property=\"og:description\" content=\"Zutaten: Kartoffeln, pflanzliche \u00d6le (Sonnenblume, Raps in ver\u00e4nderlichen Gewichtsanteilen), Zucker, Speisesalz, Hefeextrakt, Paprikapulver, Zwiebelpulver, Tomatenpulver, Honigpulver, S\u00e4uerungsmittel (Citronens\u00e4ure), Chilipulver, Knoblauchpulver, ger\u00e4uchertes Maltodextrin, Gew\u00fcrz, ger\u00e4ucherte Dextrose, Farbstoff (Paprikaextrakt), Kr\u00e4uter, ger\u00e4uchertes Speisesalz, nat\u00fcrliches Aroma. N\u00e4hrwerte (je 100 g):\u00a0    Energie 2.132 kJ   Energie 511 kcal   Fett 29 g   Fett, davon ges\u00e4ttigte Fetts\u00e4uren 2,4 g   Fett, davon einfach unges\u00e4ttigte Fetts\u00e4uren 0 g   Fett, davon mehrfach unges\u00e4ttigte Fetts\u00e4uren 0 g   Kohlenhydrate 53 g   Kohlenhydrate, davon Zucker 3 g   Ballaststoffe 4,5 g   Eiwei\u00df 6,1 g   Salz 1,2 g    &nbsp;  &nbsp;\" \/>\n<meta property=\"og:url\" content=\"https:\/\/bringflix.shop\/en\/Produkte\/funny-frisch-kessel-chips-crosscut-spicy-bbq-sauce-120g\/\" \/>\n<meta property=\"og:site_name\" content=\"BringFlix\" \/>\n<meta property=\"article:modified_time\" content=\"2026-05-03T19:55:37+00:00\" \/>\n<meta property=\"og:image\" content=\"https:\/\/bringflix.shop\/wp-content\/uploads\/2025\/07\/Photoroom-20250722_095413_14_copy_480x480.png\" \/>\n\t<meta property=\"og:image:width\" content=\"480\" \/>\n\t<meta property=\"og:image:height\" content=\"480\" \/>\n\t<meta property=\"og:image:type\" content=\"image\/png\" \/>\n<meta name=\"twitter:card\" content=\"summary_large_image\" \/>\n<meta name=\"twitter:label1\" content=\"Est. reading time\" \/>\n\t<meta name=\"twitter:data1\" content=\"1 minute\" \/>\n<script type=\"application\/ld+json\" class=\"yoast-schema-graph\">{\"@context\":\"https:\/\/schema.org\",\"@graph\":[{\"@type\":\"WebPage\",\"@id\":\"https:\/\/bringflix.shop\/Produkte\/funny-frisch-kessel-chips-crosscut-spicy-bbq-sauce-120g\/\",\"url\":\"https:\/\/bringflix.shop\/Produkte\/funny-frisch-kessel-chips-crosscut-spicy-bbq-sauce-120g\/\",\"name\":\"Funny-frisch Kessel Chips CrossCut Spicy BBQ Sauce 120g - BringFlix\",\"isPartOf\":{\"@id\":\"https:\/\/bringflix.shop\/#website\"},\"primaryImageOfPage\":{\"@id\":\"https:\/\/bringflix.shop\/Produkte\/funny-frisch-kessel-chips-crosscut-spicy-bbq-sauce-120g\/#primaryimage\"},\"image\":{\"@id\":\"https:\/\/bringflix.shop\/Produkte\/funny-frisch-kessel-chips-crosscut-spicy-bbq-sauce-120g\/#primaryimage\"},\"thumbnailUrl\":\"https:\/\/bringflix.shop\/wp-content\/uploads\/2025\/07\/Photoroom-20250722_095413_14_copy_480x480.png\",\"datePublished\":\"2025-07-21T10:34:39+00:00\",\"dateModified\":\"2026-05-03T19:55:37+00:00\",\"breadcrumb\":{\"@id\":\"https:\/\/bringflix.shop\/Produkte\/funny-frisch-kessel-chips-crosscut-spicy-bbq-sauce-120g\/#breadcrumb\"},\"inLanguage\":\"en-US\",\"potentialAction\":[{\"@type\":\"ReadAction\",\"target\":[\"https:\/\/bringflix.shop\/Produkte\/funny-frisch-kessel-chips-crosscut-spicy-bbq-sauce-120g\/\"]}]},{\"@type\":\"ImageObject\",\"inLanguage\":\"en-US\",\"@id\":\"https:\/\/bringflix.shop\/Produkte\/funny-frisch-kessel-chips-crosscut-spicy-bbq-sauce-120g\/#primaryimage\",\"url\":\"https:\/\/bringflix.shop\/wp-content\/uploads\/2025\/07\/Photoroom-20250722_095413_14_copy_480x480.png\",\"contentUrl\":\"https:\/\/bringflix.shop\/wp-content\/uploads\/2025\/07\/Photoroom-20250722_095413_14_copy_480x480.png\",\"width\":480,\"height\":480},{\"@type\":\"BreadcrumbList\",\"@id\":\"https:\/\/bringflix.shop\/Produkte\/funny-frisch-kessel-chips-crosscut-spicy-bbq-sauce-120g\/#breadcrumb\",\"itemListElement\":[{\"@type\":\"ListItem\",\"position\":1,\"name\":\"Home\",\"item\":\"https:\/\/bringflix.shop\/\"},{\"@type\":\"ListItem\",\"position\":2,\"name\":\"Shop\",\"item\":\"https:\/\/bringflix.shop\/shop\/\"},{\"@type\":\"ListItem\",\"position\":3,\"name\":\"Funny-frisch Kessel Chips CrossCut Spicy BBQ Sauce 120g\"}]},{\"@type\":\"WebSite\",\"@id\":\"https:\/\/bringflix.shop\/#website\",\"url\":\"https:\/\/bringflix.shop\/\",\"name\":\"BringFlix\",\"description\":\"\",\"publisher\":{\"@id\":\"https:\/\/bringflix.shop\/#organization\"},\"potentialAction\":[{\"@type\":\"SearchAction\",\"target\":{\"@type\":\"EntryPoint\",\"urlTemplate\":\"https:\/\/bringflix.shop\/?s={search_term_string}\"},\"query-input\":{\"@type\":\"PropertyValueSpecification\",\"valueRequired\":true,\"valueName\":\"search_term_string\"}}],\"inLanguage\":\"en-US\"},{\"@type\":\"Organization\",\"@id\":\"https:\/\/bringflix.shop\/#organization\",\"name\":\"BringFlix\",\"url\":\"https:\/\/bringflix.shop\/\",\"logo\":{\"@type\":\"ImageObject\",\"inLanguage\":\"en-US\",\"@id\":\"https:\/\/bringflix.shop\/#\/schema\/logo\/image\/\",\"url\":\"https:\/\/bringflix.shop\/wp-content\/uploads\/2024\/11\/logo-bring-flix.png\",\"contentUrl\":\"https:\/\/bringflix.shop\/wp-content\/uploads\/2024\/11\/logo-bring-flix.png\",\"width\":858,\"height\":316,\"caption\":\"BringFlix\"},\"image\":{\"@id\":\"https:\/\/bringflix.shop\/#\/schema\/logo\/image\/\"}}]}<\/script>\n<!-- \/ Yoast SEO plugin. -->","yoast_head_json":{"title":"Funny-frisch Kessel Chips CrossCut Spicy BBQ Sauce 120g - BringFlix","robots":{"index":"index","follow":"follow","max-snippet":"max-snippet:-1","max-image-preview":"max-image-preview:large","max-video-preview":"max-video-preview:-1"},"canonical":"https:\/\/bringflix.shop\/en\/Produkte\/funny-frisch-kessel-chips-crosscut-spicy-bbq-sauce-120g\/","og_locale":"en_US","og_type":"article","og_title":"Funny-frisch Kessel Chips CrossCut Spicy BBQ Sauce 120g - BringFlix","og_description":"Zutaten: Kartoffeln, pflanzliche \u00d6le (Sonnenblume, Raps in ver\u00e4nderlichen Gewichtsanteilen), Zucker, Speisesalz, Hefeextrakt, Paprikapulver, Zwiebelpulver, Tomatenpulver, Honigpulver, S\u00e4uerungsmittel (Citronens\u00e4ure), Chilipulver, Knoblauchpulver, ger\u00e4uchertes Maltodextrin, Gew\u00fcrz, ger\u00e4ucherte Dextrose, Farbstoff (Paprikaextrakt), Kr\u00e4uter, ger\u00e4uchertes Speisesalz, nat\u00fcrliches Aroma. N\u00e4hrwerte (je 100 g):\u00a0    Energie 2.132 kJ   Energie 511 kcal   Fett 29 g   Fett, davon ges\u00e4ttigte Fetts\u00e4uren 2,4 g   Fett, davon einfach unges\u00e4ttigte Fetts\u00e4uren 0 g   Fett, davon mehrfach unges\u00e4ttigte Fetts\u00e4uren 0 g   Kohlenhydrate 53 g   Kohlenhydrate, davon Zucker 3 g   Ballaststoffe 4,5 g   Eiwei\u00df 6,1 g   Salz 1,2 g    &nbsp;  &nbsp;","og_url":"https:\/\/bringflix.shop\/en\/Produkte\/funny-frisch-kessel-chips-crosscut-spicy-bbq-sauce-120g\/","og_site_name":"BringFlix","article_modified_time":"2026-05-03T19:55:37+00:00","og_image":[{"width":480,"height":480,"url":"https:\/\/bringflix.shop\/wp-content\/uploads\/2025\/07\/Photoroom-20250722_095413_14_copy_480x480.png","type":"image\/png"}],"twitter_card":"summary_large_image","twitter_misc":{"Est. reading time":"1 minute"},"schema":{"@context":"https:\/\/schema.org","@graph":[{"@type":"WebPage","@id":"https:\/\/bringflix.shop\/Produkte\/funny-frisch-kessel-chips-crosscut-spicy-bbq-sauce-120g\/","url":"https:\/\/bringflix.shop\/Produkte\/funny-frisch-kessel-chips-crosscut-spicy-bbq-sauce-120g\/","name":"Funny-frisch Kessel Chips CrossCut Spicy BBQ Sauce 120g - BringFlix","isPartOf":{"@id":"https:\/\/bringflix.shop\/#website"},"primaryImageOfPage":{"@id":"https:\/\/bringflix.shop\/Produkte\/funny-frisch-kessel-chips-crosscut-spicy-bbq-sauce-120g\/#primaryimage"},"image":{"@id":"https:\/\/bringflix.shop\/Produkte\/funny-frisch-kessel-chips-crosscut-spicy-bbq-sauce-120g\/#primaryimage"},"thumbnailUrl":"https:\/\/bringflix.shop\/wp-content\/uploads\/2025\/07\/Photoroom-20250722_095413_14_copy_480x480.png","datePublished":"2025-07-21T10:34:39+00:00","dateModified":"2026-05-03T19:55:37+00:00","breadcrumb":{"@id":"https:\/\/bringflix.shop\/Produkte\/funny-frisch-kessel-chips-crosscut-spicy-bbq-sauce-120g\/#breadcrumb"},"inLanguage":"en-US","potentialAction":[{"@type":"ReadAction","target":["https:\/\/bringflix.shop\/Produkte\/funny-frisch-kessel-chips-crosscut-spicy-bbq-sauce-120g\/"]}]},{"@type":"ImageObject","inLanguage":"en-US","@id":"https:\/\/bringflix.shop\/Produkte\/funny-frisch-kessel-chips-crosscut-spicy-bbq-sauce-120g\/#primaryimage","url":"https:\/\/bringflix.shop\/wp-content\/uploads\/2025\/07\/Photoroom-20250722_095413_14_copy_480x480.png","contentUrl":"https:\/\/bringflix.shop\/wp-content\/uploads\/2025\/07\/Photoroom-20250722_095413_14_copy_480x480.png","width":480,"height":480},{"@type":"BreadcrumbList","@id":"https:\/\/bringflix.shop\/Produkte\/funny-frisch-kessel-chips-crosscut-spicy-bbq-sauce-120g\/#breadcrumb","itemListElement":[{"@type":"ListItem","position":1,"name":"Home","item":"https:\/\/bringflix.shop\/"},{"@type":"ListItem","position":2,"name":"Shop","item":"https:\/\/bringflix.shop\/shop\/"},{"@type":"ListItem","position":3,"name":"Funny-frisch Kessel Chips CrossCut Spicy BBQ Sauce 120g"}]},{"@type":"WebSite","@id":"https:\/\/bringflix.shop\/#website","url":"https:\/\/bringflix.shop\/","name":"BringFlix","description":"","publisher":{"@id":"https:\/\/bringflix.shop\/#organization"},"potentialAction":[{"@type":"SearchAction","target":{"@type":"EntryPoint","urlTemplate":"https:\/\/bringflix.shop\/?s={search_term_string}"},"query-input":{"@type":"PropertyValueSpecification","valueRequired":true,"valueName":"search_term_string"}}],"inLanguage":"en-US"},{"@type":"Organization","@id":"https:\/\/bringflix.shop\/#organization","name":"BringFlix","url":"https:\/\/bringflix.shop\/","logo":{"@type":"ImageObject","inLanguage":"en-US","@id":"https:\/\/bringflix.shop\/#\/schema\/logo\/image\/","url":"https:\/\/bringflix.shop\/wp-content\/uploads\/2024\/11\/logo-bring-flix.png","contentUrl":"https:\/\/bringflix.shop\/wp-content\/uploads\/2024\/11\/logo-bring-flix.png","width":858,"height":316,"caption":"BringFlix"},"image":{"@id":"https:\/\/bringflix.shop\/#\/schema\/logo\/image\/"}}]}},"jetpack_sharing_enabled":true,"_links":{"self":[{"href":"https:\/\/bringflix.shop\/en\/wp-json\/wp\/v2\/product\/8207","targetHints":{"allow":["GET"]}}],"collection":[{"href":"https:\/\/bringflix.shop\/en\/wp-json\/wp\/v2\/product"}],"about":[{"href":"https:\/\/bringflix.shop\/en\/wp-json\/wp\/v2\/types\/product"}],"replies":[{"embeddable":true,"href":"https:\/\/bringflix.shop\/en\/wp-json\/wp\/v2\/comments?post=8207"}],"wp:featuredmedia":[{"embeddable":true,"href":"https:\/\/bringflix.shop\/en\/wp-json\/wp\/v2\/media\/8216"}],"wp:attachment":[{"href":"https:\/\/bringflix.shop\/en\/wp-json\/wp\/v2\/media?parent=8207"}],"wp:term":[{"taxonomy":"product_brand","embeddable":true,"href":"https:\/\/bringflix.shop\/en\/wp-json\/wp\/v2\/product_brand?post=8207"},{"taxonomy":"product_cat","embeddable":true,"href":"https:\/\/bringflix.shop\/en\/wp-json\/wp\/v2\/product_cat?post=8207"},{"taxonomy":"product_tag","embeddable":true,"href":"https:\/\/bringflix.shop\/en\/wp-json\/wp\/v2\/product_tag?post=8207"}],"curies":[{"name":"wp","href":"https:\/\/api.w.org\/{rel}","templated":true}]}}