{"id":8194,"date":"2025-07-21T10:52:03","date_gmt":"2025-07-21T08:52:03","guid":{"rendered":"https:\/\/bringflix.shop\/?post_type=product&#038;p=8194"},"modified":"2026-05-02T23:29:24","modified_gmt":"2026-05-02T21:29:24","slug":"dr-oetker-ristorante-pizza-vegetale-385g","status":"publish","type":"product","link":"https:\/\/bringflix.shop\/en\/Produkte\/dr-oetker-ristorante-pizza-vegetale-385g\/","title":{"rendered":"Dr. Oetker Ristorante Pizza Vegetale 385g"},"content":{"rendered":"<p>Bezeichnung:<\/p>\n<p>Pizza reich belegt mit Tomaten, Paprika, Peperoni und Zwiebeln auf knusprig d\u00fcnnem Boden, tiefgefroren.<\/p>\n<h3>Herkunft:<\/h3>\n<p>Deutschland<\/p>\n<h3>Konservierung und Lagerung:<\/h3>\n<p>Nach dem Auftauen nicht wieder einfrieren. Bei -18 \u00b0C lagern (***-Fach oder Tiefk\u00fchltruhe).<\/p>\n<h3>Hersteller-\/Inverkehrbringer:<\/h3>\n<p>AUGUST OETKER NAHRUNGSMITTEL KG, Lutterstra\u00dfe 14, 33617 Bielefeld<\/p>\n<h3>Anwendungsempfehlung:<\/h3>\n<p>Zubereitungsanweisungen: 1. Backofen vorheizen. Bis zum Aufbacken gefroren aufbewahren. Ober-\/Unterhitze: 220\u00b0C, Hei\u00dfluft: 200\u00b0C, Gas: 4 [FR\/UK:6]. 2. Folie entfernen. 3. Tiefgek\u00fchlte Pizza auf dem Rost im unteren Drittel des Backofens backen. Backzeit: 11-13 Min. Stellen Sie sicher, dass das Produkt vor dem Verzehr vollst\u00e4ndig durcherhitzt ist.<\/p>","protected":false},"excerpt":{"rendered":"<h3>Zutaten:<\/h3>\n<p>WEIZENMEHL, 12% K\u00c4SE (schnittfester MOZZARELLA, EDAMER), 9,8% passierte Tomaten, 9,0% Cherrytomaten, 9,0% Gem\u00fcsepaprika, Wasser, SAUERRAHM, 4,9% Tomatenkonzentrat, Raps\u00f6l, 3,0% Zwiebeln, 3,0% eingelegte Peperonist\u00fccke (Peperoni, Wasser, Branntweinessig, Salz, Zucker, S\u00e4uerungsmittel (Citronens\u00e4ure, Essigs\u00e4ure), Antioxidationsmittel (Ascorbins\u00e4ure)), zerkleinerte Oliven, Backhefe, Salz, Zucker, Pfeffer, Knoblauch, Chilischoten, Oregano, Petersilie, Zitronensaft, Paprika, Chiliextrakt. Kann enthalten: SOJA, SENF.<\/p>\n<h3>Allergene:<\/h3>\n<p>Enth\u00e4lt: Milch und Milcherzeugnisse (einschlie\u00dflich Lactose). Glutenhaltiges Getreide und glutenhaltige Getreideerzeugnisse. Weizen und Weizenerzeugnisse (glutenhaltiges Getreide). Kann enthalten: Soja und Sojaerzeugnisse. Senf- und Senferzeugnisse. Roggen und Roggenerzeugnisse (glutenhaltiges Getreide). Dinkel und Dinkelerzeugnisse (glutenhaltiges Getreide). Gerste und Gerstenerzeugnisse (glutenhaltiges Getreide). Hafer und Hafererzeugnisse (glutenhaltiges Getreide).<\/p>\n<h3>N\u00e4hrwerte (je 100 g):<\/h3>\n<table class=\"pdsr-Table pdpr-NutritionTable\">\n<tbody>\n<tr class=\"pdsr-Table--Row\">\n<td class=\"pdsr-Table--Cell--Highlight\">Energie<\/td>\n<td>799 kJ<\/td>\n<\/tr>\n<tr class=\"pdsr-Table--Row\">\n<td class=\"pdsr-Table--Cell--Highlight\">Energie<\/td>\n<td>190 kcal<\/td>\n<\/tr>\n<tr class=\"pdsr-Table--Row\">\n<td class=\"pdsr-Table--Cell--Highlight\">Fett<\/td>\n<td>7,7 g<\/td>\n<\/tr>\n<tr class=\"pdsr-Table--Row\">\n<td class=\"pdsr-Table--Cell--Highlight\">Fett, davon ges\u00e4ttigte Fetts\u00e4uren<\/td>\n<td>2,8 g<\/td>\n<\/tr>\n<tr class=\"pdsr-Table--Row\">\n<td class=\"pdsr-Table--Cell--Highlight\">Kohlenhydrate<\/td>\n<td>22 g<\/td>\n<\/tr>\n<tr class=\"pdsr-Table--Row\">\n<td class=\"pdsr-Table--Cell--Highlight\">Kohlenhydrate, davon Zucker<\/td>\n<td>3,4 g<\/td>\n<\/tr>\n<tr class=\"pdsr-Table--Row\">\n<td class=\"pdsr-Table--Cell--Highlight\">Ballaststoffe<\/td>\n<td>2,3 g<\/td>\n<\/tr>\n<tr class=\"pdsr-Table--Row\">\n<td class=\"pdsr-Table--Cell--Highlight\">Eiwei\u00df<\/td>\n<td>6,9 g<\/td>\n<\/tr>\n<tr class=\"pdsr-Table--Row\">\n<td class=\"pdsr-Table--Cell--Highlight\">Salz<\/td>\n<td>0,98 g<\/td>\n<\/tr>\n<\/tbody>\n<\/table>\n<p>&nbsp;<\/p>\n<p>&nbsp;<\/p>\n<p>&nbsp;<\/p>","protected":false},"featured_media":8224,"comment_status":"open","ping_status":"closed","template":"","meta":{"_acf_changed":false,"inline_featured_image":false,"site-sidebar-layout":"default","site-content-layout":"","ast-site-content-layout":"default","site-content-style":"default","site-sidebar-style":"default","ast-global-header-display":"","ast-banner-title-visibility":"","ast-main-header-display":"","ast-hfb-above-header-display":"","ast-hfb-below-header-display":"","ast-hfb-mobile-header-display":"","site-post-title":"","ast-breadcrumbs-content":"","ast-featured-img":"","footer-sml-layout":"","theme-transparent-header-meta":"default","adv-header-id-meta":"","stick-header-meta":"","header-above-stick-meta":"","header-main-stick-meta":"","header-below-stick-meta":"","astra-migrate-meta-layouts":"set","ast-page-background-enabled":"default","ast-page-background-meta":{"desktop":{"background-color":"var(--ast-global-color-4)","background-image":"","background-repeat":"repeat","background-position":"center center","background-size":"auto","background-attachment":"scroll","background-type":"","background-media":"","overlay-type":"","overlay-color":"","overlay-opacity":"","overlay-gradient":""},"tablet":{"background-color":"","background-image":"","background-repeat":"repeat","background-position":"center center","background-size":"auto","background-attachment":"scroll","background-type":"","background-media":"","overlay-type":"","overlay-color":"","overlay-opacity":"","overlay-gradient":""},"mobile":{"background-color":"","background-image":"","background-repeat":"repeat","background-position":"center center","background-size":"auto","background-attachment":"scroll","background-type":"","background-media":"","overlay-type":"","overlay-color":"","overlay-opacity":"","overlay-gradient":""}},"ast-content-background-meta":{"desktop":{"background-color":"var(--ast-global-color-5)","background-image":"","background-repeat":"repeat","background-position":"center center","background-size":"auto","background-attachment":"scroll","background-type":"","background-media":"","overlay-type":"","overlay-color":"","overlay-opacity":"","overlay-gradient":""},"tablet":{"background-color":"var(--ast-global-color-5)","background-image":"","background-repeat":"repeat","background-position":"center center","background-size":"auto","background-attachment":"scroll","background-type":"","background-media":"","overlay-type":"","overlay-color":"","overlay-opacity":"","overlay-gradient":""},"mobile":{"background-color":"var(--ast-global-color-5)","background-image":"","background-repeat":"repeat","background-position":"center center","background-size":"auto","background-attachment":"scroll","background-type":"","background-media":"","overlay-type":"","overlay-color":"","overlay-opacity":"","overlay-gradient":""}}},"product_brand":[],"product_cat":[50,49],"product_tag":[],"class_list":{"0":"post-8194","1":"product","2":"type-product","3":"status-publish","4":"has-post-thumbnail","6":"product_cat-pizza","7":"product_cat-tiefkuehlung","8":"desktop-align-left","9":"tablet-align-left","10":"mobile-align-left","12":"first","13":"instock","14":"taxable","15":"shipping-taxable","16":"purchasable","17":"product-type-simple"},"acf":[],"yoast_head":"<!-- This site is optimized with the Yoast SEO plugin v24.5 - https:\/\/yoast.com\/wordpress\/plugins\/seo\/ -->\n<title>Dr. Oetker Ristorante Pizza Vegetale 385g - BringFlix<\/title>\n<meta name=\"robots\" content=\"index, follow, max-snippet:-1, max-image-preview:large, max-video-preview:-1\" \/>\n<link rel=\"canonical\" href=\"https:\/\/bringflix.shop\/en\/Produkte\/dr-oetker-ristorante-pizza-vegetale-385g\/\" \/>\n<meta property=\"og:locale\" content=\"en_US\" \/>\n<meta property=\"og:type\" content=\"article\" \/>\n<meta property=\"og:title\" content=\"Dr. Oetker Ristorante Pizza Vegetale 385g - BringFlix\" \/>\n<meta property=\"og:description\" content=\"Zutaten: WEIZENMEHL, 12% K\u00c4SE (schnittfester MOZZARELLA, EDAMER), 9,8% passierte Tomaten, 9,0% Cherrytomaten, 9,0% Gem\u00fcsepaprika, Wasser, SAUERRAHM, 4,9% Tomatenkonzentrat, Raps\u00f6l, 3,0% Zwiebeln, 3,0% eingelegte Peperonist\u00fccke (Peperoni, Wasser, Branntweinessig, Salz, Zucker, S\u00e4uerungsmittel (Citronens\u00e4ure, Essigs\u00e4ure), Antioxidationsmittel (Ascorbins\u00e4ure)), zerkleinerte Oliven, Backhefe, Salz, Zucker, Pfeffer, Knoblauch, Chilischoten, Oregano, Petersilie, Zitronensaft, Paprika, Chiliextrakt. Kann enthalten: SOJA, SENF. Allergene: Enth\u00e4lt: Milch und Milcherzeugnisse (einschlie\u00dflich Lactose). Glutenhaltiges Getreide und glutenhaltige Getreideerzeugnisse. Weizen und Weizenerzeugnisse (glutenhaltiges Getreide). Kann enthalten: Soja und Sojaerzeugnisse. Senf- und Senferzeugnisse. Roggen und Roggenerzeugnisse (glutenhaltiges Getreide). Dinkel und Dinkelerzeugnisse (glutenhaltiges Getreide). Gerste und Gerstenerzeugnisse (glutenhaltiges Getreide). Hafer und Hafererzeugnisse (glutenhaltiges Getreide). N\u00e4hrwerte (je 100 g):    Energie 799 kJ   Energie 190 kcal   Fett 7,7 g   Fett, davon ges\u00e4ttigte Fetts\u00e4uren 2,8 g   Kohlenhydrate 22 g   Kohlenhydrate, davon Zucker 3,4 g   Ballaststoffe 2,3 g   Eiwei\u00df 6,9 g   Salz 0,98 g    &nbsp;  &nbsp;  &nbsp;\" \/>\n<meta property=\"og:url\" content=\"https:\/\/bringflix.shop\/en\/Produkte\/dr-oetker-ristorante-pizza-vegetale-385g\/\" \/>\n<meta property=\"og:site_name\" content=\"BringFlix\" \/>\n<meta property=\"article:modified_time\" content=\"2026-05-02T21:29:24+00:00\" \/>\n<meta property=\"og:image\" content=\"https:\/\/bringflix.shop\/wp-content\/uploads\/2025\/07\/IMG_20250722_033745-2.png\" \/>\n\t<meta property=\"og:image:width\" content=\"600\" \/>\n\t<meta property=\"og:image:height\" content=\"600\" \/>\n\t<meta property=\"og:image:type\" content=\"image\/png\" \/>\n<meta name=\"twitter:card\" content=\"summary_large_image\" \/>\n<meta name=\"twitter:label1\" content=\"Est. reading time\" \/>\n\t<meta name=\"twitter:data1\" content=\"1 minute\" \/>\n<script type=\"application\/ld+json\" class=\"yoast-schema-graph\">{\"@context\":\"https:\/\/schema.org\",\"@graph\":[{\"@type\":\"WebPage\",\"@id\":\"https:\/\/bringflix.shop\/Produkte\/dr-oetker-ristorante-pizza-vegetale-385g\/\",\"url\":\"https:\/\/bringflix.shop\/Produkte\/dr-oetker-ristorante-pizza-vegetale-385g\/\",\"name\":\"Dr. Oetker Ristorante Pizza Vegetale 385g - BringFlix\",\"isPartOf\":{\"@id\":\"https:\/\/bringflix.shop\/#website\"},\"primaryImageOfPage\":{\"@id\":\"https:\/\/bringflix.shop\/Produkte\/dr-oetker-ristorante-pizza-vegetale-385g\/#primaryimage\"},\"image\":{\"@id\":\"https:\/\/bringflix.shop\/Produkte\/dr-oetker-ristorante-pizza-vegetale-385g\/#primaryimage\"},\"thumbnailUrl\":\"https:\/\/bringflix.shop\/wp-content\/uploads\/2025\/07\/IMG_20250722_033745-2.png\",\"datePublished\":\"2025-07-21T08:52:03+00:00\",\"dateModified\":\"2026-05-02T21:29:24+00:00\",\"breadcrumb\":{\"@id\":\"https:\/\/bringflix.shop\/Produkte\/dr-oetker-ristorante-pizza-vegetale-385g\/#breadcrumb\"},\"inLanguage\":\"en-US\",\"potentialAction\":[{\"@type\":\"ReadAction\",\"target\":[\"https:\/\/bringflix.shop\/Produkte\/dr-oetker-ristorante-pizza-vegetale-385g\/\"]}]},{\"@type\":\"ImageObject\",\"inLanguage\":\"en-US\",\"@id\":\"https:\/\/bringflix.shop\/Produkte\/dr-oetker-ristorante-pizza-vegetale-385g\/#primaryimage\",\"url\":\"https:\/\/bringflix.shop\/wp-content\/uploads\/2025\/07\/IMG_20250722_033745-2.png\",\"contentUrl\":\"https:\/\/bringflix.shop\/wp-content\/uploads\/2025\/07\/IMG_20250722_033745-2.png\",\"width\":600,\"height\":600},{\"@type\":\"BreadcrumbList\",\"@id\":\"https:\/\/bringflix.shop\/Produkte\/dr-oetker-ristorante-pizza-vegetale-385g\/#breadcrumb\",\"itemListElement\":[{\"@type\":\"ListItem\",\"position\":1,\"name\":\"Home\",\"item\":\"https:\/\/bringflix.shop\/\"},{\"@type\":\"ListItem\",\"position\":2,\"name\":\"Shop\",\"item\":\"https:\/\/bringflix.shop\/shop\/\"},{\"@type\":\"ListItem\",\"position\":3,\"name\":\"Dr. Oetker Ristorante Pizza Vegetale 385g\"}]},{\"@type\":\"WebSite\",\"@id\":\"https:\/\/bringflix.shop\/#website\",\"url\":\"https:\/\/bringflix.shop\/\",\"name\":\"BringFlix\",\"description\":\"\",\"publisher\":{\"@id\":\"https:\/\/bringflix.shop\/#organization\"},\"potentialAction\":[{\"@type\":\"SearchAction\",\"target\":{\"@type\":\"EntryPoint\",\"urlTemplate\":\"https:\/\/bringflix.shop\/?s={search_term_string}\"},\"query-input\":{\"@type\":\"PropertyValueSpecification\",\"valueRequired\":true,\"valueName\":\"search_term_string\"}}],\"inLanguage\":\"en-US\"},{\"@type\":\"Organization\",\"@id\":\"https:\/\/bringflix.shop\/#organization\",\"name\":\"BringFlix\",\"url\":\"https:\/\/bringflix.shop\/\",\"logo\":{\"@type\":\"ImageObject\",\"inLanguage\":\"en-US\",\"@id\":\"https:\/\/bringflix.shop\/#\/schema\/logo\/image\/\",\"url\":\"https:\/\/bringflix.shop\/wp-content\/uploads\/2024\/11\/logo-bring-flix.png\",\"contentUrl\":\"https:\/\/bringflix.shop\/wp-content\/uploads\/2024\/11\/logo-bring-flix.png\",\"width\":858,\"height\":316,\"caption\":\"BringFlix\"},\"image\":{\"@id\":\"https:\/\/bringflix.shop\/#\/schema\/logo\/image\/\"}}]}<\/script>\n<!-- \/ Yoast SEO plugin. -->","yoast_head_json":{"title":"Dr. Oetker Ristorante Pizza Vegetale 385g - BringFlix","robots":{"index":"index","follow":"follow","max-snippet":"max-snippet:-1","max-image-preview":"max-image-preview:large","max-video-preview":"max-video-preview:-1"},"canonical":"https:\/\/bringflix.shop\/en\/Produkte\/dr-oetker-ristorante-pizza-vegetale-385g\/","og_locale":"en_US","og_type":"article","og_title":"Dr. Oetker Ristorante Pizza Vegetale 385g - BringFlix","og_description":"Zutaten: WEIZENMEHL, 12% K\u00c4SE (schnittfester MOZZARELLA, EDAMER), 9,8% passierte Tomaten, 9,0% Cherrytomaten, 9,0% Gem\u00fcsepaprika, Wasser, SAUERRAHM, 4,9% Tomatenkonzentrat, Raps\u00f6l, 3,0% Zwiebeln, 3,0% eingelegte Peperonist\u00fccke (Peperoni, Wasser, Branntweinessig, Salz, Zucker, S\u00e4uerungsmittel (Citronens\u00e4ure, Essigs\u00e4ure), Antioxidationsmittel (Ascorbins\u00e4ure)), zerkleinerte Oliven, Backhefe, Salz, Zucker, Pfeffer, Knoblauch, Chilischoten, Oregano, Petersilie, Zitronensaft, Paprika, Chiliextrakt. Kann enthalten: SOJA, SENF. Allergene: Enth\u00e4lt: Milch und Milcherzeugnisse (einschlie\u00dflich Lactose). Glutenhaltiges Getreide und glutenhaltige Getreideerzeugnisse. Weizen und Weizenerzeugnisse (glutenhaltiges Getreide). Kann enthalten: Soja und Sojaerzeugnisse. Senf- und Senferzeugnisse. Roggen und Roggenerzeugnisse (glutenhaltiges Getreide). Dinkel und Dinkelerzeugnisse (glutenhaltiges Getreide). Gerste und Gerstenerzeugnisse (glutenhaltiges Getreide). Hafer und Hafererzeugnisse (glutenhaltiges Getreide). N\u00e4hrwerte (je 100 g):    Energie 799 kJ   Energie 190 kcal   Fett 7,7 g   Fett, davon ges\u00e4ttigte Fetts\u00e4uren 2,8 g   Kohlenhydrate 22 g   Kohlenhydrate, davon Zucker 3,4 g   Ballaststoffe 2,3 g   Eiwei\u00df 6,9 g   Salz 0,98 g    &nbsp;  &nbsp;  &nbsp;","og_url":"https:\/\/bringflix.shop\/en\/Produkte\/dr-oetker-ristorante-pizza-vegetale-385g\/","og_site_name":"BringFlix","article_modified_time":"2026-05-02T21:29:24+00:00","og_image":[{"width":600,"height":600,"url":"https:\/\/bringflix.shop\/wp-content\/uploads\/2025\/07\/IMG_20250722_033745-2.png","type":"image\/png"}],"twitter_card":"summary_large_image","twitter_misc":{"Est. reading time":"1 minute"},"schema":{"@context":"https:\/\/schema.org","@graph":[{"@type":"WebPage","@id":"https:\/\/bringflix.shop\/Produkte\/dr-oetker-ristorante-pizza-vegetale-385g\/","url":"https:\/\/bringflix.shop\/Produkte\/dr-oetker-ristorante-pizza-vegetale-385g\/","name":"Dr. Oetker Ristorante Pizza Vegetale 385g - BringFlix","isPartOf":{"@id":"https:\/\/bringflix.shop\/#website"},"primaryImageOfPage":{"@id":"https:\/\/bringflix.shop\/Produkte\/dr-oetker-ristorante-pizza-vegetale-385g\/#primaryimage"},"image":{"@id":"https:\/\/bringflix.shop\/Produkte\/dr-oetker-ristorante-pizza-vegetale-385g\/#primaryimage"},"thumbnailUrl":"https:\/\/bringflix.shop\/wp-content\/uploads\/2025\/07\/IMG_20250722_033745-2.png","datePublished":"2025-07-21T08:52:03+00:00","dateModified":"2026-05-02T21:29:24+00:00","breadcrumb":{"@id":"https:\/\/bringflix.shop\/Produkte\/dr-oetker-ristorante-pizza-vegetale-385g\/#breadcrumb"},"inLanguage":"en-US","potentialAction":[{"@type":"ReadAction","target":["https:\/\/bringflix.shop\/Produkte\/dr-oetker-ristorante-pizza-vegetale-385g\/"]}]},{"@type":"ImageObject","inLanguage":"en-US","@id":"https:\/\/bringflix.shop\/Produkte\/dr-oetker-ristorante-pizza-vegetale-385g\/#primaryimage","url":"https:\/\/bringflix.shop\/wp-content\/uploads\/2025\/07\/IMG_20250722_033745-2.png","contentUrl":"https:\/\/bringflix.shop\/wp-content\/uploads\/2025\/07\/IMG_20250722_033745-2.png","width":600,"height":600},{"@type":"BreadcrumbList","@id":"https:\/\/bringflix.shop\/Produkte\/dr-oetker-ristorante-pizza-vegetale-385g\/#breadcrumb","itemListElement":[{"@type":"ListItem","position":1,"name":"Home","item":"https:\/\/bringflix.shop\/"},{"@type":"ListItem","position":2,"name":"Shop","item":"https:\/\/bringflix.shop\/shop\/"},{"@type":"ListItem","position":3,"name":"Dr. Oetker Ristorante Pizza Vegetale 385g"}]},{"@type":"WebSite","@id":"https:\/\/bringflix.shop\/#website","url":"https:\/\/bringflix.shop\/","name":"BringFlix","description":"","publisher":{"@id":"https:\/\/bringflix.shop\/#organization"},"potentialAction":[{"@type":"SearchAction","target":{"@type":"EntryPoint","urlTemplate":"https:\/\/bringflix.shop\/?s={search_term_string}"},"query-input":{"@type":"PropertyValueSpecification","valueRequired":true,"valueName":"search_term_string"}}],"inLanguage":"en-US"},{"@type":"Organization","@id":"https:\/\/bringflix.shop\/#organization","name":"BringFlix","url":"https:\/\/bringflix.shop\/","logo":{"@type":"ImageObject","inLanguage":"en-US","@id":"https:\/\/bringflix.shop\/#\/schema\/logo\/image\/","url":"https:\/\/bringflix.shop\/wp-content\/uploads\/2024\/11\/logo-bring-flix.png","contentUrl":"https:\/\/bringflix.shop\/wp-content\/uploads\/2024\/11\/logo-bring-flix.png","width":858,"height":316,"caption":"BringFlix"},"image":{"@id":"https:\/\/bringflix.shop\/#\/schema\/logo\/image\/"}}]}},"jetpack_sharing_enabled":true,"_links":{"self":[{"href":"https:\/\/bringflix.shop\/en\/wp-json\/wp\/v2\/product\/8194","targetHints":{"allow":["GET"]}}],"collection":[{"href":"https:\/\/bringflix.shop\/en\/wp-json\/wp\/v2\/product"}],"about":[{"href":"https:\/\/bringflix.shop\/en\/wp-json\/wp\/v2\/types\/product"}],"replies":[{"embeddable":true,"href":"https:\/\/bringflix.shop\/en\/wp-json\/wp\/v2\/comments?post=8194"}],"wp:featuredmedia":[{"embeddable":true,"href":"https:\/\/bringflix.shop\/en\/wp-json\/wp\/v2\/media\/8224"}],"wp:attachment":[{"href":"https:\/\/bringflix.shop\/en\/wp-json\/wp\/v2\/media?parent=8194"}],"wp:term":[{"taxonomy":"product_brand","embeddable":true,"href":"https:\/\/bringflix.shop\/en\/wp-json\/wp\/v2\/product_brand?post=8194"},{"taxonomy":"product_cat","embeddable":true,"href":"https:\/\/bringflix.shop\/en\/wp-json\/wp\/v2\/product_cat?post=8194"},{"taxonomy":"product_tag","embeddable":true,"href":"https:\/\/bringflix.shop\/en\/wp-json\/wp\/v2\/product_tag?post=8194"}],"curies":[{"name":"wp","href":"https:\/\/api.w.org\/{rel}","templated":true}]}}