{"id":8193,"date":"2025-07-21T10:39:46","date_gmt":"2025-07-21T08:39:46","guid":{"rendered":"https:\/\/bringflix.shop\/?post_type=product&#038;p=8193"},"modified":"2026-05-06T17:44:26","modified_gmt":"2026-05-06T15:44:26","slug":"gustavo-gusto-pizza-salame-piccante-475g","status":"publish","type":"product","link":"https:\/\/bringflix.shop\/en\/Produkte\/gustavo-gusto-pizza-salame-piccante-475g\/","title":{"rendered":"Gustavo Gusto Pizza Salame Piccante 475g"},"content":{"rendered":"<h3>Bezeichnung:<\/h3>\n<p>Steinofenpizza \u201eSalame Piccante\u201c nach italienischer Art mit Tomatenso\u00dfe, laktosefreiem, schnittfestem Mozzarella, pikanter Rindersalami und Peperoni, teilweise vorgebacken und tiefgefroren.<\/p>\n<h3>Herkunft:<\/h3>\n<p>Deutschland<\/p>\n<h3>Konservierung und Lagerung:<\/h3>\n<p>Unge\u00f6ffnet bei -18\u00b0C mindestens haltbar bis: siehe Kartonseite Im K\u00fchlschrank +7\u00b0C: 1 Tag, *-Fach oder Eisw\u00fcrfelfach -6\u00b0C: 1 Woche, **-Fach -12\u00b0C: 3 Wochen, ***-Fach oder Tiefk\u00fchltruhe -18\u00b0C: siehe Kartonseite<\/p>\n<h3>Hersteller-\/Inverkehrbringer:<\/h3>\n<p>Gustavo Gusto GmbH &amp; Co. KG, B\u00f6hmerwaldstra\u00dfe 55 D-82538 Geretsried<\/p>\n<h3 class=\"pdpr-Attribute__label\">Aufbewahrungshinweise:<\/h3>\n<p><strong>Information<\/strong>: Hinweise: Nur durchgebacken verzehren. Nur so erhalten Sie ein sicheres Lebensmittel. Nach dem Auftauen nicht wieder einfrieren.<\/p>\n<p>AUFBEWAHRUNG:<br \/>\nIm K\u00fchlschrank +7\u00b0C 1 Tag<br \/>\n***-Fach oder Tiefk\u00fchltruhe -18\u00b0C siehe Kartonseite<br \/>\nUnge\u00f6ffnet mindestens haltbar bis: Siehe Kartonseite<\/p>\n<h3 class=\"pdpr-Attribute__label\">Zubereitungsanweisungen:<\/h3>\n<p>Pizza aus der Verpackung nehmen, Folie entfernen und etwa 20 min antauen lassen.<br \/>\nOfen bei 250\u00b0C voll vorheizen.<br \/>\nPizza ohne Backpapier auf dem Rost in den Ofen schieben (mittlere Schiene).<br \/>\nPizza backen, bis der K\u00e4se zerlaufen und der Rand goldbraun ist.<br \/>\n6-10 min* im voll vorgeheizten Ofen.<br \/>\n*Backzeiten k\u00f6nnen je nach Ofen variieren.<\/p>","protected":false},"excerpt":{"rendered":"<h3>Zutaten:<\/h3>\n<p>45 % Teig (WEIZENMEHL, Wasser, Oliven\u00f6l, Salz, Frischbackhefe), 21 % Tomatenso\u00dfe (Sch\u00e4ltomaten, Wasser, Salz, Oliven\u00f6l, Gew\u00fcrze), 21 % schnittfester MOZZARELLA (pasteurisierte KUHMILCH, Salz, mikrobieller Labaustauschstoff, Milchs\u00e4urebakterienkulturen), 8 % Rindersalami (Rindfleisch, Rinderfett, Nitritp\u00f6kelsalz (Salz, Konservierungsstoff: Natriumnitrit), Gew\u00fcrze, Chili, Gew\u00fcrzextrakte, Dextrose, nat\u00fcrliche Aromen, Antioxidationsmittel: Natriumascorbat; Reifekulturen), 5 % eingelegte Peperonist\u00fccke (Peperoni, Wasser, Branntweinessig, Salz, S\u00e4uerungsmittel: Citronens\u00e4ure, Festigungsmittel: Calciumchlorid).<\/p>\n<h3>Allergene:<\/h3>\n<p>Kann enthalten: Eier und Eierzeugnisse. Fisch und Fischerzeugnisse. Soja und Sojaerzeugnisse. Sellerie und Sellerieerzeugnisse. Senf- und Senferzeugnisse.<\/p>\n<h3>N\u00e4hrwerte (je 100 g):<\/h3>\n<table class=\"pdsr-Table pdpr-NutritionTable\">\n<tbody>\n<tr class=\"pdsr-Table--Row\">\n<td class=\"pdsr-Table--Cell--Highlight\">Energie<\/td>\n<td>966 kJ<\/td>\n<\/tr>\n<tr class=\"pdsr-Table--Row\">\n<td class=\"pdsr-Table--Cell--Highlight\">Energie<\/td>\n<td>230 kcal<\/td>\n<\/tr>\n<tr class=\"pdsr-Table--Row\">\n<td class=\"pdsr-Table--Cell--Highlight\">Fett<\/td>\n<td>8,6 g<\/td>\n<\/tr>\n<tr class=\"pdsr-Table--Row\">\n<td class=\"pdsr-Table--Cell--Highlight\">Fett, davon ges\u00e4ttigte Fetts\u00e4uren<\/td>\n<td>5,2 g<\/td>\n<\/tr>\n<tr class=\"pdsr-Table--Row\">\n<td class=\"pdsr-Table--Cell--Highlight\">Kohlenhydrate<\/td>\n<td>27 g<\/td>\n<\/tr>\n<tr class=\"pdsr-Table--Row\">\n<td class=\"pdsr-Table--Cell--Highlight\">Kohlenhydrate, davon Zucker<\/td>\n<td>1,5 g<\/td>\n<\/tr>\n<tr class=\"pdsr-Table--Row\">\n<td class=\"pdsr-Table--Cell--Highlight\">Ballaststoffe<\/td>\n<td>2,1 g<\/td>\n<\/tr>\n<tr class=\"pdsr-Table--Row\">\n<td class=\"pdsr-Table--Cell--Highlight\">Eiwei\u00df<\/td>\n<td>11 g<\/td>\n<\/tr>\n<tr class=\"pdsr-Table--Row\">\n<td class=\"pdsr-Table--Cell--Highlight\">Salz<\/td>\n<td>1,3 g<\/td>\n<\/tr>\n<\/tbody>\n<\/table>","protected":false},"featured_media":8226,"comment_status":"open","ping_status":"closed","template":"","meta":{"_acf_changed":false,"inline_featured_image":false,"site-sidebar-layout":"default","site-content-layout":"","ast-site-content-layout":"default","site-content-style":"default","site-sidebar-style":"default","ast-global-header-display":"","ast-banner-title-visibility":"","ast-main-header-display":"","ast-hfb-above-header-display":"","ast-hfb-below-header-display":"","ast-hfb-mobile-header-display":"","site-post-title":"","ast-breadcrumbs-content":"","ast-featured-img":"","footer-sml-layout":"","theme-transparent-header-meta":"default","adv-header-id-meta":"","stick-header-meta":"","header-above-stick-meta":"","header-main-stick-meta":"","header-below-stick-meta":"","astra-migrate-meta-layouts":"set","ast-page-background-enabled":"default","ast-page-background-meta":{"desktop":{"background-color":"var(--ast-global-color-4)","background-image":"","background-repeat":"repeat","background-position":"center center","background-size":"auto","background-attachment":"scroll","background-type":"","background-media":"","overlay-type":"","overlay-color":"","overlay-opacity":"","overlay-gradient":""},"tablet":{"background-color":"","background-image":"","background-repeat":"repeat","background-position":"center center","background-size":"auto","background-attachment":"scroll","background-type":"","background-media":"","overlay-type":"","overlay-color":"","overlay-opacity":"","overlay-gradient":""},"mobile":{"background-color":"","background-image":"","background-repeat":"repeat","background-position":"center center","background-size":"auto","background-attachment":"scroll","background-type":"","background-media":"","overlay-type":"","overlay-color":"","overlay-opacity":"","overlay-gradient":""}},"ast-content-background-meta":{"desktop":{"background-color":"var(--ast-global-color-5)","background-image":"","background-repeat":"repeat","background-position":"center center","background-size":"auto","background-attachment":"scroll","background-type":"","background-media":"","overlay-type":"","overlay-color":"","overlay-opacity":"","overlay-gradient":""},"tablet":{"background-color":"var(--ast-global-color-5)","background-image":"","background-repeat":"repeat","background-position":"center center","background-size":"auto","background-attachment":"scroll","background-type":"","background-media":"","overlay-type":"","overlay-color":"","overlay-opacity":"","overlay-gradient":""},"mobile":{"background-color":"var(--ast-global-color-5)","background-image":"","background-repeat":"repeat","background-position":"center center","background-size":"auto","background-attachment":"scroll","background-type":"","background-media":"","overlay-type":"","overlay-color":"","overlay-opacity":"","overlay-gradient":""}}},"product_brand":[],"product_cat":[50,49],"product_tag":[],"class_list":{"0":"post-8193","1":"product","2":"type-product","3":"status-publish","4":"has-post-thumbnail","6":"product_cat-pizza","7":"product_cat-tiefkuehlung","8":"desktop-align-left","9":"tablet-align-left","10":"mobile-align-left","12":"first","13":"instock","14":"taxable","15":"shipping-taxable","16":"purchasable","17":"product-type-simple"},"acf":[],"yoast_head":"<!-- This site is optimized with the Yoast SEO plugin v24.5 - https:\/\/yoast.com\/wordpress\/plugins\/seo\/ -->\n<title>Gustavo Gusto Pizza Salame Piccante 475g - BringFlix<\/title>\n<meta name=\"robots\" content=\"index, follow, max-snippet:-1, max-image-preview:large, max-video-preview:-1\" \/>\n<link rel=\"canonical\" href=\"https:\/\/bringflix.shop\/en\/Produkte\/gustavo-gusto-pizza-salame-piccante-475g\/\" \/>\n<meta property=\"og:locale\" content=\"en_US\" \/>\n<meta property=\"og:type\" content=\"article\" \/>\n<meta property=\"og:title\" content=\"Gustavo Gusto Pizza Salame Piccante 475g - BringFlix\" \/>\n<meta property=\"og:description\" content=\"Zutaten: 45 % Teig (WEIZENMEHL, Wasser, Oliven\u00f6l, Salz, Frischbackhefe), 21 % Tomatenso\u00dfe (Sch\u00e4ltomaten, Wasser, Salz, Oliven\u00f6l, Gew\u00fcrze), 21 % schnittfester MOZZARELLA (pasteurisierte KUHMILCH, Salz, mikrobieller Labaustauschstoff, Milchs\u00e4urebakterienkulturen), 8 % Rindersalami (Rindfleisch, Rinderfett, Nitritp\u00f6kelsalz (Salz, Konservierungsstoff: Natriumnitrit), Gew\u00fcrze, Chili, Gew\u00fcrzextrakte, Dextrose, nat\u00fcrliche Aromen, Antioxidationsmittel: Natriumascorbat; Reifekulturen), 5 % eingelegte Peperonist\u00fccke (Peperoni, Wasser, Branntweinessig, Salz, S\u00e4uerungsmittel: Citronens\u00e4ure, Festigungsmittel: Calciumchlorid). Allergene: Kann enthalten: Eier und Eierzeugnisse. Fisch und Fischerzeugnisse. Soja und Sojaerzeugnisse. Sellerie und Sellerieerzeugnisse. Senf- und Senferzeugnisse. N\u00e4hrwerte (je 100 g):    Energie 966 kJ   Energie 230 kcal   Fett 8,6 g   Fett, davon ges\u00e4ttigte Fetts\u00e4uren 5,2 g   Kohlenhydrate 27 g   Kohlenhydrate, davon Zucker 1,5 g   Ballaststoffe 2,1 g   Eiwei\u00df 11 g   Salz 1,3 g\" \/>\n<meta property=\"og:url\" content=\"https:\/\/bringflix.shop\/en\/Produkte\/gustavo-gusto-pizza-salame-piccante-475g\/\" \/>\n<meta property=\"og:site_name\" content=\"BringFlix\" \/>\n<meta property=\"article:modified_time\" content=\"2026-05-06T15:44:26+00:00\" \/>\n<meta property=\"og:image\" content=\"https:\/\/bringflix.shop\/wp-content\/uploads\/2025\/07\/Photoroom-20250722_095412_10_copy_480x480.png\" \/>\n\t<meta property=\"og:image:width\" content=\"480\" \/>\n\t<meta property=\"og:image:height\" content=\"480\" \/>\n\t<meta property=\"og:image:type\" content=\"image\/png\" \/>\n<meta name=\"twitter:card\" content=\"summary_large_image\" \/>\n<meta name=\"twitter:label1\" content=\"Est. reading time\" \/>\n\t<meta name=\"twitter:data1\" content=\"2 minutes\" \/>\n<script type=\"application\/ld+json\" class=\"yoast-schema-graph\">{\"@context\":\"https:\/\/schema.org\",\"@graph\":[{\"@type\":\"WebPage\",\"@id\":\"https:\/\/bringflix.shop\/Produkte\/gustavo-gusto-pizza-salame-piccante-475g\/\",\"url\":\"https:\/\/bringflix.shop\/Produkte\/gustavo-gusto-pizza-salame-piccante-475g\/\",\"name\":\"Gustavo Gusto Pizza Salame Piccante 475g - BringFlix\",\"isPartOf\":{\"@id\":\"https:\/\/bringflix.shop\/#website\"},\"primaryImageOfPage\":{\"@id\":\"https:\/\/bringflix.shop\/Produkte\/gustavo-gusto-pizza-salame-piccante-475g\/#primaryimage\"},\"image\":{\"@id\":\"https:\/\/bringflix.shop\/Produkte\/gustavo-gusto-pizza-salame-piccante-475g\/#primaryimage\"},\"thumbnailUrl\":\"https:\/\/bringflix.shop\/wp-content\/uploads\/2025\/07\/Photoroom-20250722_095412_10_copy_480x480.png\",\"datePublished\":\"2025-07-21T08:39:46+00:00\",\"dateModified\":\"2026-05-06T15:44:26+00:00\",\"breadcrumb\":{\"@id\":\"https:\/\/bringflix.shop\/Produkte\/gustavo-gusto-pizza-salame-piccante-475g\/#breadcrumb\"},\"inLanguage\":\"en-US\",\"potentialAction\":[{\"@type\":\"ReadAction\",\"target\":[\"https:\/\/bringflix.shop\/Produkte\/gustavo-gusto-pizza-salame-piccante-475g\/\"]}]},{\"@type\":\"ImageObject\",\"inLanguage\":\"en-US\",\"@id\":\"https:\/\/bringflix.shop\/Produkte\/gustavo-gusto-pizza-salame-piccante-475g\/#primaryimage\",\"url\":\"https:\/\/bringflix.shop\/wp-content\/uploads\/2025\/07\/Photoroom-20250722_095412_10_copy_480x480.png\",\"contentUrl\":\"https:\/\/bringflix.shop\/wp-content\/uploads\/2025\/07\/Photoroom-20250722_095412_10_copy_480x480.png\",\"width\":480,\"height\":480},{\"@type\":\"BreadcrumbList\",\"@id\":\"https:\/\/bringflix.shop\/Produkte\/gustavo-gusto-pizza-salame-piccante-475g\/#breadcrumb\",\"itemListElement\":[{\"@type\":\"ListItem\",\"position\":1,\"name\":\"Home\",\"item\":\"https:\/\/bringflix.shop\/\"},{\"@type\":\"ListItem\",\"position\":2,\"name\":\"Shop\",\"item\":\"https:\/\/bringflix.shop\/shop\/\"},{\"@type\":\"ListItem\",\"position\":3,\"name\":\"Gustavo Gusto Pizza Salame Piccante 475g\"}]},{\"@type\":\"WebSite\",\"@id\":\"https:\/\/bringflix.shop\/#website\",\"url\":\"https:\/\/bringflix.shop\/\",\"name\":\"BringFlix\",\"description\":\"\",\"publisher\":{\"@id\":\"https:\/\/bringflix.shop\/#organization\"},\"potentialAction\":[{\"@type\":\"SearchAction\",\"target\":{\"@type\":\"EntryPoint\",\"urlTemplate\":\"https:\/\/bringflix.shop\/?s={search_term_string}\"},\"query-input\":{\"@type\":\"PropertyValueSpecification\",\"valueRequired\":true,\"valueName\":\"search_term_string\"}}],\"inLanguage\":\"en-US\"},{\"@type\":\"Organization\",\"@id\":\"https:\/\/bringflix.shop\/#organization\",\"name\":\"BringFlix\",\"url\":\"https:\/\/bringflix.shop\/\",\"logo\":{\"@type\":\"ImageObject\",\"inLanguage\":\"en-US\",\"@id\":\"https:\/\/bringflix.shop\/#\/schema\/logo\/image\/\",\"url\":\"https:\/\/bringflix.shop\/wp-content\/uploads\/2024\/11\/logo-bring-flix.png\",\"contentUrl\":\"https:\/\/bringflix.shop\/wp-content\/uploads\/2024\/11\/logo-bring-flix.png\",\"width\":858,\"height\":316,\"caption\":\"BringFlix\"},\"image\":{\"@id\":\"https:\/\/bringflix.shop\/#\/schema\/logo\/image\/\"}}]}<\/script>\n<!-- \/ Yoast SEO plugin. -->","yoast_head_json":{"title":"Gustavo Gusto Pizza Salame Piccante 475g - BringFlix","robots":{"index":"index","follow":"follow","max-snippet":"max-snippet:-1","max-image-preview":"max-image-preview:large","max-video-preview":"max-video-preview:-1"},"canonical":"https:\/\/bringflix.shop\/en\/Produkte\/gustavo-gusto-pizza-salame-piccante-475g\/","og_locale":"en_US","og_type":"article","og_title":"Gustavo Gusto Pizza Salame Piccante 475g - BringFlix","og_description":"Zutaten: 45 % Teig (WEIZENMEHL, Wasser, Oliven\u00f6l, Salz, Frischbackhefe), 21 % Tomatenso\u00dfe (Sch\u00e4ltomaten, Wasser, Salz, Oliven\u00f6l, Gew\u00fcrze), 21 % schnittfester MOZZARELLA (pasteurisierte KUHMILCH, Salz, mikrobieller Labaustauschstoff, Milchs\u00e4urebakterienkulturen), 8 % Rindersalami (Rindfleisch, Rinderfett, Nitritp\u00f6kelsalz (Salz, Konservierungsstoff: Natriumnitrit), Gew\u00fcrze, Chili, Gew\u00fcrzextrakte, Dextrose, nat\u00fcrliche Aromen, Antioxidationsmittel: Natriumascorbat; Reifekulturen), 5 % eingelegte Peperonist\u00fccke (Peperoni, Wasser, Branntweinessig, Salz, S\u00e4uerungsmittel: Citronens\u00e4ure, Festigungsmittel: Calciumchlorid). Allergene: Kann enthalten: Eier und Eierzeugnisse. Fisch und Fischerzeugnisse. Soja und Sojaerzeugnisse. Sellerie und Sellerieerzeugnisse. Senf- und Senferzeugnisse. N\u00e4hrwerte (je 100 g):    Energie 966 kJ   Energie 230 kcal   Fett 8,6 g   Fett, davon ges\u00e4ttigte Fetts\u00e4uren 5,2 g   Kohlenhydrate 27 g   Kohlenhydrate, davon Zucker 1,5 g   Ballaststoffe 2,1 g   Eiwei\u00df 11 g   Salz 1,3 g","og_url":"https:\/\/bringflix.shop\/en\/Produkte\/gustavo-gusto-pizza-salame-piccante-475g\/","og_site_name":"BringFlix","article_modified_time":"2026-05-06T15:44:26+00:00","og_image":[{"width":480,"height":480,"url":"https:\/\/bringflix.shop\/wp-content\/uploads\/2025\/07\/Photoroom-20250722_095412_10_copy_480x480.png","type":"image\/png"}],"twitter_card":"summary_large_image","twitter_misc":{"Est. reading time":"2 minutes"},"schema":{"@context":"https:\/\/schema.org","@graph":[{"@type":"WebPage","@id":"https:\/\/bringflix.shop\/Produkte\/gustavo-gusto-pizza-salame-piccante-475g\/","url":"https:\/\/bringflix.shop\/Produkte\/gustavo-gusto-pizza-salame-piccante-475g\/","name":"Gustavo Gusto Pizza Salame Piccante 475g - BringFlix","isPartOf":{"@id":"https:\/\/bringflix.shop\/#website"},"primaryImageOfPage":{"@id":"https:\/\/bringflix.shop\/Produkte\/gustavo-gusto-pizza-salame-piccante-475g\/#primaryimage"},"image":{"@id":"https:\/\/bringflix.shop\/Produkte\/gustavo-gusto-pizza-salame-piccante-475g\/#primaryimage"},"thumbnailUrl":"https:\/\/bringflix.shop\/wp-content\/uploads\/2025\/07\/Photoroom-20250722_095412_10_copy_480x480.png","datePublished":"2025-07-21T08:39:46+00:00","dateModified":"2026-05-06T15:44:26+00:00","breadcrumb":{"@id":"https:\/\/bringflix.shop\/Produkte\/gustavo-gusto-pizza-salame-piccante-475g\/#breadcrumb"},"inLanguage":"en-US","potentialAction":[{"@type":"ReadAction","target":["https:\/\/bringflix.shop\/Produkte\/gustavo-gusto-pizza-salame-piccante-475g\/"]}]},{"@type":"ImageObject","inLanguage":"en-US","@id":"https:\/\/bringflix.shop\/Produkte\/gustavo-gusto-pizza-salame-piccante-475g\/#primaryimage","url":"https:\/\/bringflix.shop\/wp-content\/uploads\/2025\/07\/Photoroom-20250722_095412_10_copy_480x480.png","contentUrl":"https:\/\/bringflix.shop\/wp-content\/uploads\/2025\/07\/Photoroom-20250722_095412_10_copy_480x480.png","width":480,"height":480},{"@type":"BreadcrumbList","@id":"https:\/\/bringflix.shop\/Produkte\/gustavo-gusto-pizza-salame-piccante-475g\/#breadcrumb","itemListElement":[{"@type":"ListItem","position":1,"name":"Home","item":"https:\/\/bringflix.shop\/"},{"@type":"ListItem","position":2,"name":"Shop","item":"https:\/\/bringflix.shop\/shop\/"},{"@type":"ListItem","position":3,"name":"Gustavo Gusto Pizza Salame Piccante 475g"}]},{"@type":"WebSite","@id":"https:\/\/bringflix.shop\/#website","url":"https:\/\/bringflix.shop\/","name":"BringFlix","description":"","publisher":{"@id":"https:\/\/bringflix.shop\/#organization"},"potentialAction":[{"@type":"SearchAction","target":{"@type":"EntryPoint","urlTemplate":"https:\/\/bringflix.shop\/?s={search_term_string}"},"query-input":{"@type":"PropertyValueSpecification","valueRequired":true,"valueName":"search_term_string"}}],"inLanguage":"en-US"},{"@type":"Organization","@id":"https:\/\/bringflix.shop\/#organization","name":"BringFlix","url":"https:\/\/bringflix.shop\/","logo":{"@type":"ImageObject","inLanguage":"en-US","@id":"https:\/\/bringflix.shop\/#\/schema\/logo\/image\/","url":"https:\/\/bringflix.shop\/wp-content\/uploads\/2024\/11\/logo-bring-flix.png","contentUrl":"https:\/\/bringflix.shop\/wp-content\/uploads\/2024\/11\/logo-bring-flix.png","width":858,"height":316,"caption":"BringFlix"},"image":{"@id":"https:\/\/bringflix.shop\/#\/schema\/logo\/image\/"}}]}},"jetpack_sharing_enabled":true,"_links":{"self":[{"href":"https:\/\/bringflix.shop\/en\/wp-json\/wp\/v2\/product\/8193","targetHints":{"allow":["GET"]}}],"collection":[{"href":"https:\/\/bringflix.shop\/en\/wp-json\/wp\/v2\/product"}],"about":[{"href":"https:\/\/bringflix.shop\/en\/wp-json\/wp\/v2\/types\/product"}],"replies":[{"embeddable":true,"href":"https:\/\/bringflix.shop\/en\/wp-json\/wp\/v2\/comments?post=8193"}],"wp:featuredmedia":[{"embeddable":true,"href":"https:\/\/bringflix.shop\/en\/wp-json\/wp\/v2\/media\/8226"}],"wp:attachment":[{"href":"https:\/\/bringflix.shop\/en\/wp-json\/wp\/v2\/media?parent=8193"}],"wp:term":[{"taxonomy":"product_brand","embeddable":true,"href":"https:\/\/bringflix.shop\/en\/wp-json\/wp\/v2\/product_brand?post=8193"},{"taxonomy":"product_cat","embeddable":true,"href":"https:\/\/bringflix.shop\/en\/wp-json\/wp\/v2\/product_cat?post=8193"},{"taxonomy":"product_tag","embeddable":true,"href":"https:\/\/bringflix.shop\/en\/wp-json\/wp\/v2\/product_tag?post=8193"}],"curies":[{"name":"wp","href":"https:\/\/api.w.org\/{rel}","templated":true}]}}