{"id":8095,"date":"2025-07-04T05:31:01","date_gmt":"2025-07-04T03:31:01","guid":{"rendered":"https:\/\/bringflix.shop\/?post_type=product&#038;p=8095"},"modified":"2026-03-23T23:15:36","modified_gmt":"2026-03-23T22:15:36","slug":"paulaner-spezi-zero-05l-mehrweg","status":"publish","type":"product","link":"https:\/\/bringflix.shop\/en\/Produkte\/paulaner-spezi-zero-05l-mehrweg\/","title":{"rendered":"Paulaner Spezi Zero 0,5l (Mehrweg)"},"content":{"rendered":"<h3>Bezeichnung:<\/h3>\n<p>Coffeinhaltige Orangenlimonade mit Cola-Geschmack und S\u00fc\u00dfungsmitteln<\/p>\n<h3>Herkunft:<\/h3>\n<p>Deutschland<\/p>\n<h3>Hersteller-\/Inverkehrbringer:<\/h3>\n<p>Paulaner Brauerei Gruppe GmbH &amp; Co. KGaA Ohlm\u00fcllerstr. 42 81541 Muenchen<\/p>","protected":false},"excerpt":{"rendered":"<h3>Zutaten:<\/h3>\n<p>Wasser, Orangensaft aus Orangensaftkonzentrat (2,2%), Zitronensaft aus Zitronensaftkonzentrat (0,8%), Kohlens\u00e4ure, Orangenextrakt, Farbstoff E 150d, S\u00e4uerungsmittel Phosphors\u00e4ure und Zitronens\u00e4ure, S\u00e4ureregulator Natriumcitrat, nat\u00fcrliches Aroma, S\u00fc\u00dfungsmittel Aspartam und Asculfam-K, Aroma Koffein, Antioxidationsmittel Ascorbins\u00e4ure, Stabilisator Johannisbrotkernmehl.<\/p>\n<h3>Allergene:<\/h3>\n<p>Keine deklarationspflichtigen Allergene enthalten.<\/p>\n<p>Information: enth\u00e4lt eine Phenylalaninquelle<\/p>\n<h3>N\u00e4hrwerte (je 100 g):<\/h3>\n<table class=\"pdsr-Table pdpr-NutritionTable\">\n<tbody>\n<tr class=\"pdsr-Table--Row\">\n<td class=\"pdsr-Table--Cell--Highlight\">Energie<\/td>\n<td>6 kJ<\/td>\n<\/tr>\n<tr class=\"pdsr-Table--Row\">\n<td class=\"pdsr-Table--Cell--Highlight\">Energie<\/td>\n<td>1 kcal<\/td>\n<\/tr>\n<tr class=\"pdsr-Table--Row\">\n<td class=\"pdsr-Table--Cell--Highlight\">Fett<\/td>\n<td>0 g<\/td>\n<\/tr>\n<tr class=\"pdsr-Table--Row\">\n<td class=\"pdsr-Table--Cell--Highlight\">Fett, davon ges\u00e4ttigte Fetts\u00e4uren<\/td>\n<td>0 g<\/td>\n<\/tr>\n<tr class=\"pdsr-Table--Row\">\n<td class=\"pdsr-Table--Cell--Highlight\">Kohlenhydrate<\/td>\n<td>0,5 g<\/td>\n<\/tr>\n<tr class=\"pdsr-Table--Row\">\n<td class=\"pdsr-Table--Cell--Highlight\">Kohlenhydrate, davon Zucker<\/td>\n<td>0,5 g<\/td>\n<\/tr>\n<tr class=\"pdsr-Table--Row\">\n<td class=\"pdsr-Table--Cell--Highlight\">Eiwei\u00df<\/td>\n<td>0 g<\/td>\n<\/tr>\n<tr class=\"pdsr-Table--Row\">\n<td class=\"pdsr-Table--Cell--Highlight\">Salz<\/td>\n<td>0,04 g<\/td>\n<\/tr>\n<\/tbody>\n<\/table>\n<p>&nbsp;<\/p>","protected":false},"featured_media":8096,"comment_status":"open","ping_status":"closed","template":"","meta":{"_acf_changed":false,"inline_featured_image":false,"site-sidebar-layout":"default","site-content-layout":"","ast-site-content-layout":"default","site-content-style":"default","site-sidebar-style":"default","ast-global-header-display":"","ast-banner-title-visibility":"","ast-main-header-display":"","ast-hfb-above-header-display":"","ast-hfb-below-header-display":"","ast-hfb-mobile-header-display":"","site-post-title":"","ast-breadcrumbs-content":"","ast-featured-img":"","footer-sml-layout":"","theme-transparent-header-meta":"default","adv-header-id-meta":"","stick-header-meta":"","header-above-stick-meta":"","header-main-stick-meta":"","header-below-stick-meta":"","astra-migrate-meta-layouts":"set","ast-page-background-enabled":"default","ast-page-background-meta":{"desktop":{"background-color":"var(--ast-global-color-4)","background-image":"","background-repeat":"repeat","background-position":"center center","background-size":"auto","background-attachment":"scroll","background-type":"","background-media":"","overlay-type":"","overlay-color":"","overlay-opacity":"","overlay-gradient":""},"tablet":{"background-color":"","background-image":"","background-repeat":"repeat","background-position":"center center","background-size":"auto","background-attachment":"scroll","background-type":"","background-media":"","overlay-type":"","overlay-color":"","overlay-opacity":"","overlay-gradient":""},"mobile":{"background-color":"","background-image":"","background-repeat":"repeat","background-position":"center center","background-size":"auto","background-attachment":"scroll","background-type":"","background-media":"","overlay-type":"","overlay-color":"","overlay-opacity":"","overlay-gradient":""}},"ast-content-background-meta":{"desktop":{"background-color":"var(--ast-global-color-5)","background-image":"","background-repeat":"repeat","background-position":"center center","background-size":"auto","background-attachment":"scroll","background-type":"","background-media":"","overlay-type":"","overlay-color":"","overlay-opacity":"","overlay-gradient":""},"tablet":{"background-color":"var(--ast-global-color-5)","background-image":"","background-repeat":"repeat","background-position":"center center","background-size":"auto","background-attachment":"scroll","background-type":"","background-media":"","overlay-type":"","overlay-color":"","overlay-opacity":"","overlay-gradient":""},"mobile":{"background-color":"var(--ast-global-color-5)","background-image":"","background-repeat":"repeat","background-position":"center center","background-size":"auto","background-attachment":"scroll","background-type":"","background-media":"","overlay-type":"","overlay-color":"","overlay-opacity":"","overlay-gradient":""}}},"product_brand":[],"product_cat":[53,54],"product_tag":[],"class_list":{"0":"post-8095","1":"product","2":"type-product","3":"status-publish","4":"has-post-thumbnail","6":"product_cat-getraenke","7":"product_cat-soft-drinks","8":"desktop-align-left","9":"tablet-align-left","10":"mobile-align-left","12":"first","13":"instock","14":"taxable","15":"shipping-taxable","16":"purchasable","17":"product-type-simple"},"acf":[],"yoast_head":"<!-- This site is optimized with the Yoast SEO plugin v24.5 - https:\/\/yoast.com\/wordpress\/plugins\/seo\/ -->\n<title>Paulaner Spezi Zero 0,5l (Mehrweg) - BringFlix<\/title>\n<meta name=\"robots\" content=\"index, follow, max-snippet:-1, max-image-preview:large, max-video-preview:-1\" \/>\n<link rel=\"canonical\" href=\"https:\/\/bringflix.shop\/en\/Produkte\/paulaner-spezi-zero-05l-mehrweg\/\" \/>\n<meta property=\"og:locale\" content=\"en_US\" \/>\n<meta property=\"og:type\" content=\"article\" \/>\n<meta property=\"og:title\" content=\"Paulaner Spezi Zero 0,5l (Mehrweg) - BringFlix\" \/>\n<meta property=\"og:description\" content=\"Zutaten: Wasser, Orangensaft aus Orangensaftkonzentrat (2,2%), Zitronensaft aus Zitronensaftkonzentrat (0,8%), Kohlens\u00e4ure, Orangenextrakt, Farbstoff E 150d, S\u00e4uerungsmittel Phosphors\u00e4ure und Zitronens\u00e4ure, S\u00e4ureregulator Natriumcitrat, nat\u00fcrliches Aroma, S\u00fc\u00dfungsmittel Aspartam und Asculfam-K, Aroma Koffein, Antioxidationsmittel Ascorbins\u00e4ure, Stabilisator Johannisbrotkernmehl. Allergene: Keine deklarationspflichtigen Allergene enthalten.  Information: enth\u00e4lt eine Phenylalaninquelle N\u00e4hrwerte (je 100 g):    Energie 6 kJ   Energie 1 kcal   Fett 0 g   Fett, davon ges\u00e4ttigte Fetts\u00e4uren 0 g   Kohlenhydrate 0,5 g   Kohlenhydrate, davon Zucker 0,5 g   Eiwei\u00df 0 g   Salz 0,04 g    &nbsp;\" \/>\n<meta property=\"og:url\" content=\"https:\/\/bringflix.shop\/en\/Produkte\/paulaner-spezi-zero-05l-mehrweg\/\" \/>\n<meta property=\"og:site_name\" content=\"BringFlix\" \/>\n<meta property=\"article:modified_time\" content=\"2026-03-23T22:15:36+00:00\" \/>\n<meta property=\"og:image\" content=\"https:\/\/bringflix.shop\/wp-content\/uploads\/2025\/07\/1000114845.png\" \/>\n\t<meta property=\"og:image:width\" content=\"600\" \/>\n\t<meta property=\"og:image:height\" content=\"600\" \/>\n\t<meta property=\"og:image:type\" content=\"image\/png\" \/>\n<meta name=\"twitter:card\" content=\"summary_large_image\" \/>\n<meta name=\"twitter:label1\" content=\"Est. reading time\" \/>\n\t<meta name=\"twitter:data1\" content=\"1 minute\" \/>\n<script type=\"application\/ld+json\" class=\"yoast-schema-graph\">{\"@context\":\"https:\/\/schema.org\",\"@graph\":[{\"@type\":\"WebPage\",\"@id\":\"https:\/\/bringflix.shop\/Produkte\/paulaner-spezi-zero-05l-mehrweg\/\",\"url\":\"https:\/\/bringflix.shop\/Produkte\/paulaner-spezi-zero-05l-mehrweg\/\",\"name\":\"Paulaner Spezi Zero 0,5l (Mehrweg) - BringFlix\",\"isPartOf\":{\"@id\":\"https:\/\/bringflix.shop\/#website\"},\"primaryImageOfPage\":{\"@id\":\"https:\/\/bringflix.shop\/Produkte\/paulaner-spezi-zero-05l-mehrweg\/#primaryimage\"},\"image\":{\"@id\":\"https:\/\/bringflix.shop\/Produkte\/paulaner-spezi-zero-05l-mehrweg\/#primaryimage\"},\"thumbnailUrl\":\"https:\/\/bringflix.shop\/wp-content\/uploads\/2025\/07\/1000114845.png\",\"datePublished\":\"2025-07-04T03:31:01+00:00\",\"dateModified\":\"2026-03-23T22:15:36+00:00\",\"breadcrumb\":{\"@id\":\"https:\/\/bringflix.shop\/Produkte\/paulaner-spezi-zero-05l-mehrweg\/#breadcrumb\"},\"inLanguage\":\"en-US\",\"potentialAction\":[{\"@type\":\"ReadAction\",\"target\":[\"https:\/\/bringflix.shop\/Produkte\/paulaner-spezi-zero-05l-mehrweg\/\"]}]},{\"@type\":\"ImageObject\",\"inLanguage\":\"en-US\",\"@id\":\"https:\/\/bringflix.shop\/Produkte\/paulaner-spezi-zero-05l-mehrweg\/#primaryimage\",\"url\":\"https:\/\/bringflix.shop\/wp-content\/uploads\/2025\/07\/1000114845.png\",\"contentUrl\":\"https:\/\/bringflix.shop\/wp-content\/uploads\/2025\/07\/1000114845.png\",\"width\":600,\"height\":600},{\"@type\":\"BreadcrumbList\",\"@id\":\"https:\/\/bringflix.shop\/Produkte\/paulaner-spezi-zero-05l-mehrweg\/#breadcrumb\",\"itemListElement\":[{\"@type\":\"ListItem\",\"position\":1,\"name\":\"Home\",\"item\":\"https:\/\/bringflix.shop\/\"},{\"@type\":\"ListItem\",\"position\":2,\"name\":\"Shop\",\"item\":\"https:\/\/bringflix.shop\/shop\/\"},{\"@type\":\"ListItem\",\"position\":3,\"name\":\"Paulaner Spezi Zero 0,5l (Mehrweg)\"}]},{\"@type\":\"WebSite\",\"@id\":\"https:\/\/bringflix.shop\/#website\",\"url\":\"https:\/\/bringflix.shop\/\",\"name\":\"BringFlix\",\"description\":\"\",\"publisher\":{\"@id\":\"https:\/\/bringflix.shop\/#organization\"},\"potentialAction\":[{\"@type\":\"SearchAction\",\"target\":{\"@type\":\"EntryPoint\",\"urlTemplate\":\"https:\/\/bringflix.shop\/?s={search_term_string}\"},\"query-input\":{\"@type\":\"PropertyValueSpecification\",\"valueRequired\":true,\"valueName\":\"search_term_string\"}}],\"inLanguage\":\"en-US\"},{\"@type\":\"Organization\",\"@id\":\"https:\/\/bringflix.shop\/#organization\",\"name\":\"BringFlix\",\"url\":\"https:\/\/bringflix.shop\/\",\"logo\":{\"@type\":\"ImageObject\",\"inLanguage\":\"en-US\",\"@id\":\"https:\/\/bringflix.shop\/#\/schema\/logo\/image\/\",\"url\":\"https:\/\/bringflix.shop\/wp-content\/uploads\/2024\/11\/logo-bring-flix.png\",\"contentUrl\":\"https:\/\/bringflix.shop\/wp-content\/uploads\/2024\/11\/logo-bring-flix.png\",\"width\":858,\"height\":316,\"caption\":\"BringFlix\"},\"image\":{\"@id\":\"https:\/\/bringflix.shop\/#\/schema\/logo\/image\/\"}}]}<\/script>\n<!-- \/ Yoast SEO plugin. -->","yoast_head_json":{"title":"Paulaner Spezi Zero 0,5l (Mehrweg) - BringFlix","robots":{"index":"index","follow":"follow","max-snippet":"max-snippet:-1","max-image-preview":"max-image-preview:large","max-video-preview":"max-video-preview:-1"},"canonical":"https:\/\/bringflix.shop\/en\/Produkte\/paulaner-spezi-zero-05l-mehrweg\/","og_locale":"en_US","og_type":"article","og_title":"Paulaner Spezi Zero 0,5l (Mehrweg) - BringFlix","og_description":"Zutaten: Wasser, Orangensaft aus Orangensaftkonzentrat (2,2%), Zitronensaft aus Zitronensaftkonzentrat (0,8%), Kohlens\u00e4ure, Orangenextrakt, Farbstoff E 150d, S\u00e4uerungsmittel Phosphors\u00e4ure und Zitronens\u00e4ure, S\u00e4ureregulator Natriumcitrat, nat\u00fcrliches Aroma, S\u00fc\u00dfungsmittel Aspartam und Asculfam-K, Aroma Koffein, Antioxidationsmittel Ascorbins\u00e4ure, Stabilisator Johannisbrotkernmehl. Allergene: Keine deklarationspflichtigen Allergene enthalten.  Information: enth\u00e4lt eine Phenylalaninquelle N\u00e4hrwerte (je 100 g):    Energie 6 kJ   Energie 1 kcal   Fett 0 g   Fett, davon ges\u00e4ttigte Fetts\u00e4uren 0 g   Kohlenhydrate 0,5 g   Kohlenhydrate, davon Zucker 0,5 g   Eiwei\u00df 0 g   Salz 0,04 g    &nbsp;","og_url":"https:\/\/bringflix.shop\/en\/Produkte\/paulaner-spezi-zero-05l-mehrweg\/","og_site_name":"BringFlix","article_modified_time":"2026-03-23T22:15:36+00:00","og_image":[{"width":600,"height":600,"url":"https:\/\/bringflix.shop\/wp-content\/uploads\/2025\/07\/1000114845.png","type":"image\/png"}],"twitter_card":"summary_large_image","twitter_misc":{"Est. reading time":"1 minute"},"schema":{"@context":"https:\/\/schema.org","@graph":[{"@type":"WebPage","@id":"https:\/\/bringflix.shop\/Produkte\/paulaner-spezi-zero-05l-mehrweg\/","url":"https:\/\/bringflix.shop\/Produkte\/paulaner-spezi-zero-05l-mehrweg\/","name":"Paulaner Spezi Zero 0,5l (Mehrweg) - BringFlix","isPartOf":{"@id":"https:\/\/bringflix.shop\/#website"},"primaryImageOfPage":{"@id":"https:\/\/bringflix.shop\/Produkte\/paulaner-spezi-zero-05l-mehrweg\/#primaryimage"},"image":{"@id":"https:\/\/bringflix.shop\/Produkte\/paulaner-spezi-zero-05l-mehrweg\/#primaryimage"},"thumbnailUrl":"https:\/\/bringflix.shop\/wp-content\/uploads\/2025\/07\/1000114845.png","datePublished":"2025-07-04T03:31:01+00:00","dateModified":"2026-03-23T22:15:36+00:00","breadcrumb":{"@id":"https:\/\/bringflix.shop\/Produkte\/paulaner-spezi-zero-05l-mehrweg\/#breadcrumb"},"inLanguage":"en-US","potentialAction":[{"@type":"ReadAction","target":["https:\/\/bringflix.shop\/Produkte\/paulaner-spezi-zero-05l-mehrweg\/"]}]},{"@type":"ImageObject","inLanguage":"en-US","@id":"https:\/\/bringflix.shop\/Produkte\/paulaner-spezi-zero-05l-mehrweg\/#primaryimage","url":"https:\/\/bringflix.shop\/wp-content\/uploads\/2025\/07\/1000114845.png","contentUrl":"https:\/\/bringflix.shop\/wp-content\/uploads\/2025\/07\/1000114845.png","width":600,"height":600},{"@type":"BreadcrumbList","@id":"https:\/\/bringflix.shop\/Produkte\/paulaner-spezi-zero-05l-mehrweg\/#breadcrumb","itemListElement":[{"@type":"ListItem","position":1,"name":"Home","item":"https:\/\/bringflix.shop\/"},{"@type":"ListItem","position":2,"name":"Shop","item":"https:\/\/bringflix.shop\/shop\/"},{"@type":"ListItem","position":3,"name":"Paulaner Spezi Zero 0,5l (Mehrweg)"}]},{"@type":"WebSite","@id":"https:\/\/bringflix.shop\/#website","url":"https:\/\/bringflix.shop\/","name":"BringFlix","description":"","publisher":{"@id":"https:\/\/bringflix.shop\/#organization"},"potentialAction":[{"@type":"SearchAction","target":{"@type":"EntryPoint","urlTemplate":"https:\/\/bringflix.shop\/?s={search_term_string}"},"query-input":{"@type":"PropertyValueSpecification","valueRequired":true,"valueName":"search_term_string"}}],"inLanguage":"en-US"},{"@type":"Organization","@id":"https:\/\/bringflix.shop\/#organization","name":"BringFlix","url":"https:\/\/bringflix.shop\/","logo":{"@type":"ImageObject","inLanguage":"en-US","@id":"https:\/\/bringflix.shop\/#\/schema\/logo\/image\/","url":"https:\/\/bringflix.shop\/wp-content\/uploads\/2024\/11\/logo-bring-flix.png","contentUrl":"https:\/\/bringflix.shop\/wp-content\/uploads\/2024\/11\/logo-bring-flix.png","width":858,"height":316,"caption":"BringFlix"},"image":{"@id":"https:\/\/bringflix.shop\/#\/schema\/logo\/image\/"}}]}},"jetpack_sharing_enabled":true,"_links":{"self":[{"href":"https:\/\/bringflix.shop\/en\/wp-json\/wp\/v2\/product\/8095","targetHints":{"allow":["GET"]}}],"collection":[{"href":"https:\/\/bringflix.shop\/en\/wp-json\/wp\/v2\/product"}],"about":[{"href":"https:\/\/bringflix.shop\/en\/wp-json\/wp\/v2\/types\/product"}],"replies":[{"embeddable":true,"href":"https:\/\/bringflix.shop\/en\/wp-json\/wp\/v2\/comments?post=8095"}],"wp:featuredmedia":[{"embeddable":true,"href":"https:\/\/bringflix.shop\/en\/wp-json\/wp\/v2\/media\/8096"}],"wp:attachment":[{"href":"https:\/\/bringflix.shop\/en\/wp-json\/wp\/v2\/media?parent=8095"}],"wp:term":[{"taxonomy":"product_brand","embeddable":true,"href":"https:\/\/bringflix.shop\/en\/wp-json\/wp\/v2\/product_brand?post=8095"},{"taxonomy":"product_cat","embeddable":true,"href":"https:\/\/bringflix.shop\/en\/wp-json\/wp\/v2\/product_cat?post=8095"},{"taxonomy":"product_tag","embeddable":true,"href":"https:\/\/bringflix.shop\/en\/wp-json\/wp\/v2\/product_tag?post=8095"}],"curies":[{"name":"wp","href":"https:\/\/api.w.org\/{rel}","templated":true}]}}