{"id":7944,"date":"2025-06-06T02:36:30","date_gmt":"2025-06-06T00:36:30","guid":{"rendered":"https:\/\/bringflix.shop\/?post_type=product&#038;p=7944"},"modified":"2026-05-11T23:28:16","modified_gmt":"2026-05-11T21:28:16","slug":"chio-tortillas-nacho-cheese-110g","status":"publish","type":"product","link":"https:\/\/bringflix.shop\/en\/Produkte\/chio-tortillas-nacho-cheese-110g\/","title":{"rendered":"Chio Tortillas Nacho Cheese 110g"},"content":{"rendered":"<h3><b>Bezeichnung:<\/b><\/h3>\n<p>Mais-Snack mit K\u00e4se-Geschmack<\/p>\n<h3><b>Herkunft:<\/b><\/h3>\n<p>Deutschland<\/p>\n<h3><b>Hersteller-\/Inverkehrbringer:<\/b><\/h3>\n<p>Intersnack Deutschland SE, Erna-Scheffler-Str. 3, DE-51103 K\u00f6ln<\/p>","protected":false},"excerpt":{"rendered":"<h3><b>Zutaten:<\/b><\/h3>\n<p>Maismehl (64%), pflanzliche \u00d6le (Sonnenblume, Raps in ver\u00e4nderlichen Gewichtsanteilen), St\u00e4rke, nat\u00fcrliches Aroma, S\u00fc\u00dfmolkenpulver (MILCH), Speisesalz, Zucker, K\u00c4SEPULVER (0,7%) Hefeextrakt, Zwiebelpulver, Knoblauchpulver, Emulgator (Mono- und Diglyceride von Speisefetts\u00e4uren), Gew\u00fcrze. Kann Weizen enthalten.<\/p>\n<h3><b>Allergene:<\/b><\/h3>\n<p>Kann Spuren von WEIZEN enthalten.<\/p>\n<h3><b>N\u00e4hrwerte (je 100 g):<\/b><b>\u00a0<\/b><\/h3>\n<table class=\"pdsr-Table  pdpr-NutritionTable\">\n<tbody role=\"tbody\">\n<tr class=\"pdsr-Table--Row\" role=\"row\">\n<td class=\"pdpr-Table--Cell--Highlight\" role=\"td\" colspan=\"1\">Energie<\/td>\n<td class=\"\" role=\"td\" colspan=\"1\">2.069 kJ<\/td>\n<\/tr>\n<tr class=\"pdsr-Table--Row\" role=\"row\">\n<td class=\"pdpr-Table--Cell--Highlight\" role=\"td\" colspan=\"1\">Energie<\/td>\n<td class=\"\" role=\"td\" colspan=\"1\">494 kcal<\/td>\n<\/tr>\n<tr class=\"pdsr-Table--Row\" role=\"row\">\n<td class=\"pdpr-Table--Cell--Highlight\" role=\"td\" colspan=\"1\">Fett<\/td>\n<td class=\"\" role=\"td\" colspan=\"1\">22 g<\/td>\n<\/tr>\n<tr class=\"pdsr-Table--Row\" role=\"row\">\n<td class=\"pdpr-Table--Cell--Highlight\" role=\"td\" colspan=\"1\">Fett, davon ges\u00e4ttigte Fetts\u00e4uren<\/td>\n<td class=\"\" role=\"td\" colspan=\"1\">2,1 g<\/td>\n<\/tr>\n<tr class=\"pdsr-Table--Row\" role=\"row\">\n<td class=\"pdpr-Table--Cell--Highlight\" role=\"td\" colspan=\"1\">Fett, davon einfach unges\u00e4ttigte Fetts\u00e4uren<\/td>\n<td class=\"\" role=\"td\" colspan=\"1\">0 g<\/td>\n<\/tr>\n<tr class=\"pdsr-Table--Row\" role=\"row\">\n<td class=\"pdpr-Table--Cell--Highlight\" role=\"td\" colspan=\"1\">Fett, davon mehrfach unges\u00e4ttigte Fetts\u00e4uren<\/td>\n<td class=\"\" role=\"td\" colspan=\"1\">0 g<\/td>\n<\/tr>\n<tr class=\"pdsr-Table--Row\" role=\"row\">\n<td class=\"pdpr-Table--Cell--Highlight\" role=\"td\" colspan=\"1\">Kohlenhydrate<\/td>\n<td class=\"\" role=\"td\" colspan=\"1\">67 g<\/td>\n<\/tr>\n<tr class=\"pdsr-Table--Row\" role=\"row\">\n<td class=\"pdpr-Table--Cell--Highlight\" role=\"td\" colspan=\"1\">Kohlenhydrate, davon Zucker<\/td>\n<td class=\"\" role=\"td\" colspan=\"1\">3,9 g<\/td>\n<\/tr>\n<tr class=\"pdsr-Table--Row\" role=\"row\">\n<td class=\"pdpr-Table--Cell--Highlight\" role=\"td\" colspan=\"1\">Ballaststoffe<\/td>\n<td class=\"\" role=\"td\" colspan=\"1\">3,9 g<\/td>\n<\/tr>\n<tr class=\"pdsr-Table--Row\" role=\"row\">\n<td class=\"pdpr-Table--Cell--Highlight\" role=\"td\" colspan=\"1\">Eiwei\u00df<\/td>\n<td class=\"\" role=\"td\" colspan=\"1\">5,8 g<\/td>\n<\/tr>\n<tr class=\"pdsr-Table--Row\" role=\"row\">\n<td class=\"pdpr-Table--Cell--Highlight\" role=\"td\" colspan=\"1\">Salz<\/td>\n<td class=\"\" role=\"td\" colspan=\"1\">1,5 g<\/td>\n<\/tr>\n<\/tbody>\n<\/table>","protected":false},"featured_media":7945,"comment_status":"open","ping_status":"closed","template":"","meta":{"_acf_changed":false,"inline_featured_image":false,"site-sidebar-layout":"default","site-content-layout":"","ast-site-content-layout":"default","site-content-style":"default","site-sidebar-style":"default","ast-global-header-display":"","ast-banner-title-visibility":"","ast-main-header-display":"","ast-hfb-above-header-display":"","ast-hfb-below-header-display":"","ast-hfb-mobile-header-display":"","site-post-title":"","ast-breadcrumbs-content":"","ast-featured-img":"","footer-sml-layout":"","theme-transparent-header-meta":"default","adv-header-id-meta":"","stick-header-meta":"","header-above-stick-meta":"","header-main-stick-meta":"","header-below-stick-meta":"","astra-migrate-meta-layouts":"set","ast-page-background-enabled":"default","ast-page-background-meta":{"desktop":{"background-color":"var(--ast-global-color-4)","background-image":"","background-repeat":"repeat","background-position":"center center","background-size":"auto","background-attachment":"scroll","background-type":"","background-media":"","overlay-type":"","overlay-color":"","overlay-opacity":"","overlay-gradient":""},"tablet":{"background-color":"","background-image":"","background-repeat":"repeat","background-position":"center center","background-size":"auto","background-attachment":"scroll","background-type":"","background-media":"","overlay-type":"","overlay-color":"","overlay-opacity":"","overlay-gradient":""},"mobile":{"background-color":"","background-image":"","background-repeat":"repeat","background-position":"center center","background-size":"auto","background-attachment":"scroll","background-type":"","background-media":"","overlay-type":"","overlay-color":"","overlay-opacity":"","overlay-gradient":""}},"ast-content-background-meta":{"desktop":{"background-color":"var(--ast-global-color-5)","background-image":"","background-repeat":"repeat","background-position":"center center","background-size":"auto","background-attachment":"scroll","background-type":"","background-media":"","overlay-type":"","overlay-color":"","overlay-opacity":"","overlay-gradient":""},"tablet":{"background-color":"var(--ast-global-color-5)","background-image":"","background-repeat":"repeat","background-position":"center center","background-size":"auto","background-attachment":"scroll","background-type":"","background-media":"","overlay-type":"","overlay-color":"","overlay-opacity":"","overlay-gradient":""},"mobile":{"background-color":"var(--ast-global-color-5)","background-image":"","background-repeat":"repeat","background-position":"center center","background-size":"auto","background-attachment":"scroll","background-type":"","background-media":"","overlay-type":"","overlay-color":"","overlay-opacity":"","overlay-gradient":""}}},"product_brand":[],"product_cat":[44,39],"product_tag":[],"class_list":{"0":"post-7944","1":"product","2":"type-product","3":"status-publish","4":"has-post-thumbnail","6":"product_cat-salzige-snacks","7":"product_cat-suesse-salzige-snacks","8":"desktop-align-left","9":"tablet-align-left","10":"mobile-align-left","12":"first","13":"instock","14":"taxable","15":"shipping-taxable","16":"purchasable","17":"product-type-simple"},"acf":[],"yoast_head":"<!-- This site is optimized with the Yoast SEO plugin v24.5 - https:\/\/yoast.com\/wordpress\/plugins\/seo\/ -->\n<title>Chio Tortillas Nacho Cheese 110g - BringFlix<\/title>\n<meta name=\"robots\" content=\"index, follow, max-snippet:-1, max-image-preview:large, max-video-preview:-1\" \/>\n<link rel=\"canonical\" href=\"https:\/\/bringflix.shop\/en\/Produkte\/chio-tortillas-nacho-cheese-110g\/\" \/>\n<meta property=\"og:locale\" content=\"en_US\" \/>\n<meta property=\"og:type\" content=\"article\" \/>\n<meta property=\"og:title\" content=\"Chio Tortillas Nacho Cheese 110g - BringFlix\" \/>\n<meta property=\"og:description\" content=\"Zutaten: Maismehl (64%), pflanzliche \u00d6le (Sonnenblume, Raps in ver\u00e4nderlichen Gewichtsanteilen), St\u00e4rke, nat\u00fcrliches Aroma, S\u00fc\u00dfmolkenpulver (MILCH), Speisesalz, Zucker, K\u00c4SEPULVER (0,7%) Hefeextrakt, Zwiebelpulver, Knoblauchpulver, Emulgator (Mono- und Diglyceride von Speisefetts\u00e4uren), Gew\u00fcrze. Kann Weizen enthalten. Allergene: Kann Spuren von WEIZEN enthalten. N\u00e4hrwerte (je 100 g):\u00a0    Energie 2.069 kJ   Energie 494 kcal   Fett 22 g   Fett, davon ges\u00e4ttigte Fetts\u00e4uren 2,1 g   Fett, davon einfach unges\u00e4ttigte Fetts\u00e4uren 0 g   Fett, davon mehrfach unges\u00e4ttigte Fetts\u00e4uren 0 g   Kohlenhydrate 67 g   Kohlenhydrate, davon Zucker 3,9 g   Ballaststoffe 3,9 g   Eiwei\u00df 5,8 g   Salz 1,5 g\" \/>\n<meta property=\"og:url\" content=\"https:\/\/bringflix.shop\/en\/Produkte\/chio-tortillas-nacho-cheese-110g\/\" \/>\n<meta property=\"og:site_name\" content=\"BringFlix\" \/>\n<meta property=\"article:modified_time\" content=\"2026-05-11T21:28:16+00:00\" \/>\n<meta property=\"og:image\" content=\"https:\/\/bringflix.shop\/wp-content\/uploads\/2025\/06\/Photoroom-20250530_014028_6.png\" \/>\n\t<meta property=\"og:image:width\" content=\"600\" \/>\n\t<meta property=\"og:image:height\" content=\"600\" \/>\n\t<meta property=\"og:image:type\" content=\"image\/png\" \/>\n<meta name=\"twitter:card\" content=\"summary_large_image\" \/>\n<meta name=\"twitter:label1\" content=\"Est. reading time\" \/>\n\t<meta name=\"twitter:data1\" content=\"1 minute\" \/>\n<script type=\"application\/ld+json\" class=\"yoast-schema-graph\">{\"@context\":\"https:\/\/schema.org\",\"@graph\":[{\"@type\":\"WebPage\",\"@id\":\"https:\/\/bringflix.shop\/Produkte\/chio-tortillas-nacho-cheese-110g\/\",\"url\":\"https:\/\/bringflix.shop\/Produkte\/chio-tortillas-nacho-cheese-110g\/\",\"name\":\"Chio Tortillas Nacho Cheese 110g - BringFlix\",\"isPartOf\":{\"@id\":\"https:\/\/bringflix.shop\/#website\"},\"primaryImageOfPage\":{\"@id\":\"https:\/\/bringflix.shop\/Produkte\/chio-tortillas-nacho-cheese-110g\/#primaryimage\"},\"image\":{\"@id\":\"https:\/\/bringflix.shop\/Produkte\/chio-tortillas-nacho-cheese-110g\/#primaryimage\"},\"thumbnailUrl\":\"https:\/\/bringflix.shop\/wp-content\/uploads\/2025\/06\/Photoroom-20250530_014028_6.png\",\"datePublished\":\"2025-06-06T00:36:30+00:00\",\"dateModified\":\"2026-05-11T21:28:16+00:00\",\"breadcrumb\":{\"@id\":\"https:\/\/bringflix.shop\/Produkte\/chio-tortillas-nacho-cheese-110g\/#breadcrumb\"},\"inLanguage\":\"en-US\",\"potentialAction\":[{\"@type\":\"ReadAction\",\"target\":[\"https:\/\/bringflix.shop\/Produkte\/chio-tortillas-nacho-cheese-110g\/\"]}]},{\"@type\":\"ImageObject\",\"inLanguage\":\"en-US\",\"@id\":\"https:\/\/bringflix.shop\/Produkte\/chio-tortillas-nacho-cheese-110g\/#primaryimage\",\"url\":\"https:\/\/bringflix.shop\/wp-content\/uploads\/2025\/06\/Photoroom-20250530_014028_6.png\",\"contentUrl\":\"https:\/\/bringflix.shop\/wp-content\/uploads\/2025\/06\/Photoroom-20250530_014028_6.png\",\"width\":600,\"height\":600},{\"@type\":\"BreadcrumbList\",\"@id\":\"https:\/\/bringflix.shop\/Produkte\/chio-tortillas-nacho-cheese-110g\/#breadcrumb\",\"itemListElement\":[{\"@type\":\"ListItem\",\"position\":1,\"name\":\"Home\",\"item\":\"https:\/\/bringflix.shop\/\"},{\"@type\":\"ListItem\",\"position\":2,\"name\":\"Shop\",\"item\":\"https:\/\/bringflix.shop\/shop\/\"},{\"@type\":\"ListItem\",\"position\":3,\"name\":\"Chio Tortillas Nacho Cheese 110g\"}]},{\"@type\":\"WebSite\",\"@id\":\"https:\/\/bringflix.shop\/#website\",\"url\":\"https:\/\/bringflix.shop\/\",\"name\":\"BringFlix\",\"description\":\"\",\"publisher\":{\"@id\":\"https:\/\/bringflix.shop\/#organization\"},\"potentialAction\":[{\"@type\":\"SearchAction\",\"target\":{\"@type\":\"EntryPoint\",\"urlTemplate\":\"https:\/\/bringflix.shop\/?s={search_term_string}\"},\"query-input\":{\"@type\":\"PropertyValueSpecification\",\"valueRequired\":true,\"valueName\":\"search_term_string\"}}],\"inLanguage\":\"en-US\"},{\"@type\":\"Organization\",\"@id\":\"https:\/\/bringflix.shop\/#organization\",\"name\":\"BringFlix\",\"url\":\"https:\/\/bringflix.shop\/\",\"logo\":{\"@type\":\"ImageObject\",\"inLanguage\":\"en-US\",\"@id\":\"https:\/\/bringflix.shop\/#\/schema\/logo\/image\/\",\"url\":\"https:\/\/bringflix.shop\/wp-content\/uploads\/2024\/11\/logo-bring-flix.png\",\"contentUrl\":\"https:\/\/bringflix.shop\/wp-content\/uploads\/2024\/11\/logo-bring-flix.png\",\"width\":858,\"height\":316,\"caption\":\"BringFlix\"},\"image\":{\"@id\":\"https:\/\/bringflix.shop\/#\/schema\/logo\/image\/\"}}]}<\/script>\n<!-- \/ Yoast SEO plugin. -->","yoast_head_json":{"title":"Chio Tortillas Nacho Cheese 110g - BringFlix","robots":{"index":"index","follow":"follow","max-snippet":"max-snippet:-1","max-image-preview":"max-image-preview:large","max-video-preview":"max-video-preview:-1"},"canonical":"https:\/\/bringflix.shop\/en\/Produkte\/chio-tortillas-nacho-cheese-110g\/","og_locale":"en_US","og_type":"article","og_title":"Chio Tortillas Nacho Cheese 110g - BringFlix","og_description":"Zutaten: Maismehl (64%), pflanzliche \u00d6le (Sonnenblume, Raps in ver\u00e4nderlichen Gewichtsanteilen), St\u00e4rke, nat\u00fcrliches Aroma, S\u00fc\u00dfmolkenpulver (MILCH), Speisesalz, Zucker, K\u00c4SEPULVER (0,7%) Hefeextrakt, Zwiebelpulver, Knoblauchpulver, Emulgator (Mono- und Diglyceride von Speisefetts\u00e4uren), Gew\u00fcrze. Kann Weizen enthalten. Allergene: Kann Spuren von WEIZEN enthalten. N\u00e4hrwerte (je 100 g):\u00a0    Energie 2.069 kJ   Energie 494 kcal   Fett 22 g   Fett, davon ges\u00e4ttigte Fetts\u00e4uren 2,1 g   Fett, davon einfach unges\u00e4ttigte Fetts\u00e4uren 0 g   Fett, davon mehrfach unges\u00e4ttigte Fetts\u00e4uren 0 g   Kohlenhydrate 67 g   Kohlenhydrate, davon Zucker 3,9 g   Ballaststoffe 3,9 g   Eiwei\u00df 5,8 g   Salz 1,5 g","og_url":"https:\/\/bringflix.shop\/en\/Produkte\/chio-tortillas-nacho-cheese-110g\/","og_site_name":"BringFlix","article_modified_time":"2026-05-11T21:28:16+00:00","og_image":[{"width":600,"height":600,"url":"https:\/\/bringflix.shop\/wp-content\/uploads\/2025\/06\/Photoroom-20250530_014028_6.png","type":"image\/png"}],"twitter_card":"summary_large_image","twitter_misc":{"Est. reading time":"1 minute"},"schema":{"@context":"https:\/\/schema.org","@graph":[{"@type":"WebPage","@id":"https:\/\/bringflix.shop\/Produkte\/chio-tortillas-nacho-cheese-110g\/","url":"https:\/\/bringflix.shop\/Produkte\/chio-tortillas-nacho-cheese-110g\/","name":"Chio Tortillas Nacho Cheese 110g - BringFlix","isPartOf":{"@id":"https:\/\/bringflix.shop\/#website"},"primaryImageOfPage":{"@id":"https:\/\/bringflix.shop\/Produkte\/chio-tortillas-nacho-cheese-110g\/#primaryimage"},"image":{"@id":"https:\/\/bringflix.shop\/Produkte\/chio-tortillas-nacho-cheese-110g\/#primaryimage"},"thumbnailUrl":"https:\/\/bringflix.shop\/wp-content\/uploads\/2025\/06\/Photoroom-20250530_014028_6.png","datePublished":"2025-06-06T00:36:30+00:00","dateModified":"2026-05-11T21:28:16+00:00","breadcrumb":{"@id":"https:\/\/bringflix.shop\/Produkte\/chio-tortillas-nacho-cheese-110g\/#breadcrumb"},"inLanguage":"en-US","potentialAction":[{"@type":"ReadAction","target":["https:\/\/bringflix.shop\/Produkte\/chio-tortillas-nacho-cheese-110g\/"]}]},{"@type":"ImageObject","inLanguage":"en-US","@id":"https:\/\/bringflix.shop\/Produkte\/chio-tortillas-nacho-cheese-110g\/#primaryimage","url":"https:\/\/bringflix.shop\/wp-content\/uploads\/2025\/06\/Photoroom-20250530_014028_6.png","contentUrl":"https:\/\/bringflix.shop\/wp-content\/uploads\/2025\/06\/Photoroom-20250530_014028_6.png","width":600,"height":600},{"@type":"BreadcrumbList","@id":"https:\/\/bringflix.shop\/Produkte\/chio-tortillas-nacho-cheese-110g\/#breadcrumb","itemListElement":[{"@type":"ListItem","position":1,"name":"Home","item":"https:\/\/bringflix.shop\/"},{"@type":"ListItem","position":2,"name":"Shop","item":"https:\/\/bringflix.shop\/shop\/"},{"@type":"ListItem","position":3,"name":"Chio Tortillas Nacho Cheese 110g"}]},{"@type":"WebSite","@id":"https:\/\/bringflix.shop\/#website","url":"https:\/\/bringflix.shop\/","name":"BringFlix","description":"","publisher":{"@id":"https:\/\/bringflix.shop\/#organization"},"potentialAction":[{"@type":"SearchAction","target":{"@type":"EntryPoint","urlTemplate":"https:\/\/bringflix.shop\/?s={search_term_string}"},"query-input":{"@type":"PropertyValueSpecification","valueRequired":true,"valueName":"search_term_string"}}],"inLanguage":"en-US"},{"@type":"Organization","@id":"https:\/\/bringflix.shop\/#organization","name":"BringFlix","url":"https:\/\/bringflix.shop\/","logo":{"@type":"ImageObject","inLanguage":"en-US","@id":"https:\/\/bringflix.shop\/#\/schema\/logo\/image\/","url":"https:\/\/bringflix.shop\/wp-content\/uploads\/2024\/11\/logo-bring-flix.png","contentUrl":"https:\/\/bringflix.shop\/wp-content\/uploads\/2024\/11\/logo-bring-flix.png","width":858,"height":316,"caption":"BringFlix"},"image":{"@id":"https:\/\/bringflix.shop\/#\/schema\/logo\/image\/"}}]}},"jetpack_sharing_enabled":true,"_links":{"self":[{"href":"https:\/\/bringflix.shop\/en\/wp-json\/wp\/v2\/product\/7944","targetHints":{"allow":["GET"]}}],"collection":[{"href":"https:\/\/bringflix.shop\/en\/wp-json\/wp\/v2\/product"}],"about":[{"href":"https:\/\/bringflix.shop\/en\/wp-json\/wp\/v2\/types\/product"}],"replies":[{"embeddable":true,"href":"https:\/\/bringflix.shop\/en\/wp-json\/wp\/v2\/comments?post=7944"}],"wp:featuredmedia":[{"embeddable":true,"href":"https:\/\/bringflix.shop\/en\/wp-json\/wp\/v2\/media\/7945"}],"wp:attachment":[{"href":"https:\/\/bringflix.shop\/en\/wp-json\/wp\/v2\/media?parent=7944"}],"wp:term":[{"taxonomy":"product_brand","embeddable":true,"href":"https:\/\/bringflix.shop\/en\/wp-json\/wp\/v2\/product_brand?post=7944"},{"taxonomy":"product_cat","embeddable":true,"href":"https:\/\/bringflix.shop\/en\/wp-json\/wp\/v2\/product_cat?post=7944"},{"taxonomy":"product_tag","embeddable":true,"href":"https:\/\/bringflix.shop\/en\/wp-json\/wp\/v2\/product_tag?post=7944"}],"curies":[{"name":"wp","href":"https:\/\/api.w.org\/{rel}","templated":true}]}}