{"id":7874,"date":"2025-05-18T19:57:08","date_gmt":"2025-05-18T17:57:08","guid":{"rendered":"https:\/\/bringflix.shop\/?post_type=product&#038;p=7874"},"modified":"2026-04-13T17:43:50","modified_gmt":"2026-04-13T15:43:50","slug":"red-bull-energy-drink-pink-edition-waldbeere-025l-einweg-3","status":"publish","type":"product","link":"https:\/\/bringflix.shop\/en\/Produkte\/red-bull-energy-drink-pink-edition-waldbeere-025l-einweg-3\/","title":{"rendered":"Red Bull Energy Drink Pink Edition Waldbeere sugarfree 0,25l (Einweg)"},"content":{"rendered":"<h3 id=\"docs-internal-guid-bcd06191-7fff-419b-8f0f-2a19510deb48\" dir=\"ltr\" style=\"line-height: 1.3800000000000001; margin-top: 10pt; margin-bottom: 0pt;\"><span style=\"font-size: 11pt; font-family: Calibri,sans-serif; color: #000000; background-color: transparent; font-weight: bold; font-style: normal; font-variant: normal; text-decoration: none; vertical-align: baseline;\">Bezeichnung:<\/span><\/h3>\n<p dir=\"ltr\" style=\"line-height: 1.3800000000000001; margin-top: 0pt; margin-bottom: 10pt;\">Koffeinhaltiges Tauringetr\u00e4nk mit S\u00fc\u00dfungsmittel<\/p>\n<h3 dir=\"ltr\" style=\"line-height: 1.3800000000000001; margin-top: 10pt; margin-bottom: 0pt;\"><span style=\"font-size: 11pt; font-family: Calibri,sans-serif; color: #000000; background-color: transparent; font-weight: bold; font-style: normal; font-variant: normal; text-decoration: none; vertical-align: baseline;\">Herkunft:<\/span><\/h3>\n<p dir=\"ltr\" style=\"line-height: 1.3800000000000001; margin-top: 0pt; margin-bottom: 10pt;\"><span style=\"font-size: 11pt; font-family: Cambria,serif; color: #000000; background-color: transparent; font-weight: 400; font-style: normal; font-variant: normal; text-decoration: none; vertical-align: baseline;\">\u00d6sterreich<\/span><\/p>\n<h3 dir=\"ltr\" style=\"line-height: 1.3800000000000001; margin-top: 10pt; margin-bottom: 0pt;\"><span style=\"font-size: 11pt; font-family: Calibri,sans-serif; color: #000000; background-color: transparent; font-weight: bold; font-style: normal; font-variant: normal; text-decoration: none; vertical-align: baseline;\">Hersteller-\/Inverkehrbringer:<\/span><\/h3>\n<div class=\"pdpr-Attribute\">Red Bull GmbH, 5330 Fuschl am See, \u00d6sterreich<\/div>","protected":false},"excerpt":{"rendered":"<h3 id=\"docs-internal-guid-d03149ca-7fff-76b5-32c9-3a29a4223359\" dir=\"ltr\" style=\"line-height: 1.3800000000000001; margin-top: 10pt; margin-bottom: 0pt;\"><span style=\"font-size: 11pt; font-family: Calibri,sans-serif; color: #000000; background-color: transparent; font-weight: bold; font-style: normal; font-variant: normal; text-decoration: none; vertical-align: baseline;\">Zutaten:<\/span><\/h3>\n<h3 class=\"pdpr-Attribute__label\"><\/h3>\n<p dir=\"ltr\" style=\"line-height: 1.3800000000000001; margin-top: 0pt; margin-bottom: 10pt;\">Wasser, S\u00e4uerungsmittel (Citronens\u00e4ure), Kohlens\u00e4ure,Taurin (0,4%), S\u00e4ureregulator,(Natriumcitrate), Koffein (0,03%), S\u00fc\u00dfungsmittel (Sucralose, Acesulfam K), Vitamine (Niacin, Pantothens\u00e4ure, B6, B12), Aromen,Verdickungsmittel (Xanthan), Farbstoffe (Anthocyane, Riboflavine).<\/p>\n<h3 dir=\"ltr\" style=\"line-height: 1.3800000000000001; margin-top: 10pt; margin-bottom: 0pt;\"><span style=\"font-size: 11pt; font-family: Calibri,sans-serif; color: #000000; background-color: transparent; font-weight: bold; font-style: normal; font-variant: normal; text-decoration: none; vertical-align: baseline;\">N\u00e4hrwerte (je 100 g):<\/span><\/h3>\n<table class=\"pdsr-Table pdpr-NutritionTable\">\n<thead role=\"thead\">\n<tr class=\"pdsr-Table--Row\" role=\"row\">\n<th class=\"\" role=\"th\" colspan=\"1\">Durchschnittliche N\u00e4hrwerte<\/th>\n<th class=\"\" role=\"th\" colspan=\"1\">Unzubereitet pro 100 g<\/th>\n<\/tr>\n<\/thead>\n<tbody role=\"tbody\">\n<tr class=\"pdsr-Table--Row\" role=\"row\">\n<td class=\"pdpr-Table--Cell--Highlight\" role=\"td\" colspan=\"1\">Energie<\/td>\n<td class=\"\" role=\"td\" colspan=\"1\">11 kJ<\/td>\n<\/tr>\n<tr class=\"pdsr-Table--Row\" role=\"row\">\n<td class=\"pdpr-Table--Cell--Highlight\" role=\"td\" colspan=\"1\">Energie<\/td>\n<td class=\"\" role=\"td\" colspan=\"1\">2 kcal<\/td>\n<\/tr>\n<tr class=\"pdsr-Table--Row\" role=\"row\">\n<td class=\"pdpr-Table--Cell--Highlight\" role=\"td\" colspan=\"1\">Fett<\/td>\n<td class=\"\" role=\"td\" colspan=\"1\">0 g<\/td>\n<\/tr>\n<tr class=\"pdsr-Table--Row\" role=\"row\">\n<td class=\"pdpr-Table--Cell--Highlight\" role=\"td\" colspan=\"1\">Fett, davon ges\u00e4ttigte Fetts\u00e4uren<\/td>\n<td class=\"\" role=\"td\" colspan=\"1\">0 g<\/td>\n<\/tr>\n<tr class=\"pdsr-Table--Row\" role=\"row\">\n<td class=\"pdpr-Table--Cell--Highlight\" role=\"td\" colspan=\"1\">Kohlenhydrate<\/td>\n<td class=\"\" role=\"td\" colspan=\"1\">0 g<\/td>\n<\/tr>\n<tr class=\"pdsr-Table--Row\" role=\"row\">\n<td class=\"pdpr-Table--Cell--Highlight\" role=\"td\" colspan=\"1\">Kohlenhydrate, davon Zucker<\/td>\n<td class=\"\" role=\"td\" colspan=\"1\">0 g<\/td>\n<\/tr>\n<tr class=\"pdsr-Table--Row\" role=\"row\">\n<td class=\"pdpr-Table--Cell--Highlight\" role=\"td\" colspan=\"1\">Eiwei\u00df<\/td>\n<td class=\"\" role=\"td\" colspan=\"1\">0 g<\/td>\n<\/tr>\n<tr class=\"pdsr-Table--Row\" role=\"row\">\n<td class=\"pdpr-Table--Cell--Highlight\" role=\"td\" colspan=\"1\">Salz<\/td>\n<td class=\"\" role=\"td\" colspan=\"1\">0,1 g<\/td>\n<\/tr>\n<tr class=\"pdsr-Table--Row\" role=\"row\">\n<td class=\"pdpr-Table--Cell--Highlight\" role=\"td\" colspan=\"1\">Niacin<\/td>\n<td class=\"\" role=\"td\" colspan=\"1\">8 mg<\/td>\n<\/tr>\n<tr class=\"pdsr-Table--Row\" role=\"row\">\n<td class=\"pdpr-Table--Cell--Highlight\" role=\"td\" colspan=\"1\">Pantothens\u00e4ure<\/td>\n<td class=\"\" role=\"td\" colspan=\"1\">2 mg<\/td>\n<\/tr>\n<tr class=\"pdsr-Table--Row\" role=\"row\">\n<td class=\"pdpr-Table--Cell--Highlight\" role=\"td\" colspan=\"1\">Vitamin B12<\/td>\n<td class=\"\" role=\"td\" colspan=\"1\">2 \u00b5g<\/td>\n<\/tr>\n<tr class=\"pdsr-Table--Row\" role=\"row\">\n<td class=\"pdpr-Table--Cell--Highlight\" role=\"td\" colspan=\"1\">Vitamin B6<\/td>\n<td class=\"\" role=\"td\" colspan=\"1\">2 mg<\/td>\n<\/tr>\n<\/tbody>\n<\/table>","protected":false},"featured_media":7875,"comment_status":"open","ping_status":"closed","template":"","meta":{"_acf_changed":false,"inline_featured_image":false,"site-sidebar-layout":"default","site-content-layout":"","ast-site-content-layout":"default","site-content-style":"default","site-sidebar-style":"default","ast-global-header-display":"","ast-banner-title-visibility":"","ast-main-header-display":"","ast-hfb-above-header-display":"","ast-hfb-below-header-display":"","ast-hfb-mobile-header-display":"","site-post-title":"","ast-breadcrumbs-content":"","ast-featured-img":"","footer-sml-layout":"","theme-transparent-header-meta":"default","adv-header-id-meta":"","stick-header-meta":"","header-above-stick-meta":"","header-main-stick-meta":"","header-below-stick-meta":"","astra-migrate-meta-layouts":"set","ast-page-background-enabled":"default","ast-page-background-meta":{"desktop":{"background-color":"var(--ast-global-color-4)","background-image":"","background-repeat":"repeat","background-position":"center center","background-size":"auto","background-attachment":"scroll","background-type":"","background-media":"","overlay-type":"","overlay-color":"","overlay-opacity":"","overlay-gradient":""},"tablet":{"background-color":"","background-image":"","background-repeat":"repeat","background-position":"center center","background-size":"auto","background-attachment":"scroll","background-type":"","background-media":"","overlay-type":"","overlay-color":"","overlay-opacity":"","overlay-gradient":""},"mobile":{"background-color":"","background-image":"","background-repeat":"repeat","background-position":"center center","background-size":"auto","background-attachment":"scroll","background-type":"","background-media":"","overlay-type":"","overlay-color":"","overlay-opacity":"","overlay-gradient":""}},"ast-content-background-meta":{"desktop":{"background-color":"var(--ast-global-color-5)","background-image":"","background-repeat":"repeat","background-position":"center center","background-size":"auto","background-attachment":"scroll","background-type":"","background-media":"","overlay-type":"","overlay-color":"","overlay-opacity":"","overlay-gradient":""},"tablet":{"background-color":"var(--ast-global-color-5)","background-image":"","background-repeat":"repeat","background-position":"center center","background-size":"auto","background-attachment":"scroll","background-type":"","background-media":"","overlay-type":"","overlay-color":"","overlay-opacity":"","overlay-gradient":""},"mobile":{"background-color":"var(--ast-global-color-5)","background-image":"","background-repeat":"repeat","background-position":"center center","background-size":"auto","background-attachment":"scroll","background-type":"","background-media":"","overlay-type":"","overlay-color":"","overlay-opacity":"","overlay-gradient":""}}},"product_brand":[],"product_cat":[53,54],"product_tag":[],"class_list":{"0":"post-7874","1":"product","2":"type-product","3":"status-publish","4":"has-post-thumbnail","6":"product_cat-getraenke","7":"product_cat-soft-drinks","8":"desktop-align-left","9":"tablet-align-left","10":"mobile-align-left","12":"first","13":"instock","14":"taxable","15":"shipping-taxable","16":"purchasable","17":"product-type-simple"},"acf":[],"yoast_head":"<!-- This site is optimized with the Yoast SEO plugin v24.5 - https:\/\/yoast.com\/wordpress\/plugins\/seo\/ -->\n<title>Red Bull Energy Drink Pink Edition Waldbeere sugarfree 0,25l (Einweg) - BringFlix<\/title>\n<meta name=\"robots\" content=\"index, follow, max-snippet:-1, max-image-preview:large, max-video-preview:-1\" \/>\n<link rel=\"canonical\" href=\"https:\/\/bringflix.shop\/en\/Produkte\/red-bull-energy-drink-pink-edition-waldbeere-025l-einweg-3\/\" \/>\n<meta property=\"og:locale\" content=\"en_US\" \/>\n<meta property=\"og:type\" content=\"article\" \/>\n<meta property=\"og:title\" content=\"Red Bull Energy Drink Pink Edition Waldbeere sugarfree 0,25l (Einweg) - BringFlix\" \/>\n<meta property=\"og:description\" content=\"Zutaten:  Wasser, S\u00e4uerungsmittel (Citronens\u00e4ure), Kohlens\u00e4ure,Taurin (0,4%), S\u00e4ureregulator,(Natriumcitrate), Koffein (0,03%), S\u00fc\u00dfungsmittel (Sucralose, Acesulfam K), Vitamine (Niacin, Pantothens\u00e4ure, B6, B12), Aromen,Verdickungsmittel (Xanthan), Farbstoffe (Anthocyane, Riboflavine).  N\u00e4hrwerte (je 100 g):    Durchschnittliche N\u00e4hrwerte Unzubereitet pro 100 g     Energie 11 kJ   Energie 2 kcal   Fett 0 g   Fett, davon ges\u00e4ttigte Fetts\u00e4uren 0 g   Kohlenhydrate 0 g   Kohlenhydrate, davon Zucker 0 g   Eiwei\u00df 0 g   Salz 0,1 g   Niacin 8 mg   Pantothens\u00e4ure 2 mg   Vitamin B12 2 \u00b5g   Vitamin B6 2 mg\" \/>\n<meta property=\"og:url\" content=\"https:\/\/bringflix.shop\/en\/Produkte\/red-bull-energy-drink-pink-edition-waldbeere-025l-einweg-3\/\" \/>\n<meta property=\"og:site_name\" content=\"BringFlix\" \/>\n<meta property=\"article:modified_time\" content=\"2026-04-13T15:43:50+00:00\" \/>\n<meta property=\"og:image\" content=\"https:\/\/bringflix.shop\/wp-content\/uploads\/2025\/05\/IMG_20250516_233559.png\" \/>\n\t<meta property=\"og:image:width\" content=\"600\" \/>\n\t<meta property=\"og:image:height\" content=\"600\" \/>\n\t<meta property=\"og:image:type\" content=\"image\/png\" \/>\n<meta name=\"twitter:card\" content=\"summary_large_image\" \/>\n<meta name=\"twitter:label1\" content=\"Est. reading time\" \/>\n\t<meta name=\"twitter:data1\" content=\"1 minute\" \/>\n<script type=\"application\/ld+json\" class=\"yoast-schema-graph\">{\"@context\":\"https:\/\/schema.org\",\"@graph\":[{\"@type\":\"WebPage\",\"@id\":\"https:\/\/bringflix.shop\/Produkte\/red-bull-energy-drink-pink-edition-waldbeere-025l-einweg-3\/\",\"url\":\"https:\/\/bringflix.shop\/Produkte\/red-bull-energy-drink-pink-edition-waldbeere-025l-einweg-3\/\",\"name\":\"Red Bull Energy Drink Pink Edition Waldbeere sugarfree 0,25l (Einweg) - BringFlix\",\"isPartOf\":{\"@id\":\"https:\/\/bringflix.shop\/#website\"},\"primaryImageOfPage\":{\"@id\":\"https:\/\/bringflix.shop\/Produkte\/red-bull-energy-drink-pink-edition-waldbeere-025l-einweg-3\/#primaryimage\"},\"image\":{\"@id\":\"https:\/\/bringflix.shop\/Produkte\/red-bull-energy-drink-pink-edition-waldbeere-025l-einweg-3\/#primaryimage\"},\"thumbnailUrl\":\"https:\/\/bringflix.shop\/wp-content\/uploads\/2025\/05\/IMG_20250516_233559.png\",\"datePublished\":\"2025-05-18T17:57:08+00:00\",\"dateModified\":\"2026-04-13T15:43:50+00:00\",\"breadcrumb\":{\"@id\":\"https:\/\/bringflix.shop\/Produkte\/red-bull-energy-drink-pink-edition-waldbeere-025l-einweg-3\/#breadcrumb\"},\"inLanguage\":\"en-US\",\"potentialAction\":[{\"@type\":\"ReadAction\",\"target\":[\"https:\/\/bringflix.shop\/Produkte\/red-bull-energy-drink-pink-edition-waldbeere-025l-einweg-3\/\"]}]},{\"@type\":\"ImageObject\",\"inLanguage\":\"en-US\",\"@id\":\"https:\/\/bringflix.shop\/Produkte\/red-bull-energy-drink-pink-edition-waldbeere-025l-einweg-3\/#primaryimage\",\"url\":\"https:\/\/bringflix.shop\/wp-content\/uploads\/2025\/05\/IMG_20250516_233559.png\",\"contentUrl\":\"https:\/\/bringflix.shop\/wp-content\/uploads\/2025\/05\/IMG_20250516_233559.png\",\"width\":600,\"height\":600},{\"@type\":\"BreadcrumbList\",\"@id\":\"https:\/\/bringflix.shop\/Produkte\/red-bull-energy-drink-pink-edition-waldbeere-025l-einweg-3\/#breadcrumb\",\"itemListElement\":[{\"@type\":\"ListItem\",\"position\":1,\"name\":\"Home\",\"item\":\"https:\/\/bringflix.shop\/\"},{\"@type\":\"ListItem\",\"position\":2,\"name\":\"Shop\",\"item\":\"https:\/\/bringflix.shop\/shop\/\"},{\"@type\":\"ListItem\",\"position\":3,\"name\":\"Red Bull Energy Drink Pink Edition Waldbeere sugarfree 0,25l (Einweg)\"}]},{\"@type\":\"WebSite\",\"@id\":\"https:\/\/bringflix.shop\/#website\",\"url\":\"https:\/\/bringflix.shop\/\",\"name\":\"BringFlix\",\"description\":\"\",\"publisher\":{\"@id\":\"https:\/\/bringflix.shop\/#organization\"},\"potentialAction\":[{\"@type\":\"SearchAction\",\"target\":{\"@type\":\"EntryPoint\",\"urlTemplate\":\"https:\/\/bringflix.shop\/?s={search_term_string}\"},\"query-input\":{\"@type\":\"PropertyValueSpecification\",\"valueRequired\":true,\"valueName\":\"search_term_string\"}}],\"inLanguage\":\"en-US\"},{\"@type\":\"Organization\",\"@id\":\"https:\/\/bringflix.shop\/#organization\",\"name\":\"BringFlix\",\"url\":\"https:\/\/bringflix.shop\/\",\"logo\":{\"@type\":\"ImageObject\",\"inLanguage\":\"en-US\",\"@id\":\"https:\/\/bringflix.shop\/#\/schema\/logo\/image\/\",\"url\":\"https:\/\/bringflix.shop\/wp-content\/uploads\/2024\/11\/logo-bring-flix.png\",\"contentUrl\":\"https:\/\/bringflix.shop\/wp-content\/uploads\/2024\/11\/logo-bring-flix.png\",\"width\":858,\"height\":316,\"caption\":\"BringFlix\"},\"image\":{\"@id\":\"https:\/\/bringflix.shop\/#\/schema\/logo\/image\/\"}}]}<\/script>\n<!-- \/ Yoast SEO plugin. -->","yoast_head_json":{"title":"Red Bull Energy Drink Pink Edition Waldbeere sugarfree 0,25l (Einweg) - BringFlix","robots":{"index":"index","follow":"follow","max-snippet":"max-snippet:-1","max-image-preview":"max-image-preview:large","max-video-preview":"max-video-preview:-1"},"canonical":"https:\/\/bringflix.shop\/en\/Produkte\/red-bull-energy-drink-pink-edition-waldbeere-025l-einweg-3\/","og_locale":"en_US","og_type":"article","og_title":"Red Bull Energy Drink Pink Edition Waldbeere sugarfree 0,25l (Einweg) - BringFlix","og_description":"Zutaten:  Wasser, S\u00e4uerungsmittel (Citronens\u00e4ure), Kohlens\u00e4ure,Taurin (0,4%), S\u00e4ureregulator,(Natriumcitrate), Koffein (0,03%), S\u00fc\u00dfungsmittel (Sucralose, Acesulfam K), Vitamine (Niacin, Pantothens\u00e4ure, B6, B12), Aromen,Verdickungsmittel (Xanthan), Farbstoffe (Anthocyane, Riboflavine).  N\u00e4hrwerte (je 100 g):    Durchschnittliche N\u00e4hrwerte Unzubereitet pro 100 g     Energie 11 kJ   Energie 2 kcal   Fett 0 g   Fett, davon ges\u00e4ttigte Fetts\u00e4uren 0 g   Kohlenhydrate 0 g   Kohlenhydrate, davon Zucker 0 g   Eiwei\u00df 0 g   Salz 0,1 g   Niacin 8 mg   Pantothens\u00e4ure 2 mg   Vitamin B12 2 \u00b5g   Vitamin B6 2 mg","og_url":"https:\/\/bringflix.shop\/en\/Produkte\/red-bull-energy-drink-pink-edition-waldbeere-025l-einweg-3\/","og_site_name":"BringFlix","article_modified_time":"2026-04-13T15:43:50+00:00","og_image":[{"width":600,"height":600,"url":"https:\/\/bringflix.shop\/wp-content\/uploads\/2025\/05\/IMG_20250516_233559.png","type":"image\/png"}],"twitter_card":"summary_large_image","twitter_misc":{"Est. reading time":"1 minute"},"schema":{"@context":"https:\/\/schema.org","@graph":[{"@type":"WebPage","@id":"https:\/\/bringflix.shop\/Produkte\/red-bull-energy-drink-pink-edition-waldbeere-025l-einweg-3\/","url":"https:\/\/bringflix.shop\/Produkte\/red-bull-energy-drink-pink-edition-waldbeere-025l-einweg-3\/","name":"Red Bull Energy Drink Pink Edition Waldbeere sugarfree 0,25l (Einweg) - BringFlix","isPartOf":{"@id":"https:\/\/bringflix.shop\/#website"},"primaryImageOfPage":{"@id":"https:\/\/bringflix.shop\/Produkte\/red-bull-energy-drink-pink-edition-waldbeere-025l-einweg-3\/#primaryimage"},"image":{"@id":"https:\/\/bringflix.shop\/Produkte\/red-bull-energy-drink-pink-edition-waldbeere-025l-einweg-3\/#primaryimage"},"thumbnailUrl":"https:\/\/bringflix.shop\/wp-content\/uploads\/2025\/05\/IMG_20250516_233559.png","datePublished":"2025-05-18T17:57:08+00:00","dateModified":"2026-04-13T15:43:50+00:00","breadcrumb":{"@id":"https:\/\/bringflix.shop\/Produkte\/red-bull-energy-drink-pink-edition-waldbeere-025l-einweg-3\/#breadcrumb"},"inLanguage":"en-US","potentialAction":[{"@type":"ReadAction","target":["https:\/\/bringflix.shop\/Produkte\/red-bull-energy-drink-pink-edition-waldbeere-025l-einweg-3\/"]}]},{"@type":"ImageObject","inLanguage":"en-US","@id":"https:\/\/bringflix.shop\/Produkte\/red-bull-energy-drink-pink-edition-waldbeere-025l-einweg-3\/#primaryimage","url":"https:\/\/bringflix.shop\/wp-content\/uploads\/2025\/05\/IMG_20250516_233559.png","contentUrl":"https:\/\/bringflix.shop\/wp-content\/uploads\/2025\/05\/IMG_20250516_233559.png","width":600,"height":600},{"@type":"BreadcrumbList","@id":"https:\/\/bringflix.shop\/Produkte\/red-bull-energy-drink-pink-edition-waldbeere-025l-einweg-3\/#breadcrumb","itemListElement":[{"@type":"ListItem","position":1,"name":"Home","item":"https:\/\/bringflix.shop\/"},{"@type":"ListItem","position":2,"name":"Shop","item":"https:\/\/bringflix.shop\/shop\/"},{"@type":"ListItem","position":3,"name":"Red Bull Energy Drink Pink Edition Waldbeere sugarfree 0,25l (Einweg)"}]},{"@type":"WebSite","@id":"https:\/\/bringflix.shop\/#website","url":"https:\/\/bringflix.shop\/","name":"BringFlix","description":"","publisher":{"@id":"https:\/\/bringflix.shop\/#organization"},"potentialAction":[{"@type":"SearchAction","target":{"@type":"EntryPoint","urlTemplate":"https:\/\/bringflix.shop\/?s={search_term_string}"},"query-input":{"@type":"PropertyValueSpecification","valueRequired":true,"valueName":"search_term_string"}}],"inLanguage":"en-US"},{"@type":"Organization","@id":"https:\/\/bringflix.shop\/#organization","name":"BringFlix","url":"https:\/\/bringflix.shop\/","logo":{"@type":"ImageObject","inLanguage":"en-US","@id":"https:\/\/bringflix.shop\/#\/schema\/logo\/image\/","url":"https:\/\/bringflix.shop\/wp-content\/uploads\/2024\/11\/logo-bring-flix.png","contentUrl":"https:\/\/bringflix.shop\/wp-content\/uploads\/2024\/11\/logo-bring-flix.png","width":858,"height":316,"caption":"BringFlix"},"image":{"@id":"https:\/\/bringflix.shop\/#\/schema\/logo\/image\/"}}]}},"jetpack_sharing_enabled":true,"_links":{"self":[{"href":"https:\/\/bringflix.shop\/en\/wp-json\/wp\/v2\/product\/7874","targetHints":{"allow":["GET"]}}],"collection":[{"href":"https:\/\/bringflix.shop\/en\/wp-json\/wp\/v2\/product"}],"about":[{"href":"https:\/\/bringflix.shop\/en\/wp-json\/wp\/v2\/types\/product"}],"replies":[{"embeddable":true,"href":"https:\/\/bringflix.shop\/en\/wp-json\/wp\/v2\/comments?post=7874"}],"wp:featuredmedia":[{"embeddable":true,"href":"https:\/\/bringflix.shop\/en\/wp-json\/wp\/v2\/media\/7875"}],"wp:attachment":[{"href":"https:\/\/bringflix.shop\/en\/wp-json\/wp\/v2\/media?parent=7874"}],"wp:term":[{"taxonomy":"product_brand","embeddable":true,"href":"https:\/\/bringflix.shop\/en\/wp-json\/wp\/v2\/product_brand?post=7874"},{"taxonomy":"product_cat","embeddable":true,"href":"https:\/\/bringflix.shop\/en\/wp-json\/wp\/v2\/product_cat?post=7874"},{"taxonomy":"product_tag","embeddable":true,"href":"https:\/\/bringflix.shop\/en\/wp-json\/wp\/v2\/product_tag?post=7874"}],"curies":[{"name":"wp","href":"https:\/\/api.w.org\/{rel}","templated":true}]}}