{"id":7730,"date":"2025-04-22T02:52:54","date_gmt":"2025-04-22T00:52:54","guid":{"rendered":"https:\/\/bringflix.shop\/?post_type=product&#038;p=7730"},"modified":"2026-05-11T23:28:16","modified_gmt":"2026-05-11T21:28:16","slug":"conditorei-coppenrath-wiese-kaese-sahne-mandarine-kuchen-560g-supermarkt-preis","status":"publish","type":"product","link":"https:\/\/bringflix.shop\/en\/Produkte\/conditorei-coppenrath-wiese-kaese-sahne-mandarine-kuchen-560g-supermarkt-preis\/","title":{"rendered":"Conditorei Coppenrath &amp; Wiese K\u00e4se-Sahne Mandarine Kuchen 560g [g\u00fcnstiger als im Supermarkt!]"},"content":{"rendered":"<h3 id=\"docs-internal-guid-586863e8-7fff-139e-8d77-279cd45e0b10\" dir=\"ltr\" style=\"line-height: 1.3800000000000001; margin-top: 10pt; margin-bottom: 0pt;\">Bezeichnung:<\/h3>\n<p dir=\"ltr\" style=\"line-height: 1.3800000000000001; margin-top: 0pt; margin-bottom: 10pt;\">K\u00e4se-Sahne-Mandarinen Blechkuchen, tiefgefroren<\/p>\n<h3 dir=\"ltr\" style=\"line-height: 1.3800000000000001; margin-top: 10pt; margin-bottom: 0pt;\">Herkunft:<\/h3>\n<p dir=\"ltr\" style=\"line-height: 1.3800000000000001; margin-top: 0pt; margin-bottom: 10pt;\">Deutschland<\/p>\n<h3 id=\"docs-internal-guid-4134d2ff-7fff-37ce-b9c8-f7c7d17cb1cd\" dir=\"ltr\" style=\"line-height: 1.3800000000000001; margin-top: 10pt; margin-bottom: 0pt;\">Konservierung und Lagerung:<\/h3>\n<div class=\"pdpr-Attribute\">***-Fach bei -18 \u00b0C: siehe Vorderseite, **-Fach: 3 Wochen, *-Fach: 4 Tage, 1 Tag im K\u00fchlschrank. Nach dem Auftauen nicht wieder einfrieren.<\/div>\n<div class=\"pdpr-Attribute\">\n<h3 class=\"pdpr-Attribute__label\">Zubereitungsanweisungen:<\/h3>\n<p>Zubereitung: Zimmertemperatur: 1. Verpackung und Folie entfernen. 2. Gew\u00fcnschte Anzahl St\u00fccke entnehmen und auf eine geeignete Servierplatte stellen. 3. Bei Zimmertemperatur ca. 3 Stunden auftauen lassen.<\/p>\n<\/div>\n<h3 dir=\"ltr\" style=\"line-height: 1.3800000000000001; margin-top: 10pt; margin-bottom: 0pt;\">Hersteller-\/Inverkehrbringer:<\/h3>\n<div class=\"pdpr-Attribute\">\n<div class=\"pdpr-Attribute\">Conditorei Coppenrath &amp; Wiese KG, <span style=\"font-size: 12px;\">Hansastra\u00dfe 10, D-49497 Mettingen<\/span><\/div>\n<\/div>","protected":false},"excerpt":{"rendered":"<h3 id=\"docs-internal-guid-7c5cb4c9-7fff-59c9-dfc3-bbcdc590e81a\" dir=\"ltr\" style=\"line-height: 1.3800000000000001; margin-top: 10pt; margin-bottom: 0pt;\">Zutaten:<\/h3>\n<p dir=\"ltr\" style=\"line-height: 1.3800000000000001; margin-top: 0pt; margin-bottom: 10pt;\">SAHNE (33%), FRISCHK\u00c4SE (MILCH) Halbfettstufe (14%), Zucker, Invertzuckersirup, WEIZENMEHL, Wasser, VOLLEI, pflanzliches \u00d6l (Raps), Mandarinen (3%), WEIZENST\u00c4RKE, Dextrose, Glukose-Fruktose-Sirup, Speisegelatine (Rind), modifizierte St\u00e4rke, pflanzliche Fette (Palm, Kokos), Zitronensaftkonzentrat, Backtriebmittel (Natriumcarbonate, Natriumcitrate), VOLLMILCHPULVER, Emulgator (Mono- und Diglyceride von Speisefetts\u00e4uren, Milchs\u00e4ureester von Mono- und Diglyceriden von Speisefetts\u00e4uren), nat\u00fcrliches Aroma, LAKTOSE (MILCH), MAGERMILCHPULVER, S\u00dcSSMOLKENPULVER (MILCH), geriebene Zitronenschale, Orangensaftkonzentrat, Speisesalz, S\u00e4uerungsmittel (Citronens\u00e4ure), Verdickungsmittel (Xanthan), Geliermittel (Pektine), Farbstoff (Annatto Norbixin), S\u00e4ureregulator (Diphosphate, Calciumphosphate, Natriumcitrate)<\/p>\n<h3 dir=\"ltr\" style=\"line-height: 1.3800000000000001; margin-top: 10pt; margin-bottom: 0pt;\">Allergene:<\/h3>\n<div class=\"pdpr-Attribute\">Enth\u00e4lt: Glutenhaltiges Getreide und glutenhaltige Getreideerzeugnisse. Eier und Eierzeugnisse. Milch und Milcherzeugnisse (einschlie\u00dflich Lactose). Kann enthalten: N\u00fcsse und Nusserzeugnisse.<\/div>\n<h3 dir=\"ltr\" style=\"line-height: 1.3800000000000001; margin-top: 10pt; margin-bottom: 0pt;\">N\u00e4hrwerte (je 100 g):<\/h3>\n<table class=\"pdsr-Table pdpr-NutritionTable\">\n<tbody>\n<tr class=\"pdsr-Table--Row\" role=\"row\">\n<td class=\"pdpr-Table--Cell--Highlight\" role=\"td\" colspan=\"1\">Energie<\/td>\n<td class=\"\" role=\"td\" colspan=\"1\">1.153 kJ<\/td>\n<\/tr>\n<tr class=\"pdsr-Table--Row\" role=\"row\">\n<td class=\"pdpr-Table--Cell--Highlight\" role=\"td\" colspan=\"1\">Energie<\/td>\n<td class=\"\" role=\"td\" colspan=\"1\">275 kcal<\/td>\n<\/tr>\n<tr class=\"pdsr-Table--Row\" role=\"row\">\n<td class=\"pdpr-Table--Cell--Highlight\" role=\"td\" colspan=\"1\">Fett<\/td>\n<td class=\"\" role=\"td\" colspan=\"1\">16 g<\/td>\n<\/tr>\n<tr class=\"pdsr-Table--Row\" role=\"row\">\n<td class=\"pdpr-Table--Cell--Highlight\" role=\"td\" colspan=\"1\">Fett, davon ges\u00e4ttigte Fetts\u00e4uren<\/td>\n<td class=\"\" role=\"td\" colspan=\"1\">5,8 g<\/td>\n<\/tr>\n<tr class=\"pdsr-Table--Row\" role=\"row\">\n<td class=\"pdpr-Table--Cell--Highlight\" role=\"td\" colspan=\"1\">Kohlenhydrate<\/td>\n<td class=\"\" role=\"td\" colspan=\"1\">29 g<\/td>\n<\/tr>\n<tr class=\"pdsr-Table--Row\" role=\"row\">\n<td class=\"pdpr-Table--Cell--Highlight\" role=\"td\" colspan=\"1\">Kohlenhydrate, davon Zucker<\/td>\n<td class=\"\" role=\"td\" colspan=\"1\">20 g<\/td>\n<\/tr>\n<tr class=\"pdsr-Table--Row\" role=\"row\">\n<td class=\"pdpr-Table--Cell--Highlight\" role=\"td\" colspan=\"1\">Eiwei\u00df<\/td>\n<td class=\"\" role=\"td\" colspan=\"1\">4,4 g<\/td>\n<\/tr>\n<tr class=\"pdsr-Table--Row\" role=\"row\">\n<td class=\"pdpr-Table--Cell--Highlight\" role=\"td\" colspan=\"1\">Salz<\/td>\n<td class=\"\" role=\"td\" colspan=\"1\">0,3 g<\/td>\n<\/tr>\n<\/tbody>\n<\/table>\n<p>&nbsp;<\/p>\n<p>&nbsp;<\/p>","protected":false},"featured_media":7743,"comment_status":"open","ping_status":"closed","template":"","meta":{"_acf_changed":false,"inline_featured_image":false,"site-sidebar-layout":"default","site-content-layout":"","ast-site-content-layout":"default","site-content-style":"default","site-sidebar-style":"default","ast-global-header-display":"","ast-banner-title-visibility":"","ast-main-header-display":"","ast-hfb-above-header-display":"","ast-hfb-below-header-display":"","ast-hfb-mobile-header-display":"","site-post-title":"","ast-breadcrumbs-content":"","ast-featured-img":"","footer-sml-layout":"","theme-transparent-header-meta":"default","adv-header-id-meta":"","stick-header-meta":"","header-above-stick-meta":"","header-main-stick-meta":"","header-below-stick-meta":"","astra-migrate-meta-layouts":"set","ast-page-background-enabled":"default","ast-page-background-meta":{"desktop":{"background-color":"var(--ast-global-color-4)","background-image":"","background-repeat":"repeat","background-position":"center center","background-size":"auto","background-attachment":"scroll","background-type":"","background-media":"","overlay-type":"","overlay-color":"","overlay-opacity":"","overlay-gradient":""},"tablet":{"background-color":"","background-image":"","background-repeat":"repeat","background-position":"center center","background-size":"auto","background-attachment":"scroll","background-type":"","background-media":"","overlay-type":"","overlay-color":"","overlay-opacity":"","overlay-gradient":""},"mobile":{"background-color":"","background-image":"","background-repeat":"repeat","background-position":"center center","background-size":"auto","background-attachment":"scroll","background-type":"","background-media":"","overlay-type":"","overlay-color":"","overlay-opacity":"","overlay-gradient":""}},"ast-content-background-meta":{"desktop":{"background-color":"var(--ast-global-color-5)","background-image":"","background-repeat":"repeat","background-position":"center center","background-size":"auto","background-attachment":"scroll","background-type":"","background-media":"","overlay-type":"","overlay-color":"","overlay-opacity":"","overlay-gradient":""},"tablet":{"background-color":"var(--ast-global-color-5)","background-image":"","background-repeat":"repeat","background-position":"center center","background-size":"auto","background-attachment":"scroll","background-type":"","background-media":"","overlay-type":"","overlay-color":"","overlay-opacity":"","overlay-gradient":""},"mobile":{"background-color":"var(--ast-global-color-5)","background-image":"","background-repeat":"repeat","background-position":"center center","background-size":"auto","background-attachment":"scroll","background-type":"","background-media":"","overlay-type":"","overlay-color":"","overlay-opacity":"","overlay-gradient":""}}},"product_brand":[],"product_cat":[52,41,102,39],"product_tag":[],"class_list":{"0":"post-7730","1":"product","2":"type-product","3":"status-publish","4":"has-post-thumbnail","6":"product_cat-eiscreme-tk-fruechte","7":"product_cat-kekse-kuchen","8":"product_cat-kuchen","9":"product_cat-suesse-salzige-snacks","10":"desktop-align-left","11":"tablet-align-left","12":"mobile-align-left","14":"first","15":"instock","16":"taxable","17":"shipping-taxable","18":"purchasable","19":"product-type-simple"},"acf":[],"yoast_head":"<!-- This site is optimized with the Yoast SEO plugin v24.5 - https:\/\/yoast.com\/wordpress\/plugins\/seo\/ -->\n<title>Conditorei Coppenrath &amp; Wiese K\u00e4se-Sahne Mandarine Kuchen 560g [g\u00fcnstiger als im Supermarkt!] - BringFlix<\/title>\n<meta name=\"robots\" content=\"index, follow, max-snippet:-1, max-image-preview:large, max-video-preview:-1\" \/>\n<link rel=\"canonical\" href=\"https:\/\/bringflix.shop\/en\/Produkte\/conditorei-coppenrath-wiese-kaese-sahne-mandarine-kuchen-560g-supermarkt-preis\/\" \/>\n<meta property=\"og:locale\" content=\"en_US\" \/>\n<meta property=\"og:type\" content=\"article\" \/>\n<meta property=\"og:title\" content=\"Conditorei Coppenrath &amp; Wiese K\u00e4se-Sahne Mandarine Kuchen 560g [g\u00fcnstiger als im Supermarkt!] - BringFlix\" \/>\n<meta property=\"og:description\" content=\"Zutaten: SAHNE (33%), FRISCHK\u00c4SE (MILCH) Halbfettstufe (14%), Zucker, Invertzuckersirup, WEIZENMEHL, Wasser, VOLLEI, pflanzliches \u00d6l (Raps), Mandarinen (3%), WEIZENST\u00c4RKE, Dextrose, Glukose-Fruktose-Sirup, Speisegelatine (Rind), modifizierte St\u00e4rke, pflanzliche Fette (Palm, Kokos), Zitronensaftkonzentrat, Backtriebmittel (Natriumcarbonate, Natriumcitrate), VOLLMILCHPULVER, Emulgator (Mono- und Diglyceride von Speisefetts\u00e4uren, Milchs\u00e4ureester von Mono- und Diglyceriden von Speisefetts\u00e4uren), nat\u00fcrliches Aroma, LAKTOSE (MILCH), MAGERMILCHPULVER, S\u00dcSSMOLKENPULVER (MILCH), geriebene Zitronenschale, Orangensaftkonzentrat, Speisesalz, S\u00e4uerungsmittel (Citronens\u00e4ure), Verdickungsmittel (Xanthan), Geliermittel (Pektine), Farbstoff (Annatto Norbixin), S\u00e4ureregulator (Diphosphate, Calciumphosphate, Natriumcitrate)  Allergene: Enth\u00e4lt: Glutenhaltiges Getreide und glutenhaltige Getreideerzeugnisse. Eier und Eierzeugnisse. Milch und Milcherzeugnisse (einschlie\u00dflich Lactose). Kann enthalten: N\u00fcsse und Nusserzeugnisse. N\u00e4hrwerte (je 100 g):    Energie 1.153 kJ   Energie 275 kcal   Fett 16 g   Fett, davon ges\u00e4ttigte Fetts\u00e4uren 5,8 g   Kohlenhydrate 29 g   Kohlenhydrate, davon Zucker 20 g   Eiwei\u00df 4,4 g   Salz 0,3 g    &nbsp;  &nbsp;\" \/>\n<meta property=\"og:url\" content=\"https:\/\/bringflix.shop\/en\/Produkte\/conditorei-coppenrath-wiese-kaese-sahne-mandarine-kuchen-560g-supermarkt-preis\/\" \/>\n<meta property=\"og:site_name\" content=\"BringFlix\" \/>\n<meta property=\"article:modified_time\" content=\"2026-05-11T21:28:16+00:00\" \/>\n<meta property=\"og:image\" content=\"https:\/\/bringflix.shop\/wp-content\/uploads\/2025\/04\/1000113126.png\" \/>\n\t<meta property=\"og:image:width\" content=\"1000\" \/>\n\t<meta property=\"og:image:height\" content=\"1000\" \/>\n\t<meta property=\"og:image:type\" content=\"image\/png\" \/>\n<meta name=\"twitter:card\" content=\"summary_large_image\" \/>\n<meta name=\"twitter:label1\" content=\"Est. reading time\" \/>\n\t<meta name=\"twitter:data1\" content=\"1 minute\" \/>\n<script type=\"application\/ld+json\" class=\"yoast-schema-graph\">{\"@context\":\"https:\/\/schema.org\",\"@graph\":[{\"@type\":\"WebPage\",\"@id\":\"https:\/\/bringflix.shop\/Produkte\/conditorei-coppenrath-wiese-kaese-sahne-mandarine-kuchen-560g-supermarkt-preis\/\",\"url\":\"https:\/\/bringflix.shop\/Produkte\/conditorei-coppenrath-wiese-kaese-sahne-mandarine-kuchen-560g-supermarkt-preis\/\",\"name\":\"Conditorei Coppenrath &amp; Wiese K\u00e4se-Sahne Mandarine Kuchen 560g [g\u00fcnstiger als im Supermarkt!] - BringFlix\",\"isPartOf\":{\"@id\":\"https:\/\/bringflix.shop\/#website\"},\"primaryImageOfPage\":{\"@id\":\"https:\/\/bringflix.shop\/Produkte\/conditorei-coppenrath-wiese-kaese-sahne-mandarine-kuchen-560g-supermarkt-preis\/#primaryimage\"},\"image\":{\"@id\":\"https:\/\/bringflix.shop\/Produkte\/conditorei-coppenrath-wiese-kaese-sahne-mandarine-kuchen-560g-supermarkt-preis\/#primaryimage\"},\"thumbnailUrl\":\"https:\/\/bringflix.shop\/wp-content\/uploads\/2025\/04\/1000113126.png\",\"datePublished\":\"2025-04-22T00:52:54+00:00\",\"dateModified\":\"2026-05-11T21:28:16+00:00\",\"breadcrumb\":{\"@id\":\"https:\/\/bringflix.shop\/Produkte\/conditorei-coppenrath-wiese-kaese-sahne-mandarine-kuchen-560g-supermarkt-preis\/#breadcrumb\"},\"inLanguage\":\"en-US\",\"potentialAction\":[{\"@type\":\"ReadAction\",\"target\":[\"https:\/\/bringflix.shop\/Produkte\/conditorei-coppenrath-wiese-kaese-sahne-mandarine-kuchen-560g-supermarkt-preis\/\"]}]},{\"@type\":\"ImageObject\",\"inLanguage\":\"en-US\",\"@id\":\"https:\/\/bringflix.shop\/Produkte\/conditorei-coppenrath-wiese-kaese-sahne-mandarine-kuchen-560g-supermarkt-preis\/#primaryimage\",\"url\":\"https:\/\/bringflix.shop\/wp-content\/uploads\/2025\/04\/1000113126.png\",\"contentUrl\":\"https:\/\/bringflix.shop\/wp-content\/uploads\/2025\/04\/1000113126.png\",\"width\":1000,\"height\":1000},{\"@type\":\"BreadcrumbList\",\"@id\":\"https:\/\/bringflix.shop\/Produkte\/conditorei-coppenrath-wiese-kaese-sahne-mandarine-kuchen-560g-supermarkt-preis\/#breadcrumb\",\"itemListElement\":[{\"@type\":\"ListItem\",\"position\":1,\"name\":\"Home\",\"item\":\"https:\/\/bringflix.shop\/\"},{\"@type\":\"ListItem\",\"position\":2,\"name\":\"Shop\",\"item\":\"https:\/\/bringflix.shop\/shop\/\"},{\"@type\":\"ListItem\",\"position\":3,\"name\":\"Conditorei Coppenrath &amp; Wiese K\u00e4se-Sahne Mandarine Kuchen 560g [g\u00fcnstiger als im Supermarkt!]\"}]},{\"@type\":\"WebSite\",\"@id\":\"https:\/\/bringflix.shop\/#website\",\"url\":\"https:\/\/bringflix.shop\/\",\"name\":\"BringFlix\",\"description\":\"\",\"publisher\":{\"@id\":\"https:\/\/bringflix.shop\/#organization\"},\"potentialAction\":[{\"@type\":\"SearchAction\",\"target\":{\"@type\":\"EntryPoint\",\"urlTemplate\":\"https:\/\/bringflix.shop\/?s={search_term_string}\"},\"query-input\":{\"@type\":\"PropertyValueSpecification\",\"valueRequired\":true,\"valueName\":\"search_term_string\"}}],\"inLanguage\":\"en-US\"},{\"@type\":\"Organization\",\"@id\":\"https:\/\/bringflix.shop\/#organization\",\"name\":\"BringFlix\",\"url\":\"https:\/\/bringflix.shop\/\",\"logo\":{\"@type\":\"ImageObject\",\"inLanguage\":\"en-US\",\"@id\":\"https:\/\/bringflix.shop\/#\/schema\/logo\/image\/\",\"url\":\"https:\/\/bringflix.shop\/wp-content\/uploads\/2024\/11\/logo-bring-flix.png\",\"contentUrl\":\"https:\/\/bringflix.shop\/wp-content\/uploads\/2024\/11\/logo-bring-flix.png\",\"width\":858,\"height\":316,\"caption\":\"BringFlix\"},\"image\":{\"@id\":\"https:\/\/bringflix.shop\/#\/schema\/logo\/image\/\"}}]}<\/script>\n<!-- \/ Yoast SEO plugin. -->","yoast_head_json":{"title":"Conditorei Coppenrath &amp; Wiese K\u00e4se-Sahne Mandarine Kuchen 560g [g\u00fcnstiger als im Supermarkt!] - BringFlix","robots":{"index":"index","follow":"follow","max-snippet":"max-snippet:-1","max-image-preview":"max-image-preview:large","max-video-preview":"max-video-preview:-1"},"canonical":"https:\/\/bringflix.shop\/en\/Produkte\/conditorei-coppenrath-wiese-kaese-sahne-mandarine-kuchen-560g-supermarkt-preis\/","og_locale":"en_US","og_type":"article","og_title":"Conditorei Coppenrath &amp; Wiese K\u00e4se-Sahne Mandarine Kuchen 560g [g\u00fcnstiger als im Supermarkt!] - BringFlix","og_description":"Zutaten: SAHNE (33%), FRISCHK\u00c4SE (MILCH) Halbfettstufe (14%), Zucker, Invertzuckersirup, WEIZENMEHL, Wasser, VOLLEI, pflanzliches \u00d6l (Raps), Mandarinen (3%), WEIZENST\u00c4RKE, Dextrose, Glukose-Fruktose-Sirup, Speisegelatine (Rind), modifizierte St\u00e4rke, pflanzliche Fette (Palm, Kokos), Zitronensaftkonzentrat, Backtriebmittel (Natriumcarbonate, Natriumcitrate), VOLLMILCHPULVER, Emulgator (Mono- und Diglyceride von Speisefetts\u00e4uren, Milchs\u00e4ureester von Mono- und Diglyceriden von Speisefetts\u00e4uren), nat\u00fcrliches Aroma, LAKTOSE (MILCH), MAGERMILCHPULVER, S\u00dcSSMOLKENPULVER (MILCH), geriebene Zitronenschale, Orangensaftkonzentrat, Speisesalz, S\u00e4uerungsmittel (Citronens\u00e4ure), Verdickungsmittel (Xanthan), Geliermittel (Pektine), Farbstoff (Annatto Norbixin), S\u00e4ureregulator (Diphosphate, Calciumphosphate, Natriumcitrate)  Allergene: Enth\u00e4lt: Glutenhaltiges Getreide und glutenhaltige Getreideerzeugnisse. Eier und Eierzeugnisse. Milch und Milcherzeugnisse (einschlie\u00dflich Lactose). Kann enthalten: N\u00fcsse und Nusserzeugnisse. N\u00e4hrwerte (je 100 g):    Energie 1.153 kJ   Energie 275 kcal   Fett 16 g   Fett, davon ges\u00e4ttigte Fetts\u00e4uren 5,8 g   Kohlenhydrate 29 g   Kohlenhydrate, davon Zucker 20 g   Eiwei\u00df 4,4 g   Salz 0,3 g    &nbsp;  &nbsp;","og_url":"https:\/\/bringflix.shop\/en\/Produkte\/conditorei-coppenrath-wiese-kaese-sahne-mandarine-kuchen-560g-supermarkt-preis\/","og_site_name":"BringFlix","article_modified_time":"2026-05-11T21:28:16+00:00","og_image":[{"width":1000,"height":1000,"url":"https:\/\/bringflix.shop\/wp-content\/uploads\/2025\/04\/1000113126.png","type":"image\/png"}],"twitter_card":"summary_large_image","twitter_misc":{"Est. reading time":"1 minute"},"schema":{"@context":"https:\/\/schema.org","@graph":[{"@type":"WebPage","@id":"https:\/\/bringflix.shop\/Produkte\/conditorei-coppenrath-wiese-kaese-sahne-mandarine-kuchen-560g-supermarkt-preis\/","url":"https:\/\/bringflix.shop\/Produkte\/conditorei-coppenrath-wiese-kaese-sahne-mandarine-kuchen-560g-supermarkt-preis\/","name":"Conditorei Coppenrath &amp; Wiese K\u00e4se-Sahne Mandarine Kuchen 560g [g\u00fcnstiger als im Supermarkt!] - BringFlix","isPartOf":{"@id":"https:\/\/bringflix.shop\/#website"},"primaryImageOfPage":{"@id":"https:\/\/bringflix.shop\/Produkte\/conditorei-coppenrath-wiese-kaese-sahne-mandarine-kuchen-560g-supermarkt-preis\/#primaryimage"},"image":{"@id":"https:\/\/bringflix.shop\/Produkte\/conditorei-coppenrath-wiese-kaese-sahne-mandarine-kuchen-560g-supermarkt-preis\/#primaryimage"},"thumbnailUrl":"https:\/\/bringflix.shop\/wp-content\/uploads\/2025\/04\/1000113126.png","datePublished":"2025-04-22T00:52:54+00:00","dateModified":"2026-05-11T21:28:16+00:00","breadcrumb":{"@id":"https:\/\/bringflix.shop\/Produkte\/conditorei-coppenrath-wiese-kaese-sahne-mandarine-kuchen-560g-supermarkt-preis\/#breadcrumb"},"inLanguage":"en-US","potentialAction":[{"@type":"ReadAction","target":["https:\/\/bringflix.shop\/Produkte\/conditorei-coppenrath-wiese-kaese-sahne-mandarine-kuchen-560g-supermarkt-preis\/"]}]},{"@type":"ImageObject","inLanguage":"en-US","@id":"https:\/\/bringflix.shop\/Produkte\/conditorei-coppenrath-wiese-kaese-sahne-mandarine-kuchen-560g-supermarkt-preis\/#primaryimage","url":"https:\/\/bringflix.shop\/wp-content\/uploads\/2025\/04\/1000113126.png","contentUrl":"https:\/\/bringflix.shop\/wp-content\/uploads\/2025\/04\/1000113126.png","width":1000,"height":1000},{"@type":"BreadcrumbList","@id":"https:\/\/bringflix.shop\/Produkte\/conditorei-coppenrath-wiese-kaese-sahne-mandarine-kuchen-560g-supermarkt-preis\/#breadcrumb","itemListElement":[{"@type":"ListItem","position":1,"name":"Home","item":"https:\/\/bringflix.shop\/"},{"@type":"ListItem","position":2,"name":"Shop","item":"https:\/\/bringflix.shop\/shop\/"},{"@type":"ListItem","position":3,"name":"Conditorei Coppenrath &amp; Wiese K\u00e4se-Sahne Mandarine Kuchen 560g [g\u00fcnstiger als im Supermarkt!]"}]},{"@type":"WebSite","@id":"https:\/\/bringflix.shop\/#website","url":"https:\/\/bringflix.shop\/","name":"BringFlix","description":"","publisher":{"@id":"https:\/\/bringflix.shop\/#organization"},"potentialAction":[{"@type":"SearchAction","target":{"@type":"EntryPoint","urlTemplate":"https:\/\/bringflix.shop\/?s={search_term_string}"},"query-input":{"@type":"PropertyValueSpecification","valueRequired":true,"valueName":"search_term_string"}}],"inLanguage":"en-US"},{"@type":"Organization","@id":"https:\/\/bringflix.shop\/#organization","name":"BringFlix","url":"https:\/\/bringflix.shop\/","logo":{"@type":"ImageObject","inLanguage":"en-US","@id":"https:\/\/bringflix.shop\/#\/schema\/logo\/image\/","url":"https:\/\/bringflix.shop\/wp-content\/uploads\/2024\/11\/logo-bring-flix.png","contentUrl":"https:\/\/bringflix.shop\/wp-content\/uploads\/2024\/11\/logo-bring-flix.png","width":858,"height":316,"caption":"BringFlix"},"image":{"@id":"https:\/\/bringflix.shop\/#\/schema\/logo\/image\/"}}]}},"jetpack_sharing_enabled":true,"_links":{"self":[{"href":"https:\/\/bringflix.shop\/en\/wp-json\/wp\/v2\/product\/7730","targetHints":{"allow":["GET"]}}],"collection":[{"href":"https:\/\/bringflix.shop\/en\/wp-json\/wp\/v2\/product"}],"about":[{"href":"https:\/\/bringflix.shop\/en\/wp-json\/wp\/v2\/types\/product"}],"replies":[{"embeddable":true,"href":"https:\/\/bringflix.shop\/en\/wp-json\/wp\/v2\/comments?post=7730"}],"wp:featuredmedia":[{"embeddable":true,"href":"https:\/\/bringflix.shop\/en\/wp-json\/wp\/v2\/media\/7743"}],"wp:attachment":[{"href":"https:\/\/bringflix.shop\/en\/wp-json\/wp\/v2\/media?parent=7730"}],"wp:term":[{"taxonomy":"product_brand","embeddable":true,"href":"https:\/\/bringflix.shop\/en\/wp-json\/wp\/v2\/product_brand?post=7730"},{"taxonomy":"product_cat","embeddable":true,"href":"https:\/\/bringflix.shop\/en\/wp-json\/wp\/v2\/product_cat?post=7730"},{"taxonomy":"product_tag","embeddable":true,"href":"https:\/\/bringflix.shop\/en\/wp-json\/wp\/v2\/product_tag?post=7730"}],"curies":[{"name":"wp","href":"https:\/\/api.w.org\/{rel}","templated":true}]}}