{"id":7367,"date":"2025-03-27T19:09:41","date_gmt":"2025-03-27T18:09:41","guid":{"rendered":"https:\/\/bringflix.shop\/?post_type=product&#038;p=7367"},"modified":"2025-08-17T18:10:00","modified_gmt":"2025-08-17T16:10:00","slug":"babylove-windeln-premium-gr-1-newborn-2-5-kg-28-st","status":"publish","type":"product","link":"https:\/\/bringflix.shop\/en\/Produkte\/babylove-windeln-premium-gr-1-newborn-2-5-kg-28-st\/","title":{"rendered":"babylove Windeln Premium Gr. 1 Newborn (2-5 kg), 28 St"},"content":{"rendered":"<p><strong>Produktbeschreibung<\/strong><\/p>\n<div class=\"ac gl hu rq rr fc rs\" data-dmid=\"Produktbeschreibung-content\">\n<div class=\"pdd_1qsttl10\">\n<div>\n<ul>\n<li>\n<div>\n<ul class=\"pdd_1qsttl16 pdd_1qsttl12\">\n<li>Nabelschutz und N\u00e4sseindikator<\/li>\n<li>Verbessertes Hautklima dank atmungsaktiver Materialien<\/li>\n<li>Folie aus mindestens 80 % Recycling-Material<\/li>\n<li>Frei von Lotionen, Parf\u00fcmen &amp; Naturlatex<\/li>\n<\/ul>\n<\/div>\n<div>\n<div class=\"pdd_1qsttl15\">\n<div>\n<p>Die babylove Windeln Premium Gr. 1, Newborn, 2-5 kg unterst\u00fctzen mit der 360\u00b0 SkinPROTECT Technologie den Erhalt der nat\u00fcrlichen Hautfeuchtigkeit. Die Hautvertr\u00e4glichkeit wurde dermatologisch best\u00e4tigt. Das CapturePocket bietet einen zus\u00e4tzlichen Auslaufschutz am R\u00fccken und h\u00e4lt fl\u00fcssigen Stuhl zuverl\u00e4ssig in der Windel. Die \u00fcberlappenden Klettverschl\u00fcsse bieten auch \u00fcbereinander geklebt sicheren Halt.<\/p>\n<\/div>\n<\/div>\n<\/div>\n<\/li>\n<\/ul>\n<\/div>\n<p><strong>Produktmerkmale<\/strong><\/p>\n<p>Produkteigenschaften: Ohne Parfum<\/p>\n<div class=\"ac gl hu rq rr fc rs\" data-dmid=\"Produktmerkmale-content\">\n<div class=\"pdd_1qsttl10\">\n<div>\n<p>Windelgr\u00f6\u00dfe: Gr\u00f6\u00dfe 1<\/p>\n<\/div>\n<div><\/div>\n<\/div>\n<\/div>\n<p><strong>Herkunft<\/strong>:<\/p>\n<p>Schweden<\/p>\n<\/div>\n<div class=\"ac gl hu rq rr fc rs\" data-dmid=\"Produktmerkmale-content\">\n<div class=\"pdd_1qsttl10\">\n<div>\u00a0<strong>Hersteller:<\/strong><\/div>\n<div><\/div>\n<\/div>\n<div>\n<p>dm-drogerie markt GmbH + Co. KG, Am dm-Platz 1, 76227 Karlsruhe<\/p>\n<\/div>\n<\/div>\n<\/div>\n<div><\/div>\n<div><strong>Infos zur Nachhaltigkeit des Produktes<\/strong><\/div>\n<div>\n<div class=\"ac gl hu rq rr fc rs\" data-dmid=\"Infos zur Nachhaltigkeit des Produktes-content\">\n<div class=\"pdd_1qsttl10\">\n<div>\n<div class=\"pdd_1qsttl15\">\n<div><\/div>\n<div>Dieses Produkt verf\u00fcgt \u00fcber ein\/e Umwelt- oder Nachhaltigkeits-Zertifizierung bzw. Siegel. Mit dieser Information zur Nachhaltigkeit m\u00f6chten wir Dir einen (umwelt-) bewussteren Konsum erleichtern. Die Auswahl der Zertifizierungen\/Siegel haben wir gemeinsam mit dem NABU (Naturschutzbund Deutschland e. V.) vorgenommen.<\/div>\n<\/div>\n<\/div>\n<\/div>\n<\/div>\n<\/div>","protected":false},"excerpt":{"rendered":"<p>Produktbeschreibung Nabelschutz und N\u00e4sseindikator Verbessertes Hautklima dank atmungsaktiver Materialien Folie aus mindestens 80 % Recycling-Material Frei von Lotionen, Parf\u00fcmen &amp; [&hellip;]<\/p>","protected":false},"featured_media":7369,"comment_status":"open","ping_status":"closed","template":"","meta":{"_acf_changed":false,"inline_featured_image":false,"site-sidebar-layout":"default","site-content-layout":"","ast-site-content-layout":"default","site-content-style":"default","site-sidebar-style":"default","ast-global-header-display":"","ast-banner-title-visibility":"","ast-main-header-display":"","ast-hfb-above-header-display":"","ast-hfb-below-header-display":"","ast-hfb-mobile-header-display":"","site-post-title":"","ast-breadcrumbs-content":"","ast-featured-img":"","footer-sml-layout":"","theme-transparent-header-meta":"default","adv-header-id-meta":"","stick-header-meta":"","header-above-stick-meta":"","header-main-stick-meta":"","header-below-stick-meta":"","astra-migrate-meta-layouts":"set","ast-page-background-enabled":"default","ast-page-background-meta":{"desktop":{"background-color":"var(--ast-global-color-4)","background-image":"","background-repeat":"repeat","background-position":"center center","background-size":"auto","background-attachment":"scroll","background-type":"","background-media":"","overlay-type":"","overlay-color":"","overlay-opacity":"","overlay-gradient":""},"tablet":{"background-color":"","background-image":"","background-repeat":"repeat","background-position":"center center","background-size":"auto","background-attachment":"scroll","background-type":"","background-media":"","overlay-type":"","overlay-color":"","overlay-opacity":"","overlay-gradient":""},"mobile":{"background-color":"","background-image":"","background-repeat":"repeat","background-position":"center center","background-size":"auto","background-attachment":"scroll","background-type":"","background-media":"","overlay-type":"","overlay-color":"","overlay-opacity":"","overlay-gradient":""}},"ast-content-background-meta":{"desktop":{"background-color":"var(--ast-global-color-5)","background-image":"","background-repeat":"repeat","background-position":"center center","background-size":"auto","background-attachment":"scroll","background-type":"","background-media":"","overlay-type":"","overlay-color":"","overlay-opacity":"","overlay-gradient":""},"tablet":{"background-color":"var(--ast-global-color-5)","background-image":"","background-repeat":"repeat","background-position":"center center","background-size":"auto","background-attachment":"scroll","background-type":"","background-media":"","overlay-type":"","overlay-color":"","overlay-opacity":"","overlay-gradient":""},"mobile":{"background-color":"var(--ast-global-color-5)","background-image":"","background-repeat":"repeat","background-position":"center center","background-size":"auto","background-attachment":"scroll","background-type":"","background-media":"","overlay-type":"","overlay-color":"","overlay-opacity":"","overlay-gradient":""}}},"product_brand":[],"product_cat":[75],"product_tag":[],"class_list":{"0":"post-7367","1":"product","2":"type-product","3":"status-publish","4":"has-post-thumbnail","6":"product_cat-drogerie-haushaltsartikel","7":"desktop-align-left","8":"tablet-align-left","9":"mobile-align-left","11":"first","12":"instock","13":"featured","14":"taxable","15":"shipping-taxable","16":"purchasable","17":"product-type-simple"},"acf":[],"yoast_head":"<!-- This site is optimized with the Yoast SEO plugin v24.5 - https:\/\/yoast.com\/wordpress\/plugins\/seo\/ -->\n<title>babylove Windeln Premium Gr. 1 Newborn (2-5 kg), 28 St - BringFlix<\/title>\n<meta name=\"robots\" content=\"index, follow, max-snippet:-1, max-image-preview:large, max-video-preview:-1\" \/>\n<link rel=\"canonical\" href=\"https:\/\/bringflix.shop\/en\/Produkte\/babylove-windeln-premium-gr-1-newborn-2-5-kg-28-st\/\" \/>\n<meta property=\"og:locale\" content=\"en_US\" \/>\n<meta property=\"og:type\" content=\"article\" \/>\n<meta property=\"og:title\" content=\"babylove Windeln Premium Gr. 1 Newborn (2-5 kg), 28 St - BringFlix\" \/>\n<meta property=\"og:description\" content=\"Produktbeschreibung Nabelschutz und N\u00e4sseindikator Verbessertes Hautklima dank atmungsaktiver Materialien Folie aus mindestens 80 % Recycling-Material Frei von Lotionen, Parf\u00fcmen &amp; [&hellip;]\" \/>\n<meta property=\"og:url\" content=\"https:\/\/bringflix.shop\/en\/Produkte\/babylove-windeln-premium-gr-1-newborn-2-5-kg-28-st\/\" \/>\n<meta property=\"og:site_name\" content=\"BringFlix\" \/>\n<meta property=\"article:modified_time\" content=\"2025-08-17T16:10:00+00:00\" \/>\n<meta property=\"og:image\" content=\"https:\/\/bringflix.shop\/wp-content\/uploads\/2025\/03\/1743097662478.png\" \/>\n\t<meta property=\"og:image:width\" content=\"1000\" \/>\n\t<meta property=\"og:image:height\" content=\"1000\" \/>\n\t<meta property=\"og:image:type\" content=\"image\/png\" \/>\n<meta name=\"twitter:card\" content=\"summary_large_image\" \/>\n<meta name=\"twitter:label1\" content=\"Est. reading time\" \/>\n\t<meta name=\"twitter:data1\" content=\"1 minute\" \/>\n<script type=\"application\/ld+json\" class=\"yoast-schema-graph\">{\"@context\":\"https:\/\/schema.org\",\"@graph\":[{\"@type\":\"WebPage\",\"@id\":\"https:\/\/bringflix.shop\/Produkte\/babylove-windeln-premium-gr-1-newborn-2-5-kg-28-st\/\",\"url\":\"https:\/\/bringflix.shop\/Produkte\/babylove-windeln-premium-gr-1-newborn-2-5-kg-28-st\/\",\"name\":\"babylove Windeln Premium Gr. 1 Newborn (2-5 kg), 28 St - BringFlix\",\"isPartOf\":{\"@id\":\"https:\/\/bringflix.shop\/#website\"},\"primaryImageOfPage\":{\"@id\":\"https:\/\/bringflix.shop\/Produkte\/babylove-windeln-premium-gr-1-newborn-2-5-kg-28-st\/#primaryimage\"},\"image\":{\"@id\":\"https:\/\/bringflix.shop\/Produkte\/babylove-windeln-premium-gr-1-newborn-2-5-kg-28-st\/#primaryimage\"},\"thumbnailUrl\":\"https:\/\/bringflix.shop\/wp-content\/uploads\/2025\/03\/1743097662478.png\",\"datePublished\":\"2025-03-27T18:09:41+00:00\",\"dateModified\":\"2025-08-17T16:10:00+00:00\",\"breadcrumb\":{\"@id\":\"https:\/\/bringflix.shop\/Produkte\/babylove-windeln-premium-gr-1-newborn-2-5-kg-28-st\/#breadcrumb\"},\"inLanguage\":\"en-US\",\"potentialAction\":[{\"@type\":\"ReadAction\",\"target\":[\"https:\/\/bringflix.shop\/Produkte\/babylove-windeln-premium-gr-1-newborn-2-5-kg-28-st\/\"]}]},{\"@type\":\"ImageObject\",\"inLanguage\":\"en-US\",\"@id\":\"https:\/\/bringflix.shop\/Produkte\/babylove-windeln-premium-gr-1-newborn-2-5-kg-28-st\/#primaryimage\",\"url\":\"https:\/\/bringflix.shop\/wp-content\/uploads\/2025\/03\/1743097662478.png\",\"contentUrl\":\"https:\/\/bringflix.shop\/wp-content\/uploads\/2025\/03\/1743097662478.png\",\"width\":1000,\"height\":1000},{\"@type\":\"BreadcrumbList\",\"@id\":\"https:\/\/bringflix.shop\/Produkte\/babylove-windeln-premium-gr-1-newborn-2-5-kg-28-st\/#breadcrumb\",\"itemListElement\":[{\"@type\":\"ListItem\",\"position\":1,\"name\":\"Home\",\"item\":\"https:\/\/bringflix.shop\/\"},{\"@type\":\"ListItem\",\"position\":2,\"name\":\"Shop\",\"item\":\"https:\/\/bringflix.shop\/shop\/\"},{\"@type\":\"ListItem\",\"position\":3,\"name\":\"babylove Windeln Premium Gr. 1 Newborn (2-5 kg), 28 St\"}]},{\"@type\":\"WebSite\",\"@id\":\"https:\/\/bringflix.shop\/#website\",\"url\":\"https:\/\/bringflix.shop\/\",\"name\":\"BringFlix\",\"description\":\"\",\"publisher\":{\"@id\":\"https:\/\/bringflix.shop\/#organization\"},\"potentialAction\":[{\"@type\":\"SearchAction\",\"target\":{\"@type\":\"EntryPoint\",\"urlTemplate\":\"https:\/\/bringflix.shop\/?s={search_term_string}\"},\"query-input\":{\"@type\":\"PropertyValueSpecification\",\"valueRequired\":true,\"valueName\":\"search_term_string\"}}],\"inLanguage\":\"en-US\"},{\"@type\":\"Organization\",\"@id\":\"https:\/\/bringflix.shop\/#organization\",\"name\":\"BringFlix\",\"url\":\"https:\/\/bringflix.shop\/\",\"logo\":{\"@type\":\"ImageObject\",\"inLanguage\":\"en-US\",\"@id\":\"https:\/\/bringflix.shop\/#\/schema\/logo\/image\/\",\"url\":\"https:\/\/bringflix.shop\/wp-content\/uploads\/2024\/11\/logo-bring-flix.png\",\"contentUrl\":\"https:\/\/bringflix.shop\/wp-content\/uploads\/2024\/11\/logo-bring-flix.png\",\"width\":858,\"height\":316,\"caption\":\"BringFlix\"},\"image\":{\"@id\":\"https:\/\/bringflix.shop\/#\/schema\/logo\/image\/\"}}]}<\/script>\n<!-- \/ Yoast SEO plugin. -->","yoast_head_json":{"title":"babylove Windeln Premium Gr. 1 Newborn (2-5 kg), 28 St - BringFlix","robots":{"index":"index","follow":"follow","max-snippet":"max-snippet:-1","max-image-preview":"max-image-preview:large","max-video-preview":"max-video-preview:-1"},"canonical":"https:\/\/bringflix.shop\/en\/Produkte\/babylove-windeln-premium-gr-1-newborn-2-5-kg-28-st\/","og_locale":"en_US","og_type":"article","og_title":"babylove Windeln Premium Gr. 1 Newborn (2-5 kg), 28 St - BringFlix","og_description":"Produktbeschreibung Nabelschutz und N\u00e4sseindikator Verbessertes Hautklima dank atmungsaktiver Materialien Folie aus mindestens 80 % Recycling-Material Frei von Lotionen, Parf\u00fcmen &amp; [&hellip;]","og_url":"https:\/\/bringflix.shop\/en\/Produkte\/babylove-windeln-premium-gr-1-newborn-2-5-kg-28-st\/","og_site_name":"BringFlix","article_modified_time":"2025-08-17T16:10:00+00:00","og_image":[{"width":1000,"height":1000,"url":"https:\/\/bringflix.shop\/wp-content\/uploads\/2025\/03\/1743097662478.png","type":"image\/png"}],"twitter_card":"summary_large_image","twitter_misc":{"Est. reading time":"1 minute"},"schema":{"@context":"https:\/\/schema.org","@graph":[{"@type":"WebPage","@id":"https:\/\/bringflix.shop\/Produkte\/babylove-windeln-premium-gr-1-newborn-2-5-kg-28-st\/","url":"https:\/\/bringflix.shop\/Produkte\/babylove-windeln-premium-gr-1-newborn-2-5-kg-28-st\/","name":"babylove Windeln Premium Gr. 1 Newborn (2-5 kg), 28 St - BringFlix","isPartOf":{"@id":"https:\/\/bringflix.shop\/#website"},"primaryImageOfPage":{"@id":"https:\/\/bringflix.shop\/Produkte\/babylove-windeln-premium-gr-1-newborn-2-5-kg-28-st\/#primaryimage"},"image":{"@id":"https:\/\/bringflix.shop\/Produkte\/babylove-windeln-premium-gr-1-newborn-2-5-kg-28-st\/#primaryimage"},"thumbnailUrl":"https:\/\/bringflix.shop\/wp-content\/uploads\/2025\/03\/1743097662478.png","datePublished":"2025-03-27T18:09:41+00:00","dateModified":"2025-08-17T16:10:00+00:00","breadcrumb":{"@id":"https:\/\/bringflix.shop\/Produkte\/babylove-windeln-premium-gr-1-newborn-2-5-kg-28-st\/#breadcrumb"},"inLanguage":"en-US","potentialAction":[{"@type":"ReadAction","target":["https:\/\/bringflix.shop\/Produkte\/babylove-windeln-premium-gr-1-newborn-2-5-kg-28-st\/"]}]},{"@type":"ImageObject","inLanguage":"en-US","@id":"https:\/\/bringflix.shop\/Produkte\/babylove-windeln-premium-gr-1-newborn-2-5-kg-28-st\/#primaryimage","url":"https:\/\/bringflix.shop\/wp-content\/uploads\/2025\/03\/1743097662478.png","contentUrl":"https:\/\/bringflix.shop\/wp-content\/uploads\/2025\/03\/1743097662478.png","width":1000,"height":1000},{"@type":"BreadcrumbList","@id":"https:\/\/bringflix.shop\/Produkte\/babylove-windeln-premium-gr-1-newborn-2-5-kg-28-st\/#breadcrumb","itemListElement":[{"@type":"ListItem","position":1,"name":"Home","item":"https:\/\/bringflix.shop\/"},{"@type":"ListItem","position":2,"name":"Shop","item":"https:\/\/bringflix.shop\/shop\/"},{"@type":"ListItem","position":3,"name":"babylove Windeln Premium Gr. 1 Newborn (2-5 kg), 28 St"}]},{"@type":"WebSite","@id":"https:\/\/bringflix.shop\/#website","url":"https:\/\/bringflix.shop\/","name":"BringFlix","description":"","publisher":{"@id":"https:\/\/bringflix.shop\/#organization"},"potentialAction":[{"@type":"SearchAction","target":{"@type":"EntryPoint","urlTemplate":"https:\/\/bringflix.shop\/?s={search_term_string}"},"query-input":{"@type":"PropertyValueSpecification","valueRequired":true,"valueName":"search_term_string"}}],"inLanguage":"en-US"},{"@type":"Organization","@id":"https:\/\/bringflix.shop\/#organization","name":"BringFlix","url":"https:\/\/bringflix.shop\/","logo":{"@type":"ImageObject","inLanguage":"en-US","@id":"https:\/\/bringflix.shop\/#\/schema\/logo\/image\/","url":"https:\/\/bringflix.shop\/wp-content\/uploads\/2024\/11\/logo-bring-flix.png","contentUrl":"https:\/\/bringflix.shop\/wp-content\/uploads\/2024\/11\/logo-bring-flix.png","width":858,"height":316,"caption":"BringFlix"},"image":{"@id":"https:\/\/bringflix.shop\/#\/schema\/logo\/image\/"}}]}},"jetpack_sharing_enabled":true,"_links":{"self":[{"href":"https:\/\/bringflix.shop\/en\/wp-json\/wp\/v2\/product\/7367","targetHints":{"allow":["GET"]}}],"collection":[{"href":"https:\/\/bringflix.shop\/en\/wp-json\/wp\/v2\/product"}],"about":[{"href":"https:\/\/bringflix.shop\/en\/wp-json\/wp\/v2\/types\/product"}],"replies":[{"embeddable":true,"href":"https:\/\/bringflix.shop\/en\/wp-json\/wp\/v2\/comments?post=7367"}],"wp:featuredmedia":[{"embeddable":true,"href":"https:\/\/bringflix.shop\/en\/wp-json\/wp\/v2\/media\/7369"}],"wp:attachment":[{"href":"https:\/\/bringflix.shop\/en\/wp-json\/wp\/v2\/media?parent=7367"}],"wp:term":[{"taxonomy":"product_brand","embeddable":true,"href":"https:\/\/bringflix.shop\/en\/wp-json\/wp\/v2\/product_brand?post=7367"},{"taxonomy":"product_cat","embeddable":true,"href":"https:\/\/bringflix.shop\/en\/wp-json\/wp\/v2\/product_cat?post=7367"},{"taxonomy":"product_tag","embeddable":true,"href":"https:\/\/bringflix.shop\/en\/wp-json\/wp\/v2\/product_tag?post=7367"}],"curies":[{"name":"wp","href":"https:\/\/api.w.org\/{rel}","templated":true}]}}