{"id":4853,"date":"2025-01-21T18:46:51","date_gmt":"2025-01-21T17:46:51","guid":{"rendered":"https:\/\/bringflix.shop\/?post_type=product&#038;p=4853"},"modified":"2026-05-12T03:20:37","modified_gmt":"2026-05-12T01:20:37","slug":"nivea-men-duschgel-fresh-ocean-250ml-2","status":"publish","type":"product","link":"https:\/\/bringflix.shop\/en\/Produkte\/nivea-men-duschgel-fresh-ocean-250ml-2\/","title":{"rendered":"Nivea Men Duschgel Sport 250ml"},"content":{"rendered":"<h3>Produktbeschreibung:<\/h3>\n<p>-Dusche Sport, 250 ml<\/p>\n<p>-99 % biologisch abbaubare Formel (gem\u00e4\u00df OECD oder \u00e4quivalenten Methoden)<\/p>\n<p>-3in1 f\u00fcr K\u00f6rper, Gesicht &amp; Haar<\/p>\n<p>-Gef\u00fchl langanhaltender Frische<\/p>\n<p>-24 h Frische Effekt<\/p>\n<h3>Herkunft:<\/h3>\n<p>Deutschland<\/p>\n<h3>Gefahren- \/ Warnhinweise:<\/h3>\n<p>Augenkontakt vermeiden.<\/p>\n<h3>Hersteller:<\/h3>\n<p>Beiersdorf AG Beiersdorfstra\u00dfe 1-9, 20245 Hamburg<\/p>\n<h3>Hinweise:<\/h3>\n<p>Das M\u00e4nner Duschgel kann f\u00fcr die t\u00e4gliche Dusche angewendet werden. Auch f\u00fcr die Haarw\u00e4sche geeignet. Fresh Ocean Duschgel nach Belieben auf die feuchte Haut auftragen und ins Haar einmassieren. Kurz einwirken lassen. Sorgf\u00e4ltig mit Wasser absp\u00fclen.<\/p>","protected":false},"excerpt":{"rendered":"<h3>Inhaltsstoffe:<\/h3>\n<p>Aqua, Sodium Laureth Sulfate, Cocamidopropyl Betaine, Decyl Glucoside, Glycerin, Maris Sal, Sodium Chloride, Citric Acid, Sodium Sulfate, Sodium Benzoate, Limonene, Parfum, CI 42090<\/p>\n<p>&nbsp;<\/p>","protected":false},"featured_media":8639,"comment_status":"open","ping_status":"closed","template":"","meta":{"_acf_changed":false,"inline_featured_image":false,"site-sidebar-layout":"default","site-content-layout":"","ast-site-content-layout":"default","site-content-style":"default","site-sidebar-style":"default","ast-global-header-display":"","ast-banner-title-visibility":"","ast-main-header-display":"","ast-hfb-above-header-display":"","ast-hfb-below-header-display":"","ast-hfb-mobile-header-display":"","site-post-title":"","ast-breadcrumbs-content":"","ast-featured-img":"","footer-sml-layout":"","theme-transparent-header-meta":"default","adv-header-id-meta":"","stick-header-meta":"","header-above-stick-meta":"","header-main-stick-meta":"","header-below-stick-meta":"","astra-migrate-meta-layouts":"set","ast-page-background-enabled":"default","ast-page-background-meta":{"desktop":{"background-color":"var(--ast-global-color-4)","background-image":"","background-repeat":"repeat","background-position":"center center","background-size":"auto","background-attachment":"scroll","background-type":"","background-media":"","overlay-type":"","overlay-color":"","overlay-opacity":"","overlay-gradient":""},"tablet":{"background-color":"","background-image":"","background-repeat":"repeat","background-position":"center center","background-size":"auto","background-attachment":"scroll","background-type":"","background-media":"","overlay-type":"","overlay-color":"","overlay-opacity":"","overlay-gradient":""},"mobile":{"background-color":"","background-image":"","background-repeat":"repeat","background-position":"center center","background-size":"auto","background-attachment":"scroll","background-type":"","background-media":"","overlay-type":"","overlay-color":"","overlay-opacity":"","overlay-gradient":""}},"ast-content-background-meta":{"desktop":{"background-color":"var(--ast-global-color-5)","background-image":"","background-repeat":"repeat","background-position":"center center","background-size":"auto","background-attachment":"scroll","background-type":"","background-media":"","overlay-type":"","overlay-color":"","overlay-opacity":"","overlay-gradient":""},"tablet":{"background-color":"var(--ast-global-color-5)","background-image":"","background-repeat":"repeat","background-position":"center center","background-size":"auto","background-attachment":"scroll","background-type":"","background-media":"","overlay-type":"","overlay-color":"","overlay-opacity":"","overlay-gradient":""},"mobile":{"background-color":"var(--ast-global-color-5)","background-image":"","background-repeat":"repeat","background-position":"center center","background-size":"auto","background-attachment":"scroll","background-type":"","background-media":"","overlay-type":"","overlay-color":"","overlay-opacity":"","overlay-gradient":""}}},"product_brand":[],"product_cat":[75],"product_tag":[],"class_list":{"0":"post-4853","1":"product","2":"type-product","3":"status-publish","4":"has-post-thumbnail","6":"product_cat-drogerie-haushaltsartikel","7":"desktop-align-left","8":"tablet-align-left","9":"mobile-align-left","11":"first","12":"instock","13":"taxable","14":"shipping-taxable","15":"purchasable","16":"product-type-simple"},"acf":[],"yoast_head":"<!-- This site is optimized with the Yoast SEO plugin v24.5 - https:\/\/yoast.com\/wordpress\/plugins\/seo\/ -->\n<title>Nivea Men Duschgel Sport 250ml - BringFlix<\/title>\n<meta name=\"robots\" content=\"index, follow, max-snippet:-1, max-image-preview:large, max-video-preview:-1\" \/>\n<link rel=\"canonical\" href=\"https:\/\/bringflix.shop\/en\/Produkte\/nivea-men-duschgel-fresh-ocean-250ml-2\/\" \/>\n<meta property=\"og:locale\" content=\"en_US\" \/>\n<meta property=\"og:type\" content=\"article\" \/>\n<meta property=\"og:title\" content=\"Nivea Men Duschgel Sport 250ml - BringFlix\" \/>\n<meta property=\"og:description\" content=\"Inhaltsstoffe: Aqua, Sodium Laureth Sulfate, Cocamidopropyl Betaine, Decyl Glucoside, Glycerin, Maris Sal, Sodium Chloride, Citric Acid, Sodium Sulfate, Sodium Benzoate, Limonene, Parfum, CI 42090  &nbsp;\" \/>\n<meta property=\"og:url\" content=\"https:\/\/bringflix.shop\/en\/Produkte\/nivea-men-duschgel-fresh-ocean-250ml-2\/\" \/>\n<meta property=\"og:site_name\" content=\"BringFlix\" \/>\n<meta property=\"article:modified_time\" content=\"2026-05-12T01:20:37+00:00\" \/>\n<meta name=\"twitter:card\" content=\"summary_large_image\" \/>\n<meta name=\"twitter:label1\" content=\"Est. reading time\" \/>\n\t<meta name=\"twitter:data1\" content=\"1 minute\" \/>\n<script type=\"application\/ld+json\" class=\"yoast-schema-graph\">{\"@context\":\"https:\/\/schema.org\",\"@graph\":[{\"@type\":\"WebPage\",\"@id\":\"https:\/\/bringflix.shop\/Produkte\/nivea-men-duschgel-fresh-ocean-250ml-2\/\",\"url\":\"https:\/\/bringflix.shop\/Produkte\/nivea-men-duschgel-fresh-ocean-250ml-2\/\",\"name\":\"Nivea Men Duschgel Sport 250ml - BringFlix\",\"isPartOf\":{\"@id\":\"https:\/\/bringflix.shop\/#website\"},\"primaryImageOfPage\":{\"@id\":\"https:\/\/bringflix.shop\/Produkte\/nivea-men-duschgel-fresh-ocean-250ml-2\/#primaryimage\"},\"image\":{\"@id\":\"https:\/\/bringflix.shop\/Produkte\/nivea-men-duschgel-fresh-ocean-250ml-2\/#primaryimage\"},\"thumbnailUrl\":\"https:\/\/bringflix.shop\/wp-content\/uploads\/2025\/01\/1000116751.png\",\"datePublished\":\"2025-01-21T17:46:51+00:00\",\"dateModified\":\"2026-05-12T01:20:37+00:00\",\"breadcrumb\":{\"@id\":\"https:\/\/bringflix.shop\/Produkte\/nivea-men-duschgel-fresh-ocean-250ml-2\/#breadcrumb\"},\"inLanguage\":\"en-US\",\"potentialAction\":[{\"@type\":\"ReadAction\",\"target\":[\"https:\/\/bringflix.shop\/Produkte\/nivea-men-duschgel-fresh-ocean-250ml-2\/\"]}]},{\"@type\":\"ImageObject\",\"inLanguage\":\"en-US\",\"@id\":\"https:\/\/bringflix.shop\/Produkte\/nivea-men-duschgel-fresh-ocean-250ml-2\/#primaryimage\",\"url\":\"https:\/\/bringflix.shop\/wp-content\/uploads\/2025\/01\/1000116751.png\",\"contentUrl\":\"https:\/\/bringflix.shop\/wp-content\/uploads\/2025\/01\/1000116751.png\",\"width\":600,\"height\":600},{\"@type\":\"BreadcrumbList\",\"@id\":\"https:\/\/bringflix.shop\/Produkte\/nivea-men-duschgel-fresh-ocean-250ml-2\/#breadcrumb\",\"itemListElement\":[{\"@type\":\"ListItem\",\"position\":1,\"name\":\"Home\",\"item\":\"https:\/\/bringflix.shop\/\"},{\"@type\":\"ListItem\",\"position\":2,\"name\":\"Shop\",\"item\":\"https:\/\/bringflix.shop\/shop\/\"},{\"@type\":\"ListItem\",\"position\":3,\"name\":\"Nivea Men Duschgel Sport 250ml\"}]},{\"@type\":\"WebSite\",\"@id\":\"https:\/\/bringflix.shop\/#website\",\"url\":\"https:\/\/bringflix.shop\/\",\"name\":\"BringFlix\",\"description\":\"\",\"publisher\":{\"@id\":\"https:\/\/bringflix.shop\/#organization\"},\"potentialAction\":[{\"@type\":\"SearchAction\",\"target\":{\"@type\":\"EntryPoint\",\"urlTemplate\":\"https:\/\/bringflix.shop\/?s={search_term_string}\"},\"query-input\":{\"@type\":\"PropertyValueSpecification\",\"valueRequired\":true,\"valueName\":\"search_term_string\"}}],\"inLanguage\":\"en-US\"},{\"@type\":\"Organization\",\"@id\":\"https:\/\/bringflix.shop\/#organization\",\"name\":\"BringFlix\",\"url\":\"https:\/\/bringflix.shop\/\",\"logo\":{\"@type\":\"ImageObject\",\"inLanguage\":\"en-US\",\"@id\":\"https:\/\/bringflix.shop\/#\/schema\/logo\/image\/\",\"url\":\"https:\/\/bringflix.shop\/wp-content\/uploads\/2024\/11\/logo-bring-flix.png\",\"contentUrl\":\"https:\/\/bringflix.shop\/wp-content\/uploads\/2024\/11\/logo-bring-flix.png\",\"width\":858,\"height\":316,\"caption\":\"BringFlix\"},\"image\":{\"@id\":\"https:\/\/bringflix.shop\/#\/schema\/logo\/image\/\"}}]}<\/script>\n<!-- \/ Yoast SEO plugin. -->","yoast_head_json":{"title":"Nivea Men Duschgel Sport 250ml - BringFlix","robots":{"index":"index","follow":"follow","max-snippet":"max-snippet:-1","max-image-preview":"max-image-preview:large","max-video-preview":"max-video-preview:-1"},"canonical":"https:\/\/bringflix.shop\/en\/Produkte\/nivea-men-duschgel-fresh-ocean-250ml-2\/","og_locale":"en_US","og_type":"article","og_title":"Nivea Men Duschgel Sport 250ml - BringFlix","og_description":"Inhaltsstoffe: Aqua, Sodium Laureth Sulfate, Cocamidopropyl Betaine, Decyl Glucoside, Glycerin, Maris Sal, Sodium Chloride, Citric Acid, Sodium Sulfate, Sodium Benzoate, Limonene, Parfum, CI 42090  &nbsp;","og_url":"https:\/\/bringflix.shop\/en\/Produkte\/nivea-men-duschgel-fresh-ocean-250ml-2\/","og_site_name":"BringFlix","article_modified_time":"2026-05-12T01:20:37+00:00","twitter_card":"summary_large_image","twitter_misc":{"Est. reading time":"1 minute"},"schema":{"@context":"https:\/\/schema.org","@graph":[{"@type":"WebPage","@id":"https:\/\/bringflix.shop\/Produkte\/nivea-men-duschgel-fresh-ocean-250ml-2\/","url":"https:\/\/bringflix.shop\/Produkte\/nivea-men-duschgel-fresh-ocean-250ml-2\/","name":"Nivea Men Duschgel Sport 250ml - BringFlix","isPartOf":{"@id":"https:\/\/bringflix.shop\/#website"},"primaryImageOfPage":{"@id":"https:\/\/bringflix.shop\/Produkte\/nivea-men-duschgel-fresh-ocean-250ml-2\/#primaryimage"},"image":{"@id":"https:\/\/bringflix.shop\/Produkte\/nivea-men-duschgel-fresh-ocean-250ml-2\/#primaryimage"},"thumbnailUrl":"https:\/\/bringflix.shop\/wp-content\/uploads\/2025\/01\/1000116751.png","datePublished":"2025-01-21T17:46:51+00:00","dateModified":"2026-05-12T01:20:37+00:00","breadcrumb":{"@id":"https:\/\/bringflix.shop\/Produkte\/nivea-men-duschgel-fresh-ocean-250ml-2\/#breadcrumb"},"inLanguage":"en-US","potentialAction":[{"@type":"ReadAction","target":["https:\/\/bringflix.shop\/Produkte\/nivea-men-duschgel-fresh-ocean-250ml-2\/"]}]},{"@type":"ImageObject","inLanguage":"en-US","@id":"https:\/\/bringflix.shop\/Produkte\/nivea-men-duschgel-fresh-ocean-250ml-2\/#primaryimage","url":"https:\/\/bringflix.shop\/wp-content\/uploads\/2025\/01\/1000116751.png","contentUrl":"https:\/\/bringflix.shop\/wp-content\/uploads\/2025\/01\/1000116751.png","width":600,"height":600},{"@type":"BreadcrumbList","@id":"https:\/\/bringflix.shop\/Produkte\/nivea-men-duschgel-fresh-ocean-250ml-2\/#breadcrumb","itemListElement":[{"@type":"ListItem","position":1,"name":"Home","item":"https:\/\/bringflix.shop\/"},{"@type":"ListItem","position":2,"name":"Shop","item":"https:\/\/bringflix.shop\/shop\/"},{"@type":"ListItem","position":3,"name":"Nivea Men Duschgel Sport 250ml"}]},{"@type":"WebSite","@id":"https:\/\/bringflix.shop\/#website","url":"https:\/\/bringflix.shop\/","name":"BringFlix","description":"","publisher":{"@id":"https:\/\/bringflix.shop\/#organization"},"potentialAction":[{"@type":"SearchAction","target":{"@type":"EntryPoint","urlTemplate":"https:\/\/bringflix.shop\/?s={search_term_string}"},"query-input":{"@type":"PropertyValueSpecification","valueRequired":true,"valueName":"search_term_string"}}],"inLanguage":"en-US"},{"@type":"Organization","@id":"https:\/\/bringflix.shop\/#organization","name":"BringFlix","url":"https:\/\/bringflix.shop\/","logo":{"@type":"ImageObject","inLanguage":"en-US","@id":"https:\/\/bringflix.shop\/#\/schema\/logo\/image\/","url":"https:\/\/bringflix.shop\/wp-content\/uploads\/2024\/11\/logo-bring-flix.png","contentUrl":"https:\/\/bringflix.shop\/wp-content\/uploads\/2024\/11\/logo-bring-flix.png","width":858,"height":316,"caption":"BringFlix"},"image":{"@id":"https:\/\/bringflix.shop\/#\/schema\/logo\/image\/"}}]}},"jetpack_sharing_enabled":true,"_links":{"self":[{"href":"https:\/\/bringflix.shop\/en\/wp-json\/wp\/v2\/product\/4853","targetHints":{"allow":["GET"]}}],"collection":[{"href":"https:\/\/bringflix.shop\/en\/wp-json\/wp\/v2\/product"}],"about":[{"href":"https:\/\/bringflix.shop\/en\/wp-json\/wp\/v2\/types\/product"}],"replies":[{"embeddable":true,"href":"https:\/\/bringflix.shop\/en\/wp-json\/wp\/v2\/comments?post=4853"}],"wp:featuredmedia":[{"embeddable":true,"href":"https:\/\/bringflix.shop\/en\/wp-json\/wp\/v2\/media\/8639"}],"wp:attachment":[{"href":"https:\/\/bringflix.shop\/en\/wp-json\/wp\/v2\/media?parent=4853"}],"wp:term":[{"taxonomy":"product_brand","embeddable":true,"href":"https:\/\/bringflix.shop\/en\/wp-json\/wp\/v2\/product_brand?post=4853"},{"taxonomy":"product_cat","embeddable":true,"href":"https:\/\/bringflix.shop\/en\/wp-json\/wp\/v2\/product_cat?post=4853"},{"taxonomy":"product_tag","embeddable":true,"href":"https:\/\/bringflix.shop\/en\/wp-json\/wp\/v2\/product_tag?post=4853"}],"curies":[{"name":"wp","href":"https:\/\/api.w.org\/{rel}","templated":true}]}}