{"id":3158,"date":"2024-12-26T12:15:39","date_gmt":"2024-12-26T11:15:39","guid":{"rendered":"https:\/\/bringflix.shop\/?post_type=product&#038;p=3158"},"modified":"2026-05-08T21:15:38","modified_gmt":"2026-05-08T19:15:38","slug":"fuze-tea-schwarzer-tee-pfirsich-125l","status":"publish","type":"product","link":"https:\/\/bringflix.shop\/en\/Produkte\/fuze-tea-schwarzer-tee-pfirsich-125l\/","title":{"rendered":"Fuze Tea Schwarzer Tee Pfirsich 1,25l (Einweg)"},"content":{"rendered":"<h3>Bezeichnung:<\/h3>\n<p>Erfrischungsgetr\u00e4nk mit Tee-Extrakt und Pfirsichgeschmack<\/p>\n<h3>Herkunft:<\/h3>\n<p>Deutschland<\/p>\n<h3>Hersteller-\/Inverkehrbringer:<\/h3>\n<p>Coca-Cola Europacific Partners DE\u00a0 Postfach 67 01 56, 10207 Berlin<\/p>","protected":false},"excerpt":{"rendered":"<h3>Zutaten:<\/h3>\n<p><span style=\"font-family:FiraSans,\">Wasser, Zucker, S\u00e4uerungsmittel (Citronens\u00e4ure, \u00c4pfels\u00e4ure), l\u00f6slicher Tee-Extrakt (0,12%)**, Pfirsichsaft aus Pfirsichsaftkonzentrat (0,1%), nat\u00fcrliches Pfirsicharoma mit anderen nat\u00fcrlichen Aromen, S\u00e4ureregulator Natriumcitrate, Antioxidationsmittel Ascorbins\u00e4ure, Hibiscusextrakt.<\/span><br \/>\n** Rainforest Alliance-zertifiziert. www.ra.org<\/p>\n<h3>N\u00e4hrwerte (je 100 g):<\/h3>\n<table>\n<tbody>\n<tr>\n<td colspan=\"1\" rowspan=\"1\" width=\"284\">Energie<\/td>\n<td colspan=\"1\" rowspan=\"1\" width=\"283\">119 kJ\/28 kcal<\/td>\n<\/tr>\n<tr>\n<td colspan=\"1\" rowspan=\"1\" width=\"284\">Fett<\/td>\n<td colspan=\"1\" rowspan=\"1\" width=\"283\">0 g<\/td>\n<\/tr>\n<tr>\n<td colspan=\"1\" rowspan=\"1\" width=\"284\">\u2013 davon ges\u00e4ttigte Fetts\u00e4uren<\/td>\n<td colspan=\"1\" rowspan=\"1\" width=\"283\">0 g<\/td>\n<\/tr>\n<tr>\n<td colspan=\"1\" rowspan=\"1\" width=\"284\">Kohlenhydrate<\/td>\n<td colspan=\"1\" rowspan=\"1\" width=\"283\">6,7 g<\/td>\n<\/tr>\n<tr>\n<td colspan=\"1\" rowspan=\"1\" width=\"284\">\u2013 davon Zucker<\/td>\n<td colspan=\"1\" rowspan=\"1\" width=\"283\">6,5 g<\/td>\n<\/tr>\n<tr>\n<td colspan=\"1\" rowspan=\"1\" width=\"284\">Eiwei\u00df<\/td>\n<td colspan=\"1\" rowspan=\"1\" width=\"283\">0 g<\/td>\n<\/tr>\n<tr>\n<td colspan=\"1\" rowspan=\"1\" width=\"284\">Salz<\/td>\n<td colspan=\"1\" rowspan=\"1\" width=\"283\">0,04 g<\/td>\n<\/tr>\n<\/tbody>\n<\/table>","protected":false},"featured_media":8961,"comment_status":"open","ping_status":"closed","template":"","meta":{"_acf_changed":false,"inline_featured_image":false,"site-sidebar-layout":"default","site-content-layout":"","ast-site-content-layout":"default","site-content-style":"default","site-sidebar-style":"default","ast-global-header-display":"","ast-banner-title-visibility":"","ast-main-header-display":"","ast-hfb-above-header-display":"","ast-hfb-below-header-display":"","ast-hfb-mobile-header-display":"","site-post-title":"","ast-breadcrumbs-content":"","ast-featured-img":"","footer-sml-layout":"","theme-transparent-header-meta":"default","adv-header-id-meta":"","stick-header-meta":"","header-above-stick-meta":"","header-main-stick-meta":"","header-below-stick-meta":"","astra-migrate-meta-layouts":"set","ast-page-background-enabled":"default","ast-page-background-meta":{"desktop":{"background-color":"var(--ast-global-color-4)","background-image":"","background-repeat":"repeat","background-position":"center center","background-size":"auto","background-attachment":"scroll","background-type":"","background-media":"","overlay-type":"","overlay-color":"","overlay-opacity":"","overlay-gradient":""},"tablet":{"background-color":"","background-image":"","background-repeat":"repeat","background-position":"center center","background-size":"auto","background-attachment":"scroll","background-type":"","background-media":"","overlay-type":"","overlay-color":"","overlay-opacity":"","overlay-gradient":""},"mobile":{"background-color":"","background-image":"","background-repeat":"repeat","background-position":"center center","background-size":"auto","background-attachment":"scroll","background-type":"","background-media":"","overlay-type":"","overlay-color":"","overlay-opacity":"","overlay-gradient":""}},"ast-content-background-meta":{"desktop":{"background-color":"var(--ast-global-color-5)","background-image":"","background-repeat":"repeat","background-position":"center center","background-size":"auto","background-attachment":"scroll","background-type":"","background-media":"","overlay-type":"","overlay-color":"","overlay-opacity":"","overlay-gradient":""},"tablet":{"background-color":"var(--ast-global-color-5)","background-image":"","background-repeat":"repeat","background-position":"center center","background-size":"auto","background-attachment":"scroll","background-type":"","background-media":"","overlay-type":"","overlay-color":"","overlay-opacity":"","overlay-gradient":""},"mobile":{"background-color":"var(--ast-global-color-5)","background-image":"","background-repeat":"repeat","background-position":"center center","background-size":"auto","background-attachment":"scroll","background-type":"","background-media":"","overlay-type":"","overlay-color":"","overlay-opacity":"","overlay-gradient":""}}},"product_brand":[],"product_cat":[53,54],"product_tag":[],"class_list":{"0":"post-3158","1":"product","2":"type-product","3":"status-publish","4":"has-post-thumbnail","6":"product_cat-getraenke","7":"product_cat-soft-drinks","8":"desktop-align-left","9":"tablet-align-left","10":"mobile-align-left","12":"first","13":"instock","14":"featured","15":"taxable","16":"shipping-taxable","17":"purchasable","18":"product-type-simple"},"acf":[],"yoast_head":"<!-- This site is optimized with the Yoast SEO plugin v24.5 - https:\/\/yoast.com\/wordpress\/plugins\/seo\/ -->\n<title>Fuze Tea Schwarzer Tee Pfirsich 1,25l (Einweg) - BringFlix<\/title>\n<meta name=\"robots\" content=\"index, follow, max-snippet:-1, max-image-preview:large, max-video-preview:-1\" \/>\n<link rel=\"canonical\" href=\"https:\/\/bringflix.shop\/en\/Produkte\/fuze-tea-schwarzer-tee-pfirsich-125l\/\" \/>\n<meta property=\"og:locale\" content=\"en_US\" \/>\n<meta property=\"og:type\" content=\"article\" \/>\n<meta property=\"og:title\" content=\"Fuze Tea Schwarzer Tee Pfirsich 1,25l (Einweg) - BringFlix\" \/>\n<meta property=\"og:description\" content=\"Zutaten: Wasser, Zucker, S\u00e4uerungsmittel (Citronens\u00e4ure, \u00c4pfels\u00e4ure), l\u00f6slicher Tee-Extrakt (0,12%)**, Pfirsichsaft aus Pfirsichsaftkonzentrat (0,1%), nat\u00fcrliches Pfirsicharoma mit anderen nat\u00fcrlichen Aromen, S\u00e4ureregulator Natriumcitrate, Antioxidationsmittel Ascorbins\u00e4ure, Hibiscusextrakt. ** Rainforest Alliance-zertifiziert. www.ra.org N\u00e4hrwerte (je 100 g):  Energie 119 kJ\/28 kcal  Fett 0 g  \u2013 davon ges\u00e4ttigte Fetts\u00e4uren 0 g  Kohlenhydrate 6,7 g  \u2013 davon Zucker 6,5 g  Eiwei\u00df 0 g  Salz 0,04 g\" \/>\n<meta property=\"og:url\" content=\"https:\/\/bringflix.shop\/en\/Produkte\/fuze-tea-schwarzer-tee-pfirsich-125l\/\" \/>\n<meta property=\"og:site_name\" content=\"BringFlix\" \/>\n<meta property=\"article:modified_time\" content=\"2026-05-08T19:15:38+00:00\" \/>\n<meta property=\"og:image\" content=\"https:\/\/bringflix.shop\/wp-content\/uploads\/2024\/12\/1000117621-1.png\" \/>\n\t<meta property=\"og:image:width\" content=\"600\" \/>\n\t<meta property=\"og:image:height\" content=\"600\" \/>\n\t<meta property=\"og:image:type\" content=\"image\/png\" \/>\n<meta name=\"twitter:card\" content=\"summary_large_image\" \/>\n<script type=\"application\/ld+json\" class=\"yoast-schema-graph\">{\"@context\":\"https:\/\/schema.org\",\"@graph\":[{\"@type\":\"WebPage\",\"@id\":\"https:\/\/bringflix.shop\/Produkte\/fuze-tea-schwarzer-tee-pfirsich-125l\/\",\"url\":\"https:\/\/bringflix.shop\/Produkte\/fuze-tea-schwarzer-tee-pfirsich-125l\/\",\"name\":\"Fuze Tea Schwarzer Tee Pfirsich 1,25l (Einweg) - BringFlix\",\"isPartOf\":{\"@id\":\"https:\/\/bringflix.shop\/#website\"},\"primaryImageOfPage\":{\"@id\":\"https:\/\/bringflix.shop\/Produkte\/fuze-tea-schwarzer-tee-pfirsich-125l\/#primaryimage\"},\"image\":{\"@id\":\"https:\/\/bringflix.shop\/Produkte\/fuze-tea-schwarzer-tee-pfirsich-125l\/#primaryimage\"},\"thumbnailUrl\":\"https:\/\/bringflix.shop\/wp-content\/uploads\/2024\/12\/1000117621-1.png\",\"datePublished\":\"2024-12-26T11:15:39+00:00\",\"dateModified\":\"2026-05-08T19:15:38+00:00\",\"breadcrumb\":{\"@id\":\"https:\/\/bringflix.shop\/Produkte\/fuze-tea-schwarzer-tee-pfirsich-125l\/#breadcrumb\"},\"inLanguage\":\"en-US\",\"potentialAction\":[{\"@type\":\"ReadAction\",\"target\":[\"https:\/\/bringflix.shop\/Produkte\/fuze-tea-schwarzer-tee-pfirsich-125l\/\"]}]},{\"@type\":\"ImageObject\",\"inLanguage\":\"en-US\",\"@id\":\"https:\/\/bringflix.shop\/Produkte\/fuze-tea-schwarzer-tee-pfirsich-125l\/#primaryimage\",\"url\":\"https:\/\/bringflix.shop\/wp-content\/uploads\/2024\/12\/1000117621-1.png\",\"contentUrl\":\"https:\/\/bringflix.shop\/wp-content\/uploads\/2024\/12\/1000117621-1.png\",\"width\":600,\"height\":600},{\"@type\":\"BreadcrumbList\",\"@id\":\"https:\/\/bringflix.shop\/Produkte\/fuze-tea-schwarzer-tee-pfirsich-125l\/#breadcrumb\",\"itemListElement\":[{\"@type\":\"ListItem\",\"position\":1,\"name\":\"Home\",\"item\":\"https:\/\/bringflix.shop\/\"},{\"@type\":\"ListItem\",\"position\":2,\"name\":\"Shop\",\"item\":\"https:\/\/bringflix.shop\/shop\/\"},{\"@type\":\"ListItem\",\"position\":3,\"name\":\"Fuze Tea Schwarzer Tee Pfirsich 1,25l (Einweg)\"}]},{\"@type\":\"WebSite\",\"@id\":\"https:\/\/bringflix.shop\/#website\",\"url\":\"https:\/\/bringflix.shop\/\",\"name\":\"BringFlix\",\"description\":\"\",\"publisher\":{\"@id\":\"https:\/\/bringflix.shop\/#organization\"},\"potentialAction\":[{\"@type\":\"SearchAction\",\"target\":{\"@type\":\"EntryPoint\",\"urlTemplate\":\"https:\/\/bringflix.shop\/?s={search_term_string}\"},\"query-input\":{\"@type\":\"PropertyValueSpecification\",\"valueRequired\":true,\"valueName\":\"search_term_string\"}}],\"inLanguage\":\"en-US\"},{\"@type\":\"Organization\",\"@id\":\"https:\/\/bringflix.shop\/#organization\",\"name\":\"BringFlix\",\"url\":\"https:\/\/bringflix.shop\/\",\"logo\":{\"@type\":\"ImageObject\",\"inLanguage\":\"en-US\",\"@id\":\"https:\/\/bringflix.shop\/#\/schema\/logo\/image\/\",\"url\":\"https:\/\/bringflix.shop\/wp-content\/uploads\/2024\/11\/logo-bring-flix.png\",\"contentUrl\":\"https:\/\/bringflix.shop\/wp-content\/uploads\/2024\/11\/logo-bring-flix.png\",\"width\":858,\"height\":316,\"caption\":\"BringFlix\"},\"image\":{\"@id\":\"https:\/\/bringflix.shop\/#\/schema\/logo\/image\/\"}}]}<\/script>\n<!-- \/ Yoast SEO plugin. -->","yoast_head_json":{"title":"Fuze Tea Schwarzer Tee Pfirsich 1,25l (Einweg) - BringFlix","robots":{"index":"index","follow":"follow","max-snippet":"max-snippet:-1","max-image-preview":"max-image-preview:large","max-video-preview":"max-video-preview:-1"},"canonical":"https:\/\/bringflix.shop\/en\/Produkte\/fuze-tea-schwarzer-tee-pfirsich-125l\/","og_locale":"en_US","og_type":"article","og_title":"Fuze Tea Schwarzer Tee Pfirsich 1,25l (Einweg) - BringFlix","og_description":"Zutaten: Wasser, Zucker, S\u00e4uerungsmittel (Citronens\u00e4ure, \u00c4pfels\u00e4ure), l\u00f6slicher Tee-Extrakt (0,12%)**, Pfirsichsaft aus Pfirsichsaftkonzentrat (0,1%), nat\u00fcrliches Pfirsicharoma mit anderen nat\u00fcrlichen Aromen, S\u00e4ureregulator Natriumcitrate, Antioxidationsmittel Ascorbins\u00e4ure, Hibiscusextrakt. ** Rainforest Alliance-zertifiziert. www.ra.org N\u00e4hrwerte (je 100 g):  Energie 119 kJ\/28 kcal  Fett 0 g  \u2013 davon ges\u00e4ttigte Fetts\u00e4uren 0 g  Kohlenhydrate 6,7 g  \u2013 davon Zucker 6,5 g  Eiwei\u00df 0 g  Salz 0,04 g","og_url":"https:\/\/bringflix.shop\/en\/Produkte\/fuze-tea-schwarzer-tee-pfirsich-125l\/","og_site_name":"BringFlix","article_modified_time":"2026-05-08T19:15:38+00:00","og_image":[{"width":600,"height":600,"url":"https:\/\/bringflix.shop\/wp-content\/uploads\/2024\/12\/1000117621-1.png","type":"image\/png"}],"twitter_card":"summary_large_image","schema":{"@context":"https:\/\/schema.org","@graph":[{"@type":"WebPage","@id":"https:\/\/bringflix.shop\/Produkte\/fuze-tea-schwarzer-tee-pfirsich-125l\/","url":"https:\/\/bringflix.shop\/Produkte\/fuze-tea-schwarzer-tee-pfirsich-125l\/","name":"Fuze Tea Schwarzer Tee Pfirsich 1,25l (Einweg) - BringFlix","isPartOf":{"@id":"https:\/\/bringflix.shop\/#website"},"primaryImageOfPage":{"@id":"https:\/\/bringflix.shop\/Produkte\/fuze-tea-schwarzer-tee-pfirsich-125l\/#primaryimage"},"image":{"@id":"https:\/\/bringflix.shop\/Produkte\/fuze-tea-schwarzer-tee-pfirsich-125l\/#primaryimage"},"thumbnailUrl":"https:\/\/bringflix.shop\/wp-content\/uploads\/2024\/12\/1000117621-1.png","datePublished":"2024-12-26T11:15:39+00:00","dateModified":"2026-05-08T19:15:38+00:00","breadcrumb":{"@id":"https:\/\/bringflix.shop\/Produkte\/fuze-tea-schwarzer-tee-pfirsich-125l\/#breadcrumb"},"inLanguage":"en-US","potentialAction":[{"@type":"ReadAction","target":["https:\/\/bringflix.shop\/Produkte\/fuze-tea-schwarzer-tee-pfirsich-125l\/"]}]},{"@type":"ImageObject","inLanguage":"en-US","@id":"https:\/\/bringflix.shop\/Produkte\/fuze-tea-schwarzer-tee-pfirsich-125l\/#primaryimage","url":"https:\/\/bringflix.shop\/wp-content\/uploads\/2024\/12\/1000117621-1.png","contentUrl":"https:\/\/bringflix.shop\/wp-content\/uploads\/2024\/12\/1000117621-1.png","width":600,"height":600},{"@type":"BreadcrumbList","@id":"https:\/\/bringflix.shop\/Produkte\/fuze-tea-schwarzer-tee-pfirsich-125l\/#breadcrumb","itemListElement":[{"@type":"ListItem","position":1,"name":"Home","item":"https:\/\/bringflix.shop\/"},{"@type":"ListItem","position":2,"name":"Shop","item":"https:\/\/bringflix.shop\/shop\/"},{"@type":"ListItem","position":3,"name":"Fuze Tea Schwarzer Tee Pfirsich 1,25l (Einweg)"}]},{"@type":"WebSite","@id":"https:\/\/bringflix.shop\/#website","url":"https:\/\/bringflix.shop\/","name":"BringFlix","description":"","publisher":{"@id":"https:\/\/bringflix.shop\/#organization"},"potentialAction":[{"@type":"SearchAction","target":{"@type":"EntryPoint","urlTemplate":"https:\/\/bringflix.shop\/?s={search_term_string}"},"query-input":{"@type":"PropertyValueSpecification","valueRequired":true,"valueName":"search_term_string"}}],"inLanguage":"en-US"},{"@type":"Organization","@id":"https:\/\/bringflix.shop\/#organization","name":"BringFlix","url":"https:\/\/bringflix.shop\/","logo":{"@type":"ImageObject","inLanguage":"en-US","@id":"https:\/\/bringflix.shop\/#\/schema\/logo\/image\/","url":"https:\/\/bringflix.shop\/wp-content\/uploads\/2024\/11\/logo-bring-flix.png","contentUrl":"https:\/\/bringflix.shop\/wp-content\/uploads\/2024\/11\/logo-bring-flix.png","width":858,"height":316,"caption":"BringFlix"},"image":{"@id":"https:\/\/bringflix.shop\/#\/schema\/logo\/image\/"}}]}},"jetpack_sharing_enabled":true,"_links":{"self":[{"href":"https:\/\/bringflix.shop\/en\/wp-json\/wp\/v2\/product\/3158","targetHints":{"allow":["GET"]}}],"collection":[{"href":"https:\/\/bringflix.shop\/en\/wp-json\/wp\/v2\/product"}],"about":[{"href":"https:\/\/bringflix.shop\/en\/wp-json\/wp\/v2\/types\/product"}],"replies":[{"embeddable":true,"href":"https:\/\/bringflix.shop\/en\/wp-json\/wp\/v2\/comments?post=3158"}],"wp:featuredmedia":[{"embeddable":true,"href":"https:\/\/bringflix.shop\/en\/wp-json\/wp\/v2\/media\/8961"}],"wp:attachment":[{"href":"https:\/\/bringflix.shop\/en\/wp-json\/wp\/v2\/media?parent=3158"}],"wp:term":[{"taxonomy":"product_brand","embeddable":true,"href":"https:\/\/bringflix.shop\/en\/wp-json\/wp\/v2\/product_brand?post=3158"},{"taxonomy":"product_cat","embeddable":true,"href":"https:\/\/bringflix.shop\/en\/wp-json\/wp\/v2\/product_cat?post=3158"},{"taxonomy":"product_tag","embeddable":true,"href":"https:\/\/bringflix.shop\/en\/wp-json\/wp\/v2\/product_tag?post=3158"}],"curies":[{"name":"wp","href":"https:\/\/api.w.org\/{rel}","templated":true}]}}