{"id":3073,"date":"2024-12-23T15:45:31","date_gmt":"2024-12-23T15:45:31","guid":{"rendered":"https:\/\/bringflix.shop\/?post_type=product&#038;p=3073"},"modified":"2026-03-27T15:48:02","modified_gmt":"2026-03-27T14:48:02","slug":"ja-penne-gorgonzola-mit-feinem-blattspinat-750g","status":"publish","type":"product","link":"https:\/\/bringflix.shop\/en\/Produkte\/ja-penne-gorgonzola-mit-feinem-blattspinat-750g\/","title":{"rendered":"Ja! Penne Gorgonzola mit feinem Blattspinat 750g"},"content":{"rendered":"<h3>Bezeichnung:<\/h3>\n<p>Penne-Nudeln in w\u00fcrziger Gorgonzola-Sauce mit Blattspinat, tiefgefroren.<\/p>\n<h3>Herkunft:<\/h3>\n<p>Deutschland<\/p>\n<h3>Konservierung und Lagerung:<\/h3>\n<p>Verwendungshinweise: Bei -18\u00b0C<\/p>\n<h3>Hersteller-\/Inverkehrbringer:<\/h3>\n<p>Men\u00fc-Variant GmbH, M\u00fcnsterstra\u00dfe 9-11, 49176 Hilter, Deutschland<\/p>","protected":false},"excerpt":{"rendered":"<h3>Zutaten:<\/h3>\n<p>Penne-Nudeln gegart 44,5% (Wasser, Hartweizengrie\u00df), GORGONZOLA-Sauce 42,5% (S\u00fc\u00dfmolke, Wasser, SAHNE, GORGONZOLA 2,6%, Speisesalz, modifizierte St\u00e4rke, WEIZENMEHL, Gew\u00fcrze), Blattspinat 12,5%.<br \/>\nKann Spuren von Ei, Soja und Sellerie enthalten<\/p>\n<h3>Allergene:<\/h3>\n<p>Glutenhaltiges Getreide (Weizen, Gerste, Roggen, Hafer, Dinkel, Kamut oder Hybridst\u00e4mme) , Milch und Milcherzeugnisse (einschlie\u00dflich Lactose)<\/p>\n<h3>N\u00e4hrwerte (je 100 g):<\/h3>\n<table>\n<tbody>\n<tr>\n<td width=\"284\">Energie<\/td>\n<td width=\"283\">518 kJ\/123 kcal<\/td>\n<\/tr>\n<tr>\n<td width=\"284\">Fett<\/td>\n<td width=\"283\">3 g<\/td>\n<\/tr>\n<tr>\n<td width=\"284\">&#8211; davon ges\u00e4ttigte Fetts\u00e4uren<\/td>\n<td width=\"283\">1,8 g<\/td>\n<\/tr>\n<tr>\n<td width=\"284\">Kohlenhydrate<\/td>\n<td width=\"283\">19 g<\/td>\n<\/tr>\n<tr>\n<td width=\"284\">&#8211; davon Zucker<\/td>\n<td width=\"283\">1,7 g<\/td>\n<\/tr>\n<tr>\n<td width=\"284\">Eiwei\u00df<\/td>\n<td width=\"283\">4,4 g<\/td>\n<\/tr>\n<tr>\n<td width=\"284\">Salz<\/td>\n<td width=\"283\">0,7 g<\/td>\n<\/tr>\n<\/tbody>\n<\/table>\n<p>&nbsp;<\/p>","protected":false},"featured_media":3074,"comment_status":"open","ping_status":"closed","template":"","meta":{"_acf_changed":false,"inline_featured_image":false,"site-sidebar-layout":"default","site-content-layout":"","ast-site-content-layout":"default","site-content-style":"default","site-sidebar-style":"default","ast-global-header-display":"","ast-banner-title-visibility":"","ast-main-header-display":"","ast-hfb-above-header-display":"","ast-hfb-below-header-display":"","ast-hfb-mobile-header-display":"","site-post-title":"","ast-breadcrumbs-content":"","ast-featured-img":"","footer-sml-layout":"","theme-transparent-header-meta":"default","adv-header-id-meta":"","stick-header-meta":"","header-above-stick-meta":"","header-main-stick-meta":"","header-below-stick-meta":"","astra-migrate-meta-layouts":"set","ast-page-background-enabled":"default","ast-page-background-meta":{"desktop":{"background-color":"var(--ast-global-color-4)","background-image":"","background-repeat":"repeat","background-position":"center center","background-size":"auto","background-attachment":"scroll","background-type":"","background-media":"","overlay-type":"","overlay-color":"","overlay-opacity":"","overlay-gradient":""},"tablet":{"background-color":"","background-image":"","background-repeat":"repeat","background-position":"center center","background-size":"auto","background-attachment":"scroll","background-type":"","background-media":"","overlay-type":"","overlay-color":"","overlay-opacity":"","overlay-gradient":""},"mobile":{"background-color":"","background-image":"","background-repeat":"repeat","background-position":"center center","background-size":"auto","background-attachment":"scroll","background-type":"","background-media":"","overlay-type":"","overlay-color":"","overlay-opacity":"","overlay-gradient":""}},"ast-content-background-meta":{"desktop":{"background-color":"var(--ast-global-color-5)","background-image":"","background-repeat":"repeat","background-position":"center center","background-size":"auto","background-attachment":"scroll","background-type":"","background-media":"","overlay-type":"","overlay-color":"","overlay-opacity":"","overlay-gradient":""},"tablet":{"background-color":"var(--ast-global-color-5)","background-image":"","background-repeat":"repeat","background-position":"center center","background-size":"auto","background-attachment":"scroll","background-type":"","background-media":"","overlay-type":"","overlay-color":"","overlay-opacity":"","overlay-gradient":""},"mobile":{"background-color":"var(--ast-global-color-5)","background-image":"","background-repeat":"repeat","background-position":"center center","background-size":"auto","background-attachment":"scroll","background-type":"","background-media":"","overlay-type":"","overlay-color":"","overlay-opacity":"","overlay-gradient":""}}},"product_brand":[],"product_cat":[49,51],"product_tag":[],"class_list":{"0":"post-3073","1":"product","2":"type-product","3":"status-publish","4":"has-post-thumbnail","6":"product_cat-tiefkuehlung","7":"product_cat-weitere-tk-gerichte-kompenenten","8":"desktop-align-left","9":"tablet-align-left","10":"mobile-align-left","12":"first","13":"instock","14":"featured","15":"taxable","16":"shipping-taxable","17":"purchasable","18":"product-type-simple"},"acf":[],"yoast_head":"<!-- This site is optimized with the Yoast SEO plugin v24.5 - https:\/\/yoast.com\/wordpress\/plugins\/seo\/ -->\n<title>Ja! Penne Gorgonzola mit feinem Blattspinat 750g - BringFlix<\/title>\n<meta name=\"robots\" content=\"index, follow, max-snippet:-1, max-image-preview:large, max-video-preview:-1\" \/>\n<link rel=\"canonical\" href=\"https:\/\/bringflix.shop\/en\/Produkte\/ja-penne-gorgonzola-mit-feinem-blattspinat-750g\/\" \/>\n<meta property=\"og:locale\" content=\"en_US\" \/>\n<meta property=\"og:type\" content=\"article\" \/>\n<meta property=\"og:title\" content=\"Ja! Penne Gorgonzola mit feinem Blattspinat 750g - BringFlix\" \/>\n<meta property=\"og:description\" content=\"Zutaten: Penne-Nudeln gegart 44,5% (Wasser, Hartweizengrie\u00df), GORGONZOLA-Sauce 42,5% (S\u00fc\u00dfmolke, Wasser, SAHNE, GORGONZOLA 2,6%, Speisesalz, modifizierte St\u00e4rke, WEIZENMEHL, Gew\u00fcrze), Blattspinat 12,5%. Kann Spuren von Ei, Soja und Sellerie enthalten Allergene: Glutenhaltiges Getreide (Weizen, Gerste, Roggen, Hafer, Dinkel, Kamut oder Hybridst\u00e4mme) , Milch und Milcherzeugnisse (einschlie\u00dflich Lactose) N\u00e4hrwerte (je 100 g):    Energie 518 kJ\/123 kcal   Fett 3 g   - davon ges\u00e4ttigte Fetts\u00e4uren 1,8 g   Kohlenhydrate 19 g   - davon Zucker 1,7 g   Eiwei\u00df 4,4 g   Salz 0,7 g    &nbsp;\" \/>\n<meta property=\"og:url\" content=\"https:\/\/bringflix.shop\/en\/Produkte\/ja-penne-gorgonzola-mit-feinem-blattspinat-750g\/\" \/>\n<meta property=\"og:site_name\" content=\"BringFlix\" \/>\n<meta property=\"article:modified_time\" content=\"2026-03-27T14:48:02+00:00\" \/>\n<meta property=\"og:image\" content=\"https:\/\/bringflix.shop\/wp-content\/uploads\/2024\/12\/223_copy_600x600-1.png\" \/>\n\t<meta property=\"og:image:width\" content=\"600\" \/>\n\t<meta property=\"og:image:height\" content=\"600\" \/>\n\t<meta property=\"og:image:type\" content=\"image\/png\" \/>\n<meta name=\"twitter:card\" content=\"summary_large_image\" \/>\n<script type=\"application\/ld+json\" class=\"yoast-schema-graph\">{\"@context\":\"https:\/\/schema.org\",\"@graph\":[{\"@type\":\"WebPage\",\"@id\":\"https:\/\/bringflix.shop\/Produkte\/ja-penne-gorgonzola-mit-feinem-blattspinat-750g\/\",\"url\":\"https:\/\/bringflix.shop\/Produkte\/ja-penne-gorgonzola-mit-feinem-blattspinat-750g\/\",\"name\":\"Ja! Penne Gorgonzola mit feinem Blattspinat 750g - BringFlix\",\"isPartOf\":{\"@id\":\"https:\/\/bringflix.shop\/#website\"},\"primaryImageOfPage\":{\"@id\":\"https:\/\/bringflix.shop\/Produkte\/ja-penne-gorgonzola-mit-feinem-blattspinat-750g\/#primaryimage\"},\"image\":{\"@id\":\"https:\/\/bringflix.shop\/Produkte\/ja-penne-gorgonzola-mit-feinem-blattspinat-750g\/#primaryimage\"},\"thumbnailUrl\":\"https:\/\/bringflix.shop\/wp-content\/uploads\/2024\/12\/223_copy_600x600-1.png\",\"datePublished\":\"2024-12-23T15:45:31+00:00\",\"dateModified\":\"2026-03-27T14:48:02+00:00\",\"breadcrumb\":{\"@id\":\"https:\/\/bringflix.shop\/Produkte\/ja-penne-gorgonzola-mit-feinem-blattspinat-750g\/#breadcrumb\"},\"inLanguage\":\"en-US\",\"potentialAction\":[{\"@type\":\"ReadAction\",\"target\":[\"https:\/\/bringflix.shop\/Produkte\/ja-penne-gorgonzola-mit-feinem-blattspinat-750g\/\"]}]},{\"@type\":\"ImageObject\",\"inLanguage\":\"en-US\",\"@id\":\"https:\/\/bringflix.shop\/Produkte\/ja-penne-gorgonzola-mit-feinem-blattspinat-750g\/#primaryimage\",\"url\":\"https:\/\/bringflix.shop\/wp-content\/uploads\/2024\/12\/223_copy_600x600-1.png\",\"contentUrl\":\"https:\/\/bringflix.shop\/wp-content\/uploads\/2024\/12\/223_copy_600x600-1.png\",\"width\":600,\"height\":600},{\"@type\":\"BreadcrumbList\",\"@id\":\"https:\/\/bringflix.shop\/Produkte\/ja-penne-gorgonzola-mit-feinem-blattspinat-750g\/#breadcrumb\",\"itemListElement\":[{\"@type\":\"ListItem\",\"position\":1,\"name\":\"Home\",\"item\":\"https:\/\/bringflix.shop\/\"},{\"@type\":\"ListItem\",\"position\":2,\"name\":\"Shop\",\"item\":\"https:\/\/bringflix.shop\/shop\/\"},{\"@type\":\"ListItem\",\"position\":3,\"name\":\"Ja! Penne Gorgonzola mit feinem Blattspinat 750g\"}]},{\"@type\":\"WebSite\",\"@id\":\"https:\/\/bringflix.shop\/#website\",\"url\":\"https:\/\/bringflix.shop\/\",\"name\":\"BringFlix\",\"description\":\"\",\"publisher\":{\"@id\":\"https:\/\/bringflix.shop\/#organization\"},\"potentialAction\":[{\"@type\":\"SearchAction\",\"target\":{\"@type\":\"EntryPoint\",\"urlTemplate\":\"https:\/\/bringflix.shop\/?s={search_term_string}\"},\"query-input\":{\"@type\":\"PropertyValueSpecification\",\"valueRequired\":true,\"valueName\":\"search_term_string\"}}],\"inLanguage\":\"en-US\"},{\"@type\":\"Organization\",\"@id\":\"https:\/\/bringflix.shop\/#organization\",\"name\":\"BringFlix\",\"url\":\"https:\/\/bringflix.shop\/\",\"logo\":{\"@type\":\"ImageObject\",\"inLanguage\":\"en-US\",\"@id\":\"https:\/\/bringflix.shop\/#\/schema\/logo\/image\/\",\"url\":\"https:\/\/bringflix.shop\/wp-content\/uploads\/2024\/11\/logo-bring-flix.png\",\"contentUrl\":\"https:\/\/bringflix.shop\/wp-content\/uploads\/2024\/11\/logo-bring-flix.png\",\"width\":858,\"height\":316,\"caption\":\"BringFlix\"},\"image\":{\"@id\":\"https:\/\/bringflix.shop\/#\/schema\/logo\/image\/\"}}]}<\/script>\n<!-- \/ Yoast SEO plugin. -->","yoast_head_json":{"title":"Ja! Penne Gorgonzola mit feinem Blattspinat 750g - BringFlix","robots":{"index":"index","follow":"follow","max-snippet":"max-snippet:-1","max-image-preview":"max-image-preview:large","max-video-preview":"max-video-preview:-1"},"canonical":"https:\/\/bringflix.shop\/en\/Produkte\/ja-penne-gorgonzola-mit-feinem-blattspinat-750g\/","og_locale":"en_US","og_type":"article","og_title":"Ja! Penne Gorgonzola mit feinem Blattspinat 750g - BringFlix","og_description":"Zutaten: Penne-Nudeln gegart 44,5% (Wasser, Hartweizengrie\u00df), GORGONZOLA-Sauce 42,5% (S\u00fc\u00dfmolke, Wasser, SAHNE, GORGONZOLA 2,6%, Speisesalz, modifizierte St\u00e4rke, WEIZENMEHL, Gew\u00fcrze), Blattspinat 12,5%. Kann Spuren von Ei, Soja und Sellerie enthalten Allergene: Glutenhaltiges Getreide (Weizen, Gerste, Roggen, Hafer, Dinkel, Kamut oder Hybridst\u00e4mme) , Milch und Milcherzeugnisse (einschlie\u00dflich Lactose) N\u00e4hrwerte (je 100 g):    Energie 518 kJ\/123 kcal   Fett 3 g   - davon ges\u00e4ttigte Fetts\u00e4uren 1,8 g   Kohlenhydrate 19 g   - davon Zucker 1,7 g   Eiwei\u00df 4,4 g   Salz 0,7 g    &nbsp;","og_url":"https:\/\/bringflix.shop\/en\/Produkte\/ja-penne-gorgonzola-mit-feinem-blattspinat-750g\/","og_site_name":"BringFlix","article_modified_time":"2026-03-27T14:48:02+00:00","og_image":[{"width":600,"height":600,"url":"https:\/\/bringflix.shop\/wp-content\/uploads\/2024\/12\/223_copy_600x600-1.png","type":"image\/png"}],"twitter_card":"summary_large_image","schema":{"@context":"https:\/\/schema.org","@graph":[{"@type":"WebPage","@id":"https:\/\/bringflix.shop\/Produkte\/ja-penne-gorgonzola-mit-feinem-blattspinat-750g\/","url":"https:\/\/bringflix.shop\/Produkte\/ja-penne-gorgonzola-mit-feinem-blattspinat-750g\/","name":"Ja! Penne Gorgonzola mit feinem Blattspinat 750g - BringFlix","isPartOf":{"@id":"https:\/\/bringflix.shop\/#website"},"primaryImageOfPage":{"@id":"https:\/\/bringflix.shop\/Produkte\/ja-penne-gorgonzola-mit-feinem-blattspinat-750g\/#primaryimage"},"image":{"@id":"https:\/\/bringflix.shop\/Produkte\/ja-penne-gorgonzola-mit-feinem-blattspinat-750g\/#primaryimage"},"thumbnailUrl":"https:\/\/bringflix.shop\/wp-content\/uploads\/2024\/12\/223_copy_600x600-1.png","datePublished":"2024-12-23T15:45:31+00:00","dateModified":"2026-03-27T14:48:02+00:00","breadcrumb":{"@id":"https:\/\/bringflix.shop\/Produkte\/ja-penne-gorgonzola-mit-feinem-blattspinat-750g\/#breadcrumb"},"inLanguage":"en-US","potentialAction":[{"@type":"ReadAction","target":["https:\/\/bringflix.shop\/Produkte\/ja-penne-gorgonzola-mit-feinem-blattspinat-750g\/"]}]},{"@type":"ImageObject","inLanguage":"en-US","@id":"https:\/\/bringflix.shop\/Produkte\/ja-penne-gorgonzola-mit-feinem-blattspinat-750g\/#primaryimage","url":"https:\/\/bringflix.shop\/wp-content\/uploads\/2024\/12\/223_copy_600x600-1.png","contentUrl":"https:\/\/bringflix.shop\/wp-content\/uploads\/2024\/12\/223_copy_600x600-1.png","width":600,"height":600},{"@type":"BreadcrumbList","@id":"https:\/\/bringflix.shop\/Produkte\/ja-penne-gorgonzola-mit-feinem-blattspinat-750g\/#breadcrumb","itemListElement":[{"@type":"ListItem","position":1,"name":"Home","item":"https:\/\/bringflix.shop\/"},{"@type":"ListItem","position":2,"name":"Shop","item":"https:\/\/bringflix.shop\/shop\/"},{"@type":"ListItem","position":3,"name":"Ja! Penne Gorgonzola mit feinem Blattspinat 750g"}]},{"@type":"WebSite","@id":"https:\/\/bringflix.shop\/#website","url":"https:\/\/bringflix.shop\/","name":"BringFlix","description":"","publisher":{"@id":"https:\/\/bringflix.shop\/#organization"},"potentialAction":[{"@type":"SearchAction","target":{"@type":"EntryPoint","urlTemplate":"https:\/\/bringflix.shop\/?s={search_term_string}"},"query-input":{"@type":"PropertyValueSpecification","valueRequired":true,"valueName":"search_term_string"}}],"inLanguage":"en-US"},{"@type":"Organization","@id":"https:\/\/bringflix.shop\/#organization","name":"BringFlix","url":"https:\/\/bringflix.shop\/","logo":{"@type":"ImageObject","inLanguage":"en-US","@id":"https:\/\/bringflix.shop\/#\/schema\/logo\/image\/","url":"https:\/\/bringflix.shop\/wp-content\/uploads\/2024\/11\/logo-bring-flix.png","contentUrl":"https:\/\/bringflix.shop\/wp-content\/uploads\/2024\/11\/logo-bring-flix.png","width":858,"height":316,"caption":"BringFlix"},"image":{"@id":"https:\/\/bringflix.shop\/#\/schema\/logo\/image\/"}}]}},"jetpack_sharing_enabled":true,"_links":{"self":[{"href":"https:\/\/bringflix.shop\/en\/wp-json\/wp\/v2\/product\/3073","targetHints":{"allow":["GET"]}}],"collection":[{"href":"https:\/\/bringflix.shop\/en\/wp-json\/wp\/v2\/product"}],"about":[{"href":"https:\/\/bringflix.shop\/en\/wp-json\/wp\/v2\/types\/product"}],"replies":[{"embeddable":true,"href":"https:\/\/bringflix.shop\/en\/wp-json\/wp\/v2\/comments?post=3073"}],"wp:featuredmedia":[{"embeddable":true,"href":"https:\/\/bringflix.shop\/en\/wp-json\/wp\/v2\/media\/3074"}],"wp:attachment":[{"href":"https:\/\/bringflix.shop\/en\/wp-json\/wp\/v2\/media?parent=3073"}],"wp:term":[{"taxonomy":"product_brand","embeddable":true,"href":"https:\/\/bringflix.shop\/en\/wp-json\/wp\/v2\/product_brand?post=3073"},{"taxonomy":"product_cat","embeddable":true,"href":"https:\/\/bringflix.shop\/en\/wp-json\/wp\/v2\/product_cat?post=3073"},{"taxonomy":"product_tag","embeddable":true,"href":"https:\/\/bringflix.shop\/en\/wp-json\/wp\/v2\/product_tag?post=3073"}],"curies":[{"name":"wp","href":"https:\/\/api.w.org\/{rel}","templated":true}]}}