{"id":3071,"date":"2024-12-23T15:41:23","date_gmt":"2024-12-23T15:41:23","guid":{"rendered":"https:\/\/bringflix.shop\/?post_type=product&#038;p=3071"},"modified":"2026-04-10T14:30:52","modified_gmt":"2026-04-10T12:30:52","slug":"frosta-bratkartoffel-haehnchenpfanne-500g","status":"publish","type":"product","link":"https:\/\/bringflix.shop\/en\/Produkte\/frosta-bratkartoffel-haehnchenpfanne-500g\/","title":{"rendered":"Frosta Bratkartoffel H\u00e4hnchenpfanne 500g"},"content":{"rendered":"<h3>AUCH GEEIGNET F\u00dcR DIE ZUBEREITUNG IN DER MIKROWELLE.<\/h3>\n<p>&nbsp;<\/p>\n<h3>Bezeichnung:<\/h3>\n<p>Bratkartoffelgericht mit marinierter, gegarter H\u00e4hnchenbrust. Tiefgefroren<\/p>\n<h3>Herkunft:<\/h3>\n<p>Deutschland<\/p>\n<h3>Konservierung und Lagerung:<\/h3>\n<p>** -Fach (-12\u00b0C): 3 Wochen<br \/>\n*** -Fach (-18\u00b0C): mindestens haltbar bis: siehe Aufdruck<br \/>\nNach dem Auftauen nicht wieder einfrieren.<\/p>\n<h3>Hersteller-\/Inverkehrbringer:<\/h3>\n<p>FRoSTA Tiefk\u00fchlkost GmbH, Postfach 29 03 64, DE 27533 Bremerhaven<\/p>\n<h3>Anwendungsempfehlung:<\/h3>\n<p>Bratkartoffel H\u00e4hnchen Pfanne tiefgefroren mit 1 -2 EL \u00d6l in die Pfanne geben &amp; auf h\u00f6chster Stufe erhitzen. 9-11 Minuten bei mittlerer Stufe braten. Ab und zu umr\u00fchren. Und jetzt lass es dir schmecken!<\/p>","protected":false},"excerpt":{"rendered":"<h3>Zutaten:<\/h3>\n<p>frittierte Kartoffeln (36%) (Kartoffeln, Sonnenblumen\u00f6l, Dextrose), marinierte, gegarte H\u00e4hnchenbrust (13%) (H\u00e4hnchenbrust (f\u00fcr AT: H\u00fchnerbrust), Salz, Soja\u00f6l, Dextrose), gelbe Paprika, Brokkoli, Zwiebeln, rote Paprika, Wasser, Sonnenblumen\u00f6l, Salz, BUTTER, Knoblauch, Muskatnuss, schwarzer Pfeffer.<\/p>\n<h3>Allergene:<\/h3>\n<p>Wir verarbeiten bei uns noch viele weitere Produkte. Daher k\u00f6nnte dieses Gericht Spuren von Gerste, Roggen, Hafer, Krebstieren, Eiern, Fisch, Milch, Sellerie, Senf und Weichtieren enthalten. Allergenhinweise: Enth\u00e4lt: Milchzucker (Laktose). Milch und Milcherzeugnisse (einschlie\u00dflich Lactose). Wir verarbeiten bei uns noch viele weitere Produkte. Daher k\u00f6nnte dieses Gericht Spuren von Weizen, Gerste, Roggen, Hafer, Krebstieren, Eiern, Fisch, Soja, Sellerie, Senf und Weichtieren enthalten.<\/p>\n<h3>N\u00e4hrwerte (je 100 g):<\/h3>\n<table>\n<tbody>\n<tr>\n<td width=\"284\">Energie<\/td>\n<td width=\"283\">401 kJ\/96 kcal<\/td>\n<\/tr>\n<tr>\n<td width=\"284\">Fett<\/td>\n<td width=\"283\">3,5 g<\/td>\n<\/tr>\n<tr>\n<td width=\"284\">&#8211; davon ges\u00e4ttigte Fetts\u00e4uren<\/td>\n<td width=\"283\">1,2 g<\/td>\n<\/tr>\n<tr>\n<td width=\"284\">Kohlenhydrate<\/td>\n<td width=\"283\">10,2 g<\/td>\n<\/tr>\n<tr>\n<td width=\"284\">&#8211; davon Zucker<\/td>\n<td width=\"283\">2,1 g<\/td>\n<\/tr>\n<tr>\n<td width=\"284\">Ballaststoffe<\/td>\n<td width=\"283\">2 g<\/td>\n<\/tr>\n<tr>\n<td width=\"284\">Eiwei\u00df<\/td>\n<td width=\"283\">4,8 g<\/td>\n<\/tr>\n<tr>\n<td width=\"284\">Salz<\/td>\n<td width=\"283\">0,74 g<\/td>\n<\/tr>\n<\/tbody>\n<\/table>\n<p>&nbsp;<\/p>\n<p>&nbsp;<\/p>","protected":false},"featured_media":3072,"comment_status":"open","ping_status":"closed","template":"","meta":{"_acf_changed":false,"inline_featured_image":false,"site-sidebar-layout":"default","site-content-layout":"","ast-site-content-layout":"default","site-content-style":"default","site-sidebar-style":"default","ast-global-header-display":"","ast-banner-title-visibility":"","ast-main-header-display":"","ast-hfb-above-header-display":"","ast-hfb-below-header-display":"","ast-hfb-mobile-header-display":"","site-post-title":"","ast-breadcrumbs-content":"","ast-featured-img":"","footer-sml-layout":"","theme-transparent-header-meta":"default","adv-header-id-meta":"","stick-header-meta":"","header-above-stick-meta":"","header-main-stick-meta":"","header-below-stick-meta":"","astra-migrate-meta-layouts":"set","ast-page-background-enabled":"default","ast-page-background-meta":{"desktop":{"background-color":"var(--ast-global-color-4)","background-image":"","background-repeat":"repeat","background-position":"center center","background-size":"auto","background-attachment":"scroll","background-type":"","background-media":"","overlay-type":"","overlay-color":"","overlay-opacity":"","overlay-gradient":""},"tablet":{"background-color":"","background-image":"","background-repeat":"repeat","background-position":"center center","background-size":"auto","background-attachment":"scroll","background-type":"","background-media":"","overlay-type":"","overlay-color":"","overlay-opacity":"","overlay-gradient":""},"mobile":{"background-color":"","background-image":"","background-repeat":"repeat","background-position":"center center","background-size":"auto","background-attachment":"scroll","background-type":"","background-media":"","overlay-type":"","overlay-color":"","overlay-opacity":"","overlay-gradient":""}},"ast-content-background-meta":{"desktop":{"background-color":"var(--ast-global-color-5)","background-image":"","background-repeat":"repeat","background-position":"center center","background-size":"auto","background-attachment":"scroll","background-type":"","background-media":"","overlay-type":"","overlay-color":"","overlay-opacity":"","overlay-gradient":""},"tablet":{"background-color":"var(--ast-global-color-5)","background-image":"","background-repeat":"repeat","background-position":"center center","background-size":"auto","background-attachment":"scroll","background-type":"","background-media":"","overlay-type":"","overlay-color":"","overlay-opacity":"","overlay-gradient":""},"mobile":{"background-color":"var(--ast-global-color-5)","background-image":"","background-repeat":"repeat","background-position":"center center","background-size":"auto","background-attachment":"scroll","background-type":"","background-media":"","overlay-type":"","overlay-color":"","overlay-opacity":"","overlay-gradient":""}}},"product_brand":[],"product_cat":[49,51],"product_tag":[],"class_list":{"0":"post-3071","1":"product","2":"type-product","3":"status-publish","4":"has-post-thumbnail","6":"product_cat-tiefkuehlung","7":"product_cat-weitere-tk-gerichte-kompenenten","8":"desktop-align-left","9":"tablet-align-left","10":"mobile-align-left","12":"first","13":"instock","14":"taxable","15":"shipping-taxable","16":"purchasable","17":"product-type-simple"},"acf":[],"yoast_head":"<!-- This site is optimized with the Yoast SEO plugin v24.5 - https:\/\/yoast.com\/wordpress\/plugins\/seo\/ -->\n<title>Frosta Bratkartoffel H\u00e4hnchenpfanne 500g - BringFlix<\/title>\n<meta name=\"robots\" content=\"index, follow, max-snippet:-1, max-image-preview:large, max-video-preview:-1\" \/>\n<link rel=\"canonical\" href=\"https:\/\/bringflix.shop\/en\/Produkte\/frosta-bratkartoffel-haehnchenpfanne-500g\/\" \/>\n<meta property=\"og:locale\" content=\"en_US\" \/>\n<meta property=\"og:type\" content=\"article\" \/>\n<meta property=\"og:title\" content=\"Frosta Bratkartoffel H\u00e4hnchenpfanne 500g - BringFlix\" \/>\n<meta property=\"og:description\" content=\"Zutaten: frittierte Kartoffeln (36%) (Kartoffeln, Sonnenblumen\u00f6l, Dextrose), marinierte, gegarte H\u00e4hnchenbrust (13%) (H\u00e4hnchenbrust (f\u00fcr AT: H\u00fchnerbrust), Salz, Soja\u00f6l, Dextrose), gelbe Paprika, Brokkoli, Zwiebeln, rote Paprika, Wasser, Sonnenblumen\u00f6l, Salz, BUTTER, Knoblauch, Muskatnuss, schwarzer Pfeffer. Allergene: Wir verarbeiten bei uns noch viele weitere Produkte. Daher k\u00f6nnte dieses Gericht Spuren von Gerste, Roggen, Hafer, Krebstieren, Eiern, Fisch, Milch, Sellerie, Senf und Weichtieren enthalten. Allergenhinweise: Enth\u00e4lt: Milchzucker (Laktose). Milch und Milcherzeugnisse (einschlie\u00dflich Lactose). Wir verarbeiten bei uns noch viele weitere Produkte. Daher k\u00f6nnte dieses Gericht Spuren von Weizen, Gerste, Roggen, Hafer, Krebstieren, Eiern, Fisch, Soja, Sellerie, Senf und Weichtieren enthalten. N\u00e4hrwerte (je 100 g):    Energie 401 kJ\/96 kcal   Fett 3,5 g   - davon ges\u00e4ttigte Fetts\u00e4uren 1,2 g   Kohlenhydrate 10,2 g   - davon Zucker 2,1 g   Ballaststoffe 2 g   Eiwei\u00df 4,8 g   Salz 0,74 g    &nbsp;  &nbsp;\" \/>\n<meta property=\"og:url\" content=\"https:\/\/bringflix.shop\/en\/Produkte\/frosta-bratkartoffel-haehnchenpfanne-500g\/\" \/>\n<meta property=\"og:site_name\" content=\"BringFlix\" \/>\n<meta property=\"article:modified_time\" content=\"2026-04-10T12:30:52+00:00\" \/>\n<meta property=\"og:image\" content=\"https:\/\/bringflix.shop\/wp-content\/uploads\/2024\/12\/222_copy_600x600-1.png\" \/>\n\t<meta property=\"og:image:width\" content=\"600\" \/>\n\t<meta property=\"og:image:height\" content=\"600\" \/>\n\t<meta property=\"og:image:type\" content=\"image\/png\" \/>\n<meta name=\"twitter:card\" content=\"summary_large_image\" \/>\n<meta name=\"twitter:label1\" content=\"Est. reading time\" \/>\n\t<meta name=\"twitter:data1\" content=\"1 minute\" \/>\n<script type=\"application\/ld+json\" class=\"yoast-schema-graph\">{\"@context\":\"https:\/\/schema.org\",\"@graph\":[{\"@type\":\"WebPage\",\"@id\":\"https:\/\/bringflix.shop\/Produkte\/frosta-bratkartoffel-haehnchenpfanne-500g\/\",\"url\":\"https:\/\/bringflix.shop\/Produkte\/frosta-bratkartoffel-haehnchenpfanne-500g\/\",\"name\":\"Frosta Bratkartoffel H\u00e4hnchenpfanne 500g - BringFlix\",\"isPartOf\":{\"@id\":\"https:\/\/bringflix.shop\/#website\"},\"primaryImageOfPage\":{\"@id\":\"https:\/\/bringflix.shop\/Produkte\/frosta-bratkartoffel-haehnchenpfanne-500g\/#primaryimage\"},\"image\":{\"@id\":\"https:\/\/bringflix.shop\/Produkte\/frosta-bratkartoffel-haehnchenpfanne-500g\/#primaryimage\"},\"thumbnailUrl\":\"https:\/\/bringflix.shop\/wp-content\/uploads\/2024\/12\/222_copy_600x600-1.png\",\"datePublished\":\"2024-12-23T15:41:23+00:00\",\"dateModified\":\"2026-04-10T12:30:52+00:00\",\"breadcrumb\":{\"@id\":\"https:\/\/bringflix.shop\/Produkte\/frosta-bratkartoffel-haehnchenpfanne-500g\/#breadcrumb\"},\"inLanguage\":\"en-US\",\"potentialAction\":[{\"@type\":\"ReadAction\",\"target\":[\"https:\/\/bringflix.shop\/Produkte\/frosta-bratkartoffel-haehnchenpfanne-500g\/\"]}]},{\"@type\":\"ImageObject\",\"inLanguage\":\"en-US\",\"@id\":\"https:\/\/bringflix.shop\/Produkte\/frosta-bratkartoffel-haehnchenpfanne-500g\/#primaryimage\",\"url\":\"https:\/\/bringflix.shop\/wp-content\/uploads\/2024\/12\/222_copy_600x600-1.png\",\"contentUrl\":\"https:\/\/bringflix.shop\/wp-content\/uploads\/2024\/12\/222_copy_600x600-1.png\",\"width\":600,\"height\":600},{\"@type\":\"BreadcrumbList\",\"@id\":\"https:\/\/bringflix.shop\/Produkte\/frosta-bratkartoffel-haehnchenpfanne-500g\/#breadcrumb\",\"itemListElement\":[{\"@type\":\"ListItem\",\"position\":1,\"name\":\"Home\",\"item\":\"https:\/\/bringflix.shop\/\"},{\"@type\":\"ListItem\",\"position\":2,\"name\":\"Shop\",\"item\":\"https:\/\/bringflix.shop\/shop\/\"},{\"@type\":\"ListItem\",\"position\":3,\"name\":\"Frosta Bratkartoffel H\u00e4hnchenpfanne 500g\"}]},{\"@type\":\"WebSite\",\"@id\":\"https:\/\/bringflix.shop\/#website\",\"url\":\"https:\/\/bringflix.shop\/\",\"name\":\"BringFlix\",\"description\":\"\",\"publisher\":{\"@id\":\"https:\/\/bringflix.shop\/#organization\"},\"potentialAction\":[{\"@type\":\"SearchAction\",\"target\":{\"@type\":\"EntryPoint\",\"urlTemplate\":\"https:\/\/bringflix.shop\/?s={search_term_string}\"},\"query-input\":{\"@type\":\"PropertyValueSpecification\",\"valueRequired\":true,\"valueName\":\"search_term_string\"}}],\"inLanguage\":\"en-US\"},{\"@type\":\"Organization\",\"@id\":\"https:\/\/bringflix.shop\/#organization\",\"name\":\"BringFlix\",\"url\":\"https:\/\/bringflix.shop\/\",\"logo\":{\"@type\":\"ImageObject\",\"inLanguage\":\"en-US\",\"@id\":\"https:\/\/bringflix.shop\/#\/schema\/logo\/image\/\",\"url\":\"https:\/\/bringflix.shop\/wp-content\/uploads\/2024\/11\/logo-bring-flix.png\",\"contentUrl\":\"https:\/\/bringflix.shop\/wp-content\/uploads\/2024\/11\/logo-bring-flix.png\",\"width\":858,\"height\":316,\"caption\":\"BringFlix\"},\"image\":{\"@id\":\"https:\/\/bringflix.shop\/#\/schema\/logo\/image\/\"}}]}<\/script>\n<!-- \/ Yoast SEO plugin. -->","yoast_head_json":{"title":"Frosta Bratkartoffel H\u00e4hnchenpfanne 500g - BringFlix","robots":{"index":"index","follow":"follow","max-snippet":"max-snippet:-1","max-image-preview":"max-image-preview:large","max-video-preview":"max-video-preview:-1"},"canonical":"https:\/\/bringflix.shop\/en\/Produkte\/frosta-bratkartoffel-haehnchenpfanne-500g\/","og_locale":"en_US","og_type":"article","og_title":"Frosta Bratkartoffel H\u00e4hnchenpfanne 500g - BringFlix","og_description":"Zutaten: frittierte Kartoffeln (36%) (Kartoffeln, Sonnenblumen\u00f6l, Dextrose), marinierte, gegarte H\u00e4hnchenbrust (13%) (H\u00e4hnchenbrust (f\u00fcr AT: H\u00fchnerbrust), Salz, Soja\u00f6l, Dextrose), gelbe Paprika, Brokkoli, Zwiebeln, rote Paprika, Wasser, Sonnenblumen\u00f6l, Salz, BUTTER, Knoblauch, Muskatnuss, schwarzer Pfeffer. Allergene: Wir verarbeiten bei uns noch viele weitere Produkte. Daher k\u00f6nnte dieses Gericht Spuren von Gerste, Roggen, Hafer, Krebstieren, Eiern, Fisch, Milch, Sellerie, Senf und Weichtieren enthalten. Allergenhinweise: Enth\u00e4lt: Milchzucker (Laktose). Milch und Milcherzeugnisse (einschlie\u00dflich Lactose). Wir verarbeiten bei uns noch viele weitere Produkte. Daher k\u00f6nnte dieses Gericht Spuren von Weizen, Gerste, Roggen, Hafer, Krebstieren, Eiern, Fisch, Soja, Sellerie, Senf und Weichtieren enthalten. N\u00e4hrwerte (je 100 g):    Energie 401 kJ\/96 kcal   Fett 3,5 g   - davon ges\u00e4ttigte Fetts\u00e4uren 1,2 g   Kohlenhydrate 10,2 g   - davon Zucker 2,1 g   Ballaststoffe 2 g   Eiwei\u00df 4,8 g   Salz 0,74 g    &nbsp;  &nbsp;","og_url":"https:\/\/bringflix.shop\/en\/Produkte\/frosta-bratkartoffel-haehnchenpfanne-500g\/","og_site_name":"BringFlix","article_modified_time":"2026-04-10T12:30:52+00:00","og_image":[{"width":600,"height":600,"url":"https:\/\/bringflix.shop\/wp-content\/uploads\/2024\/12\/222_copy_600x600-1.png","type":"image\/png"}],"twitter_card":"summary_large_image","twitter_misc":{"Est. reading time":"1 minute"},"schema":{"@context":"https:\/\/schema.org","@graph":[{"@type":"WebPage","@id":"https:\/\/bringflix.shop\/Produkte\/frosta-bratkartoffel-haehnchenpfanne-500g\/","url":"https:\/\/bringflix.shop\/Produkte\/frosta-bratkartoffel-haehnchenpfanne-500g\/","name":"Frosta Bratkartoffel H\u00e4hnchenpfanne 500g - BringFlix","isPartOf":{"@id":"https:\/\/bringflix.shop\/#website"},"primaryImageOfPage":{"@id":"https:\/\/bringflix.shop\/Produkte\/frosta-bratkartoffel-haehnchenpfanne-500g\/#primaryimage"},"image":{"@id":"https:\/\/bringflix.shop\/Produkte\/frosta-bratkartoffel-haehnchenpfanne-500g\/#primaryimage"},"thumbnailUrl":"https:\/\/bringflix.shop\/wp-content\/uploads\/2024\/12\/222_copy_600x600-1.png","datePublished":"2024-12-23T15:41:23+00:00","dateModified":"2026-04-10T12:30:52+00:00","breadcrumb":{"@id":"https:\/\/bringflix.shop\/Produkte\/frosta-bratkartoffel-haehnchenpfanne-500g\/#breadcrumb"},"inLanguage":"en-US","potentialAction":[{"@type":"ReadAction","target":["https:\/\/bringflix.shop\/Produkte\/frosta-bratkartoffel-haehnchenpfanne-500g\/"]}]},{"@type":"ImageObject","inLanguage":"en-US","@id":"https:\/\/bringflix.shop\/Produkte\/frosta-bratkartoffel-haehnchenpfanne-500g\/#primaryimage","url":"https:\/\/bringflix.shop\/wp-content\/uploads\/2024\/12\/222_copy_600x600-1.png","contentUrl":"https:\/\/bringflix.shop\/wp-content\/uploads\/2024\/12\/222_copy_600x600-1.png","width":600,"height":600},{"@type":"BreadcrumbList","@id":"https:\/\/bringflix.shop\/Produkte\/frosta-bratkartoffel-haehnchenpfanne-500g\/#breadcrumb","itemListElement":[{"@type":"ListItem","position":1,"name":"Home","item":"https:\/\/bringflix.shop\/"},{"@type":"ListItem","position":2,"name":"Shop","item":"https:\/\/bringflix.shop\/shop\/"},{"@type":"ListItem","position":3,"name":"Frosta Bratkartoffel H\u00e4hnchenpfanne 500g"}]},{"@type":"WebSite","@id":"https:\/\/bringflix.shop\/#website","url":"https:\/\/bringflix.shop\/","name":"BringFlix","description":"","publisher":{"@id":"https:\/\/bringflix.shop\/#organization"},"potentialAction":[{"@type":"SearchAction","target":{"@type":"EntryPoint","urlTemplate":"https:\/\/bringflix.shop\/?s={search_term_string}"},"query-input":{"@type":"PropertyValueSpecification","valueRequired":true,"valueName":"search_term_string"}}],"inLanguage":"en-US"},{"@type":"Organization","@id":"https:\/\/bringflix.shop\/#organization","name":"BringFlix","url":"https:\/\/bringflix.shop\/","logo":{"@type":"ImageObject","inLanguage":"en-US","@id":"https:\/\/bringflix.shop\/#\/schema\/logo\/image\/","url":"https:\/\/bringflix.shop\/wp-content\/uploads\/2024\/11\/logo-bring-flix.png","contentUrl":"https:\/\/bringflix.shop\/wp-content\/uploads\/2024\/11\/logo-bring-flix.png","width":858,"height":316,"caption":"BringFlix"},"image":{"@id":"https:\/\/bringflix.shop\/#\/schema\/logo\/image\/"}}]}},"jetpack_sharing_enabled":true,"_links":{"self":[{"href":"https:\/\/bringflix.shop\/en\/wp-json\/wp\/v2\/product\/3071","targetHints":{"allow":["GET"]}}],"collection":[{"href":"https:\/\/bringflix.shop\/en\/wp-json\/wp\/v2\/product"}],"about":[{"href":"https:\/\/bringflix.shop\/en\/wp-json\/wp\/v2\/types\/product"}],"replies":[{"embeddable":true,"href":"https:\/\/bringflix.shop\/en\/wp-json\/wp\/v2\/comments?post=3071"}],"wp:featuredmedia":[{"embeddable":true,"href":"https:\/\/bringflix.shop\/en\/wp-json\/wp\/v2\/media\/3072"}],"wp:attachment":[{"href":"https:\/\/bringflix.shop\/en\/wp-json\/wp\/v2\/media?parent=3071"}],"wp:term":[{"taxonomy":"product_brand","embeddable":true,"href":"https:\/\/bringflix.shop\/en\/wp-json\/wp\/v2\/product_brand?post=3071"},{"taxonomy":"product_cat","embeddable":true,"href":"https:\/\/bringflix.shop\/en\/wp-json\/wp\/v2\/product_cat?post=3071"},{"taxonomy":"product_tag","embeddable":true,"href":"https:\/\/bringflix.shop\/en\/wp-json\/wp\/v2\/product_tag?post=3071"}],"curies":[{"name":"wp","href":"https:\/\/api.w.org\/{rel}","templated":true}]}}