{"id":3033,"date":"2024-12-22T16:37:26","date_gmt":"2024-12-22T15:37:26","guid":{"rendered":"https:\/\/bringflix.shop\/?post_type=product&#038;p=3033"},"modified":"2026-03-23T20:53:01","modified_gmt":"2026-03-23T19:53:01","slug":"original-wagner-big-city-pizza-boston-430g","status":"publish","type":"product","link":"https:\/\/bringflix.shop\/en\/Produkte\/original-wagner-big-city-pizza-boston-430g\/","title":{"rendered":"Big City Pizza Spinach Cheese Boston 435 g"},"content":{"rendered":"<h3>Bezeichnung:<\/h3>\n<p>Pizza belegt mit Spinat, K\u00e4se und Frischk\u00e4se-Cr\u00e8me, tiefgefroren.<\/p>\n<h3>Herkunft:<\/h3>\n<p>Deutschland<\/p>\n<h3>Konservierung und Lagerung:<\/h3>\n<p>Bei -18\u00b0C (***Fach oder Tiefk\u00fchltruhe) mindestens haltbar bis Ende: siehe Seitenlasche.<br \/>\nInformation: Nach dem Auftauen nicht wieder einfrieren.<\/p>\n<h3>Hersteller-\/Inverkehrbringer:<\/h3>\n<p>Original Wagner Pizza GmbH, In den Schemeln 4, D-66620 Nonnweiler<\/p>\n<h3>Anwendungsempfehlung:<\/h3>\n<p>Verzehren Sie die Pizza nicht, ohne sie vorher durchzubacken. Verwenden Sie keine Mikrowelle oder andere Erhitzungsmethoden. Wenn Sie Ihre Pizza ohne Karton lagern, bewahren Sie diese Zubereitungsanweisung der Verpackung auf und befolgen Sie diese sorgf\u00e4ltig, um sicherzustellen, dass die Pizza durchgebacken ist. Zubereitungsanweisungen: Zubereitungsanweisung f\u00fcr herk\u00f6mmliche Back\u00f6fen: 1. Backofen auf 200 \u00b0C vollst\u00e4ndig vorheizen. 2. Pizza aus der Tiefk\u00fchlung nehmen und Folie entfernen. 3. Pizza auf den Rost, mittlere Schiene des Ofens, legen. Nicht mehr als 1 Pizza gleichzeitig aufbacken. 4. Pizza bei 200 \u00b0C Ober-\/Unterhitze mindestens 22 Minuten backen. Der K\u00e4se sollte geschmolzen und die R\u00e4nder goldbraun sein. Die Zugabe von zus\u00e4tzlichen Bel\u00e4gen kann eine Anpassung der Backzeit erfordern. 5. Pizza vor dem Verzehr mindestens 1 Minute abk\u00fchlen lassen. Guten Appetit!<\/p>","protected":false},"excerpt":{"rendered":"<h3>Zutaten:<\/h3>\n<p>WEIZENMEHL, Spinat (14%), VOLLMILCH, Wasser, K\u00c4SE (9%) (schnittfester MOZZARELLA, EDAMER), FRISCHK\u00c4SE DOPPELRAHMSTUFE (8%), Raps\u00f6l, Zwiebeln (1%), Salz, St\u00e4rke, Hefe, WEIZENGLUTEN, WEIZENSAUERTEIG getrocknet, WEIZENQUELLST\u00c4RKE, WEIZENQUELLMEHL, Gew\u00fcrze, Knoblauch, Dextrose. Kann enthalten: EI, FISCH, LUPINE, SELLERIE, SENF und SOJA.<\/p>\n<h3>Allergene:<\/h3>\n<p>Weizenmehl, Vollmilch, K\u00e4se (Mozzarella, Edamer), Frischk\u00e4se Doppelrahmstufe, Weizengluten, Weizensauerteig, Weizenquellst\u00e4rke, Weizenquellmehl<\/p>\n<h3>N\u00e4hrwerte (je 100 g):<\/h3>\n<table>\n<tbody>\n<tr>\n<td width=\"284\">Energie<\/td>\n<td width=\"283\">972 kJ\/232 kcal<\/td>\n<\/tr>\n<tr>\n<td width=\"284\">Fett<\/td>\n<td width=\"283\">9,4 g<\/td>\n<\/tr>\n<tr>\n<td width=\"284\">&#8211; davon ges\u00e4ttigte Fetts\u00e4uren<\/td>\n<td width=\"283\">3,4 g<\/td>\n<\/tr>\n<tr>\n<td width=\"284\">Kohlenhydrate<\/td>\n<td width=\"283\">27,6 g<\/td>\n<\/tr>\n<tr>\n<td width=\"284\">&#8211; davon Zucker<\/td>\n<td width=\"283\">2,6 g<\/td>\n<\/tr>\n<tr>\n<td width=\"284\">Ballaststoffe<\/td>\n<td width=\"283\">1,9 g<\/td>\n<\/tr>\n<tr>\n<td width=\"284\">Eiwei\u00df<\/td>\n<td width=\"283\">8,2 g<\/td>\n<\/tr>\n<tr>\n<td width=\"284\">Salz<\/td>\n<td width=\"283\">1,1 g<\/p>\n<p>&nbsp;<\/td>\n<\/tr>\n<\/tbody>\n<\/table>\n<p>&nbsp;<\/p>\n<p>&nbsp;<\/p>","protected":false},"featured_media":3035,"comment_status":"open","ping_status":"closed","template":"","meta":{"_acf_changed":false,"inline_featured_image":false,"site-sidebar-layout":"default","site-content-layout":"","ast-site-content-layout":"default","site-content-style":"default","site-sidebar-style":"default","ast-global-header-display":"","ast-banner-title-visibility":"","ast-main-header-display":"","ast-hfb-above-header-display":"","ast-hfb-below-header-display":"","ast-hfb-mobile-header-display":"","site-post-title":"","ast-breadcrumbs-content":"","ast-featured-img":"","footer-sml-layout":"","theme-transparent-header-meta":"default","adv-header-id-meta":"","stick-header-meta":"","header-above-stick-meta":"","header-main-stick-meta":"","header-below-stick-meta":"","astra-migrate-meta-layouts":"set","ast-page-background-enabled":"default","ast-page-background-meta":{"desktop":{"background-color":"var(--ast-global-color-4)","background-image":"","background-repeat":"repeat","background-position":"center center","background-size":"auto","background-attachment":"scroll","background-type":"","background-media":"","overlay-type":"","overlay-color":"","overlay-opacity":"","overlay-gradient":""},"tablet":{"background-color":"","background-image":"","background-repeat":"repeat","background-position":"center center","background-size":"auto","background-attachment":"scroll","background-type":"","background-media":"","overlay-type":"","overlay-color":"","overlay-opacity":"","overlay-gradient":""},"mobile":{"background-color":"","background-image":"","background-repeat":"repeat","background-position":"center center","background-size":"auto","background-attachment":"scroll","background-type":"","background-media":"","overlay-type":"","overlay-color":"","overlay-opacity":"","overlay-gradient":""}},"ast-content-background-meta":{"desktop":{"background-color":"var(--ast-global-color-5)","background-image":"","background-repeat":"repeat","background-position":"center center","background-size":"auto","background-attachment":"scroll","background-type":"","background-media":"","overlay-type":"","overlay-color":"","overlay-opacity":"","overlay-gradient":""},"tablet":{"background-color":"var(--ast-global-color-5)","background-image":"","background-repeat":"repeat","background-position":"center center","background-size":"auto","background-attachment":"scroll","background-type":"","background-media":"","overlay-type":"","overlay-color":"","overlay-opacity":"","overlay-gradient":""},"mobile":{"background-color":"var(--ast-global-color-5)","background-image":"","background-repeat":"repeat","background-position":"center center","background-size":"auto","background-attachment":"scroll","background-type":"","background-media":"","overlay-type":"","overlay-color":"","overlay-opacity":"","overlay-gradient":""}}},"product_brand":[],"product_cat":[50,49],"product_tag":[],"class_list":{"0":"post-3033","1":"product","2":"type-product","3":"status-publish","4":"has-post-thumbnail","6":"product_cat-pizza","7":"product_cat-tiefkuehlung","8":"desktop-align-left","9":"tablet-align-left","10":"mobile-align-left","12":"first","13":"instock","14":"taxable","15":"shipping-taxable","16":"purchasable","17":"product-type-simple"},"acf":[],"yoast_head":"<!-- This site is optimized with the Yoast SEO plugin v24.5 - https:\/\/yoast.com\/wordpress\/plugins\/seo\/ -->\n<title>Big City Pizza Spinach Cheese Boston 435 g - BringFlix<\/title>\n<meta name=\"robots\" content=\"index, follow, max-snippet:-1, max-image-preview:large, max-video-preview:-1\" \/>\n<link rel=\"canonical\" href=\"https:\/\/bringflix.shop\/en\/Produkte\/original-wagner-big-city-pizza-boston-430g\/\" \/>\n<meta property=\"og:locale\" content=\"en_US\" \/>\n<meta property=\"og:type\" content=\"article\" \/>\n<meta property=\"og:title\" content=\"Big City Pizza Spinach Cheese Boston 435 g - BringFlix\" \/>\n<meta property=\"og:description\" content=\"Zutaten: WEIZENMEHL, Spinat (14%), VOLLMILCH, Wasser, K\u00c4SE (9%) (schnittfester MOZZARELLA, EDAMER), FRISCHK\u00c4SE DOPPELRAHMSTUFE (8%), Raps\u00f6l, Zwiebeln (1%), Salz, St\u00e4rke, Hefe, WEIZENGLUTEN, WEIZENSAUERTEIG getrocknet, WEIZENQUELLST\u00c4RKE, WEIZENQUELLMEHL, Gew\u00fcrze, Knoblauch, Dextrose. Kann enthalten: EI, FISCH, LUPINE, SELLERIE, SENF und SOJA. Allergene: Weizenmehl, Vollmilch, K\u00e4se (Mozzarella, Edamer), Frischk\u00e4se Doppelrahmstufe, Weizengluten, Weizensauerteig, Weizenquellst\u00e4rke, Weizenquellmehl N\u00e4hrwerte (je 100 g):    Energie 972 kJ\/232 kcal   Fett 9,4 g   - davon ges\u00e4ttigte Fetts\u00e4uren 3,4 g   Kohlenhydrate 27,6 g   - davon Zucker 2,6 g   Ballaststoffe 1,9 g   Eiwei\u00df 8,2 g   Salz 1,1 g  &nbsp;    &nbsp;  &nbsp;\" \/>\n<meta property=\"og:url\" content=\"https:\/\/bringflix.shop\/en\/Produkte\/original-wagner-big-city-pizza-boston-430g\/\" \/>\n<meta property=\"og:site_name\" content=\"BringFlix\" \/>\n<meta property=\"article:modified_time\" content=\"2026-03-23T19:53:01+00:00\" \/>\n<meta property=\"og:image\" content=\"https:\/\/bringflix.shop\/wp-content\/uploads\/2024\/12\/212_copy_600x600-1.png\" \/>\n\t<meta property=\"og:image:width\" content=\"600\" \/>\n\t<meta property=\"og:image:height\" content=\"600\" \/>\n\t<meta property=\"og:image:type\" content=\"image\/png\" \/>\n<meta name=\"twitter:card\" content=\"summary_large_image\" \/>\n<meta name=\"twitter:label1\" content=\"Est. reading time\" \/>\n\t<meta name=\"twitter:data1\" content=\"1 minute\" \/>\n<script type=\"application\/ld+json\" class=\"yoast-schema-graph\">{\"@context\":\"https:\/\/schema.org\",\"@graph\":[{\"@type\":\"WebPage\",\"@id\":\"https:\/\/bringflix.shop\/Produkte\/original-wagner-big-city-pizza-boston-430g\/\",\"url\":\"https:\/\/bringflix.shop\/Produkte\/original-wagner-big-city-pizza-boston-430g\/\",\"name\":\"Big City Pizza Spinach Cheese Boston 435 g - BringFlix\",\"isPartOf\":{\"@id\":\"https:\/\/bringflix.shop\/#website\"},\"primaryImageOfPage\":{\"@id\":\"https:\/\/bringflix.shop\/Produkte\/original-wagner-big-city-pizza-boston-430g\/#primaryimage\"},\"image\":{\"@id\":\"https:\/\/bringflix.shop\/Produkte\/original-wagner-big-city-pizza-boston-430g\/#primaryimage\"},\"thumbnailUrl\":\"https:\/\/bringflix.shop\/wp-content\/uploads\/2024\/12\/212_copy_600x600-1.png\",\"datePublished\":\"2024-12-22T15:37:26+00:00\",\"dateModified\":\"2026-03-23T19:53:01+00:00\",\"breadcrumb\":{\"@id\":\"https:\/\/bringflix.shop\/Produkte\/original-wagner-big-city-pizza-boston-430g\/#breadcrumb\"},\"inLanguage\":\"en-US\",\"potentialAction\":[{\"@type\":\"ReadAction\",\"target\":[\"https:\/\/bringflix.shop\/Produkte\/original-wagner-big-city-pizza-boston-430g\/\"]}]},{\"@type\":\"ImageObject\",\"inLanguage\":\"en-US\",\"@id\":\"https:\/\/bringflix.shop\/Produkte\/original-wagner-big-city-pizza-boston-430g\/#primaryimage\",\"url\":\"https:\/\/bringflix.shop\/wp-content\/uploads\/2024\/12\/212_copy_600x600-1.png\",\"contentUrl\":\"https:\/\/bringflix.shop\/wp-content\/uploads\/2024\/12\/212_copy_600x600-1.png\",\"width\":600,\"height\":600},{\"@type\":\"BreadcrumbList\",\"@id\":\"https:\/\/bringflix.shop\/Produkte\/original-wagner-big-city-pizza-boston-430g\/#breadcrumb\",\"itemListElement\":[{\"@type\":\"ListItem\",\"position\":1,\"name\":\"Home\",\"item\":\"https:\/\/bringflix.shop\/\"},{\"@type\":\"ListItem\",\"position\":2,\"name\":\"Shop\",\"item\":\"https:\/\/bringflix.shop\/shop\/\"},{\"@type\":\"ListItem\",\"position\":3,\"name\":\"Big City Pizza Spinach Cheese Boston 435 g\"}]},{\"@type\":\"WebSite\",\"@id\":\"https:\/\/bringflix.shop\/#website\",\"url\":\"https:\/\/bringflix.shop\/\",\"name\":\"BringFlix\",\"description\":\"\",\"publisher\":{\"@id\":\"https:\/\/bringflix.shop\/#organization\"},\"potentialAction\":[{\"@type\":\"SearchAction\",\"target\":{\"@type\":\"EntryPoint\",\"urlTemplate\":\"https:\/\/bringflix.shop\/?s={search_term_string}\"},\"query-input\":{\"@type\":\"PropertyValueSpecification\",\"valueRequired\":true,\"valueName\":\"search_term_string\"}}],\"inLanguage\":\"en-US\"},{\"@type\":\"Organization\",\"@id\":\"https:\/\/bringflix.shop\/#organization\",\"name\":\"BringFlix\",\"url\":\"https:\/\/bringflix.shop\/\",\"logo\":{\"@type\":\"ImageObject\",\"inLanguage\":\"en-US\",\"@id\":\"https:\/\/bringflix.shop\/#\/schema\/logo\/image\/\",\"url\":\"https:\/\/bringflix.shop\/wp-content\/uploads\/2024\/11\/logo-bring-flix.png\",\"contentUrl\":\"https:\/\/bringflix.shop\/wp-content\/uploads\/2024\/11\/logo-bring-flix.png\",\"width\":858,\"height\":316,\"caption\":\"BringFlix\"},\"image\":{\"@id\":\"https:\/\/bringflix.shop\/#\/schema\/logo\/image\/\"}}]}<\/script>\n<!-- \/ Yoast SEO plugin. -->","yoast_head_json":{"title":"Big City Pizza Spinach Cheese Boston 435 g - BringFlix","robots":{"index":"index","follow":"follow","max-snippet":"max-snippet:-1","max-image-preview":"max-image-preview:large","max-video-preview":"max-video-preview:-1"},"canonical":"https:\/\/bringflix.shop\/en\/Produkte\/original-wagner-big-city-pizza-boston-430g\/","og_locale":"en_US","og_type":"article","og_title":"Big City Pizza Spinach Cheese Boston 435 g - BringFlix","og_description":"Zutaten: WEIZENMEHL, Spinat (14%), VOLLMILCH, Wasser, K\u00c4SE (9%) (schnittfester MOZZARELLA, EDAMER), FRISCHK\u00c4SE DOPPELRAHMSTUFE (8%), Raps\u00f6l, Zwiebeln (1%), Salz, St\u00e4rke, Hefe, WEIZENGLUTEN, WEIZENSAUERTEIG getrocknet, WEIZENQUELLST\u00c4RKE, WEIZENQUELLMEHL, Gew\u00fcrze, Knoblauch, Dextrose. Kann enthalten: EI, FISCH, LUPINE, SELLERIE, SENF und SOJA. Allergene: Weizenmehl, Vollmilch, K\u00e4se (Mozzarella, Edamer), Frischk\u00e4se Doppelrahmstufe, Weizengluten, Weizensauerteig, Weizenquellst\u00e4rke, Weizenquellmehl N\u00e4hrwerte (je 100 g):    Energie 972 kJ\/232 kcal   Fett 9,4 g   - davon ges\u00e4ttigte Fetts\u00e4uren 3,4 g   Kohlenhydrate 27,6 g   - davon Zucker 2,6 g   Ballaststoffe 1,9 g   Eiwei\u00df 8,2 g   Salz 1,1 g  &nbsp;    &nbsp;  &nbsp;","og_url":"https:\/\/bringflix.shop\/en\/Produkte\/original-wagner-big-city-pizza-boston-430g\/","og_site_name":"BringFlix","article_modified_time":"2026-03-23T19:53:01+00:00","og_image":[{"width":600,"height":600,"url":"https:\/\/bringflix.shop\/wp-content\/uploads\/2024\/12\/212_copy_600x600-1.png","type":"image\/png"}],"twitter_card":"summary_large_image","twitter_misc":{"Est. reading time":"1 minute"},"schema":{"@context":"https:\/\/schema.org","@graph":[{"@type":"WebPage","@id":"https:\/\/bringflix.shop\/Produkte\/original-wagner-big-city-pizza-boston-430g\/","url":"https:\/\/bringflix.shop\/Produkte\/original-wagner-big-city-pizza-boston-430g\/","name":"Big City Pizza Spinach Cheese Boston 435 g - BringFlix","isPartOf":{"@id":"https:\/\/bringflix.shop\/#website"},"primaryImageOfPage":{"@id":"https:\/\/bringflix.shop\/Produkte\/original-wagner-big-city-pizza-boston-430g\/#primaryimage"},"image":{"@id":"https:\/\/bringflix.shop\/Produkte\/original-wagner-big-city-pizza-boston-430g\/#primaryimage"},"thumbnailUrl":"https:\/\/bringflix.shop\/wp-content\/uploads\/2024\/12\/212_copy_600x600-1.png","datePublished":"2024-12-22T15:37:26+00:00","dateModified":"2026-03-23T19:53:01+00:00","breadcrumb":{"@id":"https:\/\/bringflix.shop\/Produkte\/original-wagner-big-city-pizza-boston-430g\/#breadcrumb"},"inLanguage":"en-US","potentialAction":[{"@type":"ReadAction","target":["https:\/\/bringflix.shop\/Produkte\/original-wagner-big-city-pizza-boston-430g\/"]}]},{"@type":"ImageObject","inLanguage":"en-US","@id":"https:\/\/bringflix.shop\/Produkte\/original-wagner-big-city-pizza-boston-430g\/#primaryimage","url":"https:\/\/bringflix.shop\/wp-content\/uploads\/2024\/12\/212_copy_600x600-1.png","contentUrl":"https:\/\/bringflix.shop\/wp-content\/uploads\/2024\/12\/212_copy_600x600-1.png","width":600,"height":600},{"@type":"BreadcrumbList","@id":"https:\/\/bringflix.shop\/Produkte\/original-wagner-big-city-pizza-boston-430g\/#breadcrumb","itemListElement":[{"@type":"ListItem","position":1,"name":"Home","item":"https:\/\/bringflix.shop\/"},{"@type":"ListItem","position":2,"name":"Shop","item":"https:\/\/bringflix.shop\/shop\/"},{"@type":"ListItem","position":3,"name":"Big City Pizza Spinach Cheese Boston 435 g"}]},{"@type":"WebSite","@id":"https:\/\/bringflix.shop\/#website","url":"https:\/\/bringflix.shop\/","name":"BringFlix","description":"","publisher":{"@id":"https:\/\/bringflix.shop\/#organization"},"potentialAction":[{"@type":"SearchAction","target":{"@type":"EntryPoint","urlTemplate":"https:\/\/bringflix.shop\/?s={search_term_string}"},"query-input":{"@type":"PropertyValueSpecification","valueRequired":true,"valueName":"search_term_string"}}],"inLanguage":"en-US"},{"@type":"Organization","@id":"https:\/\/bringflix.shop\/#organization","name":"BringFlix","url":"https:\/\/bringflix.shop\/","logo":{"@type":"ImageObject","inLanguage":"en-US","@id":"https:\/\/bringflix.shop\/#\/schema\/logo\/image\/","url":"https:\/\/bringflix.shop\/wp-content\/uploads\/2024\/11\/logo-bring-flix.png","contentUrl":"https:\/\/bringflix.shop\/wp-content\/uploads\/2024\/11\/logo-bring-flix.png","width":858,"height":316,"caption":"BringFlix"},"image":{"@id":"https:\/\/bringflix.shop\/#\/schema\/logo\/image\/"}}]}},"jetpack_sharing_enabled":true,"_links":{"self":[{"href":"https:\/\/bringflix.shop\/en\/wp-json\/wp\/v2\/product\/3033","targetHints":{"allow":["GET"]}}],"collection":[{"href":"https:\/\/bringflix.shop\/en\/wp-json\/wp\/v2\/product"}],"about":[{"href":"https:\/\/bringflix.shop\/en\/wp-json\/wp\/v2\/types\/product"}],"replies":[{"embeddable":true,"href":"https:\/\/bringflix.shop\/en\/wp-json\/wp\/v2\/comments?post=3033"}],"wp:featuredmedia":[{"embeddable":true,"href":"https:\/\/bringflix.shop\/en\/wp-json\/wp\/v2\/media\/3035"}],"wp:attachment":[{"href":"https:\/\/bringflix.shop\/en\/wp-json\/wp\/v2\/media?parent=3033"}],"wp:term":[{"taxonomy":"product_brand","embeddable":true,"href":"https:\/\/bringflix.shop\/en\/wp-json\/wp\/v2\/product_brand?post=3033"},{"taxonomy":"product_cat","embeddable":true,"href":"https:\/\/bringflix.shop\/en\/wp-json\/wp\/v2\/product_cat?post=3033"},{"taxonomy":"product_tag","embeddable":true,"href":"https:\/\/bringflix.shop\/en\/wp-json\/wp\/v2\/product_tag?post=3033"}],"curies":[{"name":"wp","href":"https:\/\/api.w.org\/{rel}","templated":true}]}}