{"id":2227,"date":"2024-12-05T12:41:55","date_gmt":"2024-12-05T12:41:55","guid":{"rendered":"https:\/\/bringflix.shop\/?post_type=product&#038;p=2227"},"modified":"2026-04-27T23:56:44","modified_gmt":"2026-04-27T21:56:44","slug":"haribo-lakritz-schnecken-175g-2","status":"publish","type":"product","link":"https:\/\/bringflix.shop\/en\/Produkte\/haribo-lakritz-schnecken-175g-2\/","title":{"rendered":"Haribo Lakritz Schnecken 175g"},"content":{"rendered":"<h3>Bezeichnung:<\/h3>\n<p>Lakritz<\/p>\n<h3>Herkunft:<\/h3>\n<p>Deutschland<\/p>\n<h3>Konservierung und Lagerung:<\/h3>\n<p>Vor W\u00e4rme und Feuchtigkeit sch\u00fctzen.<\/p>\n<h3>Hersteller-\/ Inverkehrbringer:<\/h3>\n<p>Haribo GmbH &amp; Co. KG, D- 53105 Bonn<\/p>","protected":false},"excerpt":{"rendered":"<h3>Zutaten:<\/h3>\n<p>Glukosesirup; Zucker; St\u00e4rke; brauner Zuckersirup; S\u00fc\u00dfholzextrakt (3 %); Aroma; Kochsalz; Sonnenblumen\u00f6l; S\u00e4uerungsmittel: Citronens\u00e4ure; \u00dcberzugsmittel: Bienenwachs wei\u00df und gelb.<\/p>\n<h3>Allergene:<\/h3>\n<p>Glutenhaltiges Getreide und glutenhaltige Getreideerzeugnisse. Weizen und Weizenerzeugnisse (glutenhaltiges Getreide). Milch und Milcherzeugnisse (einschlie\u00dflich Lactose). Kann Spuren von MILCH, WEIZEN enthalten.<\/p>\n<h3>N\u00e4hrwerte (je 100 g):<\/h3>\n<table width=\"100%\">\n<tbody>\n<tr>\n<td width=\"284\">Energie<\/td>\n<td width=\"283\">1.414 k\/333 kcal<\/td>\n<\/tr>\n<tr>\n<td width=\"284\">Fett<\/td>\n<td width=\"283\">&lt; 0,5 g<\/td>\n<\/tr>\n<tr>\n<td width=\"284\">&#8211; davon ges\u00e4ttigte Fetts\u00e4uren<\/td>\n<td width=\"283\">0,1 g<\/td>\n<\/tr>\n<tr>\n<td width=\"284\">Kohlenhydrate<\/td>\n<td width=\"283\">83 g<\/td>\n<\/tr>\n<tr>\n<td width=\"284\">&#8211; davon Zucker<\/td>\n<td width=\"283\">48 g<\/td>\n<\/tr>\n<tr>\n<td width=\"284\">Eiwei\u00df<\/td>\n<td width=\"283\">&lt; 0,5 g<\/td>\n<\/tr>\n<tr>\n<td width=\"284\">Salz<\/td>\n<td width=\"283\">1,3 g<\/td>\n<\/tr>\n<\/tbody>\n<\/table>","protected":false},"featured_media":2228,"comment_status":"open","ping_status":"closed","template":"","meta":{"_acf_changed":false,"inline_featured_image":false,"site-sidebar-layout":"default","site-content-layout":"","ast-site-content-layout":"default","site-content-style":"default","site-sidebar-style":"default","ast-global-header-display":"","ast-banner-title-visibility":"","ast-main-header-display":"","ast-hfb-above-header-display":"","ast-hfb-below-header-display":"","ast-hfb-mobile-header-display":"","site-post-title":"","ast-breadcrumbs-content":"","ast-featured-img":"","footer-sml-layout":"","theme-transparent-header-meta":"default","adv-header-id-meta":"","stick-header-meta":"","header-above-stick-meta":"","header-main-stick-meta":"","header-below-stick-meta":"","astra-migrate-meta-layouts":"set","ast-page-background-enabled":"default","ast-page-background-meta":{"desktop":{"background-color":"var(--ast-global-color-4)","background-image":"","background-repeat":"repeat","background-position":"center center","background-size":"auto","background-attachment":"scroll","background-type":"","background-media":"","overlay-type":"","overlay-color":"","overlay-opacity":"","overlay-gradient":""},"tablet":{"background-color":"","background-image":"","background-repeat":"repeat","background-position":"center center","background-size":"auto","background-attachment":"scroll","background-type":"","background-media":"","overlay-type":"","overlay-color":"","overlay-opacity":"","overlay-gradient":""},"mobile":{"background-color":"","background-image":"","background-repeat":"repeat","background-position":"center center","background-size":"auto","background-attachment":"scroll","background-type":"","background-media":"","overlay-type":"","overlay-color":"","overlay-opacity":"","overlay-gradient":""}},"ast-content-background-meta":{"desktop":{"background-color":"var(--ast-global-color-5)","background-image":"","background-repeat":"repeat","background-position":"center center","background-size":"auto","background-attachment":"scroll","background-type":"","background-media":"","overlay-type":"","overlay-color":"","overlay-opacity":"","overlay-gradient":""},"tablet":{"background-color":"var(--ast-global-color-5)","background-image":"","background-repeat":"repeat","background-position":"center center","background-size":"auto","background-attachment":"scroll","background-type":"","background-media":"","overlay-type":"","overlay-color":"","overlay-opacity":"","overlay-gradient":""},"mobile":{"background-color":"var(--ast-global-color-5)","background-image":"","background-repeat":"repeat","background-position":"center center","background-size":"auto","background-attachment":"scroll","background-type":"","background-media":"","overlay-type":"","overlay-color":"","overlay-opacity":"","overlay-gradient":""}}},"product_brand":[],"product_cat":[42,39],"product_tag":[],"class_list":{"0":"post-2227","1":"product","2":"type-product","3":"status-publish","4":"has-post-thumbnail","6":"product_cat-fruchtgummi-lakritz","7":"product_cat-suesse-salzige-snacks","8":"desktop-align-left","9":"tablet-align-left","10":"mobile-align-left","12":"first","13":"instock","14":"taxable","15":"shipping-taxable","16":"purchasable","17":"product-type-simple"},"acf":[],"yoast_head":"<!-- This site is optimized with the Yoast SEO plugin v24.5 - https:\/\/yoast.com\/wordpress\/plugins\/seo\/ -->\n<title>Haribo Lakritz Schnecken 175g - BringFlix<\/title>\n<meta name=\"robots\" content=\"index, follow, max-snippet:-1, max-image-preview:large, max-video-preview:-1\" \/>\n<link rel=\"canonical\" href=\"https:\/\/bringflix.shop\/en\/Produkte\/haribo-lakritz-schnecken-175g-2\/\" \/>\n<meta property=\"og:locale\" content=\"en_US\" \/>\n<meta property=\"og:type\" content=\"article\" \/>\n<meta property=\"og:title\" content=\"Haribo Lakritz Schnecken 175g - BringFlix\" \/>\n<meta property=\"og:description\" content=\"Zutaten: Glukosesirup; Zucker; St\u00e4rke; brauner Zuckersirup; S\u00fc\u00dfholzextrakt (3 %); Aroma; Kochsalz; Sonnenblumen\u00f6l; S\u00e4uerungsmittel: Citronens\u00e4ure; \u00dcberzugsmittel: Bienenwachs wei\u00df und gelb. Allergene: Glutenhaltiges Getreide und glutenhaltige Getreideerzeugnisse. Weizen und Weizenerzeugnisse (glutenhaltiges Getreide). Milch und Milcherzeugnisse (einschlie\u00dflich Lactose). Kann Spuren von MILCH, WEIZEN enthalten. N\u00e4hrwerte (je 100 g):    Energie 1.414 k\/333 kcal   Fett &lt; 0,5 g   - davon ges\u00e4ttigte Fetts\u00e4uren 0,1 g   Kohlenhydrate 83 g   - davon Zucker 48 g   Eiwei\u00df &lt; 0,5 g   Salz 1,3 g\" \/>\n<meta property=\"og:url\" content=\"https:\/\/bringflix.shop\/en\/Produkte\/haribo-lakritz-schnecken-175g-2\/\" \/>\n<meta property=\"og:site_name\" content=\"BringFlix\" \/>\n<meta property=\"article:modified_time\" content=\"2026-04-27T21:56:44+00:00\" \/>\n<meta property=\"og:image\" content=\"https:\/\/bringflix.shop\/wp-content\/uploads\/2024\/12\/143_copy_600x600-1.png\" \/>\n\t<meta property=\"og:image:width\" content=\"600\" \/>\n\t<meta property=\"og:image:height\" content=\"600\" \/>\n\t<meta property=\"og:image:type\" content=\"image\/png\" \/>\n<meta name=\"twitter:card\" content=\"summary_large_image\" \/>\n<script type=\"application\/ld+json\" class=\"yoast-schema-graph\">{\"@context\":\"https:\/\/schema.org\",\"@graph\":[{\"@type\":\"WebPage\",\"@id\":\"https:\/\/bringflix.shop\/Produkte\/haribo-lakritz-schnecken-175g-2\/\",\"url\":\"https:\/\/bringflix.shop\/Produkte\/haribo-lakritz-schnecken-175g-2\/\",\"name\":\"Haribo Lakritz Schnecken 175g - BringFlix\",\"isPartOf\":{\"@id\":\"https:\/\/bringflix.shop\/#website\"},\"primaryImageOfPage\":{\"@id\":\"https:\/\/bringflix.shop\/Produkte\/haribo-lakritz-schnecken-175g-2\/#primaryimage\"},\"image\":{\"@id\":\"https:\/\/bringflix.shop\/Produkte\/haribo-lakritz-schnecken-175g-2\/#primaryimage\"},\"thumbnailUrl\":\"https:\/\/bringflix.shop\/wp-content\/uploads\/2024\/12\/143_copy_600x600-1.png\",\"datePublished\":\"2024-12-05T12:41:55+00:00\",\"dateModified\":\"2026-04-27T21:56:44+00:00\",\"breadcrumb\":{\"@id\":\"https:\/\/bringflix.shop\/Produkte\/haribo-lakritz-schnecken-175g-2\/#breadcrumb\"},\"inLanguage\":\"en-US\",\"potentialAction\":[{\"@type\":\"ReadAction\",\"target\":[\"https:\/\/bringflix.shop\/Produkte\/haribo-lakritz-schnecken-175g-2\/\"]}]},{\"@type\":\"ImageObject\",\"inLanguage\":\"en-US\",\"@id\":\"https:\/\/bringflix.shop\/Produkte\/haribo-lakritz-schnecken-175g-2\/#primaryimage\",\"url\":\"https:\/\/bringflix.shop\/wp-content\/uploads\/2024\/12\/143_copy_600x600-1.png\",\"contentUrl\":\"https:\/\/bringflix.shop\/wp-content\/uploads\/2024\/12\/143_copy_600x600-1.png\",\"width\":600,\"height\":600},{\"@type\":\"BreadcrumbList\",\"@id\":\"https:\/\/bringflix.shop\/Produkte\/haribo-lakritz-schnecken-175g-2\/#breadcrumb\",\"itemListElement\":[{\"@type\":\"ListItem\",\"position\":1,\"name\":\"Home\",\"item\":\"https:\/\/bringflix.shop\/\"},{\"@type\":\"ListItem\",\"position\":2,\"name\":\"Shop\",\"item\":\"https:\/\/bringflix.shop\/shop\/\"},{\"@type\":\"ListItem\",\"position\":3,\"name\":\"Haribo Lakritz Schnecken 175g\"}]},{\"@type\":\"WebSite\",\"@id\":\"https:\/\/bringflix.shop\/#website\",\"url\":\"https:\/\/bringflix.shop\/\",\"name\":\"BringFlix\",\"description\":\"\",\"publisher\":{\"@id\":\"https:\/\/bringflix.shop\/#organization\"},\"potentialAction\":[{\"@type\":\"SearchAction\",\"target\":{\"@type\":\"EntryPoint\",\"urlTemplate\":\"https:\/\/bringflix.shop\/?s={search_term_string}\"},\"query-input\":{\"@type\":\"PropertyValueSpecification\",\"valueRequired\":true,\"valueName\":\"search_term_string\"}}],\"inLanguage\":\"en-US\"},{\"@type\":\"Organization\",\"@id\":\"https:\/\/bringflix.shop\/#organization\",\"name\":\"BringFlix\",\"url\":\"https:\/\/bringflix.shop\/\",\"logo\":{\"@type\":\"ImageObject\",\"inLanguage\":\"en-US\",\"@id\":\"https:\/\/bringflix.shop\/#\/schema\/logo\/image\/\",\"url\":\"https:\/\/bringflix.shop\/wp-content\/uploads\/2024\/11\/logo-bring-flix.png\",\"contentUrl\":\"https:\/\/bringflix.shop\/wp-content\/uploads\/2024\/11\/logo-bring-flix.png\",\"width\":858,\"height\":316,\"caption\":\"BringFlix\"},\"image\":{\"@id\":\"https:\/\/bringflix.shop\/#\/schema\/logo\/image\/\"}}]}<\/script>\n<!-- \/ Yoast SEO plugin. -->","yoast_head_json":{"title":"Haribo Lakritz Schnecken 175g - BringFlix","robots":{"index":"index","follow":"follow","max-snippet":"max-snippet:-1","max-image-preview":"max-image-preview:large","max-video-preview":"max-video-preview:-1"},"canonical":"https:\/\/bringflix.shop\/en\/Produkte\/haribo-lakritz-schnecken-175g-2\/","og_locale":"en_US","og_type":"article","og_title":"Haribo Lakritz Schnecken 175g - BringFlix","og_description":"Zutaten: Glukosesirup; Zucker; St\u00e4rke; brauner Zuckersirup; S\u00fc\u00dfholzextrakt (3 %); Aroma; Kochsalz; Sonnenblumen\u00f6l; S\u00e4uerungsmittel: Citronens\u00e4ure; \u00dcberzugsmittel: Bienenwachs wei\u00df und gelb. Allergene: Glutenhaltiges Getreide und glutenhaltige Getreideerzeugnisse. Weizen und Weizenerzeugnisse (glutenhaltiges Getreide). Milch und Milcherzeugnisse (einschlie\u00dflich Lactose). Kann Spuren von MILCH, WEIZEN enthalten. N\u00e4hrwerte (je 100 g):    Energie 1.414 k\/333 kcal   Fett &lt; 0,5 g   - davon ges\u00e4ttigte Fetts\u00e4uren 0,1 g   Kohlenhydrate 83 g   - davon Zucker 48 g   Eiwei\u00df &lt; 0,5 g   Salz 1,3 g","og_url":"https:\/\/bringflix.shop\/en\/Produkte\/haribo-lakritz-schnecken-175g-2\/","og_site_name":"BringFlix","article_modified_time":"2026-04-27T21:56:44+00:00","og_image":[{"width":600,"height":600,"url":"https:\/\/bringflix.shop\/wp-content\/uploads\/2024\/12\/143_copy_600x600-1.png","type":"image\/png"}],"twitter_card":"summary_large_image","schema":{"@context":"https:\/\/schema.org","@graph":[{"@type":"WebPage","@id":"https:\/\/bringflix.shop\/Produkte\/haribo-lakritz-schnecken-175g-2\/","url":"https:\/\/bringflix.shop\/Produkte\/haribo-lakritz-schnecken-175g-2\/","name":"Haribo Lakritz Schnecken 175g - BringFlix","isPartOf":{"@id":"https:\/\/bringflix.shop\/#website"},"primaryImageOfPage":{"@id":"https:\/\/bringflix.shop\/Produkte\/haribo-lakritz-schnecken-175g-2\/#primaryimage"},"image":{"@id":"https:\/\/bringflix.shop\/Produkte\/haribo-lakritz-schnecken-175g-2\/#primaryimage"},"thumbnailUrl":"https:\/\/bringflix.shop\/wp-content\/uploads\/2024\/12\/143_copy_600x600-1.png","datePublished":"2024-12-05T12:41:55+00:00","dateModified":"2026-04-27T21:56:44+00:00","breadcrumb":{"@id":"https:\/\/bringflix.shop\/Produkte\/haribo-lakritz-schnecken-175g-2\/#breadcrumb"},"inLanguage":"en-US","potentialAction":[{"@type":"ReadAction","target":["https:\/\/bringflix.shop\/Produkte\/haribo-lakritz-schnecken-175g-2\/"]}]},{"@type":"ImageObject","inLanguage":"en-US","@id":"https:\/\/bringflix.shop\/Produkte\/haribo-lakritz-schnecken-175g-2\/#primaryimage","url":"https:\/\/bringflix.shop\/wp-content\/uploads\/2024\/12\/143_copy_600x600-1.png","contentUrl":"https:\/\/bringflix.shop\/wp-content\/uploads\/2024\/12\/143_copy_600x600-1.png","width":600,"height":600},{"@type":"BreadcrumbList","@id":"https:\/\/bringflix.shop\/Produkte\/haribo-lakritz-schnecken-175g-2\/#breadcrumb","itemListElement":[{"@type":"ListItem","position":1,"name":"Home","item":"https:\/\/bringflix.shop\/"},{"@type":"ListItem","position":2,"name":"Shop","item":"https:\/\/bringflix.shop\/shop\/"},{"@type":"ListItem","position":3,"name":"Haribo Lakritz Schnecken 175g"}]},{"@type":"WebSite","@id":"https:\/\/bringflix.shop\/#website","url":"https:\/\/bringflix.shop\/","name":"BringFlix","description":"","publisher":{"@id":"https:\/\/bringflix.shop\/#organization"},"potentialAction":[{"@type":"SearchAction","target":{"@type":"EntryPoint","urlTemplate":"https:\/\/bringflix.shop\/?s={search_term_string}"},"query-input":{"@type":"PropertyValueSpecification","valueRequired":true,"valueName":"search_term_string"}}],"inLanguage":"en-US"},{"@type":"Organization","@id":"https:\/\/bringflix.shop\/#organization","name":"BringFlix","url":"https:\/\/bringflix.shop\/","logo":{"@type":"ImageObject","inLanguage":"en-US","@id":"https:\/\/bringflix.shop\/#\/schema\/logo\/image\/","url":"https:\/\/bringflix.shop\/wp-content\/uploads\/2024\/11\/logo-bring-flix.png","contentUrl":"https:\/\/bringflix.shop\/wp-content\/uploads\/2024\/11\/logo-bring-flix.png","width":858,"height":316,"caption":"BringFlix"},"image":{"@id":"https:\/\/bringflix.shop\/#\/schema\/logo\/image\/"}}]}},"jetpack_sharing_enabled":true,"_links":{"self":[{"href":"https:\/\/bringflix.shop\/en\/wp-json\/wp\/v2\/product\/2227","targetHints":{"allow":["GET"]}}],"collection":[{"href":"https:\/\/bringflix.shop\/en\/wp-json\/wp\/v2\/product"}],"about":[{"href":"https:\/\/bringflix.shop\/en\/wp-json\/wp\/v2\/types\/product"}],"replies":[{"embeddable":true,"href":"https:\/\/bringflix.shop\/en\/wp-json\/wp\/v2\/comments?post=2227"}],"wp:featuredmedia":[{"embeddable":true,"href":"https:\/\/bringflix.shop\/en\/wp-json\/wp\/v2\/media\/2228"}],"wp:attachment":[{"href":"https:\/\/bringflix.shop\/en\/wp-json\/wp\/v2\/media?parent=2227"}],"wp:term":[{"taxonomy":"product_brand","embeddable":true,"href":"https:\/\/bringflix.shop\/en\/wp-json\/wp\/v2\/product_brand?post=2227"},{"taxonomy":"product_cat","embeddable":true,"href":"https:\/\/bringflix.shop\/en\/wp-json\/wp\/v2\/product_cat?post=2227"},{"taxonomy":"product_tag","embeddable":true,"href":"https:\/\/bringflix.shop\/en\/wp-json\/wp\/v2\/product_tag?post=2227"}],"curies":[{"name":"wp","href":"https:\/\/api.w.org\/{rel}","templated":true}]}}