{"id":2200,"date":"2024-12-05T11:27:12","date_gmt":"2024-12-05T10:27:12","guid":{"rendered":"https:\/\/bringflix.shop\/?post_type=product&#038;p=2200"},"modified":"2026-02-20T19:17:01","modified_gmt":"2026-02-20T18:17:01","slug":"knorr-spagetteria-formagiana-163g","status":"publish","type":"product","link":"https:\/\/bringflix.shop\/en\/Produkte\/knorr-spagetteria-formagiana-163g\/","title":{"rendered":"Knorr Spagetteria Formagiana 181g"},"content":{"rendered":"<h3>Bezeichnung:<\/h3>\n<p>Pasta in milder K\u00e4se-Sauce<\/p>\n<h3>Herkunft:<\/h3>\n<p>Deutschland<\/p>\n<h3>Hersteller-\/Inverkehrbringer:<\/h3>\n<p>Unilever Deutschland, Postfach 570 550, 22774 Hamburg<\/p>\n<h3>Allergene:<\/h3>\n<p>Milch und Milcherzeugnisse (einschlie\u00dflich Lactose). Glutenhaltiges Getreide und glutenhaltige Getreideerzeugnisse. Milchzucker (Laktose). Weizen und Weizenerzeugnisse (glutenhaltiges Getreide). Kann enthalten: Eier und Eierzeugnisse. Soja und Sojaerzeugnisse. Sellerie und Sellerieerzeugnisse. Senf- und Senferzeugnisse. Kann andere glutenhaltige Getreide, Ei, Soja, Sellerie und Senf enthalten.<\/p>","protected":false},"excerpt":{"rendered":"<h3>Zutaten:<\/h3>\n<p>74% Nudeln (HARTWEIZENGRIESS, WEIZENMEHL), St\u00e4rke, Palm\u00f6l, 4,6% Schmelzk\u00e4sepulver (HARTK\u00c4SE, MOZZARELLA-K\u00c4SE, BLAUSCHIMMELK\u00c4SE, CHEDDAR-K\u00c4SE, MOLKENERZEUGNIS), Sonnenblumen\u00f6l, jodiertes Speisesalz, Zucker, Glukosesirup, MILCHEIWEISS, Gew\u00fcrze (0,5% Knoblauch\u00b2, Kurkuma), MILCHZUCKER, Aromen, Hefeextrakt, Speisesalz, Petersilie, Farbstoff (Paprikaextrakt).\u00a0 \u00b2aus nachhaltigem Anbau.<\/p>\n<p>&nbsp;<\/p>\n<h3>N\u00e4hrwerte (je 100 g):<\/h3>\n<table>\n<tbody>\n<tr>\n<td width=\"284\">Energie<\/td>\n<td width=\"283\">435 kJ\/104 kcal<\/td>\n<\/tr>\n<tr>\n<td width=\"284\">Fett<\/td>\n<td width=\"283\">2,6 g<\/td>\n<\/tr>\n<tr>\n<td width=\"284\">&#8211; davon ges\u00e4ttigte Fetts\u00e4uren<\/td>\n<td width=\"283\">1,1 g<\/td>\n<\/tr>\n<tr>\n<td width=\"284\">Kohlenhydrate<\/td>\n<td width=\"283\">17 g<\/td>\n<\/tr>\n<tr>\n<td width=\"284\">&#8211; davon Zucker<\/td>\n<td width=\"283\">1,3 g<\/td>\n<\/tr>\n<tr>\n<td width=\"284\">Ballaststoffe<\/td>\n<td width=\"283\">&lt; 0,5 g<\/td>\n<\/tr>\n<tr>\n<td width=\"284\">Eiwei\u00df<\/td>\n<td width=\"283\">2,9 g<\/td>\n<\/tr>\n<tr>\n<td width=\"284\">Salz<\/td>\n<td width=\"283\">0,74 g<\/td>\n<\/tr>\n<\/tbody>\n<\/table>\n<h3>Anwendungsempfehlung:<\/h3>\n<p>So einfach geht&#8217;s im Topf: 1) 500 ml kaltes Wasser in einen Topf geben. 2) Beutelinhalt einr\u00fchren und aufkochen. 3) Bei mittlerer Hitze mit Deckel ca. 5 Minuten bis zur gew\u00fcnschten S\u00e4migkeit kochen. Ab und zu umr\u00fchren. So einfach geht&#8217;s im Mikrowellenherd: 1) Beutelinhalt und 500 ml warmes Wasser in einer mikrowellengeeigneten Sch\u00fcssel verr\u00fchren. 2) In der Mikrowelle bei 750 W 5 Minuten erhitzen. 3) Umr\u00fchren und weitere 5 Minuten erhitzen.<\/p>","protected":false},"featured_media":2201,"comment_status":"open","ping_status":"closed","template":"","meta":{"_acf_changed":false,"inline_featured_image":false,"site-sidebar-layout":"default","site-content-layout":"","ast-site-content-layout":"default","site-content-style":"default","site-sidebar-style":"default","ast-global-header-display":"","ast-banner-title-visibility":"","ast-main-header-display":"","ast-hfb-above-header-display":"","ast-hfb-below-header-display":"","ast-hfb-mobile-header-display":"","site-post-title":"","ast-breadcrumbs-content":"","ast-featured-img":"","footer-sml-layout":"","theme-transparent-header-meta":"default","adv-header-id-meta":"","stick-header-meta":"","header-above-stick-meta":"","header-main-stick-meta":"","header-below-stick-meta":"","astra-migrate-meta-layouts":"set","ast-page-background-enabled":"default","ast-page-background-meta":{"desktop":{"background-color":"var(--ast-global-color-4)","background-image":"","background-repeat":"repeat","background-position":"center center","background-size":"auto","background-attachment":"scroll","background-type":"","background-media":"","overlay-type":"","overlay-color":"","overlay-opacity":"","overlay-gradient":""},"tablet":{"background-color":"","background-image":"","background-repeat":"repeat","background-position":"center center","background-size":"auto","background-attachment":"scroll","background-type":"","background-media":"","overlay-type":"","overlay-color":"","overlay-opacity":"","overlay-gradient":""},"mobile":{"background-color":"","background-image":"","background-repeat":"repeat","background-position":"center center","background-size":"auto","background-attachment":"scroll","background-type":"","background-media":"","overlay-type":"","overlay-color":"","overlay-opacity":"","overlay-gradient":""}},"ast-content-background-meta":{"desktop":{"background-color":"var(--ast-global-color-5)","background-image":"","background-repeat":"repeat","background-position":"center center","background-size":"auto","background-attachment":"scroll","background-type":"","background-media":"","overlay-type":"","overlay-color":"","overlay-opacity":"","overlay-gradient":""},"tablet":{"background-color":"var(--ast-global-color-5)","background-image":"","background-repeat":"repeat","background-position":"center center","background-size":"auto","background-attachment":"scroll","background-type":"","background-media":"","overlay-type":"","overlay-color":"","overlay-opacity":"","overlay-gradient":""},"mobile":{"background-color":"var(--ast-global-color-5)","background-image":"","background-repeat":"repeat","background-position":"center center","background-size":"auto","background-attachment":"scroll","background-type":"","background-media":"","overlay-type":"","overlay-color":"","overlay-opacity":"","overlay-gradient":""}}},"product_brand":[],"product_cat":[38,30],"product_tag":[],"class_list":{"0":"post-2200","1":"product","2":"type-product","3":"status-publish","4":"has-post-thumbnail","6":"product_cat-instantprodukte","7":"product_cat-trockensortiment","8":"desktop-align-left","9":"tablet-align-left","10":"mobile-align-left","12":"first","13":"instock","14":"taxable","15":"shipping-taxable","16":"purchasable","17":"product-type-simple"},"acf":[],"yoast_head":"<!-- This site is optimized with the Yoast SEO plugin v24.5 - https:\/\/yoast.com\/wordpress\/plugins\/seo\/ -->\n<title>Knorr Spagetteria Formagiana 181g - BringFlix<\/title>\n<meta name=\"robots\" content=\"index, follow, max-snippet:-1, max-image-preview:large, max-video-preview:-1\" \/>\n<link rel=\"canonical\" href=\"https:\/\/bringflix.shop\/en\/Produkte\/knorr-spagetteria-formagiana-163g\/\" \/>\n<meta property=\"og:locale\" content=\"en_US\" \/>\n<meta property=\"og:type\" content=\"article\" \/>\n<meta property=\"og:title\" content=\"Knorr Spagetteria Formagiana 181g - BringFlix\" \/>\n<meta property=\"og:description\" content=\"Zutaten: 74% Nudeln (HARTWEIZENGRIESS, WEIZENMEHL), St\u00e4rke, Palm\u00f6l, 4,6% Schmelzk\u00e4sepulver (HARTK\u00c4SE, MOZZARELLA-K\u00c4SE, BLAUSCHIMMELK\u00c4SE, CHEDDAR-K\u00c4SE, MOLKENERZEUGNIS), Sonnenblumen\u00f6l, jodiertes Speisesalz, Zucker, Glukosesirup, MILCHEIWEISS, Gew\u00fcrze (0,5% Knoblauch\u00b2, Kurkuma), MILCHZUCKER, Aromen, Hefeextrakt, Speisesalz, Petersilie, Farbstoff (Paprikaextrakt).\u00a0 \u00b2aus nachhaltigem Anbau.  &nbsp; N\u00e4hrwerte (je 100 g):    Energie 435 kJ\/104 kcal   Fett 2,6 g   - davon ges\u00e4ttigte Fetts\u00e4uren 1,1 g   Kohlenhydrate 17 g   - davon Zucker 1,3 g   Ballaststoffe &lt; 0,5 g   Eiwei\u00df 2,9 g   Salz 0,74 g    Anwendungsempfehlung: So einfach geht&#039;s im Topf: 1) 500 ml kaltes Wasser in einen Topf geben. 2) Beutelinhalt einr\u00fchren und aufkochen. 3) Bei mittlerer Hitze mit Deckel ca. 5 Minuten bis zur gew\u00fcnschten S\u00e4migkeit kochen. Ab und zu umr\u00fchren. So einfach geht&#039;s im Mikrowellenherd: 1) Beutelinhalt und 500 ml warmes Wasser in einer mikrowellengeeigneten Sch\u00fcssel verr\u00fchren. 2) In der Mikrowelle bei 750 W 5 Minuten erhitzen. 3) Umr\u00fchren und weitere 5 Minuten erhitzen.\" \/>\n<meta property=\"og:url\" content=\"https:\/\/bringflix.shop\/en\/Produkte\/knorr-spagetteria-formagiana-163g\/\" \/>\n<meta property=\"og:site_name\" content=\"BringFlix\" \/>\n<meta property=\"article:modified_time\" content=\"2026-02-20T18:17:01+00:00\" \/>\n<meta property=\"og:image\" content=\"https:\/\/bringflix.shop\/wp-content\/uploads\/2024\/12\/99_copy_600x600-1.png\" \/>\n\t<meta property=\"og:image:width\" content=\"600\" \/>\n\t<meta property=\"og:image:height\" content=\"600\" \/>\n\t<meta property=\"og:image:type\" content=\"image\/png\" \/>\n<meta name=\"twitter:card\" content=\"summary_large_image\" \/>\n<script type=\"application\/ld+json\" class=\"yoast-schema-graph\">{\"@context\":\"https:\/\/schema.org\",\"@graph\":[{\"@type\":\"WebPage\",\"@id\":\"https:\/\/bringflix.shop\/Produkte\/knorr-spagetteria-formagiana-163g\/\",\"url\":\"https:\/\/bringflix.shop\/Produkte\/knorr-spagetteria-formagiana-163g\/\",\"name\":\"Knorr Spagetteria Formagiana 181g - BringFlix\",\"isPartOf\":{\"@id\":\"https:\/\/bringflix.shop\/#website\"},\"primaryImageOfPage\":{\"@id\":\"https:\/\/bringflix.shop\/Produkte\/knorr-spagetteria-formagiana-163g\/#primaryimage\"},\"image\":{\"@id\":\"https:\/\/bringflix.shop\/Produkte\/knorr-spagetteria-formagiana-163g\/#primaryimage\"},\"thumbnailUrl\":\"https:\/\/bringflix.shop\/wp-content\/uploads\/2024\/12\/99_copy_600x600-1.png\",\"datePublished\":\"2024-12-05T10:27:12+00:00\",\"dateModified\":\"2026-02-20T18:17:01+00:00\",\"breadcrumb\":{\"@id\":\"https:\/\/bringflix.shop\/Produkte\/knorr-spagetteria-formagiana-163g\/#breadcrumb\"},\"inLanguage\":\"en-US\",\"potentialAction\":[{\"@type\":\"ReadAction\",\"target\":[\"https:\/\/bringflix.shop\/Produkte\/knorr-spagetteria-formagiana-163g\/\"]}]},{\"@type\":\"ImageObject\",\"inLanguage\":\"en-US\",\"@id\":\"https:\/\/bringflix.shop\/Produkte\/knorr-spagetteria-formagiana-163g\/#primaryimage\",\"url\":\"https:\/\/bringflix.shop\/wp-content\/uploads\/2024\/12\/99_copy_600x600-1.png\",\"contentUrl\":\"https:\/\/bringflix.shop\/wp-content\/uploads\/2024\/12\/99_copy_600x600-1.png\",\"width\":600,\"height\":600},{\"@type\":\"BreadcrumbList\",\"@id\":\"https:\/\/bringflix.shop\/Produkte\/knorr-spagetteria-formagiana-163g\/#breadcrumb\",\"itemListElement\":[{\"@type\":\"ListItem\",\"position\":1,\"name\":\"Home\",\"item\":\"https:\/\/bringflix.shop\/\"},{\"@type\":\"ListItem\",\"position\":2,\"name\":\"Shop\",\"item\":\"https:\/\/bringflix.shop\/shop\/\"},{\"@type\":\"ListItem\",\"position\":3,\"name\":\"Knorr Spagetteria Formagiana 181g\"}]},{\"@type\":\"WebSite\",\"@id\":\"https:\/\/bringflix.shop\/#website\",\"url\":\"https:\/\/bringflix.shop\/\",\"name\":\"BringFlix\",\"description\":\"\",\"publisher\":{\"@id\":\"https:\/\/bringflix.shop\/#organization\"},\"potentialAction\":[{\"@type\":\"SearchAction\",\"target\":{\"@type\":\"EntryPoint\",\"urlTemplate\":\"https:\/\/bringflix.shop\/?s={search_term_string}\"},\"query-input\":{\"@type\":\"PropertyValueSpecification\",\"valueRequired\":true,\"valueName\":\"search_term_string\"}}],\"inLanguage\":\"en-US\"},{\"@type\":\"Organization\",\"@id\":\"https:\/\/bringflix.shop\/#organization\",\"name\":\"BringFlix\",\"url\":\"https:\/\/bringflix.shop\/\",\"logo\":{\"@type\":\"ImageObject\",\"inLanguage\":\"en-US\",\"@id\":\"https:\/\/bringflix.shop\/#\/schema\/logo\/image\/\",\"url\":\"https:\/\/bringflix.shop\/wp-content\/uploads\/2024\/11\/logo-bring-flix.png\",\"contentUrl\":\"https:\/\/bringflix.shop\/wp-content\/uploads\/2024\/11\/logo-bring-flix.png\",\"width\":858,\"height\":316,\"caption\":\"BringFlix\"},\"image\":{\"@id\":\"https:\/\/bringflix.shop\/#\/schema\/logo\/image\/\"}}]}<\/script>\n<!-- \/ Yoast SEO plugin. -->","yoast_head_json":{"title":"Knorr Spagetteria Formagiana 181g - BringFlix","robots":{"index":"index","follow":"follow","max-snippet":"max-snippet:-1","max-image-preview":"max-image-preview:large","max-video-preview":"max-video-preview:-1"},"canonical":"https:\/\/bringflix.shop\/en\/Produkte\/knorr-spagetteria-formagiana-163g\/","og_locale":"en_US","og_type":"article","og_title":"Knorr Spagetteria Formagiana 181g - BringFlix","og_description":"Zutaten: 74% Nudeln (HARTWEIZENGRIESS, WEIZENMEHL), St\u00e4rke, Palm\u00f6l, 4,6% Schmelzk\u00e4sepulver (HARTK\u00c4SE, MOZZARELLA-K\u00c4SE, BLAUSCHIMMELK\u00c4SE, CHEDDAR-K\u00c4SE, MOLKENERZEUGNIS), Sonnenblumen\u00f6l, jodiertes Speisesalz, Zucker, Glukosesirup, MILCHEIWEISS, Gew\u00fcrze (0,5% Knoblauch\u00b2, Kurkuma), MILCHZUCKER, Aromen, Hefeextrakt, Speisesalz, Petersilie, Farbstoff (Paprikaextrakt).\u00a0 \u00b2aus nachhaltigem Anbau.  &nbsp; N\u00e4hrwerte (je 100 g):    Energie 435 kJ\/104 kcal   Fett 2,6 g   - davon ges\u00e4ttigte Fetts\u00e4uren 1,1 g   Kohlenhydrate 17 g   - davon Zucker 1,3 g   Ballaststoffe &lt; 0,5 g   Eiwei\u00df 2,9 g   Salz 0,74 g    Anwendungsempfehlung: So einfach geht's im Topf: 1) 500 ml kaltes Wasser in einen Topf geben. 2) Beutelinhalt einr\u00fchren und aufkochen. 3) Bei mittlerer Hitze mit Deckel ca. 5 Minuten bis zur gew\u00fcnschten S\u00e4migkeit kochen. Ab und zu umr\u00fchren. So einfach geht's im Mikrowellenherd: 1) Beutelinhalt und 500 ml warmes Wasser in einer mikrowellengeeigneten Sch\u00fcssel verr\u00fchren. 2) In der Mikrowelle bei 750 W 5 Minuten erhitzen. 3) Umr\u00fchren und weitere 5 Minuten erhitzen.","og_url":"https:\/\/bringflix.shop\/en\/Produkte\/knorr-spagetteria-formagiana-163g\/","og_site_name":"BringFlix","article_modified_time":"2026-02-20T18:17:01+00:00","og_image":[{"width":600,"height":600,"url":"https:\/\/bringflix.shop\/wp-content\/uploads\/2024\/12\/99_copy_600x600-1.png","type":"image\/png"}],"twitter_card":"summary_large_image","schema":{"@context":"https:\/\/schema.org","@graph":[{"@type":"WebPage","@id":"https:\/\/bringflix.shop\/Produkte\/knorr-spagetteria-formagiana-163g\/","url":"https:\/\/bringflix.shop\/Produkte\/knorr-spagetteria-formagiana-163g\/","name":"Knorr Spagetteria Formagiana 181g - BringFlix","isPartOf":{"@id":"https:\/\/bringflix.shop\/#website"},"primaryImageOfPage":{"@id":"https:\/\/bringflix.shop\/Produkte\/knorr-spagetteria-formagiana-163g\/#primaryimage"},"image":{"@id":"https:\/\/bringflix.shop\/Produkte\/knorr-spagetteria-formagiana-163g\/#primaryimage"},"thumbnailUrl":"https:\/\/bringflix.shop\/wp-content\/uploads\/2024\/12\/99_copy_600x600-1.png","datePublished":"2024-12-05T10:27:12+00:00","dateModified":"2026-02-20T18:17:01+00:00","breadcrumb":{"@id":"https:\/\/bringflix.shop\/Produkte\/knorr-spagetteria-formagiana-163g\/#breadcrumb"},"inLanguage":"en-US","potentialAction":[{"@type":"ReadAction","target":["https:\/\/bringflix.shop\/Produkte\/knorr-spagetteria-formagiana-163g\/"]}]},{"@type":"ImageObject","inLanguage":"en-US","@id":"https:\/\/bringflix.shop\/Produkte\/knorr-spagetteria-formagiana-163g\/#primaryimage","url":"https:\/\/bringflix.shop\/wp-content\/uploads\/2024\/12\/99_copy_600x600-1.png","contentUrl":"https:\/\/bringflix.shop\/wp-content\/uploads\/2024\/12\/99_copy_600x600-1.png","width":600,"height":600},{"@type":"BreadcrumbList","@id":"https:\/\/bringflix.shop\/Produkte\/knorr-spagetteria-formagiana-163g\/#breadcrumb","itemListElement":[{"@type":"ListItem","position":1,"name":"Home","item":"https:\/\/bringflix.shop\/"},{"@type":"ListItem","position":2,"name":"Shop","item":"https:\/\/bringflix.shop\/shop\/"},{"@type":"ListItem","position":3,"name":"Knorr Spagetteria Formagiana 181g"}]},{"@type":"WebSite","@id":"https:\/\/bringflix.shop\/#website","url":"https:\/\/bringflix.shop\/","name":"BringFlix","description":"","publisher":{"@id":"https:\/\/bringflix.shop\/#organization"},"potentialAction":[{"@type":"SearchAction","target":{"@type":"EntryPoint","urlTemplate":"https:\/\/bringflix.shop\/?s={search_term_string}"},"query-input":{"@type":"PropertyValueSpecification","valueRequired":true,"valueName":"search_term_string"}}],"inLanguage":"en-US"},{"@type":"Organization","@id":"https:\/\/bringflix.shop\/#organization","name":"BringFlix","url":"https:\/\/bringflix.shop\/","logo":{"@type":"ImageObject","inLanguage":"en-US","@id":"https:\/\/bringflix.shop\/#\/schema\/logo\/image\/","url":"https:\/\/bringflix.shop\/wp-content\/uploads\/2024\/11\/logo-bring-flix.png","contentUrl":"https:\/\/bringflix.shop\/wp-content\/uploads\/2024\/11\/logo-bring-flix.png","width":858,"height":316,"caption":"BringFlix"},"image":{"@id":"https:\/\/bringflix.shop\/#\/schema\/logo\/image\/"}}]}},"jetpack_sharing_enabled":true,"_links":{"self":[{"href":"https:\/\/bringflix.shop\/en\/wp-json\/wp\/v2\/product\/2200","targetHints":{"allow":["GET"]}}],"collection":[{"href":"https:\/\/bringflix.shop\/en\/wp-json\/wp\/v2\/product"}],"about":[{"href":"https:\/\/bringflix.shop\/en\/wp-json\/wp\/v2\/types\/product"}],"replies":[{"embeddable":true,"href":"https:\/\/bringflix.shop\/en\/wp-json\/wp\/v2\/comments?post=2200"}],"wp:featuredmedia":[{"embeddable":true,"href":"https:\/\/bringflix.shop\/en\/wp-json\/wp\/v2\/media\/2201"}],"wp:attachment":[{"href":"https:\/\/bringflix.shop\/en\/wp-json\/wp\/v2\/media?parent=2200"}],"wp:term":[{"taxonomy":"product_brand","embeddable":true,"href":"https:\/\/bringflix.shop\/en\/wp-json\/wp\/v2\/product_brand?post=2200"},{"taxonomy":"product_cat","embeddable":true,"href":"https:\/\/bringflix.shop\/en\/wp-json\/wp\/v2\/product_cat?post=2200"},{"taxonomy":"product_tag","embeddable":true,"href":"https:\/\/bringflix.shop\/en\/wp-json\/wp\/v2\/product_tag?post=2200"}],"curies":[{"name":"wp","href":"https:\/\/api.w.org\/{rel}","templated":true}]}}