{"id":2177,"date":"2024-12-05T09:43:09","date_gmt":"2024-12-05T09:43:09","guid":{"rendered":"https:\/\/bringflix.shop\/?post_type=product&#038;p=2177"},"modified":"2026-03-23T09:47:59","modified_gmt":"2026-03-23T08:47:59","slug":"erasco-huehner-nudel-topf-800g","status":"publish","type":"product","link":"https:\/\/bringflix.shop\/en\/Produkte\/erasco-huehner-nudel-topf-800g\/","title":{"rendered":"Erasco H\u00fchner Nudel-Topf 800g"},"content":{"rendered":"<h3>Bezeichnung:<\/h3>\n<p>H\u00fchner-Nudeltopf<\/p>\n<h3>Herkunft:<\/h3>\n<p>Deutschland<\/p>\n<h3>Hersteller-\/Inverkehrbringer:<\/h3>\n<p>GB FOODS DEUTSCHLAND GMBH, Geniner Stra\u00dfe 88-100, 23560 L\u00fcbeck<\/p>\n<h3>Anwendungsempfehlung:<\/h3>\n<p>Inhalt in geeigneter Schale bei 600 W ca. 6 Min. erw\u00e4rmen.<\/p>","protected":false},"excerpt":{"rendered":"<h3>Zutaten:<\/h3>\n<p>Wasser, 19% gekochte Muschelnudeln (HARTWEIZENGRIE\u00df (GLUTEN),EIKLAR), 4,7 % gegartes H\u00fchnerfleisch (H\u00fchnerfleisch, Salz), 4,2 % M\u00f6hren, H\u00fchnerfett, 0,7% Porree, Salz, Aromen, Petersilie, Dextrose, f\u00e4rbender M\u00f6hrenextrakt, Verdickungsmittel: Guarkernmehl.<\/p>\n<h3>Allergene:<\/h3>\n<p>Enth\u00e4lt: Senf- und Senferzeugnisse. Kann enthalten: Weizen und Weizenerzeugnisse (glutenhaltiges Getreide). Soja und Sojaerzeugnisse. Eier und Eierzeugnisse. Milch und Milcherzeugnisse (einschlie\u00dflich Lactose). Sellerie und Sellerieerzeugnisse. enth\u00e4lt EI und SELLERIE. Kann Spuren von Milch, Soja und Senf enthalten.<\/p>\n<h3>N\u00e4hrwerte (je 100 g):<\/h3>\n<table>\n<tbody>\n<tr>\n<td width=\"284\">Energie<\/td>\n<td width=\"282\">207 kJ\/ 49 kcal<\/td>\n<\/tr>\n<tr>\n<td width=\"284\">Fett<\/td>\n<td width=\"282\">2,1 g<\/td>\n<\/tr>\n<tr>\n<td width=\"284\">&#8211; davon ges\u00e4ttigte Fetts\u00e4uren<\/td>\n<td width=\"282\">0,7 g<\/td>\n<\/tr>\n<tr>\n<td width=\"284\">Kohlenhydrate<\/td>\n<td width=\"282\">5,1 g<\/td>\n<\/tr>\n<tr>\n<td width=\"284\">&#8211; davon Zucker<\/td>\n<td width=\"282\">0,5 g<\/td>\n<\/tr>\n<tr>\n<td width=\"284\">Ballaststoffe<\/td>\n<td width=\"282\">0,4 g<\/td>\n<\/tr>\n<tr>\n<td width=\"284\">Eiwei\u00df<\/td>\n<td width=\"282\">2,3 g<\/td>\n<\/tr>\n<tr>\n<td width=\"284\">Salz<\/td>\n<td width=\"282\">0,9 g<\/td>\n<\/tr>\n<\/tbody>\n<\/table>\n<p>&nbsp;<\/p>\n<p>&nbsp;<\/p>","protected":false},"featured_media":2178,"comment_status":"open","ping_status":"closed","template":"","meta":{"_acf_changed":false,"inline_featured_image":false,"site-sidebar-layout":"default","site-content-layout":"","ast-site-content-layout":"default","site-content-style":"default","site-sidebar-style":"default","ast-global-header-display":"","ast-banner-title-visibility":"","ast-main-header-display":"","ast-hfb-above-header-display":"","ast-hfb-below-header-display":"","ast-hfb-mobile-header-display":"","site-post-title":"","ast-breadcrumbs-content":"","ast-featured-img":"","footer-sml-layout":"","theme-transparent-header-meta":"default","adv-header-id-meta":"","stick-header-meta":"","header-above-stick-meta":"","header-main-stick-meta":"","header-below-stick-meta":"","astra-migrate-meta-layouts":"set","ast-page-background-enabled":"default","ast-page-background-meta":{"desktop":{"background-color":"var(--ast-global-color-4)","background-image":"","background-repeat":"repeat","background-position":"center center","background-size":"auto","background-attachment":"scroll","background-type":"","background-media":"","overlay-type":"","overlay-color":"","overlay-opacity":"","overlay-gradient":""},"tablet":{"background-color":"","background-image":"","background-repeat":"repeat","background-position":"center center","background-size":"auto","background-attachment":"scroll","background-type":"","background-media":"","overlay-type":"","overlay-color":"","overlay-opacity":"","overlay-gradient":""},"mobile":{"background-color":"","background-image":"","background-repeat":"repeat","background-position":"center center","background-size":"auto","background-attachment":"scroll","background-type":"","background-media":"","overlay-type":"","overlay-color":"","overlay-opacity":"","overlay-gradient":""}},"ast-content-background-meta":{"desktop":{"background-color":"var(--ast-global-color-5)","background-image":"","background-repeat":"repeat","background-position":"center center","background-size":"auto","background-attachment":"scroll","background-type":"","background-media":"","overlay-type":"","overlay-color":"","overlay-opacity":"","overlay-gradient":""},"tablet":{"background-color":"var(--ast-global-color-5)","background-image":"","background-repeat":"repeat","background-position":"center center","background-size":"auto","background-attachment":"scroll","background-type":"","background-media":"","overlay-type":"","overlay-color":"","overlay-opacity":"","overlay-gradient":""},"mobile":{"background-color":"var(--ast-global-color-5)","background-image":"","background-repeat":"repeat","background-position":"center center","background-size":"auto","background-attachment":"scroll","background-type":"","background-media":"","overlay-type":"","overlay-color":"","overlay-opacity":"","overlay-gradient":""}}},"product_brand":[],"product_cat":[37,30],"product_tag":[],"class_list":{"0":"post-2177","1":"product","2":"type-product","3":"status-publish","4":"has-post-thumbnail","6":"product_cat-konserven-pasta-saucen","7":"product_cat-trockensortiment","8":"desktop-align-left","9":"tablet-align-left","10":"mobile-align-left","12":"first","13":"instock","14":"taxable","15":"shipping-taxable","16":"purchasable","17":"product-type-simple"},"acf":[],"yoast_head":"<!-- This site is optimized with the Yoast SEO plugin v24.5 - https:\/\/yoast.com\/wordpress\/plugins\/seo\/ -->\n<title>Erasco H\u00fchner Nudel-Topf 800g - BringFlix<\/title>\n<meta name=\"robots\" content=\"index, follow, max-snippet:-1, max-image-preview:large, max-video-preview:-1\" \/>\n<link rel=\"canonical\" href=\"https:\/\/bringflix.shop\/en\/Produkte\/erasco-huehner-nudel-topf-800g\/\" \/>\n<meta property=\"og:locale\" content=\"en_US\" \/>\n<meta property=\"og:type\" content=\"article\" \/>\n<meta property=\"og:title\" content=\"Erasco H\u00fchner Nudel-Topf 800g - BringFlix\" \/>\n<meta property=\"og:description\" content=\"Zutaten: Wasser, 19% gekochte Muschelnudeln (HARTWEIZENGRIE\u00df (GLUTEN),EIKLAR), 4,7 % gegartes H\u00fchnerfleisch (H\u00fchnerfleisch, Salz), 4,2 % M\u00f6hren, H\u00fchnerfett, 0,7% Porree, Salz, Aromen, Petersilie, Dextrose, f\u00e4rbender M\u00f6hrenextrakt, Verdickungsmittel: Guarkernmehl. Allergene: Enth\u00e4lt: Senf- und Senferzeugnisse. Kann enthalten: Weizen und Weizenerzeugnisse (glutenhaltiges Getreide). Soja und Sojaerzeugnisse. Eier und Eierzeugnisse. Milch und Milcherzeugnisse (einschlie\u00dflich Lactose). Sellerie und Sellerieerzeugnisse. enth\u00e4lt EI und SELLERIE. Kann Spuren von Milch, Soja und Senf enthalten. N\u00e4hrwerte (je 100 g):    Energie 207 kJ\/ 49 kcal   Fett 2,1 g   - davon ges\u00e4ttigte Fetts\u00e4uren 0,7 g   Kohlenhydrate 5,1 g   - davon Zucker 0,5 g   Ballaststoffe 0,4 g   Eiwei\u00df 2,3 g   Salz 0,9 g    &nbsp;  &nbsp;\" \/>\n<meta property=\"og:url\" content=\"https:\/\/bringflix.shop\/en\/Produkte\/erasco-huehner-nudel-topf-800g\/\" \/>\n<meta property=\"og:site_name\" content=\"BringFlix\" \/>\n<meta property=\"article:modified_time\" content=\"2026-03-23T08:47:59+00:00\" \/>\n<meta property=\"og:image\" content=\"https:\/\/bringflix.shop\/wp-content\/uploads\/2024\/12\/86_copy_600x600-1.png\" \/>\n\t<meta property=\"og:image:width\" content=\"600\" \/>\n\t<meta property=\"og:image:height\" content=\"600\" \/>\n\t<meta property=\"og:image:type\" content=\"image\/png\" \/>\n<meta name=\"twitter:card\" content=\"summary_large_image\" \/>\n<script type=\"application\/ld+json\" class=\"yoast-schema-graph\">{\"@context\":\"https:\/\/schema.org\",\"@graph\":[{\"@type\":\"WebPage\",\"@id\":\"https:\/\/bringflix.shop\/Produkte\/erasco-huehner-nudel-topf-800g\/\",\"url\":\"https:\/\/bringflix.shop\/Produkte\/erasco-huehner-nudel-topf-800g\/\",\"name\":\"Erasco H\u00fchner Nudel-Topf 800g - BringFlix\",\"isPartOf\":{\"@id\":\"https:\/\/bringflix.shop\/#website\"},\"primaryImageOfPage\":{\"@id\":\"https:\/\/bringflix.shop\/Produkte\/erasco-huehner-nudel-topf-800g\/#primaryimage\"},\"image\":{\"@id\":\"https:\/\/bringflix.shop\/Produkte\/erasco-huehner-nudel-topf-800g\/#primaryimage\"},\"thumbnailUrl\":\"https:\/\/bringflix.shop\/wp-content\/uploads\/2024\/12\/86_copy_600x600-1.png\",\"datePublished\":\"2024-12-05T09:43:09+00:00\",\"dateModified\":\"2026-03-23T08:47:59+00:00\",\"breadcrumb\":{\"@id\":\"https:\/\/bringflix.shop\/Produkte\/erasco-huehner-nudel-topf-800g\/#breadcrumb\"},\"inLanguage\":\"en-US\",\"potentialAction\":[{\"@type\":\"ReadAction\",\"target\":[\"https:\/\/bringflix.shop\/Produkte\/erasco-huehner-nudel-topf-800g\/\"]}]},{\"@type\":\"ImageObject\",\"inLanguage\":\"en-US\",\"@id\":\"https:\/\/bringflix.shop\/Produkte\/erasco-huehner-nudel-topf-800g\/#primaryimage\",\"url\":\"https:\/\/bringflix.shop\/wp-content\/uploads\/2024\/12\/86_copy_600x600-1.png\",\"contentUrl\":\"https:\/\/bringflix.shop\/wp-content\/uploads\/2024\/12\/86_copy_600x600-1.png\",\"width\":600,\"height\":600},{\"@type\":\"BreadcrumbList\",\"@id\":\"https:\/\/bringflix.shop\/Produkte\/erasco-huehner-nudel-topf-800g\/#breadcrumb\",\"itemListElement\":[{\"@type\":\"ListItem\",\"position\":1,\"name\":\"Home\",\"item\":\"https:\/\/bringflix.shop\/\"},{\"@type\":\"ListItem\",\"position\":2,\"name\":\"Shop\",\"item\":\"https:\/\/bringflix.shop\/shop\/\"},{\"@type\":\"ListItem\",\"position\":3,\"name\":\"Erasco H\u00fchner Nudel-Topf 800g\"}]},{\"@type\":\"WebSite\",\"@id\":\"https:\/\/bringflix.shop\/#website\",\"url\":\"https:\/\/bringflix.shop\/\",\"name\":\"BringFlix\",\"description\":\"\",\"publisher\":{\"@id\":\"https:\/\/bringflix.shop\/#organization\"},\"potentialAction\":[{\"@type\":\"SearchAction\",\"target\":{\"@type\":\"EntryPoint\",\"urlTemplate\":\"https:\/\/bringflix.shop\/?s={search_term_string}\"},\"query-input\":{\"@type\":\"PropertyValueSpecification\",\"valueRequired\":true,\"valueName\":\"search_term_string\"}}],\"inLanguage\":\"en-US\"},{\"@type\":\"Organization\",\"@id\":\"https:\/\/bringflix.shop\/#organization\",\"name\":\"BringFlix\",\"url\":\"https:\/\/bringflix.shop\/\",\"logo\":{\"@type\":\"ImageObject\",\"inLanguage\":\"en-US\",\"@id\":\"https:\/\/bringflix.shop\/#\/schema\/logo\/image\/\",\"url\":\"https:\/\/bringflix.shop\/wp-content\/uploads\/2024\/11\/logo-bring-flix.png\",\"contentUrl\":\"https:\/\/bringflix.shop\/wp-content\/uploads\/2024\/11\/logo-bring-flix.png\",\"width\":858,\"height\":316,\"caption\":\"BringFlix\"},\"image\":{\"@id\":\"https:\/\/bringflix.shop\/#\/schema\/logo\/image\/\"}}]}<\/script>\n<!-- \/ Yoast SEO plugin. -->","yoast_head_json":{"title":"Erasco H\u00fchner Nudel-Topf 800g - BringFlix","robots":{"index":"index","follow":"follow","max-snippet":"max-snippet:-1","max-image-preview":"max-image-preview:large","max-video-preview":"max-video-preview:-1"},"canonical":"https:\/\/bringflix.shop\/en\/Produkte\/erasco-huehner-nudel-topf-800g\/","og_locale":"en_US","og_type":"article","og_title":"Erasco H\u00fchner Nudel-Topf 800g - BringFlix","og_description":"Zutaten: Wasser, 19% gekochte Muschelnudeln (HARTWEIZENGRIE\u00df (GLUTEN),EIKLAR), 4,7 % gegartes H\u00fchnerfleisch (H\u00fchnerfleisch, Salz), 4,2 % M\u00f6hren, H\u00fchnerfett, 0,7% Porree, Salz, Aromen, Petersilie, Dextrose, f\u00e4rbender M\u00f6hrenextrakt, Verdickungsmittel: Guarkernmehl. Allergene: Enth\u00e4lt: Senf- und Senferzeugnisse. Kann enthalten: Weizen und Weizenerzeugnisse (glutenhaltiges Getreide). Soja und Sojaerzeugnisse. Eier und Eierzeugnisse. Milch und Milcherzeugnisse (einschlie\u00dflich Lactose). Sellerie und Sellerieerzeugnisse. enth\u00e4lt EI und SELLERIE. Kann Spuren von Milch, Soja und Senf enthalten. N\u00e4hrwerte (je 100 g):    Energie 207 kJ\/ 49 kcal   Fett 2,1 g   - davon ges\u00e4ttigte Fetts\u00e4uren 0,7 g   Kohlenhydrate 5,1 g   - davon Zucker 0,5 g   Ballaststoffe 0,4 g   Eiwei\u00df 2,3 g   Salz 0,9 g    &nbsp;  &nbsp;","og_url":"https:\/\/bringflix.shop\/en\/Produkte\/erasco-huehner-nudel-topf-800g\/","og_site_name":"BringFlix","article_modified_time":"2026-03-23T08:47:59+00:00","og_image":[{"width":600,"height":600,"url":"https:\/\/bringflix.shop\/wp-content\/uploads\/2024\/12\/86_copy_600x600-1.png","type":"image\/png"}],"twitter_card":"summary_large_image","schema":{"@context":"https:\/\/schema.org","@graph":[{"@type":"WebPage","@id":"https:\/\/bringflix.shop\/Produkte\/erasco-huehner-nudel-topf-800g\/","url":"https:\/\/bringflix.shop\/Produkte\/erasco-huehner-nudel-topf-800g\/","name":"Erasco H\u00fchner Nudel-Topf 800g - BringFlix","isPartOf":{"@id":"https:\/\/bringflix.shop\/#website"},"primaryImageOfPage":{"@id":"https:\/\/bringflix.shop\/Produkte\/erasco-huehner-nudel-topf-800g\/#primaryimage"},"image":{"@id":"https:\/\/bringflix.shop\/Produkte\/erasco-huehner-nudel-topf-800g\/#primaryimage"},"thumbnailUrl":"https:\/\/bringflix.shop\/wp-content\/uploads\/2024\/12\/86_copy_600x600-1.png","datePublished":"2024-12-05T09:43:09+00:00","dateModified":"2026-03-23T08:47:59+00:00","breadcrumb":{"@id":"https:\/\/bringflix.shop\/Produkte\/erasco-huehner-nudel-topf-800g\/#breadcrumb"},"inLanguage":"en-US","potentialAction":[{"@type":"ReadAction","target":["https:\/\/bringflix.shop\/Produkte\/erasco-huehner-nudel-topf-800g\/"]}]},{"@type":"ImageObject","inLanguage":"en-US","@id":"https:\/\/bringflix.shop\/Produkte\/erasco-huehner-nudel-topf-800g\/#primaryimage","url":"https:\/\/bringflix.shop\/wp-content\/uploads\/2024\/12\/86_copy_600x600-1.png","contentUrl":"https:\/\/bringflix.shop\/wp-content\/uploads\/2024\/12\/86_copy_600x600-1.png","width":600,"height":600},{"@type":"BreadcrumbList","@id":"https:\/\/bringflix.shop\/Produkte\/erasco-huehner-nudel-topf-800g\/#breadcrumb","itemListElement":[{"@type":"ListItem","position":1,"name":"Home","item":"https:\/\/bringflix.shop\/"},{"@type":"ListItem","position":2,"name":"Shop","item":"https:\/\/bringflix.shop\/shop\/"},{"@type":"ListItem","position":3,"name":"Erasco H\u00fchner Nudel-Topf 800g"}]},{"@type":"WebSite","@id":"https:\/\/bringflix.shop\/#website","url":"https:\/\/bringflix.shop\/","name":"BringFlix","description":"","publisher":{"@id":"https:\/\/bringflix.shop\/#organization"},"potentialAction":[{"@type":"SearchAction","target":{"@type":"EntryPoint","urlTemplate":"https:\/\/bringflix.shop\/?s={search_term_string}"},"query-input":{"@type":"PropertyValueSpecification","valueRequired":true,"valueName":"search_term_string"}}],"inLanguage":"en-US"},{"@type":"Organization","@id":"https:\/\/bringflix.shop\/#organization","name":"BringFlix","url":"https:\/\/bringflix.shop\/","logo":{"@type":"ImageObject","inLanguage":"en-US","@id":"https:\/\/bringflix.shop\/#\/schema\/logo\/image\/","url":"https:\/\/bringflix.shop\/wp-content\/uploads\/2024\/11\/logo-bring-flix.png","contentUrl":"https:\/\/bringflix.shop\/wp-content\/uploads\/2024\/11\/logo-bring-flix.png","width":858,"height":316,"caption":"BringFlix"},"image":{"@id":"https:\/\/bringflix.shop\/#\/schema\/logo\/image\/"}}]}},"jetpack_sharing_enabled":true,"_links":{"self":[{"href":"https:\/\/bringflix.shop\/en\/wp-json\/wp\/v2\/product\/2177","targetHints":{"allow":["GET"]}}],"collection":[{"href":"https:\/\/bringflix.shop\/en\/wp-json\/wp\/v2\/product"}],"about":[{"href":"https:\/\/bringflix.shop\/en\/wp-json\/wp\/v2\/types\/product"}],"replies":[{"embeddable":true,"href":"https:\/\/bringflix.shop\/en\/wp-json\/wp\/v2\/comments?post=2177"}],"wp:featuredmedia":[{"embeddable":true,"href":"https:\/\/bringflix.shop\/en\/wp-json\/wp\/v2\/media\/2178"}],"wp:attachment":[{"href":"https:\/\/bringflix.shop\/en\/wp-json\/wp\/v2\/media?parent=2177"}],"wp:term":[{"taxonomy":"product_brand","embeddable":true,"href":"https:\/\/bringflix.shop\/en\/wp-json\/wp\/v2\/product_brand?post=2177"},{"taxonomy":"product_cat","embeddable":true,"href":"https:\/\/bringflix.shop\/en\/wp-json\/wp\/v2\/product_cat?post=2177"},{"taxonomy":"product_tag","embeddable":true,"href":"https:\/\/bringflix.shop\/en\/wp-json\/wp\/v2\/product_tag?post=2177"}],"curies":[{"name":"wp","href":"https:\/\/api.w.org\/{rel}","templated":true}]}}