{"id":2171,"date":"2024-12-05T09:30:42","date_gmt":"2024-12-05T09:30:42","guid":{"rendered":"https:\/\/bringflix.shop\/?post_type=product&#038;p=2171"},"modified":"2026-05-01T07:01:24","modified_gmt":"2026-05-01T05:01:24","slug":"maggi-ravioli-in-pikanter-sauce-mit-fleisch-800g","status":"publish","type":"product","link":"https:\/\/bringflix.shop\/en\/Produkte\/maggi-ravioli-in-pikanter-sauce-mit-fleisch-800g\/","title":{"rendered":"Maggi Ravioli in pikanter Sauce mit Fleisch 800g"},"content":{"rendered":"<h3>Bezeichnung:<\/h3>\n<p>Ravioli in pikanter Sauce mit Rindfleisch und Speck<\/p>\n<h3>Herkunft:<\/h3>\n<p>Deutschland<\/p>\n<h3>Konservierung und Lagerung:<\/h3>\n<p>Bitte trocken lagern.<\/p>\n<h3>Hersteller-\/Inverkehrbringer:<\/h3>\n<p>Maggi GmbH, Julius-B\u00fchrer-Stra\u00dfe 8, 78224 Singen (Hohentwiel)<\/p>\n<h3>Anwendungsempfehlung:<\/h3>\n<p>Zubereitung im Topf &amp; Mikrowelle: Ravioli in einen Topf geben und bei geringer W\u00e4rmezufuhr hei\u00df werden lassen oder in ein mikrowellengeeignetes Serviergeschirr geben und zugedeckt ca. 4 Min. bei 600 Watt erw\u00e4rmen. Umr\u00fchren und ca. 4 Min. weiter erw\u00e4rmen.<\/p>","protected":false},"excerpt":{"rendered":"<h3>Zutaten:<\/h3>\n<p>74,5% Tomatensauce [Wasser*, 20,5 % Tomatenmark*, 3% Rindfleisch*, Maisst\u00e4rke*, Rinderfett*, Jodsalz (Salz, Kaliumjodat), Zucker*, 0,2% ger\u00e4ucherter Speck* (Speck, Salz, Rauch), Zwiebeln*, Paprika*, W\u00fcrze* (aus WEIZEN), Lauch*, SELLERIE*, Pfeffer*, Salz], 25,5 % Ravioli [HARTWEIZENGRIESS*, Wasser*, WEIZENMEHL*, Paniermehl (WEIZENMEHL, Jodsalz (Salz, Kaliumjodat), Hefe), WEIZENEIWEISS*, 0,6% ger\u00e4ucherter Speck* (Speck, Salz, Rauch), Gew\u00fcrze*, Jodsalz (Salz, Kaliumjodat), Kartoffelst\u00e4rke*, Majoran*, Lorbeerbl\u00e4tter*].<\/p>\n<h3>Allergene:<\/h3>\n<p>Weizen, Sellerie, Hartweizengrie\u00df, Weizenmehl, Weizeneiwei\u00df. Kann EIER, MILCH, SENF und SOJA enthalten.<\/p>\n<h3>N\u00e4hrwerte (je 100 g):<\/h3>\n<table>\n<tbody>\n<tr>\n<td width=\"319\">Energie (kJ\/kcal)<\/td>\n<td width=\"256\">335 kJ\/80 kcal<\/td>\n<\/tr>\n<tr>\n<td width=\"319\">Fett<\/td>\n<td width=\"256\">2 g<\/td>\n<\/tr>\n<tr>\n<td width=\"319\">&#8211; davon ges\u00e4ttigte Fetts\u00e4uren<\/td>\n<td width=\"256\">0,7 g<\/td>\n<\/tr>\n<tr>\n<td width=\"319\">Kohlenhydrate<\/td>\n<td width=\"256\">11,7 g<\/td>\n<\/tr>\n<tr>\n<td width=\"319\">&#8211; davon Zucker<\/td>\n<td width=\"256\">1,7 g<\/td>\n<\/tr>\n<tr>\n<td width=\"319\">Ballaststoffe<\/td>\n<td width=\"256\">1 g<\/td>\n<\/tr>\n<tr>\n<td width=\"319\">Eiwei\u00df<\/td>\n<td width=\"256\">3,2 g<\/td>\n<\/tr>\n<tr>\n<td width=\"319\">Salz<\/td>\n<td width=\"256\">0,93 g<\/td>\n<\/tr>\n<\/tbody>\n<\/table>\n<p>&nbsp;<\/p>","protected":false},"featured_media":2172,"comment_status":"open","ping_status":"closed","template":"","meta":{"_acf_changed":false,"inline_featured_image":false,"site-sidebar-layout":"default","site-content-layout":"","ast-site-content-layout":"default","site-content-style":"default","site-sidebar-style":"default","ast-global-header-display":"","ast-banner-title-visibility":"","ast-main-header-display":"","ast-hfb-above-header-display":"","ast-hfb-below-header-display":"","ast-hfb-mobile-header-display":"","site-post-title":"","ast-breadcrumbs-content":"","ast-featured-img":"","footer-sml-layout":"","theme-transparent-header-meta":"default","adv-header-id-meta":"","stick-header-meta":"","header-above-stick-meta":"","header-main-stick-meta":"","header-below-stick-meta":"","astra-migrate-meta-layouts":"set","ast-page-background-enabled":"default","ast-page-background-meta":{"desktop":{"background-color":"var(--ast-global-color-4)","background-image":"","background-repeat":"repeat","background-position":"center center","background-size":"auto","background-attachment":"scroll","background-type":"","background-media":"","overlay-type":"","overlay-color":"","overlay-opacity":"","overlay-gradient":""},"tablet":{"background-color":"","background-image":"","background-repeat":"repeat","background-position":"center center","background-size":"auto","background-attachment":"scroll","background-type":"","background-media":"","overlay-type":"","overlay-color":"","overlay-opacity":"","overlay-gradient":""},"mobile":{"background-color":"","background-image":"","background-repeat":"repeat","background-position":"center center","background-size":"auto","background-attachment":"scroll","background-type":"","background-media":"","overlay-type":"","overlay-color":"","overlay-opacity":"","overlay-gradient":""}},"ast-content-background-meta":{"desktop":{"background-color":"var(--ast-global-color-5)","background-image":"","background-repeat":"repeat","background-position":"center center","background-size":"auto","background-attachment":"scroll","background-type":"","background-media":"","overlay-type":"","overlay-color":"","overlay-opacity":"","overlay-gradient":""},"tablet":{"background-color":"var(--ast-global-color-5)","background-image":"","background-repeat":"repeat","background-position":"center center","background-size":"auto","background-attachment":"scroll","background-type":"","background-media":"","overlay-type":"","overlay-color":"","overlay-opacity":"","overlay-gradient":""},"mobile":{"background-color":"var(--ast-global-color-5)","background-image":"","background-repeat":"repeat","background-position":"center center","background-size":"auto","background-attachment":"scroll","background-type":"","background-media":"","overlay-type":"","overlay-color":"","overlay-opacity":"","overlay-gradient":""}}},"product_brand":[],"product_cat":[37,30],"product_tag":[],"class_list":{"0":"post-2171","1":"product","2":"type-product","3":"status-publish","4":"has-post-thumbnail","6":"product_cat-konserven-pasta-saucen","7":"product_cat-trockensortiment","8":"desktop-align-left","9":"tablet-align-left","10":"mobile-align-left","12":"first","13":"instock","14":"taxable","15":"shipping-taxable","16":"purchasable","17":"product-type-simple"},"acf":[],"yoast_head":"<!-- This site is optimized with the Yoast SEO plugin v24.5 - https:\/\/yoast.com\/wordpress\/plugins\/seo\/ -->\n<title>Maggi Ravioli in pikanter Sauce mit Fleisch 800g - BringFlix<\/title>\n<meta name=\"robots\" content=\"index, follow, max-snippet:-1, max-image-preview:large, max-video-preview:-1\" \/>\n<link rel=\"canonical\" href=\"https:\/\/bringflix.shop\/en\/Produkte\/maggi-ravioli-in-pikanter-sauce-mit-fleisch-800g\/\" \/>\n<meta property=\"og:locale\" content=\"en_US\" \/>\n<meta property=\"og:type\" content=\"article\" \/>\n<meta property=\"og:title\" content=\"Maggi Ravioli in pikanter Sauce mit Fleisch 800g - BringFlix\" \/>\n<meta property=\"og:description\" content=\"Zutaten: 74,5% Tomatensauce [Wasser*, 20,5 % Tomatenmark*, 3% Rindfleisch*, Maisst\u00e4rke*, Rinderfett*, Jodsalz (Salz, Kaliumjodat), Zucker*, 0,2% ger\u00e4ucherter Speck* (Speck, Salz, Rauch), Zwiebeln*, Paprika*, W\u00fcrze* (aus WEIZEN), Lauch*, SELLERIE*, Pfeffer*, Salz], 25,5 % Ravioli [HARTWEIZENGRIESS*, Wasser*, WEIZENMEHL*, Paniermehl (WEIZENMEHL, Jodsalz (Salz, Kaliumjodat), Hefe), WEIZENEIWEISS*, 0,6% ger\u00e4ucherter Speck* (Speck, Salz, Rauch), Gew\u00fcrze*, Jodsalz (Salz, Kaliumjodat), Kartoffelst\u00e4rke*, Majoran*, Lorbeerbl\u00e4tter*]. Allergene: Weizen, Sellerie, Hartweizengrie\u00df, Weizenmehl, Weizeneiwei\u00df. Kann EIER, MILCH, SENF und SOJA enthalten. N\u00e4hrwerte (je 100 g):    Energie (kJ\/kcal) 335 kJ\/80 kcal   Fett 2 g   - davon ges\u00e4ttigte Fetts\u00e4uren 0,7 g   Kohlenhydrate 11,7 g   - davon Zucker 1,7 g   Ballaststoffe 1 g   Eiwei\u00df 3,2 g   Salz 0,93 g    &nbsp;\" \/>\n<meta property=\"og:url\" content=\"https:\/\/bringflix.shop\/en\/Produkte\/maggi-ravioli-in-pikanter-sauce-mit-fleisch-800g\/\" \/>\n<meta property=\"og:site_name\" content=\"BringFlix\" \/>\n<meta property=\"article:modified_time\" content=\"2026-05-01T05:01:24+00:00\" \/>\n<meta property=\"og:image\" content=\"https:\/\/bringflix.shop\/wp-content\/uploads\/2024\/12\/80_copy_600x600-1.png\" \/>\n\t<meta property=\"og:image:width\" content=\"600\" \/>\n\t<meta property=\"og:image:height\" content=\"600\" \/>\n\t<meta property=\"og:image:type\" content=\"image\/png\" \/>\n<meta name=\"twitter:card\" content=\"summary_large_image\" \/>\n<meta name=\"twitter:label1\" content=\"Est. reading time\" \/>\n\t<meta name=\"twitter:data1\" content=\"1 minute\" \/>\n<script type=\"application\/ld+json\" class=\"yoast-schema-graph\">{\"@context\":\"https:\/\/schema.org\",\"@graph\":[{\"@type\":\"WebPage\",\"@id\":\"https:\/\/bringflix.shop\/Produkte\/maggi-ravioli-in-pikanter-sauce-mit-fleisch-800g\/\",\"url\":\"https:\/\/bringflix.shop\/Produkte\/maggi-ravioli-in-pikanter-sauce-mit-fleisch-800g\/\",\"name\":\"Maggi Ravioli in pikanter Sauce mit Fleisch 800g - BringFlix\",\"isPartOf\":{\"@id\":\"https:\/\/bringflix.shop\/#website\"},\"primaryImageOfPage\":{\"@id\":\"https:\/\/bringflix.shop\/Produkte\/maggi-ravioli-in-pikanter-sauce-mit-fleisch-800g\/#primaryimage\"},\"image\":{\"@id\":\"https:\/\/bringflix.shop\/Produkte\/maggi-ravioli-in-pikanter-sauce-mit-fleisch-800g\/#primaryimage\"},\"thumbnailUrl\":\"https:\/\/bringflix.shop\/wp-content\/uploads\/2024\/12\/80_copy_600x600-1.png\",\"datePublished\":\"2024-12-05T09:30:42+00:00\",\"dateModified\":\"2026-05-01T05:01:24+00:00\",\"breadcrumb\":{\"@id\":\"https:\/\/bringflix.shop\/Produkte\/maggi-ravioli-in-pikanter-sauce-mit-fleisch-800g\/#breadcrumb\"},\"inLanguage\":\"en-US\",\"potentialAction\":[{\"@type\":\"ReadAction\",\"target\":[\"https:\/\/bringflix.shop\/Produkte\/maggi-ravioli-in-pikanter-sauce-mit-fleisch-800g\/\"]}]},{\"@type\":\"ImageObject\",\"inLanguage\":\"en-US\",\"@id\":\"https:\/\/bringflix.shop\/Produkte\/maggi-ravioli-in-pikanter-sauce-mit-fleisch-800g\/#primaryimage\",\"url\":\"https:\/\/bringflix.shop\/wp-content\/uploads\/2024\/12\/80_copy_600x600-1.png\",\"contentUrl\":\"https:\/\/bringflix.shop\/wp-content\/uploads\/2024\/12\/80_copy_600x600-1.png\",\"width\":600,\"height\":600},{\"@type\":\"BreadcrumbList\",\"@id\":\"https:\/\/bringflix.shop\/Produkte\/maggi-ravioli-in-pikanter-sauce-mit-fleisch-800g\/#breadcrumb\",\"itemListElement\":[{\"@type\":\"ListItem\",\"position\":1,\"name\":\"Home\",\"item\":\"https:\/\/bringflix.shop\/\"},{\"@type\":\"ListItem\",\"position\":2,\"name\":\"Shop\",\"item\":\"https:\/\/bringflix.shop\/shop\/\"},{\"@type\":\"ListItem\",\"position\":3,\"name\":\"Maggi Ravioli in pikanter Sauce mit Fleisch 800g\"}]},{\"@type\":\"WebSite\",\"@id\":\"https:\/\/bringflix.shop\/#website\",\"url\":\"https:\/\/bringflix.shop\/\",\"name\":\"BringFlix\",\"description\":\"\",\"publisher\":{\"@id\":\"https:\/\/bringflix.shop\/#organization\"},\"potentialAction\":[{\"@type\":\"SearchAction\",\"target\":{\"@type\":\"EntryPoint\",\"urlTemplate\":\"https:\/\/bringflix.shop\/?s={search_term_string}\"},\"query-input\":{\"@type\":\"PropertyValueSpecification\",\"valueRequired\":true,\"valueName\":\"search_term_string\"}}],\"inLanguage\":\"en-US\"},{\"@type\":\"Organization\",\"@id\":\"https:\/\/bringflix.shop\/#organization\",\"name\":\"BringFlix\",\"url\":\"https:\/\/bringflix.shop\/\",\"logo\":{\"@type\":\"ImageObject\",\"inLanguage\":\"en-US\",\"@id\":\"https:\/\/bringflix.shop\/#\/schema\/logo\/image\/\",\"url\":\"https:\/\/bringflix.shop\/wp-content\/uploads\/2024\/11\/logo-bring-flix.png\",\"contentUrl\":\"https:\/\/bringflix.shop\/wp-content\/uploads\/2024\/11\/logo-bring-flix.png\",\"width\":858,\"height\":316,\"caption\":\"BringFlix\"},\"image\":{\"@id\":\"https:\/\/bringflix.shop\/#\/schema\/logo\/image\/\"}}]}<\/script>\n<!-- \/ Yoast SEO plugin. -->","yoast_head_json":{"title":"Maggi Ravioli in pikanter Sauce mit Fleisch 800g - BringFlix","robots":{"index":"index","follow":"follow","max-snippet":"max-snippet:-1","max-image-preview":"max-image-preview:large","max-video-preview":"max-video-preview:-1"},"canonical":"https:\/\/bringflix.shop\/en\/Produkte\/maggi-ravioli-in-pikanter-sauce-mit-fleisch-800g\/","og_locale":"en_US","og_type":"article","og_title":"Maggi Ravioli in pikanter Sauce mit Fleisch 800g - BringFlix","og_description":"Zutaten: 74,5% Tomatensauce [Wasser*, 20,5 % Tomatenmark*, 3% Rindfleisch*, Maisst\u00e4rke*, Rinderfett*, Jodsalz (Salz, Kaliumjodat), Zucker*, 0,2% ger\u00e4ucherter Speck* (Speck, Salz, Rauch), Zwiebeln*, Paprika*, W\u00fcrze* (aus WEIZEN), Lauch*, SELLERIE*, Pfeffer*, Salz], 25,5 % Ravioli [HARTWEIZENGRIESS*, Wasser*, WEIZENMEHL*, Paniermehl (WEIZENMEHL, Jodsalz (Salz, Kaliumjodat), Hefe), WEIZENEIWEISS*, 0,6% ger\u00e4ucherter Speck* (Speck, Salz, Rauch), Gew\u00fcrze*, Jodsalz (Salz, Kaliumjodat), Kartoffelst\u00e4rke*, Majoran*, Lorbeerbl\u00e4tter*]. Allergene: Weizen, Sellerie, Hartweizengrie\u00df, Weizenmehl, Weizeneiwei\u00df. Kann EIER, MILCH, SENF und SOJA enthalten. N\u00e4hrwerte (je 100 g):    Energie (kJ\/kcal) 335 kJ\/80 kcal   Fett 2 g   - davon ges\u00e4ttigte Fetts\u00e4uren 0,7 g   Kohlenhydrate 11,7 g   - davon Zucker 1,7 g   Ballaststoffe 1 g   Eiwei\u00df 3,2 g   Salz 0,93 g    &nbsp;","og_url":"https:\/\/bringflix.shop\/en\/Produkte\/maggi-ravioli-in-pikanter-sauce-mit-fleisch-800g\/","og_site_name":"BringFlix","article_modified_time":"2026-05-01T05:01:24+00:00","og_image":[{"width":600,"height":600,"url":"https:\/\/bringflix.shop\/wp-content\/uploads\/2024\/12\/80_copy_600x600-1.png","type":"image\/png"}],"twitter_card":"summary_large_image","twitter_misc":{"Est. reading time":"1 minute"},"schema":{"@context":"https:\/\/schema.org","@graph":[{"@type":"WebPage","@id":"https:\/\/bringflix.shop\/Produkte\/maggi-ravioli-in-pikanter-sauce-mit-fleisch-800g\/","url":"https:\/\/bringflix.shop\/Produkte\/maggi-ravioli-in-pikanter-sauce-mit-fleisch-800g\/","name":"Maggi Ravioli in pikanter Sauce mit Fleisch 800g - BringFlix","isPartOf":{"@id":"https:\/\/bringflix.shop\/#website"},"primaryImageOfPage":{"@id":"https:\/\/bringflix.shop\/Produkte\/maggi-ravioli-in-pikanter-sauce-mit-fleisch-800g\/#primaryimage"},"image":{"@id":"https:\/\/bringflix.shop\/Produkte\/maggi-ravioli-in-pikanter-sauce-mit-fleisch-800g\/#primaryimage"},"thumbnailUrl":"https:\/\/bringflix.shop\/wp-content\/uploads\/2024\/12\/80_copy_600x600-1.png","datePublished":"2024-12-05T09:30:42+00:00","dateModified":"2026-05-01T05:01:24+00:00","breadcrumb":{"@id":"https:\/\/bringflix.shop\/Produkte\/maggi-ravioli-in-pikanter-sauce-mit-fleisch-800g\/#breadcrumb"},"inLanguage":"en-US","potentialAction":[{"@type":"ReadAction","target":["https:\/\/bringflix.shop\/Produkte\/maggi-ravioli-in-pikanter-sauce-mit-fleisch-800g\/"]}]},{"@type":"ImageObject","inLanguage":"en-US","@id":"https:\/\/bringflix.shop\/Produkte\/maggi-ravioli-in-pikanter-sauce-mit-fleisch-800g\/#primaryimage","url":"https:\/\/bringflix.shop\/wp-content\/uploads\/2024\/12\/80_copy_600x600-1.png","contentUrl":"https:\/\/bringflix.shop\/wp-content\/uploads\/2024\/12\/80_copy_600x600-1.png","width":600,"height":600},{"@type":"BreadcrumbList","@id":"https:\/\/bringflix.shop\/Produkte\/maggi-ravioli-in-pikanter-sauce-mit-fleisch-800g\/#breadcrumb","itemListElement":[{"@type":"ListItem","position":1,"name":"Home","item":"https:\/\/bringflix.shop\/"},{"@type":"ListItem","position":2,"name":"Shop","item":"https:\/\/bringflix.shop\/shop\/"},{"@type":"ListItem","position":3,"name":"Maggi Ravioli in pikanter Sauce mit Fleisch 800g"}]},{"@type":"WebSite","@id":"https:\/\/bringflix.shop\/#website","url":"https:\/\/bringflix.shop\/","name":"BringFlix","description":"","publisher":{"@id":"https:\/\/bringflix.shop\/#organization"},"potentialAction":[{"@type":"SearchAction","target":{"@type":"EntryPoint","urlTemplate":"https:\/\/bringflix.shop\/?s={search_term_string}"},"query-input":{"@type":"PropertyValueSpecification","valueRequired":true,"valueName":"search_term_string"}}],"inLanguage":"en-US"},{"@type":"Organization","@id":"https:\/\/bringflix.shop\/#organization","name":"BringFlix","url":"https:\/\/bringflix.shop\/","logo":{"@type":"ImageObject","inLanguage":"en-US","@id":"https:\/\/bringflix.shop\/#\/schema\/logo\/image\/","url":"https:\/\/bringflix.shop\/wp-content\/uploads\/2024\/11\/logo-bring-flix.png","contentUrl":"https:\/\/bringflix.shop\/wp-content\/uploads\/2024\/11\/logo-bring-flix.png","width":858,"height":316,"caption":"BringFlix"},"image":{"@id":"https:\/\/bringflix.shop\/#\/schema\/logo\/image\/"}}]}},"jetpack_sharing_enabled":true,"_links":{"self":[{"href":"https:\/\/bringflix.shop\/en\/wp-json\/wp\/v2\/product\/2171","targetHints":{"allow":["GET"]}}],"collection":[{"href":"https:\/\/bringflix.shop\/en\/wp-json\/wp\/v2\/product"}],"about":[{"href":"https:\/\/bringflix.shop\/en\/wp-json\/wp\/v2\/types\/product"}],"replies":[{"embeddable":true,"href":"https:\/\/bringflix.shop\/en\/wp-json\/wp\/v2\/comments?post=2171"}],"wp:featuredmedia":[{"embeddable":true,"href":"https:\/\/bringflix.shop\/en\/wp-json\/wp\/v2\/media\/2172"}],"wp:attachment":[{"href":"https:\/\/bringflix.shop\/en\/wp-json\/wp\/v2\/media?parent=2171"}],"wp:term":[{"taxonomy":"product_brand","embeddable":true,"href":"https:\/\/bringflix.shop\/en\/wp-json\/wp\/v2\/product_brand?post=2171"},{"taxonomy":"product_cat","embeddable":true,"href":"https:\/\/bringflix.shop\/en\/wp-json\/wp\/v2\/product_cat?post=2171"},{"taxonomy":"product_tag","embeddable":true,"href":"https:\/\/bringflix.shop\/en\/wp-json\/wp\/v2\/product_tag?post=2171"}],"curies":[{"name":"wp","href":"https:\/\/api.w.org\/{rel}","templated":true}]}}