{"id":2112,"date":"2024-12-04T12:49:11","date_gmt":"2024-12-04T11:49:11","guid":{"rendered":"https:\/\/bringflix.shop\/?post_type=product&#038;p=2112"},"modified":"2026-02-16T17:38:01","modified_gmt":"2026-02-16T16:38:01","slug":"ahoj-brause-kaubonbons-150g","status":"publish","type":"product","link":"https:\/\/bringflix.shop\/en\/Produkte\/ahoj-brause-kaubonbons-150g\/","title":{"rendered":"Ahoj Brause Kaubonbons 150g"},"content":{"rendered":"<h3><b>Bezeichnung:<\/b><\/h3>\n<p>Kaubonbon<\/p>\n<h3><b>Herkunft:<\/b><\/h3>\n<p>Deutschland<\/p>\n<h3><b>Hersteller-\/ Inverkehrbringer:<\/b><span style=\"font-size: 1.5em;font-weight: bold\">\u00a0<\/span><\/h3>\n<div class=\"pdpr-Attribute\">Frigeo Vertriebsgesellschaft mbH &amp; Co. KG, <span style=\"font-size: 12px\">Alfred-Klingele-Str. 48, 73630 Remshalden, Germany<\/span><\/div>","protected":false},"excerpt":{"rendered":"<h3><b>Zutaten:<\/b><\/h3>\n<p>Glukosesirup, Zucker, Maltodextrin, Glukose-Fruktose-Sirup, S\u00e4uerungsmittel: Citronens\u00e4ure, S\u00e4ureregulatoren (Natrium-Kaliumtartrat, Calciumcarbonat, Kaliumcitrat), Geliermittel: Pektine, f\u00e4rbende Frucht- und Pflanzenkonzentrate (Rettich, Apfel, Saflor, Kurkuma, S\u00fc\u00dfkartoffel, Schwarze Johannisbeere, Zitrone), Kartoffelprotein, nat\u00fcrliche Aromen, f\u00e4rbendes Spirulinakonzentrat.<br \/>\nKann Spuren von MILCH enthalten.<\/p>\n<h3><b>Allergene:<\/b><\/h3>\n<p>Kann enthalten: Milch und Milcherzeugnisse (einschlie\u00dflich Lactose).<\/p>\n<h3><b>N\u00e4hrwerte (je 100 g):<\/b><b>\u00a0<\/b><\/h3>\n<table class=\"pdsr-Table  pdpr-NutritionTable\">\n<tbody role=\"tbody\">\n<tr class=\"pdsr-Table--Row\" role=\"row\">\n<td class=\"pdpr-Table--Cell--Highlight\" role=\"td\" colspan=\"1\">Energie<\/td>\n<td class=\"\" role=\"td\" colspan=\"1\">1.520 kJ<\/td>\n<\/tr>\n<tr class=\"pdsr-Table--Row\" role=\"row\">\n<td class=\"pdpr-Table--Cell--Highlight\" role=\"td\" colspan=\"1\">Energie<\/td>\n<td class=\"\" role=\"td\" colspan=\"1\">358 kcal<\/td>\n<\/tr>\n<tr class=\"pdsr-Table--Row\" role=\"row\">\n<td class=\"pdpr-Table--Cell--Highlight\" role=\"td\" colspan=\"1\">Fett<\/td>\n<td class=\"\" role=\"td\" colspan=\"1\">0,1 g<\/td>\n<\/tr>\n<tr class=\"pdsr-Table--Row\" role=\"row\">\n<td class=\"pdpr-Table--Cell--Highlight\" role=\"td\" colspan=\"1\">Fett, davon ges\u00e4ttigte Fetts\u00e4uren<\/td>\n<td class=\"\" role=\"td\" colspan=\"1\">0,1 g<\/td>\n<\/tr>\n<tr class=\"pdsr-Table--Row\" role=\"row\">\n<td class=\"pdpr-Table--Cell--Highlight\" role=\"td\" colspan=\"1\">Kohlenhydrate<\/td>\n<td class=\"\" role=\"td\" colspan=\"1\">86 g<\/td>\n<\/tr>\n<tr class=\"pdsr-Table--Row\" role=\"row\">\n<td class=\"pdpr-Table--Cell--Highlight\" role=\"td\" colspan=\"1\">Kohlenhydrate, davon Zucker<\/td>\n<td class=\"\" role=\"td\" colspan=\"1\">57 g<\/td>\n<\/tr>\n<tr class=\"pdsr-Table--Row\" role=\"row\">\n<td class=\"pdpr-Table--Cell--Highlight\" role=\"td\" colspan=\"1\">Eiwei\u00df<\/td>\n<td class=\"\" role=\"td\" colspan=\"1\">0,3 g<\/td>\n<\/tr>\n<tr class=\"pdsr-Table--Row\" role=\"row\">\n<td class=\"pdpr-Table--Cell--Highlight\" role=\"td\" colspan=\"1\">Salz<\/td>\n<td class=\"\" role=\"td\" colspan=\"1\">0,29 g<\/td>\n<\/tr>\n<\/tbody>\n<\/table>","protected":false},"featured_media":1683,"comment_status":"open","ping_status":"closed","template":"","meta":{"_acf_changed":false,"inline_featured_image":false,"site-sidebar-layout":"default","site-content-layout":"","ast-site-content-layout":"default","site-content-style":"default","site-sidebar-style":"default","ast-global-header-display":"","ast-banner-title-visibility":"","ast-main-header-display":"","ast-hfb-above-header-display":"","ast-hfb-below-header-display":"","ast-hfb-mobile-header-display":"","site-post-title":"","ast-breadcrumbs-content":"","ast-featured-img":"","footer-sml-layout":"","theme-transparent-header-meta":"default","adv-header-id-meta":"","stick-header-meta":"","header-above-stick-meta":"","header-main-stick-meta":"","header-below-stick-meta":"","astra-migrate-meta-layouts":"set","ast-page-background-enabled":"default","ast-page-background-meta":{"desktop":{"background-color":"var(--ast-global-color-4)","background-image":"","background-repeat":"repeat","background-position":"center center","background-size":"auto","background-attachment":"scroll","background-type":"","background-media":"","overlay-type":"","overlay-color":"","overlay-opacity":"","overlay-gradient":""},"tablet":{"background-color":"","background-image":"","background-repeat":"repeat","background-position":"center center","background-size":"auto","background-attachment":"scroll","background-type":"","background-media":"","overlay-type":"","overlay-color":"","overlay-opacity":"","overlay-gradient":""},"mobile":{"background-color":"","background-image":"","background-repeat":"repeat","background-position":"center center","background-size":"auto","background-attachment":"scroll","background-type":"","background-media":"","overlay-type":"","overlay-color":"","overlay-opacity":"","overlay-gradient":""}},"ast-content-background-meta":{"desktop":{"background-color":"var(--ast-global-color-5)","background-image":"","background-repeat":"repeat","background-position":"center center","background-size":"auto","background-attachment":"scroll","background-type":"","background-media":"","overlay-type":"","overlay-color":"","overlay-opacity":"","overlay-gradient":""},"tablet":{"background-color":"var(--ast-global-color-5)","background-image":"","background-repeat":"repeat","background-position":"center center","background-size":"auto","background-attachment":"scroll","background-type":"","background-media":"","overlay-type":"","overlay-color":"","overlay-opacity":"","overlay-gradient":""},"mobile":{"background-color":"var(--ast-global-color-5)","background-image":"","background-repeat":"repeat","background-position":"center center","background-size":"auto","background-attachment":"scroll","background-type":"","background-media":"","overlay-type":"","overlay-color":"","overlay-opacity":"","overlay-gradient":""}}},"product_brand":[],"product_cat":[43,39],"product_tag":[],"class_list":{"0":"post-2112","1":"product","2":"type-product","3":"status-publish","4":"has-post-thumbnail","6":"product_cat-kaubonbons-kaugummi","7":"product_cat-suesse-salzige-snacks","8":"desktop-align-left","9":"tablet-align-left","10":"mobile-align-left","12":"first","13":"instock","14":"taxable","15":"shipping-taxable","16":"purchasable","17":"product-type-simple"},"acf":[],"yoast_head":"<!-- This site is optimized with the Yoast SEO plugin v24.5 - https:\/\/yoast.com\/wordpress\/plugins\/seo\/ -->\n<title>Ahoj Brause Kaubonbons 150g - BringFlix<\/title>\n<meta name=\"robots\" content=\"index, follow, max-snippet:-1, max-image-preview:large, max-video-preview:-1\" \/>\n<link rel=\"canonical\" href=\"https:\/\/bringflix.shop\/en\/Produkte\/ahoj-brause-kaubonbons-150g\/\" \/>\n<meta property=\"og:locale\" content=\"en_US\" \/>\n<meta property=\"og:type\" content=\"article\" \/>\n<meta property=\"og:title\" content=\"Ahoj Brause Kaubonbons 150g - BringFlix\" \/>\n<meta property=\"og:description\" content=\"Zutaten: Glukosesirup, Zucker, Maltodextrin, Glukose-Fruktose-Sirup, S\u00e4uerungsmittel: Citronens\u00e4ure, S\u00e4ureregulatoren (Natrium-Kaliumtartrat, Calciumcarbonat, Kaliumcitrat), Geliermittel: Pektine, f\u00e4rbende Frucht- und Pflanzenkonzentrate (Rettich, Apfel, Saflor, Kurkuma, S\u00fc\u00dfkartoffel, Schwarze Johannisbeere, Zitrone), Kartoffelprotein, nat\u00fcrliche Aromen, f\u00e4rbendes Spirulinakonzentrat. Kann Spuren von MILCH enthalten. Allergene: Kann enthalten: Milch und Milcherzeugnisse (einschlie\u00dflich Lactose). N\u00e4hrwerte (je 100 g):\u00a0    Energie 1.520 kJ   Energie 358 kcal   Fett 0,1 g   Fett, davon ges\u00e4ttigte Fetts\u00e4uren 0,1 g   Kohlenhydrate 86 g   Kohlenhydrate, davon Zucker 57 g   Eiwei\u00df 0,3 g   Salz 0,29 g\" \/>\n<meta property=\"og:url\" content=\"https:\/\/bringflix.shop\/en\/Produkte\/ahoj-brause-kaubonbons-150g\/\" \/>\n<meta property=\"og:site_name\" content=\"BringFlix\" \/>\n<meta property=\"article:modified_time\" content=\"2026-02-16T16:38:01+00:00\" \/>\n<meta property=\"og:image\" content=\"https:\/\/bringflix.shop\/wp-content\/uploads\/2024\/12\/158_copy_600x600.png\" \/>\n\t<meta property=\"og:image:width\" content=\"600\" \/>\n\t<meta property=\"og:image:height\" content=\"600\" \/>\n\t<meta property=\"og:image:type\" content=\"image\/png\" \/>\n<meta name=\"twitter:card\" content=\"summary_large_image\" \/>\n<script type=\"application\/ld+json\" class=\"yoast-schema-graph\">{\"@context\":\"https:\/\/schema.org\",\"@graph\":[{\"@type\":\"WebPage\",\"@id\":\"https:\/\/bringflix.shop\/Produkte\/ahoj-brause-kaubonbons-150g\/\",\"url\":\"https:\/\/bringflix.shop\/Produkte\/ahoj-brause-kaubonbons-150g\/\",\"name\":\"Ahoj Brause Kaubonbons 150g - BringFlix\",\"isPartOf\":{\"@id\":\"https:\/\/bringflix.shop\/#website\"},\"primaryImageOfPage\":{\"@id\":\"https:\/\/bringflix.shop\/Produkte\/ahoj-brause-kaubonbons-150g\/#primaryimage\"},\"image\":{\"@id\":\"https:\/\/bringflix.shop\/Produkte\/ahoj-brause-kaubonbons-150g\/#primaryimage\"},\"thumbnailUrl\":\"https:\/\/bringflix.shop\/wp-content\/uploads\/2024\/12\/158_copy_600x600.png\",\"datePublished\":\"2024-12-04T11:49:11+00:00\",\"dateModified\":\"2026-02-16T16:38:01+00:00\",\"breadcrumb\":{\"@id\":\"https:\/\/bringflix.shop\/Produkte\/ahoj-brause-kaubonbons-150g\/#breadcrumb\"},\"inLanguage\":\"en-US\",\"potentialAction\":[{\"@type\":\"ReadAction\",\"target\":[\"https:\/\/bringflix.shop\/Produkte\/ahoj-brause-kaubonbons-150g\/\"]}]},{\"@type\":\"ImageObject\",\"inLanguage\":\"en-US\",\"@id\":\"https:\/\/bringflix.shop\/Produkte\/ahoj-brause-kaubonbons-150g\/#primaryimage\",\"url\":\"https:\/\/bringflix.shop\/wp-content\/uploads\/2024\/12\/158_copy_600x600.png\",\"contentUrl\":\"https:\/\/bringflix.shop\/wp-content\/uploads\/2024\/12\/158_copy_600x600.png\",\"width\":600,\"height\":600},{\"@type\":\"BreadcrumbList\",\"@id\":\"https:\/\/bringflix.shop\/Produkte\/ahoj-brause-kaubonbons-150g\/#breadcrumb\",\"itemListElement\":[{\"@type\":\"ListItem\",\"position\":1,\"name\":\"Home\",\"item\":\"https:\/\/bringflix.shop\/\"},{\"@type\":\"ListItem\",\"position\":2,\"name\":\"Shop\",\"item\":\"https:\/\/bringflix.shop\/shop\/\"},{\"@type\":\"ListItem\",\"position\":3,\"name\":\"Ahoj Brause Kaubonbons 150g\"}]},{\"@type\":\"WebSite\",\"@id\":\"https:\/\/bringflix.shop\/#website\",\"url\":\"https:\/\/bringflix.shop\/\",\"name\":\"BringFlix\",\"description\":\"\",\"publisher\":{\"@id\":\"https:\/\/bringflix.shop\/#organization\"},\"potentialAction\":[{\"@type\":\"SearchAction\",\"target\":{\"@type\":\"EntryPoint\",\"urlTemplate\":\"https:\/\/bringflix.shop\/?s={search_term_string}\"},\"query-input\":{\"@type\":\"PropertyValueSpecification\",\"valueRequired\":true,\"valueName\":\"search_term_string\"}}],\"inLanguage\":\"en-US\"},{\"@type\":\"Organization\",\"@id\":\"https:\/\/bringflix.shop\/#organization\",\"name\":\"BringFlix\",\"url\":\"https:\/\/bringflix.shop\/\",\"logo\":{\"@type\":\"ImageObject\",\"inLanguage\":\"en-US\",\"@id\":\"https:\/\/bringflix.shop\/#\/schema\/logo\/image\/\",\"url\":\"https:\/\/bringflix.shop\/wp-content\/uploads\/2024\/11\/logo-bring-flix.png\",\"contentUrl\":\"https:\/\/bringflix.shop\/wp-content\/uploads\/2024\/11\/logo-bring-flix.png\",\"width\":858,\"height\":316,\"caption\":\"BringFlix\"},\"image\":{\"@id\":\"https:\/\/bringflix.shop\/#\/schema\/logo\/image\/\"}}]}<\/script>\n<!-- \/ Yoast SEO plugin. -->","yoast_head_json":{"title":"Ahoj Brause Kaubonbons 150g - BringFlix","robots":{"index":"index","follow":"follow","max-snippet":"max-snippet:-1","max-image-preview":"max-image-preview:large","max-video-preview":"max-video-preview:-1"},"canonical":"https:\/\/bringflix.shop\/en\/Produkte\/ahoj-brause-kaubonbons-150g\/","og_locale":"en_US","og_type":"article","og_title":"Ahoj Brause Kaubonbons 150g - BringFlix","og_description":"Zutaten: Glukosesirup, Zucker, Maltodextrin, Glukose-Fruktose-Sirup, S\u00e4uerungsmittel: Citronens\u00e4ure, S\u00e4ureregulatoren (Natrium-Kaliumtartrat, Calciumcarbonat, Kaliumcitrat), Geliermittel: Pektine, f\u00e4rbende Frucht- und Pflanzenkonzentrate (Rettich, Apfel, Saflor, Kurkuma, S\u00fc\u00dfkartoffel, Schwarze Johannisbeere, Zitrone), Kartoffelprotein, nat\u00fcrliche Aromen, f\u00e4rbendes Spirulinakonzentrat. Kann Spuren von MILCH enthalten. Allergene: Kann enthalten: Milch und Milcherzeugnisse (einschlie\u00dflich Lactose). N\u00e4hrwerte (je 100 g):\u00a0    Energie 1.520 kJ   Energie 358 kcal   Fett 0,1 g   Fett, davon ges\u00e4ttigte Fetts\u00e4uren 0,1 g   Kohlenhydrate 86 g   Kohlenhydrate, davon Zucker 57 g   Eiwei\u00df 0,3 g   Salz 0,29 g","og_url":"https:\/\/bringflix.shop\/en\/Produkte\/ahoj-brause-kaubonbons-150g\/","og_site_name":"BringFlix","article_modified_time":"2026-02-16T16:38:01+00:00","og_image":[{"width":600,"height":600,"url":"https:\/\/bringflix.shop\/wp-content\/uploads\/2024\/12\/158_copy_600x600.png","type":"image\/png"}],"twitter_card":"summary_large_image","schema":{"@context":"https:\/\/schema.org","@graph":[{"@type":"WebPage","@id":"https:\/\/bringflix.shop\/Produkte\/ahoj-brause-kaubonbons-150g\/","url":"https:\/\/bringflix.shop\/Produkte\/ahoj-brause-kaubonbons-150g\/","name":"Ahoj Brause Kaubonbons 150g - BringFlix","isPartOf":{"@id":"https:\/\/bringflix.shop\/#website"},"primaryImageOfPage":{"@id":"https:\/\/bringflix.shop\/Produkte\/ahoj-brause-kaubonbons-150g\/#primaryimage"},"image":{"@id":"https:\/\/bringflix.shop\/Produkte\/ahoj-brause-kaubonbons-150g\/#primaryimage"},"thumbnailUrl":"https:\/\/bringflix.shop\/wp-content\/uploads\/2024\/12\/158_copy_600x600.png","datePublished":"2024-12-04T11:49:11+00:00","dateModified":"2026-02-16T16:38:01+00:00","breadcrumb":{"@id":"https:\/\/bringflix.shop\/Produkte\/ahoj-brause-kaubonbons-150g\/#breadcrumb"},"inLanguage":"en-US","potentialAction":[{"@type":"ReadAction","target":["https:\/\/bringflix.shop\/Produkte\/ahoj-brause-kaubonbons-150g\/"]}]},{"@type":"ImageObject","inLanguage":"en-US","@id":"https:\/\/bringflix.shop\/Produkte\/ahoj-brause-kaubonbons-150g\/#primaryimage","url":"https:\/\/bringflix.shop\/wp-content\/uploads\/2024\/12\/158_copy_600x600.png","contentUrl":"https:\/\/bringflix.shop\/wp-content\/uploads\/2024\/12\/158_copy_600x600.png","width":600,"height":600},{"@type":"BreadcrumbList","@id":"https:\/\/bringflix.shop\/Produkte\/ahoj-brause-kaubonbons-150g\/#breadcrumb","itemListElement":[{"@type":"ListItem","position":1,"name":"Home","item":"https:\/\/bringflix.shop\/"},{"@type":"ListItem","position":2,"name":"Shop","item":"https:\/\/bringflix.shop\/shop\/"},{"@type":"ListItem","position":3,"name":"Ahoj Brause Kaubonbons 150g"}]},{"@type":"WebSite","@id":"https:\/\/bringflix.shop\/#website","url":"https:\/\/bringflix.shop\/","name":"BringFlix","description":"","publisher":{"@id":"https:\/\/bringflix.shop\/#organization"},"potentialAction":[{"@type":"SearchAction","target":{"@type":"EntryPoint","urlTemplate":"https:\/\/bringflix.shop\/?s={search_term_string}"},"query-input":{"@type":"PropertyValueSpecification","valueRequired":true,"valueName":"search_term_string"}}],"inLanguage":"en-US"},{"@type":"Organization","@id":"https:\/\/bringflix.shop\/#organization","name":"BringFlix","url":"https:\/\/bringflix.shop\/","logo":{"@type":"ImageObject","inLanguage":"en-US","@id":"https:\/\/bringflix.shop\/#\/schema\/logo\/image\/","url":"https:\/\/bringflix.shop\/wp-content\/uploads\/2024\/11\/logo-bring-flix.png","contentUrl":"https:\/\/bringflix.shop\/wp-content\/uploads\/2024\/11\/logo-bring-flix.png","width":858,"height":316,"caption":"BringFlix"},"image":{"@id":"https:\/\/bringflix.shop\/#\/schema\/logo\/image\/"}}]}},"jetpack_sharing_enabled":true,"_links":{"self":[{"href":"https:\/\/bringflix.shop\/en\/wp-json\/wp\/v2\/product\/2112","targetHints":{"allow":["GET"]}}],"collection":[{"href":"https:\/\/bringflix.shop\/en\/wp-json\/wp\/v2\/product"}],"about":[{"href":"https:\/\/bringflix.shop\/en\/wp-json\/wp\/v2\/types\/product"}],"replies":[{"embeddable":true,"href":"https:\/\/bringflix.shop\/en\/wp-json\/wp\/v2\/comments?post=2112"}],"wp:featuredmedia":[{"embeddable":true,"href":"https:\/\/bringflix.shop\/en\/wp-json\/wp\/v2\/media\/1683"}],"wp:attachment":[{"href":"https:\/\/bringflix.shop\/en\/wp-json\/wp\/v2\/media?parent=2112"}],"wp:term":[{"taxonomy":"product_brand","embeddable":true,"href":"https:\/\/bringflix.shop\/en\/wp-json\/wp\/v2\/product_brand?post=2112"},{"taxonomy":"product_cat","embeddable":true,"href":"https:\/\/bringflix.shop\/en\/wp-json\/wp\/v2\/product_cat?post=2112"},{"taxonomy":"product_tag","embeddable":true,"href":"https:\/\/bringflix.shop\/en\/wp-json\/wp\/v2\/product_tag?post=2112"}],"curies":[{"name":"wp","href":"https:\/\/api.w.org\/{rel}","templated":true}]}}