{"id":2036,"date":"2024-12-03T07:52:06","date_gmt":"2024-12-03T07:52:06","guid":{"rendered":"https:\/\/bringflix.shop\/?post_type=product&#038;p=2036"},"modified":"2026-05-11T23:28:16","modified_gmt":"2026-05-11T21:28:16","slug":"toffifee-125g","status":"publish","type":"product","link":"https:\/\/bringflix.shop\/en\/Produkte\/toffifee-125g\/","title":{"rendered":"Toffifee 125g"},"content":{"rendered":"<h3 id=\"docs-internal-guid-b11d5945-7fff-785b-16b0-c78372fe8589\" dir=\"ltr\" style=\"line-height: 1.3800000000000001;margin-top: 10pt;margin-bottom: 0pt\"><span style=\"font-size: 11pt;font-family: Calibri,sans-serif;color: #000000;background-color: transparent;font-weight: bold;font-style: normal;font-variant: normal;text-decoration: none;vertical-align: baseline\">Bezeichnung:<\/span><\/h3>\n<p dir=\"ltr\" style=\"line-height: 1.3800000000000001;margin-top: 0pt;margin-bottom: 10pt\"><span style=\"font-size: 11pt;font-family: Cambria,serif;color: #000000;background-color: transparent;font-weight: 400;font-style: normal;font-variant: normal;text-decoration: none;vertical-align: baseline\">Die Haselnuss (10 %) in Caramel (41 %) mit Nougatcreme (37 %) und Schokolade (12 %)<\/span><\/p>\n<h3 dir=\"ltr\" style=\"line-height: 1.3800000000000001;margin-top: 10pt;margin-bottom: 0pt\"><span style=\"font-size: 11pt;font-family: Calibri,sans-serif;color: #000000;background-color: transparent;font-weight: bold;font-style: normal;font-variant: normal;text-decoration: none;vertical-align: baseline\">Herkunft:<\/span><\/h3>\n<p dir=\"ltr\" style=\"line-height: 1.3800000000000001;margin-top: 0pt;margin-bottom: 10pt\"><span style=\"font-size: 11pt;font-family: Cambria,serif;color: #000000;background-color: transparent;font-weight: 400;font-style: normal;font-variant: normal;text-decoration: none;vertical-align: baseline\">Deutschland<\/span><\/p>\n<h3 id=\"docs-internal-guid-7369c288-7fff-9d6a-5b29-9b345c0497dc\" dir=\"ltr\" style=\"line-height: 1.3800000000000001;margin-top: 10pt;margin-bottom: 0pt\"><span style=\"font-size: 11pt;font-family: Calibri,sans-serif;color: #000000;background-color: transparent;font-weight: bold;font-style: normal;font-variant: normal;text-decoration: none;vertical-align: baseline\">Konservierung und Lagerung:<\/span><\/h3>\n<p dir=\"ltr\" style=\"line-height: 1.3800000000000001;margin-top: 0pt;margin-bottom: 10pt\"><span style=\"font-size: 11pt;font-family: Cambria,serif;color: #000000;background-color: transparent;font-weight: 400;font-style: normal;font-variant: normal;text-decoration: none;vertical-align: baseline\">Vor W\u00e4rme sch\u00fctzen!<\/span><\/p>\n<h3 dir=\"ltr\" style=\"line-height: 1.3800000000000001;margin-top: 10pt;margin-bottom: 0pt\"><span style=\"font-size: 11pt;font-family: Calibri,sans-serif;color: #000000;background-color: transparent;font-weight: bold;font-style: normal;font-variant: normal;text-decoration: none;vertical-align: baseline\">Hersteller-\/Inverkehrbringer:<\/span><\/h3>\n<p dir=\"ltr\" style=\"line-height: 1.3800000000000001;margin-top: 0pt;margin-bottom: 10pt\"><span style=\"font-size: 11pt;font-family: Cambria,serif;color: #000000;background-color: transparent;font-weight: 400;font-style: normal;font-variant: normal;text-decoration: none;vertical-align: baseline\">August Storck KG, Waldstr. 27, D-13403 Berlin<\/span><\/p>\n<p>&nbsp;<\/p>","protected":false},"excerpt":{"rendered":"<h3 id=\"docs-internal-guid-2ccc9c3e-7fff-bac5-d91c-0c734c97f85f\" dir=\"ltr\" style=\"line-height: 1.3800000000000001;margin-top: 10pt;margin-bottom: 0pt\"><span style=\"font-size: 11pt;font-family: Calibri,sans-serif;color: #000000;background-color: transparent;font-weight: bold;font-style: normal;font-variant: normal;text-decoration: none;vertical-align: baseline\">Zutaten:<\/span><\/h3>\n<p dir=\"ltr\" style=\"line-height: 1.3800000000000001;margin-top: 0pt;margin-bottom: 10pt\"><span style=\"font-size: 11pt;font-family: Cambria,serif;color: #000000;background-color: transparent;font-weight: 400;font-style: normal;font-variant: normal;text-decoration: none;vertical-align: baseline\">Zucker, pflanzliche Fette (Palm, Shea), HASELN\u00dcSSE, Glukosesirup, MAGERMILCHPULVER, Feuchthaltemittel Sorbitsirup, Kakaomasse, kondensierte MAGERMILCH, kondensierte S\u00dcSSMOLKE, MILCHZUCKER, magerer Kakao, Kakaobutter, BUTTERREINFETT, Rohrzuckersirup, MOLKENERZEUGNIS, Emulgator Lecithine (SOJA), Salz, Aromen.\u00a0<\/span><\/p>\n<h3 dir=\"ltr\" style=\"line-height: 1.3800000000000001;margin-top: 10pt;margin-bottom: 0pt\"><span style=\"font-size: 11pt;font-family: Calibri,sans-serif;color: #000000;background-color: transparent;font-weight: bold;font-style: normal;font-variant: normal;text-decoration: none;vertical-align: baseline\">Allergene:<\/span><\/h3>\n<p dir=\"ltr\" style=\"line-height: 1.3800000000000001;margin-top: 0pt;margin-bottom: 10pt\"><span style=\"font-size: 11pt;font-family: Cambria,serif;color: #000000;background-color: transparent;font-weight: 400;font-style: normal;font-variant: normal;text-decoration: none;vertical-align: baseline\">Milch und Milcherzeugnisse (einschlie\u00dflich Lactose). N\u00fcsse und Nusserzeugnisse. Soja und Sojaerzeugnisse. Haselnuss und Haselnusserzeugnisse. Kann enthalten: Erdn\u00fcsse und Erdnusserzeugnisse. Mandeln und Mandelerzeugnisse. Kaschunuss und Kaschunusserzeugnisse. Pecannuss und Pecannusserzeugnisse. Macadamianuss und Macadamianusserzeugnisse. Paranuss und Paranusserzeugnisse. Pistazie und Pistazienerzeugnisse. Walnuss und Walnusserzeugnisse. KANN AUCH MANDEL, ERDNUSS UND ANDERE N\u00dcSSE ENTHALTEN.<\/span><\/p>\n<h3 id=\"docs-internal-guid-37abaa3c-7fff-deeb-cfaf-5cc03078e2ba\" dir=\"ltr\" style=\"line-height: 1.3800000000000001;margin-top: 10pt;margin-bottom: 0pt\"><span style=\"font-size: 11pt;font-family: Calibri,sans-serif;color: #000000;background-color: transparent;font-weight: bold;font-style: normal;font-variant: normal;text-decoration: none;vertical-align: baseline\">N\u00e4hrwerte (je 100 g):<\/span><\/h3>\n<div dir=\"ltr\" style=\"margin-left: 0pt\" align=\"left\">\n<table style=\"border: none;border-collapse: collapse\">\n<colgroup>\n<col width=\"288\" \/>\n<col width=\"288\" \/><\/colgroup>\n<tbody>\n<tr style=\"height: 0pt\">\n<td style=\"vertical-align: top;padding: 0pt 5.75pt 0pt 5.75pt;overflow: hidden\">\n<p dir=\"ltr\" style=\"line-height: 1.3800000000000001;margin-top: 0pt;margin-bottom: 10pt\"><span style=\"font-size: 11pt;font-family: Cambria,serif;color: #000000;background-color: transparent;font-weight: 400;font-style: normal;font-variant: normal;text-decoration: none;vertical-align: baseline\">Energie<\/span><\/p>\n<\/td>\n<td style=\"vertical-align: top;padding: 0pt 5.75pt 0pt 5.75pt;overflow: hidden\">\n<p dir=\"ltr\" style=\"line-height: 1.3800000000000001;margin-top: 0pt;margin-bottom: 10pt\"><span style=\"font-size: 11pt;font-family: Cambria,serif;color: #000000;background-color: transparent;font-weight: 400;font-style: normal;font-variant: normal;text-decoration: none;vertical-align: baseline\">2.177 kJ\/521 kcal<\/span><\/p>\n<\/td>\n<\/tr>\n<tr style=\"height: 0pt\">\n<td style=\"vertical-align: top;padding: 0pt 5.75pt 0pt 5.75pt;overflow: hidden\">\n<p dir=\"ltr\" style=\"line-height: 1.3800000000000001;margin-top: 0pt;margin-bottom: 10pt\"><span style=\"font-size: 11pt;font-family: Cambria,serif;color: #000000;background-color: transparent;font-weight: 400;font-style: normal;font-variant: normal;text-decoration: none;vertical-align: baseline\">Fett<\/span><\/p>\n<\/td>\n<td style=\"vertical-align: top;padding: 0pt 5.75pt 0pt 5.75pt;overflow: hidden\">\n<p dir=\"ltr\" style=\"line-height: 1.3800000000000001;margin-top: 0pt;margin-bottom: 10pt\"><span style=\"font-size: 11pt;font-family: Cambria,serif;color: #000000;background-color: transparent;font-weight: 400;font-style: normal;font-variant: normal;text-decoration: none;vertical-align: baseline\">29 g<\/span><\/p>\n<\/td>\n<\/tr>\n<tr style=\"height: 0pt\">\n<td style=\"vertical-align: top;padding: 0pt 5.75pt 0pt 5.75pt;overflow: hidden\">\n<p dir=\"ltr\" style=\"line-height: 1.3800000000000001;margin-top: 0pt;margin-bottom: 10pt\"><span style=\"font-size: 11pt;font-family: Cambria,serif;color: #000000;background-color: transparent;font-weight: 400;font-style: normal;font-variant: normal;text-decoration: none;vertical-align: baseline\">&#8211; davon ges\u00e4ttigte Fetts\u00e4uren<\/span><\/p>\n<\/td>\n<td style=\"vertical-align: top;padding: 0pt 5.75pt 0pt 5.75pt;overflow: hidden\">\n<p dir=\"ltr\" style=\"line-height: 1.3800000000000001;margin-top: 0pt;margin-bottom: 10pt\"><span style=\"font-size: 11pt;font-family: Cambria,serif;color: #000000;background-color: transparent;font-weight: 400;font-style: normal;font-variant: normal;text-decoration: none;vertical-align: baseline\">12,7 g<\/span><\/p>\n<\/td>\n<\/tr>\n<tr style=\"height: 0pt\">\n<td style=\"vertical-align: top;padding: 0pt 5.75pt 0pt 5.75pt;overflow: hidden\">\n<p dir=\"ltr\" style=\"line-height: 1.3800000000000001;margin-top: 0pt;margin-bottom: 10pt\"><span style=\"font-size: 11pt;font-family: Cambria,serif;color: #000000;background-color: transparent;font-weight: 400;font-style: normal;font-variant: normal;text-decoration: none;vertical-align: baseline\">Kohlenhydrate<\/span><\/p>\n<\/td>\n<td style=\"vertical-align: top;padding: 0pt 5.75pt 0pt 5.75pt;overflow: hidden\">\n<p dir=\"ltr\" style=\"line-height: 1.3800000000000001;margin-top: 0pt;margin-bottom: 10pt\"><span style=\"font-size: 11pt;font-family: Cambria,serif;color: #000000;background-color: transparent;font-weight: 400;font-style: normal;font-variant: normal;text-decoration: none;vertical-align: baseline\">58,9 g<\/span><\/p>\n<\/td>\n<\/tr>\n<tr style=\"height: 0pt\">\n<td style=\"vertical-align: top;padding: 0pt 5.75pt 0pt 5.75pt;overflow: hidden\">\n<p dir=\"ltr\" style=\"line-height: 1.3800000000000001;margin-top: 0pt;margin-bottom: 10pt\"><span style=\"font-size: 11pt;font-family: Cambria,serif;color: #000000;background-color: transparent;font-weight: 400;font-style: normal;font-variant: normal;text-decoration: none;vertical-align: baseline\">&#8211; davon Zucker<\/span><\/p>\n<\/td>\n<td style=\"vertical-align: top;padding: 0pt 5.75pt 0pt 5.75pt;overflow: hidden\">\n<p dir=\"ltr\" style=\"line-height: 1.3800000000000001;margin-top: 0pt;margin-bottom: 10pt\"><span style=\"font-size: 11pt;font-family: Cambria,serif;color: #000000;background-color: transparent;font-weight: 400;font-style: normal;font-variant: normal;text-decoration: none;vertical-align: baseline\">48,8 g<\/span><\/p>\n<\/td>\n<\/tr>\n<tr style=\"height: 0pt\">\n<td style=\"vertical-align: top;padding: 0pt 5.75pt 0pt 5.75pt;overflow: hidden\">\n<p dir=\"ltr\" style=\"line-height: 1.3800000000000001;margin-top: 0pt;margin-bottom: 10pt\"><span style=\"font-size: 11pt;font-family: Cambria,serif;color: #000000;background-color: transparent;font-weight: 400;font-style: normal;font-variant: normal;text-decoration: none;vertical-align: baseline\">Eiwei\u00df<\/span><\/p>\n<\/td>\n<td style=\"vertical-align: top;padding: 0pt 5.75pt 0pt 5.75pt;overflow: hidden\">\n<p dir=\"ltr\" style=\"line-height: 1.3800000000000001;margin-top: 0pt;margin-bottom: 10pt\"><span style=\"font-size: 11pt;font-family: Cambria,serif;color: #000000;background-color: transparent;font-weight: 400;font-style: normal;font-variant: normal;text-decoration: none;vertical-align: baseline\">6 g<\/span><\/p>\n<\/td>\n<\/tr>\n<tr style=\"height: 0pt\">\n<td style=\"vertical-align: top;padding: 0pt 5.75pt 0pt 5.75pt;overflow: hidden\">\n<p dir=\"ltr\" style=\"line-height: 1.3800000000000001;margin-top: 0pt;margin-bottom: 10pt\"><span style=\"font-size: 11pt;font-family: Cambria,serif;color: #000000;background-color: transparent;font-weight: 400;font-style: normal;font-variant: normal;text-decoration: none;vertical-align: baseline\">Salz<\/span><\/p>\n<\/td>\n<td style=\"vertical-align: top;padding: 0pt 5.75pt 0pt 5.75pt;overflow: hidden\">\n<p dir=\"ltr\" style=\"line-height: 1.3800000000000001;margin-top: 0pt;margin-bottom: 10pt\"><span style=\"font-size: 11pt;font-family: Cambria,serif;color: #000000;background-color: transparent;font-weight: 400;font-style: normal;font-variant: normal;text-decoration: none;vertical-align: baseline\">0,3 g<\/span><\/p>\n<\/td>\n<\/tr>\n<\/tbody>\n<\/table>\n<\/div>\n<p>&nbsp;<\/p>","protected":false},"featured_media":1647,"comment_status":"open","ping_status":"closed","template":"","meta":{"_acf_changed":false,"inline_featured_image":false,"site-sidebar-layout":"default","site-content-layout":"","ast-site-content-layout":"default","site-content-style":"default","site-sidebar-style":"default","ast-global-header-display":"","ast-banner-title-visibility":"","ast-main-header-display":"","ast-hfb-above-header-display":"","ast-hfb-below-header-display":"","ast-hfb-mobile-header-display":"","site-post-title":"","ast-breadcrumbs-content":"","ast-featured-img":"","footer-sml-layout":"","theme-transparent-header-meta":"default","adv-header-id-meta":"","stick-header-meta":"","header-above-stick-meta":"","header-main-stick-meta":"","header-below-stick-meta":"","astra-migrate-meta-layouts":"set","ast-page-background-enabled":"default","ast-page-background-meta":{"desktop":{"background-color":"var(--ast-global-color-4)","background-image":"","background-repeat":"repeat","background-position":"center center","background-size":"auto","background-attachment":"scroll","background-type":"","background-media":"","overlay-type":"","overlay-color":"","overlay-opacity":"","overlay-gradient":""},"tablet":{"background-color":"","background-image":"","background-repeat":"repeat","background-position":"center center","background-size":"auto","background-attachment":"scroll","background-type":"","background-media":"","overlay-type":"","overlay-color":"","overlay-opacity":"","overlay-gradient":""},"mobile":{"background-color":"","background-image":"","background-repeat":"repeat","background-position":"center center","background-size":"auto","background-attachment":"scroll","background-type":"","background-media":"","overlay-type":"","overlay-color":"","overlay-opacity":"","overlay-gradient":""}},"ast-content-background-meta":{"desktop":{"background-color":"var(--ast-global-color-5)","background-image":"","background-repeat":"repeat","background-position":"center center","background-size":"auto","background-attachment":"scroll","background-type":"","background-media":"","overlay-type":"","overlay-color":"","overlay-opacity":"","overlay-gradient":""},"tablet":{"background-color":"var(--ast-global-color-5)","background-image":"","background-repeat":"repeat","background-position":"center center","background-size":"auto","background-attachment":"scroll","background-type":"","background-media":"","overlay-type":"","overlay-color":"","overlay-opacity":"","overlay-gradient":""},"mobile":{"background-color":"var(--ast-global-color-5)","background-image":"","background-repeat":"repeat","background-position":"center center","background-size":"auto","background-attachment":"scroll","background-type":"","background-media":"","overlay-type":"","overlay-color":"","overlay-opacity":"","overlay-gradient":""}}},"product_brand":[],"product_cat":[40,39],"product_tag":[],"class_list":{"0":"post-2036","1":"product","2":"type-product","3":"status-publish","4":"has-post-thumbnail","6":"product_cat-schokolade","7":"product_cat-suesse-salzige-snacks","8":"desktop-align-left","9":"tablet-align-left","10":"mobile-align-left","12":"first","13":"instock","14":"taxable","15":"shipping-taxable","16":"purchasable","17":"product-type-simple"},"acf":[],"yoast_head":"<!-- This site is optimized with the Yoast SEO plugin v24.5 - https:\/\/yoast.com\/wordpress\/plugins\/seo\/ -->\n<title>Toffifee 125g - BringFlix<\/title>\n<meta name=\"robots\" content=\"index, follow, max-snippet:-1, max-image-preview:large, max-video-preview:-1\" \/>\n<link rel=\"canonical\" href=\"https:\/\/bringflix.shop\/en\/Produkte\/toffifee-125g\/\" \/>\n<meta property=\"og:locale\" content=\"en_US\" \/>\n<meta property=\"og:type\" content=\"article\" \/>\n<meta property=\"og:title\" content=\"Toffifee 125g - BringFlix\" \/>\n<meta property=\"og:description\" content=\"Zutaten: Zucker, pflanzliche Fette (Palm, Shea), HASELN\u00dcSSE, Glukosesirup, MAGERMILCHPULVER, Feuchthaltemittel Sorbitsirup, Kakaomasse, kondensierte MAGERMILCH, kondensierte S\u00dcSSMOLKE, MILCHZUCKER, magerer Kakao, Kakaobutter, BUTTERREINFETT, Rohrzuckersirup, MOLKENERZEUGNIS, Emulgator Lecithine (SOJA), Salz, Aromen.\u00a0  Allergene: Milch und Milcherzeugnisse (einschlie\u00dflich Lactose). N\u00fcsse und Nusserzeugnisse. Soja und Sojaerzeugnisse. Haselnuss und Haselnusserzeugnisse. Kann enthalten: Erdn\u00fcsse und Erdnusserzeugnisse. Mandeln und Mandelerzeugnisse. Kaschunuss und Kaschunusserzeugnisse. Pecannuss und Pecannusserzeugnisse. Macadamianuss und Macadamianusserzeugnisse. Paranuss und Paranusserzeugnisse. Pistazie und Pistazienerzeugnisse. Walnuss und Walnusserzeugnisse. KANN AUCH MANDEL, ERDNUSS UND ANDERE N\u00dcSSE ENTHALTEN.  N\u00e4hrwerte (je 100 g):       Energie   2.177 kJ\/521 kcal     Fett   29 g     - davon ges\u00e4ttigte Fetts\u00e4uren   12,7 g     Kohlenhydrate   58,9 g     - davon Zucker   48,8 g     Eiwei\u00df   6 g     Salz   0,3 g      &nbsp;\" \/>\n<meta property=\"og:url\" content=\"https:\/\/bringflix.shop\/en\/Produkte\/toffifee-125g\/\" \/>\n<meta property=\"og:site_name\" content=\"BringFlix\" \/>\n<meta property=\"article:modified_time\" content=\"2026-05-11T21:28:16+00:00\" \/>\n<meta property=\"og:image\" content=\"https:\/\/bringflix.shop\/wp-content\/uploads\/2024\/12\/120_copy_600x600.png\" \/>\n\t<meta property=\"og:image:width\" content=\"600\" \/>\n\t<meta property=\"og:image:height\" content=\"600\" \/>\n\t<meta property=\"og:image:type\" content=\"image\/png\" \/>\n<meta name=\"twitter:card\" content=\"summary_large_image\" \/>\n<script type=\"application\/ld+json\" class=\"yoast-schema-graph\">{\"@context\":\"https:\/\/schema.org\",\"@graph\":[{\"@type\":\"WebPage\",\"@id\":\"https:\/\/bringflix.shop\/Produkte\/toffifee-125g\/\",\"url\":\"https:\/\/bringflix.shop\/Produkte\/toffifee-125g\/\",\"name\":\"Toffifee 125g - BringFlix\",\"isPartOf\":{\"@id\":\"https:\/\/bringflix.shop\/#website\"},\"primaryImageOfPage\":{\"@id\":\"https:\/\/bringflix.shop\/Produkte\/toffifee-125g\/#primaryimage\"},\"image\":{\"@id\":\"https:\/\/bringflix.shop\/Produkte\/toffifee-125g\/#primaryimage\"},\"thumbnailUrl\":\"https:\/\/bringflix.shop\/wp-content\/uploads\/2024\/12\/120_copy_600x600.png\",\"datePublished\":\"2024-12-03T07:52:06+00:00\",\"dateModified\":\"2026-05-11T21:28:16+00:00\",\"breadcrumb\":{\"@id\":\"https:\/\/bringflix.shop\/Produkte\/toffifee-125g\/#breadcrumb\"},\"inLanguage\":\"en-US\",\"potentialAction\":[{\"@type\":\"ReadAction\",\"target\":[\"https:\/\/bringflix.shop\/Produkte\/toffifee-125g\/\"]}]},{\"@type\":\"ImageObject\",\"inLanguage\":\"en-US\",\"@id\":\"https:\/\/bringflix.shop\/Produkte\/toffifee-125g\/#primaryimage\",\"url\":\"https:\/\/bringflix.shop\/wp-content\/uploads\/2024\/12\/120_copy_600x600.png\",\"contentUrl\":\"https:\/\/bringflix.shop\/wp-content\/uploads\/2024\/12\/120_copy_600x600.png\",\"width\":600,\"height\":600},{\"@type\":\"BreadcrumbList\",\"@id\":\"https:\/\/bringflix.shop\/Produkte\/toffifee-125g\/#breadcrumb\",\"itemListElement\":[{\"@type\":\"ListItem\",\"position\":1,\"name\":\"Home\",\"item\":\"https:\/\/bringflix.shop\/\"},{\"@type\":\"ListItem\",\"position\":2,\"name\":\"Shop\",\"item\":\"https:\/\/bringflix.shop\/shop\/\"},{\"@type\":\"ListItem\",\"position\":3,\"name\":\"Toffifee 125g\"}]},{\"@type\":\"WebSite\",\"@id\":\"https:\/\/bringflix.shop\/#website\",\"url\":\"https:\/\/bringflix.shop\/\",\"name\":\"BringFlix\",\"description\":\"\",\"publisher\":{\"@id\":\"https:\/\/bringflix.shop\/#organization\"},\"potentialAction\":[{\"@type\":\"SearchAction\",\"target\":{\"@type\":\"EntryPoint\",\"urlTemplate\":\"https:\/\/bringflix.shop\/?s={search_term_string}\"},\"query-input\":{\"@type\":\"PropertyValueSpecification\",\"valueRequired\":true,\"valueName\":\"search_term_string\"}}],\"inLanguage\":\"en-US\"},{\"@type\":\"Organization\",\"@id\":\"https:\/\/bringflix.shop\/#organization\",\"name\":\"BringFlix\",\"url\":\"https:\/\/bringflix.shop\/\",\"logo\":{\"@type\":\"ImageObject\",\"inLanguage\":\"en-US\",\"@id\":\"https:\/\/bringflix.shop\/#\/schema\/logo\/image\/\",\"url\":\"https:\/\/bringflix.shop\/wp-content\/uploads\/2024\/11\/logo-bring-flix.png\",\"contentUrl\":\"https:\/\/bringflix.shop\/wp-content\/uploads\/2024\/11\/logo-bring-flix.png\",\"width\":858,\"height\":316,\"caption\":\"BringFlix\"},\"image\":{\"@id\":\"https:\/\/bringflix.shop\/#\/schema\/logo\/image\/\"}}]}<\/script>\n<!-- \/ Yoast SEO plugin. -->","yoast_head_json":{"title":"Toffifee 125g - BringFlix","robots":{"index":"index","follow":"follow","max-snippet":"max-snippet:-1","max-image-preview":"max-image-preview:large","max-video-preview":"max-video-preview:-1"},"canonical":"https:\/\/bringflix.shop\/en\/Produkte\/toffifee-125g\/","og_locale":"en_US","og_type":"article","og_title":"Toffifee 125g - BringFlix","og_description":"Zutaten: Zucker, pflanzliche Fette (Palm, Shea), HASELN\u00dcSSE, Glukosesirup, MAGERMILCHPULVER, Feuchthaltemittel Sorbitsirup, Kakaomasse, kondensierte MAGERMILCH, kondensierte S\u00dcSSMOLKE, MILCHZUCKER, magerer Kakao, Kakaobutter, BUTTERREINFETT, Rohrzuckersirup, MOLKENERZEUGNIS, Emulgator Lecithine (SOJA), Salz, Aromen.\u00a0  Allergene: Milch und Milcherzeugnisse (einschlie\u00dflich Lactose). N\u00fcsse und Nusserzeugnisse. Soja und Sojaerzeugnisse. Haselnuss und Haselnusserzeugnisse. Kann enthalten: Erdn\u00fcsse und Erdnusserzeugnisse. Mandeln und Mandelerzeugnisse. Kaschunuss und Kaschunusserzeugnisse. Pecannuss und Pecannusserzeugnisse. Macadamianuss und Macadamianusserzeugnisse. Paranuss und Paranusserzeugnisse. Pistazie und Pistazienerzeugnisse. Walnuss und Walnusserzeugnisse. KANN AUCH MANDEL, ERDNUSS UND ANDERE N\u00dcSSE ENTHALTEN.  N\u00e4hrwerte (je 100 g):       Energie   2.177 kJ\/521 kcal     Fett   29 g     - davon ges\u00e4ttigte Fetts\u00e4uren   12,7 g     Kohlenhydrate   58,9 g     - davon Zucker   48,8 g     Eiwei\u00df   6 g     Salz   0,3 g      &nbsp;","og_url":"https:\/\/bringflix.shop\/en\/Produkte\/toffifee-125g\/","og_site_name":"BringFlix","article_modified_time":"2026-05-11T21:28:16+00:00","og_image":[{"width":600,"height":600,"url":"https:\/\/bringflix.shop\/wp-content\/uploads\/2024\/12\/120_copy_600x600.png","type":"image\/png"}],"twitter_card":"summary_large_image","schema":{"@context":"https:\/\/schema.org","@graph":[{"@type":"WebPage","@id":"https:\/\/bringflix.shop\/Produkte\/toffifee-125g\/","url":"https:\/\/bringflix.shop\/Produkte\/toffifee-125g\/","name":"Toffifee 125g - BringFlix","isPartOf":{"@id":"https:\/\/bringflix.shop\/#website"},"primaryImageOfPage":{"@id":"https:\/\/bringflix.shop\/Produkte\/toffifee-125g\/#primaryimage"},"image":{"@id":"https:\/\/bringflix.shop\/Produkte\/toffifee-125g\/#primaryimage"},"thumbnailUrl":"https:\/\/bringflix.shop\/wp-content\/uploads\/2024\/12\/120_copy_600x600.png","datePublished":"2024-12-03T07:52:06+00:00","dateModified":"2026-05-11T21:28:16+00:00","breadcrumb":{"@id":"https:\/\/bringflix.shop\/Produkte\/toffifee-125g\/#breadcrumb"},"inLanguage":"en-US","potentialAction":[{"@type":"ReadAction","target":["https:\/\/bringflix.shop\/Produkte\/toffifee-125g\/"]}]},{"@type":"ImageObject","inLanguage":"en-US","@id":"https:\/\/bringflix.shop\/Produkte\/toffifee-125g\/#primaryimage","url":"https:\/\/bringflix.shop\/wp-content\/uploads\/2024\/12\/120_copy_600x600.png","contentUrl":"https:\/\/bringflix.shop\/wp-content\/uploads\/2024\/12\/120_copy_600x600.png","width":600,"height":600},{"@type":"BreadcrumbList","@id":"https:\/\/bringflix.shop\/Produkte\/toffifee-125g\/#breadcrumb","itemListElement":[{"@type":"ListItem","position":1,"name":"Home","item":"https:\/\/bringflix.shop\/"},{"@type":"ListItem","position":2,"name":"Shop","item":"https:\/\/bringflix.shop\/shop\/"},{"@type":"ListItem","position":3,"name":"Toffifee 125g"}]},{"@type":"WebSite","@id":"https:\/\/bringflix.shop\/#website","url":"https:\/\/bringflix.shop\/","name":"BringFlix","description":"","publisher":{"@id":"https:\/\/bringflix.shop\/#organization"},"potentialAction":[{"@type":"SearchAction","target":{"@type":"EntryPoint","urlTemplate":"https:\/\/bringflix.shop\/?s={search_term_string}"},"query-input":{"@type":"PropertyValueSpecification","valueRequired":true,"valueName":"search_term_string"}}],"inLanguage":"en-US"},{"@type":"Organization","@id":"https:\/\/bringflix.shop\/#organization","name":"BringFlix","url":"https:\/\/bringflix.shop\/","logo":{"@type":"ImageObject","inLanguage":"en-US","@id":"https:\/\/bringflix.shop\/#\/schema\/logo\/image\/","url":"https:\/\/bringflix.shop\/wp-content\/uploads\/2024\/11\/logo-bring-flix.png","contentUrl":"https:\/\/bringflix.shop\/wp-content\/uploads\/2024\/11\/logo-bring-flix.png","width":858,"height":316,"caption":"BringFlix"},"image":{"@id":"https:\/\/bringflix.shop\/#\/schema\/logo\/image\/"}}]}},"jetpack_sharing_enabled":true,"_links":{"self":[{"href":"https:\/\/bringflix.shop\/en\/wp-json\/wp\/v2\/product\/2036","targetHints":{"allow":["GET"]}}],"collection":[{"href":"https:\/\/bringflix.shop\/en\/wp-json\/wp\/v2\/product"}],"about":[{"href":"https:\/\/bringflix.shop\/en\/wp-json\/wp\/v2\/types\/product"}],"replies":[{"embeddable":true,"href":"https:\/\/bringflix.shop\/en\/wp-json\/wp\/v2\/comments?post=2036"}],"wp:featuredmedia":[{"embeddable":true,"href":"https:\/\/bringflix.shop\/en\/wp-json\/wp\/v2\/media\/1647"}],"wp:attachment":[{"href":"https:\/\/bringflix.shop\/en\/wp-json\/wp\/v2\/media?parent=2036"}],"wp:term":[{"taxonomy":"product_brand","embeddable":true,"href":"https:\/\/bringflix.shop\/en\/wp-json\/wp\/v2\/product_brand?post=2036"},{"taxonomy":"product_cat","embeddable":true,"href":"https:\/\/bringflix.shop\/en\/wp-json\/wp\/v2\/product_cat?post=2036"},{"taxonomy":"product_tag","embeddable":true,"href":"https:\/\/bringflix.shop\/en\/wp-json\/wp\/v2\/product_tag?post=2036"}],"curies":[{"name":"wp","href":"https:\/\/api.w.org\/{rel}","templated":true}]}}