{"id":2026,"date":"2024-12-03T06:57:29","date_gmt":"2024-12-03T06:57:29","guid":{"rendered":"https:\/\/bringflix.shop\/?post_type=product&#038;p=2026"},"modified":"2026-05-08T21:15:38","modified_gmt":"2026-05-08T19:15:38","slug":"giotto-4-x-387g-1548g","status":"publish","type":"product","link":"https:\/\/bringflix.shop\/en\/Produkte\/giotto-4-x-387g-1548g\/","title":{"rendered":"Giotto (4 x 38,7g) 154,8g"},"content":{"rendered":"<h3 id=\"docs-internal-guid-f04a102d-7fff-7c45-4ec8-67a9c1035f2b\" dir=\"ltr\" style=\"line-height: 1.3800000000000001;margin-top: 10pt;margin-bottom: 0pt\"><span style=\"font-size: 11pt;font-family: Calibri,sans-serif;color: #000000;background-color: transparent;font-weight: bold;font-style: normal;font-variant: normal;text-decoration: none;vertical-align: baseline\">Bezeichnung:<\/span><\/h3>\n<p dir=\"ltr\" style=\"line-height: 1.3800000000000001;margin-top: 0pt;margin-bottom: 10pt\"><span style=\"font-size: 11pt;font-family: Cambria,serif;color: #000000;background-color: transparent;font-weight: 400;font-style: normal;font-variant: normal;text-decoration: none;vertical-align: baseline\">Gef\u00fcllte Haselnuss-Geb\u00e4ckspezialit\u00e4t mit feiner Haselnuss-Magermilchcreme (45 %)<\/span><\/p>\n<h3 dir=\"ltr\" style=\"line-height: 1.3800000000000001;margin-top: 10pt;margin-bottom: 0pt\"><span style=\"font-size: 11pt;font-family: Calibri,sans-serif;color: #000000;background-color: transparent;font-weight: bold;font-style: normal;font-variant: normal;text-decoration: none;vertical-align: baseline\">Herkunft:<\/span><\/h3>\n<p dir=\"ltr\" style=\"line-height: 1.3800000000000001;margin-top: 0pt;margin-bottom: 10pt\"><span style=\"font-size: 11pt;font-family: Cambria,serif;color: #000000;background-color: transparent;font-weight: 400;font-style: normal;font-variant: normal;text-decoration: none;vertical-align: baseline\">Deutschland<\/span><\/p>\n<h3 id=\"docs-internal-guid-4a936ac6-7fff-9980-7114-037bfffd73d6\" dir=\"ltr\" style=\"line-height: 1.3800000000000001;margin-top: 10pt;margin-bottom: 0pt\"><span style=\"font-size: 11pt;font-family: Calibri,sans-serif;color: #000000;background-color: transparent;font-weight: bold;font-style: normal;font-variant: normal;text-decoration: none;vertical-align: baseline\">Konservierung und Lagerung:<\/span><\/h3>\n<p dir=\"ltr\" style=\"line-height: 1.3800000000000001;margin-top: 0pt;margin-bottom: 10pt\"><span style=\"font-size: 11pt;font-family: Cambria,serif;color: #000000;background-color: transparent;font-weight: 400;font-style: normal;font-variant: normal;text-decoration: none;vertical-align: baseline\">K\u00fchl und trocken aufbewahren.<\/span><\/p>\n<h3 dir=\"ltr\" style=\"line-height: 1.3800000000000001;margin-top: 10pt;margin-bottom: 0pt\"><span style=\"font-size: 11pt;font-family: Calibri,sans-serif;color: #000000;background-color: transparent;font-weight: bold;font-style: normal;font-variant: normal;text-decoration: none;vertical-align: baseline\">Hersteller-\/Inverkehrbringer:<\/span><\/h3>\n<p dir=\"ltr\" style=\"line-height: 1.3800000000000001;margin-top: 0pt;margin-bottom: 10pt\"><span style=\"font-size: 11pt;font-family: Cambria,serif;color: #000000;background-color: transparent;font-weight: 400;font-style: normal;font-variant: normal;text-decoration: none;vertical-align: baseline\">Ferrero oHG mbh, Michele-Ferrero-Stra\u00dfe 1, DE-35260 Stadtallendorf (EU).<\/span><\/p>\n<p>&nbsp;<\/p>","protected":false},"excerpt":{"rendered":"<h3 id=\"docs-internal-guid-5652bd7a-7fff-df0f-a8fe-e559f8085a38\" dir=\"ltr\" style=\"line-height: 1.3800000000000001;margin-top: 10pt;margin-bottom: 0pt\"><span style=\"font-size: 11pt;font-family: Calibri,sans-serif;color: #000000;background-color: transparent;font-weight: bold;font-style: normal;font-variant: normal;text-decoration: none;vertical-align: baseline\">Zutaten:<\/span><\/h3>\n<p dir=\"ltr\" style=\"line-height: 1.3800000000000001;margin-top: 0pt;margin-bottom: 10pt\"><span style=\"font-size: 11pt;font-family: Cambria,serif;color: #000000;background-color: transparent;font-weight: 400;font-style: normal;font-variant: normal;text-decoration: none;vertical-align: baseline\">HASELN\u00dcSSE (37 %), pflanzliche Fette (Palm, Shea), Zucker, WEIZENMEHL, MAGERMILCHPULVER (7 %), S\u00dcSSMOLKENPULVER, Kakaomasse, Emulgator Lecithine (SOJA), Salz, Backtriebmittel Natriumhydrogencarbonat, Vanillin.\u00a0<\/span><\/p>\n<h3 dir=\"ltr\" style=\"line-height: 1.3800000000000001;margin-top: 10pt;margin-bottom: 0pt\"><span style=\"font-size: 11pt;font-family: Calibri,sans-serif;color: #000000;background-color: transparent;font-weight: bold;font-style: normal;font-variant: normal;text-decoration: none;vertical-align: baseline\">Allergene:<\/span><\/h3>\n<p dir=\"ltr\" style=\"line-height: 1.3800000000000001;margin-top: 0pt;margin-bottom: 10pt\"><span style=\"font-size: 11pt;font-family: Cambria,serif;color: #000000;background-color: transparent;font-weight: 400;font-style: normal;font-variant: normal;text-decoration: none;vertical-align: baseline\">Milch und Milcherzeugnisse (einschlie\u00dflich Lactose). N\u00fcsse und Nusserzeugnisse. Glutenhaltiges Getreide und glutenhaltige Getreideerzeugnisse. Soja und Sojaerzeugnisse.Kann MANDELN enthalten. Kann MANDELN enthalten.<\/span><\/p>\n<h3 id=\"docs-internal-guid-bae7c8a9-7fff-0582-4e5d-a11920f1d306\" dir=\"ltr\" style=\"line-height: 1.3800000000000001;margin-top: 10pt;margin-bottom: 0pt\"><span style=\"font-size: 11pt;font-family: Calibri,sans-serif;color: #000000;background-color: transparent;font-weight: bold;font-style: normal;font-variant: normal;text-decoration: none;vertical-align: baseline\">N\u00e4hrwerte (je 100 g):<\/span><\/h3>\n<div dir=\"ltr\" style=\"margin-left: 0pt\" align=\"left\">\n<table style=\"border: none;border-collapse: collapse\">\n<colgroup>\n<col width=\"288\" \/>\n<col width=\"288\" \/><\/colgroup>\n<tbody>\n<tr style=\"height: 0pt\">\n<td style=\"vertical-align: top;padding: 0pt 5.75pt 0pt 5.75pt;overflow: hidden\">\n<p dir=\"ltr\" style=\"line-height: 1.3800000000000001;margin-top: 0pt;margin-bottom: 10pt\"><span style=\"font-size: 11pt;font-family: Cambria,serif;color: #000000;background-color: transparent;font-weight: 400;font-style: normal;font-variant: normal;text-decoration: none;vertical-align: baseline\">Energie<\/span><\/p>\n<\/td>\n<td style=\"vertical-align: top;padding: 0pt 5.75pt 0pt 5.75pt;overflow: hidden\">\n<p dir=\"ltr\" style=\"line-height: 1.3800000000000001;margin-top: 0pt;margin-bottom: 10pt\"><span style=\"font-size: 11pt;font-family: Cambria,serif;color: #000000;background-color: transparent;font-weight: 400;font-style: normal;font-variant: normal;text-decoration: none;vertical-align: baseline\">2.243 kJ\/537 kcal<\/span><\/p>\n<\/td>\n<\/tr>\n<tr style=\"height: 0pt\">\n<td style=\"vertical-align: top;padding: 0pt 5.75pt 0pt 5.75pt;overflow: hidden\">\n<p dir=\"ltr\" style=\"line-height: 1.3800000000000001;margin-top: 0pt;margin-bottom: 10pt\"><span style=\"font-size: 11pt;font-family: Cambria,serif;color: #000000;background-color: transparent;font-weight: 400;font-style: normal;font-variant: normal;text-decoration: none;vertical-align: baseline\">Fett<\/span><\/p>\n<\/td>\n<td style=\"vertical-align: top;padding: 0pt 5.75pt 0pt 5.75pt;overflow: hidden\">\n<p dir=\"ltr\" style=\"line-height: 1.3800000000000001;margin-top: 0pt;margin-bottom: 10pt\"><span style=\"font-size: 11pt;font-family: Cambria,serif;color: #000000;background-color: transparent;font-weight: 400;font-style: normal;font-variant: normal;text-decoration: none;vertical-align: baseline\">48,5 g<\/span><\/p>\n<\/td>\n<\/tr>\n<tr style=\"height: 0pt\">\n<td style=\"vertical-align: top;padding: 0pt 5.75pt 0pt 5.75pt;overflow: hidden\">\n<p dir=\"ltr\" style=\"line-height: 1.3800000000000001;margin-top: 0pt;margin-bottom: 10pt\"><span style=\"font-size: 11pt;font-family: Cambria,serif;color: #000000;background-color: transparent;font-weight: 400;font-style: normal;font-variant: normal;text-decoration: none;vertical-align: baseline\">&#8211; davon ges\u00e4ttigte Fetts\u00e4uren<\/span><\/p>\n<\/td>\n<td style=\"vertical-align: top;padding: 0pt 5.75pt 0pt 5.75pt;overflow: hidden\">\n<p dir=\"ltr\" style=\"line-height: 1.3800000000000001;margin-top: 0pt;margin-bottom: 10pt\"><span style=\"font-size: 11pt;font-family: Cambria,serif;color: #000000;background-color: transparent;font-weight: 400;font-style: normal;font-variant: normal;text-decoration: none;vertical-align: baseline\">14,2 g<\/span><\/p>\n<\/td>\n<\/tr>\n<tr style=\"height: 0pt\">\n<td style=\"vertical-align: top;padding: 0pt 5.75pt 0pt 5.75pt;overflow: hidden\">\n<p dir=\"ltr\" style=\"line-height: 1.3800000000000001;margin-top: 0pt;margin-bottom: 10pt\"><span style=\"font-size: 11pt;font-family: Cambria,serif;color: #000000;background-color: transparent;font-weight: 400;font-style: normal;font-variant: normal;text-decoration: none;vertical-align: baseline\">Kohlenhydrate<\/span><\/p>\n<\/td>\n<td style=\"vertical-align: top;padding: 0pt 5.75pt 0pt 5.75pt;overflow: hidden\">\n<p dir=\"ltr\" style=\"line-height: 1.3800000000000001;margin-top: 0pt;margin-bottom: 10pt\"><span style=\"font-size: 11pt;font-family: Cambria,serif;color: #000000;background-color: transparent;font-weight: 400;font-style: normal;font-variant: normal;text-decoration: none;vertical-align: baseline\">37 g<\/span><\/p>\n<\/td>\n<\/tr>\n<tr style=\"height: 0pt\">\n<td style=\"vertical-align: top;padding: 0pt 5.75pt 0pt 5.75pt;overflow: hidden\">\n<p dir=\"ltr\" style=\"line-height: 1.3800000000000001;margin-top: 0pt;margin-bottom: 10pt\"><span style=\"font-size: 11pt;font-family: Cambria,serif;color: #000000;background-color: transparent;font-weight: 400;font-style: normal;font-variant: normal;text-decoration: none;vertical-align: baseline\">&#8211; davon Zucker<\/span><\/p>\n<\/td>\n<td style=\"vertical-align: top;padding: 0pt 5.75pt 0pt 5.75pt;overflow: hidden\">\n<p dir=\"ltr\" style=\"line-height: 1.3800000000000001;margin-top: 0pt;margin-bottom: 10pt\"><span style=\"font-size: 11pt;font-family: Cambria,serif;color: #000000;background-color: transparent;font-weight: 400;font-style: normal;font-variant: normal;text-decoration: none;vertical-align: baseline\">31,4 g<\/span><\/p>\n<\/td>\n<\/tr>\n<tr style=\"height: 0pt\">\n<td style=\"vertical-align: top;padding: 0pt 5.75pt 0pt 5.75pt;overflow: hidden\">\n<p dir=\"ltr\" style=\"line-height: 1.3800000000000001;margin-top: 0pt;margin-bottom: 10pt\"><span style=\"font-size: 11pt;font-family: Cambria,serif;color: #000000;background-color: transparent;font-weight: 400;font-style: normal;font-variant: normal;text-decoration: none;vertical-align: baseline\">Eiwei\u00df<\/span><\/p>\n<\/td>\n<td style=\"vertical-align: top;padding: 0pt 5.75pt 0pt 5.75pt;overflow: hidden\">\n<p dir=\"ltr\" style=\"line-height: 1.3800000000000001;margin-top: 0pt;margin-bottom: 10pt\"><span style=\"font-size: 11pt;font-family: Cambria,serif;color: #000000;background-color: transparent;font-weight: 400;font-style: normal;font-variant: normal;text-decoration: none;vertical-align: baseline\">10,1 g<\/span><\/p>\n<\/td>\n<\/tr>\n<tr style=\"height: 0pt\">\n<td style=\"vertical-align: top;padding: 0pt 5.75pt 0pt 5.75pt;overflow: hidden\">\n<p dir=\"ltr\" style=\"line-height: 1.3800000000000001;margin-top: 0pt;margin-bottom: 10pt\"><span style=\"font-size: 11pt;font-family: Cambria,serif;color: #000000;background-color: transparent;font-weight: 400;font-style: normal;font-variant: normal;text-decoration: none;vertical-align: baseline\">Salz<\/span><\/p>\n<\/td>\n<td style=\"vertical-align: top;padding: 0pt 5.75pt 0pt 5.75pt;overflow: hidden\">\n<p dir=\"ltr\" style=\"line-height: 1.3800000000000001;margin-top: 0pt;margin-bottom: 10pt\"><span style=\"font-size: 11pt;font-family: Cambria,serif;color: #000000;background-color: transparent;font-weight: 400;font-style: normal;font-variant: normal;text-decoration: none;vertical-align: baseline\">0,3 g<\/span><\/p>\n<\/td>\n<\/tr>\n<\/tbody>\n<\/table>\n<\/div>\n<p>&nbsp;<\/p>","protected":false},"featured_media":1636,"comment_status":"open","ping_status":"closed","template":"","meta":{"_acf_changed":false,"inline_featured_image":false,"site-sidebar-layout":"default","site-content-layout":"","ast-site-content-layout":"default","site-content-style":"default","site-sidebar-style":"default","ast-global-header-display":"","ast-banner-title-visibility":"","ast-main-header-display":"","ast-hfb-above-header-display":"","ast-hfb-below-header-display":"","ast-hfb-mobile-header-display":"","site-post-title":"","ast-breadcrumbs-content":"","ast-featured-img":"","footer-sml-layout":"","theme-transparent-header-meta":"default","adv-header-id-meta":"","stick-header-meta":"","header-above-stick-meta":"","header-main-stick-meta":"","header-below-stick-meta":"","astra-migrate-meta-layouts":"set","ast-page-background-enabled":"default","ast-page-background-meta":{"desktop":{"background-color":"var(--ast-global-color-4)","background-image":"","background-repeat":"repeat","background-position":"center center","background-size":"auto","background-attachment":"scroll","background-type":"","background-media":"","overlay-type":"","overlay-color":"","overlay-opacity":"","overlay-gradient":""},"tablet":{"background-color":"","background-image":"","background-repeat":"repeat","background-position":"center center","background-size":"auto","background-attachment":"scroll","background-type":"","background-media":"","overlay-type":"","overlay-color":"","overlay-opacity":"","overlay-gradient":""},"mobile":{"background-color":"","background-image":"","background-repeat":"repeat","background-position":"center center","background-size":"auto","background-attachment":"scroll","background-type":"","background-media":"","overlay-type":"","overlay-color":"","overlay-opacity":"","overlay-gradient":""}},"ast-content-background-meta":{"desktop":{"background-color":"var(--ast-global-color-5)","background-image":"","background-repeat":"repeat","background-position":"center center","background-size":"auto","background-attachment":"scroll","background-type":"","background-media":"","overlay-type":"","overlay-color":"","overlay-opacity":"","overlay-gradient":""},"tablet":{"background-color":"var(--ast-global-color-5)","background-image":"","background-repeat":"repeat","background-position":"center center","background-size":"auto","background-attachment":"scroll","background-type":"","background-media":"","overlay-type":"","overlay-color":"","overlay-opacity":"","overlay-gradient":""},"mobile":{"background-color":"var(--ast-global-color-5)","background-image":"","background-repeat":"repeat","background-position":"center center","background-size":"auto","background-attachment":"scroll","background-type":"","background-media":"","overlay-type":"","overlay-color":"","overlay-opacity":"","overlay-gradient":""}}},"product_brand":[],"product_cat":[40,39],"product_tag":[],"class_list":{"0":"post-2026","1":"product","2":"type-product","3":"status-publish","4":"has-post-thumbnail","6":"product_cat-schokolade","7":"product_cat-suesse-salzige-snacks","8":"desktop-align-left","9":"tablet-align-left","10":"mobile-align-left","12":"first","13":"instock","14":"taxable","15":"shipping-taxable","16":"purchasable","17":"product-type-simple"},"acf":[],"yoast_head":"<!-- This site is optimized with the Yoast SEO plugin v24.5 - https:\/\/yoast.com\/wordpress\/plugins\/seo\/ -->\n<title>Giotto (4 x 38,7g) 154,8g - BringFlix<\/title>\n<meta name=\"robots\" content=\"index, follow, max-snippet:-1, max-image-preview:large, max-video-preview:-1\" \/>\n<link rel=\"canonical\" href=\"https:\/\/bringflix.shop\/en\/Produkte\/giotto-4-x-387g-1548g\/\" \/>\n<meta property=\"og:locale\" content=\"en_US\" \/>\n<meta property=\"og:type\" content=\"article\" \/>\n<meta property=\"og:title\" content=\"Giotto (4 x 38,7g) 154,8g - BringFlix\" \/>\n<meta property=\"og:description\" content=\"Zutaten: HASELN\u00dcSSE (37 %), pflanzliche Fette (Palm, Shea), Zucker, WEIZENMEHL, MAGERMILCHPULVER (7 %), S\u00dcSSMOLKENPULVER, Kakaomasse, Emulgator Lecithine (SOJA), Salz, Backtriebmittel Natriumhydrogencarbonat, Vanillin.\u00a0  Allergene: Milch und Milcherzeugnisse (einschlie\u00dflich Lactose). N\u00fcsse und Nusserzeugnisse. Glutenhaltiges Getreide und glutenhaltige Getreideerzeugnisse. Soja und Sojaerzeugnisse.Kann MANDELN enthalten. Kann MANDELN enthalten.  N\u00e4hrwerte (je 100 g):       Energie   2.243 kJ\/537 kcal     Fett   48,5 g     - davon ges\u00e4ttigte Fetts\u00e4uren   14,2 g     Kohlenhydrate   37 g     - davon Zucker   31,4 g     Eiwei\u00df   10,1 g     Salz   0,3 g      &nbsp;\" \/>\n<meta property=\"og:url\" content=\"https:\/\/bringflix.shop\/en\/Produkte\/giotto-4-x-387g-1548g\/\" \/>\n<meta property=\"og:site_name\" content=\"BringFlix\" \/>\n<meta property=\"article:modified_time\" content=\"2026-05-08T19:15:38+00:00\" \/>\n<meta property=\"og:image\" content=\"https:\/\/bringflix.shop\/wp-content\/uploads\/2024\/12\/109_copy_600x600.png\" \/>\n\t<meta property=\"og:image:width\" content=\"600\" \/>\n\t<meta property=\"og:image:height\" content=\"600\" \/>\n\t<meta property=\"og:image:type\" content=\"image\/png\" \/>\n<meta name=\"twitter:card\" content=\"summary_large_image\" \/>\n<script type=\"application\/ld+json\" class=\"yoast-schema-graph\">{\"@context\":\"https:\/\/schema.org\",\"@graph\":[{\"@type\":\"WebPage\",\"@id\":\"https:\/\/bringflix.shop\/Produkte\/giotto-4-x-387g-1548g\/\",\"url\":\"https:\/\/bringflix.shop\/Produkte\/giotto-4-x-387g-1548g\/\",\"name\":\"Giotto (4 x 38,7g) 154,8g - BringFlix\",\"isPartOf\":{\"@id\":\"https:\/\/bringflix.shop\/#website\"},\"primaryImageOfPage\":{\"@id\":\"https:\/\/bringflix.shop\/Produkte\/giotto-4-x-387g-1548g\/#primaryimage\"},\"image\":{\"@id\":\"https:\/\/bringflix.shop\/Produkte\/giotto-4-x-387g-1548g\/#primaryimage\"},\"thumbnailUrl\":\"https:\/\/bringflix.shop\/wp-content\/uploads\/2024\/12\/109_copy_600x600.png\",\"datePublished\":\"2024-12-03T06:57:29+00:00\",\"dateModified\":\"2026-05-08T19:15:38+00:00\",\"breadcrumb\":{\"@id\":\"https:\/\/bringflix.shop\/Produkte\/giotto-4-x-387g-1548g\/#breadcrumb\"},\"inLanguage\":\"en-US\",\"potentialAction\":[{\"@type\":\"ReadAction\",\"target\":[\"https:\/\/bringflix.shop\/Produkte\/giotto-4-x-387g-1548g\/\"]}]},{\"@type\":\"ImageObject\",\"inLanguage\":\"en-US\",\"@id\":\"https:\/\/bringflix.shop\/Produkte\/giotto-4-x-387g-1548g\/#primaryimage\",\"url\":\"https:\/\/bringflix.shop\/wp-content\/uploads\/2024\/12\/109_copy_600x600.png\",\"contentUrl\":\"https:\/\/bringflix.shop\/wp-content\/uploads\/2024\/12\/109_copy_600x600.png\",\"width\":600,\"height\":600},{\"@type\":\"BreadcrumbList\",\"@id\":\"https:\/\/bringflix.shop\/Produkte\/giotto-4-x-387g-1548g\/#breadcrumb\",\"itemListElement\":[{\"@type\":\"ListItem\",\"position\":1,\"name\":\"Home\",\"item\":\"https:\/\/bringflix.shop\/\"},{\"@type\":\"ListItem\",\"position\":2,\"name\":\"Shop\",\"item\":\"https:\/\/bringflix.shop\/shop\/\"},{\"@type\":\"ListItem\",\"position\":3,\"name\":\"Giotto (4 x 38,7g) 154,8g\"}]},{\"@type\":\"WebSite\",\"@id\":\"https:\/\/bringflix.shop\/#website\",\"url\":\"https:\/\/bringflix.shop\/\",\"name\":\"BringFlix\",\"description\":\"\",\"publisher\":{\"@id\":\"https:\/\/bringflix.shop\/#organization\"},\"potentialAction\":[{\"@type\":\"SearchAction\",\"target\":{\"@type\":\"EntryPoint\",\"urlTemplate\":\"https:\/\/bringflix.shop\/?s={search_term_string}\"},\"query-input\":{\"@type\":\"PropertyValueSpecification\",\"valueRequired\":true,\"valueName\":\"search_term_string\"}}],\"inLanguage\":\"en-US\"},{\"@type\":\"Organization\",\"@id\":\"https:\/\/bringflix.shop\/#organization\",\"name\":\"BringFlix\",\"url\":\"https:\/\/bringflix.shop\/\",\"logo\":{\"@type\":\"ImageObject\",\"inLanguage\":\"en-US\",\"@id\":\"https:\/\/bringflix.shop\/#\/schema\/logo\/image\/\",\"url\":\"https:\/\/bringflix.shop\/wp-content\/uploads\/2024\/11\/logo-bring-flix.png\",\"contentUrl\":\"https:\/\/bringflix.shop\/wp-content\/uploads\/2024\/11\/logo-bring-flix.png\",\"width\":858,\"height\":316,\"caption\":\"BringFlix\"},\"image\":{\"@id\":\"https:\/\/bringflix.shop\/#\/schema\/logo\/image\/\"}}]}<\/script>\n<!-- \/ Yoast SEO plugin. -->","yoast_head_json":{"title":"Giotto (4 x 38,7g) 154,8g - BringFlix","robots":{"index":"index","follow":"follow","max-snippet":"max-snippet:-1","max-image-preview":"max-image-preview:large","max-video-preview":"max-video-preview:-1"},"canonical":"https:\/\/bringflix.shop\/en\/Produkte\/giotto-4-x-387g-1548g\/","og_locale":"en_US","og_type":"article","og_title":"Giotto (4 x 38,7g) 154,8g - BringFlix","og_description":"Zutaten: HASELN\u00dcSSE (37 %), pflanzliche Fette (Palm, Shea), Zucker, WEIZENMEHL, MAGERMILCHPULVER (7 %), S\u00dcSSMOLKENPULVER, Kakaomasse, Emulgator Lecithine (SOJA), Salz, Backtriebmittel Natriumhydrogencarbonat, Vanillin.\u00a0  Allergene: Milch und Milcherzeugnisse (einschlie\u00dflich Lactose). N\u00fcsse und Nusserzeugnisse. Glutenhaltiges Getreide und glutenhaltige Getreideerzeugnisse. Soja und Sojaerzeugnisse.Kann MANDELN enthalten. Kann MANDELN enthalten.  N\u00e4hrwerte (je 100 g):       Energie   2.243 kJ\/537 kcal     Fett   48,5 g     - davon ges\u00e4ttigte Fetts\u00e4uren   14,2 g     Kohlenhydrate   37 g     - davon Zucker   31,4 g     Eiwei\u00df   10,1 g     Salz   0,3 g      &nbsp;","og_url":"https:\/\/bringflix.shop\/en\/Produkte\/giotto-4-x-387g-1548g\/","og_site_name":"BringFlix","article_modified_time":"2026-05-08T19:15:38+00:00","og_image":[{"width":600,"height":600,"url":"https:\/\/bringflix.shop\/wp-content\/uploads\/2024\/12\/109_copy_600x600.png","type":"image\/png"}],"twitter_card":"summary_large_image","schema":{"@context":"https:\/\/schema.org","@graph":[{"@type":"WebPage","@id":"https:\/\/bringflix.shop\/Produkte\/giotto-4-x-387g-1548g\/","url":"https:\/\/bringflix.shop\/Produkte\/giotto-4-x-387g-1548g\/","name":"Giotto (4 x 38,7g) 154,8g - BringFlix","isPartOf":{"@id":"https:\/\/bringflix.shop\/#website"},"primaryImageOfPage":{"@id":"https:\/\/bringflix.shop\/Produkte\/giotto-4-x-387g-1548g\/#primaryimage"},"image":{"@id":"https:\/\/bringflix.shop\/Produkte\/giotto-4-x-387g-1548g\/#primaryimage"},"thumbnailUrl":"https:\/\/bringflix.shop\/wp-content\/uploads\/2024\/12\/109_copy_600x600.png","datePublished":"2024-12-03T06:57:29+00:00","dateModified":"2026-05-08T19:15:38+00:00","breadcrumb":{"@id":"https:\/\/bringflix.shop\/Produkte\/giotto-4-x-387g-1548g\/#breadcrumb"},"inLanguage":"en-US","potentialAction":[{"@type":"ReadAction","target":["https:\/\/bringflix.shop\/Produkte\/giotto-4-x-387g-1548g\/"]}]},{"@type":"ImageObject","inLanguage":"en-US","@id":"https:\/\/bringflix.shop\/Produkte\/giotto-4-x-387g-1548g\/#primaryimage","url":"https:\/\/bringflix.shop\/wp-content\/uploads\/2024\/12\/109_copy_600x600.png","contentUrl":"https:\/\/bringflix.shop\/wp-content\/uploads\/2024\/12\/109_copy_600x600.png","width":600,"height":600},{"@type":"BreadcrumbList","@id":"https:\/\/bringflix.shop\/Produkte\/giotto-4-x-387g-1548g\/#breadcrumb","itemListElement":[{"@type":"ListItem","position":1,"name":"Home","item":"https:\/\/bringflix.shop\/"},{"@type":"ListItem","position":2,"name":"Shop","item":"https:\/\/bringflix.shop\/shop\/"},{"@type":"ListItem","position":3,"name":"Giotto (4 x 38,7g) 154,8g"}]},{"@type":"WebSite","@id":"https:\/\/bringflix.shop\/#website","url":"https:\/\/bringflix.shop\/","name":"BringFlix","description":"","publisher":{"@id":"https:\/\/bringflix.shop\/#organization"},"potentialAction":[{"@type":"SearchAction","target":{"@type":"EntryPoint","urlTemplate":"https:\/\/bringflix.shop\/?s={search_term_string}"},"query-input":{"@type":"PropertyValueSpecification","valueRequired":true,"valueName":"search_term_string"}}],"inLanguage":"en-US"},{"@type":"Organization","@id":"https:\/\/bringflix.shop\/#organization","name":"BringFlix","url":"https:\/\/bringflix.shop\/","logo":{"@type":"ImageObject","inLanguage":"en-US","@id":"https:\/\/bringflix.shop\/#\/schema\/logo\/image\/","url":"https:\/\/bringflix.shop\/wp-content\/uploads\/2024\/11\/logo-bring-flix.png","contentUrl":"https:\/\/bringflix.shop\/wp-content\/uploads\/2024\/11\/logo-bring-flix.png","width":858,"height":316,"caption":"BringFlix"},"image":{"@id":"https:\/\/bringflix.shop\/#\/schema\/logo\/image\/"}}]}},"jetpack_sharing_enabled":true,"_links":{"self":[{"href":"https:\/\/bringflix.shop\/en\/wp-json\/wp\/v2\/product\/2026","targetHints":{"allow":["GET"]}}],"collection":[{"href":"https:\/\/bringflix.shop\/en\/wp-json\/wp\/v2\/product"}],"about":[{"href":"https:\/\/bringflix.shop\/en\/wp-json\/wp\/v2\/types\/product"}],"replies":[{"embeddable":true,"href":"https:\/\/bringflix.shop\/en\/wp-json\/wp\/v2\/comments?post=2026"}],"wp:featuredmedia":[{"embeddable":true,"href":"https:\/\/bringflix.shop\/en\/wp-json\/wp\/v2\/media\/1636"}],"wp:attachment":[{"href":"https:\/\/bringflix.shop\/en\/wp-json\/wp\/v2\/media?parent=2026"}],"wp:term":[{"taxonomy":"product_brand","embeddable":true,"href":"https:\/\/bringflix.shop\/en\/wp-json\/wp\/v2\/product_brand?post=2026"},{"taxonomy":"product_cat","embeddable":true,"href":"https:\/\/bringflix.shop\/en\/wp-json\/wp\/v2\/product_cat?post=2026"},{"taxonomy":"product_tag","embeddable":true,"href":"https:\/\/bringflix.shop\/en\/wp-json\/wp\/v2\/product_tag?post=2026"}],"curies":[{"name":"wp","href":"https:\/\/api.w.org\/{rel}","templated":true}]}}