{"id":1534,"date":"2024-12-02T11:28:05","date_gmt":"2024-12-02T11:28:05","guid":{"rendered":"https:\/\/bringflix.shop\/?post_type=product&#038;p=1534"},"modified":"2026-01-30T00:12:18","modified_gmt":"2026-01-29T23:12:18","slug":"combino-spaghetti-500g","status":"publish","type":"product","link":"https:\/\/bringflix.shop\/en\/Produkte\/combino-spaghetti-500g\/","title":{"rendered":"Combino Spaghetti 500g"},"content":{"rendered":"<h3><b>Bezeichnung:<\/b><\/h3>\n<p><span style=\"font-weight: 400\">Teigwaren aus Hartweizengrie\u00df<\/span><\/p>\n<h3><b>Herkunft:<\/b><\/h3>\n<p><span style=\"font-weight: 400\">Deutschland<\/span><\/p>\n<h3><b>Hersteller-\/Inverkehrbringer:<\/b><\/h3>\n<p><span style=\"font-weight: 400\">Pasta Zara S.D.A. Via Castellana, 34 IT-31039 Riese Pio X (TV)<\/span><\/p>\n<h3><\/h3>\n<h3><b>Anwendungsempfehlung::<\/b><\/h3>\n<p><span style=\"font-weight: 400\">Die Spaghetti in kochendes, leicht gesalzenes Wasser geben (ca. 1 Liter Wasser auf 100 g Spaghetti). Auf mittlerer Flamme unter gelegentlichem Umr\u00fchren ca. 8-9 Minuten kochen lassen. Wenn die Spaghetti die gew\u00fcnschte Bissfestigkeit erreicht haben, in ein Sieb abgie\u00dfen, abtropfen lassen und servieren. Guten Appetit!<\/span><\/p>","protected":false},"excerpt":{"rendered":"<h3><b>Zutaten:<\/b><\/h3>\n<p><span style=\"font-weight: 400\">Hartweizengrie\u00df<\/span><\/p>\n<h3><b>Allergene:<\/b><\/h3>\n<p><span style=\"font-weight: 400\">Kann Spuren von Soja, Senf und Lupinen enthalten.<\/span><\/p>\n<h3><b>N\u00e4hrwerte (je 100 g):<\/b><\/h3>\n<p><span style=\"font-weight: 400\">1483 kJ\/350 kcal<\/span><\/p>\n<table>\n<tbody>\n<tr>\n<td><span style=\"font-weight: 400\">Energie (kJ\/kcal)<\/span><\/td>\n<td><span style=\"font-weight: 400\">0.18<\/span><\/td>\n<\/tr>\n<tr>\n<td><span style=\"font-weight: 400\">Fett<\/span><\/td>\n<td><span style=\"font-weight: 400\">1,2 g<\/span><\/td>\n<\/tr>\n<tr>\n<td><span style=\"font-weight: 400\">&#8211; davon ges\u00e4ttigte Fetts\u00e4uren<\/span><\/td>\n<td><span style=\"font-weight: 400\">0,3 g<\/span><\/td>\n<\/tr>\n<tr>\n<td><span style=\"font-weight: 400\">Kohlenhydrate<\/span><\/td>\n<td><span style=\"font-weight: 400\">70,5 g<\/span><\/td>\n<\/tr>\n<tr>\n<td><span style=\"font-weight: 400\">&#8211; davon Zucker<\/span><\/td>\n<td><span style=\"font-weight: 400\">3,2 g<\/span><\/td>\n<\/tr>\n<tr>\n<td><span style=\"font-weight: 400\">Ballaststoffe<\/span><\/td>\n<td><span style=\"font-weight: 400\">3,5 g<\/span><\/td>\n<\/tr>\n<tr>\n<td><span style=\"font-weight: 400\">Eiwei\u00df<\/span><\/td>\n<td><span style=\"font-weight: 400\">12,5 g<\/span><\/td>\n<\/tr>\n<tr>\n<td><span style=\"font-weight: 400\">Salz<\/span><\/td>\n<td><span style=\"font-weight: 400\">0 g<\/span><\/td>\n<\/tr>\n<tr>\n<td><\/td>\n<td><\/td>\n<\/tr>\n<tr>\n<td><\/td>\n<td><\/td>\n<\/tr>\n<\/tbody>\n<\/table>\n<p>&nbsp;<\/p>","protected":false},"featured_media":1539,"comment_status":"open","ping_status":"closed","template":"","meta":{"_acf_changed":false,"inline_featured_image":false,"site-sidebar-layout":"default","site-content-layout":"","ast-site-content-layout":"default","site-content-style":"default","site-sidebar-style":"default","ast-global-header-display":"","ast-banner-title-visibility":"","ast-main-header-display":"","ast-hfb-above-header-display":"","ast-hfb-below-header-display":"","ast-hfb-mobile-header-display":"","site-post-title":"","ast-breadcrumbs-content":"","ast-featured-img":"","footer-sml-layout":"","theme-transparent-header-meta":"default","adv-header-id-meta":"","stick-header-meta":"","header-above-stick-meta":"","header-main-stick-meta":"","header-below-stick-meta":"","astra-migrate-meta-layouts":"set","ast-page-background-enabled":"default","ast-page-background-meta":{"desktop":{"background-color":"var(--ast-global-color-4)","background-image":"","background-repeat":"repeat","background-position":"center center","background-size":"auto","background-attachment":"scroll","background-type":"","background-media":"","overlay-type":"","overlay-color":"","overlay-opacity":"","overlay-gradient":""},"tablet":{"background-color":"","background-image":"","background-repeat":"repeat","background-position":"center center","background-size":"auto","background-attachment":"scroll","background-type":"","background-media":"","overlay-type":"","overlay-color":"","overlay-opacity":"","overlay-gradient":""},"mobile":{"background-color":"","background-image":"","background-repeat":"repeat","background-position":"center center","background-size":"auto","background-attachment":"scroll","background-type":"","background-media":"","overlay-type":"","overlay-color":"","overlay-opacity":"","overlay-gradient":""}},"ast-content-background-meta":{"desktop":{"background-color":"var(--ast-global-color-5)","background-image":"","background-repeat":"repeat","background-position":"center center","background-size":"auto","background-attachment":"scroll","background-type":"","background-media":"","overlay-type":"","overlay-color":"","overlay-opacity":"","overlay-gradient":""},"tablet":{"background-color":"var(--ast-global-color-5)","background-image":"","background-repeat":"repeat","background-position":"center center","background-size":"auto","background-attachment":"scroll","background-type":"","background-media":"","overlay-type":"","overlay-color":"","overlay-opacity":"","overlay-gradient":""},"mobile":{"background-color":"var(--ast-global-color-5)","background-image":"","background-repeat":"repeat","background-position":"center center","background-size":"auto","background-attachment":"scroll","background-type":"","background-media":"","overlay-type":"","overlay-color":"","overlay-opacity":"","overlay-gradient":""}}},"product_brand":[],"product_cat":[35,30],"product_tag":[],"class_list":{"0":"post-1534","1":"product","2":"type-product","3":"status-publish","4":"has-post-thumbnail","6":"product_cat-nudeln-reis-co","7":"product_cat-trockensortiment","8":"desktop-align-left","9":"tablet-align-left","10":"mobile-align-left","12":"first","13":"instock","14":"taxable","15":"shipping-taxable","16":"purchasable","17":"product-type-simple"},"acf":[],"yoast_head":"<!-- This site is optimized with the Yoast SEO plugin v24.5 - https:\/\/yoast.com\/wordpress\/plugins\/seo\/ -->\n<title>Combino Spaghetti 500g - BringFlix<\/title>\n<meta name=\"robots\" content=\"index, follow, max-snippet:-1, max-image-preview:large, max-video-preview:-1\" \/>\n<link rel=\"canonical\" href=\"https:\/\/bringflix.shop\/en\/Produkte\/combino-spaghetti-500g\/\" \/>\n<meta property=\"og:locale\" content=\"en_US\" \/>\n<meta property=\"og:type\" content=\"article\" \/>\n<meta property=\"og:title\" content=\"Combino Spaghetti 500g - BringFlix\" \/>\n<meta property=\"og:description\" content=\"Zutaten: Hartweizengrie\u00df Allergene: Kann Spuren von Soja, Senf und Lupinen enthalten. N\u00e4hrwerte (je 100 g): 1483 kJ\/350 kcal    Energie (kJ\/kcal) 0.18   Fett 1,2 g   - davon ges\u00e4ttigte Fetts\u00e4uren 0,3 g   Kohlenhydrate 70,5 g   - davon Zucker 3,2 g   Ballaststoffe 3,5 g   Eiwei\u00df 12,5 g   Salz 0 g            &nbsp;\" \/>\n<meta property=\"og:url\" content=\"https:\/\/bringflix.shop\/en\/Produkte\/combino-spaghetti-500g\/\" \/>\n<meta property=\"og:site_name\" content=\"BringFlix\" \/>\n<meta property=\"article:modified_time\" content=\"2026-01-29T23:12:18+00:00\" \/>\n<meta property=\"og:image\" content=\"https:\/\/bringflix.shop\/wp-content\/uploads\/2024\/12\/58_copy_600x600.png\" \/>\n\t<meta property=\"og:image:width\" content=\"600\" \/>\n\t<meta property=\"og:image:height\" content=\"600\" \/>\n\t<meta property=\"og:image:type\" content=\"image\/png\" \/>\n<meta name=\"twitter:card\" content=\"summary_large_image\" \/>\n<script type=\"application\/ld+json\" class=\"yoast-schema-graph\">{\"@context\":\"https:\/\/schema.org\",\"@graph\":[{\"@type\":\"WebPage\",\"@id\":\"https:\/\/bringflix.shop\/Produkte\/combino-spaghetti-500g\/\",\"url\":\"https:\/\/bringflix.shop\/Produkte\/combino-spaghetti-500g\/\",\"name\":\"Combino Spaghetti 500g - BringFlix\",\"isPartOf\":{\"@id\":\"https:\/\/bringflix.shop\/#website\"},\"primaryImageOfPage\":{\"@id\":\"https:\/\/bringflix.shop\/Produkte\/combino-spaghetti-500g\/#primaryimage\"},\"image\":{\"@id\":\"https:\/\/bringflix.shop\/Produkte\/combino-spaghetti-500g\/#primaryimage\"},\"thumbnailUrl\":\"https:\/\/bringflix.shop\/wp-content\/uploads\/2024\/12\/58_copy_600x600.png\",\"datePublished\":\"2024-12-02T11:28:05+00:00\",\"dateModified\":\"2026-01-29T23:12:18+00:00\",\"breadcrumb\":{\"@id\":\"https:\/\/bringflix.shop\/Produkte\/combino-spaghetti-500g\/#breadcrumb\"},\"inLanguage\":\"en-US\",\"potentialAction\":[{\"@type\":\"ReadAction\",\"target\":[\"https:\/\/bringflix.shop\/Produkte\/combino-spaghetti-500g\/\"]}]},{\"@type\":\"ImageObject\",\"inLanguage\":\"en-US\",\"@id\":\"https:\/\/bringflix.shop\/Produkte\/combino-spaghetti-500g\/#primaryimage\",\"url\":\"https:\/\/bringflix.shop\/wp-content\/uploads\/2024\/12\/58_copy_600x600.png\",\"contentUrl\":\"https:\/\/bringflix.shop\/wp-content\/uploads\/2024\/12\/58_copy_600x600.png\",\"width\":600,\"height\":600},{\"@type\":\"BreadcrumbList\",\"@id\":\"https:\/\/bringflix.shop\/Produkte\/combino-spaghetti-500g\/#breadcrumb\",\"itemListElement\":[{\"@type\":\"ListItem\",\"position\":1,\"name\":\"Home\",\"item\":\"https:\/\/bringflix.shop\/\"},{\"@type\":\"ListItem\",\"position\":2,\"name\":\"Shop\",\"item\":\"https:\/\/bringflix.shop\/shop\/\"},{\"@type\":\"ListItem\",\"position\":3,\"name\":\"Combino Spaghetti 500g\"}]},{\"@type\":\"WebSite\",\"@id\":\"https:\/\/bringflix.shop\/#website\",\"url\":\"https:\/\/bringflix.shop\/\",\"name\":\"BringFlix\",\"description\":\"\",\"publisher\":{\"@id\":\"https:\/\/bringflix.shop\/#organization\"},\"potentialAction\":[{\"@type\":\"SearchAction\",\"target\":{\"@type\":\"EntryPoint\",\"urlTemplate\":\"https:\/\/bringflix.shop\/?s={search_term_string}\"},\"query-input\":{\"@type\":\"PropertyValueSpecification\",\"valueRequired\":true,\"valueName\":\"search_term_string\"}}],\"inLanguage\":\"en-US\"},{\"@type\":\"Organization\",\"@id\":\"https:\/\/bringflix.shop\/#organization\",\"name\":\"BringFlix\",\"url\":\"https:\/\/bringflix.shop\/\",\"logo\":{\"@type\":\"ImageObject\",\"inLanguage\":\"en-US\",\"@id\":\"https:\/\/bringflix.shop\/#\/schema\/logo\/image\/\",\"url\":\"https:\/\/bringflix.shop\/wp-content\/uploads\/2024\/11\/logo-bring-flix.png\",\"contentUrl\":\"https:\/\/bringflix.shop\/wp-content\/uploads\/2024\/11\/logo-bring-flix.png\",\"width\":858,\"height\":316,\"caption\":\"BringFlix\"},\"image\":{\"@id\":\"https:\/\/bringflix.shop\/#\/schema\/logo\/image\/\"}}]}<\/script>\n<!-- \/ Yoast SEO plugin. -->","yoast_head_json":{"title":"Combino Spaghetti 500g - BringFlix","robots":{"index":"index","follow":"follow","max-snippet":"max-snippet:-1","max-image-preview":"max-image-preview:large","max-video-preview":"max-video-preview:-1"},"canonical":"https:\/\/bringflix.shop\/en\/Produkte\/combino-spaghetti-500g\/","og_locale":"en_US","og_type":"article","og_title":"Combino Spaghetti 500g - BringFlix","og_description":"Zutaten: Hartweizengrie\u00df Allergene: Kann Spuren von Soja, Senf und Lupinen enthalten. N\u00e4hrwerte (je 100 g): 1483 kJ\/350 kcal    Energie (kJ\/kcal) 0.18   Fett 1,2 g   - davon ges\u00e4ttigte Fetts\u00e4uren 0,3 g   Kohlenhydrate 70,5 g   - davon Zucker 3,2 g   Ballaststoffe 3,5 g   Eiwei\u00df 12,5 g   Salz 0 g            &nbsp;","og_url":"https:\/\/bringflix.shop\/en\/Produkte\/combino-spaghetti-500g\/","og_site_name":"BringFlix","article_modified_time":"2026-01-29T23:12:18+00:00","og_image":[{"width":600,"height":600,"url":"https:\/\/bringflix.shop\/wp-content\/uploads\/2024\/12\/58_copy_600x600.png","type":"image\/png"}],"twitter_card":"summary_large_image","schema":{"@context":"https:\/\/schema.org","@graph":[{"@type":"WebPage","@id":"https:\/\/bringflix.shop\/Produkte\/combino-spaghetti-500g\/","url":"https:\/\/bringflix.shop\/Produkte\/combino-spaghetti-500g\/","name":"Combino Spaghetti 500g - BringFlix","isPartOf":{"@id":"https:\/\/bringflix.shop\/#website"},"primaryImageOfPage":{"@id":"https:\/\/bringflix.shop\/Produkte\/combino-spaghetti-500g\/#primaryimage"},"image":{"@id":"https:\/\/bringflix.shop\/Produkte\/combino-spaghetti-500g\/#primaryimage"},"thumbnailUrl":"https:\/\/bringflix.shop\/wp-content\/uploads\/2024\/12\/58_copy_600x600.png","datePublished":"2024-12-02T11:28:05+00:00","dateModified":"2026-01-29T23:12:18+00:00","breadcrumb":{"@id":"https:\/\/bringflix.shop\/Produkte\/combino-spaghetti-500g\/#breadcrumb"},"inLanguage":"en-US","potentialAction":[{"@type":"ReadAction","target":["https:\/\/bringflix.shop\/Produkte\/combino-spaghetti-500g\/"]}]},{"@type":"ImageObject","inLanguage":"en-US","@id":"https:\/\/bringflix.shop\/Produkte\/combino-spaghetti-500g\/#primaryimage","url":"https:\/\/bringflix.shop\/wp-content\/uploads\/2024\/12\/58_copy_600x600.png","contentUrl":"https:\/\/bringflix.shop\/wp-content\/uploads\/2024\/12\/58_copy_600x600.png","width":600,"height":600},{"@type":"BreadcrumbList","@id":"https:\/\/bringflix.shop\/Produkte\/combino-spaghetti-500g\/#breadcrumb","itemListElement":[{"@type":"ListItem","position":1,"name":"Home","item":"https:\/\/bringflix.shop\/"},{"@type":"ListItem","position":2,"name":"Shop","item":"https:\/\/bringflix.shop\/shop\/"},{"@type":"ListItem","position":3,"name":"Combino Spaghetti 500g"}]},{"@type":"WebSite","@id":"https:\/\/bringflix.shop\/#website","url":"https:\/\/bringflix.shop\/","name":"BringFlix","description":"","publisher":{"@id":"https:\/\/bringflix.shop\/#organization"},"potentialAction":[{"@type":"SearchAction","target":{"@type":"EntryPoint","urlTemplate":"https:\/\/bringflix.shop\/?s={search_term_string}"},"query-input":{"@type":"PropertyValueSpecification","valueRequired":true,"valueName":"search_term_string"}}],"inLanguage":"en-US"},{"@type":"Organization","@id":"https:\/\/bringflix.shop\/#organization","name":"BringFlix","url":"https:\/\/bringflix.shop\/","logo":{"@type":"ImageObject","inLanguage":"en-US","@id":"https:\/\/bringflix.shop\/#\/schema\/logo\/image\/","url":"https:\/\/bringflix.shop\/wp-content\/uploads\/2024\/11\/logo-bring-flix.png","contentUrl":"https:\/\/bringflix.shop\/wp-content\/uploads\/2024\/11\/logo-bring-flix.png","width":858,"height":316,"caption":"BringFlix"},"image":{"@id":"https:\/\/bringflix.shop\/#\/schema\/logo\/image\/"}}]}},"jetpack_sharing_enabled":true,"_links":{"self":[{"href":"https:\/\/bringflix.shop\/en\/wp-json\/wp\/v2\/product\/1534","targetHints":{"allow":["GET"]}}],"collection":[{"href":"https:\/\/bringflix.shop\/en\/wp-json\/wp\/v2\/product"}],"about":[{"href":"https:\/\/bringflix.shop\/en\/wp-json\/wp\/v2\/types\/product"}],"replies":[{"embeddable":true,"href":"https:\/\/bringflix.shop\/en\/wp-json\/wp\/v2\/comments?post=1534"}],"wp:featuredmedia":[{"embeddable":true,"href":"https:\/\/bringflix.shop\/en\/wp-json\/wp\/v2\/media\/1539"}],"wp:attachment":[{"href":"https:\/\/bringflix.shop\/en\/wp-json\/wp\/v2\/media?parent=1534"}],"wp:term":[{"taxonomy":"product_brand","embeddable":true,"href":"https:\/\/bringflix.shop\/en\/wp-json\/wp\/v2\/product_brand?post=1534"},{"taxonomy":"product_cat","embeddable":true,"href":"https:\/\/bringflix.shop\/en\/wp-json\/wp\/v2\/product_cat?post=1534"},{"taxonomy":"product_tag","embeddable":true,"href":"https:\/\/bringflix.shop\/en\/wp-json\/wp\/v2\/product_tag?post=1534"}],"curies":[{"name":"wp","href":"https:\/\/api.w.org\/{rel}","templated":true}]}}