{"id":1517,"date":"2024-12-02T10:54:50","date_gmt":"2024-12-02T09:54:50","guid":{"rendered":"https:\/\/bringflix.shop\/?post_type=product&#038;p=1517"},"modified":"2026-05-11T23:28:16","modified_gmt":"2026-05-11T21:28:16","slug":"milka-choco-brookie-132g","status":"publish","type":"product","link":"https:\/\/bringflix.shop\/en\/Produkte\/milka-choco-brookie-132g\/","title":{"rendered":"Milka Choco Brookie 132g"},"content":{"rendered":"<h3><b>Bezeichnung:<\/b><\/h3>\n<p>Kuchen mit Schokolade (4,5 %), Alpenmilch Schokolade (4,5 %), Milchschokolade (2 %) und Alpenmilch Schokoladentropfen (7 %).<\/p>\n<h3><b>Herkunft:<\/b><\/h3>\n<p>Deutschland<\/p>\n<h3><b>Konservierung und Lagerung:<\/b><\/h3>\n<p>Trocken lagern und vor W\u00e4rme sch\u00fctzen. Hitze und Sonnenlicht k\u00f6nnen zur Bildung eines harmlosen, wei\u00dfen Belags auf der Oberfl\u00e4che der Schokolade f\u00fchren.<\/p>\n<h3><b>Hersteller-\/Inverkehrbringer:<\/b><\/h3>\n<p>Mondelez Deutschland GmbH D-28078 Bremen<\/p>","protected":false},"excerpt":{"rendered":"<h3><b>Zutaten:<\/b><\/h3>\n<p>Zucker, WEIZENMEHL, EI, Palm\u00f6l, BUTTEREINFETT, Kakaomasse, Feuchthaltemittel (Glycerin), Raps\u00f6l, Kakaobutter, Glukosesirup, VOLLMILCHPULVER, Molkenpulver (aus MILCH), Kakaopulver, Emulgatoren (E492, SOJALECITHINE, E476), Maisst\u00e4rke, MAGERMILCHPULVER, ges\u00fcsste KONDENSMAGERMILCH, Speisesalz, Konservierungsmittel (Kaliumsorbat), Backtriebmittel (Natriumcarbonate, Diphosphate, Ammoniumcarbonate), S\u00e4ureregulator (Citronens\u00e4ure), Geliermittel (Natriumalginat), Aromen, Verdickungsmittel (Xanthan), Farbstoff (Carotin).<\/p>\n<h3><b>Allergene:<\/b><\/h3>\n<p>WEIZENMEHL, EI, BUTTEREINFETT, VOLLMILCHPULVER, MILCH, SOJALECITHINE, MAGERMILCHPULVER, KONDENSMAGERMILCH Enth\u00e4lt: Weizen und Weizenerzeugnisse (glutenhaltiges Getreide). Soja und Sojaerzeugnisse. Milch und Milcherzeugnisse (einschlie\u00dflich Lactose). Eier und Eierzeugnisse. Glutenhaltiges Getreide und glutenhaltige Getreideerzeugnisse. Kann enthalten: Sesamsamen und Sesamsamenerzeugnisse. N\u00fcsse und Nusserzeugnisse. KANN ENTHALTEN: N\u00dcSSE, SESAM.<\/p>\n<h3><b>N\u00e4hrwerte (je 100 g):<\/b><\/h3>\n<p>1.949 kJ\/466 kcal<\/p>\n<table>\n<tbody>\n<tr>\n<td>Fett<\/td>\n<td>26 g<\/td>\n<\/tr>\n<tr>\n<td>&#8211; davon ges\u00e4ttigte Fetts\u00e4uren<\/td>\n<td>12 g<\/td>\n<\/tr>\n<tr>\n<td>Kohlenhydrate<\/td>\n<td>54 g<\/td>\n<\/tr>\n<tr>\n<td>&#8211; davon Zucker<\/td>\n<td>35 g<\/td>\n<\/tr>\n<tr>\n<td>Ballaststoffe<\/td>\n<td>1,7 g<\/td>\n<\/tr>\n<tr>\n<td>Eiwei\u00df<\/td>\n<td>5,2 g<\/td>\n<\/tr>\n<tr>\n<td>Salz<\/td>\n<td>0,43 g<\/td>\n<\/tr>\n<\/tbody>\n<\/table>","protected":false},"featured_media":1518,"comment_status":"open","ping_status":"closed","template":"","meta":{"_acf_changed":false,"inline_featured_image":false,"site-sidebar-layout":"default","site-content-layout":"","ast-site-content-layout":"default","site-content-style":"default","site-sidebar-style":"default","ast-global-header-display":"","ast-banner-title-visibility":"","ast-main-header-display":"","ast-hfb-above-header-display":"","ast-hfb-below-header-display":"","ast-hfb-mobile-header-display":"","site-post-title":"","ast-breadcrumbs-content":"","ast-featured-img":"","footer-sml-layout":"","theme-transparent-header-meta":"default","adv-header-id-meta":"","stick-header-meta":"","header-above-stick-meta":"","header-main-stick-meta":"","header-below-stick-meta":"","astra-migrate-meta-layouts":"set","ast-page-background-enabled":"default","ast-page-background-meta":{"desktop":{"background-color":"var(--ast-global-color-4)","background-image":"","background-repeat":"repeat","background-position":"center center","background-size":"auto","background-attachment":"scroll","background-type":"","background-media":"","overlay-type":"","overlay-color":"","overlay-opacity":"","overlay-gradient":""},"tablet":{"background-color":"","background-image":"","background-repeat":"repeat","background-position":"center center","background-size":"auto","background-attachment":"scroll","background-type":"","background-media":"","overlay-type":"","overlay-color":"","overlay-opacity":"","overlay-gradient":""},"mobile":{"background-color":"","background-image":"","background-repeat":"repeat","background-position":"center center","background-size":"auto","background-attachment":"scroll","background-type":"","background-media":"","overlay-type":"","overlay-color":"","overlay-opacity":"","overlay-gradient":""}},"ast-content-background-meta":{"desktop":{"background-color":"var(--ast-global-color-5)","background-image":"","background-repeat":"repeat","background-position":"center center","background-size":"auto","background-attachment":"scroll","background-type":"","background-media":"","overlay-type":"","overlay-color":"","overlay-opacity":"","overlay-gradient":""},"tablet":{"background-color":"var(--ast-global-color-5)","background-image":"","background-repeat":"repeat","background-position":"center center","background-size":"auto","background-attachment":"scroll","background-type":"","background-media":"","overlay-type":"","overlay-color":"","overlay-opacity":"","overlay-gradient":""},"mobile":{"background-color":"var(--ast-global-color-5)","background-image":"","background-repeat":"repeat","background-position":"center center","background-size":"auto","background-attachment":"scroll","background-type":"","background-media":"","overlay-type":"","overlay-color":"","overlay-opacity":"","overlay-gradient":""}}},"product_brand":[],"product_cat":[41,102,30],"product_tag":[],"class_list":{"0":"post-1517","1":"product","2":"type-product","3":"status-publish","4":"has-post-thumbnail","6":"product_cat-kekse-kuchen","7":"product_cat-kuchen","8":"product_cat-trockensortiment","9":"desktop-align-left","10":"tablet-align-left","11":"mobile-align-left","13":"first","14":"instock","15":"taxable","16":"shipping-taxable","17":"purchasable","18":"product-type-simple"},"acf":[],"yoast_head":"<!-- This site is optimized with the Yoast SEO plugin v24.5 - https:\/\/yoast.com\/wordpress\/plugins\/seo\/ -->\n<title>Milka Choco Brookie 132g - BringFlix<\/title>\n<meta name=\"robots\" content=\"index, follow, max-snippet:-1, max-image-preview:large, max-video-preview:-1\" \/>\n<link rel=\"canonical\" href=\"https:\/\/bringflix.shop\/en\/Produkte\/milka-choco-brookie-132g\/\" \/>\n<meta property=\"og:locale\" content=\"en_US\" \/>\n<meta property=\"og:type\" content=\"article\" \/>\n<meta property=\"og:title\" content=\"Milka Choco Brookie 132g - BringFlix\" \/>\n<meta property=\"og:description\" content=\"Zutaten: Zucker, WEIZENMEHL, EI, Palm\u00f6l, BUTTEREINFETT, Kakaomasse, Feuchthaltemittel (Glycerin), Raps\u00f6l, Kakaobutter, Glukosesirup, VOLLMILCHPULVER, Molkenpulver (aus MILCH), Kakaopulver, Emulgatoren (E492, SOJALECITHINE, E476), Maisst\u00e4rke, MAGERMILCHPULVER, ges\u00fcsste KONDENSMAGERMILCH, Speisesalz, Konservierungsmittel (Kaliumsorbat), Backtriebmittel (Natriumcarbonate, Diphosphate, Ammoniumcarbonate), S\u00e4ureregulator (Citronens\u00e4ure), Geliermittel (Natriumalginat), Aromen, Verdickungsmittel (Xanthan), Farbstoff (Carotin). Allergene: WEIZENMEHL, EI, BUTTEREINFETT, VOLLMILCHPULVER, MILCH, SOJALECITHINE, MAGERMILCHPULVER, KONDENSMAGERMILCH Enth\u00e4lt: Weizen und Weizenerzeugnisse (glutenhaltiges Getreide). Soja und Sojaerzeugnisse. Milch und Milcherzeugnisse (einschlie\u00dflich Lactose). Eier und Eierzeugnisse. Glutenhaltiges Getreide und glutenhaltige Getreideerzeugnisse. Kann enthalten: Sesamsamen und Sesamsamenerzeugnisse. N\u00fcsse und Nusserzeugnisse. KANN ENTHALTEN: N\u00dcSSE, SESAM. N\u00e4hrwerte (je 100 g): 1.949 kJ\/466 kcal    Fett 26 g   - davon ges\u00e4ttigte Fetts\u00e4uren 12 g   Kohlenhydrate 54 g   - davon Zucker 35 g   Ballaststoffe 1,7 g   Eiwei\u00df 5,2 g   Salz 0,43 g\" \/>\n<meta property=\"og:url\" content=\"https:\/\/bringflix.shop\/en\/Produkte\/milka-choco-brookie-132g\/\" \/>\n<meta property=\"og:site_name\" content=\"BringFlix\" \/>\n<meta property=\"article:modified_time\" content=\"2026-05-11T21:28:16+00:00\" \/>\n<meta property=\"og:image\" content=\"https:\/\/bringflix.shop\/wp-content\/uploads\/2024\/12\/48_copy_600x600.png\" \/>\n\t<meta property=\"og:image:width\" content=\"600\" \/>\n\t<meta property=\"og:image:height\" content=\"600\" \/>\n\t<meta property=\"og:image:type\" content=\"image\/png\" \/>\n<meta name=\"twitter:card\" content=\"summary_large_image\" \/>\n<script type=\"application\/ld+json\" class=\"yoast-schema-graph\">{\"@context\":\"https:\/\/schema.org\",\"@graph\":[{\"@type\":\"WebPage\",\"@id\":\"https:\/\/bringflix.shop\/Produkte\/milka-choco-brookie-132g\/\",\"url\":\"https:\/\/bringflix.shop\/Produkte\/milka-choco-brookie-132g\/\",\"name\":\"Milka Choco Brookie 132g - BringFlix\",\"isPartOf\":{\"@id\":\"https:\/\/bringflix.shop\/#website\"},\"primaryImageOfPage\":{\"@id\":\"https:\/\/bringflix.shop\/Produkte\/milka-choco-brookie-132g\/#primaryimage\"},\"image\":{\"@id\":\"https:\/\/bringflix.shop\/Produkte\/milka-choco-brookie-132g\/#primaryimage\"},\"thumbnailUrl\":\"https:\/\/bringflix.shop\/wp-content\/uploads\/2024\/12\/48_copy_600x600.png\",\"datePublished\":\"2024-12-02T09:54:50+00:00\",\"dateModified\":\"2026-05-11T21:28:16+00:00\",\"breadcrumb\":{\"@id\":\"https:\/\/bringflix.shop\/Produkte\/milka-choco-brookie-132g\/#breadcrumb\"},\"inLanguage\":\"en-US\",\"potentialAction\":[{\"@type\":\"ReadAction\",\"target\":[\"https:\/\/bringflix.shop\/Produkte\/milka-choco-brookie-132g\/\"]}]},{\"@type\":\"ImageObject\",\"inLanguage\":\"en-US\",\"@id\":\"https:\/\/bringflix.shop\/Produkte\/milka-choco-brookie-132g\/#primaryimage\",\"url\":\"https:\/\/bringflix.shop\/wp-content\/uploads\/2024\/12\/48_copy_600x600.png\",\"contentUrl\":\"https:\/\/bringflix.shop\/wp-content\/uploads\/2024\/12\/48_copy_600x600.png\",\"width\":600,\"height\":600},{\"@type\":\"BreadcrumbList\",\"@id\":\"https:\/\/bringflix.shop\/Produkte\/milka-choco-brookie-132g\/#breadcrumb\",\"itemListElement\":[{\"@type\":\"ListItem\",\"position\":1,\"name\":\"Home\",\"item\":\"https:\/\/bringflix.shop\/\"},{\"@type\":\"ListItem\",\"position\":2,\"name\":\"Shop\",\"item\":\"https:\/\/bringflix.shop\/shop\/\"},{\"@type\":\"ListItem\",\"position\":3,\"name\":\"Milka Choco Brookie 132g\"}]},{\"@type\":\"WebSite\",\"@id\":\"https:\/\/bringflix.shop\/#website\",\"url\":\"https:\/\/bringflix.shop\/\",\"name\":\"BringFlix\",\"description\":\"\",\"publisher\":{\"@id\":\"https:\/\/bringflix.shop\/#organization\"},\"potentialAction\":[{\"@type\":\"SearchAction\",\"target\":{\"@type\":\"EntryPoint\",\"urlTemplate\":\"https:\/\/bringflix.shop\/?s={search_term_string}\"},\"query-input\":{\"@type\":\"PropertyValueSpecification\",\"valueRequired\":true,\"valueName\":\"search_term_string\"}}],\"inLanguage\":\"en-US\"},{\"@type\":\"Organization\",\"@id\":\"https:\/\/bringflix.shop\/#organization\",\"name\":\"BringFlix\",\"url\":\"https:\/\/bringflix.shop\/\",\"logo\":{\"@type\":\"ImageObject\",\"inLanguage\":\"en-US\",\"@id\":\"https:\/\/bringflix.shop\/#\/schema\/logo\/image\/\",\"url\":\"https:\/\/bringflix.shop\/wp-content\/uploads\/2024\/11\/logo-bring-flix.png\",\"contentUrl\":\"https:\/\/bringflix.shop\/wp-content\/uploads\/2024\/11\/logo-bring-flix.png\",\"width\":858,\"height\":316,\"caption\":\"BringFlix\"},\"image\":{\"@id\":\"https:\/\/bringflix.shop\/#\/schema\/logo\/image\/\"}}]}<\/script>\n<!-- \/ Yoast SEO plugin. -->","yoast_head_json":{"title":"Milka Choco Brookie 132g - BringFlix","robots":{"index":"index","follow":"follow","max-snippet":"max-snippet:-1","max-image-preview":"max-image-preview:large","max-video-preview":"max-video-preview:-1"},"canonical":"https:\/\/bringflix.shop\/en\/Produkte\/milka-choco-brookie-132g\/","og_locale":"en_US","og_type":"article","og_title":"Milka Choco Brookie 132g - BringFlix","og_description":"Zutaten: Zucker, WEIZENMEHL, EI, Palm\u00f6l, BUTTEREINFETT, Kakaomasse, Feuchthaltemittel (Glycerin), Raps\u00f6l, Kakaobutter, Glukosesirup, VOLLMILCHPULVER, Molkenpulver (aus MILCH), Kakaopulver, Emulgatoren (E492, SOJALECITHINE, E476), Maisst\u00e4rke, MAGERMILCHPULVER, ges\u00fcsste KONDENSMAGERMILCH, Speisesalz, Konservierungsmittel (Kaliumsorbat), Backtriebmittel (Natriumcarbonate, Diphosphate, Ammoniumcarbonate), S\u00e4ureregulator (Citronens\u00e4ure), Geliermittel (Natriumalginat), Aromen, Verdickungsmittel (Xanthan), Farbstoff (Carotin). Allergene: WEIZENMEHL, EI, BUTTEREINFETT, VOLLMILCHPULVER, MILCH, SOJALECITHINE, MAGERMILCHPULVER, KONDENSMAGERMILCH Enth\u00e4lt: Weizen und Weizenerzeugnisse (glutenhaltiges Getreide). Soja und Sojaerzeugnisse. Milch und Milcherzeugnisse (einschlie\u00dflich Lactose). Eier und Eierzeugnisse. Glutenhaltiges Getreide und glutenhaltige Getreideerzeugnisse. Kann enthalten: Sesamsamen und Sesamsamenerzeugnisse. N\u00fcsse und Nusserzeugnisse. KANN ENTHALTEN: N\u00dcSSE, SESAM. N\u00e4hrwerte (je 100 g): 1.949 kJ\/466 kcal    Fett 26 g   - davon ges\u00e4ttigte Fetts\u00e4uren 12 g   Kohlenhydrate 54 g   - davon Zucker 35 g   Ballaststoffe 1,7 g   Eiwei\u00df 5,2 g   Salz 0,43 g","og_url":"https:\/\/bringflix.shop\/en\/Produkte\/milka-choco-brookie-132g\/","og_site_name":"BringFlix","article_modified_time":"2026-05-11T21:28:16+00:00","og_image":[{"width":600,"height":600,"url":"https:\/\/bringflix.shop\/wp-content\/uploads\/2024\/12\/48_copy_600x600.png","type":"image\/png"}],"twitter_card":"summary_large_image","schema":{"@context":"https:\/\/schema.org","@graph":[{"@type":"WebPage","@id":"https:\/\/bringflix.shop\/Produkte\/milka-choco-brookie-132g\/","url":"https:\/\/bringflix.shop\/Produkte\/milka-choco-brookie-132g\/","name":"Milka Choco Brookie 132g - BringFlix","isPartOf":{"@id":"https:\/\/bringflix.shop\/#website"},"primaryImageOfPage":{"@id":"https:\/\/bringflix.shop\/Produkte\/milka-choco-brookie-132g\/#primaryimage"},"image":{"@id":"https:\/\/bringflix.shop\/Produkte\/milka-choco-brookie-132g\/#primaryimage"},"thumbnailUrl":"https:\/\/bringflix.shop\/wp-content\/uploads\/2024\/12\/48_copy_600x600.png","datePublished":"2024-12-02T09:54:50+00:00","dateModified":"2026-05-11T21:28:16+00:00","breadcrumb":{"@id":"https:\/\/bringflix.shop\/Produkte\/milka-choco-brookie-132g\/#breadcrumb"},"inLanguage":"en-US","potentialAction":[{"@type":"ReadAction","target":["https:\/\/bringflix.shop\/Produkte\/milka-choco-brookie-132g\/"]}]},{"@type":"ImageObject","inLanguage":"en-US","@id":"https:\/\/bringflix.shop\/Produkte\/milka-choco-brookie-132g\/#primaryimage","url":"https:\/\/bringflix.shop\/wp-content\/uploads\/2024\/12\/48_copy_600x600.png","contentUrl":"https:\/\/bringflix.shop\/wp-content\/uploads\/2024\/12\/48_copy_600x600.png","width":600,"height":600},{"@type":"BreadcrumbList","@id":"https:\/\/bringflix.shop\/Produkte\/milka-choco-brookie-132g\/#breadcrumb","itemListElement":[{"@type":"ListItem","position":1,"name":"Home","item":"https:\/\/bringflix.shop\/"},{"@type":"ListItem","position":2,"name":"Shop","item":"https:\/\/bringflix.shop\/shop\/"},{"@type":"ListItem","position":3,"name":"Milka Choco Brookie 132g"}]},{"@type":"WebSite","@id":"https:\/\/bringflix.shop\/#website","url":"https:\/\/bringflix.shop\/","name":"BringFlix","description":"","publisher":{"@id":"https:\/\/bringflix.shop\/#organization"},"potentialAction":[{"@type":"SearchAction","target":{"@type":"EntryPoint","urlTemplate":"https:\/\/bringflix.shop\/?s={search_term_string}"},"query-input":{"@type":"PropertyValueSpecification","valueRequired":true,"valueName":"search_term_string"}}],"inLanguage":"en-US"},{"@type":"Organization","@id":"https:\/\/bringflix.shop\/#organization","name":"BringFlix","url":"https:\/\/bringflix.shop\/","logo":{"@type":"ImageObject","inLanguage":"en-US","@id":"https:\/\/bringflix.shop\/#\/schema\/logo\/image\/","url":"https:\/\/bringflix.shop\/wp-content\/uploads\/2024\/11\/logo-bring-flix.png","contentUrl":"https:\/\/bringflix.shop\/wp-content\/uploads\/2024\/11\/logo-bring-flix.png","width":858,"height":316,"caption":"BringFlix"},"image":{"@id":"https:\/\/bringflix.shop\/#\/schema\/logo\/image\/"}}]}},"jetpack_sharing_enabled":true,"_links":{"self":[{"href":"https:\/\/bringflix.shop\/en\/wp-json\/wp\/v2\/product\/1517","targetHints":{"allow":["GET"]}}],"collection":[{"href":"https:\/\/bringflix.shop\/en\/wp-json\/wp\/v2\/product"}],"about":[{"href":"https:\/\/bringflix.shop\/en\/wp-json\/wp\/v2\/types\/product"}],"replies":[{"embeddable":true,"href":"https:\/\/bringflix.shop\/en\/wp-json\/wp\/v2\/comments?post=1517"}],"wp:featuredmedia":[{"embeddable":true,"href":"https:\/\/bringflix.shop\/en\/wp-json\/wp\/v2\/media\/1518"}],"wp:attachment":[{"href":"https:\/\/bringflix.shop\/en\/wp-json\/wp\/v2\/media?parent=1517"}],"wp:term":[{"taxonomy":"product_brand","embeddable":true,"href":"https:\/\/bringflix.shop\/en\/wp-json\/wp\/v2\/product_brand?post=1517"},{"taxonomy":"product_cat","embeddable":true,"href":"https:\/\/bringflix.shop\/en\/wp-json\/wp\/v2\/product_cat?post=1517"},{"taxonomy":"product_tag","embeddable":true,"href":"https:\/\/bringflix.shop\/en\/wp-json\/wp\/v2\/product_tag?post=1517"}],"curies":[{"name":"wp","href":"https:\/\/api.w.org\/{rel}","templated":true}]}}