{"id":1510,"date":"2024-12-02T10:28:57","date_gmt":"2024-12-02T09:28:57","guid":{"rendered":"https:\/\/bringflix.shop\/?post_type=product&#038;p=1510"},"modified":"2026-03-27T21:05:37","modified_gmt":"2026-03-27T20:05:37","slug":"meine-kuchenwelt-cupcakes-schoko-mit-weisser-glasur-240g","status":"publish","type":"product","link":"https:\/\/bringflix.shop\/en\/Produkte\/meine-kuchenwelt-cupcakes-schoko-mit-weisser-glasur-240g\/","title":{"rendered":"Meine Kuchenwelt Cupcakes Schoko mit wei\u00dfer Glasur 240g"},"content":{"rendered":"<h3><b>Bezeichnung:<\/b><\/h3>\n<p>Schokoladen-R\u00fchrkuchen mit wei\u00dfer Fettglasur und farbigen Milchschokoladendragees<\/p>\n<h3><b>Herkunft:<\/b><\/h3>\n<p>Niederlande<\/p>\n<h3><b>Konservierung und Lagerung:<\/b><\/h3>\n<p>Bitte trocken und dunkel bei Zimmertemperatur aufbewahren.<\/p>\n<h3><b>Hersteller-\/Inverkehrbringer:<\/b><\/h3>\n<p>Van Dijk Banket B.V., Het Oude Diep 9, NL-S064 PN Zwartsluisv, Niederlande<\/p>","protected":false},"excerpt":{"rendered":"<h3><b>Zutaten:<\/b><\/h3>\n<p>Zucker, 18 % wei\u00dfe Fettglasur (Zucker, pflanzliche Fette (Palm, Palmkem), pflanzliche \u00d6le (Kokos, Palm), Emulgatoren: Sojalecthine, Lecithine; nat\u00fcrliches Aroma), Eier*, pflanzliche \u00d6le (Palm, Raps), Weizenmehl, 7 % farbige Milchschokoladendragees (Zucker, Kakaomasse*, Kakaobut- ter*, Volilmichpulver, Reist\u00e4rke, \u00dcberzugmittel: Gummiarabicum, Bienenwachs, wei\u00df und gelb, Camaubawachs; Emulgator: Llecthine; f\u00e4rbende Pflanzenkonzentrate: Fartberdistel, Algen, Radieschen; farbende Fruchtkonzentrate: Zitronensaft schwarze Johannisbeere), 5,5 % Schokolade (Zucker, Kakaomasse*, Kakaobutter*, Emulgator, Sojalecithine), Stabiliator: Glycerin; Wasser, 2,5 % fettarmes Kakaopulver*, Maisst\u00e4rke, Backtriebmittel: Natriumcarbonate, Glucono-delta-Lacton; Dextrose, Speisesalz, S\u00e4ureregulator. Kaliumcarbonat. *Aus Bodenhaltung. *Rainforest- Alliance- zertfiziert. www.ra.org<\/p>\n<h3><b>N\u00e4hrwerte (je 100 g):<\/b><\/h3>\n<p>1927 kJ\/460 kcal<\/p>\n<table>\n<tbody>\n<tr>\n<td>Fett<\/td>\n<td>26 g<\/td>\n<\/tr>\n<tr>\n<td>&#8211; davon ges\u00e4ttigte Fetts\u00e4uren<\/td>\n<td>15 g<\/td>\n<\/tr>\n<tr>\n<td>Kohlenhydrate<\/td>\n<td>53 g<\/td>\n<\/tr>\n<tr>\n<td>&#8211; davon Zucker<\/td>\n<td>39 g<\/td>\n<\/tr>\n<tr>\n<td>Eiwei\u00df<\/td>\n<td>4,2 g<\/td>\n<\/tr>\n<tr>\n<td>Salz<\/td>\n<td>0,20 g<\/td>\n<\/tr>\n<\/tbody>\n<\/table>","protected":false},"featured_media":1512,"comment_status":"open","ping_status":"closed","template":"","meta":{"_acf_changed":false,"inline_featured_image":false,"site-sidebar-layout":"default","site-content-layout":"","ast-site-content-layout":"default","site-content-style":"default","site-sidebar-style":"default","ast-global-header-display":"","ast-banner-title-visibility":"","ast-main-header-display":"","ast-hfb-above-header-display":"","ast-hfb-below-header-display":"","ast-hfb-mobile-header-display":"","site-post-title":"","ast-breadcrumbs-content":"","ast-featured-img":"","footer-sml-layout":"","theme-transparent-header-meta":"default","adv-header-id-meta":"","stick-header-meta":"","header-above-stick-meta":"","header-main-stick-meta":"","header-below-stick-meta":"","astra-migrate-meta-layouts":"set","ast-page-background-enabled":"default","ast-page-background-meta":{"desktop":{"background-color":"var(--ast-global-color-4)","background-image":"","background-repeat":"repeat","background-position":"center center","background-size":"auto","background-attachment":"scroll","background-type":"","background-media":"","overlay-type":"","overlay-color":"","overlay-opacity":"","overlay-gradient":""},"tablet":{"background-color":"","background-image":"","background-repeat":"repeat","background-position":"center center","background-size":"auto","background-attachment":"scroll","background-type":"","background-media":"","overlay-type":"","overlay-color":"","overlay-opacity":"","overlay-gradient":""},"mobile":{"background-color":"","background-image":"","background-repeat":"repeat","background-position":"center center","background-size":"auto","background-attachment":"scroll","background-type":"","background-media":"","overlay-type":"","overlay-color":"","overlay-opacity":"","overlay-gradient":""}},"ast-content-background-meta":{"desktop":{"background-color":"var(--ast-global-color-5)","background-image":"","background-repeat":"repeat","background-position":"center center","background-size":"auto","background-attachment":"scroll","background-type":"","background-media":"","overlay-type":"","overlay-color":"","overlay-opacity":"","overlay-gradient":""},"tablet":{"background-color":"var(--ast-global-color-5)","background-image":"","background-repeat":"repeat","background-position":"center center","background-size":"auto","background-attachment":"scroll","background-type":"","background-media":"","overlay-type":"","overlay-color":"","overlay-opacity":"","overlay-gradient":""},"mobile":{"background-color":"var(--ast-global-color-5)","background-image":"","background-repeat":"repeat","background-position":"center center","background-size":"auto","background-attachment":"scroll","background-type":"","background-media":"","overlay-type":"","overlay-color":"","overlay-opacity":"","overlay-gradient":""}}},"product_brand":[],"product_cat":[41,102,30],"product_tag":[],"class_list":{"0":"post-1510","1":"product","2":"type-product","3":"status-publish","4":"has-post-thumbnail","6":"product_cat-kekse-kuchen","7":"product_cat-kuchen","8":"product_cat-trockensortiment","9":"desktop-align-left","10":"tablet-align-left","11":"mobile-align-left","13":"first","14":"instock","15":"taxable","16":"shipping-taxable","17":"purchasable","18":"product-type-simple"},"acf":[],"yoast_head":"<!-- This site is optimized with the Yoast SEO plugin v24.5 - https:\/\/yoast.com\/wordpress\/plugins\/seo\/ -->\n<title>Meine Kuchenwelt Cupcakes Schoko mit wei\u00dfer Glasur 240g - BringFlix<\/title>\n<meta name=\"robots\" content=\"index, follow, max-snippet:-1, max-image-preview:large, max-video-preview:-1\" \/>\n<link rel=\"canonical\" href=\"https:\/\/bringflix.shop\/en\/Produkte\/meine-kuchenwelt-cupcakes-schoko-mit-weisser-glasur-240g\/\" \/>\n<meta property=\"og:locale\" content=\"en_US\" \/>\n<meta property=\"og:type\" content=\"article\" \/>\n<meta property=\"og:title\" content=\"Meine Kuchenwelt Cupcakes Schoko mit wei\u00dfer Glasur 240g - BringFlix\" \/>\n<meta property=\"og:description\" content=\"Zutaten: Zucker, 18 % wei\u00dfe Fettglasur (Zucker, pflanzliche Fette (Palm, Palmkem), pflanzliche \u00d6le (Kokos, Palm), Emulgatoren: Sojalecthine, Lecithine; nat\u00fcrliches Aroma), Eier*, pflanzliche \u00d6le (Palm, Raps), Weizenmehl, 7 % farbige Milchschokoladendragees (Zucker, Kakaomasse*, Kakaobut- ter*, Volilmichpulver, Reist\u00e4rke, \u00dcberzugmittel: Gummiarabicum, Bienenwachs, wei\u00df und gelb, Camaubawachs; Emulgator: Llecthine; f\u00e4rbende Pflanzenkonzentrate: Fartberdistel, Algen, Radieschen; farbende Fruchtkonzentrate: Zitronensaft schwarze Johannisbeere), 5,5 % Schokolade (Zucker, Kakaomasse*, Kakaobutter*, Emulgator, Sojalecithine), Stabiliator: Glycerin; Wasser, 2,5 % fettarmes Kakaopulver*, Maisst\u00e4rke, Backtriebmittel: Natriumcarbonate, Glucono-delta-Lacton; Dextrose, Speisesalz, S\u00e4ureregulator. Kaliumcarbonat. *Aus Bodenhaltung. *Rainforest- Alliance- zertfiziert. www.ra.org N\u00e4hrwerte (je 100 g): 1927 kJ\/460 kcal    Fett 26 g   - davon ges\u00e4ttigte Fetts\u00e4uren 15 g   Kohlenhydrate 53 g   - davon Zucker 39 g   Eiwei\u00df 4,2 g   Salz 0,20 g\" \/>\n<meta property=\"og:url\" content=\"https:\/\/bringflix.shop\/en\/Produkte\/meine-kuchenwelt-cupcakes-schoko-mit-weisser-glasur-240g\/\" \/>\n<meta property=\"og:site_name\" content=\"BringFlix\" \/>\n<meta property=\"article:modified_time\" content=\"2026-03-27T20:05:37+00:00\" \/>\n<meta property=\"og:image\" content=\"https:\/\/bringflix.shop\/wp-content\/uploads\/2024\/12\/45_copy_600x600.png\" \/>\n\t<meta property=\"og:image:width\" content=\"600\" \/>\n\t<meta property=\"og:image:height\" content=\"600\" \/>\n\t<meta property=\"og:image:type\" content=\"image\/png\" \/>\n<meta name=\"twitter:card\" content=\"summary_large_image\" \/>\n<script type=\"application\/ld+json\" class=\"yoast-schema-graph\">{\"@context\":\"https:\/\/schema.org\",\"@graph\":[{\"@type\":\"WebPage\",\"@id\":\"https:\/\/bringflix.shop\/Produkte\/meine-kuchenwelt-cupcakes-schoko-mit-weisser-glasur-240g\/\",\"url\":\"https:\/\/bringflix.shop\/Produkte\/meine-kuchenwelt-cupcakes-schoko-mit-weisser-glasur-240g\/\",\"name\":\"Meine Kuchenwelt Cupcakes Schoko mit wei\u00dfer Glasur 240g - BringFlix\",\"isPartOf\":{\"@id\":\"https:\/\/bringflix.shop\/#website\"},\"primaryImageOfPage\":{\"@id\":\"https:\/\/bringflix.shop\/Produkte\/meine-kuchenwelt-cupcakes-schoko-mit-weisser-glasur-240g\/#primaryimage\"},\"image\":{\"@id\":\"https:\/\/bringflix.shop\/Produkte\/meine-kuchenwelt-cupcakes-schoko-mit-weisser-glasur-240g\/#primaryimage\"},\"thumbnailUrl\":\"https:\/\/bringflix.shop\/wp-content\/uploads\/2024\/12\/45_copy_600x600.png\",\"datePublished\":\"2024-12-02T09:28:57+00:00\",\"dateModified\":\"2026-03-27T20:05:37+00:00\",\"breadcrumb\":{\"@id\":\"https:\/\/bringflix.shop\/Produkte\/meine-kuchenwelt-cupcakes-schoko-mit-weisser-glasur-240g\/#breadcrumb\"},\"inLanguage\":\"en-US\",\"potentialAction\":[{\"@type\":\"ReadAction\",\"target\":[\"https:\/\/bringflix.shop\/Produkte\/meine-kuchenwelt-cupcakes-schoko-mit-weisser-glasur-240g\/\"]}]},{\"@type\":\"ImageObject\",\"inLanguage\":\"en-US\",\"@id\":\"https:\/\/bringflix.shop\/Produkte\/meine-kuchenwelt-cupcakes-schoko-mit-weisser-glasur-240g\/#primaryimage\",\"url\":\"https:\/\/bringflix.shop\/wp-content\/uploads\/2024\/12\/45_copy_600x600.png\",\"contentUrl\":\"https:\/\/bringflix.shop\/wp-content\/uploads\/2024\/12\/45_copy_600x600.png\",\"width\":600,\"height\":600},{\"@type\":\"BreadcrumbList\",\"@id\":\"https:\/\/bringflix.shop\/Produkte\/meine-kuchenwelt-cupcakes-schoko-mit-weisser-glasur-240g\/#breadcrumb\",\"itemListElement\":[{\"@type\":\"ListItem\",\"position\":1,\"name\":\"Home\",\"item\":\"https:\/\/bringflix.shop\/\"},{\"@type\":\"ListItem\",\"position\":2,\"name\":\"Shop\",\"item\":\"https:\/\/bringflix.shop\/shop\/\"},{\"@type\":\"ListItem\",\"position\":3,\"name\":\"Meine Kuchenwelt Cupcakes Schoko mit wei\u00dfer Glasur 240g\"}]},{\"@type\":\"WebSite\",\"@id\":\"https:\/\/bringflix.shop\/#website\",\"url\":\"https:\/\/bringflix.shop\/\",\"name\":\"BringFlix\",\"description\":\"\",\"publisher\":{\"@id\":\"https:\/\/bringflix.shop\/#organization\"},\"potentialAction\":[{\"@type\":\"SearchAction\",\"target\":{\"@type\":\"EntryPoint\",\"urlTemplate\":\"https:\/\/bringflix.shop\/?s={search_term_string}\"},\"query-input\":{\"@type\":\"PropertyValueSpecification\",\"valueRequired\":true,\"valueName\":\"search_term_string\"}}],\"inLanguage\":\"en-US\"},{\"@type\":\"Organization\",\"@id\":\"https:\/\/bringflix.shop\/#organization\",\"name\":\"BringFlix\",\"url\":\"https:\/\/bringflix.shop\/\",\"logo\":{\"@type\":\"ImageObject\",\"inLanguage\":\"en-US\",\"@id\":\"https:\/\/bringflix.shop\/#\/schema\/logo\/image\/\",\"url\":\"https:\/\/bringflix.shop\/wp-content\/uploads\/2024\/11\/logo-bring-flix.png\",\"contentUrl\":\"https:\/\/bringflix.shop\/wp-content\/uploads\/2024\/11\/logo-bring-flix.png\",\"width\":858,\"height\":316,\"caption\":\"BringFlix\"},\"image\":{\"@id\":\"https:\/\/bringflix.shop\/#\/schema\/logo\/image\/\"}}]}<\/script>\n<!-- \/ Yoast SEO plugin. -->","yoast_head_json":{"title":"Meine Kuchenwelt Cupcakes Schoko mit wei\u00dfer Glasur 240g - BringFlix","robots":{"index":"index","follow":"follow","max-snippet":"max-snippet:-1","max-image-preview":"max-image-preview:large","max-video-preview":"max-video-preview:-1"},"canonical":"https:\/\/bringflix.shop\/en\/Produkte\/meine-kuchenwelt-cupcakes-schoko-mit-weisser-glasur-240g\/","og_locale":"en_US","og_type":"article","og_title":"Meine Kuchenwelt Cupcakes Schoko mit wei\u00dfer Glasur 240g - BringFlix","og_description":"Zutaten: Zucker, 18 % wei\u00dfe Fettglasur (Zucker, pflanzliche Fette (Palm, Palmkem), pflanzliche \u00d6le (Kokos, Palm), Emulgatoren: Sojalecthine, Lecithine; nat\u00fcrliches Aroma), Eier*, pflanzliche \u00d6le (Palm, Raps), Weizenmehl, 7 % farbige Milchschokoladendragees (Zucker, Kakaomasse*, Kakaobut- ter*, Volilmichpulver, Reist\u00e4rke, \u00dcberzugmittel: Gummiarabicum, Bienenwachs, wei\u00df und gelb, Camaubawachs; Emulgator: Llecthine; f\u00e4rbende Pflanzenkonzentrate: Fartberdistel, Algen, Radieschen; farbende Fruchtkonzentrate: Zitronensaft schwarze Johannisbeere), 5,5 % Schokolade (Zucker, Kakaomasse*, Kakaobutter*, Emulgator, Sojalecithine), Stabiliator: Glycerin; Wasser, 2,5 % fettarmes Kakaopulver*, Maisst\u00e4rke, Backtriebmittel: Natriumcarbonate, Glucono-delta-Lacton; Dextrose, Speisesalz, S\u00e4ureregulator. Kaliumcarbonat. *Aus Bodenhaltung. *Rainforest- Alliance- zertfiziert. www.ra.org N\u00e4hrwerte (je 100 g): 1927 kJ\/460 kcal    Fett 26 g   - davon ges\u00e4ttigte Fetts\u00e4uren 15 g   Kohlenhydrate 53 g   - davon Zucker 39 g   Eiwei\u00df 4,2 g   Salz 0,20 g","og_url":"https:\/\/bringflix.shop\/en\/Produkte\/meine-kuchenwelt-cupcakes-schoko-mit-weisser-glasur-240g\/","og_site_name":"BringFlix","article_modified_time":"2026-03-27T20:05:37+00:00","og_image":[{"width":600,"height":600,"url":"https:\/\/bringflix.shop\/wp-content\/uploads\/2024\/12\/45_copy_600x600.png","type":"image\/png"}],"twitter_card":"summary_large_image","schema":{"@context":"https:\/\/schema.org","@graph":[{"@type":"WebPage","@id":"https:\/\/bringflix.shop\/Produkte\/meine-kuchenwelt-cupcakes-schoko-mit-weisser-glasur-240g\/","url":"https:\/\/bringflix.shop\/Produkte\/meine-kuchenwelt-cupcakes-schoko-mit-weisser-glasur-240g\/","name":"Meine Kuchenwelt Cupcakes Schoko mit wei\u00dfer Glasur 240g - BringFlix","isPartOf":{"@id":"https:\/\/bringflix.shop\/#website"},"primaryImageOfPage":{"@id":"https:\/\/bringflix.shop\/Produkte\/meine-kuchenwelt-cupcakes-schoko-mit-weisser-glasur-240g\/#primaryimage"},"image":{"@id":"https:\/\/bringflix.shop\/Produkte\/meine-kuchenwelt-cupcakes-schoko-mit-weisser-glasur-240g\/#primaryimage"},"thumbnailUrl":"https:\/\/bringflix.shop\/wp-content\/uploads\/2024\/12\/45_copy_600x600.png","datePublished":"2024-12-02T09:28:57+00:00","dateModified":"2026-03-27T20:05:37+00:00","breadcrumb":{"@id":"https:\/\/bringflix.shop\/Produkte\/meine-kuchenwelt-cupcakes-schoko-mit-weisser-glasur-240g\/#breadcrumb"},"inLanguage":"en-US","potentialAction":[{"@type":"ReadAction","target":["https:\/\/bringflix.shop\/Produkte\/meine-kuchenwelt-cupcakes-schoko-mit-weisser-glasur-240g\/"]}]},{"@type":"ImageObject","inLanguage":"en-US","@id":"https:\/\/bringflix.shop\/Produkte\/meine-kuchenwelt-cupcakes-schoko-mit-weisser-glasur-240g\/#primaryimage","url":"https:\/\/bringflix.shop\/wp-content\/uploads\/2024\/12\/45_copy_600x600.png","contentUrl":"https:\/\/bringflix.shop\/wp-content\/uploads\/2024\/12\/45_copy_600x600.png","width":600,"height":600},{"@type":"BreadcrumbList","@id":"https:\/\/bringflix.shop\/Produkte\/meine-kuchenwelt-cupcakes-schoko-mit-weisser-glasur-240g\/#breadcrumb","itemListElement":[{"@type":"ListItem","position":1,"name":"Home","item":"https:\/\/bringflix.shop\/"},{"@type":"ListItem","position":2,"name":"Shop","item":"https:\/\/bringflix.shop\/shop\/"},{"@type":"ListItem","position":3,"name":"Meine Kuchenwelt Cupcakes Schoko mit wei\u00dfer Glasur 240g"}]},{"@type":"WebSite","@id":"https:\/\/bringflix.shop\/#website","url":"https:\/\/bringflix.shop\/","name":"BringFlix","description":"","publisher":{"@id":"https:\/\/bringflix.shop\/#organization"},"potentialAction":[{"@type":"SearchAction","target":{"@type":"EntryPoint","urlTemplate":"https:\/\/bringflix.shop\/?s={search_term_string}"},"query-input":{"@type":"PropertyValueSpecification","valueRequired":true,"valueName":"search_term_string"}}],"inLanguage":"en-US"},{"@type":"Organization","@id":"https:\/\/bringflix.shop\/#organization","name":"BringFlix","url":"https:\/\/bringflix.shop\/","logo":{"@type":"ImageObject","inLanguage":"en-US","@id":"https:\/\/bringflix.shop\/#\/schema\/logo\/image\/","url":"https:\/\/bringflix.shop\/wp-content\/uploads\/2024\/11\/logo-bring-flix.png","contentUrl":"https:\/\/bringflix.shop\/wp-content\/uploads\/2024\/11\/logo-bring-flix.png","width":858,"height":316,"caption":"BringFlix"},"image":{"@id":"https:\/\/bringflix.shop\/#\/schema\/logo\/image\/"}}]}},"jetpack_sharing_enabled":true,"_links":{"self":[{"href":"https:\/\/bringflix.shop\/en\/wp-json\/wp\/v2\/product\/1510","targetHints":{"allow":["GET"]}}],"collection":[{"href":"https:\/\/bringflix.shop\/en\/wp-json\/wp\/v2\/product"}],"about":[{"href":"https:\/\/bringflix.shop\/en\/wp-json\/wp\/v2\/types\/product"}],"replies":[{"embeddable":true,"href":"https:\/\/bringflix.shop\/en\/wp-json\/wp\/v2\/comments?post=1510"}],"wp:featuredmedia":[{"embeddable":true,"href":"https:\/\/bringflix.shop\/en\/wp-json\/wp\/v2\/media\/1512"}],"wp:attachment":[{"href":"https:\/\/bringflix.shop\/en\/wp-json\/wp\/v2\/media?parent=1510"}],"wp:term":[{"taxonomy":"product_brand","embeddable":true,"href":"https:\/\/bringflix.shop\/en\/wp-json\/wp\/v2\/product_brand?post=1510"},{"taxonomy":"product_cat","embeddable":true,"href":"https:\/\/bringflix.shop\/en\/wp-json\/wp\/v2\/product_cat?post=1510"},{"taxonomy":"product_tag","embeddable":true,"href":"https:\/\/bringflix.shop\/en\/wp-json\/wp\/v2\/product_tag?post=1510"}],"curies":[{"name":"wp","href":"https:\/\/api.w.org\/{rel}","templated":true}]}}