{"id":11177,"date":"2026-05-06T15:04:44","date_gmt":"2026-05-06T13:04:44","guid":{"rendered":"https:\/\/bringflix.shop\/?post_type=product&#038;p=11177"},"modified":"2026-05-06T15:14:41","modified_gmt":"2026-05-06T13:14:41","slug":"funny-frisch-ofenchips-sour-cream-125g-2","status":"publish","type":"product","link":"https:\/\/bringflix.shop\/en\/Produkte\/funny-frisch-ofenchips-sour-cream-125g-2\/","title":{"rendered":"MHD: 04.05.26 Funny-frisch Ofenchips Sour Cream 125g"},"content":{"rendered":"<h3><b>Bezeichnung:<\/b><\/h3>\n<p>Kartoffelsnack mit Sauerrahm-Geschmack<\/p>\n<h3><b>Herkunft:<\/b><\/h3>\n<p>Deutschland<\/p>\n<h3><b>Hersteller-\/Inverkehrbringer:<\/b><\/h3>\n<p>Intersnack Deutschland SE, Erna-Scheffler-Str. 3, DE-51103 K\u00f6ln<\/p>","protected":false},"excerpt":{"rendered":"<h3><b>Zutaten:<\/b><\/h3>\n<p>Kartoffelpulver (61%), St\u00e4rke, pflanzliche \u00d6le (Sonnenblume, Raps in ver\u00e4nderlichen Gewichtsanteilen), Zucker, Zwiebelpulver, Speisesalz, Emulgator (Lecithine), Dextrose, nat\u00fcrliches Aroma (enth\u00e4lt MILCH), Sauermolkenpulver (MILCH), JOGHURTPULVER, Kr\u00e4uter, TROCKENMILCHERZEUGNIS aus Sauerrahm, S\u00e4uerungsmittel (Milchs\u00e4ure), S\u00e4ureregulator (Calciumphosphate), Backtriebmittel (Natriumhydrogencarbonat), Knoblauchpulver, Hefeextrakt, f\u00e4rbendes Lebensmittel (schwarzer Tee-Extrakt).<\/p>\n<h3><b>Allergene:<\/b><\/h3>\n<p>Kann Spuren von SESAM und WEIZEN enthalten.<\/p>\n<h3><b>N\u00e4hrwerte (je 100 g):<\/b><b>\u00a0<\/b><\/h3>\n<table>\n<tbody>\n<tr>\n<td>Energie<\/td>\n<td>1.730 kJ\/410 kcal<\/td>\n<\/tr>\n<tr>\n<td>Fett<\/td>\n<td>9,4 g<\/td>\n<\/tr>\n<tr>\n<td>&#8211; davon ges\u00e4ttigte Fetts\u00e4uren<\/td>\n<td>1,4 g<\/td>\n<\/tr>\n<tr>\n<td>&#8211; davon einfach unges\u00e4ttigte Fetts\u00e4uren:<\/td>\n<td>0 g<\/td>\n<\/tr>\n<tr>\n<td>&#8211; davon mehrfach unges\u00e4ttigte Fetts\u00e4uren:<\/td>\n<td>0 g<\/td>\n<\/tr>\n<tr>\n<td>Kohlenhydrate<\/td>\n<td>73 g<\/td>\n<\/tr>\n<tr>\n<td>&#8211; davon Zucker<\/td>\n<td>8,1 g<\/td>\n<\/tr>\n<tr>\n<td>Ballaststoffe<\/td>\n<td>4,5 g<\/td>\n<\/tr>\n<tr>\n<td>Eiwei\u00df<\/td>\n<td>6,1 g<\/td>\n<\/tr>\n<tr>\n<td>Salz<\/td>\n<td>1,5 g<\/td>\n<\/tr>\n<\/tbody>\n<\/table>\n<p>&nbsp;<\/p>","protected":false},"featured_media":1692,"comment_status":"open","ping_status":"closed","template":"","meta":{"_acf_changed":false,"inline_featured_image":false,"site-sidebar-layout":"default","site-content-layout":"","ast-site-content-layout":"","site-content-style":"default","site-sidebar-style":"default","ast-global-header-display":"","ast-banner-title-visibility":"","ast-main-header-display":"","ast-hfb-above-header-display":"","ast-hfb-below-header-display":"","ast-hfb-mobile-header-display":"","site-post-title":"","ast-breadcrumbs-content":"","ast-featured-img":"","footer-sml-layout":"","theme-transparent-header-meta":"","adv-header-id-meta":"","stick-header-meta":"","header-above-stick-meta":"","header-main-stick-meta":"","header-below-stick-meta":"","astra-migrate-meta-layouts":"default","ast-page-background-enabled":"default","ast-page-background-meta":{"desktop":{"background-color":"var(--ast-global-color-4)","background-image":"","background-repeat":"repeat","background-position":"center center","background-size":"auto","background-attachment":"scroll","background-type":"","background-media":"","overlay-type":"","overlay-color":"","overlay-opacity":"","overlay-gradient":""},"tablet":{"background-color":"","background-image":"","background-repeat":"repeat","background-position":"center center","background-size":"auto","background-attachment":"scroll","background-type":"","background-media":"","overlay-type":"","overlay-color":"","overlay-opacity":"","overlay-gradient":""},"mobile":{"background-color":"","background-image":"","background-repeat":"repeat","background-position":"center center","background-size":"auto","background-attachment":"scroll","background-type":"","background-media":"","overlay-type":"","overlay-color":"","overlay-opacity":"","overlay-gradient":""}},"ast-content-background-meta":{"desktop":{"background-color":"var(--ast-global-color-5)","background-image":"","background-repeat":"repeat","background-position":"center center","background-size":"auto","background-attachment":"scroll","background-type":"","background-media":"","overlay-type":"","overlay-color":"","overlay-opacity":"","overlay-gradient":""},"tablet":{"background-color":"var(--ast-global-color-5)","background-image":"","background-repeat":"repeat","background-position":"center center","background-size":"auto","background-attachment":"scroll","background-type":"","background-media":"","overlay-type":"","overlay-color":"","overlay-opacity":"","overlay-gradient":""},"mobile":{"background-color":"var(--ast-global-color-5)","background-image":"","background-repeat":"repeat","background-position":"center center","background-size":"auto","background-attachment":"scroll","background-type":"","background-media":"","overlay-type":"","overlay-color":"","overlay-opacity":"","overlay-gradient":""}}},"product_brand":[],"product_cat":[223,220],"product_tag":[],"class_list":{"0":"post-11177","1":"product","2":"type-product","3":"status-publish","4":"has-post-thumbnail","6":"product_cat-ueber-dem-mhd-trotzdem-gut","7":"product_cat-zweite-wahl-mhd-produkte","8":"desktop-align-left","9":"tablet-align-left","10":"mobile-align-left","12":"first","13":"instock","14":"taxable","15":"shipping-taxable","16":"purchasable","17":"product-type-simple"},"acf":[],"yoast_head":"<!-- This site is optimized with the Yoast SEO plugin v24.5 - https:\/\/yoast.com\/wordpress\/plugins\/seo\/ -->\n<title>MHD: 04.05.26 Funny-frisch Ofenchips Sour Cream 125g - BringFlix<\/title>\n<meta name=\"robots\" content=\"index, follow, max-snippet:-1, max-image-preview:large, max-video-preview:-1\" \/>\n<link rel=\"canonical\" href=\"https:\/\/bringflix.shop\/en\/Produkte\/funny-frisch-ofenchips-sour-cream-125g-2\/\" \/>\n<meta property=\"og:locale\" content=\"en_US\" \/>\n<meta property=\"og:type\" content=\"article\" \/>\n<meta property=\"og:title\" content=\"MHD: 04.05.26 Funny-frisch Ofenchips Sour Cream 125g - BringFlix\" \/>\n<meta property=\"og:description\" content=\"Zutaten: Kartoffelpulver (61%), St\u00e4rke, pflanzliche \u00d6le (Sonnenblume, Raps in ver\u00e4nderlichen Gewichtsanteilen), Zucker, Zwiebelpulver, Speisesalz, Emulgator (Lecithine), Dextrose, nat\u00fcrliches Aroma (enth\u00e4lt MILCH), Sauermolkenpulver (MILCH), JOGHURTPULVER, Kr\u00e4uter, TROCKENMILCHERZEUGNIS aus Sauerrahm, S\u00e4uerungsmittel (Milchs\u00e4ure), S\u00e4ureregulator (Calciumphosphate), Backtriebmittel (Natriumhydrogencarbonat), Knoblauchpulver, Hefeextrakt, f\u00e4rbendes Lebensmittel (schwarzer Tee-Extrakt). Allergene: Kann Spuren von SESAM und WEIZEN enthalten. N\u00e4hrwerte (je 100 g):\u00a0  Energie 1.730 kJ\/410 kcal  Fett 9,4 g  &#8211; davon ges\u00e4ttigte Fetts\u00e4uren 1,4 g  &#8211; davon einfach unges\u00e4ttigte Fetts\u00e4uren: 0 g  &#8211; davon mehrfach unges\u00e4ttigte Fetts\u00e4uren: 0 g  Kohlenhydrate 73 g  &#8211; davon Zucker 8,1 g  Ballaststoffe 4,5 g  Eiwei\u00df 6,1 g  Salz 1,5 g  &nbsp;\" \/>\n<meta property=\"og:url\" content=\"https:\/\/bringflix.shop\/en\/Produkte\/funny-frisch-ofenchips-sour-cream-125g-2\/\" \/>\n<meta property=\"og:site_name\" content=\"BringFlix\" \/>\n<meta property=\"article:modified_time\" content=\"2026-05-06T13:14:41+00:00\" \/>\n<meta property=\"og:image\" content=\"https:\/\/bringflix.shop\/wp-content\/uploads\/2024\/12\/166_copy_600x600.png\" \/>\n\t<meta property=\"og:image:width\" content=\"600\" \/>\n\t<meta property=\"og:image:height\" content=\"600\" \/>\n\t<meta property=\"og:image:type\" content=\"image\/png\" \/>\n<meta name=\"twitter:card\" content=\"summary_large_image\" \/>\n<script type=\"application\/ld+json\" class=\"yoast-schema-graph\">{\"@context\":\"https:\/\/schema.org\",\"@graph\":[{\"@type\":\"WebPage\",\"@id\":\"https:\/\/bringflix.shop\/Produkte\/funny-frisch-ofenchips-sour-cream-125g-2\/\",\"url\":\"https:\/\/bringflix.shop\/Produkte\/funny-frisch-ofenchips-sour-cream-125g-2\/\",\"name\":\"MHD: 04.05.26 Funny-frisch Ofenchips Sour Cream 125g - BringFlix\",\"isPartOf\":{\"@id\":\"https:\/\/bringflix.shop\/#website\"},\"primaryImageOfPage\":{\"@id\":\"https:\/\/bringflix.shop\/Produkte\/funny-frisch-ofenchips-sour-cream-125g-2\/#primaryimage\"},\"image\":{\"@id\":\"https:\/\/bringflix.shop\/Produkte\/funny-frisch-ofenchips-sour-cream-125g-2\/#primaryimage\"},\"thumbnailUrl\":\"https:\/\/bringflix.shop\/wp-content\/uploads\/2024\/12\/166_copy_600x600.png\",\"datePublished\":\"2026-05-06T13:04:44+00:00\",\"dateModified\":\"2026-05-06T13:14:41+00:00\",\"breadcrumb\":{\"@id\":\"https:\/\/bringflix.shop\/Produkte\/funny-frisch-ofenchips-sour-cream-125g-2\/#breadcrumb\"},\"inLanguage\":\"en-US\",\"potentialAction\":[{\"@type\":\"ReadAction\",\"target\":[\"https:\/\/bringflix.shop\/Produkte\/funny-frisch-ofenchips-sour-cream-125g-2\/\"]}]},{\"@type\":\"ImageObject\",\"inLanguage\":\"en-US\",\"@id\":\"https:\/\/bringflix.shop\/Produkte\/funny-frisch-ofenchips-sour-cream-125g-2\/#primaryimage\",\"url\":\"https:\/\/bringflix.shop\/wp-content\/uploads\/2024\/12\/166_copy_600x600.png\",\"contentUrl\":\"https:\/\/bringflix.shop\/wp-content\/uploads\/2024\/12\/166_copy_600x600.png\",\"width\":600,\"height\":600},{\"@type\":\"BreadcrumbList\",\"@id\":\"https:\/\/bringflix.shop\/Produkte\/funny-frisch-ofenchips-sour-cream-125g-2\/#breadcrumb\",\"itemListElement\":[{\"@type\":\"ListItem\",\"position\":1,\"name\":\"Home\",\"item\":\"https:\/\/bringflix.shop\/\"},{\"@type\":\"ListItem\",\"position\":2,\"name\":\"Shop\",\"item\":\"https:\/\/bringflix.shop\/shop\/\"},{\"@type\":\"ListItem\",\"position\":3,\"name\":\"MHD: 04.05.26 Funny-frisch Ofenchips Sour Cream 125g\"}]},{\"@type\":\"WebSite\",\"@id\":\"https:\/\/bringflix.shop\/#website\",\"url\":\"https:\/\/bringflix.shop\/\",\"name\":\"BringFlix\",\"description\":\"\",\"publisher\":{\"@id\":\"https:\/\/bringflix.shop\/#organization\"},\"potentialAction\":[{\"@type\":\"SearchAction\",\"target\":{\"@type\":\"EntryPoint\",\"urlTemplate\":\"https:\/\/bringflix.shop\/?s={search_term_string}\"},\"query-input\":{\"@type\":\"PropertyValueSpecification\",\"valueRequired\":true,\"valueName\":\"search_term_string\"}}],\"inLanguage\":\"en-US\"},{\"@type\":\"Organization\",\"@id\":\"https:\/\/bringflix.shop\/#organization\",\"name\":\"BringFlix\",\"url\":\"https:\/\/bringflix.shop\/\",\"logo\":{\"@type\":\"ImageObject\",\"inLanguage\":\"en-US\",\"@id\":\"https:\/\/bringflix.shop\/#\/schema\/logo\/image\/\",\"url\":\"https:\/\/bringflix.shop\/wp-content\/uploads\/2024\/11\/logo-bring-flix.png\",\"contentUrl\":\"https:\/\/bringflix.shop\/wp-content\/uploads\/2024\/11\/logo-bring-flix.png\",\"width\":858,\"height\":316,\"caption\":\"BringFlix\"},\"image\":{\"@id\":\"https:\/\/bringflix.shop\/#\/schema\/logo\/image\/\"}}]}<\/script>\n<!-- \/ Yoast SEO plugin. -->","yoast_head_json":{"title":"MHD: 04.05.26 Funny-frisch Ofenchips Sour Cream 125g - BringFlix","robots":{"index":"index","follow":"follow","max-snippet":"max-snippet:-1","max-image-preview":"max-image-preview:large","max-video-preview":"max-video-preview:-1"},"canonical":"https:\/\/bringflix.shop\/en\/Produkte\/funny-frisch-ofenchips-sour-cream-125g-2\/","og_locale":"en_US","og_type":"article","og_title":"MHD: 04.05.26 Funny-frisch Ofenchips Sour Cream 125g - BringFlix","og_description":"Zutaten: Kartoffelpulver (61%), St\u00e4rke, pflanzliche \u00d6le (Sonnenblume, Raps in ver\u00e4nderlichen Gewichtsanteilen), Zucker, Zwiebelpulver, Speisesalz, Emulgator (Lecithine), Dextrose, nat\u00fcrliches Aroma (enth\u00e4lt MILCH), Sauermolkenpulver (MILCH), JOGHURTPULVER, Kr\u00e4uter, TROCKENMILCHERZEUGNIS aus Sauerrahm, S\u00e4uerungsmittel (Milchs\u00e4ure), S\u00e4ureregulator (Calciumphosphate), Backtriebmittel (Natriumhydrogencarbonat), Knoblauchpulver, Hefeextrakt, f\u00e4rbendes Lebensmittel (schwarzer Tee-Extrakt). Allergene: Kann Spuren von SESAM und WEIZEN enthalten. N\u00e4hrwerte (je 100 g):\u00a0  Energie 1.730 kJ\/410 kcal  Fett 9,4 g  &#8211; davon ges\u00e4ttigte Fetts\u00e4uren 1,4 g  &#8211; davon einfach unges\u00e4ttigte Fetts\u00e4uren: 0 g  &#8211; davon mehrfach unges\u00e4ttigte Fetts\u00e4uren: 0 g  Kohlenhydrate 73 g  &#8211; davon Zucker 8,1 g  Ballaststoffe 4,5 g  Eiwei\u00df 6,1 g  Salz 1,5 g  &nbsp;","og_url":"https:\/\/bringflix.shop\/en\/Produkte\/funny-frisch-ofenchips-sour-cream-125g-2\/","og_site_name":"BringFlix","article_modified_time":"2026-05-06T13:14:41+00:00","og_image":[{"width":600,"height":600,"url":"https:\/\/bringflix.shop\/wp-content\/uploads\/2024\/12\/166_copy_600x600.png","type":"image\/png"}],"twitter_card":"summary_large_image","schema":{"@context":"https:\/\/schema.org","@graph":[{"@type":"WebPage","@id":"https:\/\/bringflix.shop\/Produkte\/funny-frisch-ofenchips-sour-cream-125g-2\/","url":"https:\/\/bringflix.shop\/Produkte\/funny-frisch-ofenchips-sour-cream-125g-2\/","name":"MHD: 04.05.26 Funny-frisch Ofenchips Sour Cream 125g - BringFlix","isPartOf":{"@id":"https:\/\/bringflix.shop\/#website"},"primaryImageOfPage":{"@id":"https:\/\/bringflix.shop\/Produkte\/funny-frisch-ofenchips-sour-cream-125g-2\/#primaryimage"},"image":{"@id":"https:\/\/bringflix.shop\/Produkte\/funny-frisch-ofenchips-sour-cream-125g-2\/#primaryimage"},"thumbnailUrl":"https:\/\/bringflix.shop\/wp-content\/uploads\/2024\/12\/166_copy_600x600.png","datePublished":"2026-05-06T13:04:44+00:00","dateModified":"2026-05-06T13:14:41+00:00","breadcrumb":{"@id":"https:\/\/bringflix.shop\/Produkte\/funny-frisch-ofenchips-sour-cream-125g-2\/#breadcrumb"},"inLanguage":"en-US","potentialAction":[{"@type":"ReadAction","target":["https:\/\/bringflix.shop\/Produkte\/funny-frisch-ofenchips-sour-cream-125g-2\/"]}]},{"@type":"ImageObject","inLanguage":"en-US","@id":"https:\/\/bringflix.shop\/Produkte\/funny-frisch-ofenchips-sour-cream-125g-2\/#primaryimage","url":"https:\/\/bringflix.shop\/wp-content\/uploads\/2024\/12\/166_copy_600x600.png","contentUrl":"https:\/\/bringflix.shop\/wp-content\/uploads\/2024\/12\/166_copy_600x600.png","width":600,"height":600},{"@type":"BreadcrumbList","@id":"https:\/\/bringflix.shop\/Produkte\/funny-frisch-ofenchips-sour-cream-125g-2\/#breadcrumb","itemListElement":[{"@type":"ListItem","position":1,"name":"Home","item":"https:\/\/bringflix.shop\/"},{"@type":"ListItem","position":2,"name":"Shop","item":"https:\/\/bringflix.shop\/shop\/"},{"@type":"ListItem","position":3,"name":"MHD: 04.05.26 Funny-frisch Ofenchips Sour Cream 125g"}]},{"@type":"WebSite","@id":"https:\/\/bringflix.shop\/#website","url":"https:\/\/bringflix.shop\/","name":"BringFlix","description":"","publisher":{"@id":"https:\/\/bringflix.shop\/#organization"},"potentialAction":[{"@type":"SearchAction","target":{"@type":"EntryPoint","urlTemplate":"https:\/\/bringflix.shop\/?s={search_term_string}"},"query-input":{"@type":"PropertyValueSpecification","valueRequired":true,"valueName":"search_term_string"}}],"inLanguage":"en-US"},{"@type":"Organization","@id":"https:\/\/bringflix.shop\/#organization","name":"BringFlix","url":"https:\/\/bringflix.shop\/","logo":{"@type":"ImageObject","inLanguage":"en-US","@id":"https:\/\/bringflix.shop\/#\/schema\/logo\/image\/","url":"https:\/\/bringflix.shop\/wp-content\/uploads\/2024\/11\/logo-bring-flix.png","contentUrl":"https:\/\/bringflix.shop\/wp-content\/uploads\/2024\/11\/logo-bring-flix.png","width":858,"height":316,"caption":"BringFlix"},"image":{"@id":"https:\/\/bringflix.shop\/#\/schema\/logo\/image\/"}}]}},"jetpack_sharing_enabled":true,"_links":{"self":[{"href":"https:\/\/bringflix.shop\/en\/wp-json\/wp\/v2\/product\/11177","targetHints":{"allow":["GET"]}}],"collection":[{"href":"https:\/\/bringflix.shop\/en\/wp-json\/wp\/v2\/product"}],"about":[{"href":"https:\/\/bringflix.shop\/en\/wp-json\/wp\/v2\/types\/product"}],"replies":[{"embeddable":true,"href":"https:\/\/bringflix.shop\/en\/wp-json\/wp\/v2\/comments?post=11177"}],"wp:featuredmedia":[{"embeddable":true,"href":"https:\/\/bringflix.shop\/en\/wp-json\/wp\/v2\/media\/1692"}],"wp:attachment":[{"href":"https:\/\/bringflix.shop\/en\/wp-json\/wp\/v2\/media?parent=11177"}],"wp:term":[{"taxonomy":"product_brand","embeddable":true,"href":"https:\/\/bringflix.shop\/en\/wp-json\/wp\/v2\/product_brand?post=11177"},{"taxonomy":"product_cat","embeddable":true,"href":"https:\/\/bringflix.shop\/en\/wp-json\/wp\/v2\/product_cat?post=11177"},{"taxonomy":"product_tag","embeddable":true,"href":"https:\/\/bringflix.shop\/en\/wp-json\/wp\/v2\/product_tag?post=11177"}],"curies":[{"name":"wp","href":"https:\/\/api.w.org\/{rel}","templated":true}]}}