{"id":11128,"date":"2026-04-30T00:36:33","date_gmt":"2026-04-29T22:36:33","guid":{"rendered":"https:\/\/bringflix.shop\/?post_type=product&#038;p=11128"},"modified":"2026-04-30T17:34:10","modified_gmt":"2026-04-30T15:34:10","slug":"koelln-muesli-knusper-klassik-600g","status":"publish","type":"product","link":"https:\/\/bringflix.shop\/en\/Produkte\/koelln-muesli-knusper-klassik-600g\/","title":{"rendered":"K\u00f6lln M\u00fcsli Knusper Klassik 600g"},"content":{"rendered":"<h3>Bezeichnung:<\/h3>\n<div class=\"pdpr-RegulatedProductName\">\n<div class=\"pdpr-RegulatedProductName\">Knusper Vollkorn-M\u00fcsli mit Vanille-Note<\/div>\n<\/div>\n<div><\/div>\n<h3>Herkunft:<\/h3>\n<p>Deutschland<\/p>\n<h3>Konservierung und Lagerung:<\/h3>\n<p>Vor W\u00e4rme gesch\u00fctzt und trocken lagern. Innenbeutel nach dem \u00d6ffnen wieder gut verschlie\u00dfen.<\/p>\n<h3>Hersteller-\/Inverkehrbringer:<\/h3>\n<p>Peter K\u00f6lln GmbH &amp; Co. KGaA, Westerstra\u00dfe 22-24 25336 Elmshorn, Deutschland<\/p>","protected":false},"excerpt":{"rendered":"<h3><b>Zutaten Und <\/b>Allergene<b>:<\/b><\/h3>\n<p>Vollkorn-HAFERflocken (56 %), Zucker, Palm\u00f6l, WEIZENmehl, Vollkorn-WEIZENflocken (7 %), Glukose-Fruktose-Sirup, Vollkorn-HAFERmehl (2 %), GERSTEnmalzextrakt, Speisesalz, nat\u00fcrliches Aroma.<\/p>\n<h3>N\u00e4hrwerte (je 100 g):<\/h3>\n<table class=\"pdsr-Table pdpr-NutritionTableDaily__Table\">\n<thead>\n<tr class=\"pdsr-Table--Row\">\n<th scope=\"col\">N\u00e4hrwerte<\/th>\n<th scope=\"col\">pro 100 g<\/th>\n<th scope=\"col\">% NRV** (100 g)<\/th>\n<th scope=\"col\">pro 1 Portion*<\/th>\n<th scope=\"col\">% NRV** (1 Portion)<\/th>\n<\/tr>\n<\/thead>\n<tbody>\n<tr class=\"pdsr-Table--Row\">\n<td class=\"pdsr-Table--Cell--Highlight\">Energie<\/td>\n<td>1.855 kJ<\/td>\n<td><\/td>\n<td>742 kJ<\/td>\n<td><\/td>\n<\/tr>\n<tr class=\"pdsr-Table--Row\">\n<td class=\"pdsr-Table--Cell--Highlight\">Energie<\/td>\n<td>442 kcal<\/td>\n<td><\/td>\n<td>177 kcal<\/td>\n<td><\/td>\n<\/tr>\n<tr class=\"pdsr-Table--Row\">\n<td class=\"pdsr-Table--Cell--Highlight\">Fett<\/td>\n<td>15 g<\/td>\n<td><\/td>\n<td>6,1 g<\/td>\n<td><\/td>\n<\/tr>\n<tr class=\"pdsr-Table--Row\">\n<td class=\"pdsr-Table--Cell--Highlight\">Fett, davon ges\u00e4ttigte Fetts\u00e4uren<\/td>\n<td>5,5 g<\/td>\n<td><\/td>\n<td>2,2 g<\/td>\n<td><\/td>\n<\/tr>\n<tr class=\"pdsr-Table--Row\">\n<td class=\"pdsr-Table--Cell--Highlight\">Kohlenhydrate<\/td>\n<td>64 g<\/td>\n<td><\/td>\n<td>26 g<\/td>\n<td><\/td>\n<\/tr>\n<tr class=\"pdsr-Table--Row\">\n<td class=\"pdsr-Table--Cell--Highlight\">Kohlenhydrate, davon Zucker<\/td>\n<td>18 g<\/td>\n<td><\/td>\n<td>7,4 g<\/td>\n<td><\/td>\n<\/tr>\n<tr class=\"pdsr-Table--Row\">\n<td class=\"pdsr-Table--Cell--Highlight\">Ballaststoffe<\/td>\n<td>6,9 g<\/td>\n<td><\/td>\n<td>2,8 g<\/td>\n<td><\/td>\n<\/tr>\n<tr class=\"pdsr-Table--Row\">\n<td class=\"pdsr-Table--Cell--Highlight\">Eiwei\u00df<\/td>\n<td>8,4 g<\/td>\n<td><\/td>\n<td>3,4 g<\/td>\n<td><\/td>\n<\/tr>\n<tr class=\"pdsr-Table--Row\">\n<td class=\"pdsr-Table--Cell--Highlight\">Salz<\/td>\n<td>0,22 g<\/td>\n<td><\/td>\n<td>0,09 g<\/td>\n<td><\/td>\n<\/tr>\n<tr class=\"pdsr-Table--Row\">\n<td class=\"pdsr-Table--Cell--Highlight\">Vitamin E<\/td>\n<td>2,5 mg<\/td>\n<td>21 %<\/td>\n<td>1 mg<\/td>\n<td>8 %<\/td>\n<\/tr>\n<tr class=\"pdsr-Table--Row\">\n<td class=\"pdsr-Table--Cell--Highlight\">Thiamin<\/td>\n<td>0,3 mg<\/td>\n<td>27 %<\/td>\n<td>0,12 mg<\/td>\n<td>11 %<\/td>\n<\/tr>\n<tr class=\"pdsr-Table--Row\">\n<td class=\"pdsr-Table--Cell--Highlight\">Phosphor<\/td>\n<td>270 mg<\/td>\n<td>39 %<\/td>\n<td>108 mg<\/td>\n<td>15 %<\/td>\n<\/tr>\n<tr class=\"pdsr-Table--Row\">\n<td class=\"pdsr-Table--Cell--Highlight\">Magnesium<\/td>\n<td>100 mg<\/td>\n<td>27 %<\/td>\n<td>40 mg<\/td>\n<td>11 %<\/td>\n<\/tr>\n<tr class=\"pdsr-Table--Row\">\n<td class=\"pdsr-Table--Cell--Highlight\">Eisen<\/td>\n<td>2,5 mg<\/td>\n<td>18 %<\/td>\n<td>1 mg<\/td>\n<td>7 %<\/td>\n<\/tr>\n<tr class=\"pdsr-Table--Row\">\n<td class=\"pdsr-Table--Cell--Highlight\">Zink<\/td>\n<td>2,1 mg<\/td>\n<td>21 %<\/td>\n<td>0,84 mg<\/td>\n<td>8 %<\/td>\n<\/tr>\n<\/tbody>\n<\/table>","protected":false},"featured_media":11130,"comment_status":"open","ping_status":"closed","template":"","meta":{"_acf_changed":false,"inline_featured_image":false,"site-sidebar-layout":"default","site-content-layout":"","ast-site-content-layout":"default","site-content-style":"default","site-sidebar-style":"default","ast-global-header-display":"","ast-banner-title-visibility":"","ast-main-header-display":"","ast-hfb-above-header-display":"","ast-hfb-below-header-display":"","ast-hfb-mobile-header-display":"","site-post-title":"","ast-breadcrumbs-content":"","ast-featured-img":"","footer-sml-layout":"","theme-transparent-header-meta":"default","adv-header-id-meta":"","stick-header-meta":"","header-above-stick-meta":"","header-main-stick-meta":"","header-below-stick-meta":"","astra-migrate-meta-layouts":"set","ast-page-background-enabled":"default","ast-page-background-meta":{"desktop":{"background-color":"var(--ast-global-color-4)","background-image":"","background-repeat":"repeat","background-position":"center center","background-size":"auto","background-attachment":"scroll","background-type":"","background-media":"","overlay-type":"","overlay-color":"","overlay-opacity":"","overlay-gradient":""},"tablet":{"background-color":"","background-image":"","background-repeat":"repeat","background-position":"center center","background-size":"auto","background-attachment":"scroll","background-type":"","background-media":"","overlay-type":"","overlay-color":"","overlay-opacity":"","overlay-gradient":""},"mobile":{"background-color":"","background-image":"","background-repeat":"repeat","background-position":"center center","background-size":"auto","background-attachment":"scroll","background-type":"","background-media":"","overlay-type":"","overlay-color":"","overlay-opacity":"","overlay-gradient":""}},"ast-content-background-meta":{"desktop":{"background-color":"var(--ast-global-color-5)","background-image":"","background-repeat":"repeat","background-position":"center center","background-size":"auto","background-attachment":"scroll","background-type":"","background-media":"","overlay-type":"","overlay-color":"","overlay-opacity":"","overlay-gradient":""},"tablet":{"background-color":"var(--ast-global-color-5)","background-image":"","background-repeat":"repeat","background-position":"center center","background-size":"auto","background-attachment":"scroll","background-type":"","background-media":"","overlay-type":"","overlay-color":"","overlay-opacity":"","overlay-gradient":""},"mobile":{"background-color":"var(--ast-global-color-5)","background-image":"","background-repeat":"repeat","background-position":"center center","background-size":"auto","background-attachment":"scroll","background-type":"","background-media":"","overlay-type":"","overlay-color":"","overlay-opacity":"","overlay-gradient":""}}},"product_brand":[],"product_cat":[33,30],"product_tag":[],"class_list":{"0":"post-11128","1":"product","2":"type-product","3":"status-publish","4":"has-post-thumbnail","6":"product_cat-brot-aufstriche-cerealien-co","7":"product_cat-trockensortiment","8":"desktop-align-left","9":"tablet-align-left","10":"mobile-align-left","12":"first","13":"instock","14":"taxable","15":"shipping-taxable","16":"purchasable","17":"product-type-simple"},"acf":[],"yoast_head":"<!-- This site is optimized with the Yoast SEO plugin v24.5 - https:\/\/yoast.com\/wordpress\/plugins\/seo\/ -->\n<title>K\u00f6lln M\u00fcsli Knusper Klassik 600g - BringFlix<\/title>\n<meta name=\"robots\" content=\"index, follow, max-snippet:-1, max-image-preview:large, max-video-preview:-1\" \/>\n<link rel=\"canonical\" href=\"https:\/\/bringflix.shop\/en\/Produkte\/koelln-muesli-knusper-klassik-600g\/\" \/>\n<meta property=\"og:locale\" content=\"en_US\" \/>\n<meta property=\"og:type\" content=\"article\" \/>\n<meta property=\"og:title\" content=\"K\u00f6lln M\u00fcsli Knusper Klassik 600g - BringFlix\" \/>\n<meta property=\"og:description\" content=\"Zutaten Und Allergene: Vollkorn-HAFERflocken (56 %), Zucker, Palm\u00f6l, WEIZENmehl, Vollkorn-WEIZENflocken (7 %), Glukose-Fruktose-Sirup, Vollkorn-HAFERmehl (2 %), GERSTEnmalzextrakt, Speisesalz, nat\u00fcrliches Aroma. N\u00e4hrwerte (je 100 g):    N\u00e4hrwerte pro 100 g % NRV** (100 g) pro 1 Portion* % NRV** (1 Portion)     Energie 1.855 kJ  742 kJ    Energie 442 kcal  177 kcal    Fett 15 g  6,1 g    Fett, davon ges\u00e4ttigte Fetts\u00e4uren 5,5 g  2,2 g    Kohlenhydrate 64 g  26 g    Kohlenhydrate, davon Zucker 18 g  7,4 g    Ballaststoffe 6,9 g  2,8 g    Eiwei\u00df 8,4 g  3,4 g    Salz 0,22 g  0,09 g    Vitamin E 2,5 mg 21 % 1 mg 8 %   Thiamin 0,3 mg 27 % 0,12 mg 11 %   Phosphor 270 mg 39 % 108 mg 15 %   Magnesium 100 mg 27 % 40 mg 11 %   Eisen 2,5 mg 18 % 1 mg 7 %   Zink 2,1 mg 21 % 0,84 mg 8 %\" \/>\n<meta property=\"og:url\" content=\"https:\/\/bringflix.shop\/en\/Produkte\/koelln-muesli-knusper-klassik-600g\/\" \/>\n<meta property=\"og:site_name\" content=\"BringFlix\" \/>\n<meta property=\"article:modified_time\" content=\"2026-04-30T15:34:10+00:00\" \/>\n<meta property=\"og:image\" content=\"https:\/\/bringflix.shop\/wp-content\/uploads\/2026\/04\/1000123589.png\" \/>\n\t<meta property=\"og:image:width\" content=\"1000\" \/>\n\t<meta property=\"og:image:height\" content=\"1000\" \/>\n\t<meta property=\"og:image:type\" content=\"image\/png\" \/>\n<meta name=\"twitter:card\" content=\"summary_large_image\" \/>\n<meta name=\"twitter:label1\" content=\"Est. reading time\" \/>\n\t<meta name=\"twitter:data1\" content=\"1 minute\" \/>\n<script type=\"application\/ld+json\" class=\"yoast-schema-graph\">{\"@context\":\"https:\/\/schema.org\",\"@graph\":[{\"@type\":\"WebPage\",\"@id\":\"https:\/\/bringflix.shop\/Produkte\/koelln-muesli-knusper-klassik-600g\/\",\"url\":\"https:\/\/bringflix.shop\/Produkte\/koelln-muesli-knusper-klassik-600g\/\",\"name\":\"K\u00f6lln M\u00fcsli Knusper Klassik 600g - BringFlix\",\"isPartOf\":{\"@id\":\"https:\/\/bringflix.shop\/#website\"},\"primaryImageOfPage\":{\"@id\":\"https:\/\/bringflix.shop\/Produkte\/koelln-muesli-knusper-klassik-600g\/#primaryimage\"},\"image\":{\"@id\":\"https:\/\/bringflix.shop\/Produkte\/koelln-muesli-knusper-klassik-600g\/#primaryimage\"},\"thumbnailUrl\":\"https:\/\/bringflix.shop\/wp-content\/uploads\/2026\/04\/1000123589.png\",\"datePublished\":\"2026-04-29T22:36:33+00:00\",\"dateModified\":\"2026-04-30T15:34:10+00:00\",\"breadcrumb\":{\"@id\":\"https:\/\/bringflix.shop\/Produkte\/koelln-muesli-knusper-klassik-600g\/#breadcrumb\"},\"inLanguage\":\"en-US\",\"potentialAction\":[{\"@type\":\"ReadAction\",\"target\":[\"https:\/\/bringflix.shop\/Produkte\/koelln-muesli-knusper-klassik-600g\/\"]}]},{\"@type\":\"ImageObject\",\"inLanguage\":\"en-US\",\"@id\":\"https:\/\/bringflix.shop\/Produkte\/koelln-muesli-knusper-klassik-600g\/#primaryimage\",\"url\":\"https:\/\/bringflix.shop\/wp-content\/uploads\/2026\/04\/1000123589.png\",\"contentUrl\":\"https:\/\/bringflix.shop\/wp-content\/uploads\/2026\/04\/1000123589.png\",\"width\":1000,\"height\":1000},{\"@type\":\"BreadcrumbList\",\"@id\":\"https:\/\/bringflix.shop\/Produkte\/koelln-muesli-knusper-klassik-600g\/#breadcrumb\",\"itemListElement\":[{\"@type\":\"ListItem\",\"position\":1,\"name\":\"Home\",\"item\":\"https:\/\/bringflix.shop\/\"},{\"@type\":\"ListItem\",\"position\":2,\"name\":\"Shop\",\"item\":\"https:\/\/bringflix.shop\/shop\/\"},{\"@type\":\"ListItem\",\"position\":3,\"name\":\"K\u00f6lln M\u00fcsli Knusper Klassik 600g\"}]},{\"@type\":\"WebSite\",\"@id\":\"https:\/\/bringflix.shop\/#website\",\"url\":\"https:\/\/bringflix.shop\/\",\"name\":\"BringFlix\",\"description\":\"\",\"publisher\":{\"@id\":\"https:\/\/bringflix.shop\/#organization\"},\"potentialAction\":[{\"@type\":\"SearchAction\",\"target\":{\"@type\":\"EntryPoint\",\"urlTemplate\":\"https:\/\/bringflix.shop\/?s={search_term_string}\"},\"query-input\":{\"@type\":\"PropertyValueSpecification\",\"valueRequired\":true,\"valueName\":\"search_term_string\"}}],\"inLanguage\":\"en-US\"},{\"@type\":\"Organization\",\"@id\":\"https:\/\/bringflix.shop\/#organization\",\"name\":\"BringFlix\",\"url\":\"https:\/\/bringflix.shop\/\",\"logo\":{\"@type\":\"ImageObject\",\"inLanguage\":\"en-US\",\"@id\":\"https:\/\/bringflix.shop\/#\/schema\/logo\/image\/\",\"url\":\"https:\/\/bringflix.shop\/wp-content\/uploads\/2024\/11\/logo-bring-flix.png\",\"contentUrl\":\"https:\/\/bringflix.shop\/wp-content\/uploads\/2024\/11\/logo-bring-flix.png\",\"width\":858,\"height\":316,\"caption\":\"BringFlix\"},\"image\":{\"@id\":\"https:\/\/bringflix.shop\/#\/schema\/logo\/image\/\"}}]}<\/script>\n<!-- \/ Yoast SEO plugin. -->","yoast_head_json":{"title":"K\u00f6lln M\u00fcsli Knusper Klassik 600g - BringFlix","robots":{"index":"index","follow":"follow","max-snippet":"max-snippet:-1","max-image-preview":"max-image-preview:large","max-video-preview":"max-video-preview:-1"},"canonical":"https:\/\/bringflix.shop\/en\/Produkte\/koelln-muesli-knusper-klassik-600g\/","og_locale":"en_US","og_type":"article","og_title":"K\u00f6lln M\u00fcsli Knusper Klassik 600g - BringFlix","og_description":"Zutaten Und Allergene: Vollkorn-HAFERflocken (56 %), Zucker, Palm\u00f6l, WEIZENmehl, Vollkorn-WEIZENflocken (7 %), Glukose-Fruktose-Sirup, Vollkorn-HAFERmehl (2 %), GERSTEnmalzextrakt, Speisesalz, nat\u00fcrliches Aroma. N\u00e4hrwerte (je 100 g):    N\u00e4hrwerte pro 100 g % NRV** (100 g) pro 1 Portion* % NRV** (1 Portion)     Energie 1.855 kJ  742 kJ    Energie 442 kcal  177 kcal    Fett 15 g  6,1 g    Fett, davon ges\u00e4ttigte Fetts\u00e4uren 5,5 g  2,2 g    Kohlenhydrate 64 g  26 g    Kohlenhydrate, davon Zucker 18 g  7,4 g    Ballaststoffe 6,9 g  2,8 g    Eiwei\u00df 8,4 g  3,4 g    Salz 0,22 g  0,09 g    Vitamin E 2,5 mg 21 % 1 mg 8 %   Thiamin 0,3 mg 27 % 0,12 mg 11 %   Phosphor 270 mg 39 % 108 mg 15 %   Magnesium 100 mg 27 % 40 mg 11 %   Eisen 2,5 mg 18 % 1 mg 7 %   Zink 2,1 mg 21 % 0,84 mg 8 %","og_url":"https:\/\/bringflix.shop\/en\/Produkte\/koelln-muesli-knusper-klassik-600g\/","og_site_name":"BringFlix","article_modified_time":"2026-04-30T15:34:10+00:00","og_image":[{"width":1000,"height":1000,"url":"https:\/\/bringflix.shop\/wp-content\/uploads\/2026\/04\/1000123589.png","type":"image\/png"}],"twitter_card":"summary_large_image","twitter_misc":{"Est. reading time":"1 minute"},"schema":{"@context":"https:\/\/schema.org","@graph":[{"@type":"WebPage","@id":"https:\/\/bringflix.shop\/Produkte\/koelln-muesli-knusper-klassik-600g\/","url":"https:\/\/bringflix.shop\/Produkte\/koelln-muesli-knusper-klassik-600g\/","name":"K\u00f6lln M\u00fcsli Knusper Klassik 600g - BringFlix","isPartOf":{"@id":"https:\/\/bringflix.shop\/#website"},"primaryImageOfPage":{"@id":"https:\/\/bringflix.shop\/Produkte\/koelln-muesli-knusper-klassik-600g\/#primaryimage"},"image":{"@id":"https:\/\/bringflix.shop\/Produkte\/koelln-muesli-knusper-klassik-600g\/#primaryimage"},"thumbnailUrl":"https:\/\/bringflix.shop\/wp-content\/uploads\/2026\/04\/1000123589.png","datePublished":"2026-04-29T22:36:33+00:00","dateModified":"2026-04-30T15:34:10+00:00","breadcrumb":{"@id":"https:\/\/bringflix.shop\/Produkte\/koelln-muesli-knusper-klassik-600g\/#breadcrumb"},"inLanguage":"en-US","potentialAction":[{"@type":"ReadAction","target":["https:\/\/bringflix.shop\/Produkte\/koelln-muesli-knusper-klassik-600g\/"]}]},{"@type":"ImageObject","inLanguage":"en-US","@id":"https:\/\/bringflix.shop\/Produkte\/koelln-muesli-knusper-klassik-600g\/#primaryimage","url":"https:\/\/bringflix.shop\/wp-content\/uploads\/2026\/04\/1000123589.png","contentUrl":"https:\/\/bringflix.shop\/wp-content\/uploads\/2026\/04\/1000123589.png","width":1000,"height":1000},{"@type":"BreadcrumbList","@id":"https:\/\/bringflix.shop\/Produkte\/koelln-muesli-knusper-klassik-600g\/#breadcrumb","itemListElement":[{"@type":"ListItem","position":1,"name":"Home","item":"https:\/\/bringflix.shop\/"},{"@type":"ListItem","position":2,"name":"Shop","item":"https:\/\/bringflix.shop\/shop\/"},{"@type":"ListItem","position":3,"name":"K\u00f6lln M\u00fcsli Knusper Klassik 600g"}]},{"@type":"WebSite","@id":"https:\/\/bringflix.shop\/#website","url":"https:\/\/bringflix.shop\/","name":"BringFlix","description":"","publisher":{"@id":"https:\/\/bringflix.shop\/#organization"},"potentialAction":[{"@type":"SearchAction","target":{"@type":"EntryPoint","urlTemplate":"https:\/\/bringflix.shop\/?s={search_term_string}"},"query-input":{"@type":"PropertyValueSpecification","valueRequired":true,"valueName":"search_term_string"}}],"inLanguage":"en-US"},{"@type":"Organization","@id":"https:\/\/bringflix.shop\/#organization","name":"BringFlix","url":"https:\/\/bringflix.shop\/","logo":{"@type":"ImageObject","inLanguage":"en-US","@id":"https:\/\/bringflix.shop\/#\/schema\/logo\/image\/","url":"https:\/\/bringflix.shop\/wp-content\/uploads\/2024\/11\/logo-bring-flix.png","contentUrl":"https:\/\/bringflix.shop\/wp-content\/uploads\/2024\/11\/logo-bring-flix.png","width":858,"height":316,"caption":"BringFlix"},"image":{"@id":"https:\/\/bringflix.shop\/#\/schema\/logo\/image\/"}}]}},"jetpack_sharing_enabled":true,"_links":{"self":[{"href":"https:\/\/bringflix.shop\/en\/wp-json\/wp\/v2\/product\/11128","targetHints":{"allow":["GET"]}}],"collection":[{"href":"https:\/\/bringflix.shop\/en\/wp-json\/wp\/v2\/product"}],"about":[{"href":"https:\/\/bringflix.shop\/en\/wp-json\/wp\/v2\/types\/product"}],"replies":[{"embeddable":true,"href":"https:\/\/bringflix.shop\/en\/wp-json\/wp\/v2\/comments?post=11128"}],"wp:featuredmedia":[{"embeddable":true,"href":"https:\/\/bringflix.shop\/en\/wp-json\/wp\/v2\/media\/11130"}],"wp:attachment":[{"href":"https:\/\/bringflix.shop\/en\/wp-json\/wp\/v2\/media?parent=11128"}],"wp:term":[{"taxonomy":"product_brand","embeddable":true,"href":"https:\/\/bringflix.shop\/en\/wp-json\/wp\/v2\/product_brand?post=11128"},{"taxonomy":"product_cat","embeddable":true,"href":"https:\/\/bringflix.shop\/en\/wp-json\/wp\/v2\/product_cat?post=11128"},{"taxonomy":"product_tag","embeddable":true,"href":"https:\/\/bringflix.shop\/en\/wp-json\/wp\/v2\/product_tag?post=11128"}],"curies":[{"name":"wp","href":"https:\/\/api.w.org\/{rel}","templated":true}]}}