{"id":11127,"date":"2026-04-30T00:25:59","date_gmt":"2026-04-29T22:25:59","guid":{"rendered":"https:\/\/bringflix.shop\/?post_type=product&#038;p=11127"},"modified":"2026-04-30T02:29:00","modified_gmt":"2026-04-30T00:29:00","slug":"ben-jerrys-eis-bohemian-raspberry-vegan-465ml","status":"publish","type":"product","link":"https:\/\/bringflix.shop\/en\/Produkte\/ben-jerrys-eis-bohemian-raspberry-vegan-465ml\/","title":{"rendered":"Ben &amp; Jerry&#8217;s Eis Bohemian Raspberry vegan 465ml"},"content":{"rendered":"<p><strong>Bezeichnung:<\/strong><\/p>\n<div class=\"pdpr-RegulatedProductName\">\n<p>Vanilleeis auf pflanzlicher Basis mit Brownie-Geb\u00e4ckst\u00fccken (8%) und Himbeersauce (8,5%).<\/p>\n<\/div>\n<h3>Herkunft:<\/h3>\n<p>Niederlande<\/p>\n<h3>Konservierung und Lagerung:<\/h3>\n<p>Bei -18 C mindestens haltbar bis Ende: siehe Packungsaufdruck<\/p>\n<h3>Hersteller-\/Inverkehrbringer:<\/h3>\n<p>Magnum ICC Europe BV, Reguliersdwarsstraat 63, 1017BK Amsterdam, NL<\/p>","protected":false},"excerpt":{"rendered":"<p><b>Zutaten Und <\/b>Allergene<b>:<br \/>\n<\/b>Trinkwasser, Zucker, Glukosesirup, Hafersirup (Trinkwasser, HAFER (3%)), Kokosfett, Himbeerp\u00fcree (2,5%), Mehl (WEIZEN, GERSTENMALZ), Soja\u00f6l, fettarmer Kakao, Erbsenprotein, Ackerbohnenprotein, Stabilisatoren (Guarkernmehl, Johannisbrotkernmehl, Pektin), Vanilleextrakt, Maisst\u00e4rke, Holundersaftkonzentrat, Speisesalz, Emulgator (Lecithine (SOJA)), S\u00e4ureregulator (Citronens\u00e4ure), nat\u00fcrliches Aroma.<b><br \/>\n<\/b><\/p>\n<h3>N\u00e4hrwerte (je 100 g):<b><\/b><\/h3>\n<table class=\"pdsr-Table pdpr-NutritionTableDaily__Table\">\n<thead>\n<tr class=\"pdsr-Table--Row\">\n<th scope=\"col\">N\u00e4hrwerte<\/th>\n<th scope=\"col\">pro 100 ml<\/th>\n<th scope=\"col\">pro 100 g<\/th>\n<th scope=\"col\">pro 1 Portion*<\/th>\n<\/tr>\n<\/thead>\n<tbody>\n<tr class=\"pdsr-Table--Row\">\n<td class=\"pdsr-Table--Cell--Highlight\">Energie<\/td>\n<td>761 kJ<\/td>\n<td>885 kJ<\/td>\n<td>761 kJ<\/td>\n<\/tr>\n<tr class=\"pdsr-Table--Row\">\n<td class=\"pdsr-Table--Cell--Highlight\">Energie<\/td>\n<td>183 kcal<\/td>\n<td>212 kcal<\/td>\n<td>183 kcal<\/td>\n<\/tr>\n<tr class=\"pdsr-Table--Row\">\n<td class=\"pdsr-Table--Cell--Highlight\">Fett<\/td>\n<td>6,2 g<\/td>\n<td>7,2 g<\/td>\n<td>6,2 g<\/td>\n<\/tr>\n<tr class=\"pdsr-Table--Row\">\n<td class=\"pdsr-Table--Cell--Highlight\">Fett, davon ges\u00e4ttigte Fetts\u00e4uren<\/td>\n<td>4,8 g<\/td>\n<td>5,5 g<\/td>\n<td>4,8 g<\/td>\n<\/tr>\n<tr class=\"pdsr-Table--Row\">\n<td class=\"pdsr-Table--Cell--Highlight\">Kohlenhydrate<\/td>\n<td>30 g<\/td>\n<td>35 g<\/td>\n<td>30 g<\/td>\n<\/tr>\n<tr class=\"pdsr-Table--Row\">\n<td class=\"pdsr-Table--Cell--Highlight\">Kohlenhydrate, davon Zucker<\/td>\n<td>19 g<\/td>\n<td>22 g<\/td>\n<td>19 g<\/td>\n<\/tr>\n<tr class=\"pdsr-Table--Row\">\n<td class=\"pdsr-Table--Cell--Highlight\">Ballaststoffe<\/td>\n<td>0,8 g<\/td>\n<td>0,9 g<\/td>\n<td>0,8 g<\/td>\n<\/tr>\n<tr class=\"pdsr-Table--Row\">\n<td class=\"pdsr-Table--Cell--Highlight\">Eiwei\u00df<\/td>\n<td>1,2 g<\/td>\n<td>1,4 g<\/td>\n<td>1,2 g<\/td>\n<\/tr>\n<tr class=\"pdsr-Table--Row\">\n<td class=\"pdsr-Table--Cell--Highlight\">Salz<\/td>\n<td>0,05 g<\/td>\n<td>0,06 g<\/td>\n<td>0,05 g<\/td>\n<\/tr>\n<\/tbody>\n<\/table>","protected":false},"featured_media":11129,"comment_status":"open","ping_status":"closed","template":"","meta":{"_acf_changed":false,"inline_featured_image":false,"site-sidebar-layout":"default","site-content-layout":"","ast-site-content-layout":"default","site-content-style":"default","site-sidebar-style":"default","ast-global-header-display":"","ast-banner-title-visibility":"","ast-main-header-display":"","ast-hfb-above-header-display":"","ast-hfb-below-header-display":"","ast-hfb-mobile-header-display":"","site-post-title":"","ast-breadcrumbs-content":"","ast-featured-img":"","footer-sml-layout":"","theme-transparent-header-meta":"default","adv-header-id-meta":"","stick-header-meta":"","header-above-stick-meta":"","header-main-stick-meta":"","header-below-stick-meta":"","astra-migrate-meta-layouts":"set","ast-page-background-enabled":"default","ast-page-background-meta":{"desktop":{"background-color":"var(--ast-global-color-4)","background-image":"","background-repeat":"repeat","background-position":"center center","background-size":"auto","background-attachment":"scroll","background-type":"","background-media":"","overlay-type":"","overlay-color":"","overlay-opacity":"","overlay-gradient":""},"tablet":{"background-color":"","background-image":"","background-repeat":"repeat","background-position":"center center","background-size":"auto","background-attachment":"scroll","background-type":"","background-media":"","overlay-type":"","overlay-color":"","overlay-opacity":"","overlay-gradient":""},"mobile":{"background-color":"","background-image":"","background-repeat":"repeat","background-position":"center center","background-size":"auto","background-attachment":"scroll","background-type":"","background-media":"","overlay-type":"","overlay-color":"","overlay-opacity":"","overlay-gradient":""}},"ast-content-background-meta":{"desktop":{"background-color":"var(--ast-global-color-5)","background-image":"","background-repeat":"repeat","background-position":"center center","background-size":"auto","background-attachment":"scroll","background-type":"","background-media":"","overlay-type":"","overlay-color":"","overlay-opacity":"","overlay-gradient":""},"tablet":{"background-color":"var(--ast-global-color-5)","background-image":"","background-repeat":"repeat","background-position":"center center","background-size":"auto","background-attachment":"scroll","background-type":"","background-media":"","overlay-type":"","overlay-color":"","overlay-opacity":"","overlay-gradient":""},"mobile":{"background-color":"var(--ast-global-color-5)","background-image":"","background-repeat":"repeat","background-position":"center center","background-size":"auto","background-attachment":"scroll","background-type":"","background-media":"","overlay-type":"","overlay-color":"","overlay-opacity":"","overlay-gradient":""}}},"product_brand":[],"product_cat":[52,49],"product_tag":[200,197,199,198],"class_list":{"0":"post-11127","1":"product","2":"type-product","3":"status-publish","4":"has-post-thumbnail","6":"product_cat-eiscreme-tk-fruechte","7":"product_cat-tiefkuehlung","8":"product_tag-creme","9":"product_tag-eis","10":"product_tag-eiscreme","11":"product_tag-ice","12":"desktop-align-left","13":"tablet-align-left","14":"mobile-align-left","16":"first","17":"instock","18":"featured","19":"taxable","20":"shipping-taxable","21":"purchasable","22":"product-type-simple"},"acf":[],"yoast_head":"<!-- This site is optimized with the Yoast SEO plugin v24.5 - https:\/\/yoast.com\/wordpress\/plugins\/seo\/ -->\n<title>Ben &amp; Jerry&#039;s Eis Bohemian Raspberry vegan 465ml - BringFlix<\/title>\n<meta name=\"robots\" content=\"index, follow, max-snippet:-1, max-image-preview:large, max-video-preview:-1\" \/>\n<link rel=\"canonical\" href=\"https:\/\/bringflix.shop\/en\/Produkte\/ben-jerrys-eis-bohemian-raspberry-vegan-465ml\/\" \/>\n<meta property=\"og:locale\" content=\"en_US\" \/>\n<meta property=\"og:type\" content=\"article\" \/>\n<meta property=\"og:title\" content=\"Ben &amp; Jerry&#039;s Eis Bohemian Raspberry vegan 465ml - BringFlix\" \/>\n<meta property=\"og:description\" content=\"Zutaten Und Allergene: Trinkwasser, Zucker, Glukosesirup, Hafersirup (Trinkwasser, HAFER (3%)), Kokosfett, Himbeerp\u00fcree (2,5%), Mehl (WEIZEN, GERSTENMALZ), Soja\u00f6l, fettarmer Kakao, Erbsenprotein, Ackerbohnenprotein, Stabilisatoren (Guarkernmehl, Johannisbrotkernmehl, Pektin), Vanilleextrakt, Maisst\u00e4rke, Holundersaftkonzentrat, Speisesalz, Emulgator (Lecithine (SOJA)), S\u00e4ureregulator (Citronens\u00e4ure), nat\u00fcrliches Aroma. N\u00e4hrwerte (je 100 g):  N\u00e4hrwerte pro 100 ml pro 100 g pro 1 Portion*   Energie 761 kJ 885 kJ 761 kJ  Energie 183 kcal 212 kcal 183 kcal  Fett 6,2 g 7,2 g 6,2 g  Fett, davon ges\u00e4ttigte Fetts\u00e4uren 4,8 g 5,5 g 4,8 g  Kohlenhydrate 30 g 35 g 30 g  Kohlenhydrate, davon Zucker 19 g 22 g 19 g  Ballaststoffe 0,8 g 0,9 g 0,8 g  Eiwei\u00df 1,2 g 1,4 g 1,2 g  Salz 0,05 g 0,06 g 0,05 g\" \/>\n<meta property=\"og:url\" content=\"https:\/\/bringflix.shop\/en\/Produkte\/ben-jerrys-eis-bohemian-raspberry-vegan-465ml\/\" \/>\n<meta property=\"og:site_name\" content=\"BringFlix\" \/>\n<meta property=\"article:modified_time\" content=\"2026-04-30T00:29:00+00:00\" \/>\n<meta property=\"og:image\" content=\"https:\/\/bringflix.shop\/wp-content\/uploads\/2026\/04\/1000123588.png\" \/>\n\t<meta property=\"og:image:width\" content=\"1000\" \/>\n\t<meta property=\"og:image:height\" content=\"1000\" \/>\n\t<meta property=\"og:image:type\" content=\"image\/png\" \/>\n<meta name=\"twitter:card\" content=\"summary_large_image\" \/>\n<meta name=\"twitter:label1\" content=\"Est. reading time\" \/>\n\t<meta name=\"twitter:data1\" content=\"1 minute\" \/>\n<script type=\"application\/ld+json\" class=\"yoast-schema-graph\">{\"@context\":\"https:\/\/schema.org\",\"@graph\":[{\"@type\":\"WebPage\",\"@id\":\"https:\/\/bringflix.shop\/Produkte\/ben-jerrys-eis-bohemian-raspberry-vegan-465ml\/\",\"url\":\"https:\/\/bringflix.shop\/Produkte\/ben-jerrys-eis-bohemian-raspberry-vegan-465ml\/\",\"name\":\"Ben &amp; Jerry's Eis Bohemian Raspberry vegan 465ml - BringFlix\",\"isPartOf\":{\"@id\":\"https:\/\/bringflix.shop\/#website\"},\"primaryImageOfPage\":{\"@id\":\"https:\/\/bringflix.shop\/Produkte\/ben-jerrys-eis-bohemian-raspberry-vegan-465ml\/#primaryimage\"},\"image\":{\"@id\":\"https:\/\/bringflix.shop\/Produkte\/ben-jerrys-eis-bohemian-raspberry-vegan-465ml\/#primaryimage\"},\"thumbnailUrl\":\"https:\/\/bringflix.shop\/wp-content\/uploads\/2026\/04\/1000123588.png\",\"datePublished\":\"2026-04-29T22:25:59+00:00\",\"dateModified\":\"2026-04-30T00:29:00+00:00\",\"breadcrumb\":{\"@id\":\"https:\/\/bringflix.shop\/Produkte\/ben-jerrys-eis-bohemian-raspberry-vegan-465ml\/#breadcrumb\"},\"inLanguage\":\"en-US\",\"potentialAction\":[{\"@type\":\"ReadAction\",\"target\":[\"https:\/\/bringflix.shop\/Produkte\/ben-jerrys-eis-bohemian-raspberry-vegan-465ml\/\"]}]},{\"@type\":\"ImageObject\",\"inLanguage\":\"en-US\",\"@id\":\"https:\/\/bringflix.shop\/Produkte\/ben-jerrys-eis-bohemian-raspberry-vegan-465ml\/#primaryimage\",\"url\":\"https:\/\/bringflix.shop\/wp-content\/uploads\/2026\/04\/1000123588.png\",\"contentUrl\":\"https:\/\/bringflix.shop\/wp-content\/uploads\/2026\/04\/1000123588.png\",\"width\":1000,\"height\":1000},{\"@type\":\"BreadcrumbList\",\"@id\":\"https:\/\/bringflix.shop\/Produkte\/ben-jerrys-eis-bohemian-raspberry-vegan-465ml\/#breadcrumb\",\"itemListElement\":[{\"@type\":\"ListItem\",\"position\":1,\"name\":\"Home\",\"item\":\"https:\/\/bringflix.shop\/\"},{\"@type\":\"ListItem\",\"position\":2,\"name\":\"Shop\",\"item\":\"https:\/\/bringflix.shop\/shop\/\"},{\"@type\":\"ListItem\",\"position\":3,\"name\":\"Ben &amp; Jerry&#8217;s Eis Bohemian Raspberry vegan 465ml\"}]},{\"@type\":\"WebSite\",\"@id\":\"https:\/\/bringflix.shop\/#website\",\"url\":\"https:\/\/bringflix.shop\/\",\"name\":\"BringFlix\",\"description\":\"\",\"publisher\":{\"@id\":\"https:\/\/bringflix.shop\/#organization\"},\"potentialAction\":[{\"@type\":\"SearchAction\",\"target\":{\"@type\":\"EntryPoint\",\"urlTemplate\":\"https:\/\/bringflix.shop\/?s={search_term_string}\"},\"query-input\":{\"@type\":\"PropertyValueSpecification\",\"valueRequired\":true,\"valueName\":\"search_term_string\"}}],\"inLanguage\":\"en-US\"},{\"@type\":\"Organization\",\"@id\":\"https:\/\/bringflix.shop\/#organization\",\"name\":\"BringFlix\",\"url\":\"https:\/\/bringflix.shop\/\",\"logo\":{\"@type\":\"ImageObject\",\"inLanguage\":\"en-US\",\"@id\":\"https:\/\/bringflix.shop\/#\/schema\/logo\/image\/\",\"url\":\"https:\/\/bringflix.shop\/wp-content\/uploads\/2024\/11\/logo-bring-flix.png\",\"contentUrl\":\"https:\/\/bringflix.shop\/wp-content\/uploads\/2024\/11\/logo-bring-flix.png\",\"width\":858,\"height\":316,\"caption\":\"BringFlix\"},\"image\":{\"@id\":\"https:\/\/bringflix.shop\/#\/schema\/logo\/image\/\"}}]}<\/script>\n<!-- \/ Yoast SEO plugin. -->","yoast_head_json":{"title":"Ben &amp; Jerry's Eis Bohemian Raspberry vegan 465ml - BringFlix","robots":{"index":"index","follow":"follow","max-snippet":"max-snippet:-1","max-image-preview":"max-image-preview:large","max-video-preview":"max-video-preview:-1"},"canonical":"https:\/\/bringflix.shop\/en\/Produkte\/ben-jerrys-eis-bohemian-raspberry-vegan-465ml\/","og_locale":"en_US","og_type":"article","og_title":"Ben &amp; Jerry's Eis Bohemian Raspberry vegan 465ml - BringFlix","og_description":"Zutaten Und Allergene: Trinkwasser, Zucker, Glukosesirup, Hafersirup (Trinkwasser, HAFER (3%)), Kokosfett, Himbeerp\u00fcree (2,5%), Mehl (WEIZEN, GERSTENMALZ), Soja\u00f6l, fettarmer Kakao, Erbsenprotein, Ackerbohnenprotein, Stabilisatoren (Guarkernmehl, Johannisbrotkernmehl, Pektin), Vanilleextrakt, Maisst\u00e4rke, Holundersaftkonzentrat, Speisesalz, Emulgator (Lecithine (SOJA)), S\u00e4ureregulator (Citronens\u00e4ure), nat\u00fcrliches Aroma. N\u00e4hrwerte (je 100 g):  N\u00e4hrwerte pro 100 ml pro 100 g pro 1 Portion*   Energie 761 kJ 885 kJ 761 kJ  Energie 183 kcal 212 kcal 183 kcal  Fett 6,2 g 7,2 g 6,2 g  Fett, davon ges\u00e4ttigte Fetts\u00e4uren 4,8 g 5,5 g 4,8 g  Kohlenhydrate 30 g 35 g 30 g  Kohlenhydrate, davon Zucker 19 g 22 g 19 g  Ballaststoffe 0,8 g 0,9 g 0,8 g  Eiwei\u00df 1,2 g 1,4 g 1,2 g  Salz 0,05 g 0,06 g 0,05 g","og_url":"https:\/\/bringflix.shop\/en\/Produkte\/ben-jerrys-eis-bohemian-raspberry-vegan-465ml\/","og_site_name":"BringFlix","article_modified_time":"2026-04-30T00:29:00+00:00","og_image":[{"width":1000,"height":1000,"url":"https:\/\/bringflix.shop\/wp-content\/uploads\/2026\/04\/1000123588.png","type":"image\/png"}],"twitter_card":"summary_large_image","twitter_misc":{"Est. reading time":"1 minute"},"schema":{"@context":"https:\/\/schema.org","@graph":[{"@type":"WebPage","@id":"https:\/\/bringflix.shop\/Produkte\/ben-jerrys-eis-bohemian-raspberry-vegan-465ml\/","url":"https:\/\/bringflix.shop\/Produkte\/ben-jerrys-eis-bohemian-raspberry-vegan-465ml\/","name":"Ben &amp; Jerry's Eis Bohemian Raspberry vegan 465ml - BringFlix","isPartOf":{"@id":"https:\/\/bringflix.shop\/#website"},"primaryImageOfPage":{"@id":"https:\/\/bringflix.shop\/Produkte\/ben-jerrys-eis-bohemian-raspberry-vegan-465ml\/#primaryimage"},"image":{"@id":"https:\/\/bringflix.shop\/Produkte\/ben-jerrys-eis-bohemian-raspberry-vegan-465ml\/#primaryimage"},"thumbnailUrl":"https:\/\/bringflix.shop\/wp-content\/uploads\/2026\/04\/1000123588.png","datePublished":"2026-04-29T22:25:59+00:00","dateModified":"2026-04-30T00:29:00+00:00","breadcrumb":{"@id":"https:\/\/bringflix.shop\/Produkte\/ben-jerrys-eis-bohemian-raspberry-vegan-465ml\/#breadcrumb"},"inLanguage":"en-US","potentialAction":[{"@type":"ReadAction","target":["https:\/\/bringflix.shop\/Produkte\/ben-jerrys-eis-bohemian-raspberry-vegan-465ml\/"]}]},{"@type":"ImageObject","inLanguage":"en-US","@id":"https:\/\/bringflix.shop\/Produkte\/ben-jerrys-eis-bohemian-raspberry-vegan-465ml\/#primaryimage","url":"https:\/\/bringflix.shop\/wp-content\/uploads\/2026\/04\/1000123588.png","contentUrl":"https:\/\/bringflix.shop\/wp-content\/uploads\/2026\/04\/1000123588.png","width":1000,"height":1000},{"@type":"BreadcrumbList","@id":"https:\/\/bringflix.shop\/Produkte\/ben-jerrys-eis-bohemian-raspberry-vegan-465ml\/#breadcrumb","itemListElement":[{"@type":"ListItem","position":1,"name":"Home","item":"https:\/\/bringflix.shop\/"},{"@type":"ListItem","position":2,"name":"Shop","item":"https:\/\/bringflix.shop\/shop\/"},{"@type":"ListItem","position":3,"name":"Ben &amp; Jerry&#8217;s Eis Bohemian Raspberry vegan 465ml"}]},{"@type":"WebSite","@id":"https:\/\/bringflix.shop\/#website","url":"https:\/\/bringflix.shop\/","name":"BringFlix","description":"","publisher":{"@id":"https:\/\/bringflix.shop\/#organization"},"potentialAction":[{"@type":"SearchAction","target":{"@type":"EntryPoint","urlTemplate":"https:\/\/bringflix.shop\/?s={search_term_string}"},"query-input":{"@type":"PropertyValueSpecification","valueRequired":true,"valueName":"search_term_string"}}],"inLanguage":"en-US"},{"@type":"Organization","@id":"https:\/\/bringflix.shop\/#organization","name":"BringFlix","url":"https:\/\/bringflix.shop\/","logo":{"@type":"ImageObject","inLanguage":"en-US","@id":"https:\/\/bringflix.shop\/#\/schema\/logo\/image\/","url":"https:\/\/bringflix.shop\/wp-content\/uploads\/2024\/11\/logo-bring-flix.png","contentUrl":"https:\/\/bringflix.shop\/wp-content\/uploads\/2024\/11\/logo-bring-flix.png","width":858,"height":316,"caption":"BringFlix"},"image":{"@id":"https:\/\/bringflix.shop\/#\/schema\/logo\/image\/"}}]}},"jetpack_sharing_enabled":true,"_links":{"self":[{"href":"https:\/\/bringflix.shop\/en\/wp-json\/wp\/v2\/product\/11127","targetHints":{"allow":["GET"]}}],"collection":[{"href":"https:\/\/bringflix.shop\/en\/wp-json\/wp\/v2\/product"}],"about":[{"href":"https:\/\/bringflix.shop\/en\/wp-json\/wp\/v2\/types\/product"}],"replies":[{"embeddable":true,"href":"https:\/\/bringflix.shop\/en\/wp-json\/wp\/v2\/comments?post=11127"}],"wp:featuredmedia":[{"embeddable":true,"href":"https:\/\/bringflix.shop\/en\/wp-json\/wp\/v2\/media\/11129"}],"wp:attachment":[{"href":"https:\/\/bringflix.shop\/en\/wp-json\/wp\/v2\/media?parent=11127"}],"wp:term":[{"taxonomy":"product_brand","embeddable":true,"href":"https:\/\/bringflix.shop\/en\/wp-json\/wp\/v2\/product_brand?post=11127"},{"taxonomy":"product_cat","embeddable":true,"href":"https:\/\/bringflix.shop\/en\/wp-json\/wp\/v2\/product_cat?post=11127"},{"taxonomy":"product_tag","embeddable":true,"href":"https:\/\/bringflix.shop\/en\/wp-json\/wp\/v2\/product_tag?post=11127"}],"curies":[{"name":"wp","href":"https:\/\/api.w.org\/{rel}","templated":true}]}}