{"id":11101,"date":"2026-04-29T16:34:03","date_gmt":"2026-04-29T14:34:03","guid":{"rendered":"https:\/\/bringflix.shop\/?post_type=product&#038;p=11101"},"modified":"2026-04-29T17:59:11","modified_gmt":"2026-04-29T15:59:11","slug":"smoothie-apfel-limette-mango-maracuja-245-ml","status":"publish","type":"product","link":"https:\/\/bringflix.shop\/en\/Produkte\/smoothie-apfel-limette-mango-maracuja-245-ml\/","title":{"rendered":"dmBio Smoothie, Apfel, Limette, Mango &amp; Maracuja, 245 ml"},"content":{"rendered":"<h3>Bezeichnung:<\/h3>\n<div>\n<ul class=\"flex flex-col gap-xxs m-0 pl-xs\">\n<li>Erfrischend und leicht s\u00e4uerlich im Geschmack<\/li>\n<li>Mit exotischen Fruchtnuancen vereint<\/li>\n<li>Perfekt f\u00fcr eine kleine Auszeit zwischendurch<\/li>\n<li>Ideal zum Mitnehmen oder als Snack<\/li>\n<\/ul>\n<\/div>\n<div>\n<div class=\"whitespace-pre-line\">\n<div>Im Apfel, Limette, Mango &amp; Maracuja Smoothie von dmBio trifft fruchtige Vielfalt auf exotische Frische. Durch die Kombination von Apfel, spritziger Limette, sonnengereifter Mango und aromatischer Maracuja entsteht ein ausgewogenes Geschmackserlebnis, das sowohl erfrischend als auch leicht s\u00e4uerlich ist. Der Smoothie eignet sich hervorragend f\u00fcr eine belebende Pause oder als fruchtiger Snack unterwegs. Mit seiner praktischen Verpackung l\u00e4sst sich der Drink unkompliziert \u00fcberall genie\u00dfen und bringt tropische Noten in den Alltag.<\/div>\n<\/div>\n<\/div>\n<div>\n<div class=\"whitespace-pre-line\">\n<div>dm-Artikelnummer: 1488575<\/div>\n<div>\n<p>GTIN: 4066447855470<\/p>\n<\/div>\n<\/div>\n<\/div>\n<h3>Herkunft:<\/h3>\n<p>Deutschland<\/p>\n<h3>Konservierung und Lagerung:<\/h3>\n<p>Ge\u00f6ffnete Flasche k\u00fchl aufbewahren und innerhalb von 2 Tagen aufbrauchen.<\/p>\n<h3>Hersteller-\/Inverkehrbringer:<\/h3>\n<p>dm-drogerie markt GmbH + Co. KG Am dm-Platz 1 76227 Karlsruhe ServiceCenter@dm.de<\/p>","protected":false},"excerpt":{"rendered":"<h3><b>Zutaten Und <\/b>Allergene<b>:<\/b><\/h3>\n<p>Genaue Produktbezeichnung: Bio Mehrfruchtsaft Zutaten: 50 % Apfelsaft* und -mark*, 26 % Traubensaft*, 16% Mangomark*, 6 % Maracujasaft*, 2 % Limettensaft*. * aus biologischer Landwirtschaft Bitte beachte die Hinweise zu Allergenen. Enth\u00e4lt Keine kennzeichnungspflichtigen allergenen Zutaten enthalten<\/p>\n<h3>N\u00e4hrwerte (je 100 g):<\/h3>\n<table class=\"u ej w ac b om on\" data-designsystem=\"true\">\n<thead>\n<tr>\n<th class=\"u ej w ed oo op oq or os ot ou\">Durchschnittliche N\u00e4hrwertangaben<\/th>\n<th class=\"u ej w ed oo op oq or os ot\">pro 100 ml<\/th>\n<\/tr>\n<\/thead>\n<tbody>\n<tr>\n<td class=\"u ej w ac oo op ov ow ou\">Brennwert<\/td>\n<td class=\"u ej w ac oo op ov ow\">215 kJ \/ 51 kcal<\/td>\n<\/tr>\n<tr>\n<td class=\"u ej w ac oo op ov ow ou\">Fett<\/td>\n<td class=\"u ej w ac oo op ov ow\">&lt; 0,1 g<\/td>\n<\/tr>\n<tr>\n<td class=\"u ej w ac oo op ov ow ou\">davon ges\u00e4ttigte Fetts\u00e4uren<\/td>\n<td class=\"u ej w ac oo op ov ow\">&lt; 0,1 g<\/td>\n<\/tr>\n<tr>\n<td class=\"u ej w ac oo op ov ow ou\">Kohlenhydrate<\/td>\n<td class=\"u ej w ac oo op ov ow\">11 g<\/td>\n<\/tr>\n<tr>\n<td class=\"u ej w ac oo op ov ow ou\">davon Zucker<\/td>\n<td class=\"u ej w ac oo op ov ow\">11 g<\/td>\n<\/tr>\n<tr>\n<td class=\"u ej w ac oo op ov ow ou\">Ballaststoffe<\/td>\n<td class=\"u ej w ac oo op ov ow\">0,9 g<\/td>\n<\/tr>\n<tr>\n<td class=\"u ej w ac oo op ov ow ou\">Eiwei\u00df<\/td>\n<td class=\"u ej w ac oo op ov ow\">0,4 g<\/td>\n<\/tr>\n<tr>\n<td class=\"u ej w ac oo op ov ow ou\">Salz<\/td>\n<td class=\"u ej w ac oo op ov ow\">&lt; 0,01 g<\/td>\n<\/tr>\n<\/tbody>\n<\/table>\n<p>&nbsp;<\/p>","protected":false},"featured_media":0,"comment_status":"open","ping_status":"closed","template":"","meta":{"_acf_changed":false,"inline_featured_image":false,"site-sidebar-layout":"default","site-content-layout":"","ast-site-content-layout":"default","site-content-style":"default","site-sidebar-style":"default","ast-global-header-display":"","ast-banner-title-visibility":"","ast-main-header-display":"","ast-hfb-above-header-display":"","ast-hfb-below-header-display":"","ast-hfb-mobile-header-display":"","site-post-title":"","ast-breadcrumbs-content":"","ast-featured-img":"","footer-sml-layout":"","theme-transparent-header-meta":"default","adv-header-id-meta":"","stick-header-meta":"","header-above-stick-meta":"","header-main-stick-meta":"","header-below-stick-meta":"","astra-migrate-meta-layouts":"set","ast-page-background-enabled":"default","ast-page-background-meta":{"desktop":{"background-color":"var(--ast-global-color-4)","background-image":"","background-repeat":"repeat","background-position":"center center","background-size":"auto","background-attachment":"scroll","background-type":"","background-media":"","overlay-type":"","overlay-color":"","overlay-opacity":"","overlay-gradient":""},"tablet":{"background-color":"","background-image":"","background-repeat":"repeat","background-position":"center center","background-size":"auto","background-attachment":"scroll","background-type":"","background-media":"","overlay-type":"","overlay-color":"","overlay-opacity":"","overlay-gradient":""},"mobile":{"background-color":"","background-image":"","background-repeat":"repeat","background-position":"center center","background-size":"auto","background-attachment":"scroll","background-type":"","background-media":"","overlay-type":"","overlay-color":"","overlay-opacity":"","overlay-gradient":""}},"ast-content-background-meta":{"desktop":{"background-color":"var(--ast-global-color-5)","background-image":"","background-repeat":"repeat","background-position":"center center","background-size":"auto","background-attachment":"scroll","background-type":"","background-media":"","overlay-type":"","overlay-color":"","overlay-opacity":"","overlay-gradient":""},"tablet":{"background-color":"var(--ast-global-color-5)","background-image":"","background-repeat":"repeat","background-position":"center center","background-size":"auto","background-attachment":"scroll","background-type":"","background-media":"","overlay-type":"","overlay-color":"","overlay-opacity":"","overlay-gradient":""},"mobile":{"background-color":"var(--ast-global-color-5)","background-image":"","background-repeat":"repeat","background-position":"center center","background-size":"auto","background-attachment":"scroll","background-type":"","background-media":"","overlay-type":"","overlay-color":"","overlay-opacity":"","overlay-gradient":""}}},"product_brand":[],"product_cat":[48,45],"product_tag":[],"class_list":{"0":"post-11101","1":"product","2":"type-product","3":"status-publish","5":"product_cat-fertiggerichte-aufschnitt-shots","6":"product_cat-kuehlung","7":"desktop-align-left","8":"tablet-align-left","9":"mobile-align-left","11":"first","12":"instock","13":"taxable","14":"shipping-taxable","15":"purchasable","16":"product-type-simple"},"acf":[],"yoast_head":"<!-- This site is optimized with the Yoast SEO plugin v24.5 - https:\/\/yoast.com\/wordpress\/plugins\/seo\/ -->\n<title>dmBio Smoothie, Apfel, Limette, Mango &amp; Maracuja, 245 ml - BringFlix<\/title>\n<meta name=\"robots\" content=\"index, follow, max-snippet:-1, max-image-preview:large, max-video-preview:-1\" \/>\n<link rel=\"canonical\" href=\"https:\/\/bringflix.shop\/en\/Produkte\/smoothie-apfel-limette-mango-maracuja-245-ml\/\" \/>\n<meta property=\"og:locale\" content=\"en_US\" \/>\n<meta property=\"og:type\" content=\"article\" \/>\n<meta property=\"og:title\" content=\"dmBio Smoothie, Apfel, Limette, Mango &amp; Maracuja, 245 ml - BringFlix\" \/>\n<meta property=\"og:description\" content=\"Zutaten Und Allergene: Genaue Produktbezeichnung: Bio Mehrfruchtsaft Zutaten: 50 % Apfelsaft* und -mark*, 26 % Traubensaft*, 16% Mangomark*, 6 % Maracujasaft*, 2 % Limettensaft*. * aus biologischer Landwirtschaft Bitte beachte die Hinweise zu Allergenen. Enth\u00e4lt Keine kennzeichnungspflichtigen allergenen Zutaten enthalten N\u00e4hrwerte (je 100 g):    Durchschnittliche N\u00e4hrwertangaben pro 100 ml     Brennwert 215 kJ \/ 51 kcal   Fett &lt; 0,1 g   davon ges\u00e4ttigte Fetts\u00e4uren &lt; 0,1 g   Kohlenhydrate 11 g   davon Zucker 11 g   Ballaststoffe 0,9 g   Eiwei\u00df 0,4 g   Salz &lt; 0,01 g    &nbsp;\" \/>\n<meta property=\"og:url\" content=\"https:\/\/bringflix.shop\/en\/Produkte\/smoothie-apfel-limette-mango-maracuja-245-ml\/\" \/>\n<meta property=\"og:site_name\" content=\"BringFlix\" \/>\n<meta property=\"article:modified_time\" content=\"2026-04-29T15:59:11+00:00\" \/>\n<meta name=\"twitter:card\" content=\"summary_large_image\" \/>\n<meta name=\"twitter:label1\" content=\"Est. reading time\" \/>\n\t<meta name=\"twitter:data1\" content=\"1 minute\" \/>\n<script type=\"application\/ld+json\" class=\"yoast-schema-graph\">{\"@context\":\"https:\/\/schema.org\",\"@graph\":[{\"@type\":\"WebPage\",\"@id\":\"https:\/\/bringflix.shop\/Produkte\/smoothie-apfel-limette-mango-maracuja-245-ml\/\",\"url\":\"https:\/\/bringflix.shop\/Produkte\/smoothie-apfel-limette-mango-maracuja-245-ml\/\",\"name\":\"dmBio Smoothie, Apfel, Limette, Mango &amp; Maracuja, 245 ml - BringFlix\",\"isPartOf\":{\"@id\":\"https:\/\/bringflix.shop\/#website\"},\"datePublished\":\"2026-04-29T14:34:03+00:00\",\"dateModified\":\"2026-04-29T15:59:11+00:00\",\"breadcrumb\":{\"@id\":\"https:\/\/bringflix.shop\/Produkte\/smoothie-apfel-limette-mango-maracuja-245-ml\/#breadcrumb\"},\"inLanguage\":\"en-US\",\"potentialAction\":[{\"@type\":\"ReadAction\",\"target\":[\"https:\/\/bringflix.shop\/Produkte\/smoothie-apfel-limette-mango-maracuja-245-ml\/\"]}]},{\"@type\":\"BreadcrumbList\",\"@id\":\"https:\/\/bringflix.shop\/Produkte\/smoothie-apfel-limette-mango-maracuja-245-ml\/#breadcrumb\",\"itemListElement\":[{\"@type\":\"ListItem\",\"position\":1,\"name\":\"Home\",\"item\":\"https:\/\/bringflix.shop\/\"},{\"@type\":\"ListItem\",\"position\":2,\"name\":\"Shop\",\"item\":\"https:\/\/bringflix.shop\/shop\/\"},{\"@type\":\"ListItem\",\"position\":3,\"name\":\"dmBio Smoothie, Apfel, Limette, Mango &amp; Maracuja, 245 ml\"}]},{\"@type\":\"WebSite\",\"@id\":\"https:\/\/bringflix.shop\/#website\",\"url\":\"https:\/\/bringflix.shop\/\",\"name\":\"BringFlix\",\"description\":\"\",\"publisher\":{\"@id\":\"https:\/\/bringflix.shop\/#organization\"},\"potentialAction\":[{\"@type\":\"SearchAction\",\"target\":{\"@type\":\"EntryPoint\",\"urlTemplate\":\"https:\/\/bringflix.shop\/?s={search_term_string}\"},\"query-input\":{\"@type\":\"PropertyValueSpecification\",\"valueRequired\":true,\"valueName\":\"search_term_string\"}}],\"inLanguage\":\"en-US\"},{\"@type\":\"Organization\",\"@id\":\"https:\/\/bringflix.shop\/#organization\",\"name\":\"BringFlix\",\"url\":\"https:\/\/bringflix.shop\/\",\"logo\":{\"@type\":\"ImageObject\",\"inLanguage\":\"en-US\",\"@id\":\"https:\/\/bringflix.shop\/#\/schema\/logo\/image\/\",\"url\":\"https:\/\/bringflix.shop\/wp-content\/uploads\/2024\/11\/logo-bring-flix.png\",\"contentUrl\":\"https:\/\/bringflix.shop\/wp-content\/uploads\/2024\/11\/logo-bring-flix.png\",\"width\":858,\"height\":316,\"caption\":\"BringFlix\"},\"image\":{\"@id\":\"https:\/\/bringflix.shop\/#\/schema\/logo\/image\/\"}}]}<\/script>\n<!-- \/ Yoast SEO plugin. -->","yoast_head_json":{"title":"dmBio Smoothie, Apfel, Limette, Mango &amp; Maracuja, 245 ml - BringFlix","robots":{"index":"index","follow":"follow","max-snippet":"max-snippet:-1","max-image-preview":"max-image-preview:large","max-video-preview":"max-video-preview:-1"},"canonical":"https:\/\/bringflix.shop\/en\/Produkte\/smoothie-apfel-limette-mango-maracuja-245-ml\/","og_locale":"en_US","og_type":"article","og_title":"dmBio Smoothie, Apfel, Limette, Mango &amp; Maracuja, 245 ml - BringFlix","og_description":"Zutaten Und Allergene: Genaue Produktbezeichnung: Bio Mehrfruchtsaft Zutaten: 50 % Apfelsaft* und -mark*, 26 % Traubensaft*, 16% Mangomark*, 6 % Maracujasaft*, 2 % Limettensaft*. * aus biologischer Landwirtschaft Bitte beachte die Hinweise zu Allergenen. Enth\u00e4lt Keine kennzeichnungspflichtigen allergenen Zutaten enthalten N\u00e4hrwerte (je 100 g):    Durchschnittliche N\u00e4hrwertangaben pro 100 ml     Brennwert 215 kJ \/ 51 kcal   Fett &lt; 0,1 g   davon ges\u00e4ttigte Fetts\u00e4uren &lt; 0,1 g   Kohlenhydrate 11 g   davon Zucker 11 g   Ballaststoffe 0,9 g   Eiwei\u00df 0,4 g   Salz &lt; 0,01 g    &nbsp;","og_url":"https:\/\/bringflix.shop\/en\/Produkte\/smoothie-apfel-limette-mango-maracuja-245-ml\/","og_site_name":"BringFlix","article_modified_time":"2026-04-29T15:59:11+00:00","twitter_card":"summary_large_image","twitter_misc":{"Est. reading time":"1 minute"},"schema":{"@context":"https:\/\/schema.org","@graph":[{"@type":"WebPage","@id":"https:\/\/bringflix.shop\/Produkte\/smoothie-apfel-limette-mango-maracuja-245-ml\/","url":"https:\/\/bringflix.shop\/Produkte\/smoothie-apfel-limette-mango-maracuja-245-ml\/","name":"dmBio Smoothie, Apfel, Limette, Mango &amp; Maracuja, 245 ml - BringFlix","isPartOf":{"@id":"https:\/\/bringflix.shop\/#website"},"datePublished":"2026-04-29T14:34:03+00:00","dateModified":"2026-04-29T15:59:11+00:00","breadcrumb":{"@id":"https:\/\/bringflix.shop\/Produkte\/smoothie-apfel-limette-mango-maracuja-245-ml\/#breadcrumb"},"inLanguage":"en-US","potentialAction":[{"@type":"ReadAction","target":["https:\/\/bringflix.shop\/Produkte\/smoothie-apfel-limette-mango-maracuja-245-ml\/"]}]},{"@type":"BreadcrumbList","@id":"https:\/\/bringflix.shop\/Produkte\/smoothie-apfel-limette-mango-maracuja-245-ml\/#breadcrumb","itemListElement":[{"@type":"ListItem","position":1,"name":"Home","item":"https:\/\/bringflix.shop\/"},{"@type":"ListItem","position":2,"name":"Shop","item":"https:\/\/bringflix.shop\/shop\/"},{"@type":"ListItem","position":3,"name":"dmBio Smoothie, Apfel, Limette, Mango &amp; Maracuja, 245 ml"}]},{"@type":"WebSite","@id":"https:\/\/bringflix.shop\/#website","url":"https:\/\/bringflix.shop\/","name":"BringFlix","description":"","publisher":{"@id":"https:\/\/bringflix.shop\/#organization"},"potentialAction":[{"@type":"SearchAction","target":{"@type":"EntryPoint","urlTemplate":"https:\/\/bringflix.shop\/?s={search_term_string}"},"query-input":{"@type":"PropertyValueSpecification","valueRequired":true,"valueName":"search_term_string"}}],"inLanguage":"en-US"},{"@type":"Organization","@id":"https:\/\/bringflix.shop\/#organization","name":"BringFlix","url":"https:\/\/bringflix.shop\/","logo":{"@type":"ImageObject","inLanguage":"en-US","@id":"https:\/\/bringflix.shop\/#\/schema\/logo\/image\/","url":"https:\/\/bringflix.shop\/wp-content\/uploads\/2024\/11\/logo-bring-flix.png","contentUrl":"https:\/\/bringflix.shop\/wp-content\/uploads\/2024\/11\/logo-bring-flix.png","width":858,"height":316,"caption":"BringFlix"},"image":{"@id":"https:\/\/bringflix.shop\/#\/schema\/logo\/image\/"}}]}},"jetpack_sharing_enabled":true,"_links":{"self":[{"href":"https:\/\/bringflix.shop\/en\/wp-json\/wp\/v2\/product\/11101","targetHints":{"allow":["GET"]}}],"collection":[{"href":"https:\/\/bringflix.shop\/en\/wp-json\/wp\/v2\/product"}],"about":[{"href":"https:\/\/bringflix.shop\/en\/wp-json\/wp\/v2\/types\/product"}],"replies":[{"embeddable":true,"href":"https:\/\/bringflix.shop\/en\/wp-json\/wp\/v2\/comments?post=11101"}],"wp:attachment":[{"href":"https:\/\/bringflix.shop\/en\/wp-json\/wp\/v2\/media?parent=11101"}],"wp:term":[{"taxonomy":"product_brand","embeddable":true,"href":"https:\/\/bringflix.shop\/en\/wp-json\/wp\/v2\/product_brand?post=11101"},{"taxonomy":"product_cat","embeddable":true,"href":"https:\/\/bringflix.shop\/en\/wp-json\/wp\/v2\/product_cat?post=11101"},{"taxonomy":"product_tag","embeddable":true,"href":"https:\/\/bringflix.shop\/en\/wp-json\/wp\/v2\/product_tag?post=11101"}],"curies":[{"name":"wp","href":"https:\/\/api.w.org\/{rel}","templated":true}]}}