{"id":11095,"date":"2026-04-29T00:07:17","date_gmt":"2026-04-28T22:07:17","guid":{"rendered":"https:\/\/bringflix.shop\/?post_type=product&#038;p=11095"},"modified":"2026-04-29T00:13:02","modified_gmt":"2026-04-28T22:13:02","slug":"milka-schokolade-haselnuss-90g-2","status":"publish","type":"product","link":"https:\/\/bringflix.shop\/en\/Produkte\/milka-schokolade-haselnuss-90g-2\/","title":{"rendered":"MHD: 02.04.26 Milka Schokolade Haselnuss 90g"},"content":{"rendered":"<h3 id=\"docs-internal-guid-fa8121ef-7fff-21bb-c70d-d0e8ba3807a3\" dir=\"ltr\" style=\"line-height: 1.3800000000000001;margin-top: 10pt;margin-bottom: 0pt\"><span style=\"font-size: 11pt;font-family: Calibri,sans-serif;color: #000000;background-color: transparent;font-weight: bold;font-style: normal;font-variant: normal;text-decoration: none;vertical-align: baseline\">Bezeichnung:<\/span><\/h3>\n<p dir=\"ltr\" style=\"line-height: 1.3800000000000001;margin-top: 0pt;margin-bottom: 10pt\"><span style=\"font-size: 11pt;font-family: Cambria,serif;color: #000000;background-color: transparent;font-weight: 400;font-style: normal;font-variant: normal;text-decoration: none;vertical-align: baseline\">Alpenmilch Schokolade mit Haselnussst\u00fcckchen<\/span><\/p>\n<h3 dir=\"ltr\" style=\"line-height: 1.3800000000000001;margin-top: 10pt;margin-bottom: 0pt\"><span style=\"font-size: 11pt;font-family: Calibri,sans-serif;color: #000000;background-color: transparent;font-weight: bold;font-style: normal;font-variant: normal;text-decoration: none;vertical-align: baseline\">Herkunft:<\/span><\/h3>\n<p dir=\"ltr\" style=\"line-height: 1.3800000000000001;margin-top: 0pt;margin-bottom: 10pt\"><span style=\"font-size: 11pt;font-family: Cambria,serif;color: #000000;background-color: transparent;font-weight: 400;font-style: normal;font-variant: normal;text-decoration: none;vertical-align: baseline\">Deutschland<\/span><\/p>\n<h3 id=\"docs-internal-guid-003104ce-7fff-31a5-b597-cd6c9f0f2690\" dir=\"ltr\" style=\"line-height: 1.3800000000000001;margin-top: 10pt;margin-bottom: 0pt\"><span style=\"font-size: 11pt;font-family: Calibri,sans-serif;color: #000000;background-color: transparent;font-weight: bold;font-style: normal;font-variant: normal;text-decoration: none;vertical-align: baseline\">Konservierung und Lagerung:<\/span><\/h3>\n<p dir=\"ltr\" style=\"line-height: 1.3800000000000001;margin-top: 0pt;margin-bottom: 10pt\"><span style=\"font-size: 11pt;font-family: Cambria,serif;color: #000000;background-color: transparent;font-weight: 400;font-style: normal;font-variant: normal;text-decoration: none;vertical-align: baseline\">Trocken lagern und vor W\u00e4rme sch\u00fctzen.<\/span><\/p>\n<h3 dir=\"ltr\" style=\"line-height: 1.3800000000000001;margin-top: 10pt;margin-bottom: 0pt\"><span style=\"font-size: 11pt;font-family: Calibri,sans-serif;color: #000000;background-color: transparent;font-weight: bold;font-style: normal;font-variant: normal;text-decoration: none;vertical-align: baseline\">Hersteller-\/Inverkehrbringer:<\/span><\/h3>\n<p dir=\"ltr\" style=\"line-height: 1.3800000000000001;margin-top: 0pt;margin-bottom: 10pt\"><span style=\"font-size: 11pt;font-family: Cambria,serif;color: #000000;background-color: transparent;font-weight: 400;font-style: normal;font-variant: normal;text-decoration: none;vertical-align: baseline\">Mondelez Deutschland GmbH, D-28078 Bremen<\/span><\/p>\n<p>&nbsp;<\/p>","protected":false},"excerpt":{"rendered":"<h3 id=\"docs-internal-guid-72a30a4e-7fff-47b8-5c85-128f2facdfda\" dir=\"ltr\" style=\"line-height: 1.3800000000000001;margin-top: 10pt;margin-bottom: 0pt\"><span style=\"font-size: 11pt;font-family: Calibri,sans-serif;color: #000000;background-color: transparent;font-weight: bold;font-style: normal;font-variant: normal;text-decoration: none;vertical-align: baseline\">Zutaten:<\/span><\/h3>\n<p dir=\"ltr\" style=\"line-height: 1.3800000000000001;margin-top: 0pt;margin-bottom: 10pt\"><span style=\"font-size: 11pt;font-family: Cambria,serif;color: #000000;background-color: transparent;font-weight: 400;font-style: normal;font-variant: normal;text-decoration: none;vertical-align: baseline\">Zucker, Kakaobutter, Kakaomasse, MAGERMILCHPULVER, HASELNUSSST\u00dcCKCHEN (9%), S\u00fcssmolkenpulver (aus MILCH), BUTTERREINFETT, Emulgator (SOJALECITHINE), HASELNUSSMASSE, Aroma.\u00a0<\/span><\/p>\n<h3 dir=\"ltr\" style=\"line-height: 1.3800000000000001;margin-top: 10pt;margin-bottom: 0pt\"><span style=\"font-size: 11pt;font-family: Calibri,sans-serif;color: #000000;background-color: transparent;font-weight: bold;font-style: normal;font-variant: normal;text-decoration: none;vertical-align: baseline\">Allergene:<\/span><\/h3>\n<p dir=\"ltr\" style=\"line-height: 1.3800000000000001;margin-top: 0pt;margin-bottom: 10pt\"><span style=\"font-size: 11pt;font-family: Cambria,serif;color: #000000;background-color: transparent;font-weight: 400;font-style: normal;font-variant: normal;text-decoration: none;vertical-align: baseline\">MAGERMILCHPULVER, HASELNUSSST\u00dcCKCHEN, MILCH, BUTTERREINFETT, SOJALECITHINE, HASELNUSSMASSEEnth\u00e4lt: Soja und Sojaerzeugnisse. Haselnuss und Haselnusserzeugnisse. Milch und Milcherzeugnisse (einschlie\u00dflich Lactose). N\u00fcsse und Nusserzeugnisse. Kann enthalten: Weizen und Weizenerzeugnisse (glutenhaltiges Getreide). Glutenhaltiges Getreide und glutenhaltige Getreideerzeugnisse. KANN ENTHALTEN: <\/span><\/p>\n<h3 dir=\"ltr\" style=\"line-height: 1.3800000000000001;margin-top: 10pt;margin-bottom: 0pt\"><span style=\"font-size: 11pt;font-family: Calibri,sans-serif;color: #000000;background-color: transparent;font-weight: bold;font-style: normal;font-variant: normal;text-decoration: none;vertical-align: baseline\">N\u00e4hrwerte (je 100 g):<\/span><\/h3>\n<div dir=\"ltr\" style=\"margin-left: 0pt\" align=\"left\">\n<table style=\"border: none;border-collapse: collapse\">\n<colgroup>\n<col width=\"288\" \/>\n<col width=\"288\" \/><\/colgroup>\n<tbody>\n<tr style=\"height: 0pt\">\n<td style=\"vertical-align: top;padding: 0pt 5.75pt 0pt 5.75pt;overflow: hidden\">\n<p dir=\"ltr\" style=\"line-height: 1.3800000000000001;margin-top: 0pt;margin-bottom: 10pt\"><span style=\"font-size: 11pt;font-family: Cambria,serif;color: #000000;background-color: transparent;font-weight: 400;font-style: normal;font-variant: normal;text-decoration: none;vertical-align: baseline\">Energie<\/span><\/p>\n<\/td>\n<td style=\"vertical-align: top;padding: 0pt 5.75pt 0pt 5.75pt;overflow: hidden\">\n<p dir=\"ltr\" style=\"line-height: 1.3800000000000001;margin-top: 0pt;margin-bottom: 10pt\"><span style=\"font-size: 11pt;font-family: Cambria,serif;color: #000000;background-color: transparent;font-weight: 400;font-style: normal;font-variant: normal;text-decoration: none;vertical-align: baseline\">2.301 kJ\/552 kcal<\/span><\/p>\n<\/td>\n<\/tr>\n<tr style=\"height: 0pt\">\n<td style=\"vertical-align: top;padding: 0pt 5.75pt 0pt 5.75pt;overflow: hidden\">\n<p dir=\"ltr\" style=\"line-height: 1.3800000000000001;margin-top: 0pt;margin-bottom: 10pt\"><span style=\"font-size: 11pt;font-family: Cambria,serif;color: #000000;background-color: transparent;font-weight: 400;font-style: normal;font-variant: normal;text-decoration: none;vertical-align: baseline\">Fett<\/span><\/p>\n<\/td>\n<td style=\"vertical-align: top;padding: 0pt 5.75pt 0pt 5.75pt;overflow: hidden\">\n<p dir=\"ltr\" style=\"line-height: 1.3800000000000001;margin-top: 0pt;margin-bottom: 10pt\"><span style=\"font-size: 11pt;font-family: Cambria,serif;color: #000000;background-color: transparent;font-weight: 400;font-style: normal;font-variant: normal;text-decoration: none;vertical-align: baseline\">34 g<\/span><\/p>\n<\/td>\n<\/tr>\n<tr style=\"height: 0pt\">\n<td style=\"vertical-align: top;padding: 0pt 5.75pt 0pt 5.75pt;overflow: hidden\">\n<p dir=\"ltr\" style=\"line-height: 1.3800000000000001;margin-top: 0pt;margin-bottom: 10pt\"><span style=\"font-size: 11pt;font-family: Cambria,serif;color: #000000;background-color: transparent;font-weight: 400;font-style: normal;font-variant: normal;text-decoration: none;vertical-align: baseline\">&#8211; davon ges\u00e4ttigte Fetts\u00e4uren<\/span><\/p>\n<\/td>\n<td style=\"vertical-align: top;padding: 0pt 5.75pt 0pt 5.75pt;overflow: hidden\">\n<p dir=\"ltr\" style=\"line-height: 1.3800000000000001;margin-top: 0pt;margin-bottom: 10pt\"><span style=\"font-size: 11pt;font-family: Cambria,serif;color: #000000;background-color: transparent;font-weight: 400;font-style: normal;font-variant: normal;text-decoration: none;vertical-align: baseline\">17 g<\/span><\/p>\n<\/td>\n<\/tr>\n<tr style=\"height: 0pt\">\n<td style=\"vertical-align: top;padding: 0pt 5.75pt 0pt 5.75pt;overflow: hidden\">\n<p dir=\"ltr\" style=\"line-height: 1.3800000000000001;margin-top: 0pt;margin-bottom: 10pt\"><span style=\"font-size: 11pt;font-family: Cambria,serif;color: #000000;background-color: transparent;font-weight: 400;font-style: normal;font-variant: normal;text-decoration: none;vertical-align: baseline\">Kohlenhydrate<\/span><\/p>\n<\/td>\n<td style=\"vertical-align: top;padding: 0pt 5.75pt 0pt 5.75pt;overflow: hidden\">\n<p dir=\"ltr\" style=\"line-height: 1.3800000000000001;margin-top: 0pt;margin-bottom: 10pt\"><span style=\"font-size: 11pt;font-family: Cambria,serif;color: #000000;background-color: transparent;font-weight: 400;font-style: normal;font-variant: normal;text-decoration: none;vertical-align: baseline\">52 g<\/span><\/p>\n<\/td>\n<\/tr>\n<tr style=\"height: 0pt\">\n<td style=\"vertical-align: top;padding: 0pt 5.75pt 0pt 5.75pt;overflow: hidden\">\n<p dir=\"ltr\" style=\"line-height: 1.3800000000000001;margin-top: 0pt;margin-bottom: 10pt\"><span style=\"font-size: 11pt;font-family: Cambria,serif;color: #000000;background-color: transparent;font-weight: 400;font-style: normal;font-variant: normal;text-decoration: none;vertical-align: baseline\">&#8211; davon Zucker<\/span><\/p>\n<\/td>\n<td style=\"vertical-align: top;padding: 0pt 5.75pt 0pt 5.75pt;overflow: hidden\">\n<p dir=\"ltr\" style=\"line-height: 1.3800000000000001;margin-top: 0pt;margin-bottom: 10pt\"><span style=\"font-size: 11pt;font-family: Cambria,serif;color: #000000;background-color: transparent;font-weight: 400;font-style: normal;font-variant: normal;text-decoration: none;vertical-align: baseline\">51 g<\/span><\/p>\n<\/td>\n<\/tr>\n<tr style=\"height: 0pt\">\n<td style=\"vertical-align: top;padding: 0pt 5.75pt 0pt 5.75pt;overflow: hidden\">\n<p dir=\"ltr\" style=\"line-height: 1.3800000000000001;margin-top: 0pt;margin-bottom: 10pt\"><span style=\"font-size: 11pt;font-family: Cambria,serif;color: #000000;background-color: transparent;font-weight: 400;font-style: normal;font-variant: normal;text-decoration: none;vertical-align: baseline\">Ballaststoffe<\/span><\/p>\n<\/td>\n<td style=\"vertical-align: top;padding: 0pt 5.75pt 0pt 5.75pt;overflow: hidden\">\n<p dir=\"ltr\" style=\"line-height: 1.3800000000000001;margin-top: 0pt;margin-bottom: 10pt\"><span style=\"font-size: 11pt;font-family: Cambria,serif;color: #000000;background-color: transparent;font-weight: 400;font-style: normal;font-variant: normal;text-decoration: none;vertical-align: baseline\">2,9 g<\/span><\/p>\n<\/td>\n<\/tr>\n<tr style=\"height: 0pt\">\n<td style=\"vertical-align: top;padding: 0pt 5.75pt 0pt 5.75pt;overflow: hidden\">\n<p dir=\"ltr\" style=\"line-height: 1.3800000000000001;margin-top: 0pt;margin-bottom: 10pt\"><span style=\"font-size: 11pt;font-family: Cambria,serif;color: #000000;background-color: transparent;font-weight: 400;font-style: normal;font-variant: normal;text-decoration: none;vertical-align: baseline\">Eiwei\u00df<\/span><\/p>\n<\/td>\n<td style=\"vertical-align: top;padding: 0pt 5.75pt 0pt 5.75pt;overflow: hidden\">\n<p dir=\"ltr\" style=\"line-height: 1.3800000000000001;margin-top: 0pt;margin-bottom: 10pt\"><span style=\"font-size: 11pt;font-family: Cambria,serif;color: #000000;background-color: transparent;font-weight: 400;font-style: normal;font-variant: normal;text-decoration: none;vertical-align: baseline\">7,2 g<\/span><\/p>\n<\/td>\n<\/tr>\n<tr style=\"height: 0pt\">\n<td style=\"vertical-align: top;padding: 0pt 5.75pt 0pt 5.75pt;overflow: hidden\">\n<p dir=\"ltr\" style=\"line-height: 1.3800000000000001;margin-top: 0pt;margin-bottom: 10pt\"><span style=\"font-size: 11pt;font-family: Cambria,serif;color: #000000;background-color: transparent;font-weight: 400;font-style: normal;font-variant: normal;text-decoration: none;vertical-align: baseline\">Salz<\/span><\/p>\n<\/td>\n<td style=\"vertical-align: top;padding: 0pt 5.75pt 0pt 5.75pt;overflow: hidden\">\n<p dir=\"ltr\" style=\"line-height: 1.3800000000000001;margin-top: 0pt;margin-bottom: 10pt\"><span style=\"font-size: 11pt;font-family: Cambria,serif;color: #000000;background-color: transparent;font-weight: 400;font-style: normal;font-variant: normal;text-decoration: none;vertical-align: baseline\">0,25 g<\/span><\/p>\n<\/td>\n<\/tr>\n<\/tbody>\n<\/table>\n<\/div>\n<p>&nbsp;<\/p>","protected":false},"featured_media":1654,"comment_status":"open","ping_status":"closed","template":"","meta":{"_acf_changed":false,"inline_featured_image":false,"site-sidebar-layout":"default","site-content-layout":"","ast-site-content-layout":"","site-content-style":"default","site-sidebar-style":"default","ast-global-header-display":"","ast-banner-title-visibility":"","ast-main-header-display":"","ast-hfb-above-header-display":"","ast-hfb-below-header-display":"","ast-hfb-mobile-header-display":"","site-post-title":"","ast-breadcrumbs-content":"","ast-featured-img":"","footer-sml-layout":"","theme-transparent-header-meta":"","adv-header-id-meta":"","stick-header-meta":"","header-above-stick-meta":"","header-main-stick-meta":"","header-below-stick-meta":"","astra-migrate-meta-layouts":"default","ast-page-background-enabled":"default","ast-page-background-meta":{"desktop":{"background-color":"var(--ast-global-color-4)","background-image":"","background-repeat":"repeat","background-position":"center center","background-size":"auto","background-attachment":"scroll","background-type":"","background-media":"","overlay-type":"","overlay-color":"","overlay-opacity":"","overlay-gradient":""},"tablet":{"background-color":"","background-image":"","background-repeat":"repeat","background-position":"center center","background-size":"auto","background-attachment":"scroll","background-type":"","background-media":"","overlay-type":"","overlay-color":"","overlay-opacity":"","overlay-gradient":""},"mobile":{"background-color":"","background-image":"","background-repeat":"repeat","background-position":"center center","background-size":"auto","background-attachment":"scroll","background-type":"","background-media":"","overlay-type":"","overlay-color":"","overlay-opacity":"","overlay-gradient":""}},"ast-content-background-meta":{"desktop":{"background-color":"var(--ast-global-color-5)","background-image":"","background-repeat":"repeat","background-position":"center center","background-size":"auto","background-attachment":"scroll","background-type":"","background-media":"","overlay-type":"","overlay-color":"","overlay-opacity":"","overlay-gradient":""},"tablet":{"background-color":"var(--ast-global-color-5)","background-image":"","background-repeat":"repeat","background-position":"center center","background-size":"auto","background-attachment":"scroll","background-type":"","background-media":"","overlay-type":"","overlay-color":"","overlay-opacity":"","overlay-gradient":""},"mobile":{"background-color":"var(--ast-global-color-5)","background-image":"","background-repeat":"repeat","background-position":"center center","background-size":"auto","background-attachment":"scroll","background-type":"","background-media":"","overlay-type":"","overlay-color":"","overlay-opacity":"","overlay-gradient":""}}},"product_brand":[],"product_cat":[223,220],"product_tag":[],"class_list":{"0":"post-11095","1":"product","2":"type-product","3":"status-publish","4":"has-post-thumbnail","6":"product_cat-ueber-dem-mhd-trotzdem-gut","7":"product_cat-zweite-wahl-mhd-produkte","8":"desktop-align-left","9":"tablet-align-left","10":"mobile-align-left","12":"first","13":"instock","14":"taxable","15":"shipping-taxable","16":"purchasable","17":"product-type-simple"},"acf":[],"yoast_head":"<!-- This site is optimized with the Yoast SEO plugin v24.5 - https:\/\/yoast.com\/wordpress\/plugins\/seo\/ -->\n<title>MHD: 02.04.26 Milka Schokolade Haselnuss 90g - BringFlix<\/title>\n<meta name=\"robots\" content=\"index, follow, max-snippet:-1, max-image-preview:large, max-video-preview:-1\" \/>\n<link rel=\"canonical\" href=\"https:\/\/bringflix.shop\/en\/Produkte\/milka-schokolade-haselnuss-90g-2\/\" \/>\n<meta property=\"og:locale\" content=\"en_US\" \/>\n<meta property=\"og:type\" content=\"article\" \/>\n<meta property=\"og:title\" content=\"MHD: 02.04.26 Milka Schokolade Haselnuss 90g - BringFlix\" \/>\n<meta property=\"og:description\" content=\"Zutaten: Zucker, Kakaobutter, Kakaomasse, MAGERMILCHPULVER, HASELNUSSST\u00dcCKCHEN (9%), S\u00fcssmolkenpulver (aus MILCH), BUTTERREINFETT, Emulgator (SOJALECITHINE), HASELNUSSMASSE, Aroma.\u00a0 Allergene: MAGERMILCHPULVER, HASELNUSSST\u00dcCKCHEN, MILCH, BUTTERREINFETT, SOJALECITHINE, HASELNUSSMASSEEnth\u00e4lt: Soja und Sojaerzeugnisse. Haselnuss und Haselnusserzeugnisse. Milch und Milcherzeugnisse (einschlie\u00dflich Lactose). N\u00fcsse und Nusserzeugnisse. Kann enthalten: Weizen und Weizenerzeugnisse (glutenhaltiges Getreide). Glutenhaltiges Getreide und glutenhaltige Getreideerzeugnisse. KANN ENTHALTEN: N\u00e4hrwerte (je 100 g):     Energie  2.301 kJ\/552 kcal   Fett  34 g   &#8211; davon ges\u00e4ttigte Fetts\u00e4uren  17 g   Kohlenhydrate  52 g   &#8211; davon Zucker  51 g   Ballaststoffe  2,9 g   Eiwei\u00df  7,2 g   Salz  0,25 g   &nbsp;\" \/>\n<meta property=\"og:url\" content=\"https:\/\/bringflix.shop\/en\/Produkte\/milka-schokolade-haselnuss-90g-2\/\" \/>\n<meta property=\"og:site_name\" content=\"BringFlix\" \/>\n<meta property=\"article:modified_time\" content=\"2026-04-28T22:13:02+00:00\" \/>\n<meta property=\"og:image\" content=\"https:\/\/bringflix.shop\/wp-content\/uploads\/2024\/12\/127_copy_600x600.png\" \/>\n\t<meta property=\"og:image:width\" content=\"600\" \/>\n\t<meta property=\"og:image:height\" content=\"600\" \/>\n\t<meta property=\"og:image:type\" content=\"image\/png\" \/>\n<meta name=\"twitter:card\" content=\"summary_large_image\" \/>\n<script type=\"application\/ld+json\" class=\"yoast-schema-graph\">{\"@context\":\"https:\/\/schema.org\",\"@graph\":[{\"@type\":\"WebPage\",\"@id\":\"https:\/\/bringflix.shop\/Produkte\/milka-schokolade-haselnuss-90g-2\/\",\"url\":\"https:\/\/bringflix.shop\/Produkte\/milka-schokolade-haselnuss-90g-2\/\",\"name\":\"MHD: 02.04.26 Milka Schokolade Haselnuss 90g - BringFlix\",\"isPartOf\":{\"@id\":\"https:\/\/bringflix.shop\/#website\"},\"primaryImageOfPage\":{\"@id\":\"https:\/\/bringflix.shop\/Produkte\/milka-schokolade-haselnuss-90g-2\/#primaryimage\"},\"image\":{\"@id\":\"https:\/\/bringflix.shop\/Produkte\/milka-schokolade-haselnuss-90g-2\/#primaryimage\"},\"thumbnailUrl\":\"https:\/\/bringflix.shop\/wp-content\/uploads\/2024\/12\/127_copy_600x600.png\",\"datePublished\":\"2026-04-28T22:07:17+00:00\",\"dateModified\":\"2026-04-28T22:13:02+00:00\",\"breadcrumb\":{\"@id\":\"https:\/\/bringflix.shop\/Produkte\/milka-schokolade-haselnuss-90g-2\/#breadcrumb\"},\"inLanguage\":\"en-US\",\"potentialAction\":[{\"@type\":\"ReadAction\",\"target\":[\"https:\/\/bringflix.shop\/Produkte\/milka-schokolade-haselnuss-90g-2\/\"]}]},{\"@type\":\"ImageObject\",\"inLanguage\":\"en-US\",\"@id\":\"https:\/\/bringflix.shop\/Produkte\/milka-schokolade-haselnuss-90g-2\/#primaryimage\",\"url\":\"https:\/\/bringflix.shop\/wp-content\/uploads\/2024\/12\/127_copy_600x600.png\",\"contentUrl\":\"https:\/\/bringflix.shop\/wp-content\/uploads\/2024\/12\/127_copy_600x600.png\",\"width\":600,\"height\":600},{\"@type\":\"BreadcrumbList\",\"@id\":\"https:\/\/bringflix.shop\/Produkte\/milka-schokolade-haselnuss-90g-2\/#breadcrumb\",\"itemListElement\":[{\"@type\":\"ListItem\",\"position\":1,\"name\":\"Home\",\"item\":\"https:\/\/bringflix.shop\/\"},{\"@type\":\"ListItem\",\"position\":2,\"name\":\"Shop\",\"item\":\"https:\/\/bringflix.shop\/shop\/\"},{\"@type\":\"ListItem\",\"position\":3,\"name\":\"MHD: 02.04.26 Milka Schokolade Haselnuss 90g\"}]},{\"@type\":\"WebSite\",\"@id\":\"https:\/\/bringflix.shop\/#website\",\"url\":\"https:\/\/bringflix.shop\/\",\"name\":\"BringFlix\",\"description\":\"\",\"publisher\":{\"@id\":\"https:\/\/bringflix.shop\/#organization\"},\"potentialAction\":[{\"@type\":\"SearchAction\",\"target\":{\"@type\":\"EntryPoint\",\"urlTemplate\":\"https:\/\/bringflix.shop\/?s={search_term_string}\"},\"query-input\":{\"@type\":\"PropertyValueSpecification\",\"valueRequired\":true,\"valueName\":\"search_term_string\"}}],\"inLanguage\":\"en-US\"},{\"@type\":\"Organization\",\"@id\":\"https:\/\/bringflix.shop\/#organization\",\"name\":\"BringFlix\",\"url\":\"https:\/\/bringflix.shop\/\",\"logo\":{\"@type\":\"ImageObject\",\"inLanguage\":\"en-US\",\"@id\":\"https:\/\/bringflix.shop\/#\/schema\/logo\/image\/\",\"url\":\"https:\/\/bringflix.shop\/wp-content\/uploads\/2024\/11\/logo-bring-flix.png\",\"contentUrl\":\"https:\/\/bringflix.shop\/wp-content\/uploads\/2024\/11\/logo-bring-flix.png\",\"width\":858,\"height\":316,\"caption\":\"BringFlix\"},\"image\":{\"@id\":\"https:\/\/bringflix.shop\/#\/schema\/logo\/image\/\"}}]}<\/script>\n<!-- \/ Yoast SEO plugin. -->","yoast_head_json":{"title":"MHD: 02.04.26 Milka Schokolade Haselnuss 90g - BringFlix","robots":{"index":"index","follow":"follow","max-snippet":"max-snippet:-1","max-image-preview":"max-image-preview:large","max-video-preview":"max-video-preview:-1"},"canonical":"https:\/\/bringflix.shop\/en\/Produkte\/milka-schokolade-haselnuss-90g-2\/","og_locale":"en_US","og_type":"article","og_title":"MHD: 02.04.26 Milka Schokolade Haselnuss 90g - BringFlix","og_description":"Zutaten: Zucker, Kakaobutter, Kakaomasse, MAGERMILCHPULVER, HASELNUSSST\u00dcCKCHEN (9%), S\u00fcssmolkenpulver (aus MILCH), BUTTERREINFETT, Emulgator (SOJALECITHINE), HASELNUSSMASSE, Aroma.\u00a0 Allergene: MAGERMILCHPULVER, HASELNUSSST\u00dcCKCHEN, MILCH, BUTTERREINFETT, SOJALECITHINE, HASELNUSSMASSEEnth\u00e4lt: Soja und Sojaerzeugnisse. Haselnuss und Haselnusserzeugnisse. Milch und Milcherzeugnisse (einschlie\u00dflich Lactose). N\u00fcsse und Nusserzeugnisse. Kann enthalten: Weizen und Weizenerzeugnisse (glutenhaltiges Getreide). Glutenhaltiges Getreide und glutenhaltige Getreideerzeugnisse. KANN ENTHALTEN: N\u00e4hrwerte (je 100 g):     Energie  2.301 kJ\/552 kcal   Fett  34 g   &#8211; davon ges\u00e4ttigte Fetts\u00e4uren  17 g   Kohlenhydrate  52 g   &#8211; davon Zucker  51 g   Ballaststoffe  2,9 g   Eiwei\u00df  7,2 g   Salz  0,25 g   &nbsp;","og_url":"https:\/\/bringflix.shop\/en\/Produkte\/milka-schokolade-haselnuss-90g-2\/","og_site_name":"BringFlix","article_modified_time":"2026-04-28T22:13:02+00:00","og_image":[{"width":600,"height":600,"url":"https:\/\/bringflix.shop\/wp-content\/uploads\/2024\/12\/127_copy_600x600.png","type":"image\/png"}],"twitter_card":"summary_large_image","schema":{"@context":"https:\/\/schema.org","@graph":[{"@type":"WebPage","@id":"https:\/\/bringflix.shop\/Produkte\/milka-schokolade-haselnuss-90g-2\/","url":"https:\/\/bringflix.shop\/Produkte\/milka-schokolade-haselnuss-90g-2\/","name":"MHD: 02.04.26 Milka Schokolade Haselnuss 90g - BringFlix","isPartOf":{"@id":"https:\/\/bringflix.shop\/#website"},"primaryImageOfPage":{"@id":"https:\/\/bringflix.shop\/Produkte\/milka-schokolade-haselnuss-90g-2\/#primaryimage"},"image":{"@id":"https:\/\/bringflix.shop\/Produkte\/milka-schokolade-haselnuss-90g-2\/#primaryimage"},"thumbnailUrl":"https:\/\/bringflix.shop\/wp-content\/uploads\/2024\/12\/127_copy_600x600.png","datePublished":"2026-04-28T22:07:17+00:00","dateModified":"2026-04-28T22:13:02+00:00","breadcrumb":{"@id":"https:\/\/bringflix.shop\/Produkte\/milka-schokolade-haselnuss-90g-2\/#breadcrumb"},"inLanguage":"en-US","potentialAction":[{"@type":"ReadAction","target":["https:\/\/bringflix.shop\/Produkte\/milka-schokolade-haselnuss-90g-2\/"]}]},{"@type":"ImageObject","inLanguage":"en-US","@id":"https:\/\/bringflix.shop\/Produkte\/milka-schokolade-haselnuss-90g-2\/#primaryimage","url":"https:\/\/bringflix.shop\/wp-content\/uploads\/2024\/12\/127_copy_600x600.png","contentUrl":"https:\/\/bringflix.shop\/wp-content\/uploads\/2024\/12\/127_copy_600x600.png","width":600,"height":600},{"@type":"BreadcrumbList","@id":"https:\/\/bringflix.shop\/Produkte\/milka-schokolade-haselnuss-90g-2\/#breadcrumb","itemListElement":[{"@type":"ListItem","position":1,"name":"Home","item":"https:\/\/bringflix.shop\/"},{"@type":"ListItem","position":2,"name":"Shop","item":"https:\/\/bringflix.shop\/shop\/"},{"@type":"ListItem","position":3,"name":"MHD: 02.04.26 Milka Schokolade Haselnuss 90g"}]},{"@type":"WebSite","@id":"https:\/\/bringflix.shop\/#website","url":"https:\/\/bringflix.shop\/","name":"BringFlix","description":"","publisher":{"@id":"https:\/\/bringflix.shop\/#organization"},"potentialAction":[{"@type":"SearchAction","target":{"@type":"EntryPoint","urlTemplate":"https:\/\/bringflix.shop\/?s={search_term_string}"},"query-input":{"@type":"PropertyValueSpecification","valueRequired":true,"valueName":"search_term_string"}}],"inLanguage":"en-US"},{"@type":"Organization","@id":"https:\/\/bringflix.shop\/#organization","name":"BringFlix","url":"https:\/\/bringflix.shop\/","logo":{"@type":"ImageObject","inLanguage":"en-US","@id":"https:\/\/bringflix.shop\/#\/schema\/logo\/image\/","url":"https:\/\/bringflix.shop\/wp-content\/uploads\/2024\/11\/logo-bring-flix.png","contentUrl":"https:\/\/bringflix.shop\/wp-content\/uploads\/2024\/11\/logo-bring-flix.png","width":858,"height":316,"caption":"BringFlix"},"image":{"@id":"https:\/\/bringflix.shop\/#\/schema\/logo\/image\/"}}]}},"jetpack_sharing_enabled":true,"_links":{"self":[{"href":"https:\/\/bringflix.shop\/en\/wp-json\/wp\/v2\/product\/11095","targetHints":{"allow":["GET"]}}],"collection":[{"href":"https:\/\/bringflix.shop\/en\/wp-json\/wp\/v2\/product"}],"about":[{"href":"https:\/\/bringflix.shop\/en\/wp-json\/wp\/v2\/types\/product"}],"replies":[{"embeddable":true,"href":"https:\/\/bringflix.shop\/en\/wp-json\/wp\/v2\/comments?post=11095"}],"wp:featuredmedia":[{"embeddable":true,"href":"https:\/\/bringflix.shop\/en\/wp-json\/wp\/v2\/media\/1654"}],"wp:attachment":[{"href":"https:\/\/bringflix.shop\/en\/wp-json\/wp\/v2\/media?parent=11095"}],"wp:term":[{"taxonomy":"product_brand","embeddable":true,"href":"https:\/\/bringflix.shop\/en\/wp-json\/wp\/v2\/product_brand?post=11095"},{"taxonomy":"product_cat","embeddable":true,"href":"https:\/\/bringflix.shop\/en\/wp-json\/wp\/v2\/product_cat?post=11095"},{"taxonomy":"product_tag","embeddable":true,"href":"https:\/\/bringflix.shop\/en\/wp-json\/wp\/v2\/product_tag?post=11095"}],"curies":[{"name":"wp","href":"https:\/\/api.w.org\/{rel}","templated":true}]}}