{"id":11094,"date":"2026-04-29T00:02:28","date_gmt":"2026-04-28T22:02:28","guid":{"rendered":"https:\/\/bringflix.shop\/?post_type=product&#038;p=11094"},"modified":"2026-04-29T23:26:58","modified_gmt":"2026-04-29T21:26:58","slug":"haribo-pico-balla-sauer-160g","status":"publish","type":"product","link":"https:\/\/bringflix.shop\/en\/Produkte\/haribo-pico-balla-sauer-160g\/","title":{"rendered":"Haribo Pico-Balla Sauer 160g"},"content":{"rendered":"<h3>Bezeichnung:<\/h3>\n<div class=\"pdpr-RegulatedProductName\">\n<p>Fruchtgummi-Konfekt<\/p>\n<\/div>\n<h3>Herkunft:<\/h3>\n<p>Deutschland<\/p>\n<h3>Konservierung und Lagerung:<\/h3>\n<p>Vor W\u00e4rme und Feuchtigkeit sch\u00fctzen.<\/p>\n<h3>Hersteller-\/ Inverkehrbringer:<\/h3>\n<p>Haribo GmbH &amp; Co. KG, D-53105 Bonn<\/p>","protected":false},"excerpt":{"rendered":"<h3><b>Zutaten Und <\/b>Allergene<b>:<\/b><\/h3>\n<p>Zucker; Glukosesirup; St\u00e4rke; Feuchthaltemittel: Sorbitsirup, Sorbit; WEIZENMEHL; Dextrose; Palmfett; WEIZENST\u00c4RKE; S\u00e4uerungsmittel: Citronens\u00e4ure, \u00c4pfels\u00e4ure; Emulgatoren: Mono- und Diglyceride von Speisefetts\u00e4uren, Citronens\u00e4ureester von Mono- und Diglyceriden von Speisefetts\u00e4uren; S\u00e4ureregulatoren: Natriumhydrogenmalat, Trinatriumcitrat; Geliermittel: Carrageen; Aroma; Frucht- und Pflanzenkonzentrate: Rettich, Apfel, Spirulina, Schwarze Johannisbeere, Holunderbeere, Aronia, Traube; Holunderbeerextrakt; Farbstoffe: Kurkumin, Kupferkomplexe der Chlorophylline. Kann Spuren von MILCH enthalten.<\/p>\n<h3>N\u00e4hrwerte (je 100 g):<\/h3>\n<table class=\"pdsr-Table pdpr-NutritionTableDaily__Table\">\n<thead>\n<tr class=\"pdsr-Table--Row\">\n<th scope=\"col\">N\u00e4hrwerte<\/th>\n<th scope=\"col\">pro 100 g<\/th>\n<\/tr>\n<\/thead>\n<tbody>\n<tr class=\"pdsr-Table--Row\">\n<td class=\"pdsr-Table--Cell--Highlight\">Energie<\/td>\n<td>1.560 kJ<\/td>\n<\/tr>\n<tr class=\"pdsr-Table--Row\">\n<td class=\"pdsr-Table--Cell--Highlight\">Energie<\/td>\n<td>369 kcal<\/td>\n<\/tr>\n<tr class=\"pdsr-Table--Row\">\n<td class=\"pdsr-Table--Cell--Highlight\">Fett<\/td>\n<td>3,7 g<\/td>\n<\/tr>\n<tr class=\"pdsr-Table--Row\">\n<td class=\"pdsr-Table--Cell--Highlight\">Fett, davon ges\u00e4ttigte Fetts\u00e4uren<\/td>\n<td>2,3 g<\/td>\n<\/tr>\n<tr class=\"pdsr-Table--Row\">\n<td class=\"pdsr-Table--Cell--Highlight\">Kohlenhydrate<\/td>\n<td>85 g<\/td>\n<\/tr>\n<tr class=\"pdsr-Table--Row\">\n<td class=\"pdsr-Table--Cell--Highlight\">Kohlenhydrate, davon Zucker<\/td>\n<td>64 g<\/td>\n<\/tr>\n<tr class=\"pdsr-Table--Row\">\n<td class=\"pdsr-Table--Cell--Highlight\">Eiwei\u00df<\/td>\n<td>&lt; 0,5 g<\/td>\n<\/tr>\n<tr class=\"pdsr-Table--Row\">\n<td class=\"pdsr-Table--Cell--Highlight\">Salz<\/td>\n<td>0,4 g<\/td>\n<\/tr>\n<\/tbody>\n<\/table>","protected":false},"featured_media":11120,"comment_status":"open","ping_status":"closed","template":"","meta":{"_acf_changed":false,"inline_featured_image":false,"site-sidebar-layout":"default","site-content-layout":"","ast-site-content-layout":"default","site-content-style":"default","site-sidebar-style":"default","ast-global-header-display":"","ast-banner-title-visibility":"","ast-main-header-display":"","ast-hfb-above-header-display":"","ast-hfb-below-header-display":"","ast-hfb-mobile-header-display":"","site-post-title":"","ast-breadcrumbs-content":"","ast-featured-img":"","footer-sml-layout":"","theme-transparent-header-meta":"default","adv-header-id-meta":"","stick-header-meta":"","header-above-stick-meta":"","header-main-stick-meta":"","header-below-stick-meta":"","astra-migrate-meta-layouts":"set","ast-page-background-enabled":"default","ast-page-background-meta":{"desktop":{"background-color":"var(--ast-global-color-4)","background-image":"","background-repeat":"repeat","background-position":"center center","background-size":"auto","background-attachment":"scroll","background-type":"","background-media":"","overlay-type":"","overlay-color":"","overlay-opacity":"","overlay-gradient":""},"tablet":{"background-color":"","background-image":"","background-repeat":"repeat","background-position":"center center","background-size":"auto","background-attachment":"scroll","background-type":"","background-media":"","overlay-type":"","overlay-color":"","overlay-opacity":"","overlay-gradient":""},"mobile":{"background-color":"","background-image":"","background-repeat":"repeat","background-position":"center center","background-size":"auto","background-attachment":"scroll","background-type":"","background-media":"","overlay-type":"","overlay-color":"","overlay-opacity":"","overlay-gradient":""}},"ast-content-background-meta":{"desktop":{"background-color":"var(--ast-global-color-5)","background-image":"","background-repeat":"repeat","background-position":"center center","background-size":"auto","background-attachment":"scroll","background-type":"","background-media":"","overlay-type":"","overlay-color":"","overlay-opacity":"","overlay-gradient":""},"tablet":{"background-color":"var(--ast-global-color-5)","background-image":"","background-repeat":"repeat","background-position":"center center","background-size":"auto","background-attachment":"scroll","background-type":"","background-media":"","overlay-type":"","overlay-color":"","overlay-opacity":"","overlay-gradient":""},"mobile":{"background-color":"var(--ast-global-color-5)","background-image":"","background-repeat":"repeat","background-position":"center center","background-size":"auto","background-attachment":"scroll","background-type":"","background-media":"","overlay-type":"","overlay-color":"","overlay-opacity":"","overlay-gradient":""}}},"product_brand":[],"product_cat":[42,39],"product_tag":[],"class_list":{"0":"post-11094","1":"product","2":"type-product","3":"status-publish","4":"has-post-thumbnail","6":"product_cat-fruchtgummi-lakritz","7":"product_cat-suesse-salzige-snacks","8":"desktop-align-left","9":"tablet-align-left","10":"mobile-align-left","12":"first","13":"instock","14":"taxable","15":"shipping-taxable","16":"purchasable","17":"product-type-simple"},"acf":[],"yoast_head":"<!-- This site is optimized with the Yoast SEO plugin v24.5 - https:\/\/yoast.com\/wordpress\/plugins\/seo\/ -->\n<title>Haribo Pico-Balla Sauer 160g - BringFlix<\/title>\n<meta name=\"robots\" content=\"index, follow, max-snippet:-1, max-image-preview:large, max-video-preview:-1\" \/>\n<link rel=\"canonical\" href=\"https:\/\/bringflix.shop\/en\/Produkte\/haribo-pico-balla-sauer-160g\/\" \/>\n<meta property=\"og:locale\" content=\"en_US\" \/>\n<meta property=\"og:type\" content=\"article\" \/>\n<meta property=\"og:title\" content=\"Haribo Pico-Balla Sauer 160g - BringFlix\" \/>\n<meta property=\"og:description\" content=\"Zutaten Und Allergene: Zucker; Glukosesirup; St\u00e4rke; Feuchthaltemittel: Sorbitsirup, Sorbit; WEIZENMEHL; Dextrose; Palmfett; WEIZENST\u00c4RKE; S\u00e4uerungsmittel: Citronens\u00e4ure, \u00c4pfels\u00e4ure; Emulgatoren: Mono- und Diglyceride von Speisefetts\u00e4uren, Citronens\u00e4ureester von Mono- und Diglyceriden von Speisefetts\u00e4uren; S\u00e4ureregulatoren: Natriumhydrogenmalat, Trinatriumcitrat; Geliermittel: Carrageen; Aroma; Frucht- und Pflanzenkonzentrate: Rettich, Apfel, Spirulina, Schwarze Johannisbeere, Holunderbeere, Aronia, Traube; Holunderbeerextrakt; Farbstoffe: Kurkumin, Kupferkomplexe der Chlorophylline. Kann Spuren von MILCH enthalten. N\u00e4hrwerte (je 100 g):    N\u00e4hrwerte pro 100 g     Energie 1.560 kJ   Energie 369 kcal   Fett 3,7 g   Fett, davon ges\u00e4ttigte Fetts\u00e4uren 2,3 g   Kohlenhydrate 85 g   Kohlenhydrate, davon Zucker 64 g   Eiwei\u00df &lt; 0,5 g   Salz 0,4 g\" \/>\n<meta property=\"og:url\" content=\"https:\/\/bringflix.shop\/en\/Produkte\/haribo-pico-balla-sauer-160g\/\" \/>\n<meta property=\"og:site_name\" content=\"BringFlix\" \/>\n<meta property=\"article:modified_time\" content=\"2026-04-29T21:26:58+00:00\" \/>\n<meta name=\"twitter:card\" content=\"summary_large_image\" \/>\n<meta name=\"twitter:label1\" content=\"Est. reading time\" \/>\n\t<meta name=\"twitter:data1\" content=\"1 minute\" \/>\n<script type=\"application\/ld+json\" class=\"yoast-schema-graph\">{\"@context\":\"https:\/\/schema.org\",\"@graph\":[{\"@type\":\"WebPage\",\"@id\":\"https:\/\/bringflix.shop\/Produkte\/haribo-pico-balla-sauer-160g\/\",\"url\":\"https:\/\/bringflix.shop\/Produkte\/haribo-pico-balla-sauer-160g\/\",\"name\":\"Haribo Pico-Balla Sauer 160g - BringFlix\",\"isPartOf\":{\"@id\":\"https:\/\/bringflix.shop\/#website\"},\"primaryImageOfPage\":{\"@id\":\"https:\/\/bringflix.shop\/Produkte\/haribo-pico-balla-sauer-160g\/#primaryimage\"},\"image\":{\"@id\":\"https:\/\/bringflix.shop\/Produkte\/haribo-pico-balla-sauer-160g\/#primaryimage\"},\"thumbnailUrl\":\"https:\/\/bringflix.shop\/wp-content\/uploads\/2026\/04\/1000123597.png\",\"datePublished\":\"2026-04-28T22:02:28+00:00\",\"dateModified\":\"2026-04-29T21:26:58+00:00\",\"breadcrumb\":{\"@id\":\"https:\/\/bringflix.shop\/Produkte\/haribo-pico-balla-sauer-160g\/#breadcrumb\"},\"inLanguage\":\"en-US\",\"potentialAction\":[{\"@type\":\"ReadAction\",\"target\":[\"https:\/\/bringflix.shop\/Produkte\/haribo-pico-balla-sauer-160g\/\"]}]},{\"@type\":\"ImageObject\",\"inLanguage\":\"en-US\",\"@id\":\"https:\/\/bringflix.shop\/Produkte\/haribo-pico-balla-sauer-160g\/#primaryimage\",\"url\":\"https:\/\/bringflix.shop\/wp-content\/uploads\/2026\/04\/1000123597.png\",\"contentUrl\":\"https:\/\/bringflix.shop\/wp-content\/uploads\/2026\/04\/1000123597.png\",\"width\":1000,\"height\":1000},{\"@type\":\"BreadcrumbList\",\"@id\":\"https:\/\/bringflix.shop\/Produkte\/haribo-pico-balla-sauer-160g\/#breadcrumb\",\"itemListElement\":[{\"@type\":\"ListItem\",\"position\":1,\"name\":\"Home\",\"item\":\"https:\/\/bringflix.shop\/\"},{\"@type\":\"ListItem\",\"position\":2,\"name\":\"Shop\",\"item\":\"https:\/\/bringflix.shop\/shop\/\"},{\"@type\":\"ListItem\",\"position\":3,\"name\":\"Haribo Pico-Balla Sauer 160g\"}]},{\"@type\":\"WebSite\",\"@id\":\"https:\/\/bringflix.shop\/#website\",\"url\":\"https:\/\/bringflix.shop\/\",\"name\":\"BringFlix\",\"description\":\"\",\"publisher\":{\"@id\":\"https:\/\/bringflix.shop\/#organization\"},\"potentialAction\":[{\"@type\":\"SearchAction\",\"target\":{\"@type\":\"EntryPoint\",\"urlTemplate\":\"https:\/\/bringflix.shop\/?s={search_term_string}\"},\"query-input\":{\"@type\":\"PropertyValueSpecification\",\"valueRequired\":true,\"valueName\":\"search_term_string\"}}],\"inLanguage\":\"en-US\"},{\"@type\":\"Organization\",\"@id\":\"https:\/\/bringflix.shop\/#organization\",\"name\":\"BringFlix\",\"url\":\"https:\/\/bringflix.shop\/\",\"logo\":{\"@type\":\"ImageObject\",\"inLanguage\":\"en-US\",\"@id\":\"https:\/\/bringflix.shop\/#\/schema\/logo\/image\/\",\"url\":\"https:\/\/bringflix.shop\/wp-content\/uploads\/2024\/11\/logo-bring-flix.png\",\"contentUrl\":\"https:\/\/bringflix.shop\/wp-content\/uploads\/2024\/11\/logo-bring-flix.png\",\"width\":858,\"height\":316,\"caption\":\"BringFlix\"},\"image\":{\"@id\":\"https:\/\/bringflix.shop\/#\/schema\/logo\/image\/\"}}]}<\/script>\n<!-- \/ Yoast SEO plugin. -->","yoast_head_json":{"title":"Haribo Pico-Balla Sauer 160g - BringFlix","robots":{"index":"index","follow":"follow","max-snippet":"max-snippet:-1","max-image-preview":"max-image-preview:large","max-video-preview":"max-video-preview:-1"},"canonical":"https:\/\/bringflix.shop\/en\/Produkte\/haribo-pico-balla-sauer-160g\/","og_locale":"en_US","og_type":"article","og_title":"Haribo Pico-Balla Sauer 160g - BringFlix","og_description":"Zutaten Und Allergene: Zucker; Glukosesirup; St\u00e4rke; Feuchthaltemittel: Sorbitsirup, Sorbit; WEIZENMEHL; Dextrose; Palmfett; WEIZENST\u00c4RKE; S\u00e4uerungsmittel: Citronens\u00e4ure, \u00c4pfels\u00e4ure; Emulgatoren: Mono- und Diglyceride von Speisefetts\u00e4uren, Citronens\u00e4ureester von Mono- und Diglyceriden von Speisefetts\u00e4uren; S\u00e4ureregulatoren: Natriumhydrogenmalat, Trinatriumcitrat; Geliermittel: Carrageen; Aroma; Frucht- und Pflanzenkonzentrate: Rettich, Apfel, Spirulina, Schwarze Johannisbeere, Holunderbeere, Aronia, Traube; Holunderbeerextrakt; Farbstoffe: Kurkumin, Kupferkomplexe der Chlorophylline. Kann Spuren von MILCH enthalten. N\u00e4hrwerte (je 100 g):    N\u00e4hrwerte pro 100 g     Energie 1.560 kJ   Energie 369 kcal   Fett 3,7 g   Fett, davon ges\u00e4ttigte Fetts\u00e4uren 2,3 g   Kohlenhydrate 85 g   Kohlenhydrate, davon Zucker 64 g   Eiwei\u00df &lt; 0,5 g   Salz 0,4 g","og_url":"https:\/\/bringflix.shop\/en\/Produkte\/haribo-pico-balla-sauer-160g\/","og_site_name":"BringFlix","article_modified_time":"2026-04-29T21:26:58+00:00","twitter_card":"summary_large_image","twitter_misc":{"Est. reading time":"1 minute"},"schema":{"@context":"https:\/\/schema.org","@graph":[{"@type":"WebPage","@id":"https:\/\/bringflix.shop\/Produkte\/haribo-pico-balla-sauer-160g\/","url":"https:\/\/bringflix.shop\/Produkte\/haribo-pico-balla-sauer-160g\/","name":"Haribo Pico-Balla Sauer 160g - BringFlix","isPartOf":{"@id":"https:\/\/bringflix.shop\/#website"},"primaryImageOfPage":{"@id":"https:\/\/bringflix.shop\/Produkte\/haribo-pico-balla-sauer-160g\/#primaryimage"},"image":{"@id":"https:\/\/bringflix.shop\/Produkte\/haribo-pico-balla-sauer-160g\/#primaryimage"},"thumbnailUrl":"https:\/\/bringflix.shop\/wp-content\/uploads\/2026\/04\/1000123597.png","datePublished":"2026-04-28T22:02:28+00:00","dateModified":"2026-04-29T21:26:58+00:00","breadcrumb":{"@id":"https:\/\/bringflix.shop\/Produkte\/haribo-pico-balla-sauer-160g\/#breadcrumb"},"inLanguage":"en-US","potentialAction":[{"@type":"ReadAction","target":["https:\/\/bringflix.shop\/Produkte\/haribo-pico-balla-sauer-160g\/"]}]},{"@type":"ImageObject","inLanguage":"en-US","@id":"https:\/\/bringflix.shop\/Produkte\/haribo-pico-balla-sauer-160g\/#primaryimage","url":"https:\/\/bringflix.shop\/wp-content\/uploads\/2026\/04\/1000123597.png","contentUrl":"https:\/\/bringflix.shop\/wp-content\/uploads\/2026\/04\/1000123597.png","width":1000,"height":1000},{"@type":"BreadcrumbList","@id":"https:\/\/bringflix.shop\/Produkte\/haribo-pico-balla-sauer-160g\/#breadcrumb","itemListElement":[{"@type":"ListItem","position":1,"name":"Home","item":"https:\/\/bringflix.shop\/"},{"@type":"ListItem","position":2,"name":"Shop","item":"https:\/\/bringflix.shop\/shop\/"},{"@type":"ListItem","position":3,"name":"Haribo Pico-Balla Sauer 160g"}]},{"@type":"WebSite","@id":"https:\/\/bringflix.shop\/#website","url":"https:\/\/bringflix.shop\/","name":"BringFlix","description":"","publisher":{"@id":"https:\/\/bringflix.shop\/#organization"},"potentialAction":[{"@type":"SearchAction","target":{"@type":"EntryPoint","urlTemplate":"https:\/\/bringflix.shop\/?s={search_term_string}"},"query-input":{"@type":"PropertyValueSpecification","valueRequired":true,"valueName":"search_term_string"}}],"inLanguage":"en-US"},{"@type":"Organization","@id":"https:\/\/bringflix.shop\/#organization","name":"BringFlix","url":"https:\/\/bringflix.shop\/","logo":{"@type":"ImageObject","inLanguage":"en-US","@id":"https:\/\/bringflix.shop\/#\/schema\/logo\/image\/","url":"https:\/\/bringflix.shop\/wp-content\/uploads\/2024\/11\/logo-bring-flix.png","contentUrl":"https:\/\/bringflix.shop\/wp-content\/uploads\/2024\/11\/logo-bring-flix.png","width":858,"height":316,"caption":"BringFlix"},"image":{"@id":"https:\/\/bringflix.shop\/#\/schema\/logo\/image\/"}}]}},"jetpack_sharing_enabled":true,"_links":{"self":[{"href":"https:\/\/bringflix.shop\/en\/wp-json\/wp\/v2\/product\/11094","targetHints":{"allow":["GET"]}}],"collection":[{"href":"https:\/\/bringflix.shop\/en\/wp-json\/wp\/v2\/product"}],"about":[{"href":"https:\/\/bringflix.shop\/en\/wp-json\/wp\/v2\/types\/product"}],"replies":[{"embeddable":true,"href":"https:\/\/bringflix.shop\/en\/wp-json\/wp\/v2\/comments?post=11094"}],"wp:featuredmedia":[{"embeddable":true,"href":"https:\/\/bringflix.shop\/en\/wp-json\/wp\/v2\/media\/11120"}],"wp:attachment":[{"href":"https:\/\/bringflix.shop\/en\/wp-json\/wp\/v2\/media?parent=11094"}],"wp:term":[{"taxonomy":"product_brand","embeddable":true,"href":"https:\/\/bringflix.shop\/en\/wp-json\/wp\/v2\/product_brand?post=11094"},{"taxonomy":"product_cat","embeddable":true,"href":"https:\/\/bringflix.shop\/en\/wp-json\/wp\/v2\/product_cat?post=11094"},{"taxonomy":"product_tag","embeddable":true,"href":"https:\/\/bringflix.shop\/en\/wp-json\/wp\/v2\/product_tag?post=11094"}],"curies":[{"name":"wp","href":"https:\/\/api.w.org\/{rel}","templated":true}]}}