{"id":11091,"date":"2026-04-28T23:26:19","date_gmt":"2026-04-28T21:26:19","guid":{"rendered":"https:\/\/bringflix.shop\/?post_type=product&#038;p=11091"},"modified":"2026-04-28T23:46:23","modified_gmt":"2026-04-28T21:46:23","slug":"ritter-sport-schokolade-knusperflakes-100g","status":"publish","type":"product","link":"https:\/\/bringflix.shop\/en\/Produkte\/ritter-sport-schokolade-knusperflakes-100g\/","title":{"rendered":"Ritter Sport Schokolade Knusperflakes 100g"},"content":{"rendered":"<h3><b>Bezeichnung:<\/b><\/h3>\n<div class=\"pdpr-RegulatedProductName\">\n<p>Vollmilchschokolade mit Cornflakes (12 %).<\/p>\n<\/div>\n<h3><b>Herkunft:<\/b><\/h3>\n<p>Deutschland<\/p>\n<h3><b>Konservierung und Lagerung:<\/b><\/h3>\n<p>Vor W\u00e4rme und Feuchtigkeit sch\u00fctzen.<\/p>\n<h3><b>Hersteller-\/Inverkehrbringer:<\/b><\/h3>\n<p>Alfred Ritter GmbH &amp; Co. KG, D-71111 Waldenbuch, Deutschland<\/p>","protected":false},"excerpt":{"rendered":"<h3><b>Zutaten Und <\/b>Allergene<b>:<\/b><\/h3>\n<p>Zucker, Kakaomasse\u00b9, Kakaobutter\u00b9, Mais (11 %), VollMILCHpulver, LAKTOSE, MagerMILCHpulver, BUTTERreinfett, Emulgator: Lecithine (SOJA), Salz, GERSTEnmalzextrakt.<\/p>\n<h3><b>N\u00e4hrwerte (je 100 g):<\/b><\/h3>\n<table class=\"pdsr-Table pdpr-NutritionTableDaily__Table\">\n<thead>\n<tr class=\"pdsr-Table--Row\">\n<th scope=\"col\">N\u00e4hrwerte<\/th>\n<th scope=\"col\">pro 100 g<\/th>\n<\/tr>\n<\/thead>\n<tbody>\n<tr class=\"pdsr-Table--Row\">\n<td class=\"pdsr-Table--Cell--Highlight\">Energie<\/td>\n<td>2.144 kJ<\/td>\n<\/tr>\n<tr class=\"pdsr-Table--Row\">\n<td class=\"pdsr-Table--Cell--Highlight\">Energie<\/td>\n<td>513 kcal<\/td>\n<\/tr>\n<tr class=\"pdsr-Table--Row\">\n<td class=\"pdsr-Table--Cell--Highlight\">Fett<\/td>\n<td>26 g<\/td>\n<\/tr>\n<tr class=\"pdsr-Table--Row\">\n<td class=\"pdsr-Table--Cell--Highlight\">Fett, davon ges\u00e4ttigte Fetts\u00e4uren<\/td>\n<td>14 g<\/td>\n<\/tr>\n<tr class=\"pdsr-Table--Row\">\n<td class=\"pdsr-Table--Cell--Highlight\">Kohlenhydrate<\/td>\n<td>60 g<\/td>\n<\/tr>\n<tr class=\"pdsr-Table--Row\">\n<td class=\"pdsr-Table--Cell--Highlight\">Kohlenhydrate, davon Zucker<\/td>\n<td>50 g<\/td>\n<\/tr>\n<tr class=\"pdsr-Table--Row\">\n<td class=\"pdsr-Table--Cell--Highlight\">Eiwei\u00df<\/td>\n<td>6,7 g<\/td>\n<\/tr>\n<tr class=\"pdsr-Table--Row\">\n<td class=\"pdsr-Table--Cell--Highlight\">Salz<\/td>\n<td>0,42 g<\/td>\n<\/tr>\n<\/tbody>\n<\/table>\n<p>&nbsp;<\/p>","protected":false},"featured_media":0,"comment_status":"open","ping_status":"closed","template":"","meta":{"_acf_changed":false,"inline_featured_image":false,"site-sidebar-layout":"default","site-content-layout":"","ast-site-content-layout":"default","site-content-style":"default","site-sidebar-style":"default","ast-global-header-display":"","ast-banner-title-visibility":"","ast-main-header-display":"","ast-hfb-above-header-display":"","ast-hfb-below-header-display":"","ast-hfb-mobile-header-display":"","site-post-title":"","ast-breadcrumbs-content":"","ast-featured-img":"","footer-sml-layout":"","theme-transparent-header-meta":"default","adv-header-id-meta":"","stick-header-meta":"","header-above-stick-meta":"","header-main-stick-meta":"","header-below-stick-meta":"","astra-migrate-meta-layouts":"set","ast-page-background-enabled":"default","ast-page-background-meta":{"desktop":{"background-color":"var(--ast-global-color-4)","background-image":"","background-repeat":"repeat","background-position":"center center","background-size":"auto","background-attachment":"scroll","background-type":"","background-media":"","overlay-type":"","overlay-color":"","overlay-opacity":"","overlay-gradient":""},"tablet":{"background-color":"","background-image":"","background-repeat":"repeat","background-position":"center center","background-size":"auto","background-attachment":"scroll","background-type":"","background-media":"","overlay-type":"","overlay-color":"","overlay-opacity":"","overlay-gradient":""},"mobile":{"background-color":"","background-image":"","background-repeat":"repeat","background-position":"center center","background-size":"auto","background-attachment":"scroll","background-type":"","background-media":"","overlay-type":"","overlay-color":"","overlay-opacity":"","overlay-gradient":""}},"ast-content-background-meta":{"desktop":{"background-color":"var(--ast-global-color-5)","background-image":"","background-repeat":"repeat","background-position":"center center","background-size":"auto","background-attachment":"scroll","background-type":"","background-media":"","overlay-type":"","overlay-color":"","overlay-opacity":"","overlay-gradient":""},"tablet":{"background-color":"var(--ast-global-color-5)","background-image":"","background-repeat":"repeat","background-position":"center center","background-size":"auto","background-attachment":"scroll","background-type":"","background-media":"","overlay-type":"","overlay-color":"","overlay-opacity":"","overlay-gradient":""},"mobile":{"background-color":"var(--ast-global-color-5)","background-image":"","background-repeat":"repeat","background-position":"center center","background-size":"auto","background-attachment":"scroll","background-type":"","background-media":"","overlay-type":"","overlay-color":"","overlay-opacity":"","overlay-gradient":""}}},"product_brand":[],"product_cat":[40,39],"product_tag":[],"class_list":{"0":"post-11091","1":"product","2":"type-product","3":"status-publish","5":"product_cat-schokolade","6":"product_cat-suesse-salzige-snacks","7":"desktop-align-left","8":"tablet-align-left","9":"mobile-align-left","11":"first","12":"instock","13":"taxable","14":"shipping-taxable","15":"purchasable","16":"product-type-simple"},"acf":[],"yoast_head":"<!-- This site is optimized with the Yoast SEO plugin v24.5 - https:\/\/yoast.com\/wordpress\/plugins\/seo\/ -->\n<title>Ritter Sport Schokolade Knusperflakes 100g - BringFlix<\/title>\n<meta name=\"robots\" content=\"index, follow, max-snippet:-1, max-image-preview:large, max-video-preview:-1\" \/>\n<link rel=\"canonical\" href=\"https:\/\/bringflix.shop\/en\/Produkte\/ritter-sport-schokolade-knusperflakes-100g\/\" \/>\n<meta property=\"og:locale\" content=\"en_US\" \/>\n<meta property=\"og:type\" content=\"article\" \/>\n<meta property=\"og:title\" content=\"Ritter Sport Schokolade Knusperflakes 100g - BringFlix\" \/>\n<meta property=\"og:description\" content=\"Zutaten Und Allergene: Zucker, Kakaomasse\u00b9, Kakaobutter\u00b9, Mais (11 %), VollMILCHpulver, LAKTOSE, MagerMILCHpulver, BUTTERreinfett, Emulgator: Lecithine (SOJA), Salz, GERSTEnmalzextrakt. N\u00e4hrwerte (je 100 g):    N\u00e4hrwerte pro 100 g     Energie 2.144 kJ   Energie 513 kcal   Fett 26 g   Fett, davon ges\u00e4ttigte Fetts\u00e4uren 14 g   Kohlenhydrate 60 g   Kohlenhydrate, davon Zucker 50 g   Eiwei\u00df 6,7 g   Salz 0,42 g    &nbsp;\" \/>\n<meta property=\"og:url\" content=\"https:\/\/bringflix.shop\/en\/Produkte\/ritter-sport-schokolade-knusperflakes-100g\/\" \/>\n<meta property=\"og:site_name\" content=\"BringFlix\" \/>\n<meta property=\"article:modified_time\" content=\"2026-04-28T21:46:23+00:00\" \/>\n<meta name=\"twitter:card\" content=\"summary_large_image\" \/>\n<meta name=\"twitter:label1\" content=\"Est. reading time\" \/>\n\t<meta name=\"twitter:data1\" content=\"1 minute\" \/>\n<script type=\"application\/ld+json\" class=\"yoast-schema-graph\">{\"@context\":\"https:\/\/schema.org\",\"@graph\":[{\"@type\":\"WebPage\",\"@id\":\"https:\/\/bringflix.shop\/Produkte\/ritter-sport-schokolade-knusperflakes-100g\/\",\"url\":\"https:\/\/bringflix.shop\/Produkte\/ritter-sport-schokolade-knusperflakes-100g\/\",\"name\":\"Ritter Sport Schokolade Knusperflakes 100g - BringFlix\",\"isPartOf\":{\"@id\":\"https:\/\/bringflix.shop\/#website\"},\"datePublished\":\"2026-04-28T21:26:19+00:00\",\"dateModified\":\"2026-04-28T21:46:23+00:00\",\"breadcrumb\":{\"@id\":\"https:\/\/bringflix.shop\/Produkte\/ritter-sport-schokolade-knusperflakes-100g\/#breadcrumb\"},\"inLanguage\":\"en-US\",\"potentialAction\":[{\"@type\":\"ReadAction\",\"target\":[\"https:\/\/bringflix.shop\/Produkte\/ritter-sport-schokolade-knusperflakes-100g\/\"]}]},{\"@type\":\"BreadcrumbList\",\"@id\":\"https:\/\/bringflix.shop\/Produkte\/ritter-sport-schokolade-knusperflakes-100g\/#breadcrumb\",\"itemListElement\":[{\"@type\":\"ListItem\",\"position\":1,\"name\":\"Home\",\"item\":\"https:\/\/bringflix.shop\/\"},{\"@type\":\"ListItem\",\"position\":2,\"name\":\"Shop\",\"item\":\"https:\/\/bringflix.shop\/shop\/\"},{\"@type\":\"ListItem\",\"position\":3,\"name\":\"Ritter Sport Schokolade Knusperflakes 100g\"}]},{\"@type\":\"WebSite\",\"@id\":\"https:\/\/bringflix.shop\/#website\",\"url\":\"https:\/\/bringflix.shop\/\",\"name\":\"BringFlix\",\"description\":\"\",\"publisher\":{\"@id\":\"https:\/\/bringflix.shop\/#organization\"},\"potentialAction\":[{\"@type\":\"SearchAction\",\"target\":{\"@type\":\"EntryPoint\",\"urlTemplate\":\"https:\/\/bringflix.shop\/?s={search_term_string}\"},\"query-input\":{\"@type\":\"PropertyValueSpecification\",\"valueRequired\":true,\"valueName\":\"search_term_string\"}}],\"inLanguage\":\"en-US\"},{\"@type\":\"Organization\",\"@id\":\"https:\/\/bringflix.shop\/#organization\",\"name\":\"BringFlix\",\"url\":\"https:\/\/bringflix.shop\/\",\"logo\":{\"@type\":\"ImageObject\",\"inLanguage\":\"en-US\",\"@id\":\"https:\/\/bringflix.shop\/#\/schema\/logo\/image\/\",\"url\":\"https:\/\/bringflix.shop\/wp-content\/uploads\/2024\/11\/logo-bring-flix.png\",\"contentUrl\":\"https:\/\/bringflix.shop\/wp-content\/uploads\/2024\/11\/logo-bring-flix.png\",\"width\":858,\"height\":316,\"caption\":\"BringFlix\"},\"image\":{\"@id\":\"https:\/\/bringflix.shop\/#\/schema\/logo\/image\/\"}}]}<\/script>\n<!-- \/ Yoast SEO plugin. -->","yoast_head_json":{"title":"Ritter Sport Schokolade Knusperflakes 100g - BringFlix","robots":{"index":"index","follow":"follow","max-snippet":"max-snippet:-1","max-image-preview":"max-image-preview:large","max-video-preview":"max-video-preview:-1"},"canonical":"https:\/\/bringflix.shop\/en\/Produkte\/ritter-sport-schokolade-knusperflakes-100g\/","og_locale":"en_US","og_type":"article","og_title":"Ritter Sport Schokolade Knusperflakes 100g - BringFlix","og_description":"Zutaten Und Allergene: Zucker, Kakaomasse\u00b9, Kakaobutter\u00b9, Mais (11 %), VollMILCHpulver, LAKTOSE, MagerMILCHpulver, BUTTERreinfett, Emulgator: Lecithine (SOJA), Salz, GERSTEnmalzextrakt. N\u00e4hrwerte (je 100 g):    N\u00e4hrwerte pro 100 g     Energie 2.144 kJ   Energie 513 kcal   Fett 26 g   Fett, davon ges\u00e4ttigte Fetts\u00e4uren 14 g   Kohlenhydrate 60 g   Kohlenhydrate, davon Zucker 50 g   Eiwei\u00df 6,7 g   Salz 0,42 g    &nbsp;","og_url":"https:\/\/bringflix.shop\/en\/Produkte\/ritter-sport-schokolade-knusperflakes-100g\/","og_site_name":"BringFlix","article_modified_time":"2026-04-28T21:46:23+00:00","twitter_card":"summary_large_image","twitter_misc":{"Est. reading time":"1 minute"},"schema":{"@context":"https:\/\/schema.org","@graph":[{"@type":"WebPage","@id":"https:\/\/bringflix.shop\/Produkte\/ritter-sport-schokolade-knusperflakes-100g\/","url":"https:\/\/bringflix.shop\/Produkte\/ritter-sport-schokolade-knusperflakes-100g\/","name":"Ritter Sport Schokolade Knusperflakes 100g - BringFlix","isPartOf":{"@id":"https:\/\/bringflix.shop\/#website"},"datePublished":"2026-04-28T21:26:19+00:00","dateModified":"2026-04-28T21:46:23+00:00","breadcrumb":{"@id":"https:\/\/bringflix.shop\/Produkte\/ritter-sport-schokolade-knusperflakes-100g\/#breadcrumb"},"inLanguage":"en-US","potentialAction":[{"@type":"ReadAction","target":["https:\/\/bringflix.shop\/Produkte\/ritter-sport-schokolade-knusperflakes-100g\/"]}]},{"@type":"BreadcrumbList","@id":"https:\/\/bringflix.shop\/Produkte\/ritter-sport-schokolade-knusperflakes-100g\/#breadcrumb","itemListElement":[{"@type":"ListItem","position":1,"name":"Home","item":"https:\/\/bringflix.shop\/"},{"@type":"ListItem","position":2,"name":"Shop","item":"https:\/\/bringflix.shop\/shop\/"},{"@type":"ListItem","position":3,"name":"Ritter Sport Schokolade Knusperflakes 100g"}]},{"@type":"WebSite","@id":"https:\/\/bringflix.shop\/#website","url":"https:\/\/bringflix.shop\/","name":"BringFlix","description":"","publisher":{"@id":"https:\/\/bringflix.shop\/#organization"},"potentialAction":[{"@type":"SearchAction","target":{"@type":"EntryPoint","urlTemplate":"https:\/\/bringflix.shop\/?s={search_term_string}"},"query-input":{"@type":"PropertyValueSpecification","valueRequired":true,"valueName":"search_term_string"}}],"inLanguage":"en-US"},{"@type":"Organization","@id":"https:\/\/bringflix.shop\/#organization","name":"BringFlix","url":"https:\/\/bringflix.shop\/","logo":{"@type":"ImageObject","inLanguage":"en-US","@id":"https:\/\/bringflix.shop\/#\/schema\/logo\/image\/","url":"https:\/\/bringflix.shop\/wp-content\/uploads\/2024\/11\/logo-bring-flix.png","contentUrl":"https:\/\/bringflix.shop\/wp-content\/uploads\/2024\/11\/logo-bring-flix.png","width":858,"height":316,"caption":"BringFlix"},"image":{"@id":"https:\/\/bringflix.shop\/#\/schema\/logo\/image\/"}}]}},"jetpack_sharing_enabled":true,"_links":{"self":[{"href":"https:\/\/bringflix.shop\/en\/wp-json\/wp\/v2\/product\/11091","targetHints":{"allow":["GET"]}}],"collection":[{"href":"https:\/\/bringflix.shop\/en\/wp-json\/wp\/v2\/product"}],"about":[{"href":"https:\/\/bringflix.shop\/en\/wp-json\/wp\/v2\/types\/product"}],"replies":[{"embeddable":true,"href":"https:\/\/bringflix.shop\/en\/wp-json\/wp\/v2\/comments?post=11091"}],"wp:attachment":[{"href":"https:\/\/bringflix.shop\/en\/wp-json\/wp\/v2\/media?parent=11091"}],"wp:term":[{"taxonomy":"product_brand","embeddable":true,"href":"https:\/\/bringflix.shop\/en\/wp-json\/wp\/v2\/product_brand?post=11091"},{"taxonomy":"product_cat","embeddable":true,"href":"https:\/\/bringflix.shop\/en\/wp-json\/wp\/v2\/product_cat?post=11091"},{"taxonomy":"product_tag","embeddable":true,"href":"https:\/\/bringflix.shop\/en\/wp-json\/wp\/v2\/product_tag?post=11091"}],"curies":[{"name":"wp","href":"https:\/\/api.w.org\/{rel}","templated":true}]}}