{"id":11086,"date":"2026-04-28T22:44:11","date_gmt":"2026-04-28T20:44:11","guid":{"rendered":"https:\/\/bringflix.shop\/?post_type=product&#038;p=11086"},"modified":"2026-04-28T22:52:43","modified_gmt":"2026-04-28T20:52:43","slug":"dr-oetker-ristorante-pizza-salame-mozzarella-pesto-360g","status":"publish","type":"product","link":"https:\/\/bringflix.shop\/en\/Produkte\/dr-oetker-ristorante-pizza-salame-mozzarella-pesto-360g\/","title":{"rendered":"Dr. Oetker Ristorante Pizza Salame Mozzarella Pesto 360g"},"content":{"rendered":"<h3>Bezeichnung:<\/h3>\n<div class=\"pdpr-RegulatedProductName\">Pizza reichhaltig belegt mit Tomaten, Salami, Mozzarella und 5,5% Kr\u00e4uter-Pestosauce auf knusprig d\u00fcnnem Boden, tiefgefroren.<\/div>\n<h3>Herkunft:<\/h3>\n<p>Deutschland<\/p>\n<h3>Konservierung und Lagerung:<\/h3>\n<p>Nach dem Auftauen nicht wieder einfrieren. Bei -18 \u00b0C lagern (***-Fach oder Tiefk\u00fchltruhe).<\/p>\n<h3>Hersteller-\/Inverkehrbringer:<\/h3>\n<p>DR. AUGUST OETKER NAHRUNGSMITTEL KG, DR. AUGUST OETKER NAHRUNGSMITTEL KG<\/p>","protected":false},"excerpt":{"rendered":"<h3><b>Zutaten Und <\/b>Allergene<b>:<\/b><\/h3>\n<div class=\"pdpr-TabCordion\">\n<div id=\"panel-1\" class=\"pdpr-TabCordionItemContent\" role=\"tabpanel\" aria-labelledby=\"tab-1\">\n<div class=\"pdpr-AttributeGroup\">\n<div class=\"pdpr-Attribute\">WEIZENMEHL, 18% Tomatenp\u00fcree, 10% schnittfester MOZZARELLA K\u00c4SE, 9,4% Cherrytomaten, Wasser, 8,1% Pepperoni-Salami (Schweinefleisch, Speck, Salz, Gew\u00fcrze, Dextrose, Knoblauchpulver, Gew\u00fcrzextrakte, Stabilisator (Natriumnitrit), Antioxidationsmittel (Extrakt aus Rosmarin, Natriumascorbat), Rauch), EDAMER K\u00c4SE, Raps\u00f6l, natives Oliven\u00f6l extra, Basilikum, Backhefe, Salz, Zucker, Petersilie, 0,3% PECORINO HARTK\u00c4SE, Knoblauch, Zwiebeln, Oregano, Pfeffer, Zitronensaft, Paprika, R\u00f6stzwiebeln. Kann enthalten: SOJA, SENF.<\/div>\n<\/div>\n<\/div>\n<\/div>\n<div class=\"pdpr-Disclaimer\"><\/div>\n<h3>N\u00e4hrwerte (je 100 g):<\/h3>\n<table class=\"pdsr-Table pdpr-NutritionTableDaily__Table\">\n<thead>\n<tr class=\"pdsr-Table--Row\">\n<th scope=\"col\">N\u00e4hrwerte<\/th>\n<th scope=\"col\">pro 100 g<\/th>\n<th scope=\"col\">pro 1 Portion<\/th>\n<th scope=\"col\">% NRV* (1 Portion)<\/th>\n<\/tr>\n<\/thead>\n<tbody>\n<tr class=\"pdsr-Table--Row\">\n<td class=\"pdsr-Table--Cell--Highlight\">Energie<\/td>\n<td>1.068 kJ<\/td>\n<td>3.846 kJ<\/td>\n<td><\/td>\n<\/tr>\n<tr class=\"pdsr-Table--Row\">\n<td class=\"pdsr-Table--Cell--Highlight\">Energie<\/td>\n<td>256 kcal<\/td>\n<td>920 kcal<\/td>\n<td><\/td>\n<\/tr>\n<tr class=\"pdsr-Table--Row\">\n<td class=\"pdsr-Table--Cell--Highlight\">Fett<\/td>\n<td>14 g<\/td>\n<td>49 g<\/td>\n<td>70 %<\/td>\n<\/tr>\n<tr class=\"pdsr-Table--Row\">\n<td class=\"pdsr-Table--Cell--Highlight\">Fett, davon ges\u00e4ttigte Fetts\u00e4uren<\/td>\n<td>4,4 g<\/td>\n<td>16 g<\/td>\n<td>80 %<\/td>\n<\/tr>\n<tr class=\"pdsr-Table--Row\">\n<td class=\"pdsr-Table--Cell--Highlight\">Kohlenhydrate<\/td>\n<td>23 g<\/td>\n<td>83 g<\/td>\n<td>32 %<\/td>\n<\/tr>\n<tr class=\"pdsr-Table--Row\">\n<td class=\"pdsr-Table--Cell--Highlight\">Kohlenhydrate, davon Zucker<\/td>\n<td>2,9 g<\/td>\n<td>10 g<\/td>\n<td>11 %<\/td>\n<\/tr>\n<tr class=\"pdsr-Table--Row\">\n<td class=\"pdsr-Table--Cell--Highlight\">Ballaststoffe<\/td>\n<td>1,7 g<\/td>\n<td>6,3 g<\/td>\n<td><\/td>\n<\/tr>\n<tr class=\"pdsr-Table--Row\">\n<td class=\"pdsr-Table--Cell--Highlight\">Eiwei\u00df<\/td>\n<td>9 g<\/td>\n<td>32 g<\/td>\n<td>64 %<\/td>\n<\/tr>\n<tr class=\"pdsr-Table--Row\">\n<td class=\"pdsr-Table--Cell--Highlight\">Salz<\/td>\n<td>1,2 g<\/td>\n<td>4,2 g<\/td>\n<td>70 %<\/td>\n<\/tr>\n<\/tbody>\n<\/table>\n<p>&nbsp;<\/p>\n<p>&nbsp;<\/p>\n<p>&nbsp;<\/p>","protected":false},"featured_media":0,"comment_status":"open","ping_status":"closed","template":"","meta":{"_acf_changed":false,"inline_featured_image":false,"site-sidebar-layout":"default","site-content-layout":"","ast-site-content-layout":"default","site-content-style":"default","site-sidebar-style":"default","ast-global-header-display":"","ast-banner-title-visibility":"","ast-main-header-display":"","ast-hfb-above-header-display":"","ast-hfb-below-header-display":"","ast-hfb-mobile-header-display":"","site-post-title":"","ast-breadcrumbs-content":"","ast-featured-img":"","footer-sml-layout":"","theme-transparent-header-meta":"default","adv-header-id-meta":"","stick-header-meta":"","header-above-stick-meta":"","header-main-stick-meta":"","header-below-stick-meta":"","astra-migrate-meta-layouts":"set","ast-page-background-enabled":"default","ast-page-background-meta":{"desktop":{"background-color":"var(--ast-global-color-4)","background-image":"","background-repeat":"repeat","background-position":"center center","background-size":"auto","background-attachment":"scroll","background-type":"","background-media":"","overlay-type":"","overlay-color":"","overlay-opacity":"","overlay-gradient":""},"tablet":{"background-color":"","background-image":"","background-repeat":"repeat","background-position":"center center","background-size":"auto","background-attachment":"scroll","background-type":"","background-media":"","overlay-type":"","overlay-color":"","overlay-opacity":"","overlay-gradient":""},"mobile":{"background-color":"","background-image":"","background-repeat":"repeat","background-position":"center center","background-size":"auto","background-attachment":"scroll","background-type":"","background-media":"","overlay-type":"","overlay-color":"","overlay-opacity":"","overlay-gradient":""}},"ast-content-background-meta":{"desktop":{"background-color":"var(--ast-global-color-5)","background-image":"","background-repeat":"repeat","background-position":"center center","background-size":"auto","background-attachment":"scroll","background-type":"","background-media":"","overlay-type":"","overlay-color":"","overlay-opacity":"","overlay-gradient":""},"tablet":{"background-color":"var(--ast-global-color-5)","background-image":"","background-repeat":"repeat","background-position":"center center","background-size":"auto","background-attachment":"scroll","background-type":"","background-media":"","overlay-type":"","overlay-color":"","overlay-opacity":"","overlay-gradient":""},"mobile":{"background-color":"var(--ast-global-color-5)","background-image":"","background-repeat":"repeat","background-position":"center center","background-size":"auto","background-attachment":"scroll","background-type":"","background-media":"","overlay-type":"","overlay-color":"","overlay-opacity":"","overlay-gradient":""}}},"product_brand":[],"product_cat":[50,49],"product_tag":[],"class_list":{"0":"post-11086","1":"product","2":"type-product","3":"status-publish","5":"product_cat-pizza","6":"product_cat-tiefkuehlung","7":"desktop-align-left","8":"tablet-align-left","9":"mobile-align-left","11":"first","12":"instock","13":"taxable","14":"shipping-taxable","15":"purchasable","16":"product-type-simple"},"acf":[],"yoast_head":"<!-- This site is optimized with the Yoast SEO plugin v24.5 - https:\/\/yoast.com\/wordpress\/plugins\/seo\/ -->\n<title>Dr. Oetker Ristorante Pizza Salame Mozzarella Pesto 360g - BringFlix<\/title>\n<meta name=\"robots\" content=\"index, follow, max-snippet:-1, max-image-preview:large, max-video-preview:-1\" \/>\n<link rel=\"canonical\" href=\"https:\/\/bringflix.shop\/en\/Produkte\/dr-oetker-ristorante-pizza-salame-mozzarella-pesto-360g\/\" \/>\n<meta property=\"og:locale\" content=\"en_US\" \/>\n<meta property=\"og:type\" content=\"article\" \/>\n<meta property=\"og:title\" content=\"Dr. Oetker Ristorante Pizza Salame Mozzarella Pesto 360g - BringFlix\" \/>\n<meta property=\"og:description\" content=\"Zutaten Und Allergene:    WEIZENMEHL, 18% Tomatenp\u00fcree, 10% schnittfester MOZZARELLA K\u00c4SE, 9,4% Cherrytomaten, Wasser, 8,1% Pepperoni-Salami (Schweinefleisch, Speck, Salz, Gew\u00fcrze, Dextrose, Knoblauchpulver, Gew\u00fcrzextrakte, Stabilisator (Natriumnitrit), Antioxidationsmittel (Extrakt aus Rosmarin, Natriumascorbat), Rauch), EDAMER K\u00c4SE, Raps\u00f6l, natives Oliven\u00f6l extra, Basilikum, Backhefe, Salz, Zucker, Petersilie, 0,3% PECORINO HARTK\u00c4SE, Knoblauch, Zwiebeln, Oregano, Pfeffer, Zitronensaft, Paprika, R\u00f6stzwiebeln. Kann enthalten: SOJA, SENF.     N\u00e4hrwerte (je 100 g):    N\u00e4hrwerte pro 100 g pro 1 Portion % NRV* (1 Portion)     Energie 1.068 kJ 3.846 kJ    Energie 256 kcal 920 kcal    Fett 14 g 49 g 70 %   Fett, davon ges\u00e4ttigte Fetts\u00e4uren 4,4 g 16 g 80 %   Kohlenhydrate 23 g 83 g 32 %   Kohlenhydrate, davon Zucker 2,9 g 10 g 11 %   Ballaststoffe 1,7 g 6,3 g    Eiwei\u00df 9 g 32 g 64 %   Salz 1,2 g 4,2 g 70 %    &nbsp;  &nbsp;  &nbsp;\" \/>\n<meta property=\"og:url\" content=\"https:\/\/bringflix.shop\/en\/Produkte\/dr-oetker-ristorante-pizza-salame-mozzarella-pesto-360g\/\" \/>\n<meta property=\"og:site_name\" content=\"BringFlix\" \/>\n<meta property=\"article:modified_time\" content=\"2026-04-28T20:52:43+00:00\" \/>\n<meta name=\"twitter:card\" content=\"summary_large_image\" \/>\n<meta name=\"twitter:label1\" content=\"Est. reading time\" \/>\n\t<meta name=\"twitter:data1\" content=\"1 minute\" \/>\n<script type=\"application\/ld+json\" class=\"yoast-schema-graph\">{\"@context\":\"https:\/\/schema.org\",\"@graph\":[{\"@type\":\"WebPage\",\"@id\":\"https:\/\/bringflix.shop\/Produkte\/dr-oetker-ristorante-pizza-salame-mozzarella-pesto-360g\/\",\"url\":\"https:\/\/bringflix.shop\/Produkte\/dr-oetker-ristorante-pizza-salame-mozzarella-pesto-360g\/\",\"name\":\"Dr. Oetker Ristorante Pizza Salame Mozzarella Pesto 360g - BringFlix\",\"isPartOf\":{\"@id\":\"https:\/\/bringflix.shop\/#website\"},\"datePublished\":\"2026-04-28T20:44:11+00:00\",\"dateModified\":\"2026-04-28T20:52:43+00:00\",\"breadcrumb\":{\"@id\":\"https:\/\/bringflix.shop\/Produkte\/dr-oetker-ristorante-pizza-salame-mozzarella-pesto-360g\/#breadcrumb\"},\"inLanguage\":\"en-US\",\"potentialAction\":[{\"@type\":\"ReadAction\",\"target\":[\"https:\/\/bringflix.shop\/Produkte\/dr-oetker-ristorante-pizza-salame-mozzarella-pesto-360g\/\"]}]},{\"@type\":\"BreadcrumbList\",\"@id\":\"https:\/\/bringflix.shop\/Produkte\/dr-oetker-ristorante-pizza-salame-mozzarella-pesto-360g\/#breadcrumb\",\"itemListElement\":[{\"@type\":\"ListItem\",\"position\":1,\"name\":\"Home\",\"item\":\"https:\/\/bringflix.shop\/\"},{\"@type\":\"ListItem\",\"position\":2,\"name\":\"Shop\",\"item\":\"https:\/\/bringflix.shop\/shop\/\"},{\"@type\":\"ListItem\",\"position\":3,\"name\":\"Dr. Oetker Ristorante Pizza Salame Mozzarella Pesto 360g\"}]},{\"@type\":\"WebSite\",\"@id\":\"https:\/\/bringflix.shop\/#website\",\"url\":\"https:\/\/bringflix.shop\/\",\"name\":\"BringFlix\",\"description\":\"\",\"publisher\":{\"@id\":\"https:\/\/bringflix.shop\/#organization\"},\"potentialAction\":[{\"@type\":\"SearchAction\",\"target\":{\"@type\":\"EntryPoint\",\"urlTemplate\":\"https:\/\/bringflix.shop\/?s={search_term_string}\"},\"query-input\":{\"@type\":\"PropertyValueSpecification\",\"valueRequired\":true,\"valueName\":\"search_term_string\"}}],\"inLanguage\":\"en-US\"},{\"@type\":\"Organization\",\"@id\":\"https:\/\/bringflix.shop\/#organization\",\"name\":\"BringFlix\",\"url\":\"https:\/\/bringflix.shop\/\",\"logo\":{\"@type\":\"ImageObject\",\"inLanguage\":\"en-US\",\"@id\":\"https:\/\/bringflix.shop\/#\/schema\/logo\/image\/\",\"url\":\"https:\/\/bringflix.shop\/wp-content\/uploads\/2024\/11\/logo-bring-flix.png\",\"contentUrl\":\"https:\/\/bringflix.shop\/wp-content\/uploads\/2024\/11\/logo-bring-flix.png\",\"width\":858,\"height\":316,\"caption\":\"BringFlix\"},\"image\":{\"@id\":\"https:\/\/bringflix.shop\/#\/schema\/logo\/image\/\"}}]}<\/script>\n<!-- \/ Yoast SEO plugin. -->","yoast_head_json":{"title":"Dr. Oetker Ristorante Pizza Salame Mozzarella Pesto 360g - BringFlix","robots":{"index":"index","follow":"follow","max-snippet":"max-snippet:-1","max-image-preview":"max-image-preview:large","max-video-preview":"max-video-preview:-1"},"canonical":"https:\/\/bringflix.shop\/en\/Produkte\/dr-oetker-ristorante-pizza-salame-mozzarella-pesto-360g\/","og_locale":"en_US","og_type":"article","og_title":"Dr. Oetker Ristorante Pizza Salame Mozzarella Pesto 360g - BringFlix","og_description":"Zutaten Und Allergene:    WEIZENMEHL, 18% Tomatenp\u00fcree, 10% schnittfester MOZZARELLA K\u00c4SE, 9,4% Cherrytomaten, Wasser, 8,1% Pepperoni-Salami (Schweinefleisch, Speck, Salz, Gew\u00fcrze, Dextrose, Knoblauchpulver, Gew\u00fcrzextrakte, Stabilisator (Natriumnitrit), Antioxidationsmittel (Extrakt aus Rosmarin, Natriumascorbat), Rauch), EDAMER K\u00c4SE, Raps\u00f6l, natives Oliven\u00f6l extra, Basilikum, Backhefe, Salz, Zucker, Petersilie, 0,3% PECORINO HARTK\u00c4SE, Knoblauch, Zwiebeln, Oregano, Pfeffer, Zitronensaft, Paprika, R\u00f6stzwiebeln. Kann enthalten: SOJA, SENF.     N\u00e4hrwerte (je 100 g):    N\u00e4hrwerte pro 100 g pro 1 Portion % NRV* (1 Portion)     Energie 1.068 kJ 3.846 kJ    Energie 256 kcal 920 kcal    Fett 14 g 49 g 70 %   Fett, davon ges\u00e4ttigte Fetts\u00e4uren 4,4 g 16 g 80 %   Kohlenhydrate 23 g 83 g 32 %   Kohlenhydrate, davon Zucker 2,9 g 10 g 11 %   Ballaststoffe 1,7 g 6,3 g    Eiwei\u00df 9 g 32 g 64 %   Salz 1,2 g 4,2 g 70 %    &nbsp;  &nbsp;  &nbsp;","og_url":"https:\/\/bringflix.shop\/en\/Produkte\/dr-oetker-ristorante-pizza-salame-mozzarella-pesto-360g\/","og_site_name":"BringFlix","article_modified_time":"2026-04-28T20:52:43+00:00","twitter_card":"summary_large_image","twitter_misc":{"Est. reading time":"1 minute"},"schema":{"@context":"https:\/\/schema.org","@graph":[{"@type":"WebPage","@id":"https:\/\/bringflix.shop\/Produkte\/dr-oetker-ristorante-pizza-salame-mozzarella-pesto-360g\/","url":"https:\/\/bringflix.shop\/Produkte\/dr-oetker-ristorante-pizza-salame-mozzarella-pesto-360g\/","name":"Dr. Oetker Ristorante Pizza Salame Mozzarella Pesto 360g - BringFlix","isPartOf":{"@id":"https:\/\/bringflix.shop\/#website"},"datePublished":"2026-04-28T20:44:11+00:00","dateModified":"2026-04-28T20:52:43+00:00","breadcrumb":{"@id":"https:\/\/bringflix.shop\/Produkte\/dr-oetker-ristorante-pizza-salame-mozzarella-pesto-360g\/#breadcrumb"},"inLanguage":"en-US","potentialAction":[{"@type":"ReadAction","target":["https:\/\/bringflix.shop\/Produkte\/dr-oetker-ristorante-pizza-salame-mozzarella-pesto-360g\/"]}]},{"@type":"BreadcrumbList","@id":"https:\/\/bringflix.shop\/Produkte\/dr-oetker-ristorante-pizza-salame-mozzarella-pesto-360g\/#breadcrumb","itemListElement":[{"@type":"ListItem","position":1,"name":"Home","item":"https:\/\/bringflix.shop\/"},{"@type":"ListItem","position":2,"name":"Shop","item":"https:\/\/bringflix.shop\/shop\/"},{"@type":"ListItem","position":3,"name":"Dr. Oetker Ristorante Pizza Salame Mozzarella Pesto 360g"}]},{"@type":"WebSite","@id":"https:\/\/bringflix.shop\/#website","url":"https:\/\/bringflix.shop\/","name":"BringFlix","description":"","publisher":{"@id":"https:\/\/bringflix.shop\/#organization"},"potentialAction":[{"@type":"SearchAction","target":{"@type":"EntryPoint","urlTemplate":"https:\/\/bringflix.shop\/?s={search_term_string}"},"query-input":{"@type":"PropertyValueSpecification","valueRequired":true,"valueName":"search_term_string"}}],"inLanguage":"en-US"},{"@type":"Organization","@id":"https:\/\/bringflix.shop\/#organization","name":"BringFlix","url":"https:\/\/bringflix.shop\/","logo":{"@type":"ImageObject","inLanguage":"en-US","@id":"https:\/\/bringflix.shop\/#\/schema\/logo\/image\/","url":"https:\/\/bringflix.shop\/wp-content\/uploads\/2024\/11\/logo-bring-flix.png","contentUrl":"https:\/\/bringflix.shop\/wp-content\/uploads\/2024\/11\/logo-bring-flix.png","width":858,"height":316,"caption":"BringFlix"},"image":{"@id":"https:\/\/bringflix.shop\/#\/schema\/logo\/image\/"}}]}},"jetpack_sharing_enabled":true,"_links":{"self":[{"href":"https:\/\/bringflix.shop\/en\/wp-json\/wp\/v2\/product\/11086","targetHints":{"allow":["GET"]}}],"collection":[{"href":"https:\/\/bringflix.shop\/en\/wp-json\/wp\/v2\/product"}],"about":[{"href":"https:\/\/bringflix.shop\/en\/wp-json\/wp\/v2\/types\/product"}],"replies":[{"embeddable":true,"href":"https:\/\/bringflix.shop\/en\/wp-json\/wp\/v2\/comments?post=11086"}],"wp:attachment":[{"href":"https:\/\/bringflix.shop\/en\/wp-json\/wp\/v2\/media?parent=11086"}],"wp:term":[{"taxonomy":"product_brand","embeddable":true,"href":"https:\/\/bringflix.shop\/en\/wp-json\/wp\/v2\/product_brand?post=11086"},{"taxonomy":"product_cat","embeddable":true,"href":"https:\/\/bringflix.shop\/en\/wp-json\/wp\/v2\/product_cat?post=11086"},{"taxonomy":"product_tag","embeddable":true,"href":"https:\/\/bringflix.shop\/en\/wp-json\/wp\/v2\/product_tag?post=11086"}],"curies":[{"name":"wp","href":"https:\/\/api.w.org\/{rel}","templated":true}]}}