{"id":11085,"date":"2026-04-28T22:16:59","date_gmt":"2026-04-28T20:16:59","guid":{"rendered":"https:\/\/bringflix.shop\/?post_type=product&#038;p=11085"},"modified":"2026-04-29T23:00:29","modified_gmt":"2026-04-29T21:00:29","slug":"kinder-tronky-5x18g","status":"publish","type":"product","link":"https:\/\/bringflix.shop\/en\/Produkte\/kinder-tronky-5x18g\/","title":{"rendered":"Kinder Tronky 5x18g"},"content":{"rendered":"<h3 id=\"docs-internal-guid-586863e8-7fff-139e-8d77-279cd45e0b10\" dir=\"ltr\" style=\"line-height: 1.3800000000000001;margin-top: 10pt;margin-bottom: 0pt\"><span style=\"font-size: 11pt;font-family: Calibri,sans-serif;color: #000000;background-color: transparent;font-weight: bold;font-style: normal;font-variant: normal;text-decoration: none;vertical-align: baseline\">Bezeichnung:<\/span><\/h3>\n<div class=\"pdpr-RegulatedProductName\">Knusprige Kakaowaffel mit Milchf\u00fcllung (55 %) mit Keksst\u00fcckchen (13,5 %) und einer Schicht Vollmilchschokolade.<\/div>\n<h3 dir=\"ltr\" style=\"line-height: 1.3800000000000001;margin-top: 10pt;margin-bottom: 0pt\"><span style=\"font-size: 11pt;font-family: Calibri,sans-serif;color: #000000;background-color: transparent;font-weight: bold;font-style: normal;font-variant: normal;text-decoration: none;vertical-align: baseline\">Herkunft:<\/span><\/h3>\n<p dir=\"ltr\" style=\"line-height: 1.3800000000000001;margin-top: 0pt;margin-bottom: 10pt\"><span style=\"font-size: 11pt;font-family: Cambria,serif;color: #000000;background-color: transparent;font-weight: 400;font-style: normal;font-variant: normal;text-decoration: none;vertical-align: baseline\">Deutschland<\/span><\/p>\n<h3 id=\"docs-internal-guid-4134d2ff-7fff-37ce-b9c8-f7c7d17cb1cd\" dir=\"ltr\" style=\"line-height: 1.3800000000000001;margin-top: 10pt;margin-bottom: 0pt\"><span style=\"font-size: 11pt;font-family: Calibri,sans-serif;color: #000000;background-color: transparent;font-weight: bold;font-style: normal;font-variant: normal;text-decoration: none;vertical-align: baseline\">Konservierung und Lagerung:<\/span><\/h3>\n<div class=\"pdpr-TabCordion\">\n<div id=\"panel-2\" class=\"pdpr-TabCordionItemContent\" role=\"tabpanel\" aria-labelledby=\"tab-2\">\n<div class=\"pdpr-AttributeGroup\">\n<div class=\"pdpr-Attribute\">K\u00fchl und trocken aufbewahren. <span style=\"font-size: 16px\">Das Produktdesign kann von der Abbildung abweichen.<\/span><\/div>\n<\/div>\n<\/div>\n<\/div>\n<h3 dir=\"ltr\" style=\"line-height: 1.3800000000000001;margin-top: 10pt;margin-bottom: 0pt\"><span style=\"font-size: 11pt;font-family: Calibri,sans-serif;color: #000000;background-color: transparent;font-weight: bold;font-style: normal;font-variant: normal;text-decoration: none;vertical-align: baseline\">Hersteller-\/Inverkehrbringer:<\/span><\/h3>\n<p dir=\"ltr\" style=\"line-height: 1.3800000000000001;margin-top: 0pt;margin-bottom: 10pt\">Ferrero, DE-60624 Frankfurt am Main (EU).<\/p>\n<p>&nbsp;<\/p>","protected":false},"excerpt":{"rendered":"<h3><b>Zutaten Und <\/b>Allergene<b>:<\/b><\/h3>\n<p dir=\"ltr\" style=\"line-height: 1.3800000000000001;margin-top: 0pt;margin-bottom: 10pt\">MAGERMILCHPULVER (20,5 %), WEIZENMEHL (20,5 %), Palm\u00f6l, Zucker, VOLLMILCHSCHOKOLADE 15,5 % (Zucker, VOLLMILCHPULVER, Kakaobutter, Kakaomasse, Emulgator Lecithine (SOJA), Vanillin), fettarmer Kakao (0,9%), Emulgator Lecithine (SOJA), HASELN\u00dcSSE, BUTTER, WEIZENKLEIE, VOLLMILCHPULVER, Backtriebmittel: Natriumhydrogencarbonat, Dinatriumdiphosphat, Ammoniumhydrogencarbonat; Salz, Honig, WEIZENST\u00c4RKE, GERSTENMALZMEHL, GERSTENMALZ- und Maisextraktpulver, S\u00dcSSMOLKENPULVER, Vanillin. Gesamtmilchbestandteile im Produkt: 25 %. Kann HAFER enthalten.<\/p>\n<h3 id=\"docs-internal-guid-1a5db502-7fff-72c7-fe57-656e2747c585\" dir=\"ltr\" style=\"line-height: 1.3800000000000001;margin-top: 10pt;margin-bottom: 0pt\"><span style=\"font-size: 11pt;font-family: Calibri,sans-serif;color: #000000;background-color: transparent;font-weight: bold;font-style: normal;font-variant: normal;text-decoration: none;vertical-align: baseline\">N\u00e4hrwerte (je 100 g):<\/span><\/h3>\n<div dir=\"ltr\" style=\"margin-left: 0pt\" align=\"left\">\n<table class=\"pdsr-Table pdpr-NutritionTableDaily__Table\" style=\"height: 477px\" width=\"822\">\n<thead>\n<tr class=\"pdsr-Table--Row\">\n<th scope=\"col\">N\u00e4hrwerte<\/th>\n<th scope=\"col\">pro 100 g<\/th>\n<th scope=\"col\"><\/th>\n<th scope=\"col\"><\/th>\n<\/tr>\n<\/thead>\n<tbody>\n<tr class=\"pdsr-Table--Row\">\n<td class=\"pdsr-Table--Cell--Highlight\">Energie<\/td>\n<td>2.177 kJ<\/td>\n<td><\/td>\n<td><\/td>\n<\/tr>\n<tr class=\"pdsr-Table--Row\">\n<td class=\"pdsr-Table--Cell--Highlight\">Energie<\/td>\n<td>521 kcal<\/td>\n<td><\/td>\n<td><\/td>\n<\/tr>\n<tr class=\"pdsr-Table--Row\">\n<td class=\"pdsr-Table--Cell--Highlight\">Fett<\/td>\n<td>27,8 g<\/td>\n<td><\/td>\n<td><\/td>\n<\/tr>\n<tr class=\"pdsr-Table--Row\">\n<td class=\"pdsr-Table--Cell--Highlight\">Fett, davon ges\u00e4ttigte Fetts\u00e4uren<\/td>\n<td>14,2 g<\/td>\n<td><\/td>\n<td><\/td>\n<\/tr>\n<tr class=\"pdsr-Table--Row\">\n<td class=\"pdsr-Table--Cell--Highlight\">Kohlenhydrate<\/td>\n<td>57,1 g<\/td>\n<td><\/td>\n<td><\/td>\n<\/tr>\n<tr class=\"pdsr-Table--Row\">\n<td class=\"pdsr-Table--Cell--Highlight\">Kohlenhydrate, davon Zucker<\/td>\n<td>43,2 g<\/td>\n<td><\/td>\n<td><\/td>\n<\/tr>\n<tr class=\"pdsr-Table--Row\">\n<td class=\"pdsr-Table--Cell--Highlight\">Eiwei\u00df<\/td>\n<td>9,8 g<\/td>\n<td><\/td>\n<td><\/td>\n<\/tr>\n<tr class=\"pdsr-Table--Row\">\n<td class=\"pdsr-Table--Cell--Highlight\">Salz<\/td>\n<td>0,427 g<\/td>\n<td><\/td>\n<td><\/td>\n<\/tr>\n<\/tbody>\n<\/table>\n<p>&nbsp;<\/p>\n<\/div>","protected":false},"featured_media":11111,"comment_status":"open","ping_status":"closed","template":"","meta":{"_acf_changed":false,"inline_featured_image":false,"site-sidebar-layout":"default","site-content-layout":"","ast-site-content-layout":"default","site-content-style":"default","site-sidebar-style":"default","ast-global-header-display":"","ast-banner-title-visibility":"","ast-main-header-display":"","ast-hfb-above-header-display":"","ast-hfb-below-header-display":"","ast-hfb-mobile-header-display":"","site-post-title":"","ast-breadcrumbs-content":"","ast-featured-img":"","footer-sml-layout":"","theme-transparent-header-meta":"default","adv-header-id-meta":"","stick-header-meta":"","header-above-stick-meta":"","header-main-stick-meta":"","header-below-stick-meta":"","astra-migrate-meta-layouts":"set","ast-page-background-enabled":"default","ast-page-background-meta":{"desktop":{"background-color":"var(--ast-global-color-4)","background-image":"","background-repeat":"repeat","background-position":"center center","background-size":"auto","background-attachment":"scroll","background-type":"","background-media":"","overlay-type":"","overlay-color":"","overlay-opacity":"","overlay-gradient":""},"tablet":{"background-color":"","background-image":"","background-repeat":"repeat","background-position":"center center","background-size":"auto","background-attachment":"scroll","background-type":"","background-media":"","overlay-type":"","overlay-color":"","overlay-opacity":"","overlay-gradient":""},"mobile":{"background-color":"","background-image":"","background-repeat":"repeat","background-position":"center center","background-size":"auto","background-attachment":"scroll","background-type":"","background-media":"","overlay-type":"","overlay-color":"","overlay-opacity":"","overlay-gradient":""}},"ast-content-background-meta":{"desktop":{"background-color":"var(--ast-global-color-5)","background-image":"","background-repeat":"repeat","background-position":"center center","background-size":"auto","background-attachment":"scroll","background-type":"","background-media":"","overlay-type":"","overlay-color":"","overlay-opacity":"","overlay-gradient":""},"tablet":{"background-color":"var(--ast-global-color-5)","background-image":"","background-repeat":"repeat","background-position":"center center","background-size":"auto","background-attachment":"scroll","background-type":"","background-media":"","overlay-type":"","overlay-color":"","overlay-opacity":"","overlay-gradient":""},"mobile":{"background-color":"var(--ast-global-color-5)","background-image":"","background-repeat":"repeat","background-position":"center center","background-size":"auto","background-attachment":"scroll","background-type":"","background-media":"","overlay-type":"","overlay-color":"","overlay-opacity":"","overlay-gradient":""}}},"product_brand":[],"product_cat":[40,39],"product_tag":[],"class_list":{"0":"post-11085","1":"product","2":"type-product","3":"status-publish","4":"has-post-thumbnail","6":"product_cat-schokolade","7":"product_cat-suesse-salzige-snacks","8":"desktop-align-left","9":"tablet-align-left","10":"mobile-align-left","12":"first","13":"instock","14":"taxable","15":"shipping-taxable","16":"purchasable","17":"product-type-simple"},"acf":[],"yoast_head":"<!-- This site is optimized with the Yoast SEO plugin v24.5 - https:\/\/yoast.com\/wordpress\/plugins\/seo\/ -->\n<title>Kinder Tronky 5x18g - BringFlix<\/title>\n<meta name=\"robots\" content=\"index, follow, max-snippet:-1, max-image-preview:large, max-video-preview:-1\" \/>\n<link rel=\"canonical\" href=\"https:\/\/bringflix.shop\/en\/Produkte\/kinder-tronky-5x18g\/\" \/>\n<meta property=\"og:locale\" content=\"en_US\" \/>\n<meta property=\"og:type\" content=\"article\" \/>\n<meta property=\"og:title\" content=\"Kinder Tronky 5x18g - BringFlix\" \/>\n<meta property=\"og:description\" content=\"Zutaten Und Allergene: MAGERMILCHPULVER (20,5 %), WEIZENMEHL (20,5 %), Palm\u00f6l, Zucker, VOLLMILCHSCHOKOLADE 15,5 % (Zucker, VOLLMILCHPULVER, Kakaobutter, Kakaomasse, Emulgator Lecithine (SOJA), Vanillin), fettarmer Kakao (0,9%), Emulgator Lecithine (SOJA), HASELN\u00dcSSE, BUTTER, WEIZENKLEIE, VOLLMILCHPULVER, Backtriebmittel: Natriumhydrogencarbonat, Dinatriumdiphosphat, Ammoniumhydrogencarbonat; Salz, Honig, WEIZENST\u00c4RKE, GERSTENMALZMEHL, GERSTENMALZ- und Maisextraktpulver, S\u00dcSSMOLKENPULVER, Vanillin. Gesamtmilchbestandteile im Produkt: 25 %. Kann HAFER enthalten. N\u00e4hrwerte (je 100 g):   N\u00e4hrwerte pro 100 g    Energie 2.177 kJ   Energie 521 kcal   Fett 27,8 g   Fett, davon ges\u00e4ttigte Fetts\u00e4uren 14,2 g   Kohlenhydrate 57,1 g   Kohlenhydrate, davon Zucker 43,2 g   Eiwei\u00df 9,8 g   Salz 0,427 g   &nbsp;\" \/>\n<meta property=\"og:url\" content=\"https:\/\/bringflix.shop\/en\/Produkte\/kinder-tronky-5x18g\/\" \/>\n<meta property=\"og:site_name\" content=\"BringFlix\" \/>\n<meta property=\"article:modified_time\" content=\"2026-04-29T21:00:29+00:00\" \/>\n<meta property=\"og:image\" content=\"https:\/\/bringflix.shop\/wp-content\/uploads\/2026\/04\/1000123586.png\" \/>\n\t<meta property=\"og:image:width\" content=\"1000\" \/>\n\t<meta property=\"og:image:height\" content=\"1000\" \/>\n\t<meta property=\"og:image:type\" content=\"image\/png\" \/>\n<meta name=\"twitter:card\" content=\"summary_large_image\" \/>\n<meta name=\"twitter:label1\" content=\"Est. reading time\" \/>\n\t<meta name=\"twitter:data1\" content=\"1 minute\" \/>\n<script type=\"application\/ld+json\" class=\"yoast-schema-graph\">{\"@context\":\"https:\/\/schema.org\",\"@graph\":[{\"@type\":\"WebPage\",\"@id\":\"https:\/\/bringflix.shop\/Produkte\/kinder-tronky-5x18g\/\",\"url\":\"https:\/\/bringflix.shop\/Produkte\/kinder-tronky-5x18g\/\",\"name\":\"Kinder Tronky 5x18g - BringFlix\",\"isPartOf\":{\"@id\":\"https:\/\/bringflix.shop\/#website\"},\"primaryImageOfPage\":{\"@id\":\"https:\/\/bringflix.shop\/Produkte\/kinder-tronky-5x18g\/#primaryimage\"},\"image\":{\"@id\":\"https:\/\/bringflix.shop\/Produkte\/kinder-tronky-5x18g\/#primaryimage\"},\"thumbnailUrl\":\"https:\/\/bringflix.shop\/wp-content\/uploads\/2026\/04\/1000123586.png\",\"datePublished\":\"2026-04-28T20:16:59+00:00\",\"dateModified\":\"2026-04-29T21:00:29+00:00\",\"breadcrumb\":{\"@id\":\"https:\/\/bringflix.shop\/Produkte\/kinder-tronky-5x18g\/#breadcrumb\"},\"inLanguage\":\"en-US\",\"potentialAction\":[{\"@type\":\"ReadAction\",\"target\":[\"https:\/\/bringflix.shop\/Produkte\/kinder-tronky-5x18g\/\"]}]},{\"@type\":\"ImageObject\",\"inLanguage\":\"en-US\",\"@id\":\"https:\/\/bringflix.shop\/Produkte\/kinder-tronky-5x18g\/#primaryimage\",\"url\":\"https:\/\/bringflix.shop\/wp-content\/uploads\/2026\/04\/1000123586.png\",\"contentUrl\":\"https:\/\/bringflix.shop\/wp-content\/uploads\/2026\/04\/1000123586.png\",\"width\":1000,\"height\":1000},{\"@type\":\"BreadcrumbList\",\"@id\":\"https:\/\/bringflix.shop\/Produkte\/kinder-tronky-5x18g\/#breadcrumb\",\"itemListElement\":[{\"@type\":\"ListItem\",\"position\":1,\"name\":\"Home\",\"item\":\"https:\/\/bringflix.shop\/\"},{\"@type\":\"ListItem\",\"position\":2,\"name\":\"Shop\",\"item\":\"https:\/\/bringflix.shop\/shop\/\"},{\"@type\":\"ListItem\",\"position\":3,\"name\":\"Kinder Tronky 5x18g\"}]},{\"@type\":\"WebSite\",\"@id\":\"https:\/\/bringflix.shop\/#website\",\"url\":\"https:\/\/bringflix.shop\/\",\"name\":\"BringFlix\",\"description\":\"\",\"publisher\":{\"@id\":\"https:\/\/bringflix.shop\/#organization\"},\"potentialAction\":[{\"@type\":\"SearchAction\",\"target\":{\"@type\":\"EntryPoint\",\"urlTemplate\":\"https:\/\/bringflix.shop\/?s={search_term_string}\"},\"query-input\":{\"@type\":\"PropertyValueSpecification\",\"valueRequired\":true,\"valueName\":\"search_term_string\"}}],\"inLanguage\":\"en-US\"},{\"@type\":\"Organization\",\"@id\":\"https:\/\/bringflix.shop\/#organization\",\"name\":\"BringFlix\",\"url\":\"https:\/\/bringflix.shop\/\",\"logo\":{\"@type\":\"ImageObject\",\"inLanguage\":\"en-US\",\"@id\":\"https:\/\/bringflix.shop\/#\/schema\/logo\/image\/\",\"url\":\"https:\/\/bringflix.shop\/wp-content\/uploads\/2024\/11\/logo-bring-flix.png\",\"contentUrl\":\"https:\/\/bringflix.shop\/wp-content\/uploads\/2024\/11\/logo-bring-flix.png\",\"width\":858,\"height\":316,\"caption\":\"BringFlix\"},\"image\":{\"@id\":\"https:\/\/bringflix.shop\/#\/schema\/logo\/image\/\"}}]}<\/script>\n<!-- \/ Yoast SEO plugin. -->","yoast_head_json":{"title":"Kinder Tronky 5x18g - BringFlix","robots":{"index":"index","follow":"follow","max-snippet":"max-snippet:-1","max-image-preview":"max-image-preview:large","max-video-preview":"max-video-preview:-1"},"canonical":"https:\/\/bringflix.shop\/en\/Produkte\/kinder-tronky-5x18g\/","og_locale":"en_US","og_type":"article","og_title":"Kinder Tronky 5x18g - BringFlix","og_description":"Zutaten Und Allergene: MAGERMILCHPULVER (20,5 %), WEIZENMEHL (20,5 %), Palm\u00f6l, Zucker, VOLLMILCHSCHOKOLADE 15,5 % (Zucker, VOLLMILCHPULVER, Kakaobutter, Kakaomasse, Emulgator Lecithine (SOJA), Vanillin), fettarmer Kakao (0,9%), Emulgator Lecithine (SOJA), HASELN\u00dcSSE, BUTTER, WEIZENKLEIE, VOLLMILCHPULVER, Backtriebmittel: Natriumhydrogencarbonat, Dinatriumdiphosphat, Ammoniumhydrogencarbonat; Salz, Honig, WEIZENST\u00c4RKE, GERSTENMALZMEHL, GERSTENMALZ- und Maisextraktpulver, S\u00dcSSMOLKENPULVER, Vanillin. Gesamtmilchbestandteile im Produkt: 25 %. Kann HAFER enthalten. N\u00e4hrwerte (je 100 g):   N\u00e4hrwerte pro 100 g    Energie 2.177 kJ   Energie 521 kcal   Fett 27,8 g   Fett, davon ges\u00e4ttigte Fetts\u00e4uren 14,2 g   Kohlenhydrate 57,1 g   Kohlenhydrate, davon Zucker 43,2 g   Eiwei\u00df 9,8 g   Salz 0,427 g   &nbsp;","og_url":"https:\/\/bringflix.shop\/en\/Produkte\/kinder-tronky-5x18g\/","og_site_name":"BringFlix","article_modified_time":"2026-04-29T21:00:29+00:00","og_image":[{"width":1000,"height":1000,"url":"https:\/\/bringflix.shop\/wp-content\/uploads\/2026\/04\/1000123586.png","type":"image\/png"}],"twitter_card":"summary_large_image","twitter_misc":{"Est. reading time":"1 minute"},"schema":{"@context":"https:\/\/schema.org","@graph":[{"@type":"WebPage","@id":"https:\/\/bringflix.shop\/Produkte\/kinder-tronky-5x18g\/","url":"https:\/\/bringflix.shop\/Produkte\/kinder-tronky-5x18g\/","name":"Kinder Tronky 5x18g - BringFlix","isPartOf":{"@id":"https:\/\/bringflix.shop\/#website"},"primaryImageOfPage":{"@id":"https:\/\/bringflix.shop\/Produkte\/kinder-tronky-5x18g\/#primaryimage"},"image":{"@id":"https:\/\/bringflix.shop\/Produkte\/kinder-tronky-5x18g\/#primaryimage"},"thumbnailUrl":"https:\/\/bringflix.shop\/wp-content\/uploads\/2026\/04\/1000123586.png","datePublished":"2026-04-28T20:16:59+00:00","dateModified":"2026-04-29T21:00:29+00:00","breadcrumb":{"@id":"https:\/\/bringflix.shop\/Produkte\/kinder-tronky-5x18g\/#breadcrumb"},"inLanguage":"en-US","potentialAction":[{"@type":"ReadAction","target":["https:\/\/bringflix.shop\/Produkte\/kinder-tronky-5x18g\/"]}]},{"@type":"ImageObject","inLanguage":"en-US","@id":"https:\/\/bringflix.shop\/Produkte\/kinder-tronky-5x18g\/#primaryimage","url":"https:\/\/bringflix.shop\/wp-content\/uploads\/2026\/04\/1000123586.png","contentUrl":"https:\/\/bringflix.shop\/wp-content\/uploads\/2026\/04\/1000123586.png","width":1000,"height":1000},{"@type":"BreadcrumbList","@id":"https:\/\/bringflix.shop\/Produkte\/kinder-tronky-5x18g\/#breadcrumb","itemListElement":[{"@type":"ListItem","position":1,"name":"Home","item":"https:\/\/bringflix.shop\/"},{"@type":"ListItem","position":2,"name":"Shop","item":"https:\/\/bringflix.shop\/shop\/"},{"@type":"ListItem","position":3,"name":"Kinder Tronky 5x18g"}]},{"@type":"WebSite","@id":"https:\/\/bringflix.shop\/#website","url":"https:\/\/bringflix.shop\/","name":"BringFlix","description":"","publisher":{"@id":"https:\/\/bringflix.shop\/#organization"},"potentialAction":[{"@type":"SearchAction","target":{"@type":"EntryPoint","urlTemplate":"https:\/\/bringflix.shop\/?s={search_term_string}"},"query-input":{"@type":"PropertyValueSpecification","valueRequired":true,"valueName":"search_term_string"}}],"inLanguage":"en-US"},{"@type":"Organization","@id":"https:\/\/bringflix.shop\/#organization","name":"BringFlix","url":"https:\/\/bringflix.shop\/","logo":{"@type":"ImageObject","inLanguage":"en-US","@id":"https:\/\/bringflix.shop\/#\/schema\/logo\/image\/","url":"https:\/\/bringflix.shop\/wp-content\/uploads\/2024\/11\/logo-bring-flix.png","contentUrl":"https:\/\/bringflix.shop\/wp-content\/uploads\/2024\/11\/logo-bring-flix.png","width":858,"height":316,"caption":"BringFlix"},"image":{"@id":"https:\/\/bringflix.shop\/#\/schema\/logo\/image\/"}}]}},"jetpack_sharing_enabled":true,"_links":{"self":[{"href":"https:\/\/bringflix.shop\/en\/wp-json\/wp\/v2\/product\/11085","targetHints":{"allow":["GET"]}}],"collection":[{"href":"https:\/\/bringflix.shop\/en\/wp-json\/wp\/v2\/product"}],"about":[{"href":"https:\/\/bringflix.shop\/en\/wp-json\/wp\/v2\/types\/product"}],"replies":[{"embeddable":true,"href":"https:\/\/bringflix.shop\/en\/wp-json\/wp\/v2\/comments?post=11085"}],"wp:featuredmedia":[{"embeddable":true,"href":"https:\/\/bringflix.shop\/en\/wp-json\/wp\/v2\/media\/11111"}],"wp:attachment":[{"href":"https:\/\/bringflix.shop\/en\/wp-json\/wp\/v2\/media?parent=11085"}],"wp:term":[{"taxonomy":"product_brand","embeddable":true,"href":"https:\/\/bringflix.shop\/en\/wp-json\/wp\/v2\/product_brand?post=11085"},{"taxonomy":"product_cat","embeddable":true,"href":"https:\/\/bringflix.shop\/en\/wp-json\/wp\/v2\/product_cat?post=11085"},{"taxonomy":"product_tag","embeddable":true,"href":"https:\/\/bringflix.shop\/en\/wp-json\/wp\/v2\/product_tag?post=11085"}],"curies":[{"name":"wp","href":"https:\/\/api.w.org\/{rel}","templated":true}]}}