{"id":11007,"date":"2026-04-17T21:11:52","date_gmt":"2026-04-17T19:11:52","guid":{"rendered":"https:\/\/bringflix.shop\/?post_type=product&#038;p=11007"},"modified":"2026-04-18T00:17:09","modified_gmt":"2026-04-17T22:17:09","slug":"kitkat-4-x-415g-166g-2","status":"publish","type":"product","link":"https:\/\/bringflix.shop\/en\/Produkte\/kitkat-4-x-415g-166g-2\/","title":{"rendered":"MHD: 02\/25 KitKat (4 x 41,5g) 166g"},"content":{"rendered":"<h3><b>Bezeichnung:<\/b><\/h3>\n<p>Knusperwaffel in Milchschokolade (68,2%)<\/p>\n<h3><b>Herkunft:<\/b><\/h3>\n<p>Deutschland<\/p>\n<h3><b>Konservierung und Lagerung:<\/b><\/h3>\n<p>Trocken lagern. Vor W\u00e4rme sch\u00fctzen.<\/p>\n<h3><b>Hersteller-\/Inverkehrbringer:<\/b><\/h3>\n<p>Nestl\u00e9 Deutschland AG, 60523 Frankfurt am Main, Germany<\/p>\n<p>&nbsp;<\/p>","protected":false},"excerpt":{"rendered":"<h3><b>Zutaten:<\/b><\/h3>\n<p>Zucker, WEIZENMEHL, MAGERMILCHPULVER, Kakaobutter*, pflanzliche Fette (Palm, Shea), Kakaomasse*, Glukosesirup, MOLKENERZEUGNIS, BUTTERREINFETT, fettarmer Kakao*, Emulgator Lecithine, Backtriebmittel Natriumcarbonate.<\/p>\n<h3><b>Allergene:<\/b><\/h3>\n<p>Weizenmehl, Magermilchpulver, Molkenerzeugnis, Butterreinfett<\/p>\n<h3><b>N\u00e4hrwerte (je 100 g):<\/b><\/h3>\n<table>\n<tbody>\n<tr>\n<td>Energie<\/td>\n<td>2.142 kJ\/512 kcal<\/td>\n<\/tr>\n<tr>\n<td>Fett<\/td>\n<td>26,4 g<\/td>\n<\/tr>\n<tr>\n<td>&#8211; davon ges\u00e4ttigte Fetts\u00e4uren<\/td>\n<td>14,9 g<\/td>\n<\/tr>\n<tr>\n<td>Kohlenhydrate<\/td>\n<td>60,5 g<\/td>\n<\/tr>\n<tr>\n<td>&#8211; davon Zucker<\/td>\n<td>43,5 g<\/td>\n<\/tr>\n<tr>\n<td>Ballaststoffe<\/td>\n<td>2,5 g<\/td>\n<\/tr>\n<tr>\n<td>Eiwei\u00df<\/td>\n<td>6,7 g<\/td>\n<\/tr>\n<tr>\n<td>Salz<\/td>\n<td>0,15 g<\/td>\n<\/tr>\n<\/tbody>\n<\/table>","protected":false},"featured_media":1633,"comment_status":"open","ping_status":"closed","template":"","meta":{"_acf_changed":false,"inline_featured_image":false,"site-sidebar-layout":"default","site-content-layout":"","ast-site-content-layout":"","site-content-style":"default","site-sidebar-style":"default","ast-global-header-display":"","ast-banner-title-visibility":"","ast-main-header-display":"","ast-hfb-above-header-display":"","ast-hfb-below-header-display":"","ast-hfb-mobile-header-display":"","site-post-title":"","ast-breadcrumbs-content":"","ast-featured-img":"","footer-sml-layout":"","theme-transparent-header-meta":"","adv-header-id-meta":"","stick-header-meta":"","header-above-stick-meta":"","header-main-stick-meta":"","header-below-stick-meta":"","astra-migrate-meta-layouts":"default","ast-page-background-enabled":"default","ast-page-background-meta":{"desktop":{"background-color":"var(--ast-global-color-4)","background-image":"","background-repeat":"repeat","background-position":"center center","background-size":"auto","background-attachment":"scroll","background-type":"","background-media":"","overlay-type":"","overlay-color":"","overlay-opacity":"","overlay-gradient":""},"tablet":{"background-color":"","background-image":"","background-repeat":"repeat","background-position":"center center","background-size":"auto","background-attachment":"scroll","background-type":"","background-media":"","overlay-type":"","overlay-color":"","overlay-opacity":"","overlay-gradient":""},"mobile":{"background-color":"","background-image":"","background-repeat":"repeat","background-position":"center center","background-size":"auto","background-attachment":"scroll","background-type":"","background-media":"","overlay-type":"","overlay-color":"","overlay-opacity":"","overlay-gradient":""}},"ast-content-background-meta":{"desktop":{"background-color":"var(--ast-global-color-5)","background-image":"","background-repeat":"repeat","background-position":"center center","background-size":"auto","background-attachment":"scroll","background-type":"","background-media":"","overlay-type":"","overlay-color":"","overlay-opacity":"","overlay-gradient":""},"tablet":{"background-color":"var(--ast-global-color-5)","background-image":"","background-repeat":"repeat","background-position":"center center","background-size":"auto","background-attachment":"scroll","background-type":"","background-media":"","overlay-type":"","overlay-color":"","overlay-opacity":"","overlay-gradient":""},"mobile":{"background-color":"var(--ast-global-color-5)","background-image":"","background-repeat":"repeat","background-position":"center center","background-size":"auto","background-attachment":"scroll","background-type":"","background-media":"","overlay-type":"","overlay-color":"","overlay-opacity":"","overlay-gradient":""}}},"product_brand":[],"product_cat":[223],"product_tag":[],"class_list":{"0":"post-11007","1":"product","2":"type-product","3":"status-publish","4":"has-post-thumbnail","6":"product_cat-ueber-dem-mhd-trotzdem-gut","7":"desktop-align-left","8":"tablet-align-left","9":"mobile-align-left","11":"first","12":"instock","13":"taxable","14":"shipping-taxable","15":"purchasable","16":"product-type-simple"},"acf":[],"yoast_head":"<!-- This site is optimized with the Yoast SEO plugin v24.5 - https:\/\/yoast.com\/wordpress\/plugins\/seo\/ -->\n<title>MHD: 02\/25 KitKat (4 x 41,5g) 166g - BringFlix<\/title>\n<meta name=\"robots\" content=\"index, follow, max-snippet:-1, max-image-preview:large, max-video-preview:-1\" \/>\n<link rel=\"canonical\" href=\"https:\/\/bringflix.shop\/en\/Produkte\/kitkat-4-x-415g-166g-2\/\" \/>\n<meta property=\"og:locale\" content=\"en_US\" \/>\n<meta property=\"og:type\" content=\"article\" \/>\n<meta property=\"og:title\" content=\"MHD: 02\/25 KitKat (4 x 41,5g) 166g - BringFlix\" \/>\n<meta property=\"og:description\" content=\"Zutaten: Zucker, WEIZENMEHL, MAGERMILCHPULVER, Kakaobutter*, pflanzliche Fette (Palm, Shea), Kakaomasse*, Glukosesirup, MOLKENERZEUGNIS, BUTTERREINFETT, fettarmer Kakao*, Emulgator Lecithine, Backtriebmittel Natriumcarbonate. Allergene: Weizenmehl, Magermilchpulver, Molkenerzeugnis, Butterreinfett N\u00e4hrwerte (je 100 g):  Energie 2.142 kJ\/512 kcal  Fett 26,4 g  &#8211; davon ges\u00e4ttigte Fetts\u00e4uren 14,9 g  Kohlenhydrate 60,5 g  &#8211; davon Zucker 43,5 g  Ballaststoffe 2,5 g  Eiwei\u00df 6,7 g  Salz 0,15 g\" \/>\n<meta property=\"og:url\" content=\"https:\/\/bringflix.shop\/en\/Produkte\/kitkat-4-x-415g-166g-2\/\" \/>\n<meta property=\"og:site_name\" content=\"BringFlix\" \/>\n<meta property=\"article:modified_time\" content=\"2026-04-17T22:17:09+00:00\" \/>\n<meta property=\"og:image\" content=\"https:\/\/bringflix.shop\/wp-content\/uploads\/2024\/12\/106_copy_600x600.png\" \/>\n\t<meta property=\"og:image:width\" content=\"600\" \/>\n\t<meta property=\"og:image:height\" content=\"600\" \/>\n\t<meta property=\"og:image:type\" content=\"image\/png\" \/>\n<meta name=\"twitter:card\" content=\"summary_large_image\" \/>\n<script type=\"application\/ld+json\" class=\"yoast-schema-graph\">{\"@context\":\"https:\/\/schema.org\",\"@graph\":[{\"@type\":\"WebPage\",\"@id\":\"https:\/\/bringflix.shop\/Produkte\/kitkat-4-x-415g-166g-2\/\",\"url\":\"https:\/\/bringflix.shop\/Produkte\/kitkat-4-x-415g-166g-2\/\",\"name\":\"MHD: 02\/25 KitKat (4 x 41,5g) 166g - BringFlix\",\"isPartOf\":{\"@id\":\"https:\/\/bringflix.shop\/#website\"},\"primaryImageOfPage\":{\"@id\":\"https:\/\/bringflix.shop\/Produkte\/kitkat-4-x-415g-166g-2\/#primaryimage\"},\"image\":{\"@id\":\"https:\/\/bringflix.shop\/Produkte\/kitkat-4-x-415g-166g-2\/#primaryimage\"},\"thumbnailUrl\":\"https:\/\/bringflix.shop\/wp-content\/uploads\/2024\/12\/106_copy_600x600.png\",\"datePublished\":\"2026-04-17T19:11:52+00:00\",\"dateModified\":\"2026-04-17T22:17:09+00:00\",\"breadcrumb\":{\"@id\":\"https:\/\/bringflix.shop\/Produkte\/kitkat-4-x-415g-166g-2\/#breadcrumb\"},\"inLanguage\":\"en-US\",\"potentialAction\":[{\"@type\":\"ReadAction\",\"target\":[\"https:\/\/bringflix.shop\/Produkte\/kitkat-4-x-415g-166g-2\/\"]}]},{\"@type\":\"ImageObject\",\"inLanguage\":\"en-US\",\"@id\":\"https:\/\/bringflix.shop\/Produkte\/kitkat-4-x-415g-166g-2\/#primaryimage\",\"url\":\"https:\/\/bringflix.shop\/wp-content\/uploads\/2024\/12\/106_copy_600x600.png\",\"contentUrl\":\"https:\/\/bringflix.shop\/wp-content\/uploads\/2024\/12\/106_copy_600x600.png\",\"width\":600,\"height\":600},{\"@type\":\"BreadcrumbList\",\"@id\":\"https:\/\/bringflix.shop\/Produkte\/kitkat-4-x-415g-166g-2\/#breadcrumb\",\"itemListElement\":[{\"@type\":\"ListItem\",\"position\":1,\"name\":\"Home\",\"item\":\"https:\/\/bringflix.shop\/\"},{\"@type\":\"ListItem\",\"position\":2,\"name\":\"Shop\",\"item\":\"https:\/\/bringflix.shop\/shop\/\"},{\"@type\":\"ListItem\",\"position\":3,\"name\":\"MHD: 02\/25 KitKat (4 x 41,5g) 166g\"}]},{\"@type\":\"WebSite\",\"@id\":\"https:\/\/bringflix.shop\/#website\",\"url\":\"https:\/\/bringflix.shop\/\",\"name\":\"BringFlix\",\"description\":\"\",\"publisher\":{\"@id\":\"https:\/\/bringflix.shop\/#organization\"},\"potentialAction\":[{\"@type\":\"SearchAction\",\"target\":{\"@type\":\"EntryPoint\",\"urlTemplate\":\"https:\/\/bringflix.shop\/?s={search_term_string}\"},\"query-input\":{\"@type\":\"PropertyValueSpecification\",\"valueRequired\":true,\"valueName\":\"search_term_string\"}}],\"inLanguage\":\"en-US\"},{\"@type\":\"Organization\",\"@id\":\"https:\/\/bringflix.shop\/#organization\",\"name\":\"BringFlix\",\"url\":\"https:\/\/bringflix.shop\/\",\"logo\":{\"@type\":\"ImageObject\",\"inLanguage\":\"en-US\",\"@id\":\"https:\/\/bringflix.shop\/#\/schema\/logo\/image\/\",\"url\":\"https:\/\/bringflix.shop\/wp-content\/uploads\/2024\/11\/logo-bring-flix.png\",\"contentUrl\":\"https:\/\/bringflix.shop\/wp-content\/uploads\/2024\/11\/logo-bring-flix.png\",\"width\":858,\"height\":316,\"caption\":\"BringFlix\"},\"image\":{\"@id\":\"https:\/\/bringflix.shop\/#\/schema\/logo\/image\/\"}}]}<\/script>\n<!-- \/ Yoast SEO plugin. -->","yoast_head_json":{"title":"MHD: 02\/25 KitKat (4 x 41,5g) 166g - BringFlix","robots":{"index":"index","follow":"follow","max-snippet":"max-snippet:-1","max-image-preview":"max-image-preview:large","max-video-preview":"max-video-preview:-1"},"canonical":"https:\/\/bringflix.shop\/en\/Produkte\/kitkat-4-x-415g-166g-2\/","og_locale":"en_US","og_type":"article","og_title":"MHD: 02\/25 KitKat (4 x 41,5g) 166g - BringFlix","og_description":"Zutaten: Zucker, WEIZENMEHL, MAGERMILCHPULVER, Kakaobutter*, pflanzliche Fette (Palm, Shea), Kakaomasse*, Glukosesirup, MOLKENERZEUGNIS, BUTTERREINFETT, fettarmer Kakao*, Emulgator Lecithine, Backtriebmittel Natriumcarbonate. Allergene: Weizenmehl, Magermilchpulver, Molkenerzeugnis, Butterreinfett N\u00e4hrwerte (je 100 g):  Energie 2.142 kJ\/512 kcal  Fett 26,4 g  &#8211; davon ges\u00e4ttigte Fetts\u00e4uren 14,9 g  Kohlenhydrate 60,5 g  &#8211; davon Zucker 43,5 g  Ballaststoffe 2,5 g  Eiwei\u00df 6,7 g  Salz 0,15 g","og_url":"https:\/\/bringflix.shop\/en\/Produkte\/kitkat-4-x-415g-166g-2\/","og_site_name":"BringFlix","article_modified_time":"2026-04-17T22:17:09+00:00","og_image":[{"width":600,"height":600,"url":"https:\/\/bringflix.shop\/wp-content\/uploads\/2024\/12\/106_copy_600x600.png","type":"image\/png"}],"twitter_card":"summary_large_image","schema":{"@context":"https:\/\/schema.org","@graph":[{"@type":"WebPage","@id":"https:\/\/bringflix.shop\/Produkte\/kitkat-4-x-415g-166g-2\/","url":"https:\/\/bringflix.shop\/Produkte\/kitkat-4-x-415g-166g-2\/","name":"MHD: 02\/25 KitKat (4 x 41,5g) 166g - BringFlix","isPartOf":{"@id":"https:\/\/bringflix.shop\/#website"},"primaryImageOfPage":{"@id":"https:\/\/bringflix.shop\/Produkte\/kitkat-4-x-415g-166g-2\/#primaryimage"},"image":{"@id":"https:\/\/bringflix.shop\/Produkte\/kitkat-4-x-415g-166g-2\/#primaryimage"},"thumbnailUrl":"https:\/\/bringflix.shop\/wp-content\/uploads\/2024\/12\/106_copy_600x600.png","datePublished":"2026-04-17T19:11:52+00:00","dateModified":"2026-04-17T22:17:09+00:00","breadcrumb":{"@id":"https:\/\/bringflix.shop\/Produkte\/kitkat-4-x-415g-166g-2\/#breadcrumb"},"inLanguage":"en-US","potentialAction":[{"@type":"ReadAction","target":["https:\/\/bringflix.shop\/Produkte\/kitkat-4-x-415g-166g-2\/"]}]},{"@type":"ImageObject","inLanguage":"en-US","@id":"https:\/\/bringflix.shop\/Produkte\/kitkat-4-x-415g-166g-2\/#primaryimage","url":"https:\/\/bringflix.shop\/wp-content\/uploads\/2024\/12\/106_copy_600x600.png","contentUrl":"https:\/\/bringflix.shop\/wp-content\/uploads\/2024\/12\/106_copy_600x600.png","width":600,"height":600},{"@type":"BreadcrumbList","@id":"https:\/\/bringflix.shop\/Produkte\/kitkat-4-x-415g-166g-2\/#breadcrumb","itemListElement":[{"@type":"ListItem","position":1,"name":"Home","item":"https:\/\/bringflix.shop\/"},{"@type":"ListItem","position":2,"name":"Shop","item":"https:\/\/bringflix.shop\/shop\/"},{"@type":"ListItem","position":3,"name":"MHD: 02\/25 KitKat (4 x 41,5g) 166g"}]},{"@type":"WebSite","@id":"https:\/\/bringflix.shop\/#website","url":"https:\/\/bringflix.shop\/","name":"BringFlix","description":"","publisher":{"@id":"https:\/\/bringflix.shop\/#organization"},"potentialAction":[{"@type":"SearchAction","target":{"@type":"EntryPoint","urlTemplate":"https:\/\/bringflix.shop\/?s={search_term_string}"},"query-input":{"@type":"PropertyValueSpecification","valueRequired":true,"valueName":"search_term_string"}}],"inLanguage":"en-US"},{"@type":"Organization","@id":"https:\/\/bringflix.shop\/#organization","name":"BringFlix","url":"https:\/\/bringflix.shop\/","logo":{"@type":"ImageObject","inLanguage":"en-US","@id":"https:\/\/bringflix.shop\/#\/schema\/logo\/image\/","url":"https:\/\/bringflix.shop\/wp-content\/uploads\/2024\/11\/logo-bring-flix.png","contentUrl":"https:\/\/bringflix.shop\/wp-content\/uploads\/2024\/11\/logo-bring-flix.png","width":858,"height":316,"caption":"BringFlix"},"image":{"@id":"https:\/\/bringflix.shop\/#\/schema\/logo\/image\/"}}]}},"jetpack_sharing_enabled":true,"_links":{"self":[{"href":"https:\/\/bringflix.shop\/en\/wp-json\/wp\/v2\/product\/11007","targetHints":{"allow":["GET"]}}],"collection":[{"href":"https:\/\/bringflix.shop\/en\/wp-json\/wp\/v2\/product"}],"about":[{"href":"https:\/\/bringflix.shop\/en\/wp-json\/wp\/v2\/types\/product"}],"replies":[{"embeddable":true,"href":"https:\/\/bringflix.shop\/en\/wp-json\/wp\/v2\/comments?post=11007"}],"wp:featuredmedia":[{"embeddable":true,"href":"https:\/\/bringflix.shop\/en\/wp-json\/wp\/v2\/media\/1633"}],"wp:attachment":[{"href":"https:\/\/bringflix.shop\/en\/wp-json\/wp\/v2\/media?parent=11007"}],"wp:term":[{"taxonomy":"product_brand","embeddable":true,"href":"https:\/\/bringflix.shop\/en\/wp-json\/wp\/v2\/product_brand?post=11007"},{"taxonomy":"product_cat","embeddable":true,"href":"https:\/\/bringflix.shop\/en\/wp-json\/wp\/v2\/product_cat?post=11007"},{"taxonomy":"product_tag","embeddable":true,"href":"https:\/\/bringflix.shop\/en\/wp-json\/wp\/v2\/product_tag?post=11007"}],"curies":[{"name":"wp","href":"https:\/\/api.w.org\/{rel}","templated":true}]}}