{"id":10910,"date":"2026-04-14T23:22:36","date_gmt":"2026-04-14T21:22:36","guid":{"rendered":"https:\/\/bringflix.shop\/?post_type=product&#038;p=10910"},"modified":"2026-04-14T23:25:06","modified_gmt":"2026-04-14T21:25:06","slug":"mueller-joghurt-mit-der-ecke-schoko-flakes-150g-2-3","status":"publish","type":"product","link":"https:\/\/bringflix.shop\/en\/Produkte\/mueller-joghurt-mit-der-ecke-schoko-flakes-150g-2-3\/","title":{"rendered":"MHD: 14.04.26 M\u00fcller Joghurt mit der Ecke Mandel-Crunch 113g"},"content":{"rendered":"<h3><b>Bezeichnung:<\/b><\/h3>\n<p>Ges\u00fc\u00dfter, aromatisierter Joghurt mild mit 10,6 % Cerealien-Mandelmischung (mit 40 % Mandelst\u00fccken), 8 % Fett im Milchanteil<\/p>\n<h3><b>Herkunft:<\/b><\/h3>\n<p>Deutschland<\/p>\n<h3><b>Konservierung und Lagerung:<\/b><\/h3>\n<p>Bei +8\u00b0C mindestens haltbar bis: siehe Verpackungsaufdruck<\/p>\n<h3><b>Hersteller-\/Inverkehrbringer:<\/b><\/h3>\n<p>Molkerei Alois M\u00fcller GmbH &amp; Co. KG, DE-86850 Aretsried<\/p>","protected":false},"excerpt":{"rendered":"<h3><b>Zutaten:<\/b><\/h3>\n<p>JOGHURT mild, Cerealien-Mandel-Mischung (MANDELST\u00dcCKE, Zucker,<\/p>\n<p>WEIZENMEHL, Reismehl, Glukosesirup, Palm\u00f6l, Honig, Maismehl, WEIZENMALZ,<\/p>\n<p>Speisesalz, GERSTENMALZ, WEIZENGLUTEN, Dextrose, Aroma, Stabilisator<\/p>\n<p>Calciumcarbonat,<\/p>\n<p>Antioxidationsmittel stark tocopherolhaltige<\/p>\n<p>Extrakte), Zucker, Emulgator E 472 b, Speisegelatine (Schwein), Aroma<\/p>\n<p>enth\u00e4lt MILCH), Schaummittel Stickstoff.<\/p>\n<p>KANN SPUREN VON ANDEREM<\/p>\n<p>GLUTENHALTIGEN GETREIDE, ERDN\u00dcSSEN, SOJA, EI, LUPINEN, SENF, SESAM UND<\/p>\n<p>ANDEREN N\u00dcSSEN\/SCHALENFR\u00dcCHTEN ENTHALTEN.<\/p>\n<h3><b>Allergene:<\/b><\/h3>\n<p>Enth\u00e4lt: Milch und<br \/>\nMilcherzeugnisse (einschlie\u00dflich Lactose). Gerste und Gerstenerzeugnisse<br \/>\n(glutenhaltiges Getreide). Mandeln und Mandelerzeugnisse. Weizen und<br \/>\nWeizenerzeugnisse (glutenhaltiges Getreide). Kann enthalten: Eier und<br \/>\nEierzeugnisse. N\u00fcsse und Nusserzeugnisse. Erdn\u00fcsse und<br \/>\nErdnusserzeugnisse. Sesamsamen und Sesamsamenerzeugnisse. Glutenhaltiges<br \/>\nGetreide und glutenhaltige Getreideerzeugnisse. Soja und<\/p>\n<p>Sojaerzeugnisse. Senf- und Senferzeugnisse. Lupine und<\/p>\n<p>Lupinenerzeugnisse.<\/p>\n<h3><b>N\u00e4hrwerte (je 100 g): <\/b><\/h3>\n<table>\n<tbody>\n<tr>\n<td colspan=\"1\" rowspan=\"1\">Energie<\/td>\n<td colspan=\"1\" rowspan=\"1\">531 kJ\/126 kcal<\/td>\n<\/tr>\n<tr>\n<td colspan=\"1\" rowspan=\"1\">Fett<\/td>\n<td colspan=\"1\" rowspan=\"1\">4,9 g<\/td>\n<\/tr>\n<tr>\n<td colspan=\"1\" rowspan=\"1\">\u2013 davon ges\u00e4ttigte Fetts\u00e4uren<\/td>\n<td colspan=\"1\" rowspan=\"1\">3,2 g<\/td>\n<\/tr>\n<tr>\n<td colspan=\"1\" rowspan=\"1\">Kohlenhydrate<\/td>\n<td colspan=\"1\" rowspan=\"1\">15,8 g<\/td>\n<\/tr>\n<tr>\n<td colspan=\"1\" rowspan=\"1\">\u2013 davon Zucker<\/td>\n<td colspan=\"1\" rowspan=\"1\">13,9 g<\/td>\n<\/tr>\n<tr>\n<td colspan=\"1\" rowspan=\"1\">Eiwei\u00df<\/td>\n<td colspan=\"1\" rowspan=\"1\">3,9 g<\/td>\n<\/tr>\n<tr>\n<td colspan=\"1\" rowspan=\"1\">Salz<\/td>\n<td colspan=\"1\" rowspan=\"1\">0,15 g<\/td>\n<\/tr>\n<\/tbody>\n<\/table>","protected":false},"featured_media":8794,"comment_status":"open","ping_status":"closed","template":"","meta":{"_acf_changed":false,"inline_featured_image":false,"site-sidebar-layout":"default","site-content-layout":"","ast-site-content-layout":"","site-content-style":"default","site-sidebar-style":"default","ast-global-header-display":"","ast-banner-title-visibility":"","ast-main-header-display":"","ast-hfb-above-header-display":"","ast-hfb-below-header-display":"","ast-hfb-mobile-header-display":"","site-post-title":"","ast-breadcrumbs-content":"","ast-featured-img":"","footer-sml-layout":"","theme-transparent-header-meta":"","adv-header-id-meta":"","stick-header-meta":"","header-above-stick-meta":"","header-main-stick-meta":"","header-below-stick-meta":"","astra-migrate-meta-layouts":"default","ast-page-background-enabled":"default","ast-page-background-meta":{"desktop":{"background-color":"var(--ast-global-color-4)","background-image":"","background-repeat":"repeat","background-position":"center center","background-size":"auto","background-attachment":"scroll","background-type":"","background-media":"","overlay-type":"","overlay-color":"","overlay-opacity":"","overlay-gradient":""},"tablet":{"background-color":"","background-image":"","background-repeat":"repeat","background-position":"center center","background-size":"auto","background-attachment":"scroll","background-type":"","background-media":"","overlay-type":"","overlay-color":"","overlay-opacity":"","overlay-gradient":""},"mobile":{"background-color":"","background-image":"","background-repeat":"repeat","background-position":"center center","background-size":"auto","background-attachment":"scroll","background-type":"","background-media":"","overlay-type":"","overlay-color":"","overlay-opacity":"","overlay-gradient":""}},"ast-content-background-meta":{"desktop":{"background-color":"var(--ast-global-color-5)","background-image":"","background-repeat":"repeat","background-position":"center center","background-size":"auto","background-attachment":"scroll","background-type":"","background-media":"","overlay-type":"","overlay-color":"","overlay-opacity":"","overlay-gradient":""},"tablet":{"background-color":"var(--ast-global-color-5)","background-image":"","background-repeat":"repeat","background-position":"center center","background-size":"auto","background-attachment":"scroll","background-type":"","background-media":"","overlay-type":"","overlay-color":"","overlay-opacity":"","overlay-gradient":""},"mobile":{"background-color":"var(--ast-global-color-5)","background-image":"","background-repeat":"repeat","background-position":"center center","background-size":"auto","background-attachment":"scroll","background-type":"","background-media":"","overlay-type":"","overlay-color":"","overlay-opacity":"","overlay-gradient":""}}},"product_brand":[],"product_cat":[223],"product_tag":[],"class_list":{"0":"post-10910","1":"product","2":"type-product","3":"status-publish","4":"has-post-thumbnail","6":"product_cat-ueber-dem-mhd-trotzdem-gut","7":"product_shipping_class-all-others","8":"desktop-align-left","9":"tablet-align-left","10":"mobile-align-left","12":"first","13":"instock","14":"taxable","15":"shipping-taxable","16":"purchasable","17":"product-type-simple"},"acf":[],"yoast_head":"<!-- This site is optimized with the Yoast SEO plugin v24.5 - https:\/\/yoast.com\/wordpress\/plugins\/seo\/ -->\n<title>MHD: 14.04.26 M\u00fcller Joghurt mit der Ecke Mandel-Crunch 113g - BringFlix<\/title>\n<meta name=\"robots\" content=\"index, follow, max-snippet:-1, max-image-preview:large, max-video-preview:-1\" \/>\n<link rel=\"canonical\" href=\"https:\/\/bringflix.shop\/en\/Produkte\/mueller-joghurt-mit-der-ecke-schoko-flakes-150g-2-3\/\" \/>\n<meta property=\"og:locale\" content=\"en_US\" \/>\n<meta property=\"og:type\" content=\"article\" \/>\n<meta property=\"og:title\" content=\"MHD: 14.04.26 M\u00fcller Joghurt mit der Ecke Mandel-Crunch 113g - BringFlix\" \/>\n<meta property=\"og:description\" content=\"Zutaten: JOGHURT mild, Cerealien-Mandel-Mischung (MANDELST\u00dcCKE, Zucker, WEIZENMEHL, Reismehl, Glukosesirup, Palm\u00f6l, Honig, Maismehl, WEIZENMALZ, Speisesalz, GERSTENMALZ, WEIZENGLUTEN, Dextrose, Aroma, Stabilisator Calciumcarbonat, Antioxidationsmittel stark tocopherolhaltige Extrakte), Zucker, Emulgator E 472 b, Speisegelatine (Schwein), Aroma enth\u00e4lt MILCH), Schaummittel Stickstoff. KANN SPUREN VON ANDEREM GLUTENHALTIGEN GETREIDE, ERDN\u00dcSSEN, SOJA, EI, LUPINEN, SENF, SESAM UND ANDEREN N\u00dcSSEN\/SCHALENFR\u00dcCHTEN ENTHALTEN. Allergene: Enth\u00e4lt: Milch und Milcherzeugnisse (einschlie\u00dflich Lactose). Gerste und Gerstenerzeugnisse (glutenhaltiges Getreide). Mandeln und Mandelerzeugnisse. Weizen und Weizenerzeugnisse (glutenhaltiges Getreide). Kann enthalten: Eier und Eierzeugnisse. N\u00fcsse und Nusserzeugnisse. Erdn\u00fcsse und Erdnusserzeugnisse. Sesamsamen und Sesamsamenerzeugnisse. Glutenhaltiges Getreide und glutenhaltige Getreideerzeugnisse. Soja und Sojaerzeugnisse. Senf- und Senferzeugnisse. Lupine und Lupinenerzeugnisse. N\u00e4hrwerte (je 100 g):   Energie 531 kJ\/126 kcal  Fett 4,9 g  \u2013 davon ges\u00e4ttigte Fetts\u00e4uren 3,2 g  Kohlenhydrate 15,8 g  \u2013 davon Zucker 13,9 g  Eiwei\u00df 3,9 g  Salz 0,15 g\" \/>\n<meta property=\"og:url\" content=\"https:\/\/bringflix.shop\/en\/Produkte\/mueller-joghurt-mit-der-ecke-schoko-flakes-150g-2-3\/\" \/>\n<meta property=\"og:site_name\" content=\"BringFlix\" \/>\n<meta property=\"article:modified_time\" content=\"2026-04-14T21:25:06+00:00\" \/>\n<meta property=\"og:image\" content=\"https:\/\/bringflix.shop\/wp-content\/uploads\/2025\/09\/1000117242.png\" \/>\n\t<meta property=\"og:image:width\" content=\"600\" \/>\n\t<meta property=\"og:image:height\" content=\"600\" \/>\n\t<meta property=\"og:image:type\" content=\"image\/png\" \/>\n<meta name=\"twitter:card\" content=\"summary_large_image\" \/>\n<script type=\"application\/ld+json\" class=\"yoast-schema-graph\">{\"@context\":\"https:\/\/schema.org\",\"@graph\":[{\"@type\":\"WebPage\",\"@id\":\"https:\/\/bringflix.shop\/Produkte\/mueller-joghurt-mit-der-ecke-schoko-flakes-150g-2-3\/\",\"url\":\"https:\/\/bringflix.shop\/Produkte\/mueller-joghurt-mit-der-ecke-schoko-flakes-150g-2-3\/\",\"name\":\"MHD: 14.04.26 M\u00fcller Joghurt mit der Ecke Mandel-Crunch 113g - BringFlix\",\"isPartOf\":{\"@id\":\"https:\/\/bringflix.shop\/#website\"},\"primaryImageOfPage\":{\"@id\":\"https:\/\/bringflix.shop\/Produkte\/mueller-joghurt-mit-der-ecke-schoko-flakes-150g-2-3\/#primaryimage\"},\"image\":{\"@id\":\"https:\/\/bringflix.shop\/Produkte\/mueller-joghurt-mit-der-ecke-schoko-flakes-150g-2-3\/#primaryimage\"},\"thumbnailUrl\":\"https:\/\/bringflix.shop\/wp-content\/uploads\/2025\/09\/1000117242.png\",\"datePublished\":\"2026-04-14T21:22:36+00:00\",\"dateModified\":\"2026-04-14T21:25:06+00:00\",\"breadcrumb\":{\"@id\":\"https:\/\/bringflix.shop\/Produkte\/mueller-joghurt-mit-der-ecke-schoko-flakes-150g-2-3\/#breadcrumb\"},\"inLanguage\":\"en-US\",\"potentialAction\":[{\"@type\":\"ReadAction\",\"target\":[\"https:\/\/bringflix.shop\/Produkte\/mueller-joghurt-mit-der-ecke-schoko-flakes-150g-2-3\/\"]}]},{\"@type\":\"ImageObject\",\"inLanguage\":\"en-US\",\"@id\":\"https:\/\/bringflix.shop\/Produkte\/mueller-joghurt-mit-der-ecke-schoko-flakes-150g-2-3\/#primaryimage\",\"url\":\"https:\/\/bringflix.shop\/wp-content\/uploads\/2025\/09\/1000117242.png\",\"contentUrl\":\"https:\/\/bringflix.shop\/wp-content\/uploads\/2025\/09\/1000117242.png\",\"width\":600,\"height\":600},{\"@type\":\"BreadcrumbList\",\"@id\":\"https:\/\/bringflix.shop\/Produkte\/mueller-joghurt-mit-der-ecke-schoko-flakes-150g-2-3\/#breadcrumb\",\"itemListElement\":[{\"@type\":\"ListItem\",\"position\":1,\"name\":\"Home\",\"item\":\"https:\/\/bringflix.shop\/\"},{\"@type\":\"ListItem\",\"position\":2,\"name\":\"Shop\",\"item\":\"https:\/\/bringflix.shop\/shop\/\"},{\"@type\":\"ListItem\",\"position\":3,\"name\":\"MHD: 14.04.26 M\u00fcller Joghurt mit der Ecke Mandel-Crunch 113g\"}]},{\"@type\":\"WebSite\",\"@id\":\"https:\/\/bringflix.shop\/#website\",\"url\":\"https:\/\/bringflix.shop\/\",\"name\":\"BringFlix\",\"description\":\"\",\"publisher\":{\"@id\":\"https:\/\/bringflix.shop\/#organization\"},\"potentialAction\":[{\"@type\":\"SearchAction\",\"target\":{\"@type\":\"EntryPoint\",\"urlTemplate\":\"https:\/\/bringflix.shop\/?s={search_term_string}\"},\"query-input\":{\"@type\":\"PropertyValueSpecification\",\"valueRequired\":true,\"valueName\":\"search_term_string\"}}],\"inLanguage\":\"en-US\"},{\"@type\":\"Organization\",\"@id\":\"https:\/\/bringflix.shop\/#organization\",\"name\":\"BringFlix\",\"url\":\"https:\/\/bringflix.shop\/\",\"logo\":{\"@type\":\"ImageObject\",\"inLanguage\":\"en-US\",\"@id\":\"https:\/\/bringflix.shop\/#\/schema\/logo\/image\/\",\"url\":\"https:\/\/bringflix.shop\/wp-content\/uploads\/2024\/11\/logo-bring-flix.png\",\"contentUrl\":\"https:\/\/bringflix.shop\/wp-content\/uploads\/2024\/11\/logo-bring-flix.png\",\"width\":858,\"height\":316,\"caption\":\"BringFlix\"},\"image\":{\"@id\":\"https:\/\/bringflix.shop\/#\/schema\/logo\/image\/\"}}]}<\/script>\n<!-- \/ Yoast SEO plugin. -->","yoast_head_json":{"title":"MHD: 14.04.26 M\u00fcller Joghurt mit der Ecke Mandel-Crunch 113g - BringFlix","robots":{"index":"index","follow":"follow","max-snippet":"max-snippet:-1","max-image-preview":"max-image-preview:large","max-video-preview":"max-video-preview:-1"},"canonical":"https:\/\/bringflix.shop\/en\/Produkte\/mueller-joghurt-mit-der-ecke-schoko-flakes-150g-2-3\/","og_locale":"en_US","og_type":"article","og_title":"MHD: 14.04.26 M\u00fcller Joghurt mit der Ecke Mandel-Crunch 113g - BringFlix","og_description":"Zutaten: JOGHURT mild, Cerealien-Mandel-Mischung (MANDELST\u00dcCKE, Zucker, WEIZENMEHL, Reismehl, Glukosesirup, Palm\u00f6l, Honig, Maismehl, WEIZENMALZ, Speisesalz, GERSTENMALZ, WEIZENGLUTEN, Dextrose, Aroma, Stabilisator Calciumcarbonat, Antioxidationsmittel stark tocopherolhaltige Extrakte), Zucker, Emulgator E 472 b, Speisegelatine (Schwein), Aroma enth\u00e4lt MILCH), Schaummittel Stickstoff. KANN SPUREN VON ANDEREM GLUTENHALTIGEN GETREIDE, ERDN\u00dcSSEN, SOJA, EI, LUPINEN, SENF, SESAM UND ANDEREN N\u00dcSSEN\/SCHALENFR\u00dcCHTEN ENTHALTEN. Allergene: Enth\u00e4lt: Milch und Milcherzeugnisse (einschlie\u00dflich Lactose). Gerste und Gerstenerzeugnisse (glutenhaltiges Getreide). Mandeln und Mandelerzeugnisse. Weizen und Weizenerzeugnisse (glutenhaltiges Getreide). Kann enthalten: Eier und Eierzeugnisse. N\u00fcsse und Nusserzeugnisse. Erdn\u00fcsse und Erdnusserzeugnisse. Sesamsamen und Sesamsamenerzeugnisse. Glutenhaltiges Getreide und glutenhaltige Getreideerzeugnisse. Soja und Sojaerzeugnisse. Senf- und Senferzeugnisse. Lupine und Lupinenerzeugnisse. N\u00e4hrwerte (je 100 g):   Energie 531 kJ\/126 kcal  Fett 4,9 g  \u2013 davon ges\u00e4ttigte Fetts\u00e4uren 3,2 g  Kohlenhydrate 15,8 g  \u2013 davon Zucker 13,9 g  Eiwei\u00df 3,9 g  Salz 0,15 g","og_url":"https:\/\/bringflix.shop\/en\/Produkte\/mueller-joghurt-mit-der-ecke-schoko-flakes-150g-2-3\/","og_site_name":"BringFlix","article_modified_time":"2026-04-14T21:25:06+00:00","og_image":[{"width":600,"height":600,"url":"https:\/\/bringflix.shop\/wp-content\/uploads\/2025\/09\/1000117242.png","type":"image\/png"}],"twitter_card":"summary_large_image","schema":{"@context":"https:\/\/schema.org","@graph":[{"@type":"WebPage","@id":"https:\/\/bringflix.shop\/Produkte\/mueller-joghurt-mit-der-ecke-schoko-flakes-150g-2-3\/","url":"https:\/\/bringflix.shop\/Produkte\/mueller-joghurt-mit-der-ecke-schoko-flakes-150g-2-3\/","name":"MHD: 14.04.26 M\u00fcller Joghurt mit der Ecke Mandel-Crunch 113g - BringFlix","isPartOf":{"@id":"https:\/\/bringflix.shop\/#website"},"primaryImageOfPage":{"@id":"https:\/\/bringflix.shop\/Produkte\/mueller-joghurt-mit-der-ecke-schoko-flakes-150g-2-3\/#primaryimage"},"image":{"@id":"https:\/\/bringflix.shop\/Produkte\/mueller-joghurt-mit-der-ecke-schoko-flakes-150g-2-3\/#primaryimage"},"thumbnailUrl":"https:\/\/bringflix.shop\/wp-content\/uploads\/2025\/09\/1000117242.png","datePublished":"2026-04-14T21:22:36+00:00","dateModified":"2026-04-14T21:25:06+00:00","breadcrumb":{"@id":"https:\/\/bringflix.shop\/Produkte\/mueller-joghurt-mit-der-ecke-schoko-flakes-150g-2-3\/#breadcrumb"},"inLanguage":"en-US","potentialAction":[{"@type":"ReadAction","target":["https:\/\/bringflix.shop\/Produkte\/mueller-joghurt-mit-der-ecke-schoko-flakes-150g-2-3\/"]}]},{"@type":"ImageObject","inLanguage":"en-US","@id":"https:\/\/bringflix.shop\/Produkte\/mueller-joghurt-mit-der-ecke-schoko-flakes-150g-2-3\/#primaryimage","url":"https:\/\/bringflix.shop\/wp-content\/uploads\/2025\/09\/1000117242.png","contentUrl":"https:\/\/bringflix.shop\/wp-content\/uploads\/2025\/09\/1000117242.png","width":600,"height":600},{"@type":"BreadcrumbList","@id":"https:\/\/bringflix.shop\/Produkte\/mueller-joghurt-mit-der-ecke-schoko-flakes-150g-2-3\/#breadcrumb","itemListElement":[{"@type":"ListItem","position":1,"name":"Home","item":"https:\/\/bringflix.shop\/"},{"@type":"ListItem","position":2,"name":"Shop","item":"https:\/\/bringflix.shop\/shop\/"},{"@type":"ListItem","position":3,"name":"MHD: 14.04.26 M\u00fcller Joghurt mit der Ecke Mandel-Crunch 113g"}]},{"@type":"WebSite","@id":"https:\/\/bringflix.shop\/#website","url":"https:\/\/bringflix.shop\/","name":"BringFlix","description":"","publisher":{"@id":"https:\/\/bringflix.shop\/#organization"},"potentialAction":[{"@type":"SearchAction","target":{"@type":"EntryPoint","urlTemplate":"https:\/\/bringflix.shop\/?s={search_term_string}"},"query-input":{"@type":"PropertyValueSpecification","valueRequired":true,"valueName":"search_term_string"}}],"inLanguage":"en-US"},{"@type":"Organization","@id":"https:\/\/bringflix.shop\/#organization","name":"BringFlix","url":"https:\/\/bringflix.shop\/","logo":{"@type":"ImageObject","inLanguage":"en-US","@id":"https:\/\/bringflix.shop\/#\/schema\/logo\/image\/","url":"https:\/\/bringflix.shop\/wp-content\/uploads\/2024\/11\/logo-bring-flix.png","contentUrl":"https:\/\/bringflix.shop\/wp-content\/uploads\/2024\/11\/logo-bring-flix.png","width":858,"height":316,"caption":"BringFlix"},"image":{"@id":"https:\/\/bringflix.shop\/#\/schema\/logo\/image\/"}}]}},"jetpack_sharing_enabled":true,"_links":{"self":[{"href":"https:\/\/bringflix.shop\/en\/wp-json\/wp\/v2\/product\/10910","targetHints":{"allow":["GET"]}}],"collection":[{"href":"https:\/\/bringflix.shop\/en\/wp-json\/wp\/v2\/product"}],"about":[{"href":"https:\/\/bringflix.shop\/en\/wp-json\/wp\/v2\/types\/product"}],"replies":[{"embeddable":true,"href":"https:\/\/bringflix.shop\/en\/wp-json\/wp\/v2\/comments?post=10910"}],"wp:featuredmedia":[{"embeddable":true,"href":"https:\/\/bringflix.shop\/en\/wp-json\/wp\/v2\/media\/8794"}],"wp:attachment":[{"href":"https:\/\/bringflix.shop\/en\/wp-json\/wp\/v2\/media?parent=10910"}],"wp:term":[{"taxonomy":"product_brand","embeddable":true,"href":"https:\/\/bringflix.shop\/en\/wp-json\/wp\/v2\/product_brand?post=10910"},{"taxonomy":"product_cat","embeddable":true,"href":"https:\/\/bringflix.shop\/en\/wp-json\/wp\/v2\/product_cat?post=10910"},{"taxonomy":"product_tag","embeddable":true,"href":"https:\/\/bringflix.shop\/en\/wp-json\/wp\/v2\/product_tag?post=10910"}],"curies":[{"name":"wp","href":"https:\/\/api.w.org\/{rel}","templated":true}]}}