{"id":10890,"date":"2026-04-09T01:51:41","date_gmt":"2026-04-08T23:51:41","guid":{"rendered":"https:\/\/bringflix.shop\/?post_type=product&#038;p=10890"},"modified":"2026-04-09T01:52:33","modified_gmt":"2026-04-08T23:52:33","slug":"alesto-cashewkerne-naturbelassen-200g-2","status":"publish","type":"product","link":"https:\/\/bringflix.shop\/en\/Produkte\/alesto-cashewkerne-naturbelassen-200g-2\/","title":{"rendered":"MHD: 14.04.26 Alesto Cashewkerne naturbelassen 200g"},"content":{"rendered":"<h3><b>Bezeichnung:<\/b><\/h3>\n<p>Cashewkerne, ger\u00f6stet<\/p>\n<h3><b>Herkunft:<\/b><\/h3>\n<p>Deutschland<\/p>\n<h3><b>Konservierung und Lagerung:<\/b><\/h3>\n<p>Vor W\u00e4rme sch\u00fctzen und trocken lagern.<\/p>\n<h3><b>Hersteller-\/Inverkehrbringer:<\/b><\/h3>\n<p>The Snack &amp; Nut Company GmbH, Postfach 21 04 12, DE-50530 K\u00f6ln<\/p>\n<h3>Anwendungsempfehlung:<\/h3>\n<p>Warnung: Kleine Kinder k\u00f6nnen an N\u00fcssen ersticken.<\/p>","protected":false},"excerpt":{"rendered":"<h3><b>Zutaten:<\/b><\/h3>\n<p>Cashewkerne, Sonnenblumen\u00f6l.<\/p>\n<h3><b>N\u00e4hrwerte (je 100 g):<\/b><\/h3>\n<table>\n<tbody>\n<tr>\n<td>Energie<\/td>\n<td>2593 kJ\/625 kcal<\/td>\n<\/tr>\n<tr>\n<td>Fett<\/td>\n<td>50,6 g<\/td>\n<\/tr>\n<tr>\n<td>&#8211; davon ges\u00e4ttigte Fetts\u00e4uren<\/td>\n<td>9,3 g<\/td>\n<\/tr>\n<tr>\n<td>\n<h3>&#8211; davon einfach unges\u00e4ttigte Fetts\u00e4uren<\/h3>\n<\/td>\n<td>21,9 g<\/td>\n<\/tr>\n<tr>\n<td>Kohlenhydrate<\/td>\n<td>21,9 g<\/td>\n<\/tr>\n<tr>\n<td>&#8211; davon Zucker<\/td>\n<td>5,9 g<\/td>\n<\/tr>\n<tr>\n<td>Eiwei\u00df<\/td>\n<td>18,7 g<\/td>\n<\/tr>\n<tr>\n<td>Salz<\/td>\n<td>0,03 g<\/td>\n<\/tr>\n<\/tbody>\n<\/table>","protected":false},"featured_media":10617,"comment_status":"open","ping_status":"closed","template":"","meta":{"_acf_changed":false,"inline_featured_image":false,"site-sidebar-layout":"default","site-content-layout":"","ast-site-content-layout":"","site-content-style":"default","site-sidebar-style":"default","ast-global-header-display":"","ast-banner-title-visibility":"","ast-main-header-display":"","ast-hfb-above-header-display":"","ast-hfb-below-header-display":"","ast-hfb-mobile-header-display":"","site-post-title":"","ast-breadcrumbs-content":"","ast-featured-img":"","footer-sml-layout":"","theme-transparent-header-meta":"","adv-header-id-meta":"","stick-header-meta":"","header-above-stick-meta":"","header-main-stick-meta":"","header-below-stick-meta":"","astra-migrate-meta-layouts":"default","ast-page-background-enabled":"default","ast-page-background-meta":{"desktop":{"background-color":"var(--ast-global-color-4)","background-image":"","background-repeat":"repeat","background-position":"center center","background-size":"auto","background-attachment":"scroll","background-type":"","background-media":"","overlay-type":"","overlay-color":"","overlay-opacity":"","overlay-gradient":""},"tablet":{"background-color":"","background-image":"","background-repeat":"repeat","background-position":"center center","background-size":"auto","background-attachment":"scroll","background-type":"","background-media":"","overlay-type":"","overlay-color":"","overlay-opacity":"","overlay-gradient":""},"mobile":{"background-color":"","background-image":"","background-repeat":"repeat","background-position":"center center","background-size":"auto","background-attachment":"scroll","background-type":"","background-media":"","overlay-type":"","overlay-color":"","overlay-opacity":"","overlay-gradient":""}},"ast-content-background-meta":{"desktop":{"background-color":"var(--ast-global-color-5)","background-image":"","background-repeat":"repeat","background-position":"center center","background-size":"auto","background-attachment":"scroll","background-type":"","background-media":"","overlay-type":"","overlay-color":"","overlay-opacity":"","overlay-gradient":""},"tablet":{"background-color":"var(--ast-global-color-5)","background-image":"","background-repeat":"repeat","background-position":"center center","background-size":"auto","background-attachment":"scroll","background-type":"","background-media":"","overlay-type":"","overlay-color":"","overlay-opacity":"","overlay-gradient":""},"mobile":{"background-color":"var(--ast-global-color-5)","background-image":"","background-repeat":"repeat","background-position":"center center","background-size":"auto","background-attachment":"scroll","background-type":"","background-media":"","overlay-type":"","overlay-color":"","overlay-opacity":"","overlay-gradient":""}}},"product_brand":[],"product_cat":[223],"product_tag":[],"class_list":{"0":"post-10890","1":"product","2":"type-product","3":"status-publish","4":"has-post-thumbnail","6":"product_cat-ueber-dem-mhd-trotzdem-gut","7":"desktop-align-left","8":"tablet-align-left","9":"mobile-align-left","11":"first","12":"instock","13":"taxable","14":"shipping-taxable","15":"purchasable","16":"product-type-simple"},"acf":[],"yoast_head":"<!-- This site is optimized with the Yoast SEO plugin v24.5 - https:\/\/yoast.com\/wordpress\/plugins\/seo\/ -->\n<title>MHD: 14.04.26 Alesto Cashewkerne naturbelassen 200g - BringFlix<\/title>\n<meta name=\"robots\" content=\"index, follow, max-snippet:-1, max-image-preview:large, max-video-preview:-1\" \/>\n<link rel=\"canonical\" href=\"https:\/\/bringflix.shop\/en\/Produkte\/alesto-cashewkerne-naturbelassen-200g-2\/\" \/>\n<meta property=\"og:locale\" content=\"en_US\" \/>\n<meta property=\"og:type\" content=\"article\" \/>\n<meta property=\"og:title\" content=\"MHD: 14.04.26 Alesto Cashewkerne naturbelassen 200g - BringFlix\" \/>\n<meta property=\"og:description\" content=\"Zutaten: Cashewkerne, Sonnenblumen\u00f6l. N\u00e4hrwerte (je 100 g):  Energie 2593 kJ\/625 kcal  Fett 50,6 g  &#8211; davon ges\u00e4ttigte Fetts\u00e4uren 9,3 g  &#8211; davon einfach unges\u00e4ttigte Fetts\u00e4uren 21,9 g  Kohlenhydrate 21,9 g  &#8211; davon Zucker 5,9 g  Eiwei\u00df 18,7 g  Salz 0,03 g\" \/>\n<meta property=\"og:url\" content=\"https:\/\/bringflix.shop\/en\/Produkte\/alesto-cashewkerne-naturbelassen-200g-2\/\" \/>\n<meta property=\"og:site_name\" content=\"BringFlix\" \/>\n<meta property=\"article:modified_time\" content=\"2026-04-08T23:52:33+00:00\" \/>\n<meta property=\"og:image\" content=\"https:\/\/bringflix.shop\/wp-content\/uploads\/2024\/12\/1000122289.png\" \/>\n\t<meta property=\"og:image:width\" content=\"1000\" \/>\n\t<meta property=\"og:image:height\" content=\"1000\" \/>\n\t<meta property=\"og:image:type\" content=\"image\/png\" \/>\n<meta name=\"twitter:card\" content=\"summary_large_image\" \/>\n<script type=\"application\/ld+json\" class=\"yoast-schema-graph\">{\"@context\":\"https:\/\/schema.org\",\"@graph\":[{\"@type\":\"WebPage\",\"@id\":\"https:\/\/bringflix.shop\/Produkte\/alesto-cashewkerne-naturbelassen-200g-2\/\",\"url\":\"https:\/\/bringflix.shop\/Produkte\/alesto-cashewkerne-naturbelassen-200g-2\/\",\"name\":\"MHD: 14.04.26 Alesto Cashewkerne naturbelassen 200g - BringFlix\",\"isPartOf\":{\"@id\":\"https:\/\/bringflix.shop\/#website\"},\"primaryImageOfPage\":{\"@id\":\"https:\/\/bringflix.shop\/Produkte\/alesto-cashewkerne-naturbelassen-200g-2\/#primaryimage\"},\"image\":{\"@id\":\"https:\/\/bringflix.shop\/Produkte\/alesto-cashewkerne-naturbelassen-200g-2\/#primaryimage\"},\"thumbnailUrl\":\"https:\/\/bringflix.shop\/wp-content\/uploads\/2024\/12\/1000122289.png\",\"datePublished\":\"2026-04-08T23:51:41+00:00\",\"dateModified\":\"2026-04-08T23:52:33+00:00\",\"breadcrumb\":{\"@id\":\"https:\/\/bringflix.shop\/Produkte\/alesto-cashewkerne-naturbelassen-200g-2\/#breadcrumb\"},\"inLanguage\":\"en-US\",\"potentialAction\":[{\"@type\":\"ReadAction\",\"target\":[\"https:\/\/bringflix.shop\/Produkte\/alesto-cashewkerne-naturbelassen-200g-2\/\"]}]},{\"@type\":\"ImageObject\",\"inLanguage\":\"en-US\",\"@id\":\"https:\/\/bringflix.shop\/Produkte\/alesto-cashewkerne-naturbelassen-200g-2\/#primaryimage\",\"url\":\"https:\/\/bringflix.shop\/wp-content\/uploads\/2024\/12\/1000122289.png\",\"contentUrl\":\"https:\/\/bringflix.shop\/wp-content\/uploads\/2024\/12\/1000122289.png\",\"width\":1000,\"height\":1000},{\"@type\":\"BreadcrumbList\",\"@id\":\"https:\/\/bringflix.shop\/Produkte\/alesto-cashewkerne-naturbelassen-200g-2\/#breadcrumb\",\"itemListElement\":[{\"@type\":\"ListItem\",\"position\":1,\"name\":\"Home\",\"item\":\"https:\/\/bringflix.shop\/\"},{\"@type\":\"ListItem\",\"position\":2,\"name\":\"Shop\",\"item\":\"https:\/\/bringflix.shop\/shop\/\"},{\"@type\":\"ListItem\",\"position\":3,\"name\":\"MHD: 14.04.26 Alesto Cashewkerne naturbelassen 200g\"}]},{\"@type\":\"WebSite\",\"@id\":\"https:\/\/bringflix.shop\/#website\",\"url\":\"https:\/\/bringflix.shop\/\",\"name\":\"BringFlix\",\"description\":\"\",\"publisher\":{\"@id\":\"https:\/\/bringflix.shop\/#organization\"},\"potentialAction\":[{\"@type\":\"SearchAction\",\"target\":{\"@type\":\"EntryPoint\",\"urlTemplate\":\"https:\/\/bringflix.shop\/?s={search_term_string}\"},\"query-input\":{\"@type\":\"PropertyValueSpecification\",\"valueRequired\":true,\"valueName\":\"search_term_string\"}}],\"inLanguage\":\"en-US\"},{\"@type\":\"Organization\",\"@id\":\"https:\/\/bringflix.shop\/#organization\",\"name\":\"BringFlix\",\"url\":\"https:\/\/bringflix.shop\/\",\"logo\":{\"@type\":\"ImageObject\",\"inLanguage\":\"en-US\",\"@id\":\"https:\/\/bringflix.shop\/#\/schema\/logo\/image\/\",\"url\":\"https:\/\/bringflix.shop\/wp-content\/uploads\/2024\/11\/logo-bring-flix.png\",\"contentUrl\":\"https:\/\/bringflix.shop\/wp-content\/uploads\/2024\/11\/logo-bring-flix.png\",\"width\":858,\"height\":316,\"caption\":\"BringFlix\"},\"image\":{\"@id\":\"https:\/\/bringflix.shop\/#\/schema\/logo\/image\/\"}}]}<\/script>\n<!-- \/ Yoast SEO plugin. -->","yoast_head_json":{"title":"MHD: 14.04.26 Alesto Cashewkerne naturbelassen 200g - BringFlix","robots":{"index":"index","follow":"follow","max-snippet":"max-snippet:-1","max-image-preview":"max-image-preview:large","max-video-preview":"max-video-preview:-1"},"canonical":"https:\/\/bringflix.shop\/en\/Produkte\/alesto-cashewkerne-naturbelassen-200g-2\/","og_locale":"en_US","og_type":"article","og_title":"MHD: 14.04.26 Alesto Cashewkerne naturbelassen 200g - BringFlix","og_description":"Zutaten: Cashewkerne, Sonnenblumen\u00f6l. N\u00e4hrwerte (je 100 g):  Energie 2593 kJ\/625 kcal  Fett 50,6 g  &#8211; davon ges\u00e4ttigte Fetts\u00e4uren 9,3 g  &#8211; davon einfach unges\u00e4ttigte Fetts\u00e4uren 21,9 g  Kohlenhydrate 21,9 g  &#8211; davon Zucker 5,9 g  Eiwei\u00df 18,7 g  Salz 0,03 g","og_url":"https:\/\/bringflix.shop\/en\/Produkte\/alesto-cashewkerne-naturbelassen-200g-2\/","og_site_name":"BringFlix","article_modified_time":"2026-04-08T23:52:33+00:00","og_image":[{"width":1000,"height":1000,"url":"https:\/\/bringflix.shop\/wp-content\/uploads\/2024\/12\/1000122289.png","type":"image\/png"}],"twitter_card":"summary_large_image","schema":{"@context":"https:\/\/schema.org","@graph":[{"@type":"WebPage","@id":"https:\/\/bringflix.shop\/Produkte\/alesto-cashewkerne-naturbelassen-200g-2\/","url":"https:\/\/bringflix.shop\/Produkte\/alesto-cashewkerne-naturbelassen-200g-2\/","name":"MHD: 14.04.26 Alesto Cashewkerne naturbelassen 200g - BringFlix","isPartOf":{"@id":"https:\/\/bringflix.shop\/#website"},"primaryImageOfPage":{"@id":"https:\/\/bringflix.shop\/Produkte\/alesto-cashewkerne-naturbelassen-200g-2\/#primaryimage"},"image":{"@id":"https:\/\/bringflix.shop\/Produkte\/alesto-cashewkerne-naturbelassen-200g-2\/#primaryimage"},"thumbnailUrl":"https:\/\/bringflix.shop\/wp-content\/uploads\/2024\/12\/1000122289.png","datePublished":"2026-04-08T23:51:41+00:00","dateModified":"2026-04-08T23:52:33+00:00","breadcrumb":{"@id":"https:\/\/bringflix.shop\/Produkte\/alesto-cashewkerne-naturbelassen-200g-2\/#breadcrumb"},"inLanguage":"en-US","potentialAction":[{"@type":"ReadAction","target":["https:\/\/bringflix.shop\/Produkte\/alesto-cashewkerne-naturbelassen-200g-2\/"]}]},{"@type":"ImageObject","inLanguage":"en-US","@id":"https:\/\/bringflix.shop\/Produkte\/alesto-cashewkerne-naturbelassen-200g-2\/#primaryimage","url":"https:\/\/bringflix.shop\/wp-content\/uploads\/2024\/12\/1000122289.png","contentUrl":"https:\/\/bringflix.shop\/wp-content\/uploads\/2024\/12\/1000122289.png","width":1000,"height":1000},{"@type":"BreadcrumbList","@id":"https:\/\/bringflix.shop\/Produkte\/alesto-cashewkerne-naturbelassen-200g-2\/#breadcrumb","itemListElement":[{"@type":"ListItem","position":1,"name":"Home","item":"https:\/\/bringflix.shop\/"},{"@type":"ListItem","position":2,"name":"Shop","item":"https:\/\/bringflix.shop\/shop\/"},{"@type":"ListItem","position":3,"name":"MHD: 14.04.26 Alesto Cashewkerne naturbelassen 200g"}]},{"@type":"WebSite","@id":"https:\/\/bringflix.shop\/#website","url":"https:\/\/bringflix.shop\/","name":"BringFlix","description":"","publisher":{"@id":"https:\/\/bringflix.shop\/#organization"},"potentialAction":[{"@type":"SearchAction","target":{"@type":"EntryPoint","urlTemplate":"https:\/\/bringflix.shop\/?s={search_term_string}"},"query-input":{"@type":"PropertyValueSpecification","valueRequired":true,"valueName":"search_term_string"}}],"inLanguage":"en-US"},{"@type":"Organization","@id":"https:\/\/bringflix.shop\/#organization","name":"BringFlix","url":"https:\/\/bringflix.shop\/","logo":{"@type":"ImageObject","inLanguage":"en-US","@id":"https:\/\/bringflix.shop\/#\/schema\/logo\/image\/","url":"https:\/\/bringflix.shop\/wp-content\/uploads\/2024\/11\/logo-bring-flix.png","contentUrl":"https:\/\/bringflix.shop\/wp-content\/uploads\/2024\/11\/logo-bring-flix.png","width":858,"height":316,"caption":"BringFlix"},"image":{"@id":"https:\/\/bringflix.shop\/#\/schema\/logo\/image\/"}}]}},"jetpack_sharing_enabled":true,"_links":{"self":[{"href":"https:\/\/bringflix.shop\/en\/wp-json\/wp\/v2\/product\/10890","targetHints":{"allow":["GET"]}}],"collection":[{"href":"https:\/\/bringflix.shop\/en\/wp-json\/wp\/v2\/product"}],"about":[{"href":"https:\/\/bringflix.shop\/en\/wp-json\/wp\/v2\/types\/product"}],"replies":[{"embeddable":true,"href":"https:\/\/bringflix.shop\/en\/wp-json\/wp\/v2\/comments?post=10890"}],"wp:featuredmedia":[{"embeddable":true,"href":"https:\/\/bringflix.shop\/en\/wp-json\/wp\/v2\/media\/10617"}],"wp:attachment":[{"href":"https:\/\/bringflix.shop\/en\/wp-json\/wp\/v2\/media?parent=10890"}],"wp:term":[{"taxonomy":"product_brand","embeddable":true,"href":"https:\/\/bringflix.shop\/en\/wp-json\/wp\/v2\/product_brand?post=10890"},{"taxonomy":"product_cat","embeddable":true,"href":"https:\/\/bringflix.shop\/en\/wp-json\/wp\/v2\/product_cat?post=10890"},{"taxonomy":"product_tag","embeddable":true,"href":"https:\/\/bringflix.shop\/en\/wp-json\/wp\/v2\/product_tag?post=10890"}],"curies":[{"name":"wp","href":"https:\/\/api.w.org\/{rel}","templated":true}]}}