{"id":10889,"date":"2026-04-09T01:49:14","date_gmt":"2026-04-08T23:49:14","guid":{"rendered":"https:\/\/bringflix.shop\/?post_type=product&#038;p=10889"},"modified":"2026-04-09T01:51:12","modified_gmt":"2026-04-08T23:51:12","slug":"funny-frisch-chipsfrisch-oriental-150g-2-2","status":"publish","type":"product","link":"https:\/\/bringflix.shop\/en\/Produkte\/funny-frisch-chipsfrisch-oriental-150g-2-2\/","title":{"rendered":"MHD: 09.03.26 Funny-frisch Chipsfrisch Oriental 150g"},"content":{"rendered":"<h3><b>Bezeichnung:<\/b><\/h3>\n<p>Kartoffelchips mit pikantem Geschmack<\/p>\n<h3><b>Herkunft:<\/b><\/h3>\n<p><span style=\"font-weight: 400\">Deutschland<\/span><\/p>\n<h3><b>Hersteller-\/Inverkehrbringer:<\/b><\/h3>\n<p data-olk-copy-source=\"MessageBody\">Intersnack Deutschland SE, Erna-Scheffler-Str. 3, DE-51103 K\u00f6ln<\/p>\n<p>&nbsp;<\/p>","protected":false},"excerpt":{"rendered":"<h3><b>Zutaten:<\/b><\/h3>\n<p>Kartoffeln, pflanzliche \u00d6le (Sonnenblume, Raps in ver\u00e4nderlichen Gewichtsanteilen), Zucker, nat\u00fcrliches Aroma, Speisesalz, Knoblauchpulver, Tomatenpulver, Zwiebelpulver, Hefeextrakt, Gew\u00fcrze und Gew\u00fcrzextrakte (Paprika, Chili, Pfeffer, Nelken, Ingwer, Piment, Koriander).<\/p>\n<h3><b>N\u00e4hrwerte (je 100 g):<\/b><b>\u00a0<\/b><\/h3>\n<table class=\"pdsr-Table pdpr-NutritionTable\">\n<tbody role=\"tbody\">\n<tr class=\"pdsr-Table--Row\" role=\"row\">\n<td class=\"pdpr-Table--Cell--Highlight\" role=\"td\" colspan=\"1\">Energie<\/td>\n<td class=\"\" role=\"td\" colspan=\"1\">2.218 kJ<\/td>\n<\/tr>\n<tr class=\"pdsr-Table--Row\" role=\"row\">\n<td class=\"pdpr-Table--Cell--Highlight\" role=\"td\" colspan=\"1\">Energie<\/td>\n<td class=\"\" role=\"td\" colspan=\"1\">532 kcal<\/td>\n<\/tr>\n<tr class=\"pdsr-Table--Row\" role=\"row\">\n<td class=\"pdpr-Table--Cell--Highlight\" role=\"td\" colspan=\"1\">Fett<\/td>\n<td class=\"\" role=\"td\" colspan=\"1\">33 g<\/td>\n<\/tr>\n<tr class=\"pdsr-Table--Row\" role=\"row\">\n<td class=\"pdpr-Table--Cell--Highlight\" role=\"td\" colspan=\"1\">Fett, davon ges\u00e4ttigte Fetts\u00e4uren<\/td>\n<td class=\"\" role=\"td\" colspan=\"1\">2,9 g<\/td>\n<\/tr>\n<tr class=\"pdsr-Table--Row\" role=\"row\">\n<td class=\"pdpr-Table--Cell--Highlight\" role=\"td\" colspan=\"1\">Fett, davon einfach unges\u00e4ttigte Fetts\u00e4uren<\/td>\n<td class=\"\" role=\"td\" colspan=\"1\">0 g<\/td>\n<\/tr>\n<tr class=\"pdsr-Table--Row\" role=\"row\">\n<td class=\"pdpr-Table--Cell--Highlight\" role=\"td\" colspan=\"1\">Fett, davon mehrfach unges\u00e4ttigte Fetts\u00e4uren<\/td>\n<td class=\"\" role=\"td\" colspan=\"1\">0 g<\/td>\n<\/tr>\n<tr class=\"pdsr-Table--Row\" role=\"row\">\n<td class=\"pdpr-Table--Cell--Highlight\" role=\"td\" colspan=\"1\">Kohlenhydrate<\/td>\n<td class=\"\" role=\"td\" colspan=\"1\">50 g<\/td>\n<\/tr>\n<tr class=\"pdsr-Table--Row\" role=\"row\">\n<td class=\"pdpr-Table--Cell--Highlight\" role=\"td\" colspan=\"1\">Kohlenhydrate, davon Zucker<\/td>\n<td class=\"\" role=\"td\" colspan=\"1\">2,8 g<\/td>\n<\/tr>\n<tr class=\"pdsr-Table--Row\" role=\"row\">\n<td class=\"pdpr-Table--Cell--Highlight\" role=\"td\" colspan=\"1\">Ballaststoffe<\/td>\n<td class=\"\" role=\"td\" colspan=\"1\">4,2 g<\/td>\n<\/tr>\n<tr class=\"pdsr-Table--Row\" role=\"row\">\n<td class=\"pdpr-Table--Cell--Highlight\" role=\"td\" colspan=\"1\">Eiwei\u00df<\/td>\n<td class=\"\" role=\"td\" colspan=\"1\">5,6 g<\/td>\n<\/tr>\n<tr class=\"pdsr-Table--Row\" role=\"row\">\n<td class=\"pdpr-Table--Cell--Highlight\" role=\"td\" colspan=\"1\">Salz<\/td>\n<td class=\"\" role=\"td\" colspan=\"1\">1,3 g<\/td>\n<\/tr>\n<\/tbody>\n<\/table>\n<p>&nbsp;<\/p>\n<p>&nbsp;<\/p>\n<p>&nbsp;<\/p>","protected":false},"featured_media":7937,"comment_status":"open","ping_status":"closed","template":"","meta":{"_acf_changed":false,"inline_featured_image":false,"site-sidebar-layout":"default","site-content-layout":"","ast-site-content-layout":"","site-content-style":"default","site-sidebar-style":"default","ast-global-header-display":"","ast-banner-title-visibility":"","ast-main-header-display":"","ast-hfb-above-header-display":"","ast-hfb-below-header-display":"","ast-hfb-mobile-header-display":"","site-post-title":"","ast-breadcrumbs-content":"","ast-featured-img":"","footer-sml-layout":"","theme-transparent-header-meta":"","adv-header-id-meta":"","stick-header-meta":"","header-above-stick-meta":"","header-main-stick-meta":"","header-below-stick-meta":"","astra-migrate-meta-layouts":"default","ast-page-background-enabled":"default","ast-page-background-meta":{"desktop":{"background-color":"var(--ast-global-color-4)","background-image":"","background-repeat":"repeat","background-position":"center center","background-size":"auto","background-attachment":"scroll","background-type":"","background-media":"","overlay-type":"","overlay-color":"","overlay-opacity":"","overlay-gradient":""},"tablet":{"background-color":"","background-image":"","background-repeat":"repeat","background-position":"center center","background-size":"auto","background-attachment":"scroll","background-type":"","background-media":"","overlay-type":"","overlay-color":"","overlay-opacity":"","overlay-gradient":""},"mobile":{"background-color":"","background-image":"","background-repeat":"repeat","background-position":"center center","background-size":"auto","background-attachment":"scroll","background-type":"","background-media":"","overlay-type":"","overlay-color":"","overlay-opacity":"","overlay-gradient":""}},"ast-content-background-meta":{"desktop":{"background-color":"var(--ast-global-color-5)","background-image":"","background-repeat":"repeat","background-position":"center center","background-size":"auto","background-attachment":"scroll","background-type":"","background-media":"","overlay-type":"","overlay-color":"","overlay-opacity":"","overlay-gradient":""},"tablet":{"background-color":"var(--ast-global-color-5)","background-image":"","background-repeat":"repeat","background-position":"center center","background-size":"auto","background-attachment":"scroll","background-type":"","background-media":"","overlay-type":"","overlay-color":"","overlay-opacity":"","overlay-gradient":""},"mobile":{"background-color":"var(--ast-global-color-5)","background-image":"","background-repeat":"repeat","background-position":"center center","background-size":"auto","background-attachment":"scroll","background-type":"","background-media":"","overlay-type":"","overlay-color":"","overlay-opacity":"","overlay-gradient":""}}},"product_brand":[],"product_cat":[223],"product_tag":[],"class_list":{"0":"post-10889","1":"product","2":"type-product","3":"status-publish","4":"has-post-thumbnail","6":"product_cat-ueber-dem-mhd-trotzdem-gut","7":"desktop-align-left","8":"tablet-align-left","9":"mobile-align-left","11":"first","12":"instock","13":"taxable","14":"shipping-taxable","15":"purchasable","16":"product-type-simple"},"acf":[],"yoast_head":"<!-- This site is optimized with the Yoast SEO plugin v24.5 - https:\/\/yoast.com\/wordpress\/plugins\/seo\/ -->\n<title>MHD: 09.03.26 Funny-frisch Chipsfrisch Oriental 150g - BringFlix<\/title>\n<meta name=\"robots\" content=\"index, follow, max-snippet:-1, max-image-preview:large, max-video-preview:-1\" \/>\n<link rel=\"canonical\" href=\"https:\/\/bringflix.shop\/en\/Produkte\/funny-frisch-chipsfrisch-oriental-150g-2-2\/\" \/>\n<meta property=\"og:locale\" content=\"en_US\" \/>\n<meta property=\"og:type\" content=\"article\" \/>\n<meta property=\"og:title\" content=\"MHD: 09.03.26 Funny-frisch Chipsfrisch Oriental 150g - BringFlix\" \/>\n<meta property=\"og:description\" content=\"Zutaten: Kartoffeln, pflanzliche \u00d6le (Sonnenblume, Raps in ver\u00e4nderlichen Gewichtsanteilen), Zucker, nat\u00fcrliches Aroma, Speisesalz, Knoblauchpulver, Tomatenpulver, Zwiebelpulver, Hefeextrakt, Gew\u00fcrze und Gew\u00fcrzextrakte (Paprika, Chili, Pfeffer, Nelken, Ingwer, Piment, Koriander). N\u00e4hrwerte (je 100 g):\u00a0  Energie 2.218 kJ  Energie 532 kcal  Fett 33 g  Fett, davon ges\u00e4ttigte Fetts\u00e4uren 2,9 g  Fett, davon einfach unges\u00e4ttigte Fetts\u00e4uren 0 g  Fett, davon mehrfach unges\u00e4ttigte Fetts\u00e4uren 0 g  Kohlenhydrate 50 g  Kohlenhydrate, davon Zucker 2,8 g  Ballaststoffe 4,2 g  Eiwei\u00df 5,6 g  Salz 1,3 g  &nbsp; &nbsp; &nbsp;\" \/>\n<meta property=\"og:url\" content=\"https:\/\/bringflix.shop\/en\/Produkte\/funny-frisch-chipsfrisch-oriental-150g-2-2\/\" \/>\n<meta property=\"og:site_name\" content=\"BringFlix\" \/>\n<meta property=\"article:modified_time\" content=\"2026-04-08T23:51:12+00:00\" \/>\n<meta property=\"og:image\" content=\"https:\/\/bringflix.shop\/wp-content\/uploads\/2025\/05\/IMG_20250530_003752.png\" \/>\n\t<meta property=\"og:image:width\" content=\"600\" \/>\n\t<meta property=\"og:image:height\" content=\"600\" \/>\n\t<meta property=\"og:image:type\" content=\"image\/png\" \/>\n<meta name=\"twitter:card\" content=\"summary_large_image\" \/>\n<script type=\"application\/ld+json\" class=\"yoast-schema-graph\">{\"@context\":\"https:\/\/schema.org\",\"@graph\":[{\"@type\":\"WebPage\",\"@id\":\"https:\/\/bringflix.shop\/Produkte\/funny-frisch-chipsfrisch-oriental-150g-2-2\/\",\"url\":\"https:\/\/bringflix.shop\/Produkte\/funny-frisch-chipsfrisch-oriental-150g-2-2\/\",\"name\":\"MHD: 09.03.26 Funny-frisch Chipsfrisch Oriental 150g - BringFlix\",\"isPartOf\":{\"@id\":\"https:\/\/bringflix.shop\/#website\"},\"primaryImageOfPage\":{\"@id\":\"https:\/\/bringflix.shop\/Produkte\/funny-frisch-chipsfrisch-oriental-150g-2-2\/#primaryimage\"},\"image\":{\"@id\":\"https:\/\/bringflix.shop\/Produkte\/funny-frisch-chipsfrisch-oriental-150g-2-2\/#primaryimage\"},\"thumbnailUrl\":\"https:\/\/bringflix.shop\/wp-content\/uploads\/2025\/05\/IMG_20250530_003752.png\",\"datePublished\":\"2026-04-08T23:49:14+00:00\",\"dateModified\":\"2026-04-08T23:51:12+00:00\",\"breadcrumb\":{\"@id\":\"https:\/\/bringflix.shop\/Produkte\/funny-frisch-chipsfrisch-oriental-150g-2-2\/#breadcrumb\"},\"inLanguage\":\"en-US\",\"potentialAction\":[{\"@type\":\"ReadAction\",\"target\":[\"https:\/\/bringflix.shop\/Produkte\/funny-frisch-chipsfrisch-oriental-150g-2-2\/\"]}]},{\"@type\":\"ImageObject\",\"inLanguage\":\"en-US\",\"@id\":\"https:\/\/bringflix.shop\/Produkte\/funny-frisch-chipsfrisch-oriental-150g-2-2\/#primaryimage\",\"url\":\"https:\/\/bringflix.shop\/wp-content\/uploads\/2025\/05\/IMG_20250530_003752.png\",\"contentUrl\":\"https:\/\/bringflix.shop\/wp-content\/uploads\/2025\/05\/IMG_20250530_003752.png\",\"width\":600,\"height\":600},{\"@type\":\"BreadcrumbList\",\"@id\":\"https:\/\/bringflix.shop\/Produkte\/funny-frisch-chipsfrisch-oriental-150g-2-2\/#breadcrumb\",\"itemListElement\":[{\"@type\":\"ListItem\",\"position\":1,\"name\":\"Home\",\"item\":\"https:\/\/bringflix.shop\/\"},{\"@type\":\"ListItem\",\"position\":2,\"name\":\"Shop\",\"item\":\"https:\/\/bringflix.shop\/shop\/\"},{\"@type\":\"ListItem\",\"position\":3,\"name\":\"MHD: 09.03.26 Funny-frisch Chipsfrisch Oriental 150g\"}]},{\"@type\":\"WebSite\",\"@id\":\"https:\/\/bringflix.shop\/#website\",\"url\":\"https:\/\/bringflix.shop\/\",\"name\":\"BringFlix\",\"description\":\"\",\"publisher\":{\"@id\":\"https:\/\/bringflix.shop\/#organization\"},\"potentialAction\":[{\"@type\":\"SearchAction\",\"target\":{\"@type\":\"EntryPoint\",\"urlTemplate\":\"https:\/\/bringflix.shop\/?s={search_term_string}\"},\"query-input\":{\"@type\":\"PropertyValueSpecification\",\"valueRequired\":true,\"valueName\":\"search_term_string\"}}],\"inLanguage\":\"en-US\"},{\"@type\":\"Organization\",\"@id\":\"https:\/\/bringflix.shop\/#organization\",\"name\":\"BringFlix\",\"url\":\"https:\/\/bringflix.shop\/\",\"logo\":{\"@type\":\"ImageObject\",\"inLanguage\":\"en-US\",\"@id\":\"https:\/\/bringflix.shop\/#\/schema\/logo\/image\/\",\"url\":\"https:\/\/bringflix.shop\/wp-content\/uploads\/2024\/11\/logo-bring-flix.png\",\"contentUrl\":\"https:\/\/bringflix.shop\/wp-content\/uploads\/2024\/11\/logo-bring-flix.png\",\"width\":858,\"height\":316,\"caption\":\"BringFlix\"},\"image\":{\"@id\":\"https:\/\/bringflix.shop\/#\/schema\/logo\/image\/\"}}]}<\/script>\n<!-- \/ Yoast SEO plugin. -->","yoast_head_json":{"title":"MHD: 09.03.26 Funny-frisch Chipsfrisch Oriental 150g - BringFlix","robots":{"index":"index","follow":"follow","max-snippet":"max-snippet:-1","max-image-preview":"max-image-preview:large","max-video-preview":"max-video-preview:-1"},"canonical":"https:\/\/bringflix.shop\/en\/Produkte\/funny-frisch-chipsfrisch-oriental-150g-2-2\/","og_locale":"en_US","og_type":"article","og_title":"MHD: 09.03.26 Funny-frisch Chipsfrisch Oriental 150g - BringFlix","og_description":"Zutaten: Kartoffeln, pflanzliche \u00d6le (Sonnenblume, Raps in ver\u00e4nderlichen Gewichtsanteilen), Zucker, nat\u00fcrliches Aroma, Speisesalz, Knoblauchpulver, Tomatenpulver, Zwiebelpulver, Hefeextrakt, Gew\u00fcrze und Gew\u00fcrzextrakte (Paprika, Chili, Pfeffer, Nelken, Ingwer, Piment, Koriander). N\u00e4hrwerte (je 100 g):\u00a0  Energie 2.218 kJ  Energie 532 kcal  Fett 33 g  Fett, davon ges\u00e4ttigte Fetts\u00e4uren 2,9 g  Fett, davon einfach unges\u00e4ttigte Fetts\u00e4uren 0 g  Fett, davon mehrfach unges\u00e4ttigte Fetts\u00e4uren 0 g  Kohlenhydrate 50 g  Kohlenhydrate, davon Zucker 2,8 g  Ballaststoffe 4,2 g  Eiwei\u00df 5,6 g  Salz 1,3 g  &nbsp; &nbsp; &nbsp;","og_url":"https:\/\/bringflix.shop\/en\/Produkte\/funny-frisch-chipsfrisch-oriental-150g-2-2\/","og_site_name":"BringFlix","article_modified_time":"2026-04-08T23:51:12+00:00","og_image":[{"width":600,"height":600,"url":"https:\/\/bringflix.shop\/wp-content\/uploads\/2025\/05\/IMG_20250530_003752.png","type":"image\/png"}],"twitter_card":"summary_large_image","schema":{"@context":"https:\/\/schema.org","@graph":[{"@type":"WebPage","@id":"https:\/\/bringflix.shop\/Produkte\/funny-frisch-chipsfrisch-oriental-150g-2-2\/","url":"https:\/\/bringflix.shop\/Produkte\/funny-frisch-chipsfrisch-oriental-150g-2-2\/","name":"MHD: 09.03.26 Funny-frisch Chipsfrisch Oriental 150g - BringFlix","isPartOf":{"@id":"https:\/\/bringflix.shop\/#website"},"primaryImageOfPage":{"@id":"https:\/\/bringflix.shop\/Produkte\/funny-frisch-chipsfrisch-oriental-150g-2-2\/#primaryimage"},"image":{"@id":"https:\/\/bringflix.shop\/Produkte\/funny-frisch-chipsfrisch-oriental-150g-2-2\/#primaryimage"},"thumbnailUrl":"https:\/\/bringflix.shop\/wp-content\/uploads\/2025\/05\/IMG_20250530_003752.png","datePublished":"2026-04-08T23:49:14+00:00","dateModified":"2026-04-08T23:51:12+00:00","breadcrumb":{"@id":"https:\/\/bringflix.shop\/Produkte\/funny-frisch-chipsfrisch-oriental-150g-2-2\/#breadcrumb"},"inLanguage":"en-US","potentialAction":[{"@type":"ReadAction","target":["https:\/\/bringflix.shop\/Produkte\/funny-frisch-chipsfrisch-oriental-150g-2-2\/"]}]},{"@type":"ImageObject","inLanguage":"en-US","@id":"https:\/\/bringflix.shop\/Produkte\/funny-frisch-chipsfrisch-oriental-150g-2-2\/#primaryimage","url":"https:\/\/bringflix.shop\/wp-content\/uploads\/2025\/05\/IMG_20250530_003752.png","contentUrl":"https:\/\/bringflix.shop\/wp-content\/uploads\/2025\/05\/IMG_20250530_003752.png","width":600,"height":600},{"@type":"BreadcrumbList","@id":"https:\/\/bringflix.shop\/Produkte\/funny-frisch-chipsfrisch-oriental-150g-2-2\/#breadcrumb","itemListElement":[{"@type":"ListItem","position":1,"name":"Home","item":"https:\/\/bringflix.shop\/"},{"@type":"ListItem","position":2,"name":"Shop","item":"https:\/\/bringflix.shop\/shop\/"},{"@type":"ListItem","position":3,"name":"MHD: 09.03.26 Funny-frisch Chipsfrisch Oriental 150g"}]},{"@type":"WebSite","@id":"https:\/\/bringflix.shop\/#website","url":"https:\/\/bringflix.shop\/","name":"BringFlix","description":"","publisher":{"@id":"https:\/\/bringflix.shop\/#organization"},"potentialAction":[{"@type":"SearchAction","target":{"@type":"EntryPoint","urlTemplate":"https:\/\/bringflix.shop\/?s={search_term_string}"},"query-input":{"@type":"PropertyValueSpecification","valueRequired":true,"valueName":"search_term_string"}}],"inLanguage":"en-US"},{"@type":"Organization","@id":"https:\/\/bringflix.shop\/#organization","name":"BringFlix","url":"https:\/\/bringflix.shop\/","logo":{"@type":"ImageObject","inLanguage":"en-US","@id":"https:\/\/bringflix.shop\/#\/schema\/logo\/image\/","url":"https:\/\/bringflix.shop\/wp-content\/uploads\/2024\/11\/logo-bring-flix.png","contentUrl":"https:\/\/bringflix.shop\/wp-content\/uploads\/2024\/11\/logo-bring-flix.png","width":858,"height":316,"caption":"BringFlix"},"image":{"@id":"https:\/\/bringflix.shop\/#\/schema\/logo\/image\/"}}]}},"jetpack_sharing_enabled":true,"_links":{"self":[{"href":"https:\/\/bringflix.shop\/en\/wp-json\/wp\/v2\/product\/10889","targetHints":{"allow":["GET"]}}],"collection":[{"href":"https:\/\/bringflix.shop\/en\/wp-json\/wp\/v2\/product"}],"about":[{"href":"https:\/\/bringflix.shop\/en\/wp-json\/wp\/v2\/types\/product"}],"replies":[{"embeddable":true,"href":"https:\/\/bringflix.shop\/en\/wp-json\/wp\/v2\/comments?post=10889"}],"wp:featuredmedia":[{"embeddable":true,"href":"https:\/\/bringflix.shop\/en\/wp-json\/wp\/v2\/media\/7937"}],"wp:attachment":[{"href":"https:\/\/bringflix.shop\/en\/wp-json\/wp\/v2\/media?parent=10889"}],"wp:term":[{"taxonomy":"product_brand","embeddable":true,"href":"https:\/\/bringflix.shop\/en\/wp-json\/wp\/v2\/product_brand?post=10889"},{"taxonomy":"product_cat","embeddable":true,"href":"https:\/\/bringflix.shop\/en\/wp-json\/wp\/v2\/product_cat?post=10889"},{"taxonomy":"product_tag","embeddable":true,"href":"https:\/\/bringflix.shop\/en\/wp-json\/wp\/v2\/product_tag?post=10889"}],"curies":[{"name":"wp","href":"https:\/\/api.w.org\/{rel}","templated":true}]}}