{"id":10630,"date":"2026-03-12T20:28:47","date_gmt":"2026-03-12T19:28:47","guid":{"rendered":"https:\/\/bringflix.shop\/?post_type=product&#038;p=10630"},"modified":"2026-04-19T00:30:16","modified_gmt":"2026-04-18T22:30:16","slug":"conditorei-coppenrath-wiese-spaghetti-erdbeer-torte-360g","status":"publish","type":"product","link":"https:\/\/bringflix.shop\/en\/Produkte\/conditorei-coppenrath-wiese-spaghetti-erdbeer-torte-360g\/","title":{"rendered":"Conditorei Coppenrath &amp; Wiese Spaghetti Erdbeer Torte 360g"},"content":{"rendered":"<h3 id=\"docs-internal-guid-586863e8-7fff-139e-8d77-279cd45e0b10\" dir=\"ltr\" style=\"line-height: 1.3800000000000001;margin-top: 10pt;margin-bottom: 0pt\">Bezeichnung:<\/h3>\n<div class=\"pdpr-RegulatedProductName\">\n<div class=\"pdpr-RegulatedProductName\">\n<div class=\"pdpr-RegulatedProductName\">Spaghetti-Erdbeer-Sahne-Torte, tiefgefroren<\/div>\n<\/div>\n<\/div>\n<h3 dir=\"ltr\" style=\"line-height: 1.3800000000000001;margin-top: 10pt;margin-bottom: 0pt\">Herkunft:<\/h3>\n<p dir=\"ltr\" style=\"line-height: 1.3800000000000001;margin-top: 0pt;margin-bottom: 10pt\">Deutschland<\/p>\n<h3 id=\"docs-internal-guid-4134d2ff-7fff-37ce-b9c8-f7c7d17cb1cd\" dir=\"ltr\" style=\"line-height: 1.3800000000000001;margin-top: 10pt;margin-bottom: 0pt\">Konservierung und Lagerung:<\/h3>\n<div class=\"pdpr-Attribute\">*** -Fach: mind. haltbar bis Ende: s. Vorderseite, **-Fach: 3 Wochen, *-Fach: 4 Tage, 1 Tag im K\u00fchlschrank. Nach dem Auftauen nicht wieder einfrieren. Tiefk\u00fchlung: \u201318 \u00b0C. Zubereitung: Vor dem Auftauen Verpackung entfernen. Auftauen bei Zimmertemperatur: 3,5 &#8211; 4 Stunden.<br \/>\nAufgeschnitten 1 Stunde weniger. Nach einer Auftauzeit von ca. 1 Stunde l\u00e4sst sich die Torte besonders gut schneiden.<\/div>\n<h3 dir=\"ltr\" style=\"line-height: 1.3800000000000001;margin-top: 10pt;margin-bottom: 0pt\">Hersteller-\/Inverkehrbringer:<\/h3>\n<div class=\"pdpr-Attribute\">\n<div class=\"pdpr-Attribute\">\n<div class=\"pdpr-Attribute\">Conditorei Coppenrath &amp; Wiese KG, Hansastra\u00dfe 10 D-49497 Mettingen<\/div>\n<\/div>\n<\/div>","protected":false},"excerpt":{"rendered":"<h3><b>Zutaten Und <\/b>Allergene<b>:<\/b><\/h3>\n<p dir=\"ltr\" style=\"line-height: 1.3800000000000001;margin-top: 0pt;margin-bottom: 10pt\">SAHNE (47%), Erdbeeren (15%), Zucker, Oligofruktose, VOLLEI, modifizierte St\u00e4rke, Invertzuckersirup, pflanzliches \u00d6l (Raps), WEIZENMEHL, Wasser, S\u00dcSSMOLKENPULVER (MILCH), WEIZENST\u00c4RKE, wei\u00dfe Schokolade (1,5%) (Zucker, Kakaobutter*, VOLLMILCHPULVER, Emulgator Lecithine), pflanzliche Fette (Kokos, Palm), nat\u00fcrliches Aroma, Speisegelatine (Rind), Glukose-Sirup, Backtriebmittel (Diphosphate, Natriumcarbonate), Emulgator (Milchs\u00e4ureester von Mono- und Diglyceriden von Speisefetts\u00e4uren, Mono- und Diglyceride von Speisefetts\u00e4uren,<br \/>\nPolyglycerinester von Speisefetts\u00e4uren), S\u00e4uerungsmittel (Citronens\u00e4ure), f\u00e4rbendes Lebensmittel Karottenextrakt, Verdickungsmittel (Natriumalginat, Calciumalginat, Xanthan), MAGERMILCHPULVER, Speisesalz, Farbstoff (Carotin).<\/p>\n<h3 dir=\"ltr\" style=\"line-height: 1.3800000000000001;margin-top: 10pt;margin-bottom: 0pt\">N\u00e4hrwerte (je 100 g):<\/h3>\n<table class=\"pdsr-Table  pdpr-NutritionTable\">\n<tbody>\n<tr class=\"pdsr-Table--Row\">\n<td class=\"pdsr-Table--Cell--Highlight\">Energie<\/td>\n<td>980 kJ<\/td>\n<\/tr>\n<tr class=\"pdsr-Table--Row\">\n<td class=\"pdsr-Table--Cell--Highlight\">Energie<\/td>\n<td>234 kcal<\/td>\n<\/tr>\n<tr class=\"pdsr-Table--Row\">\n<td class=\"pdsr-Table--Cell--Highlight\">Fett<\/td>\n<td>14 g<\/td>\n<\/tr>\n<tr class=\"pdsr-Table--Row\">\n<td class=\"pdsr-Table--Cell--Highlight\">Fett, davon ges\u00e4ttigte Fetts\u00e4uren<\/td>\n<td>6 g<\/td>\n<\/tr>\n<tr class=\"pdsr-Table--Row\">\n<td class=\"pdsr-Table--Cell--Highlight\">Kohlenhydrate<\/td>\n<td>22 g<\/td>\n<\/tr>\n<tr class=\"pdsr-Table--Row\">\n<td class=\"pdsr-Table--Cell--Highlight\">Kohlenhydrate, davon Zucker<\/td>\n<td>15 g<\/td>\n<\/tr>\n<tr class=\"pdsr-Table--Row\">\n<td class=\"pdsr-Table--Cell--Highlight\">Eiwei\u00df<\/td>\n<td>2,9 g<\/td>\n<\/tr>\n<tr class=\"pdsr-Table--Row\">\n<td class=\"pdsr-Table--Cell--Highlight\">Salz<\/td>\n<td>0,37 g<\/td>\n<\/tr>\n<\/tbody>\n<\/table>","protected":false},"featured_media":0,"comment_status":"open","ping_status":"closed","template":"","meta":{"_acf_changed":false,"inline_featured_image":false,"site-sidebar-layout":"default","site-content-layout":"","ast-site-content-layout":"default","site-content-style":"default","site-sidebar-style":"default","ast-global-header-display":"","ast-banner-title-visibility":"","ast-main-header-display":"","ast-hfb-above-header-display":"","ast-hfb-below-header-display":"","ast-hfb-mobile-header-display":"","site-post-title":"","ast-breadcrumbs-content":"","ast-featured-img":"","footer-sml-layout":"","theme-transparent-header-meta":"default","adv-header-id-meta":"","stick-header-meta":"","header-above-stick-meta":"","header-main-stick-meta":"","header-below-stick-meta":"","astra-migrate-meta-layouts":"set","ast-page-background-enabled":"default","ast-page-background-meta":{"desktop":{"background-color":"var(--ast-global-color-4)","background-image":"","background-repeat":"repeat","background-position":"center center","background-size":"auto","background-attachment":"scroll","background-type":"","background-media":"","overlay-type":"","overlay-color":"","overlay-opacity":"","overlay-gradient":""},"tablet":{"background-color":"","background-image":"","background-repeat":"repeat","background-position":"center center","background-size":"auto","background-attachment":"scroll","background-type":"","background-media":"","overlay-type":"","overlay-color":"","overlay-opacity":"","overlay-gradient":""},"mobile":{"background-color":"","background-image":"","background-repeat":"repeat","background-position":"center center","background-size":"auto","background-attachment":"scroll","background-type":"","background-media":"","overlay-type":"","overlay-color":"","overlay-opacity":"","overlay-gradient":""}},"ast-content-background-meta":{"desktop":{"background-color":"var(--ast-global-color-5)","background-image":"","background-repeat":"repeat","background-position":"center center","background-size":"auto","background-attachment":"scroll","background-type":"","background-media":"","overlay-type":"","overlay-color":"","overlay-opacity":"","overlay-gradient":""},"tablet":{"background-color":"var(--ast-global-color-5)","background-image":"","background-repeat":"repeat","background-position":"center center","background-size":"auto","background-attachment":"scroll","background-type":"","background-media":"","overlay-type":"","overlay-color":"","overlay-opacity":"","overlay-gradient":""},"mobile":{"background-color":"var(--ast-global-color-5)","background-image":"","background-repeat":"repeat","background-position":"center center","background-size":"auto","background-attachment":"scroll","background-type":"","background-media":"","overlay-type":"","overlay-color":"","overlay-opacity":"","overlay-gradient":""}}},"product_brand":[],"product_cat":[52,41,102,39],"product_tag":[],"class_list":{"0":"post-10630","1":"product","2":"type-product","3":"status-publish","5":"product_cat-eiscreme-tk-fruechte","6":"product_cat-kekse-kuchen","7":"product_cat-kuchen","8":"product_cat-suesse-salzige-snacks","9":"desktop-align-left","10":"tablet-align-left","11":"mobile-align-left","13":"first","14":"instock","15":"taxable","16":"shipping-taxable","17":"purchasable","18":"product-type-simple"},"acf":[],"yoast_head":"<!-- This site is optimized with the Yoast SEO plugin v24.5 - https:\/\/yoast.com\/wordpress\/plugins\/seo\/ -->\n<title>Conditorei Coppenrath &amp; Wiese Spaghetti Erdbeer Torte 360g - BringFlix<\/title>\n<meta name=\"robots\" content=\"index, follow, max-snippet:-1, max-image-preview:large, max-video-preview:-1\" \/>\n<link rel=\"canonical\" href=\"https:\/\/bringflix.shop\/en\/Produkte\/conditorei-coppenrath-wiese-spaghetti-erdbeer-torte-360g\/\" \/>\n<meta property=\"og:locale\" content=\"en_US\" \/>\n<meta property=\"og:type\" content=\"article\" \/>\n<meta property=\"og:title\" content=\"Conditorei Coppenrath &amp; Wiese Spaghetti Erdbeer Torte 360g - BringFlix\" \/>\n<meta property=\"og:description\" content=\"Zutaten Und Allergene: SAHNE (47%), Erdbeeren (15%), Zucker, Oligofruktose, VOLLEI, modifizierte St\u00e4rke, Invertzuckersirup, pflanzliches \u00d6l (Raps), WEIZENMEHL, Wasser, S\u00dcSSMOLKENPULVER (MILCH), WEIZENST\u00c4RKE, wei\u00dfe Schokolade (1,5%) (Zucker, Kakaobutter*, VOLLMILCHPULVER, Emulgator Lecithine), pflanzliche Fette (Kokos, Palm), nat\u00fcrliches Aroma, Speisegelatine (Rind), Glukose-Sirup, Backtriebmittel (Diphosphate, Natriumcarbonate), Emulgator (Milchs\u00e4ureester von Mono- und Diglyceriden von Speisefetts\u00e4uren, Mono- und Diglyceride von Speisefetts\u00e4uren, Polyglycerinester von Speisefetts\u00e4uren), S\u00e4uerungsmittel (Citronens\u00e4ure), f\u00e4rbendes Lebensmittel Karottenextrakt, Verdickungsmittel (Natriumalginat, Calciumalginat, Xanthan), MAGERMILCHPULVER, Speisesalz, Farbstoff (Carotin).  N\u00e4hrwerte (je 100 g):    Energie 980 kJ   Energie 234 kcal   Fett 14 g   Fett, davon ges\u00e4ttigte Fetts\u00e4uren 6 g   Kohlenhydrate 22 g   Kohlenhydrate, davon Zucker 15 g   Eiwei\u00df 2,9 g   Salz 0,37 g\" \/>\n<meta property=\"og:url\" content=\"https:\/\/bringflix.shop\/en\/Produkte\/conditorei-coppenrath-wiese-spaghetti-erdbeer-torte-360g\/\" \/>\n<meta property=\"og:site_name\" content=\"BringFlix\" \/>\n<meta property=\"article:modified_time\" content=\"2026-04-18T22:30:16+00:00\" \/>\n<meta name=\"twitter:card\" content=\"summary_large_image\" \/>\n<meta name=\"twitter:label1\" content=\"Est. reading time\" \/>\n\t<meta name=\"twitter:data1\" content=\"1 minute\" \/>\n<script type=\"application\/ld+json\" class=\"yoast-schema-graph\">{\"@context\":\"https:\/\/schema.org\",\"@graph\":[{\"@type\":\"WebPage\",\"@id\":\"https:\/\/bringflix.shop\/Produkte\/conditorei-coppenrath-wiese-spaghetti-erdbeer-torte-360g\/\",\"url\":\"https:\/\/bringflix.shop\/Produkte\/conditorei-coppenrath-wiese-spaghetti-erdbeer-torte-360g\/\",\"name\":\"Conditorei Coppenrath &amp; Wiese Spaghetti Erdbeer Torte 360g - BringFlix\",\"isPartOf\":{\"@id\":\"https:\/\/bringflix.shop\/#website\"},\"datePublished\":\"2026-03-12T19:28:47+00:00\",\"dateModified\":\"2026-04-18T22:30:16+00:00\",\"breadcrumb\":{\"@id\":\"https:\/\/bringflix.shop\/Produkte\/conditorei-coppenrath-wiese-spaghetti-erdbeer-torte-360g\/#breadcrumb\"},\"inLanguage\":\"en-US\",\"potentialAction\":[{\"@type\":\"ReadAction\",\"target\":[\"https:\/\/bringflix.shop\/Produkte\/conditorei-coppenrath-wiese-spaghetti-erdbeer-torte-360g\/\"]}]},{\"@type\":\"BreadcrumbList\",\"@id\":\"https:\/\/bringflix.shop\/Produkte\/conditorei-coppenrath-wiese-spaghetti-erdbeer-torte-360g\/#breadcrumb\",\"itemListElement\":[{\"@type\":\"ListItem\",\"position\":1,\"name\":\"Home\",\"item\":\"https:\/\/bringflix.shop\/\"},{\"@type\":\"ListItem\",\"position\":2,\"name\":\"Shop\",\"item\":\"https:\/\/bringflix.shop\/shop\/\"},{\"@type\":\"ListItem\",\"position\":3,\"name\":\"Conditorei Coppenrath &amp; Wiese Spaghetti Erdbeer Torte 360g\"}]},{\"@type\":\"WebSite\",\"@id\":\"https:\/\/bringflix.shop\/#website\",\"url\":\"https:\/\/bringflix.shop\/\",\"name\":\"BringFlix\",\"description\":\"\",\"publisher\":{\"@id\":\"https:\/\/bringflix.shop\/#organization\"},\"potentialAction\":[{\"@type\":\"SearchAction\",\"target\":{\"@type\":\"EntryPoint\",\"urlTemplate\":\"https:\/\/bringflix.shop\/?s={search_term_string}\"},\"query-input\":{\"@type\":\"PropertyValueSpecification\",\"valueRequired\":true,\"valueName\":\"search_term_string\"}}],\"inLanguage\":\"en-US\"},{\"@type\":\"Organization\",\"@id\":\"https:\/\/bringflix.shop\/#organization\",\"name\":\"BringFlix\",\"url\":\"https:\/\/bringflix.shop\/\",\"logo\":{\"@type\":\"ImageObject\",\"inLanguage\":\"en-US\",\"@id\":\"https:\/\/bringflix.shop\/#\/schema\/logo\/image\/\",\"url\":\"https:\/\/bringflix.shop\/wp-content\/uploads\/2024\/11\/logo-bring-flix.png\",\"contentUrl\":\"https:\/\/bringflix.shop\/wp-content\/uploads\/2024\/11\/logo-bring-flix.png\",\"width\":858,\"height\":316,\"caption\":\"BringFlix\"},\"image\":{\"@id\":\"https:\/\/bringflix.shop\/#\/schema\/logo\/image\/\"}}]}<\/script>\n<!-- \/ Yoast SEO plugin. -->","yoast_head_json":{"title":"Conditorei Coppenrath &amp; Wiese Spaghetti Erdbeer Torte 360g - BringFlix","robots":{"index":"index","follow":"follow","max-snippet":"max-snippet:-1","max-image-preview":"max-image-preview:large","max-video-preview":"max-video-preview:-1"},"canonical":"https:\/\/bringflix.shop\/en\/Produkte\/conditorei-coppenrath-wiese-spaghetti-erdbeer-torte-360g\/","og_locale":"en_US","og_type":"article","og_title":"Conditorei Coppenrath &amp; Wiese Spaghetti Erdbeer Torte 360g - BringFlix","og_description":"Zutaten Und Allergene: SAHNE (47%), Erdbeeren (15%), Zucker, Oligofruktose, VOLLEI, modifizierte St\u00e4rke, Invertzuckersirup, pflanzliches \u00d6l (Raps), WEIZENMEHL, Wasser, S\u00dcSSMOLKENPULVER (MILCH), WEIZENST\u00c4RKE, wei\u00dfe Schokolade (1,5%) (Zucker, Kakaobutter*, VOLLMILCHPULVER, Emulgator Lecithine), pflanzliche Fette (Kokos, Palm), nat\u00fcrliches Aroma, Speisegelatine (Rind), Glukose-Sirup, Backtriebmittel (Diphosphate, Natriumcarbonate), Emulgator (Milchs\u00e4ureester von Mono- und Diglyceriden von Speisefetts\u00e4uren, Mono- und Diglyceride von Speisefetts\u00e4uren, Polyglycerinester von Speisefetts\u00e4uren), S\u00e4uerungsmittel (Citronens\u00e4ure), f\u00e4rbendes Lebensmittel Karottenextrakt, Verdickungsmittel (Natriumalginat, Calciumalginat, Xanthan), MAGERMILCHPULVER, Speisesalz, Farbstoff (Carotin).  N\u00e4hrwerte (je 100 g):    Energie 980 kJ   Energie 234 kcal   Fett 14 g   Fett, davon ges\u00e4ttigte Fetts\u00e4uren 6 g   Kohlenhydrate 22 g   Kohlenhydrate, davon Zucker 15 g   Eiwei\u00df 2,9 g   Salz 0,37 g","og_url":"https:\/\/bringflix.shop\/en\/Produkte\/conditorei-coppenrath-wiese-spaghetti-erdbeer-torte-360g\/","og_site_name":"BringFlix","article_modified_time":"2026-04-18T22:30:16+00:00","twitter_card":"summary_large_image","twitter_misc":{"Est. reading time":"1 minute"},"schema":{"@context":"https:\/\/schema.org","@graph":[{"@type":"WebPage","@id":"https:\/\/bringflix.shop\/Produkte\/conditorei-coppenrath-wiese-spaghetti-erdbeer-torte-360g\/","url":"https:\/\/bringflix.shop\/Produkte\/conditorei-coppenrath-wiese-spaghetti-erdbeer-torte-360g\/","name":"Conditorei Coppenrath &amp; Wiese Spaghetti Erdbeer Torte 360g - BringFlix","isPartOf":{"@id":"https:\/\/bringflix.shop\/#website"},"datePublished":"2026-03-12T19:28:47+00:00","dateModified":"2026-04-18T22:30:16+00:00","breadcrumb":{"@id":"https:\/\/bringflix.shop\/Produkte\/conditorei-coppenrath-wiese-spaghetti-erdbeer-torte-360g\/#breadcrumb"},"inLanguage":"en-US","potentialAction":[{"@type":"ReadAction","target":["https:\/\/bringflix.shop\/Produkte\/conditorei-coppenrath-wiese-spaghetti-erdbeer-torte-360g\/"]}]},{"@type":"BreadcrumbList","@id":"https:\/\/bringflix.shop\/Produkte\/conditorei-coppenrath-wiese-spaghetti-erdbeer-torte-360g\/#breadcrumb","itemListElement":[{"@type":"ListItem","position":1,"name":"Home","item":"https:\/\/bringflix.shop\/"},{"@type":"ListItem","position":2,"name":"Shop","item":"https:\/\/bringflix.shop\/shop\/"},{"@type":"ListItem","position":3,"name":"Conditorei Coppenrath &amp; Wiese Spaghetti Erdbeer Torte 360g"}]},{"@type":"WebSite","@id":"https:\/\/bringflix.shop\/#website","url":"https:\/\/bringflix.shop\/","name":"BringFlix","description":"","publisher":{"@id":"https:\/\/bringflix.shop\/#organization"},"potentialAction":[{"@type":"SearchAction","target":{"@type":"EntryPoint","urlTemplate":"https:\/\/bringflix.shop\/?s={search_term_string}"},"query-input":{"@type":"PropertyValueSpecification","valueRequired":true,"valueName":"search_term_string"}}],"inLanguage":"en-US"},{"@type":"Organization","@id":"https:\/\/bringflix.shop\/#organization","name":"BringFlix","url":"https:\/\/bringflix.shop\/","logo":{"@type":"ImageObject","inLanguage":"en-US","@id":"https:\/\/bringflix.shop\/#\/schema\/logo\/image\/","url":"https:\/\/bringflix.shop\/wp-content\/uploads\/2024\/11\/logo-bring-flix.png","contentUrl":"https:\/\/bringflix.shop\/wp-content\/uploads\/2024\/11\/logo-bring-flix.png","width":858,"height":316,"caption":"BringFlix"},"image":{"@id":"https:\/\/bringflix.shop\/#\/schema\/logo\/image\/"}}]}},"jetpack_sharing_enabled":true,"_links":{"self":[{"href":"https:\/\/bringflix.shop\/en\/wp-json\/wp\/v2\/product\/10630","targetHints":{"allow":["GET"]}}],"collection":[{"href":"https:\/\/bringflix.shop\/en\/wp-json\/wp\/v2\/product"}],"about":[{"href":"https:\/\/bringflix.shop\/en\/wp-json\/wp\/v2\/types\/product"}],"replies":[{"embeddable":true,"href":"https:\/\/bringflix.shop\/en\/wp-json\/wp\/v2\/comments?post=10630"}],"wp:attachment":[{"href":"https:\/\/bringflix.shop\/en\/wp-json\/wp\/v2\/media?parent=10630"}],"wp:term":[{"taxonomy":"product_brand","embeddable":true,"href":"https:\/\/bringflix.shop\/en\/wp-json\/wp\/v2\/product_brand?post=10630"},{"taxonomy":"product_cat","embeddable":true,"href":"https:\/\/bringflix.shop\/en\/wp-json\/wp\/v2\/product_cat?post=10630"},{"taxonomy":"product_tag","embeddable":true,"href":"https:\/\/bringflix.shop\/en\/wp-json\/wp\/v2\/product_tag?post=10630"}],"curies":[{"name":"wp","href":"https:\/\/api.w.org\/{rel}","templated":true}]}}