{"id":10625,"date":"2026-03-12T19:26:29","date_gmt":"2026-03-12T18:26:29","guid":{"rendered":"https:\/\/bringflix.shop\/?post_type=product&#038;p=10625"},"modified":"2026-04-28T19:29:42","modified_gmt":"2026-04-28T17:29:42","slug":"original-wagner-big-city-pizza-spicy-pepperoni-435g","status":"publish","type":"product","link":"https:\/\/bringflix.shop\/en\/Produkte\/original-wagner-big-city-pizza-spicy-pepperoni-435g\/","title":{"rendered":"Original Wagner Big City Pizza Spicy Pepperoni 435g"},"content":{"rendered":"<h3><b>Bezeichnung:<\/b><\/h3>\n<div class=\"pdpr-RegulatedProductName\">Pizza belegt mit Peperoniwurst, gr\u00fcnen Peperonischoten und roten Zwiebeln, tiefgefroren.<\/div>\n<div><\/div>\n<h3><b>Herkunft:<\/b><\/h3>\n<p><span style=\"font-weight: 400\">Deutschland<br \/>\n<\/span><\/p>\n<h3><b>Konservierung und Lagerung:<\/b><\/h3>\n<p>Bei -18\u00b0C (***Fach oder Tiefk\u00fchltruhe) mindestens haltbar bis Ende: siehe Seitenlasche. Zubereitungsanweisung f\u00fcr herk\u00f6mmliche Back\u00f6fen:<br \/>\n1. Backofen auf 200 \u00b0C vollst\u00e4ndig vorheizen.<br \/>\n2. Pizza aus der Tiefk\u00fchlung nehmen und Folie entfernen.<br \/>\n3. Pizza auf den Rost, mittlere Schiene des Ofens, legen.<br \/>\nNicht mehr als 1 Pizza gleichzeitig aufbacken.<br \/>\n4. Pizza bei 200 \u00b0C Ober-\/Unterhitze mindestens 22 Minuten backen.<br \/>\nDer K\u00e4se sollte geschmolzen und die R\u00e4nder goldbraun sein. Die Zugabe von zus\u00e4tzlichen Bel\u00e4gen kann eine Anpassung der Backzeit erfordern.<br \/>\n5. Pizza vor dem Verzehr mindestens 1 Minute abk\u00fchlen lassen.<br \/>\nGuten Appetit!<\/p>\n<h3><b>Hersteller-\/Inverkehrbringer:<\/b><\/h3>\n<p data-olk-copy-source=\"MessageBody\">Original Wagner Pizza GmbH, In den Schemeln 4 D-66620 Nonnweiler<\/p>\n<p>&nbsp;<\/p>","protected":false},"excerpt":{"rendered":"<h3><b>Zutaten Und <\/b>Allergene<b>:<\/b><\/h3>\n<p>WEIZENMEHL, Wasser, Tomatenp\u00fcree (10%), Peperoniwurst (7%) (Schweinefleisch, Speck, Gew\u00fcrze, Dextrose, Antioxidationsmittel: Natriumascorbat, Extrakt aus Rosmarin; Gew\u00fcrzextrakte, Zucker, Konservierungsstoff: Natriumnitrit, Rauch), Peperonischoten (5%) (Peperonischoten, Salz, Branntweinessig1, S\u00e4uerungsmittel: Citronens\u00e4ure), rote Zwiebeln (5%), EDAMER (4%), schnittfester MOZZARELLA (4%), Raps\u00f6l, Hefe, Salz, St\u00e4rke, WEIZENGLUTEN, WEIZENSAUERTEIG getrocknet, Zucker, WEIZENQUELLST\u00c4RKE, WEIZENQUELLMEHL, Cayennepfeffer, Dextrose. 1AT: Weingeistessig<\/p>\n<h3>N\u00e4hrwerte (je 100 g):<\/h3>\n<table class=\"pdsr-Table pdpr-NutritionTable\">\n<tbody>\n<tr class=\"pdsr-Table--Row\">\n<td class=\"pdsr-Table--Cell--Highlight\">Energie<\/td>\n<td>979 kJ<\/td>\n<\/tr>\n<tr class=\"pdsr-Table--Row\">\n<td class=\"pdsr-Table--Cell--Highlight\">Energie<\/td>\n<td>233 kcal<\/td>\n<\/tr>\n<tr class=\"pdsr-Table--Row\">\n<td class=\"pdsr-Table--Cell--Highlight\">Fett<\/td>\n<td>9,4 g<\/td>\n<\/tr>\n<tr class=\"pdsr-Table--Row\">\n<td class=\"pdsr-Table--Cell--Highlight\">Fett, davon ges\u00e4ttigte Fetts\u00e4uren<\/td>\n<td>3,1 g<\/td>\n<\/tr>\n<tr class=\"pdsr-Table--Row\">\n<td class=\"pdsr-Table--Cell--Highlight\">Kohlenhydrate<\/td>\n<td>28 g<\/td>\n<\/tr>\n<tr class=\"pdsr-Table--Row\">\n<td class=\"pdsr-Table--Cell--Highlight\">Kohlenhydrate, davon Zucker<\/td>\n<td>3,2 g<\/td>\n<\/tr>\n<tr class=\"pdsr-Table--Row\">\n<td class=\"pdsr-Table--Cell--Highlight\">Ballaststoffe<\/td>\n<td>2 g<\/td>\n<\/tr>\n<tr class=\"pdsr-Table--Row\">\n<td class=\"pdsr-Table--Cell--Highlight\">Eiwei\u00df<\/td>\n<td>8,2 g<\/td>\n<\/tr>\n<tr class=\"pdsr-Table--Row\">\n<td class=\"pdsr-Table--Cell--Highlight\">Salz<\/td>\n<td>1,2 g<\/td>\n<\/tr>\n<\/tbody>\n<\/table>\n<p>&nbsp;<\/p>","protected":false},"featured_media":10631,"comment_status":"open","ping_status":"closed","template":"","meta":{"_acf_changed":false,"inline_featured_image":false,"site-sidebar-layout":"default","site-content-layout":"","ast-site-content-layout":"default","site-content-style":"default","site-sidebar-style":"default","ast-global-header-display":"","ast-banner-title-visibility":"","ast-main-header-display":"","ast-hfb-above-header-display":"","ast-hfb-below-header-display":"","ast-hfb-mobile-header-display":"","site-post-title":"","ast-breadcrumbs-content":"","ast-featured-img":"","footer-sml-layout":"","theme-transparent-header-meta":"default","adv-header-id-meta":"","stick-header-meta":"","header-above-stick-meta":"","header-main-stick-meta":"","header-below-stick-meta":"","astra-migrate-meta-layouts":"set","ast-page-background-enabled":"default","ast-page-background-meta":{"desktop":{"background-color":"var(--ast-global-color-4)","background-image":"","background-repeat":"repeat","background-position":"center center","background-size":"auto","background-attachment":"scroll","background-type":"","background-media":"","overlay-type":"","overlay-color":"","overlay-opacity":"","overlay-gradient":""},"tablet":{"background-color":"","background-image":"","background-repeat":"repeat","background-position":"center center","background-size":"auto","background-attachment":"scroll","background-type":"","background-media":"","overlay-type":"","overlay-color":"","overlay-opacity":"","overlay-gradient":""},"mobile":{"background-color":"","background-image":"","background-repeat":"repeat","background-position":"center center","background-size":"auto","background-attachment":"scroll","background-type":"","background-media":"","overlay-type":"","overlay-color":"","overlay-opacity":"","overlay-gradient":""}},"ast-content-background-meta":{"desktop":{"background-color":"var(--ast-global-color-5)","background-image":"","background-repeat":"repeat","background-position":"center center","background-size":"auto","background-attachment":"scroll","background-type":"","background-media":"","overlay-type":"","overlay-color":"","overlay-opacity":"","overlay-gradient":""},"tablet":{"background-color":"var(--ast-global-color-5)","background-image":"","background-repeat":"repeat","background-position":"center center","background-size":"auto","background-attachment":"scroll","background-type":"","background-media":"","overlay-type":"","overlay-color":"","overlay-opacity":"","overlay-gradient":""},"mobile":{"background-color":"var(--ast-global-color-5)","background-image":"","background-repeat":"repeat","background-position":"center center","background-size":"auto","background-attachment":"scroll","background-type":"","background-media":"","overlay-type":"","overlay-color":"","overlay-opacity":"","overlay-gradient":""}}},"product_brand":[],"product_cat":[50,49],"product_tag":[],"class_list":{"0":"post-10625","1":"product","2":"type-product","3":"status-publish","4":"has-post-thumbnail","6":"product_cat-pizza","7":"product_cat-tiefkuehlung","8":"desktop-align-left","9":"tablet-align-left","10":"mobile-align-left","12":"first","13":"instock","14":"featured","15":"taxable","16":"shipping-taxable","17":"purchasable","18":"product-type-simple"},"acf":[],"yoast_head":"<!-- This site is optimized with the Yoast SEO plugin v24.5 - https:\/\/yoast.com\/wordpress\/plugins\/seo\/ -->\n<title>Original Wagner Big City Pizza Spicy Pepperoni 435g - BringFlix<\/title>\n<meta name=\"robots\" content=\"index, follow, max-snippet:-1, max-image-preview:large, max-video-preview:-1\" \/>\n<link rel=\"canonical\" href=\"https:\/\/bringflix.shop\/en\/Produkte\/original-wagner-big-city-pizza-spicy-pepperoni-435g\/\" \/>\n<meta property=\"og:locale\" content=\"en_US\" \/>\n<meta property=\"og:type\" content=\"article\" \/>\n<meta property=\"og:title\" content=\"Original Wagner Big City Pizza Spicy Pepperoni 435g - BringFlix\" \/>\n<meta property=\"og:description\" content=\"Zutaten Und Allergene: WEIZENMEHL, Wasser, Tomatenp\u00fcree (10%), Peperoniwurst (7%) (Schweinefleisch, Speck, Gew\u00fcrze, Dextrose, Antioxidationsmittel: Natriumascorbat, Extrakt aus Rosmarin; Gew\u00fcrzextrakte, Zucker, Konservierungsstoff: Natriumnitrit, Rauch), Peperonischoten (5%) (Peperonischoten, Salz, Branntweinessig1, S\u00e4uerungsmittel: Citronens\u00e4ure), rote Zwiebeln (5%), EDAMER (4%), schnittfester MOZZARELLA (4%), Raps\u00f6l, Hefe, Salz, St\u00e4rke, WEIZENGLUTEN, WEIZENSAUERTEIG getrocknet, Zucker, WEIZENQUELLST\u00c4RKE, WEIZENQUELLMEHL, Cayennepfeffer, Dextrose. 1AT: Weingeistessig N\u00e4hrwerte (je 100 g):    Energie 979 kJ   Energie 233 kcal   Fett 9,4 g   Fett, davon ges\u00e4ttigte Fetts\u00e4uren 3,1 g   Kohlenhydrate 28 g   Kohlenhydrate, davon Zucker 3,2 g   Ballaststoffe 2 g   Eiwei\u00df 8,2 g   Salz 1,2 g    &nbsp;\" \/>\n<meta property=\"og:url\" content=\"https:\/\/bringflix.shop\/en\/Produkte\/original-wagner-big-city-pizza-spicy-pepperoni-435g\/\" \/>\n<meta property=\"og:site_name\" content=\"BringFlix\" \/>\n<meta property=\"article:modified_time\" content=\"2026-04-28T17:29:42+00:00\" \/>\n<meta property=\"og:image\" content=\"https:\/\/bringflix.shop\/wp-content\/uploads\/2026\/03\/1000122143.png\" \/>\n\t<meta property=\"og:image:width\" content=\"1000\" \/>\n\t<meta property=\"og:image:height\" content=\"1000\" \/>\n\t<meta property=\"og:image:type\" content=\"image\/png\" \/>\n<meta name=\"twitter:card\" content=\"summary_large_image\" \/>\n<meta name=\"twitter:label1\" content=\"Est. reading time\" \/>\n\t<meta name=\"twitter:data1\" content=\"1 minute\" \/>\n<script type=\"application\/ld+json\" class=\"yoast-schema-graph\">{\"@context\":\"https:\/\/schema.org\",\"@graph\":[{\"@type\":\"WebPage\",\"@id\":\"https:\/\/bringflix.shop\/Produkte\/original-wagner-big-city-pizza-spicy-pepperoni-435g\/\",\"url\":\"https:\/\/bringflix.shop\/Produkte\/original-wagner-big-city-pizza-spicy-pepperoni-435g\/\",\"name\":\"Original Wagner Big City Pizza Spicy Pepperoni 435g - BringFlix\",\"isPartOf\":{\"@id\":\"https:\/\/bringflix.shop\/#website\"},\"primaryImageOfPage\":{\"@id\":\"https:\/\/bringflix.shop\/Produkte\/original-wagner-big-city-pizza-spicy-pepperoni-435g\/#primaryimage\"},\"image\":{\"@id\":\"https:\/\/bringflix.shop\/Produkte\/original-wagner-big-city-pizza-spicy-pepperoni-435g\/#primaryimage\"},\"thumbnailUrl\":\"https:\/\/bringflix.shop\/wp-content\/uploads\/2026\/03\/1000122143.png\",\"datePublished\":\"2026-03-12T18:26:29+00:00\",\"dateModified\":\"2026-04-28T17:29:42+00:00\",\"breadcrumb\":{\"@id\":\"https:\/\/bringflix.shop\/Produkte\/original-wagner-big-city-pizza-spicy-pepperoni-435g\/#breadcrumb\"},\"inLanguage\":\"en-US\",\"potentialAction\":[{\"@type\":\"ReadAction\",\"target\":[\"https:\/\/bringflix.shop\/Produkte\/original-wagner-big-city-pizza-spicy-pepperoni-435g\/\"]}]},{\"@type\":\"ImageObject\",\"inLanguage\":\"en-US\",\"@id\":\"https:\/\/bringflix.shop\/Produkte\/original-wagner-big-city-pizza-spicy-pepperoni-435g\/#primaryimage\",\"url\":\"https:\/\/bringflix.shop\/wp-content\/uploads\/2026\/03\/1000122143.png\",\"contentUrl\":\"https:\/\/bringflix.shop\/wp-content\/uploads\/2026\/03\/1000122143.png\",\"width\":1000,\"height\":1000},{\"@type\":\"BreadcrumbList\",\"@id\":\"https:\/\/bringflix.shop\/Produkte\/original-wagner-big-city-pizza-spicy-pepperoni-435g\/#breadcrumb\",\"itemListElement\":[{\"@type\":\"ListItem\",\"position\":1,\"name\":\"Home\",\"item\":\"https:\/\/bringflix.shop\/\"},{\"@type\":\"ListItem\",\"position\":2,\"name\":\"Shop\",\"item\":\"https:\/\/bringflix.shop\/shop\/\"},{\"@type\":\"ListItem\",\"position\":3,\"name\":\"Original Wagner Big City Pizza Spicy Pepperoni 435g\"}]},{\"@type\":\"WebSite\",\"@id\":\"https:\/\/bringflix.shop\/#website\",\"url\":\"https:\/\/bringflix.shop\/\",\"name\":\"BringFlix\",\"description\":\"\",\"publisher\":{\"@id\":\"https:\/\/bringflix.shop\/#organization\"},\"potentialAction\":[{\"@type\":\"SearchAction\",\"target\":{\"@type\":\"EntryPoint\",\"urlTemplate\":\"https:\/\/bringflix.shop\/?s={search_term_string}\"},\"query-input\":{\"@type\":\"PropertyValueSpecification\",\"valueRequired\":true,\"valueName\":\"search_term_string\"}}],\"inLanguage\":\"en-US\"},{\"@type\":\"Organization\",\"@id\":\"https:\/\/bringflix.shop\/#organization\",\"name\":\"BringFlix\",\"url\":\"https:\/\/bringflix.shop\/\",\"logo\":{\"@type\":\"ImageObject\",\"inLanguage\":\"en-US\",\"@id\":\"https:\/\/bringflix.shop\/#\/schema\/logo\/image\/\",\"url\":\"https:\/\/bringflix.shop\/wp-content\/uploads\/2024\/11\/logo-bring-flix.png\",\"contentUrl\":\"https:\/\/bringflix.shop\/wp-content\/uploads\/2024\/11\/logo-bring-flix.png\",\"width\":858,\"height\":316,\"caption\":\"BringFlix\"},\"image\":{\"@id\":\"https:\/\/bringflix.shop\/#\/schema\/logo\/image\/\"}}]}<\/script>\n<!-- \/ Yoast SEO plugin. -->","yoast_head_json":{"title":"Original Wagner Big City Pizza Spicy Pepperoni 435g - BringFlix","robots":{"index":"index","follow":"follow","max-snippet":"max-snippet:-1","max-image-preview":"max-image-preview:large","max-video-preview":"max-video-preview:-1"},"canonical":"https:\/\/bringflix.shop\/en\/Produkte\/original-wagner-big-city-pizza-spicy-pepperoni-435g\/","og_locale":"en_US","og_type":"article","og_title":"Original Wagner Big City Pizza Spicy Pepperoni 435g - BringFlix","og_description":"Zutaten Und Allergene: WEIZENMEHL, Wasser, Tomatenp\u00fcree (10%), Peperoniwurst (7%) (Schweinefleisch, Speck, Gew\u00fcrze, Dextrose, Antioxidationsmittel: Natriumascorbat, Extrakt aus Rosmarin; Gew\u00fcrzextrakte, Zucker, Konservierungsstoff: Natriumnitrit, Rauch), Peperonischoten (5%) (Peperonischoten, Salz, Branntweinessig1, S\u00e4uerungsmittel: Citronens\u00e4ure), rote Zwiebeln (5%), EDAMER (4%), schnittfester MOZZARELLA (4%), Raps\u00f6l, Hefe, Salz, St\u00e4rke, WEIZENGLUTEN, WEIZENSAUERTEIG getrocknet, Zucker, WEIZENQUELLST\u00c4RKE, WEIZENQUELLMEHL, Cayennepfeffer, Dextrose. 1AT: Weingeistessig N\u00e4hrwerte (je 100 g):    Energie 979 kJ   Energie 233 kcal   Fett 9,4 g   Fett, davon ges\u00e4ttigte Fetts\u00e4uren 3,1 g   Kohlenhydrate 28 g   Kohlenhydrate, davon Zucker 3,2 g   Ballaststoffe 2 g   Eiwei\u00df 8,2 g   Salz 1,2 g    &nbsp;","og_url":"https:\/\/bringflix.shop\/en\/Produkte\/original-wagner-big-city-pizza-spicy-pepperoni-435g\/","og_site_name":"BringFlix","article_modified_time":"2026-04-28T17:29:42+00:00","og_image":[{"width":1000,"height":1000,"url":"https:\/\/bringflix.shop\/wp-content\/uploads\/2026\/03\/1000122143.png","type":"image\/png"}],"twitter_card":"summary_large_image","twitter_misc":{"Est. reading time":"1 minute"},"schema":{"@context":"https:\/\/schema.org","@graph":[{"@type":"WebPage","@id":"https:\/\/bringflix.shop\/Produkte\/original-wagner-big-city-pizza-spicy-pepperoni-435g\/","url":"https:\/\/bringflix.shop\/Produkte\/original-wagner-big-city-pizza-spicy-pepperoni-435g\/","name":"Original Wagner Big City Pizza Spicy Pepperoni 435g - BringFlix","isPartOf":{"@id":"https:\/\/bringflix.shop\/#website"},"primaryImageOfPage":{"@id":"https:\/\/bringflix.shop\/Produkte\/original-wagner-big-city-pizza-spicy-pepperoni-435g\/#primaryimage"},"image":{"@id":"https:\/\/bringflix.shop\/Produkte\/original-wagner-big-city-pizza-spicy-pepperoni-435g\/#primaryimage"},"thumbnailUrl":"https:\/\/bringflix.shop\/wp-content\/uploads\/2026\/03\/1000122143.png","datePublished":"2026-03-12T18:26:29+00:00","dateModified":"2026-04-28T17:29:42+00:00","breadcrumb":{"@id":"https:\/\/bringflix.shop\/Produkte\/original-wagner-big-city-pizza-spicy-pepperoni-435g\/#breadcrumb"},"inLanguage":"en-US","potentialAction":[{"@type":"ReadAction","target":["https:\/\/bringflix.shop\/Produkte\/original-wagner-big-city-pizza-spicy-pepperoni-435g\/"]}]},{"@type":"ImageObject","inLanguage":"en-US","@id":"https:\/\/bringflix.shop\/Produkte\/original-wagner-big-city-pizza-spicy-pepperoni-435g\/#primaryimage","url":"https:\/\/bringflix.shop\/wp-content\/uploads\/2026\/03\/1000122143.png","contentUrl":"https:\/\/bringflix.shop\/wp-content\/uploads\/2026\/03\/1000122143.png","width":1000,"height":1000},{"@type":"BreadcrumbList","@id":"https:\/\/bringflix.shop\/Produkte\/original-wagner-big-city-pizza-spicy-pepperoni-435g\/#breadcrumb","itemListElement":[{"@type":"ListItem","position":1,"name":"Home","item":"https:\/\/bringflix.shop\/"},{"@type":"ListItem","position":2,"name":"Shop","item":"https:\/\/bringflix.shop\/shop\/"},{"@type":"ListItem","position":3,"name":"Original Wagner Big City Pizza Spicy Pepperoni 435g"}]},{"@type":"WebSite","@id":"https:\/\/bringflix.shop\/#website","url":"https:\/\/bringflix.shop\/","name":"BringFlix","description":"","publisher":{"@id":"https:\/\/bringflix.shop\/#organization"},"potentialAction":[{"@type":"SearchAction","target":{"@type":"EntryPoint","urlTemplate":"https:\/\/bringflix.shop\/?s={search_term_string}"},"query-input":{"@type":"PropertyValueSpecification","valueRequired":true,"valueName":"search_term_string"}}],"inLanguage":"en-US"},{"@type":"Organization","@id":"https:\/\/bringflix.shop\/#organization","name":"BringFlix","url":"https:\/\/bringflix.shop\/","logo":{"@type":"ImageObject","inLanguage":"en-US","@id":"https:\/\/bringflix.shop\/#\/schema\/logo\/image\/","url":"https:\/\/bringflix.shop\/wp-content\/uploads\/2024\/11\/logo-bring-flix.png","contentUrl":"https:\/\/bringflix.shop\/wp-content\/uploads\/2024\/11\/logo-bring-flix.png","width":858,"height":316,"caption":"BringFlix"},"image":{"@id":"https:\/\/bringflix.shop\/#\/schema\/logo\/image\/"}}]}},"jetpack_sharing_enabled":true,"_links":{"self":[{"href":"https:\/\/bringflix.shop\/en\/wp-json\/wp\/v2\/product\/10625","targetHints":{"allow":["GET"]}}],"collection":[{"href":"https:\/\/bringflix.shop\/en\/wp-json\/wp\/v2\/product"}],"about":[{"href":"https:\/\/bringflix.shop\/en\/wp-json\/wp\/v2\/types\/product"}],"replies":[{"embeddable":true,"href":"https:\/\/bringflix.shop\/en\/wp-json\/wp\/v2\/comments?post=10625"}],"wp:featuredmedia":[{"embeddable":true,"href":"https:\/\/bringflix.shop\/en\/wp-json\/wp\/v2\/media\/10631"}],"wp:attachment":[{"href":"https:\/\/bringflix.shop\/en\/wp-json\/wp\/v2\/media?parent=10625"}],"wp:term":[{"taxonomy":"product_brand","embeddable":true,"href":"https:\/\/bringflix.shop\/en\/wp-json\/wp\/v2\/product_brand?post=10625"},{"taxonomy":"product_cat","embeddable":true,"href":"https:\/\/bringflix.shop\/en\/wp-json\/wp\/v2\/product_cat?post=10625"},{"taxonomy":"product_tag","embeddable":true,"href":"https:\/\/bringflix.shop\/en\/wp-json\/wp\/v2\/product_tag?post=10625"}],"curies":[{"name":"wp","href":"https:\/\/api.w.org\/{rel}","templated":true}]}}