{"id":10620,"date":"2026-03-12T18:44:36","date_gmt":"2026-03-12T17:44:36","guid":{"rendered":"https:\/\/bringflix.shop\/?post_type=product&#038;p=10620"},"modified":"2026-03-12T19:00:09","modified_gmt":"2026-03-12T18:00:09","slug":"nuii-ice-cream-anatolian-pistachio-270ml","status":"publish","type":"product","link":"https:\/\/bringflix.shop\/en\/Produkte\/nuii-ice-cream-anatolian-pistachio-270ml\/","title":{"rendered":"Nuii Ice Cream &amp; Anatolian Pistachio 270ml"},"content":{"rendered":"<h3>Bezeichnung:<\/h3>\n<div class=\"pdpr-RegulatedProductName\">Pistazieneis (CH: Speiseeis Pistazie) mit anatolischen Pistazien und Eiscreme (mit 8 % Milchfett) mit Schlagsahne (CH: Rahmglace), \u00fcberzogen mit wei\u00dfer Schokolade (30 %) mit ger\u00f6stete anatolischen Pistazienst\u00fcckchen (2,5 %) und gesalzenen Waffelst\u00fcckchen (1,2 %)<\/div>\n<div><\/div>\n<h3>Herkunft:<\/h3>\n<p>Deutschland<\/p>\n<h3>Konservierung und Lagerung:<\/h3>\n<p>Bei -18 \u00b0C mindestens haltbar bis Ende: siehe Seite.<\/p>\n<h3>Hersteller-\/Inverkehrbringer:<\/h3>\n<p>Froneri Ice Cream Deutschland GmbH, Eduard-Pestel-Str. 15, D- 49080 Osnabr\u00fcck<\/p>","protected":false},"excerpt":{"rendered":"<h3><b>Zutaten Und <\/b>Allergene<b>:<\/b><\/h3>\n<p>entrahmte MILCH, Glukose-Fruktose-Sirup, Zucker, Wasser, Sauerkirschen (7%), Glukosesirup, Kokosfett, Sauerkirschensaft aus Sauerkirschensaftkonzentrat (4%), Dextrose, eingedickte entrahmte MILCH, Invertzuckersirup, fettarmes Kakaopulver\u00b9 (1%), Kakaomasse\u00b9 (1%), Schwarzw\u00e4lder Kirschwasser (0,6%), MOLKENERZEUGNIS, Kakaobutter\u00b9 (0,3%), Stabilisatoren (Johannisbrotkernmehl, Guarkernmehl, Pektine, Tarakernmehl, Carrageen, Agar-Agar), Emulgatoren (Mono- und Diglyceride von Speisefetts\u00e4uren, Ammoniumphosphatide), Rote-Bete-Saftkonzentrat, VOLLMILCHPULVER, BUTTERFETT, S\u00e4ureregulator (Citronens\u00e4ure), nat\u00fcrliche Aromen (mit MILCH). Kann Ei, Haselnuss, Soja, Walnuss und Weizen enthalten. Enth\u00e4lt Alkohol: 0,2 % vol. \u00b9Rainforest Alliance-zertifiziert.<\/p>\n<h3>N\u00e4hrwerte (je 100 g):<\/h3>\n<table class=\"pdsr-Table  pdpr-NutritionTable\">\n<tbody>\n<tr class=\"pdsr-Table--Row\">\n<td class=\"pdsr-Table--Cell--Highlight\">Energie<\/td>\n<td>1.430 kJ<\/td>\n<\/tr>\n<tr class=\"pdsr-Table--Row\">\n<td class=\"pdsr-Table--Cell--Highlight\">Energie<\/td>\n<td>343 kcal<\/td>\n<\/tr>\n<tr class=\"pdsr-Table--Row\">\n<td class=\"pdsr-Table--Cell--Highlight\">Fett<\/td>\n<td>20 g<\/td>\n<\/tr>\n<tr class=\"pdsr-Table--Row\">\n<td class=\"pdsr-Table--Cell--Highlight\">Fett, davon ges\u00e4ttigte Fetts\u00e4uren<\/td>\n<td>11 g<\/td>\n<\/tr>\n<tr class=\"pdsr-Table--Row\">\n<td class=\"pdsr-Table--Cell--Highlight\">Kohlenhydrate<\/td>\n<td>35 g<\/td>\n<\/tr>\n<tr class=\"pdsr-Table--Row\">\n<td class=\"pdsr-Table--Cell--Highlight\">Kohlenhydrate, davon Zucker<\/td>\n<td>27 g<\/td>\n<\/tr>\n<tr class=\"pdsr-Table--Row\">\n<td class=\"pdsr-Table--Cell--Highlight\">Ballaststoffe<\/td>\n<td>0,8 g<\/td>\n<\/tr>\n<tr class=\"pdsr-Table--Row\">\n<td class=\"pdsr-Table--Cell--Highlight\">Eiwei\u00df<\/td>\n<td>5,6 g<\/td>\n<\/tr>\n<tr class=\"pdsr-Table--Row\">\n<td class=\"pdsr-Table--Cell--Highlight\">Salz<\/td>\n<td>0,35 g<\/td>\n<\/tr>\n<\/tbody>\n<\/table>","protected":false},"featured_media":0,"comment_status":"open","ping_status":"closed","template":"","meta":{"_acf_changed":false,"inline_featured_image":false,"site-sidebar-layout":"default","site-content-layout":"","ast-site-content-layout":"default","site-content-style":"default","site-sidebar-style":"default","ast-global-header-display":"","ast-banner-title-visibility":"","ast-main-header-display":"","ast-hfb-above-header-display":"","ast-hfb-below-header-display":"","ast-hfb-mobile-header-display":"","site-post-title":"","ast-breadcrumbs-content":"","ast-featured-img":"","footer-sml-layout":"","theme-transparent-header-meta":"default","adv-header-id-meta":"","stick-header-meta":"","header-above-stick-meta":"","header-main-stick-meta":"","header-below-stick-meta":"","astra-migrate-meta-layouts":"set","ast-page-background-enabled":"default","ast-page-background-meta":{"desktop":{"background-color":"var(--ast-global-color-4)","background-image":"","background-repeat":"repeat","background-position":"center center","background-size":"auto","background-attachment":"scroll","background-type":"","background-media":"","overlay-type":"","overlay-color":"","overlay-opacity":"","overlay-gradient":""},"tablet":{"background-color":"","background-image":"","background-repeat":"repeat","background-position":"center center","background-size":"auto","background-attachment":"scroll","background-type":"","background-media":"","overlay-type":"","overlay-color":"","overlay-opacity":"","overlay-gradient":""},"mobile":{"background-color":"","background-image":"","background-repeat":"repeat","background-position":"center center","background-size":"auto","background-attachment":"scroll","background-type":"","background-media":"","overlay-type":"","overlay-color":"","overlay-opacity":"","overlay-gradient":""}},"ast-content-background-meta":{"desktop":{"background-color":"var(--ast-global-color-5)","background-image":"","background-repeat":"repeat","background-position":"center center","background-size":"auto","background-attachment":"scroll","background-type":"","background-media":"","overlay-type":"","overlay-color":"","overlay-opacity":"","overlay-gradient":""},"tablet":{"background-color":"var(--ast-global-color-5)","background-image":"","background-repeat":"repeat","background-position":"center center","background-size":"auto","background-attachment":"scroll","background-type":"","background-media":"","overlay-type":"","overlay-color":"","overlay-opacity":"","overlay-gradient":""},"mobile":{"background-color":"var(--ast-global-color-5)","background-image":"","background-repeat":"repeat","background-position":"center center","background-size":"auto","background-attachment":"scroll","background-type":"","background-media":"","overlay-type":"","overlay-color":"","overlay-opacity":"","overlay-gradient":""}}},"product_brand":[],"product_cat":[52,49],"product_tag":[200,197,199,198],"class_list":{"0":"post-10620","1":"product","2":"type-product","3":"status-publish","5":"product_cat-eiscreme-tk-fruechte","6":"product_cat-tiefkuehlung","7":"product_tag-creme","8":"product_tag-eis","9":"product_tag-eiscreme","10":"product_tag-ice","11":"desktop-align-left","12":"tablet-align-left","13":"mobile-align-left","15":"first","16":"instock","17":"taxable","18":"shipping-taxable","19":"purchasable","20":"product-type-simple"},"acf":[],"yoast_head":"<!-- This site is optimized with the Yoast SEO plugin v24.5 - https:\/\/yoast.com\/wordpress\/plugins\/seo\/ -->\n<title>Nuii Ice Cream &amp; Anatolian Pistachio 270ml - BringFlix<\/title>\n<meta name=\"robots\" content=\"index, follow, max-snippet:-1, max-image-preview:large, max-video-preview:-1\" \/>\n<link rel=\"canonical\" href=\"https:\/\/bringflix.shop\/en\/Produkte\/nuii-ice-cream-anatolian-pistachio-270ml\/\" \/>\n<meta property=\"og:locale\" content=\"en_US\" \/>\n<meta property=\"og:type\" content=\"article\" \/>\n<meta property=\"og:title\" content=\"Nuii Ice Cream &amp; Anatolian Pistachio 270ml - BringFlix\" \/>\n<meta property=\"og:description\" content=\"Zutaten Und Allergene: entrahmte MILCH, Glukose-Fruktose-Sirup, Zucker, Wasser, Sauerkirschen (7%), Glukosesirup, Kokosfett, Sauerkirschensaft aus Sauerkirschensaftkonzentrat (4%), Dextrose, eingedickte entrahmte MILCH, Invertzuckersirup, fettarmes Kakaopulver\u00b9 (1%), Kakaomasse\u00b9 (1%), Schwarzw\u00e4lder Kirschwasser (0,6%), MOLKENERZEUGNIS, Kakaobutter\u00b9 (0,3%), Stabilisatoren (Johannisbrotkernmehl, Guarkernmehl, Pektine, Tarakernmehl, Carrageen, Agar-Agar), Emulgatoren (Mono- und Diglyceride von Speisefetts\u00e4uren, Ammoniumphosphatide), Rote-Bete-Saftkonzentrat, VOLLMILCHPULVER, BUTTERFETT, S\u00e4ureregulator (Citronens\u00e4ure), nat\u00fcrliche Aromen (mit MILCH). Kann Ei, Haselnuss, Soja, Walnuss und Weizen enthalten. Enth\u00e4lt Alkohol: 0,2 % vol. \u00b9Rainforest Alliance-zertifiziert. N\u00e4hrwerte (je 100 g):    Energie 1.430 kJ   Energie 343 kcal   Fett 20 g   Fett, davon ges\u00e4ttigte Fetts\u00e4uren 11 g   Kohlenhydrate 35 g   Kohlenhydrate, davon Zucker 27 g   Ballaststoffe 0,8 g   Eiwei\u00df 5,6 g   Salz 0,35 g\" \/>\n<meta property=\"og:url\" content=\"https:\/\/bringflix.shop\/en\/Produkte\/nuii-ice-cream-anatolian-pistachio-270ml\/\" \/>\n<meta property=\"og:site_name\" content=\"BringFlix\" \/>\n<meta property=\"article:modified_time\" content=\"2026-03-12T18:00:09+00:00\" \/>\n<meta name=\"twitter:card\" content=\"summary_large_image\" \/>\n<meta name=\"twitter:label1\" content=\"Est. reading time\" \/>\n\t<meta name=\"twitter:data1\" content=\"1 minute\" \/>\n<script type=\"application\/ld+json\" class=\"yoast-schema-graph\">{\"@context\":\"https:\/\/schema.org\",\"@graph\":[{\"@type\":\"WebPage\",\"@id\":\"https:\/\/bringflix.shop\/Produkte\/nuii-ice-cream-anatolian-pistachio-270ml\/\",\"url\":\"https:\/\/bringflix.shop\/Produkte\/nuii-ice-cream-anatolian-pistachio-270ml\/\",\"name\":\"Nuii Ice Cream &amp; Anatolian Pistachio 270ml - BringFlix\",\"isPartOf\":{\"@id\":\"https:\/\/bringflix.shop\/#website\"},\"datePublished\":\"2026-03-12T17:44:36+00:00\",\"dateModified\":\"2026-03-12T18:00:09+00:00\",\"breadcrumb\":{\"@id\":\"https:\/\/bringflix.shop\/Produkte\/nuii-ice-cream-anatolian-pistachio-270ml\/#breadcrumb\"},\"inLanguage\":\"en-US\",\"potentialAction\":[{\"@type\":\"ReadAction\",\"target\":[\"https:\/\/bringflix.shop\/Produkte\/nuii-ice-cream-anatolian-pistachio-270ml\/\"]}]},{\"@type\":\"BreadcrumbList\",\"@id\":\"https:\/\/bringflix.shop\/Produkte\/nuii-ice-cream-anatolian-pistachio-270ml\/#breadcrumb\",\"itemListElement\":[{\"@type\":\"ListItem\",\"position\":1,\"name\":\"Home\",\"item\":\"https:\/\/bringflix.shop\/\"},{\"@type\":\"ListItem\",\"position\":2,\"name\":\"Shop\",\"item\":\"https:\/\/bringflix.shop\/shop\/\"},{\"@type\":\"ListItem\",\"position\":3,\"name\":\"Nuii Ice Cream &amp; Anatolian Pistachio 270ml\"}]},{\"@type\":\"WebSite\",\"@id\":\"https:\/\/bringflix.shop\/#website\",\"url\":\"https:\/\/bringflix.shop\/\",\"name\":\"BringFlix\",\"description\":\"\",\"publisher\":{\"@id\":\"https:\/\/bringflix.shop\/#organization\"},\"potentialAction\":[{\"@type\":\"SearchAction\",\"target\":{\"@type\":\"EntryPoint\",\"urlTemplate\":\"https:\/\/bringflix.shop\/?s={search_term_string}\"},\"query-input\":{\"@type\":\"PropertyValueSpecification\",\"valueRequired\":true,\"valueName\":\"search_term_string\"}}],\"inLanguage\":\"en-US\"},{\"@type\":\"Organization\",\"@id\":\"https:\/\/bringflix.shop\/#organization\",\"name\":\"BringFlix\",\"url\":\"https:\/\/bringflix.shop\/\",\"logo\":{\"@type\":\"ImageObject\",\"inLanguage\":\"en-US\",\"@id\":\"https:\/\/bringflix.shop\/#\/schema\/logo\/image\/\",\"url\":\"https:\/\/bringflix.shop\/wp-content\/uploads\/2024\/11\/logo-bring-flix.png\",\"contentUrl\":\"https:\/\/bringflix.shop\/wp-content\/uploads\/2024\/11\/logo-bring-flix.png\",\"width\":858,\"height\":316,\"caption\":\"BringFlix\"},\"image\":{\"@id\":\"https:\/\/bringflix.shop\/#\/schema\/logo\/image\/\"}}]}<\/script>\n<!-- \/ Yoast SEO plugin. -->","yoast_head_json":{"title":"Nuii Ice Cream &amp; Anatolian Pistachio 270ml - BringFlix","robots":{"index":"index","follow":"follow","max-snippet":"max-snippet:-1","max-image-preview":"max-image-preview:large","max-video-preview":"max-video-preview:-1"},"canonical":"https:\/\/bringflix.shop\/en\/Produkte\/nuii-ice-cream-anatolian-pistachio-270ml\/","og_locale":"en_US","og_type":"article","og_title":"Nuii Ice Cream &amp; Anatolian Pistachio 270ml - BringFlix","og_description":"Zutaten Und Allergene: entrahmte MILCH, Glukose-Fruktose-Sirup, Zucker, Wasser, Sauerkirschen (7%), Glukosesirup, Kokosfett, Sauerkirschensaft aus Sauerkirschensaftkonzentrat (4%), Dextrose, eingedickte entrahmte MILCH, Invertzuckersirup, fettarmes Kakaopulver\u00b9 (1%), Kakaomasse\u00b9 (1%), Schwarzw\u00e4lder Kirschwasser (0,6%), MOLKENERZEUGNIS, Kakaobutter\u00b9 (0,3%), Stabilisatoren (Johannisbrotkernmehl, Guarkernmehl, Pektine, Tarakernmehl, Carrageen, Agar-Agar), Emulgatoren (Mono- und Diglyceride von Speisefetts\u00e4uren, Ammoniumphosphatide), Rote-Bete-Saftkonzentrat, VOLLMILCHPULVER, BUTTERFETT, S\u00e4ureregulator (Citronens\u00e4ure), nat\u00fcrliche Aromen (mit MILCH). Kann Ei, Haselnuss, Soja, Walnuss und Weizen enthalten. Enth\u00e4lt Alkohol: 0,2 % vol. \u00b9Rainforest Alliance-zertifiziert. N\u00e4hrwerte (je 100 g):    Energie 1.430 kJ   Energie 343 kcal   Fett 20 g   Fett, davon ges\u00e4ttigte Fetts\u00e4uren 11 g   Kohlenhydrate 35 g   Kohlenhydrate, davon Zucker 27 g   Ballaststoffe 0,8 g   Eiwei\u00df 5,6 g   Salz 0,35 g","og_url":"https:\/\/bringflix.shop\/en\/Produkte\/nuii-ice-cream-anatolian-pistachio-270ml\/","og_site_name":"BringFlix","article_modified_time":"2026-03-12T18:00:09+00:00","twitter_card":"summary_large_image","twitter_misc":{"Est. reading time":"1 minute"},"schema":{"@context":"https:\/\/schema.org","@graph":[{"@type":"WebPage","@id":"https:\/\/bringflix.shop\/Produkte\/nuii-ice-cream-anatolian-pistachio-270ml\/","url":"https:\/\/bringflix.shop\/Produkte\/nuii-ice-cream-anatolian-pistachio-270ml\/","name":"Nuii Ice Cream &amp; Anatolian Pistachio 270ml - BringFlix","isPartOf":{"@id":"https:\/\/bringflix.shop\/#website"},"datePublished":"2026-03-12T17:44:36+00:00","dateModified":"2026-03-12T18:00:09+00:00","breadcrumb":{"@id":"https:\/\/bringflix.shop\/Produkte\/nuii-ice-cream-anatolian-pistachio-270ml\/#breadcrumb"},"inLanguage":"en-US","potentialAction":[{"@type":"ReadAction","target":["https:\/\/bringflix.shop\/Produkte\/nuii-ice-cream-anatolian-pistachio-270ml\/"]}]},{"@type":"BreadcrumbList","@id":"https:\/\/bringflix.shop\/Produkte\/nuii-ice-cream-anatolian-pistachio-270ml\/#breadcrumb","itemListElement":[{"@type":"ListItem","position":1,"name":"Home","item":"https:\/\/bringflix.shop\/"},{"@type":"ListItem","position":2,"name":"Shop","item":"https:\/\/bringflix.shop\/shop\/"},{"@type":"ListItem","position":3,"name":"Nuii Ice Cream &amp; Anatolian Pistachio 270ml"}]},{"@type":"WebSite","@id":"https:\/\/bringflix.shop\/#website","url":"https:\/\/bringflix.shop\/","name":"BringFlix","description":"","publisher":{"@id":"https:\/\/bringflix.shop\/#organization"},"potentialAction":[{"@type":"SearchAction","target":{"@type":"EntryPoint","urlTemplate":"https:\/\/bringflix.shop\/?s={search_term_string}"},"query-input":{"@type":"PropertyValueSpecification","valueRequired":true,"valueName":"search_term_string"}}],"inLanguage":"en-US"},{"@type":"Organization","@id":"https:\/\/bringflix.shop\/#organization","name":"BringFlix","url":"https:\/\/bringflix.shop\/","logo":{"@type":"ImageObject","inLanguage":"en-US","@id":"https:\/\/bringflix.shop\/#\/schema\/logo\/image\/","url":"https:\/\/bringflix.shop\/wp-content\/uploads\/2024\/11\/logo-bring-flix.png","contentUrl":"https:\/\/bringflix.shop\/wp-content\/uploads\/2024\/11\/logo-bring-flix.png","width":858,"height":316,"caption":"BringFlix"},"image":{"@id":"https:\/\/bringflix.shop\/#\/schema\/logo\/image\/"}}]}},"jetpack_sharing_enabled":true,"_links":{"self":[{"href":"https:\/\/bringflix.shop\/en\/wp-json\/wp\/v2\/product\/10620","targetHints":{"allow":["GET"]}}],"collection":[{"href":"https:\/\/bringflix.shop\/en\/wp-json\/wp\/v2\/product"}],"about":[{"href":"https:\/\/bringflix.shop\/en\/wp-json\/wp\/v2\/types\/product"}],"replies":[{"embeddable":true,"href":"https:\/\/bringflix.shop\/en\/wp-json\/wp\/v2\/comments?post=10620"}],"wp:attachment":[{"href":"https:\/\/bringflix.shop\/en\/wp-json\/wp\/v2\/media?parent=10620"}],"wp:term":[{"taxonomy":"product_brand","embeddable":true,"href":"https:\/\/bringflix.shop\/en\/wp-json\/wp\/v2\/product_brand?post=10620"},{"taxonomy":"product_cat","embeddable":true,"href":"https:\/\/bringflix.shop\/en\/wp-json\/wp\/v2\/product_cat?post=10620"},{"taxonomy":"product_tag","embeddable":true,"href":"https:\/\/bringflix.shop\/en\/wp-json\/wp\/v2\/product_tag?post=10620"}],"curies":[{"name":"wp","href":"https:\/\/api.w.org\/{rel}","templated":true}]}}