{"id":10610,"date":"2026-03-11T20:43:05","date_gmt":"2026-03-11T19:43:05","guid":{"rendered":"https:\/\/bringflix.shop\/?post_type=product&#038;p=10610"},"modified":"2026-04-19T01:20:04","modified_gmt":"2026-04-18T23:20:04","slug":"ben-jerrys-sunny-honey-home-465ml","status":"publish","type":"product","link":"https:\/\/bringflix.shop\/en\/Produkte\/ben-jerrys-sunny-honey-home-465ml\/","title":{"rendered":"Ben &amp; Jerry&#8217;s Sunny Honey Home 465ml"},"content":{"rendered":"<p><strong>Bezeichnung:<\/strong><\/p>\n<div class=\"pdpr-RegulatedProductName\">Eiscreme mit Zitronengeschmack mit Honig-Karamell-Sauce (8%) und Keksen mit Zitronengeschmack (8,5%).<\/div>\n<h3>Herkunft:<\/h3>\n<p>Niederlande<\/p>\n<h3>Konservierung und Lagerung:<\/h3>\n<p>Bei -18\u00b0C mindestens haltbar bis Ende: siehe Packungsaufdruck<\/p>\n<h3>Hersteller-\/Inverkehrbringer:<\/h3>\n<p>Magnum ICC Europe BV, Reguliersdwarsstraat 63, 1017BK Amsterdam, NL<\/p>","protected":false},"excerpt":{"rendered":"<h3><b>Zutaten Und <\/b>Allergene<b>:<\/b><\/h3>\n<p>RAHM (28%), Trinkwasser, konzentrierte MAGERMILCH, Zucker, WEIZENMEHL, Glukosesirup, EIGELB, Kokosfett, Honig (1%), MAGERMILCH, WEIZENST\u00c4RKE, BUTTERFETT, Stabilisatoren (Guarkernmehl, Carrageen), Speisesalz, nat\u00fcrliches Zitronenaroma, Emulgator (Lecithine), nat\u00fcrliches Zitronenaroma mit anderen nat\u00fcrlichen Aromen, Backtriebmittel (Natriumhydrogencarbonat). Kann Mandel, Haselnuss und Walnuss enthalten.Fairtrade-Zucker, -Honig mit Mengenausgleich. Gesamtanteil: 55% ohne Wasser und Molkereiprodukte(F).<\/p>\n<p>&nbsp;<\/p>\n<p>N\u00e4hrwerte:<\/p>\n<table class=\"pdsr-Table pdpr-NutritionTable\">\n<tbody>\n<tr class=\"pdsr-Table--Row\">\n<td class=\"pdsr-Table--Cell--Highlight\">Energie<\/td>\n<td>909 kJ<\/td>\n<\/tr>\n<tr class=\"pdsr-Table--Row\">\n<td class=\"pdsr-Table--Cell--Highlight\">Energie<\/td>\n<td>217 kcal<\/td>\n<\/tr>\n<tr class=\"pdsr-Table--Row\">\n<td class=\"pdsr-Table--Cell--Highlight\">Fett<\/td>\n<td>12 g<\/td>\n<\/tr>\n<tr class=\"pdsr-Table--Row\">\n<td class=\"pdsr-Table--Cell--Highlight\">Fett, davon ges\u00e4ttigte Fetts\u00e4uren<\/td>\n<td>8,2 g<\/td>\n<\/tr>\n<tr class=\"pdsr-Table--Row\">\n<td class=\"pdsr-Table--Cell--Highlight\">Kohlenhydrate<\/td>\n<td>24 g<\/td>\n<\/tr>\n<tr class=\"pdsr-Table--Row\">\n<td class=\"pdsr-Table--Cell--Highlight\">Kohlenhydrate, davon Zucker<\/td>\n<td>19 g<\/td>\n<\/tr>\n<tr class=\"pdsr-Table--Row\">\n<td class=\"pdsr-Table--Cell--Highlight\">Eiwei\u00df<\/td>\n<td>3,3 g<\/td>\n<\/tr>\n<tr class=\"pdsr-Table--Row\">\n<td class=\"pdsr-Table--Cell--Highlight\">Salz<\/td>\n<td>0,18 g<\/td>\n<\/tr>\n<\/tbody>\n<\/table>","protected":false},"featured_media":0,"comment_status":"open","ping_status":"closed","template":"","meta":{"_acf_changed":false,"inline_featured_image":false,"site-sidebar-layout":"default","site-content-layout":"","ast-site-content-layout":"default","site-content-style":"default","site-sidebar-style":"default","ast-global-header-display":"","ast-banner-title-visibility":"","ast-main-header-display":"","ast-hfb-above-header-display":"","ast-hfb-below-header-display":"","ast-hfb-mobile-header-display":"","site-post-title":"","ast-breadcrumbs-content":"","ast-featured-img":"","footer-sml-layout":"","theme-transparent-header-meta":"default","adv-header-id-meta":"","stick-header-meta":"","header-above-stick-meta":"","header-main-stick-meta":"","header-below-stick-meta":"","astra-migrate-meta-layouts":"set","ast-page-background-enabled":"default","ast-page-background-meta":{"desktop":{"background-color":"var(--ast-global-color-4)","background-image":"","background-repeat":"repeat","background-position":"center center","background-size":"auto","background-attachment":"scroll","background-type":"","background-media":"","overlay-type":"","overlay-color":"","overlay-opacity":"","overlay-gradient":""},"tablet":{"background-color":"","background-image":"","background-repeat":"repeat","background-position":"center center","background-size":"auto","background-attachment":"scroll","background-type":"","background-media":"","overlay-type":"","overlay-color":"","overlay-opacity":"","overlay-gradient":""},"mobile":{"background-color":"","background-image":"","background-repeat":"repeat","background-position":"center center","background-size":"auto","background-attachment":"scroll","background-type":"","background-media":"","overlay-type":"","overlay-color":"","overlay-opacity":"","overlay-gradient":""}},"ast-content-background-meta":{"desktop":{"background-color":"var(--ast-global-color-5)","background-image":"","background-repeat":"repeat","background-position":"center center","background-size":"auto","background-attachment":"scroll","background-type":"","background-media":"","overlay-type":"","overlay-color":"","overlay-opacity":"","overlay-gradient":""},"tablet":{"background-color":"var(--ast-global-color-5)","background-image":"","background-repeat":"repeat","background-position":"center center","background-size":"auto","background-attachment":"scroll","background-type":"","background-media":"","overlay-type":"","overlay-color":"","overlay-opacity":"","overlay-gradient":""},"mobile":{"background-color":"var(--ast-global-color-5)","background-image":"","background-repeat":"repeat","background-position":"center center","background-size":"auto","background-attachment":"scroll","background-type":"","background-media":"","overlay-type":"","overlay-color":"","overlay-opacity":"","overlay-gradient":""}}},"product_brand":[],"product_cat":[52,49],"product_tag":[200,197,199,198],"class_list":{"0":"post-10610","1":"product","2":"type-product","3":"status-publish","5":"product_cat-eiscreme-tk-fruechte","6":"product_cat-tiefkuehlung","7":"product_tag-creme","8":"product_tag-eis","9":"product_tag-eiscreme","10":"product_tag-ice","11":"desktop-align-left","12":"tablet-align-left","13":"mobile-align-left","15":"first","16":"instock","17":"featured","18":"taxable","19":"shipping-taxable","20":"purchasable","21":"product-type-simple"},"acf":[],"yoast_head":"<!-- This site is optimized with the Yoast SEO plugin v24.5 - https:\/\/yoast.com\/wordpress\/plugins\/seo\/ -->\n<title>Ben &amp; Jerry&#039;s Sunny Honey Home 465ml - BringFlix<\/title>\n<meta name=\"robots\" content=\"index, follow, max-snippet:-1, max-image-preview:large, max-video-preview:-1\" \/>\n<link rel=\"canonical\" href=\"https:\/\/bringflix.shop\/en\/Produkte\/ben-jerrys-sunny-honey-home-465ml\/\" \/>\n<meta property=\"og:locale\" content=\"en_US\" \/>\n<meta property=\"og:type\" content=\"article\" \/>\n<meta property=\"og:title\" content=\"Ben &amp; Jerry&#039;s Sunny Honey Home 465ml - BringFlix\" \/>\n<meta property=\"og:description\" content=\"Zutaten Und Allergene: RAHM (28%), Trinkwasser, konzentrierte MAGERMILCH, Zucker, WEIZENMEHL, Glukosesirup, EIGELB, Kokosfett, Honig (1%), MAGERMILCH, WEIZENST\u00c4RKE, BUTTERFETT, Stabilisatoren (Guarkernmehl, Carrageen), Speisesalz, nat\u00fcrliches Zitronenaroma, Emulgator (Lecithine), nat\u00fcrliches Zitronenaroma mit anderen nat\u00fcrlichen Aromen, Backtriebmittel (Natriumhydrogencarbonat). Kann Mandel, Haselnuss und Walnuss enthalten.Fairtrade-Zucker, -Honig mit Mengenausgleich. Gesamtanteil: 55% ohne Wasser und Molkereiprodukte(F).  &nbsp;  N\u00e4hrwerte:    Energie 909 kJ   Energie 217 kcal   Fett 12 g   Fett, davon ges\u00e4ttigte Fetts\u00e4uren 8,2 g   Kohlenhydrate 24 g   Kohlenhydrate, davon Zucker 19 g   Eiwei\u00df 3,3 g   Salz 0,18 g\" \/>\n<meta property=\"og:url\" content=\"https:\/\/bringflix.shop\/en\/Produkte\/ben-jerrys-sunny-honey-home-465ml\/\" \/>\n<meta property=\"og:site_name\" content=\"BringFlix\" \/>\n<meta property=\"article:modified_time\" content=\"2026-04-18T23:20:04+00:00\" \/>\n<meta name=\"twitter:card\" content=\"summary_large_image\" \/>\n<meta name=\"twitter:label1\" content=\"Est. reading time\" \/>\n\t<meta name=\"twitter:data1\" content=\"1 minute\" \/>\n<script type=\"application\/ld+json\" class=\"yoast-schema-graph\">{\"@context\":\"https:\/\/schema.org\",\"@graph\":[{\"@type\":\"WebPage\",\"@id\":\"https:\/\/bringflix.shop\/Produkte\/ben-jerrys-sunny-honey-home-465ml\/\",\"url\":\"https:\/\/bringflix.shop\/Produkte\/ben-jerrys-sunny-honey-home-465ml\/\",\"name\":\"Ben &amp; Jerry's Sunny Honey Home 465ml - BringFlix\",\"isPartOf\":{\"@id\":\"https:\/\/bringflix.shop\/#website\"},\"datePublished\":\"2026-03-11T19:43:05+00:00\",\"dateModified\":\"2026-04-18T23:20:04+00:00\",\"breadcrumb\":{\"@id\":\"https:\/\/bringflix.shop\/Produkte\/ben-jerrys-sunny-honey-home-465ml\/#breadcrumb\"},\"inLanguage\":\"en-US\",\"potentialAction\":[{\"@type\":\"ReadAction\",\"target\":[\"https:\/\/bringflix.shop\/Produkte\/ben-jerrys-sunny-honey-home-465ml\/\"]}]},{\"@type\":\"BreadcrumbList\",\"@id\":\"https:\/\/bringflix.shop\/Produkte\/ben-jerrys-sunny-honey-home-465ml\/#breadcrumb\",\"itemListElement\":[{\"@type\":\"ListItem\",\"position\":1,\"name\":\"Home\",\"item\":\"https:\/\/bringflix.shop\/\"},{\"@type\":\"ListItem\",\"position\":2,\"name\":\"Shop\",\"item\":\"https:\/\/bringflix.shop\/shop\/\"},{\"@type\":\"ListItem\",\"position\":3,\"name\":\"Ben &amp; Jerry&#8217;s Sunny Honey Home 465ml\"}]},{\"@type\":\"WebSite\",\"@id\":\"https:\/\/bringflix.shop\/#website\",\"url\":\"https:\/\/bringflix.shop\/\",\"name\":\"BringFlix\",\"description\":\"\",\"publisher\":{\"@id\":\"https:\/\/bringflix.shop\/#organization\"},\"potentialAction\":[{\"@type\":\"SearchAction\",\"target\":{\"@type\":\"EntryPoint\",\"urlTemplate\":\"https:\/\/bringflix.shop\/?s={search_term_string}\"},\"query-input\":{\"@type\":\"PropertyValueSpecification\",\"valueRequired\":true,\"valueName\":\"search_term_string\"}}],\"inLanguage\":\"en-US\"},{\"@type\":\"Organization\",\"@id\":\"https:\/\/bringflix.shop\/#organization\",\"name\":\"BringFlix\",\"url\":\"https:\/\/bringflix.shop\/\",\"logo\":{\"@type\":\"ImageObject\",\"inLanguage\":\"en-US\",\"@id\":\"https:\/\/bringflix.shop\/#\/schema\/logo\/image\/\",\"url\":\"https:\/\/bringflix.shop\/wp-content\/uploads\/2024\/11\/logo-bring-flix.png\",\"contentUrl\":\"https:\/\/bringflix.shop\/wp-content\/uploads\/2024\/11\/logo-bring-flix.png\",\"width\":858,\"height\":316,\"caption\":\"BringFlix\"},\"image\":{\"@id\":\"https:\/\/bringflix.shop\/#\/schema\/logo\/image\/\"}}]}<\/script>\n<!-- \/ Yoast SEO plugin. -->","yoast_head_json":{"title":"Ben &amp; Jerry's Sunny Honey Home 465ml - BringFlix","robots":{"index":"index","follow":"follow","max-snippet":"max-snippet:-1","max-image-preview":"max-image-preview:large","max-video-preview":"max-video-preview:-1"},"canonical":"https:\/\/bringflix.shop\/en\/Produkte\/ben-jerrys-sunny-honey-home-465ml\/","og_locale":"en_US","og_type":"article","og_title":"Ben &amp; Jerry's Sunny Honey Home 465ml - BringFlix","og_description":"Zutaten Und Allergene: RAHM (28%), Trinkwasser, konzentrierte MAGERMILCH, Zucker, WEIZENMEHL, Glukosesirup, EIGELB, Kokosfett, Honig (1%), MAGERMILCH, WEIZENST\u00c4RKE, BUTTERFETT, Stabilisatoren (Guarkernmehl, Carrageen), Speisesalz, nat\u00fcrliches Zitronenaroma, Emulgator (Lecithine), nat\u00fcrliches Zitronenaroma mit anderen nat\u00fcrlichen Aromen, Backtriebmittel (Natriumhydrogencarbonat). Kann Mandel, Haselnuss und Walnuss enthalten.Fairtrade-Zucker, -Honig mit Mengenausgleich. Gesamtanteil: 55% ohne Wasser und Molkereiprodukte(F).  &nbsp;  N\u00e4hrwerte:    Energie 909 kJ   Energie 217 kcal   Fett 12 g   Fett, davon ges\u00e4ttigte Fetts\u00e4uren 8,2 g   Kohlenhydrate 24 g   Kohlenhydrate, davon Zucker 19 g   Eiwei\u00df 3,3 g   Salz 0,18 g","og_url":"https:\/\/bringflix.shop\/en\/Produkte\/ben-jerrys-sunny-honey-home-465ml\/","og_site_name":"BringFlix","article_modified_time":"2026-04-18T23:20:04+00:00","twitter_card":"summary_large_image","twitter_misc":{"Est. reading time":"1 minute"},"schema":{"@context":"https:\/\/schema.org","@graph":[{"@type":"WebPage","@id":"https:\/\/bringflix.shop\/Produkte\/ben-jerrys-sunny-honey-home-465ml\/","url":"https:\/\/bringflix.shop\/Produkte\/ben-jerrys-sunny-honey-home-465ml\/","name":"Ben &amp; Jerry's Sunny Honey Home 465ml - BringFlix","isPartOf":{"@id":"https:\/\/bringflix.shop\/#website"},"datePublished":"2026-03-11T19:43:05+00:00","dateModified":"2026-04-18T23:20:04+00:00","breadcrumb":{"@id":"https:\/\/bringflix.shop\/Produkte\/ben-jerrys-sunny-honey-home-465ml\/#breadcrumb"},"inLanguage":"en-US","potentialAction":[{"@type":"ReadAction","target":["https:\/\/bringflix.shop\/Produkte\/ben-jerrys-sunny-honey-home-465ml\/"]}]},{"@type":"BreadcrumbList","@id":"https:\/\/bringflix.shop\/Produkte\/ben-jerrys-sunny-honey-home-465ml\/#breadcrumb","itemListElement":[{"@type":"ListItem","position":1,"name":"Home","item":"https:\/\/bringflix.shop\/"},{"@type":"ListItem","position":2,"name":"Shop","item":"https:\/\/bringflix.shop\/shop\/"},{"@type":"ListItem","position":3,"name":"Ben &amp; Jerry&#8217;s Sunny Honey Home 465ml"}]},{"@type":"WebSite","@id":"https:\/\/bringflix.shop\/#website","url":"https:\/\/bringflix.shop\/","name":"BringFlix","description":"","publisher":{"@id":"https:\/\/bringflix.shop\/#organization"},"potentialAction":[{"@type":"SearchAction","target":{"@type":"EntryPoint","urlTemplate":"https:\/\/bringflix.shop\/?s={search_term_string}"},"query-input":{"@type":"PropertyValueSpecification","valueRequired":true,"valueName":"search_term_string"}}],"inLanguage":"en-US"},{"@type":"Organization","@id":"https:\/\/bringflix.shop\/#organization","name":"BringFlix","url":"https:\/\/bringflix.shop\/","logo":{"@type":"ImageObject","inLanguage":"en-US","@id":"https:\/\/bringflix.shop\/#\/schema\/logo\/image\/","url":"https:\/\/bringflix.shop\/wp-content\/uploads\/2024\/11\/logo-bring-flix.png","contentUrl":"https:\/\/bringflix.shop\/wp-content\/uploads\/2024\/11\/logo-bring-flix.png","width":858,"height":316,"caption":"BringFlix"},"image":{"@id":"https:\/\/bringflix.shop\/#\/schema\/logo\/image\/"}}]}},"jetpack_sharing_enabled":true,"_links":{"self":[{"href":"https:\/\/bringflix.shop\/en\/wp-json\/wp\/v2\/product\/10610","targetHints":{"allow":["GET"]}}],"collection":[{"href":"https:\/\/bringflix.shop\/en\/wp-json\/wp\/v2\/product"}],"about":[{"href":"https:\/\/bringflix.shop\/en\/wp-json\/wp\/v2\/types\/product"}],"replies":[{"embeddable":true,"href":"https:\/\/bringflix.shop\/en\/wp-json\/wp\/v2\/comments?post=10610"}],"wp:attachment":[{"href":"https:\/\/bringflix.shop\/en\/wp-json\/wp\/v2\/media?parent=10610"}],"wp:term":[{"taxonomy":"product_brand","embeddable":true,"href":"https:\/\/bringflix.shop\/en\/wp-json\/wp\/v2\/product_brand?post=10610"},{"taxonomy":"product_cat","embeddable":true,"href":"https:\/\/bringflix.shop\/en\/wp-json\/wp\/v2\/product_cat?post=10610"},{"taxonomy":"product_tag","embeddable":true,"href":"https:\/\/bringflix.shop\/en\/wp-json\/wp\/v2\/product_tag?post=10610"}],"curies":[{"name":"wp","href":"https:\/\/api.w.org\/{rel}","templated":true}]}}