{"id":10567,"date":"2026-03-09T21:00:15","date_gmt":"2026-03-09T20:00:15","guid":{"rendered":"https:\/\/bringflix.shop\/?post_type=product&#038;p=10567"},"modified":"2026-04-19T16:06:32","modified_gmt":"2026-04-19T14:06:32","slug":"ritter-sport-nugat-100g","status":"publish","type":"product","link":"https:\/\/bringflix.shop\/en\/Produkte\/ritter-sport-nugat-100g\/","title":{"rendered":"Ritter Sport Nougat 100g"},"content":{"rendered":"<h3 id=\"docs-internal-guid-cceb6e5e-7fff-8b27-c8de-4b9b7a2f6827\" dir=\"ltr\" style=\"line-height: 1.3800000000000001;margin-top: 10pt;margin-bottom: 0pt\"><span style=\"font-size: 11pt;font-family: Calibri,sans-serif;color: #000000;background-color: transparent;font-weight: bold;font-style: normal;font-variant: normal;text-decoration: none;vertical-align: baseline\">Bezeichnung:<\/span><\/h3>\n<div class=\"pdpr-RegulatedProductName\">Gef\u00fcllte Vollmilchschokolade mit Nugat (42 %).<\/div>\n<h3 dir=\"ltr\" style=\"line-height: 1.3800000000000001;margin-top: 10pt;margin-bottom: 0pt\"><span style=\"font-size: 11pt;font-family: Calibri,sans-serif;color: #000000;background-color: transparent;font-weight: bold;font-style: normal;font-variant: normal;text-decoration: none;vertical-align: baseline\">Herkunft:<\/span><\/h3>\n<p dir=\"ltr\" style=\"line-height: 1.3800000000000001;margin-top: 0pt;margin-bottom: 10pt\"><span style=\"font-size: 11pt;font-family: Cambria,serif;color: #000000;background-color: transparent;font-weight: 400;font-style: normal;font-variant: normal;text-decoration: none;vertical-align: baseline\">Deutschland<\/span><\/p>\n<h3 id=\"docs-internal-guid-cc0da816-7fff-9eba-3aa6-59779c056d23\" dir=\"ltr\" style=\"line-height: 1.3800000000000001;margin-top: 10pt;margin-bottom: 0pt\"><span style=\"font-size: 11pt;font-family: Calibri,sans-serif;color: #000000;background-color: transparent;font-weight: bold;font-style: normal;font-variant: normal;text-decoration: none;vertical-align: baseline\">Konservierung und Lagerung:<\/span><\/h3>\n<p dir=\"ltr\" style=\"line-height: 1.3800000000000001;margin-top: 0pt;margin-bottom: 10pt\">Vor W\u00e4rme und Feuchtigkeit sch\u00fctzen.<\/p>\n<h3 dir=\"ltr\" style=\"line-height: 1.3800000000000001;margin-top: 10pt;margin-bottom: 0pt\"><span style=\"font-size: 11pt;font-family: Calibri,sans-serif;color: #000000;background-color: transparent;font-weight: bold;font-style: normal;font-variant: normal;text-decoration: none;vertical-align: baseline\">Hersteller-\/Inverkehrbringer:<\/span><\/h3>\n<p dir=\"ltr\" style=\"line-height: 1.3800000000000001;margin-top: 0pt;margin-bottom: 10pt\">Alfred Ritter GmbH &amp; Co. KG, D-71111 Waldenbuch, Deutschland<\/p>\n<p>&nbsp;<\/p>","protected":false},"excerpt":{"rendered":"<h3><b>Zutaten Und <\/b>Allergene<b>:<\/b><\/h3>\n<p dir=\"ltr\" style=\"line-height: 1.3800000000000001;margin-top: 0pt;margin-bottom: 10pt\">Zucker, HASELNUSSmasse (18 %), Kakaomasse\u00b9, Kakaobutter\u00b9, VollMILCHpulver, MagerMILCHpulver, LAKTOSE, BUTTERreinfett, Emulgator: Lecithine (SOJA). Kann enthalten: Erdn\u00fcsse, anderen Schalenfr\u00fcchte, glutenhaltige Getreide, Ei.<br \/>\n\u00b9Rainforest Alliance Certified.<\/p>\n<p><span style=\"font-size: 11pt;font-family: Calibri,sans-serif;color: #000000;background-color: transparent;font-weight: bold;font-style: normal;font-variant: normal;text-decoration: none;vertical-align: baseline\">N\u00e4hrwerte (je 100 g):<\/span><\/p>\n<div dir=\"ltr\" style=\"margin-left: 0pt\" align=\"left\">\n<table class=\"pdsr-Table pdpr-NutritionTable\">\n<tbody>\n<tr class=\"pdsr-Table--Row\">\n<td class=\"pdsr-Table--Cell--Highlight\">Energie<\/td>\n<td>2.303 kJ<\/td>\n<\/tr>\n<tr class=\"pdsr-Table--Row\">\n<td class=\"pdsr-Table--Cell--Highlight\">Energie<\/td>\n<td>552 kcal<\/td>\n<\/tr>\n<tr class=\"pdsr-Table--Row\">\n<td class=\"pdsr-Table--Cell--Highlight\">Fett<\/td>\n<td>33 g<\/td>\n<\/tr>\n<tr class=\"pdsr-Table--Row\">\n<td class=\"pdsr-Table--Cell--Highlight\">Fett, davon ges\u00e4ttigte Fetts\u00e4uren<\/td>\n<td>13 g<\/td>\n<\/tr>\n<tr class=\"pdsr-Table--Row\">\n<td class=\"pdsr-Table--Cell--Highlight\">Kohlenhydrate<\/td>\n<td>54 g<\/td>\n<\/tr>\n<tr class=\"pdsr-Table--Row\">\n<td class=\"pdsr-Table--Cell--Highlight\">Kohlenhydrate, davon Zucker<\/td>\n<td>51 g<\/td>\n<\/tr>\n<tr class=\"pdsr-Table--Row\">\n<td class=\"pdsr-Table--Cell--Highlight\">Eiwei\u00df<\/td>\n<td>7,3 g<\/td>\n<\/tr>\n<tr class=\"pdsr-Table--Row\">\n<td class=\"pdsr-Table--Cell--Highlight\">Salz<\/td>\n<td>0,12 g<\/td>\n<\/tr>\n<\/tbody>\n<\/table>\n<\/div>","protected":false},"featured_media":10588,"comment_status":"open","ping_status":"closed","template":"","meta":{"_acf_changed":false,"inline_featured_image":false,"site-sidebar-layout":"default","site-content-layout":"","ast-site-content-layout":"default","site-content-style":"default","site-sidebar-style":"default","ast-global-header-display":"","ast-banner-title-visibility":"","ast-main-header-display":"","ast-hfb-above-header-display":"","ast-hfb-below-header-display":"","ast-hfb-mobile-header-display":"","site-post-title":"","ast-breadcrumbs-content":"","ast-featured-img":"","footer-sml-layout":"","theme-transparent-header-meta":"default","adv-header-id-meta":"","stick-header-meta":"","header-above-stick-meta":"","header-main-stick-meta":"","header-below-stick-meta":"","astra-migrate-meta-layouts":"set","ast-page-background-enabled":"default","ast-page-background-meta":{"desktop":{"background-color":"var(--ast-global-color-4)","background-image":"","background-repeat":"repeat","background-position":"center center","background-size":"auto","background-attachment":"scroll","background-type":"","background-media":"","overlay-type":"","overlay-color":"","overlay-opacity":"","overlay-gradient":""},"tablet":{"background-color":"","background-image":"","background-repeat":"repeat","background-position":"center center","background-size":"auto","background-attachment":"scroll","background-type":"","background-media":"","overlay-type":"","overlay-color":"","overlay-opacity":"","overlay-gradient":""},"mobile":{"background-color":"","background-image":"","background-repeat":"repeat","background-position":"center center","background-size":"auto","background-attachment":"scroll","background-type":"","background-media":"","overlay-type":"","overlay-color":"","overlay-opacity":"","overlay-gradient":""}},"ast-content-background-meta":{"desktop":{"background-color":"var(--ast-global-color-5)","background-image":"","background-repeat":"repeat","background-position":"center center","background-size":"auto","background-attachment":"scroll","background-type":"","background-media":"","overlay-type":"","overlay-color":"","overlay-opacity":"","overlay-gradient":""},"tablet":{"background-color":"var(--ast-global-color-5)","background-image":"","background-repeat":"repeat","background-position":"center center","background-size":"auto","background-attachment":"scroll","background-type":"","background-media":"","overlay-type":"","overlay-color":"","overlay-opacity":"","overlay-gradient":""},"mobile":{"background-color":"var(--ast-global-color-5)","background-image":"","background-repeat":"repeat","background-position":"center center","background-size":"auto","background-attachment":"scroll","background-type":"","background-media":"","overlay-type":"","overlay-color":"","overlay-opacity":"","overlay-gradient":""}}},"product_brand":[],"product_cat":[40,39],"product_tag":[],"class_list":{"0":"post-10567","1":"product","2":"type-product","3":"status-publish","4":"has-post-thumbnail","6":"product_cat-schokolade","7":"product_cat-suesse-salzige-snacks","8":"desktop-align-left","9":"tablet-align-left","10":"mobile-align-left","12":"first","13":"instock","14":"taxable","15":"shipping-taxable","16":"purchasable","17":"product-type-simple"},"acf":[],"yoast_head":"<!-- This site is optimized with the Yoast SEO plugin v24.5 - https:\/\/yoast.com\/wordpress\/plugins\/seo\/ -->\n<title>Ritter Sport Nougat 100g - BringFlix<\/title>\n<meta name=\"robots\" content=\"index, follow, max-snippet:-1, max-image-preview:large, max-video-preview:-1\" \/>\n<link rel=\"canonical\" href=\"https:\/\/bringflix.shop\/en\/Produkte\/ritter-sport-nugat-100g\/\" \/>\n<meta property=\"og:locale\" content=\"en_US\" \/>\n<meta property=\"og:type\" content=\"article\" \/>\n<meta property=\"og:title\" content=\"Ritter Sport Nougat 100g - BringFlix\" \/>\n<meta property=\"og:description\" content=\"Zutaten Und Allergene: Zucker, HASELNUSSmasse (18 %), Kakaomasse\u00b9, Kakaobutter\u00b9, VollMILCHpulver, MagerMILCHpulver, LAKTOSE, BUTTERreinfett, Emulgator: Lecithine (SOJA). Kann enthalten: Erdn\u00fcsse, anderen Schalenfr\u00fcchte, glutenhaltige Getreide, Ei. \u00b9Rainforest Alliance Certified. N\u00e4hrwerte (je 100 g):     Energie 2.303 kJ   Energie 552 kcal   Fett 33 g   Fett, davon ges\u00e4ttigte Fetts\u00e4uren 13 g   Kohlenhydrate 54 g   Kohlenhydrate, davon Zucker 51 g   Eiwei\u00df 7,3 g   Salz 0,12 g\" \/>\n<meta property=\"og:url\" content=\"https:\/\/bringflix.shop\/en\/Produkte\/ritter-sport-nugat-100g\/\" \/>\n<meta property=\"og:site_name\" content=\"BringFlix\" \/>\n<meta property=\"article:modified_time\" content=\"2026-04-19T14:06:32+00:00\" \/>\n<meta property=\"og:image\" content=\"https:\/\/bringflix.shop\/wp-content\/uploads\/2026\/03\/1000122145.png\" \/>\n\t<meta property=\"og:image:width\" content=\"1000\" \/>\n\t<meta property=\"og:image:height\" content=\"1000\" \/>\n\t<meta property=\"og:image:type\" content=\"image\/png\" \/>\n<meta name=\"twitter:card\" content=\"summary_large_image\" \/>\n<meta name=\"twitter:label1\" content=\"Est. reading time\" \/>\n\t<meta name=\"twitter:data1\" content=\"1 minute\" \/>\n<script type=\"application\/ld+json\" class=\"yoast-schema-graph\">{\"@context\":\"https:\/\/schema.org\",\"@graph\":[{\"@type\":\"WebPage\",\"@id\":\"https:\/\/bringflix.shop\/Produkte\/ritter-sport-nugat-100g\/\",\"url\":\"https:\/\/bringflix.shop\/Produkte\/ritter-sport-nugat-100g\/\",\"name\":\"Ritter Sport Nougat 100g - BringFlix\",\"isPartOf\":{\"@id\":\"https:\/\/bringflix.shop\/#website\"},\"primaryImageOfPage\":{\"@id\":\"https:\/\/bringflix.shop\/Produkte\/ritter-sport-nugat-100g\/#primaryimage\"},\"image\":{\"@id\":\"https:\/\/bringflix.shop\/Produkte\/ritter-sport-nugat-100g\/#primaryimage\"},\"thumbnailUrl\":\"https:\/\/bringflix.shop\/wp-content\/uploads\/2026\/03\/1000122145.png\",\"datePublished\":\"2026-03-09T20:00:15+00:00\",\"dateModified\":\"2026-04-19T14:06:32+00:00\",\"breadcrumb\":{\"@id\":\"https:\/\/bringflix.shop\/Produkte\/ritter-sport-nugat-100g\/#breadcrumb\"},\"inLanguage\":\"en-US\",\"potentialAction\":[{\"@type\":\"ReadAction\",\"target\":[\"https:\/\/bringflix.shop\/Produkte\/ritter-sport-nugat-100g\/\"]}]},{\"@type\":\"ImageObject\",\"inLanguage\":\"en-US\",\"@id\":\"https:\/\/bringflix.shop\/Produkte\/ritter-sport-nugat-100g\/#primaryimage\",\"url\":\"https:\/\/bringflix.shop\/wp-content\/uploads\/2026\/03\/1000122145.png\",\"contentUrl\":\"https:\/\/bringflix.shop\/wp-content\/uploads\/2026\/03\/1000122145.png\",\"width\":1000,\"height\":1000},{\"@type\":\"BreadcrumbList\",\"@id\":\"https:\/\/bringflix.shop\/Produkte\/ritter-sport-nugat-100g\/#breadcrumb\",\"itemListElement\":[{\"@type\":\"ListItem\",\"position\":1,\"name\":\"Home\",\"item\":\"https:\/\/bringflix.shop\/\"},{\"@type\":\"ListItem\",\"position\":2,\"name\":\"Shop\",\"item\":\"https:\/\/bringflix.shop\/shop\/\"},{\"@type\":\"ListItem\",\"position\":3,\"name\":\"Ritter Sport Nougat 100g\"}]},{\"@type\":\"WebSite\",\"@id\":\"https:\/\/bringflix.shop\/#website\",\"url\":\"https:\/\/bringflix.shop\/\",\"name\":\"BringFlix\",\"description\":\"\",\"publisher\":{\"@id\":\"https:\/\/bringflix.shop\/#organization\"},\"potentialAction\":[{\"@type\":\"SearchAction\",\"target\":{\"@type\":\"EntryPoint\",\"urlTemplate\":\"https:\/\/bringflix.shop\/?s={search_term_string}\"},\"query-input\":{\"@type\":\"PropertyValueSpecification\",\"valueRequired\":true,\"valueName\":\"search_term_string\"}}],\"inLanguage\":\"en-US\"},{\"@type\":\"Organization\",\"@id\":\"https:\/\/bringflix.shop\/#organization\",\"name\":\"BringFlix\",\"url\":\"https:\/\/bringflix.shop\/\",\"logo\":{\"@type\":\"ImageObject\",\"inLanguage\":\"en-US\",\"@id\":\"https:\/\/bringflix.shop\/#\/schema\/logo\/image\/\",\"url\":\"https:\/\/bringflix.shop\/wp-content\/uploads\/2024\/11\/logo-bring-flix.png\",\"contentUrl\":\"https:\/\/bringflix.shop\/wp-content\/uploads\/2024\/11\/logo-bring-flix.png\",\"width\":858,\"height\":316,\"caption\":\"BringFlix\"},\"image\":{\"@id\":\"https:\/\/bringflix.shop\/#\/schema\/logo\/image\/\"}}]}<\/script>\n<!-- \/ Yoast SEO plugin. -->","yoast_head_json":{"title":"Ritter Sport Nougat 100g - BringFlix","robots":{"index":"index","follow":"follow","max-snippet":"max-snippet:-1","max-image-preview":"max-image-preview:large","max-video-preview":"max-video-preview:-1"},"canonical":"https:\/\/bringflix.shop\/en\/Produkte\/ritter-sport-nugat-100g\/","og_locale":"en_US","og_type":"article","og_title":"Ritter Sport Nougat 100g - BringFlix","og_description":"Zutaten Und Allergene: Zucker, HASELNUSSmasse (18 %), Kakaomasse\u00b9, Kakaobutter\u00b9, VollMILCHpulver, MagerMILCHpulver, LAKTOSE, BUTTERreinfett, Emulgator: Lecithine (SOJA). Kann enthalten: Erdn\u00fcsse, anderen Schalenfr\u00fcchte, glutenhaltige Getreide, Ei. \u00b9Rainforest Alliance Certified. N\u00e4hrwerte (je 100 g):     Energie 2.303 kJ   Energie 552 kcal   Fett 33 g   Fett, davon ges\u00e4ttigte Fetts\u00e4uren 13 g   Kohlenhydrate 54 g   Kohlenhydrate, davon Zucker 51 g   Eiwei\u00df 7,3 g   Salz 0,12 g","og_url":"https:\/\/bringflix.shop\/en\/Produkte\/ritter-sport-nugat-100g\/","og_site_name":"BringFlix","article_modified_time":"2026-04-19T14:06:32+00:00","og_image":[{"width":1000,"height":1000,"url":"https:\/\/bringflix.shop\/wp-content\/uploads\/2026\/03\/1000122145.png","type":"image\/png"}],"twitter_card":"summary_large_image","twitter_misc":{"Est. reading time":"1 minute"},"schema":{"@context":"https:\/\/schema.org","@graph":[{"@type":"WebPage","@id":"https:\/\/bringflix.shop\/Produkte\/ritter-sport-nugat-100g\/","url":"https:\/\/bringflix.shop\/Produkte\/ritter-sport-nugat-100g\/","name":"Ritter Sport Nougat 100g - BringFlix","isPartOf":{"@id":"https:\/\/bringflix.shop\/#website"},"primaryImageOfPage":{"@id":"https:\/\/bringflix.shop\/Produkte\/ritter-sport-nugat-100g\/#primaryimage"},"image":{"@id":"https:\/\/bringflix.shop\/Produkte\/ritter-sport-nugat-100g\/#primaryimage"},"thumbnailUrl":"https:\/\/bringflix.shop\/wp-content\/uploads\/2026\/03\/1000122145.png","datePublished":"2026-03-09T20:00:15+00:00","dateModified":"2026-04-19T14:06:32+00:00","breadcrumb":{"@id":"https:\/\/bringflix.shop\/Produkte\/ritter-sport-nugat-100g\/#breadcrumb"},"inLanguage":"en-US","potentialAction":[{"@type":"ReadAction","target":["https:\/\/bringflix.shop\/Produkte\/ritter-sport-nugat-100g\/"]}]},{"@type":"ImageObject","inLanguage":"en-US","@id":"https:\/\/bringflix.shop\/Produkte\/ritter-sport-nugat-100g\/#primaryimage","url":"https:\/\/bringflix.shop\/wp-content\/uploads\/2026\/03\/1000122145.png","contentUrl":"https:\/\/bringflix.shop\/wp-content\/uploads\/2026\/03\/1000122145.png","width":1000,"height":1000},{"@type":"BreadcrumbList","@id":"https:\/\/bringflix.shop\/Produkte\/ritter-sport-nugat-100g\/#breadcrumb","itemListElement":[{"@type":"ListItem","position":1,"name":"Home","item":"https:\/\/bringflix.shop\/"},{"@type":"ListItem","position":2,"name":"Shop","item":"https:\/\/bringflix.shop\/shop\/"},{"@type":"ListItem","position":3,"name":"Ritter Sport Nougat 100g"}]},{"@type":"WebSite","@id":"https:\/\/bringflix.shop\/#website","url":"https:\/\/bringflix.shop\/","name":"BringFlix","description":"","publisher":{"@id":"https:\/\/bringflix.shop\/#organization"},"potentialAction":[{"@type":"SearchAction","target":{"@type":"EntryPoint","urlTemplate":"https:\/\/bringflix.shop\/?s={search_term_string}"},"query-input":{"@type":"PropertyValueSpecification","valueRequired":true,"valueName":"search_term_string"}}],"inLanguage":"en-US"},{"@type":"Organization","@id":"https:\/\/bringflix.shop\/#organization","name":"BringFlix","url":"https:\/\/bringflix.shop\/","logo":{"@type":"ImageObject","inLanguage":"en-US","@id":"https:\/\/bringflix.shop\/#\/schema\/logo\/image\/","url":"https:\/\/bringflix.shop\/wp-content\/uploads\/2024\/11\/logo-bring-flix.png","contentUrl":"https:\/\/bringflix.shop\/wp-content\/uploads\/2024\/11\/logo-bring-flix.png","width":858,"height":316,"caption":"BringFlix"},"image":{"@id":"https:\/\/bringflix.shop\/#\/schema\/logo\/image\/"}}]}},"jetpack_sharing_enabled":true,"_links":{"self":[{"href":"https:\/\/bringflix.shop\/en\/wp-json\/wp\/v2\/product\/10567","targetHints":{"allow":["GET"]}}],"collection":[{"href":"https:\/\/bringflix.shop\/en\/wp-json\/wp\/v2\/product"}],"about":[{"href":"https:\/\/bringflix.shop\/en\/wp-json\/wp\/v2\/types\/product"}],"replies":[{"embeddable":true,"href":"https:\/\/bringflix.shop\/en\/wp-json\/wp\/v2\/comments?post=10567"}],"wp:featuredmedia":[{"embeddable":true,"href":"https:\/\/bringflix.shop\/en\/wp-json\/wp\/v2\/media\/10588"}],"wp:attachment":[{"href":"https:\/\/bringflix.shop\/en\/wp-json\/wp\/v2\/media?parent=10567"}],"wp:term":[{"taxonomy":"product_brand","embeddable":true,"href":"https:\/\/bringflix.shop\/en\/wp-json\/wp\/v2\/product_brand?post=10567"},{"taxonomy":"product_cat","embeddable":true,"href":"https:\/\/bringflix.shop\/en\/wp-json\/wp\/v2\/product_cat?post=10567"},{"taxonomy":"product_tag","embeddable":true,"href":"https:\/\/bringflix.shop\/en\/wp-json\/wp\/v2\/product_tag?post=10567"}],"curies":[{"name":"wp","href":"https:\/\/api.w.org\/{rel}","templated":true}]}}