{"id":10560,"date":"2026-03-09T19:39:10","date_gmt":"2026-03-09T18:39:10","guid":{"rendered":"https:\/\/bringflix.shop\/?post_type=product&#038;p=10560"},"modified":"2026-03-09T19:42:48","modified_gmt":"2026-03-09T18:42:48","slug":"esn-crank-energy-white-flavor-500ml-einweg","status":"publish","type":"product","link":"https:\/\/bringflix.shop\/en\/Produkte\/esn-crank-energy-white-flavor-500ml-einweg\/","title":{"rendered":"ESN Crank Energy White Flavor 500ml (EINWEG)"},"content":{"rendered":"<h3 id=\"docs-internal-guid-bcd06191-7fff-419b-8f0f-2a19510deb48\" dir=\"ltr\" style=\"line-height: 1.3800000000000001;margin-top: 10pt;margin-bottom: 0pt\">Bezeichnung:<\/h3>\n<div class=\"pdpr-RegulatedProductName\">\n<div class=\"pdpr-RegulatedProductName\">Energy Drink, koffeinhaltiges Erfrischungsgetr\u00e4nk. Mit S\u00fc\u00dfungsmitteln<\/div>\n<\/div>\n<h3 dir=\"ltr\" style=\"line-height: 1.3800000000000001;margin-top: 10pt;margin-bottom: 0pt\">Herkunft:<\/h3>\n<p dir=\"ltr\" style=\"line-height: 1.3800000000000001;margin-top: 0pt;margin-bottom: 10pt\">\u00d6sterreich<\/p>\n<h3>Konservierung und Lagerung:<\/h3>\n<p>Erh\u00f6hter Koffeingehalt. F\u00fcr Kinder und schwangere oder stillende Frauen nicht empfohlen (32 mg\/100 ml)<\/p>\n<h3 dir=\"ltr\" style=\"line-height: 1.3800000000000001;margin-top: 10pt;margin-bottom: 0pt\">Hersteller-\/Inverkehrbringer:<\/h3>\n<div class=\"pdpr-Attribute\">Fitmart GmbH &amp; Co.KG, Werner-von-Siemens-Stra\u00dfe 8 25337 Elmshorn<\/div>","protected":false},"excerpt":{"rendered":"<h3><b>Zutaten Und <\/b>Allergene<b>:<\/b><\/h3>\n<p dir=\"ltr\" style=\"line-height: 1.3800000000000001;margin-top: 0pt;margin-bottom: 10pt\">Wasser, S\u00e4uerungsmittel (Citronens\u00e4ure), Kohlens\u00e4ure, S\u00e4ureregulator (Trinatriumcitrat, Calciumlactat), Trikaliumcitrat, Magnesiumcarbonat, S\u00fc\u00dfungsmittel (Sucralose, Acesulfam K), Koffein, Antioxidationsmittel (Ascorbins\u00e4ure), Stabilisatoren (Gummi arabicum, Glycerinesther aus Wurzelharz), Inosit, Guarana-Extrakt, Aroma, Vitaminmischung (Pantothens\u00e4ure, Vitamin B6, Biotin, Vitamin B12).<\/p>\n<h3 dir=\"ltr\" style=\"line-height: 1.3800000000000001;margin-top: 10pt;margin-bottom: 0pt\">N\u00e4hrwerte (je 100 g):<\/h3>\n<table class=\"pdsr-Table  pdpr-NutritionTable\">\n<tbody>\n<tr class=\"pdsr-Table--Row\">\n<td class=\"pdsr-Table--Cell--Highlight\">Energie<\/td>\n<td>16 kJ<\/td>\n<\/tr>\n<tr class=\"pdsr-Table--Row\">\n<td class=\"pdsr-Table--Cell--Highlight\">Energie<\/td>\n<td>4 kcal<\/td>\n<\/tr>\n<tr class=\"pdsr-Table--Row\">\n<td class=\"pdsr-Table--Cell--Highlight\">Fett<\/td>\n<td>0 g<\/td>\n<\/tr>\n<tr class=\"pdsr-Table--Row\">\n<td class=\"pdsr-Table--Cell--Highlight\">Fett, davon ges\u00e4ttigte Fetts\u00e4uren<\/td>\n<td>0 g<\/td>\n<\/tr>\n<tr class=\"pdsr-Table--Row\">\n<td class=\"pdsr-Table--Cell--Highlight\">Kohlenhydrate<\/td>\n<td>0 g<\/td>\n<\/tr>\n<tr class=\"pdsr-Table--Row\">\n<td class=\"pdsr-Table--Cell--Highlight\">Kohlenhydrate, davon Zucker<\/td>\n<td>0 g<\/td>\n<\/tr>\n<tr class=\"pdsr-Table--Row\">\n<td class=\"pdsr-Table--Cell--Highlight\">Ballaststoffe<\/td>\n<td>0 g<\/td>\n<\/tr>\n<tr class=\"pdsr-Table--Row\">\n<td class=\"pdsr-Table--Cell--Highlight\">Eiwei\u00df<\/td>\n<td>0 g<\/td>\n<\/tr>\n<tr class=\"pdsr-Table--Row\">\n<td class=\"pdsr-Table--Cell--Highlight\">Salz<\/td>\n<td>0,15 g<\/td>\n<\/tr>\n<tr class=\"pdsr-Table--Row\">\n<td class=\"pdsr-Table--Cell--Highlight\">Biotin<\/td>\n<td>10 \u00b5g<\/td>\n<\/tr>\n<tr class=\"pdsr-Table--Row\">\n<td class=\"pdsr-Table--Cell--Highlight\">Pantothens\u00e4ure<\/td>\n<td>1,2 mg<\/td>\n<\/tr>\n<tr class=\"pdsr-Table--Row\">\n<td class=\"pdsr-Table--Cell--Highlight\">Kalium<\/td>\n<td>60 mg<\/td>\n<\/tr>\n<tr class=\"pdsr-Table--Row\">\n<td class=\"pdsr-Table--Cell--Highlight\">Magnesium<\/td>\n<td>11 mg<\/td>\n<\/tr>\n<tr class=\"pdsr-Table--Row\">\n<td class=\"pdsr-Table--Cell--Highlight\">Vitamin B6<\/td>\n<td>0,28 mg<\/td>\n<\/tr>\n<tr class=\"pdsr-Table--Row\">\n<td class=\"pdsr-Table--Cell--Highlight\">Vitamin B12<\/td>\n<td>0,5 \u00b5g<\/td>\n<\/tr>\n<\/tbody>\n<\/table>","protected":false},"featured_media":0,"comment_status":"open","ping_status":"closed","template":"","meta":{"_acf_changed":false,"inline_featured_image":false,"site-sidebar-layout":"default","site-content-layout":"","ast-site-content-layout":"default","site-content-style":"default","site-sidebar-style":"default","ast-global-header-display":"","ast-banner-title-visibility":"","ast-main-header-display":"","ast-hfb-above-header-display":"","ast-hfb-below-header-display":"","ast-hfb-mobile-header-display":"","site-post-title":"","ast-breadcrumbs-content":"","ast-featured-img":"","footer-sml-layout":"","theme-transparent-header-meta":"default","adv-header-id-meta":"","stick-header-meta":"","header-above-stick-meta":"","header-main-stick-meta":"","header-below-stick-meta":"","astra-migrate-meta-layouts":"set","ast-page-background-enabled":"default","ast-page-background-meta":{"desktop":{"background-color":"var(--ast-global-color-4)","background-image":"","background-repeat":"repeat","background-position":"center center","background-size":"auto","background-attachment":"scroll","background-type":"","background-media":"","overlay-type":"","overlay-color":"","overlay-opacity":"","overlay-gradient":""},"tablet":{"background-color":"","background-image":"","background-repeat":"repeat","background-position":"center center","background-size":"auto","background-attachment":"scroll","background-type":"","background-media":"","overlay-type":"","overlay-color":"","overlay-opacity":"","overlay-gradient":""},"mobile":{"background-color":"","background-image":"","background-repeat":"repeat","background-position":"center center","background-size":"auto","background-attachment":"scroll","background-type":"","background-media":"","overlay-type":"","overlay-color":"","overlay-opacity":"","overlay-gradient":""}},"ast-content-background-meta":{"desktop":{"background-color":"var(--ast-global-color-5)","background-image":"","background-repeat":"repeat","background-position":"center center","background-size":"auto","background-attachment":"scroll","background-type":"","background-media":"","overlay-type":"","overlay-color":"","overlay-opacity":"","overlay-gradient":""},"tablet":{"background-color":"var(--ast-global-color-5)","background-image":"","background-repeat":"repeat","background-position":"center center","background-size":"auto","background-attachment":"scroll","background-type":"","background-media":"","overlay-type":"","overlay-color":"","overlay-opacity":"","overlay-gradient":""},"mobile":{"background-color":"var(--ast-global-color-5)","background-image":"","background-repeat":"repeat","background-position":"center center","background-size":"auto","background-attachment":"scroll","background-type":"","background-media":"","overlay-type":"","overlay-color":"","overlay-opacity":"","overlay-gradient":""}}},"product_brand":[],"product_cat":[53,54],"product_tag":[],"class_list":{"0":"post-10560","1":"product","2":"type-product","3":"status-publish","5":"product_cat-getraenke","6":"product_cat-soft-drinks","7":"desktop-align-left","8":"tablet-align-left","9":"mobile-align-left","11":"first","12":"instock","13":"taxable","14":"shipping-taxable","15":"purchasable","16":"product-type-simple"},"acf":[],"yoast_head":"<!-- This site is optimized with the Yoast SEO plugin v24.5 - https:\/\/yoast.com\/wordpress\/plugins\/seo\/ -->\n<title>ESN Crank Energy White Flavor 500ml (EINWEG) - BringFlix<\/title>\n<meta name=\"robots\" content=\"index, follow, max-snippet:-1, max-image-preview:large, max-video-preview:-1\" \/>\n<link rel=\"canonical\" href=\"https:\/\/bringflix.shop\/en\/Produkte\/esn-crank-energy-white-flavor-500ml-einweg\/\" \/>\n<meta property=\"og:locale\" content=\"en_US\" \/>\n<meta property=\"og:type\" content=\"article\" \/>\n<meta property=\"og:title\" content=\"ESN Crank Energy White Flavor 500ml (EINWEG) - BringFlix\" \/>\n<meta property=\"og:description\" content=\"Zutaten Und Allergene: Wasser, S\u00e4uerungsmittel (Citronens\u00e4ure), Kohlens\u00e4ure, S\u00e4ureregulator (Trinatriumcitrat, Calciumlactat), Trikaliumcitrat, Magnesiumcarbonat, S\u00fc\u00dfungsmittel (Sucralose, Acesulfam K), Koffein, Antioxidationsmittel (Ascorbins\u00e4ure), Stabilisatoren (Gummi arabicum, Glycerinesther aus Wurzelharz), Inosit, Guarana-Extrakt, Aroma, Vitaminmischung (Pantothens\u00e4ure, Vitamin B6, Biotin, Vitamin B12).  N\u00e4hrwerte (je 100 g):    Energie 16 kJ   Energie 4 kcal   Fett 0 g   Fett, davon ges\u00e4ttigte Fetts\u00e4uren 0 g   Kohlenhydrate 0 g   Kohlenhydrate, davon Zucker 0 g   Ballaststoffe 0 g   Eiwei\u00df 0 g   Salz 0,15 g   Biotin 10 \u00b5g   Pantothens\u00e4ure 1,2 mg   Kalium 60 mg   Magnesium 11 mg   Vitamin B6 0,28 mg   Vitamin B12 0,5 \u00b5g\" \/>\n<meta property=\"og:url\" content=\"https:\/\/bringflix.shop\/en\/Produkte\/esn-crank-energy-white-flavor-500ml-einweg\/\" \/>\n<meta property=\"og:site_name\" content=\"BringFlix\" \/>\n<meta property=\"article:modified_time\" content=\"2026-03-09T18:42:48+00:00\" \/>\n<meta name=\"twitter:card\" content=\"summary_large_image\" \/>\n<meta name=\"twitter:label1\" content=\"Est. reading time\" \/>\n\t<meta name=\"twitter:data1\" content=\"1 minute\" \/>\n<script type=\"application\/ld+json\" class=\"yoast-schema-graph\">{\"@context\":\"https:\/\/schema.org\",\"@graph\":[{\"@type\":\"WebPage\",\"@id\":\"https:\/\/bringflix.shop\/Produkte\/esn-crank-energy-white-flavor-500ml-einweg\/\",\"url\":\"https:\/\/bringflix.shop\/Produkte\/esn-crank-energy-white-flavor-500ml-einweg\/\",\"name\":\"ESN Crank Energy White Flavor 500ml (EINWEG) - BringFlix\",\"isPartOf\":{\"@id\":\"https:\/\/bringflix.shop\/#website\"},\"datePublished\":\"2026-03-09T18:39:10+00:00\",\"dateModified\":\"2026-03-09T18:42:48+00:00\",\"breadcrumb\":{\"@id\":\"https:\/\/bringflix.shop\/Produkte\/esn-crank-energy-white-flavor-500ml-einweg\/#breadcrumb\"},\"inLanguage\":\"en-US\",\"potentialAction\":[{\"@type\":\"ReadAction\",\"target\":[\"https:\/\/bringflix.shop\/Produkte\/esn-crank-energy-white-flavor-500ml-einweg\/\"]}]},{\"@type\":\"BreadcrumbList\",\"@id\":\"https:\/\/bringflix.shop\/Produkte\/esn-crank-energy-white-flavor-500ml-einweg\/#breadcrumb\",\"itemListElement\":[{\"@type\":\"ListItem\",\"position\":1,\"name\":\"Home\",\"item\":\"https:\/\/bringflix.shop\/\"},{\"@type\":\"ListItem\",\"position\":2,\"name\":\"Shop\",\"item\":\"https:\/\/bringflix.shop\/shop\/\"},{\"@type\":\"ListItem\",\"position\":3,\"name\":\"ESN Crank Energy White Flavor 500ml (EINWEG)\"}]},{\"@type\":\"WebSite\",\"@id\":\"https:\/\/bringflix.shop\/#website\",\"url\":\"https:\/\/bringflix.shop\/\",\"name\":\"BringFlix\",\"description\":\"\",\"publisher\":{\"@id\":\"https:\/\/bringflix.shop\/#organization\"},\"potentialAction\":[{\"@type\":\"SearchAction\",\"target\":{\"@type\":\"EntryPoint\",\"urlTemplate\":\"https:\/\/bringflix.shop\/?s={search_term_string}\"},\"query-input\":{\"@type\":\"PropertyValueSpecification\",\"valueRequired\":true,\"valueName\":\"search_term_string\"}}],\"inLanguage\":\"en-US\"},{\"@type\":\"Organization\",\"@id\":\"https:\/\/bringflix.shop\/#organization\",\"name\":\"BringFlix\",\"url\":\"https:\/\/bringflix.shop\/\",\"logo\":{\"@type\":\"ImageObject\",\"inLanguage\":\"en-US\",\"@id\":\"https:\/\/bringflix.shop\/#\/schema\/logo\/image\/\",\"url\":\"https:\/\/bringflix.shop\/wp-content\/uploads\/2024\/11\/logo-bring-flix.png\",\"contentUrl\":\"https:\/\/bringflix.shop\/wp-content\/uploads\/2024\/11\/logo-bring-flix.png\",\"width\":858,\"height\":316,\"caption\":\"BringFlix\"},\"image\":{\"@id\":\"https:\/\/bringflix.shop\/#\/schema\/logo\/image\/\"}}]}<\/script>\n<!-- \/ Yoast SEO plugin. -->","yoast_head_json":{"title":"ESN Crank Energy White Flavor 500ml (EINWEG) - BringFlix","robots":{"index":"index","follow":"follow","max-snippet":"max-snippet:-1","max-image-preview":"max-image-preview:large","max-video-preview":"max-video-preview:-1"},"canonical":"https:\/\/bringflix.shop\/en\/Produkte\/esn-crank-energy-white-flavor-500ml-einweg\/","og_locale":"en_US","og_type":"article","og_title":"ESN Crank Energy White Flavor 500ml (EINWEG) - BringFlix","og_description":"Zutaten Und Allergene: Wasser, S\u00e4uerungsmittel (Citronens\u00e4ure), Kohlens\u00e4ure, S\u00e4ureregulator (Trinatriumcitrat, Calciumlactat), Trikaliumcitrat, Magnesiumcarbonat, S\u00fc\u00dfungsmittel (Sucralose, Acesulfam K), Koffein, Antioxidationsmittel (Ascorbins\u00e4ure), Stabilisatoren (Gummi arabicum, Glycerinesther aus Wurzelharz), Inosit, Guarana-Extrakt, Aroma, Vitaminmischung (Pantothens\u00e4ure, Vitamin B6, Biotin, Vitamin B12).  N\u00e4hrwerte (je 100 g):    Energie 16 kJ   Energie 4 kcal   Fett 0 g   Fett, davon ges\u00e4ttigte Fetts\u00e4uren 0 g   Kohlenhydrate 0 g   Kohlenhydrate, davon Zucker 0 g   Ballaststoffe 0 g   Eiwei\u00df 0 g   Salz 0,15 g   Biotin 10 \u00b5g   Pantothens\u00e4ure 1,2 mg   Kalium 60 mg   Magnesium 11 mg   Vitamin B6 0,28 mg   Vitamin B12 0,5 \u00b5g","og_url":"https:\/\/bringflix.shop\/en\/Produkte\/esn-crank-energy-white-flavor-500ml-einweg\/","og_site_name":"BringFlix","article_modified_time":"2026-03-09T18:42:48+00:00","twitter_card":"summary_large_image","twitter_misc":{"Est. reading time":"1 minute"},"schema":{"@context":"https:\/\/schema.org","@graph":[{"@type":"WebPage","@id":"https:\/\/bringflix.shop\/Produkte\/esn-crank-energy-white-flavor-500ml-einweg\/","url":"https:\/\/bringflix.shop\/Produkte\/esn-crank-energy-white-flavor-500ml-einweg\/","name":"ESN Crank Energy White Flavor 500ml (EINWEG) - BringFlix","isPartOf":{"@id":"https:\/\/bringflix.shop\/#website"},"datePublished":"2026-03-09T18:39:10+00:00","dateModified":"2026-03-09T18:42:48+00:00","breadcrumb":{"@id":"https:\/\/bringflix.shop\/Produkte\/esn-crank-energy-white-flavor-500ml-einweg\/#breadcrumb"},"inLanguage":"en-US","potentialAction":[{"@type":"ReadAction","target":["https:\/\/bringflix.shop\/Produkte\/esn-crank-energy-white-flavor-500ml-einweg\/"]}]},{"@type":"BreadcrumbList","@id":"https:\/\/bringflix.shop\/Produkte\/esn-crank-energy-white-flavor-500ml-einweg\/#breadcrumb","itemListElement":[{"@type":"ListItem","position":1,"name":"Home","item":"https:\/\/bringflix.shop\/"},{"@type":"ListItem","position":2,"name":"Shop","item":"https:\/\/bringflix.shop\/shop\/"},{"@type":"ListItem","position":3,"name":"ESN Crank Energy White Flavor 500ml (EINWEG)"}]},{"@type":"WebSite","@id":"https:\/\/bringflix.shop\/#website","url":"https:\/\/bringflix.shop\/","name":"BringFlix","description":"","publisher":{"@id":"https:\/\/bringflix.shop\/#organization"},"potentialAction":[{"@type":"SearchAction","target":{"@type":"EntryPoint","urlTemplate":"https:\/\/bringflix.shop\/?s={search_term_string}"},"query-input":{"@type":"PropertyValueSpecification","valueRequired":true,"valueName":"search_term_string"}}],"inLanguage":"en-US"},{"@type":"Organization","@id":"https:\/\/bringflix.shop\/#organization","name":"BringFlix","url":"https:\/\/bringflix.shop\/","logo":{"@type":"ImageObject","inLanguage":"en-US","@id":"https:\/\/bringflix.shop\/#\/schema\/logo\/image\/","url":"https:\/\/bringflix.shop\/wp-content\/uploads\/2024\/11\/logo-bring-flix.png","contentUrl":"https:\/\/bringflix.shop\/wp-content\/uploads\/2024\/11\/logo-bring-flix.png","width":858,"height":316,"caption":"BringFlix"},"image":{"@id":"https:\/\/bringflix.shop\/#\/schema\/logo\/image\/"}}]}},"jetpack_sharing_enabled":true,"_links":{"self":[{"href":"https:\/\/bringflix.shop\/en\/wp-json\/wp\/v2\/product\/10560","targetHints":{"allow":["GET"]}}],"collection":[{"href":"https:\/\/bringflix.shop\/en\/wp-json\/wp\/v2\/product"}],"about":[{"href":"https:\/\/bringflix.shop\/en\/wp-json\/wp\/v2\/types\/product"}],"replies":[{"embeddable":true,"href":"https:\/\/bringflix.shop\/en\/wp-json\/wp\/v2\/comments?post=10560"}],"wp:attachment":[{"href":"https:\/\/bringflix.shop\/en\/wp-json\/wp\/v2\/media?parent=10560"}],"wp:term":[{"taxonomy":"product_brand","embeddable":true,"href":"https:\/\/bringflix.shop\/en\/wp-json\/wp\/v2\/product_brand?post=10560"},{"taxonomy":"product_cat","embeddable":true,"href":"https:\/\/bringflix.shop\/en\/wp-json\/wp\/v2\/product_cat?post=10560"},{"taxonomy":"product_tag","embeddable":true,"href":"https:\/\/bringflix.shop\/en\/wp-json\/wp\/v2\/product_tag?post=10560"}],"curies":[{"name":"wp","href":"https:\/\/api.w.org\/{rel}","templated":true}]}}